{"id":85456,"date":"2025-06-05T09:53:48","date_gmt":"2025-06-05T07:53:48","guid":{"rendered":"https:\/\/magnetarmagnets.com\/?post_type=product&#038;p=85456"},"modified":"2026-04-04T20:52:12","modified_gmt":"2026-04-04T18:52:12","slug":"magneettikalastus-tarrasarja","status":"publish","type":"product","link":"https:\/\/magnetarmagnets.com\/fi\/shop\/magneettikalastus-tarrasarja\/","title":{"rendered":"Magneettikalastus Tarrasarja"},"content":{"rendered":"<h2>Tarrasetti Magnetarilta<\/h2>\n\nT\u00e4m\u00e4 setti sis\u00e4lt\u00e4\u00e4 kaksi erillist\u00e4 tarra-arkkia, joista toisessa n\u00e4kyy magneettikalastaja ja toisessa Magnetar-logo.\n\nTarroissa on suojakerros, joten niit\u00e4 voidaan k\u00e4ytt\u00e4\u00e4 sek\u00e4 sis\u00e4ll\u00e4 ett\u00e4 ulkona. Kaksi arkkia ovat vedenpit\u00e4vi\u00e4 ja sopivat monille erilaisille tasaisille ja puhtaille pinnoille.\n\n\n\n<strong>Tekniset tiedot:<\/strong>\n\n\n\n&#8211; 1 Magnetar-logo tarran koko 25 cm x 16,5 cm (eritt\u00e4in suuri!)\n\n&#8211; 1 Magnetar magneettikalastajan tarra 25 cm x 12,5 cm\n\n&#8211; Helppo kiinnitt\u00e4\u00e4\n\n&#8211; Transfer-tarra\n\n&#8211; Vedenpit\u00e4v\u00e4\n\n&#8211; V\u00e4ri: Valkoinen\n\n<h2>Tuunaus ajoneuvoosi!<\/h2>\n\nTee autostasi ainutlaatuinen ja t\u00e4yt\u00e4 se omaper\u00e4isyydell\u00e4 ja persoonallisuudella, jotta kaikki tiet\u00e4v\u00e4t, kuka siin\u00e4 on Magnetar-tarrojesi avulla!\n\n\n\nN\u00e4it\u00e4 tarroja voi k\u00e4ytt\u00e4\u00e4 erinomaisesti autotarroina. Esimerkiksi voit k\u00e4ytt\u00e4\u00e4 Magnetar-tarroja my\u00f6s moottoripy\u00f6r\u00e4ss\u00e4, skootterissa tai per\u00e4vaunussa. Autotarramme ovat laadukkaita ja kest\u00e4v\u00e4t kaikkia s\u00e4\u00e4olosuhteita.\n\n<h2>Kiinnit\u00e4 huomio ikkunatarroilla, konttitarralla &#8230;<\/h2>\n\nAuton lis\u00e4ksi on monia muitakin kauniita paikkoja, joissa Magnetar-tarrat sopivat hyvin. Mieti esimerkiksi talosi, varastosi tai ovellesi ikkunaa. Toinen paikka, jossa tarrojamme k\u00e4ytet\u00e4\u00e4n usein, on j\u00e4teastiat ja roskakorit. Tunnista nopeasti oma roskakorisi mukavalla harrastustarrallasi: <a href=\"https:\/\/magnetarmagnets.com\/\" target=\"_blank\" rel=\"noopener\">magneettikalastus<\/a>! N\u00e4m\u00e4 s\u00e4\u00e4nkest\u00e4v\u00e4t tarrat on helppo kiinnitt\u00e4\u00e4 kaikille tasaisille pinnoille. My\u00f6s kauniita sis\u00e4tiloissa ovissa tai kaapeissa, esimerkiksi.\n\n<h2>Alustan valinta ja kiinnitysvinkit<\/h2>\n\n<ol>\n\n  \t<li>Valitse aina tasainen\/sile\u00e4 pinta;<\/li>\n\n  \t<li>Puhdista pinta, jotta pinnalla ei ole p\u00f6ly\u00e4 tai rasvaa;<\/li>\n\n  \t<li>Karsi pinta kuivaksi;<\/li>\n\n  \t<li>Kiinnit\u00e4 tarra puhtaalle pinnalle;<\/li>\n\n  \t<li>Sility tarra sile\u00e4ksi (kovalla pahvilla tai kortilla, kuten pankkikortillasi);<\/li>\n\n  \t<li>Toista t\u00e4m\u00e4 useita kertoja ja tarkista, ettei ilmataskuja ole muodostunut. Jos on, poista ne;<\/li>\n\n  \t<li>Ved\u00e4 tarran taustapaperi diagonaalisesti ylh\u00e4\u00e4lt\u00e4 vasemmalta alhaalle oikealle pois;<\/li>\n\n  \t<li>Nauti lopputuloksesta!<\/li>\n\n<\/ol>","protected":false},"excerpt":{"rendered":"<p>T\u00e4m\u00e4 setti sis\u00e4lt\u00e4\u00e4 <strong>kaksi erillist\u00e4 tarra-arkkia<\/strong>. Magnetar\u00ae kala-logo ja magneettikalastaja kertovat kaikille, ett\u00e4 sin\u00e4 olet todellinen magneettikalastaja! <strong>Loistava lis\u00e4<\/strong> ajoneuvoosi, kylm\u00e4laukkuun, kotiin tai ty\u00f6paikalle &#8211; t\u00e4m\u00e4 Magnetar-tarra on painettu vinyylille UV-suojatuilla v\u00e4reill\u00e4, jotka takaavat <strong>kest\u00e4v\u00e4n ja hyv\u00e4nn\u00e4k\u00f6isen lopputuloksen<\/strong>. Lis\u00e4ksi <strong>pysyv\u00e4 liimapinta<\/strong> varmistaa, ett\u00e4 tarra pysyy paikoillaan.<\/p>\n","protected":false},"featured_media":71785,"comment_status":"open","ping_status":"closed","template":"","meta":{"_acf_changed":false,"inline_featured_image":false},"product_brand":[],"product_cat":[486,474],"product_tag":[],"class_list":{"0":"post-85456","1":"product","2":"type-product","3":"status-publish","4":"has-post-thumbnail","6":"product_cat-articoli-promozionali","7":"product_cat-attrezzatura","9":"first","10":"instock","11":"sale","12":"taxable","13":"shipping-taxable","14":"purchasable","15":"product-type-simple"},"acf":[],"yoast_head":"<!-- This site is optimized with the Yoast SEO plugin v27.3 - https:\/\/yoast.com\/product\/yoast-seo-wordpress\/ -->\n<title>Magneettikalastus Tarrasarja - Magnet fishing with a Magnetar fishing magnet<\/title>\n<meta name=\"description\" content=\"Magneettikalastus tarrasetti - R\u00e4\u00e4t\u00e4l\u00f6i Magnetarilla\" \/>\n<meta name=\"robots\" content=\"index, follow, max-snippet:-1, max-image-preview:large, max-video-preview:-1\" \/>\n<link rel=\"canonical\" href=\"https:\/\/magnetarmagnets.com\/fi\/shop\/magneettikalastus-tarrasarja\/\" \/>\n<meta property=\"og:locale\" content=\"fi_FI\" \/>\n<meta property=\"og:type\" content=\"article\" \/>\n<meta property=\"og:title\" content=\"Magneettikalastus Tarrasarja - Magnet fishing with a Magnetar fishing magnet\" \/>\n<meta property=\"og:description\" content=\"Magneettikalastus tarrasetti - R\u00e4\u00e4t\u00e4l\u00f6i Magnetarilla\" \/>\n<meta property=\"og:url\" content=\"https:\/\/magnetarmagnets.com\/fi\/shop\/magneettikalastus-tarrasarja\/\" \/>\n<meta property=\"og:site_name\" content=\"Magnet fishing with a Magnetar fishing magnet\" \/>\n<meta property=\"article:publisher\" content=\"https:\/\/www.facebook.com\/fishingmagnets\/\" \/>\n<meta property=\"article:modified_time\" content=\"2026-04-04T18:52:12+00:00\" \/>\n<meta property=\"og:image\" content=\"https:\/\/magnetarmagnets.com\/wp-content\/uploads\/2021\/04\/magnetar-car-sticker.jpg\" \/>\n\t<meta property=\"og:image:width\" content=\"1000\" \/>\n\t<meta property=\"og:image:height\" content=\"1000\" \/>\n\t<meta property=\"og:image:type\" content=\"image\/jpeg\" \/>\n<meta name=\"twitter:card\" content=\"summary_large_image\" \/>\n<meta name=\"twitter:label1\" content=\"Arvioitu lukuaika\" \/>\n\t<meta name=\"twitter:data1\" content=\"2 minuuttia\" \/>\n<script type=\"application\/ld+json\" class=\"yoast-schema-graph\">{\"@context\":\"https:\\\/\\\/schema.org\",\"@graph\":[{\"@type\":[\"WebPage\",\"ItemPage\"],\"@id\":\"https:\\\/\\\/magnetarmagnets.com\\\/fi\\\/shop\\\/magneettikalastus-tarrasarja\\\/\",\"url\":\"https:\\\/\\\/magnetarmagnets.com\\\/fi\\\/shop\\\/magneettikalastus-tarrasarja\\\/\",\"name\":\"Magneettikalastus Tarrasarja - Magnet fishing with a Magnetar fishing magnet\",\"isPartOf\":{\"@id\":\"https:\\\/\\\/magnetarmagnets.com\\\/fi\\\/#website\"},\"primaryImageOfPage\":{\"@id\":\"https:\\\/\\\/magnetarmagnets.com\\\/fi\\\/shop\\\/magneettikalastus-tarrasarja\\\/#primaryimage\"},\"image\":{\"@id\":\"https:\\\/\\\/magnetarmagnets.com\\\/fi\\\/shop\\\/magneettikalastus-tarrasarja\\\/#primaryimage\"},\"thumbnailUrl\":\"https:\\\/\\\/magnetarmagnets.com\\\/wp-content\\\/uploads\\\/2021\\\/04\\\/magnetar-car-sticker.jpg\",\"datePublished\":\"2025-06-05T07:53:48+00:00\",\"dateModified\":\"2026-04-04T18:52:12+00:00\",\"description\":\"Magneettikalastus tarrasetti - R\u00e4\u00e4t\u00e4l\u00f6i Magnetarilla\",\"breadcrumb\":{\"@id\":\"https:\\\/\\\/magnetarmagnets.com\\\/fi\\\/shop\\\/magneettikalastus-tarrasarja\\\/#breadcrumb\"},\"inLanguage\":\"fi\",\"potentialAction\":[{\"@type\":\"ReadAction\",\"target\":[\"https:\\\/\\\/magnetarmagnets.com\\\/fi\\\/shop\\\/magneettikalastus-tarrasarja\\\/\"]}]},{\"@type\":\"ImageObject\",\"inLanguage\":\"fi\",\"@id\":\"https:\\\/\\\/magnetarmagnets.com\\\/fi\\\/shop\\\/magneettikalastus-tarrasarja\\\/#primaryimage\",\"url\":\"https:\\\/\\\/magnetarmagnets.com\\\/wp-content\\\/uploads\\\/2021\\\/04\\\/magnetar-car-sticker.jpg\",\"contentUrl\":\"https:\\\/\\\/magnetarmagnets.com\\\/wp-content\\\/uploads\\\/2021\\\/04\\\/magnetar-car-sticker.jpg\",\"width\":1000,\"height\":1000,\"caption\":\"magnetar car sticker\"},{\"@type\":\"BreadcrumbList\",\"@id\":\"https:\\\/\\\/magnetarmagnets.com\\\/fi\\\/shop\\\/magneettikalastus-tarrasarja\\\/#breadcrumb\",\"itemListElement\":[{\"@type\":\"ListItem\",\"position\":1,\"name\":\"Home\",\"item\":\"https:\\\/\\\/magnetarmagnets.com\\\/fi\\\/\"},{\"@type\":\"ListItem\",\"position\":2,\"name\":\"Verkkokauppa\",\"item\":\"https:\\\/\\\/magnetarmagnets.com\\\/verkkokauppa\\\/\"},{\"@type\":\"ListItem\",\"position\":3,\"name\":\"All products\",\"item\":\"https:\\\/\\\/magnetarmagnets.com\\\/collections\\\/all-products\\\/\"},{\"@type\":\"ListItem\",\"position\":4,\"name\":\"Magneettikalastus Tarrasarja\"}]},{\"@type\":\"WebSite\",\"@id\":\"https:\\\/\\\/magnetarmagnets.com\\\/fi\\\/#website\",\"url\":\"https:\\\/\\\/magnetarmagnets.com\\\/fi\\\/\",\"name\":\"Magnet fishing with a Magnetar fishing magnet\",\"description\":\"Vahvat magneetit magneettikalastukseen\\n\\n\",\"publisher\":{\"@id\":\"https:\\\/\\\/magnetarmagnets.com\\\/fi\\\/#organization\"},\"potentialAction\":[{\"@type\":\"SearchAction\",\"target\":{\"@type\":\"EntryPoint\",\"urlTemplate\":\"https:\\\/\\\/magnetarmagnets.com\\\/fi\\\/?s={search_term_string}\"},\"query-input\":{\"@type\":\"PropertyValueSpecification\",\"valueRequired\":true,\"valueName\":\"search_term_string\"}}],\"inLanguage\":\"fi\"},{\"@type\":\"Organization\",\"@id\":\"https:\\\/\\\/magnetarmagnets.com\\\/fi\\\/#organization\",\"name\":\"Magnetar\",\"url\":\"https:\\\/\\\/magnetarmagnets.com\\\/fi\\\/\",\"logo\":{\"@type\":\"ImageObject\",\"inLanguage\":\"fi\",\"@id\":\"https:\\\/\\\/magnetarmagnets.com\\\/fi\\\/#\\\/schema\\\/logo\\\/image\\\/\",\"url\":\"https:\\\/\\\/magnetarmagnets.com\\\/wp-content\\\/uploads\\\/2025\\\/05\\\/Logo-03_PNG-Black-scaled.png\",\"contentUrl\":\"https:\\\/\\\/magnetarmagnets.com\\\/wp-content\\\/uploads\\\/2025\\\/05\\\/Logo-03_PNG-Black-scaled.png\",\"width\":2560,\"height\":1658,\"caption\":\"Magnetar\"},\"image\":{\"@id\":\"https:\\\/\\\/magnetarmagnets.com\\\/fi\\\/#\\\/schema\\\/logo\\\/image\\\/\"},\"sameAs\":[\"https:\\\/\\\/www.facebook.com\\\/fishingmagnets\\\/\",\"https:\\\/\\\/www.instagram.com\\\/magnetar_magnets\\\/\",\"https:\\\/\\\/www.linkedin.com\\\/company\\\/magnetarbv\\\/?originalSubdomain=nl\",\"https:\\\/\\\/www.youtube.com\\\/c\\\/MagnetarVismagneet\"]}]}<\/script>\n<!-- \/ Yoast SEO plugin. -->","yoast_head_json":{"title":"Magneettikalastus Tarrasarja - Magnet fishing with a Magnetar fishing magnet","description":"Magneettikalastus tarrasetti - R\u00e4\u00e4t\u00e4l\u00f6i Magnetarilla","robots":{"index":"index","follow":"follow","max-snippet":"max-snippet:-1","max-image-preview":"max-image-preview:large","max-video-preview":"max-video-preview:-1"},"canonical":"https:\/\/magnetarmagnets.com\/fi\/shop\/magneettikalastus-tarrasarja\/","og_locale":"fi_FI","og_type":"article","og_title":"Magneettikalastus Tarrasarja - Magnet fishing with a Magnetar fishing magnet","og_description":"Magneettikalastus tarrasetti - R\u00e4\u00e4t\u00e4l\u00f6i Magnetarilla","og_url":"https:\/\/magnetarmagnets.com\/fi\/shop\/magneettikalastus-tarrasarja\/","og_site_name":"Magnet fishing with a Magnetar fishing magnet","article_publisher":"https:\/\/www.facebook.com\/fishingmagnets\/","article_modified_time":"2026-04-04T18:52:12+00:00","og_image":[{"width":1000,"height":1000,"url":"https:\/\/magnetarmagnets.com\/wp-content\/uploads\/2021\/04\/magnetar-car-sticker.jpg","type":"image\/jpeg"}],"twitter_card":"summary_large_image","twitter_misc":{"Arvioitu lukuaika":"2 minuuttia"},"schema":{"@context":"https:\/\/schema.org","@graph":[{"@type":["WebPage","ItemPage"],"@id":"https:\/\/magnetarmagnets.com\/fi\/shop\/magneettikalastus-tarrasarja\/","url":"https:\/\/magnetarmagnets.com\/fi\/shop\/magneettikalastus-tarrasarja\/","name":"Magneettikalastus Tarrasarja - Magnet fishing with a Magnetar fishing magnet","isPartOf":{"@id":"https:\/\/magnetarmagnets.com\/fi\/#website"},"primaryImageOfPage":{"@id":"https:\/\/magnetarmagnets.com\/fi\/shop\/magneettikalastus-tarrasarja\/#primaryimage"},"image":{"@id":"https:\/\/magnetarmagnets.com\/fi\/shop\/magneettikalastus-tarrasarja\/#primaryimage"},"thumbnailUrl":"https:\/\/magnetarmagnets.com\/wp-content\/uploads\/2021\/04\/magnetar-car-sticker.jpg","datePublished":"2025-06-05T07:53:48+00:00","dateModified":"2026-04-04T18:52:12+00:00","description":"Magneettikalastus tarrasetti - R\u00e4\u00e4t\u00e4l\u00f6i Magnetarilla","breadcrumb":{"@id":"https:\/\/magnetarmagnets.com\/fi\/shop\/magneettikalastus-tarrasarja\/#breadcrumb"},"inLanguage":"fi","potentialAction":[{"@type":"ReadAction","target":["https:\/\/magnetarmagnets.com\/fi\/shop\/magneettikalastus-tarrasarja\/"]}]},{"@type":"ImageObject","inLanguage":"fi","@id":"https:\/\/magnetarmagnets.com\/fi\/shop\/magneettikalastus-tarrasarja\/#primaryimage","url":"https:\/\/magnetarmagnets.com\/wp-content\/uploads\/2021\/04\/magnetar-car-sticker.jpg","contentUrl":"https:\/\/magnetarmagnets.com\/wp-content\/uploads\/2021\/04\/magnetar-car-sticker.jpg","width":1000,"height":1000,"caption":"magnetar car sticker"},{"@type":"BreadcrumbList","@id":"https:\/\/magnetarmagnets.com\/fi\/shop\/magneettikalastus-tarrasarja\/#breadcrumb","itemListElement":[{"@type":"ListItem","position":1,"name":"Home","item":"https:\/\/magnetarmagnets.com\/fi\/"},{"@type":"ListItem","position":2,"name":"Verkkokauppa","item":"https:\/\/magnetarmagnets.com\/verkkokauppa\/"},{"@type":"ListItem","position":3,"name":"All products","item":"https:\/\/magnetarmagnets.com\/collections\/all-products\/"},{"@type":"ListItem","position":4,"name":"Magneettikalastus Tarrasarja"}]},{"@type":"WebSite","@id":"https:\/\/magnetarmagnets.com\/fi\/#website","url":"https:\/\/magnetarmagnets.com\/fi\/","name":"Magnet fishing with a Magnetar fishing magnet","description":"Vahvat magneetit magneettikalastukseen\n\n","publisher":{"@id":"https:\/\/magnetarmagnets.com\/fi\/#organization"},"potentialAction":[{"@type":"SearchAction","target":{"@type":"EntryPoint","urlTemplate":"https:\/\/magnetarmagnets.com\/fi\/?s={search_term_string}"},"query-input":{"@type":"PropertyValueSpecification","valueRequired":true,"valueName":"search_term_string"}}],"inLanguage":"fi"},{"@type":"Organization","@id":"https:\/\/magnetarmagnets.com\/fi\/#organization","name":"Magnetar","url":"https:\/\/magnetarmagnets.com\/fi\/","logo":{"@type":"ImageObject","inLanguage":"fi","@id":"https:\/\/magnetarmagnets.com\/fi\/#\/schema\/logo\/image\/","url":"https:\/\/magnetarmagnets.com\/wp-content\/uploads\/2025\/05\/Logo-03_PNG-Black-scaled.png","contentUrl":"https:\/\/magnetarmagnets.com\/wp-content\/uploads\/2025\/05\/Logo-03_PNG-Black-scaled.png","width":2560,"height":1658,"caption":"Magnetar"},"image":{"@id":"https:\/\/magnetarmagnets.com\/fi\/#\/schema\/logo\/image\/"},"sameAs":["https:\/\/www.facebook.com\/fishingmagnets\/","https:\/\/www.instagram.com\/magnetar_magnets\/","https:\/\/www.linkedin.com\/company\/magnetarbv\/?originalSubdomain=nl","https:\/\/www.youtube.com\/c\/MagnetarVismagneet"]}]}},"_links":{"self":[{"href":"https:\/\/magnetarmagnets.com\/fi\/wp-json\/wp\/v2\/product\/85456","targetHints":{"allow":["GET"]}}],"collection":[{"href":"https:\/\/magnetarmagnets.com\/fi\/wp-json\/wp\/v2\/product"}],"about":[{"href":"https:\/\/magnetarmagnets.com\/fi\/wp-json\/wp\/v2\/types\/product"}],"replies":[{"embeddable":true,"href":"https:\/\/magnetarmagnets.com\/fi\/wp-json\/wp\/v2\/comments?post=85456"}],"version-history":[{"count":1,"href":"https:\/\/magnetarmagnets.com\/fi\/wp-json\/wp\/v2\/product\/85456\/revisions"}],"predecessor-version":[{"id":95399,"href":"https:\/\/magnetarmagnets.com\/fi\/wp-json\/wp\/v2\/product\/85456\/revisions\/95399"}],"wp:featuredmedia":[{"embeddable":true,"href":"https:\/\/magnetarmagnets.com\/fi\/wp-json\/wp\/v2\/media\/71785"}],"wp:attachment":[{"href":"https:\/\/magnetarmagnets.com\/fi\/wp-json\/wp\/v2\/media?parent=85456"}],"wp:term":[{"taxonomy":"product_brand","embeddable":true,"href":"https:\/\/magnetarmagnets.com\/fi\/wp-json\/wp\/v2\/product_brand?post=85456"},{"taxonomy":"product_cat","embeddable":true,"href":"https:\/\/magnetarmagnets.com\/fi\/wp-json\/wp\/v2\/product_cat?post=85456"},{"taxonomy":"product_tag","embeddable":true,"href":"https:\/\/magnetarmagnets.com\/fi\/wp-json\/wp\/v2\/product_tag?post=85456"}],"curies":[{"name":"wp","href":"https:\/\/api.w.org\/{rel}","templated":true}]}}