{"id":85453,"date":"2025-06-05T09:54:17","date_gmt":"2025-06-05T07:54:17","guid":{"rendered":"https:\/\/magnetarmagnets.com\/?post_type=product&#038;p=85453"},"modified":"2026-04-28T06:38:53","modified_gmt":"2026-04-28T04:38:53","slug":"legend-paketti-1400-kg-beast-allround-360","status":"publish","type":"product","link":"https:\/\/magnetarmagnets.com\/fi\/shop\/legend-paketti-1400-kg-beast-allround-360\/","title":{"rendered":"Legend-paketti &#8211; 1400 kg &#8211; Beast &#8211; Allround 360\u00b0"},"content":{"rendered":"<b>Oletko legendaarinen magneettikalastaja?<\/b> Tai haluatko tulla legendaksi? Legendaari Paketimme <a href=\"https:\/\/magnetarmagnets.com\/shop\/legend-package\/\" target=\"_blank\" rel=\"noopener\">Legend Package<\/a> on oikea valinta ja sis\u00e4lt\u00e4\u00e4 kaiken, mit\u00e4 tarvitset aloittaaksesi (ja hy\u00f6ty\u00e4ksesi pakettialennuksista!). T\u00e4m\u00e4 paketti sis\u00e4lt\u00e4\u00e4 Beast allround 360\u00b0 kalastusmagneatin. Pakettiin kuuluu my\u00f6s vahva 10 mm k\u00f6ysi karabiinilla, pari vedenpit\u00e4vi\u00e4 k\u00e4sineit\u00e4, Legend-suojakansi, liimaa ja suurekokoinen ruostumattomasta ter\u00e4ksest\u00e4 valmistettu koukku. Haluatko edet\u00e4? Katso my\u00f6s <a href=\"https:\/\/magnetarmagnets.com\/shop\/warrior-package\/\" target=\"_blank\" rel=\"noopener\">Warrior Package<\/a>!\n\n<h2><b>Beast neodyymikalastusmagneetti<\/b><\/h2>\n\nPositiiviset palautteet <a href=\"https:\/\/magnetarmagnets.com\/shop\/hardcore-magnet-2\/\" target=\"_blank\" rel=\"noopener\">Hardcore<\/a> ja <a href=\"https:\/\/magnetarmagnets.com\/shop\/exclusive-terror-magnet\/\" target=\"_blank\" rel=\"noopener\">Terror<\/a> magneeteistamme innoittivat meit\u00e4 kehitt\u00e4m\u00e4\u00e4n uuden supervoiman, Beastin! Beast on viel\u00e4 voimakkaampi kuin Hardcore- ja Terror-magneettimme, se ei ole vain vahva, se on PEDON vahvuista. Beast kalastusmagneetti on tunnetun Terror-magneetin suurempi seuraaja. Koska magneetti on painavampi, se uppoaa syvemm\u00e4lle mutaan ja liejuun, mahdollistaen syvemm\u00e4ll\u00e4 ja vaikeammin l\u00f6ydett\u00e4vien kohteiden l\u00f6yt\u00e4misen.\n\n\n\nBeast on monipuolinen kalastusmagneetti, jonka magneettinen vetovoima on noin 350 kg kummallakin puolella. Valmistettu 100 % neodyymist\u00e4, vahvimmasta pysyv\u00e4st\u00e4 harvinaismaametallimagneetista, Beast tarjoaa optimaalisen mahdollisuuden noutaa metalliesineit\u00e4 l\u00e4hell\u00e4 ja kaukana.\n\n<h2><b>Oletko valmis kokeilemaan Beastia?<\/b><\/h2>\n\nMagneetin nimi kertoo kaiken\u2014t\u00e4m\u00e4 magneetti on todellinen peto! Beast kalastusmagneetilla on 360\u00b0 magneettinen vetovoima, yhteens\u00e4 1400 kg, ja se on yksi <a href=\"https:\/\/magnetarmagnets.com\/\" target=\"_blank\" rel=\"noopener\">tarjoamistamme tehokkaimmista kalastusmagneeteista<\/a>. Esineet tarttuvat magneetin joka puolelle kaikissa vedenalaisissa olosuhteissa (mutta my\u00f6s liejussa, virtauksessa, kivill\u00e4) eik\u00e4 se tartu tiukasti kiviin. T\u00e4t\u00e4 magneettia on suunniteltu edistyneille magneettikalastajille, ja se vaatii erityist\u00e4 huomiota ja varovaisuutta.\n\n\n\nBeast on tarkoitettu kokeneille petomaisille magneettikalastajille. T\u00e4m\u00e4 magneetti on niin voimakas, ett\u00e4 se liikkuu veden alla ja etsii esineit\u00e4 itsen\u00e4isesti. Magneetti on niin painava, ett\u00e4 se kaivaa mutaa ja ylt\u00e4\u00e4 kaikkein syvimp\u00e4\u00e4n, vanhimpaan ja piilotetuimpaan aarteeseen. P\u00e4ivit\u00e4 varusteesi l\u00f6yt\u00e4\u00e4ksesi raskaimmat aarteet, kuten suuret kassakaapit, aseet, auton osat, skootterit, s\u00e4hk\u00f6py\u00f6r\u00e4t ja paljon muuta.\n\n<h2><b>Magneetin evoluutio<\/b><\/h2>\n\nMonilla magneeteilla on vetovoima vain yhdell\u00e4 puolella, t\u00e4m\u00e4 yksipuolinen magneetti on klassinen kalastusmagneetti. Magnetar oli ensimm\u00e4inen yritys kehitt\u00e4m\u00e4\u00e4n t\u00e4m\u00e4 klassinen malli kaksipuoliseksi magneetiksi. Vuonna 2016 Magnetar kehitti allround kalastusmagneetin, jolla on 360\u00b0 magneettinen vetovoima. EU:n magneettikalastajat ovat siit\u00e4 l\u00e4htien suosineet 100 % neodyymimagneettejamme, tehden meist\u00e4 Euroopan ykk\u00f6stoimittajan. Magneettimme valmistetaan korkeimmalla laadulla, designilla ja huolellisuudella pienen magneettikalastusharrastajien tiimin toimesta. Asiakkaamme palaavat luoksemme, koska Magnetar tarjoaa enemm\u00e4n kuin pelk\u00e4n magneetin \u2014 saat aarteita.\n\n<h2><strong>Tehokas 360\u00b0 vetovoima<\/strong><\/h2>\n\nBeast on yksi tarjoamistamme voimakkaimmista magneeteista, jonka vetovoima on jopa 1400 kg. Beastin vetovoima on voimakas ja se houkuttelee esineit\u00e4 koko ymp\u00e4r\u00f6iv\u00e4st\u00e4 alueesta, toisin kuin ter\u00e4skuoreen k\u00e4\u00e4ritty yksipuolinen magneetti, joka vet\u00e4\u00e4 vain yhteen suuntaan. Haluatko tiet\u00e4\u00e4, miten mittaamme vetovoiman? <a href=\"https:\/\/www.youtube.com\/watch?v=2McW3RURDxs\" target=\"_blank\" rel=\"noopener\">Katso videomme vetovoimamittauksista<\/a>.\n\n<h2><b>Korkea laatu<\/b><\/h2>\n\nKalastusmagneettimme ovat valmistettu 100 % neodyymist\u00e4. Magnetar-magneetit s\u00e4ilytt\u00e4v\u00e4t magneettisen vetovoimansa vuosikymmenien ajan, menett\u00e4en vain 1 % sadassa vuodessa (oikean s\u00e4ilytyksen ja k\u00e4yt\u00f6n yhteydess\u00e4).\n\n\n\nSuurin osa muista magneettitoimittajista menett\u00e4\u00e4 vetovoimansa muutamassa viikossa. Viime vuosina olemme huomanneet markkinoilla yh\u00e4 enemm\u00e4n heikkolaatuisia magneetteja: suurempia, mutta heikommalla vetovoimalla, huonolaatuista neodyymi\u00e4 sek\u00e4 harhaanjohtavaa markkinointia. Edullisemman magneetin ostaminen suurelta konsernilta voi johtaa pettymykseen, vaikkei hinta olisi suuri.\n\n\n\nMagnetar on pieni perheyritys, joka asettaa laadun kaiken tekemisen etusijalle. Olemme intohimoisia magneettikalastajia ja kaikki magneettimme on suunniteltu ja valmistettu tiimimme toimesta, jotta saat parhaan vastineen rahoillesi (tai magneettisi aarteille!). Jos haluat luotettavan, tehokkaan ja voimakkaan kalastusmagneetin, olet tullut oikeaan paikkaan. Otamme mielell\u00e4mme vastaan yhteydenottoja, <a href=\"mailto:info@magnetarmagnets.com\">ota meihin yhteytt\u00e4 t\u00e4st\u00e4<\/a>.\n\n<h2><b>Suojakansi<\/b><\/h2>\n\nT\u00e4m\u00e4 paketti sis\u00e4lt\u00e4\u00e4 suojakannen, joka on t\u00e4ydellinen lis\u00e4varuste magneettikalastajille, jotka haluavat suojata neodyymimagneettejaan k\u00e4yt\u00f6n aikana. Kest\u00e4v\u00e4 suojakansi on suunniteltu istumaan t\u00e4ydellisesti magneettiin ja tarjoamaan ylim\u00e4\u00e4r\u00e4inen suoja naarmuja, halkeamia ja muita vaurioita vastaan. Suojakannet ovat kest\u00e4vi\u00e4 ja kest\u00e4v\u00e4t kovimmatkin olosuhteet. Suojakansi on valmistettu ruostumattomasta ter\u00e4ksest\u00e4, mik\u00e4 varmistaa, ett\u00e4 magneettisi s\u00e4ilytt\u00e4\u00e4 360\u00b0 magneettisen vetovoimansa. Suojakansiemme ansiosta voit kalastaa magneetilla huoletta vaurioiden pelosta arvokkaalle kalastusmagneetillesi.\n\n\n\n(Huomioithan, ett\u00e4 magneetin pohja ei ole suojakannen peitossa)\n\n<h2><b>K\u00e4yt\u00e4 varoen<\/b><\/h2>\n\nNeodyymimagneettimme ovat <a href=\"https:\/\/magnetarmagnets.com\/strong-fishing-magnets\/\" target=\"_blank\" rel=\"noopener\">vahvimpia kalastusmagneetteja<\/a> ja ne voivat tarttua rautaisiin esineisiin suurella nopeudella, kun ne ovat l\u00e4hell\u00e4. Vahvempien magneettien, kuten 360\u00b0 allround -mallin kanssa, on mahdollista, ett\u00e4 sormesi voivat j\u00e4\u00e4d\u00e4 puristuksiin magneetin ja muiden esineiden v\u00e4liin. K\u00e4sittele magneetteja varoen ja k\u00e4yt\u00e4 omalla vastuulla. Lue aina turvallisuusohjeemme ennen k\u00e4ytt\u00f6\u00e4.\n\n\n\n* Lapset k\u00e4ytt\u00e4v\u00e4t magneettia aikuisten valvonnassa.\n\n\n\n\u00c4l\u00e4 my\u00f6sk\u00e4\u00e4n unohda tarkistaa <a href=\"https:\/\/magnetarmagnets.com\/collections\/fishing-magnets\/magnet-fishing-kit\/\" target=\"_blank\" rel=\"noopener\">magneettikalastussettej\u00e4mme<\/a> tai <a href=\"https:\/\/magnetarmagnets.com\/accessories\/\" target=\"_blank\" rel=\"noopener\">magneettikalastustarvikkeitamme<\/a>.","protected":false},"excerpt":{"rendered":"<p><span style=\"font-weight: 400;\"><strong>\u00c4\u00e4rimm\u00e4inen<\/strong> ja <strong>t\u00e4ydellinen<\/strong> rantak\u00e4ytt\u00f6\u00f6n yhdess\u00e4 <strong>allround 360\u00b0 Beast kalastusmagneetin<\/strong> ja tarvikkeiden kanssa, todelliselle <strong>legendalle<\/strong>!<\/span><\/p>\n","protected":false},"featured_media":78898,"comment_status":"open","ping_status":"closed","template":"","meta":{"_acf_changed":false,"inline_featured_image":false},"product_brand":[],"product_cat":[717,726,1003,712,719],"product_tag":[],"class_list":{"0":"post-85453","1":"product","2":"type-product","3":"status-publish","4":"has-post-thumbnail","6":"product_cat-allround-360-kalastusmagneetit","7":"product_cat-ammattilaiset","8":"product_cat-kaikki-tuotteet","9":"product_cat-kalastusmagneetit","10":"product_cat-kalastusmagneettipaketti","12":"first","13":"instock","14":"sale","15":"taxable","16":"shipping-taxable","17":"purchasable","18":"product-type-simple"},"acf":[],"yoast_head":"<!-- This site is optimized with the Yoast SEO plugin v27.5 - https:\/\/yoast.com\/product\/yoast-seo-wordpress\/ -->\n<title>Legend-paketti - 1400 kg - Beast - Allround 360\u00b0 - Magnet fishing with a Magnetar fishing magnet<\/title>\n<meta name=\"description\" content=\"Legendaari paketti - 3100 lb \/ 1400 Kg Beast - Magnetar kalastusmagneetti\" \/>\n<meta name=\"robots\" content=\"index, follow, max-snippet:-1, max-image-preview:large, max-video-preview:-1\" \/>\n<link rel=\"canonical\" href=\"https:\/\/magnetarmagnets.com\/fi\/shop\/legend-paketti-1400-kg-beast-allround-360\/\" \/>\n<meta property=\"og:locale\" content=\"fi_FI\" \/>\n<meta property=\"og:type\" content=\"article\" \/>\n<meta property=\"og:title\" content=\"Legend-paketti - 1400 kg - Beast - Allround 360\u00b0 - Magnet fishing with a Magnetar fishing magnet\" \/>\n<meta property=\"og:description\" content=\"Legendaari paketti - 3100 lb \/ 1400 Kg Beast - Magnetar kalastusmagneetti\" \/>\n<meta property=\"og:url\" content=\"https:\/\/magnetarmagnets.com\/fi\/shop\/legend-paketti-1400-kg-beast-allround-360\/\" \/>\n<meta property=\"og:site_name\" content=\"Magnet fishing with a Magnetar fishing magnet\" \/>\n<meta property=\"article:publisher\" content=\"https:\/\/www.facebook.com\/fishingmagnets\/\" \/>\n<meta property=\"article:modified_time\" content=\"2026-04-28T04:38:53+00:00\" \/>\n<meta property=\"og:image\" content=\"https:\/\/magnetarmagnets.com\/wp-content\/uploads\/2021\/10\/MAGNETAR-LEGEND-KIT-GOOGLE.jpg\" \/>\n\t<meta property=\"og:image:width\" content=\"1500\" \/>\n\t<meta property=\"og:image:height\" content=\"1500\" \/>\n\t<meta property=\"og:image:type\" content=\"image\/jpeg\" \/>\n<meta name=\"twitter:card\" content=\"summary_large_image\" \/>\n<meta name=\"twitter:label1\" content=\"Arvioitu lukuaika\" \/>\n\t<meta name=\"twitter:data1\" content=\"5 minuuttia\" \/>\n<script type=\"application\/ld+json\" class=\"yoast-schema-graph\">{\"@context\":\"https:\\\/\\\/schema.org\",\"@graph\":[{\"@type\":[\"WebPage\",\"ItemPage\"],\"@id\":\"https:\\\/\\\/magnetarmagnets.com\\\/fi\\\/shop\\\/legend-paketti-1400-kg-beast-allround-360\\\/\",\"url\":\"https:\\\/\\\/magnetarmagnets.com\\\/fi\\\/shop\\\/legend-paketti-1400-kg-beast-allround-360\\\/\",\"name\":\"Legend-paketti - 1400 kg - Beast - Allround 360\u00b0 - Magnet fishing with a Magnetar fishing magnet\",\"isPartOf\":{\"@id\":\"https:\\\/\\\/magnetarmagnets.com\\\/fi\\\/#website\"},\"primaryImageOfPage\":{\"@id\":\"https:\\\/\\\/magnetarmagnets.com\\\/fi\\\/shop\\\/legend-paketti-1400-kg-beast-allround-360\\\/#primaryimage\"},\"image\":{\"@id\":\"https:\\\/\\\/magnetarmagnets.com\\\/fi\\\/shop\\\/legend-paketti-1400-kg-beast-allround-360\\\/#primaryimage\"},\"thumbnailUrl\":\"https:\\\/\\\/magnetarmagnets.com\\\/wp-content\\\/uploads\\\/2021\\\/10\\\/MAGNETAR-LEGEND-KIT-GOOGLE.jpg\",\"datePublished\":\"2025-06-05T07:54:17+00:00\",\"dateModified\":\"2026-04-28T04:38:53+00:00\",\"description\":\"Legendaari paketti - 3100 lb \\\/ 1400 Kg Beast - Magnetar kalastusmagneetti\",\"breadcrumb\":{\"@id\":\"https:\\\/\\\/magnetarmagnets.com\\\/fi\\\/shop\\\/legend-paketti-1400-kg-beast-allround-360\\\/#breadcrumb\"},\"inLanguage\":\"fi\",\"potentialAction\":[{\"@type\":\"ReadAction\",\"target\":[\"https:\\\/\\\/magnetarmagnets.com\\\/fi\\\/shop\\\/legend-paketti-1400-kg-beast-allround-360\\\/\"]}]},{\"@type\":\"ImageObject\",\"inLanguage\":\"fi\",\"@id\":\"https:\\\/\\\/magnetarmagnets.com\\\/fi\\\/shop\\\/legend-paketti-1400-kg-beast-allround-360\\\/#primaryimage\",\"url\":\"https:\\\/\\\/magnetarmagnets.com\\\/wp-content\\\/uploads\\\/2021\\\/10\\\/MAGNETAR-LEGEND-KIT-GOOGLE.jpg\",\"contentUrl\":\"https:\\\/\\\/magnetarmagnets.com\\\/wp-content\\\/uploads\\\/2021\\\/10\\\/MAGNETAR-LEGEND-KIT-GOOGLE.jpg\",\"width\":1500,\"height\":1500,\"caption\":\"MAGNETAR-LEGEND-KIT\"},{\"@type\":\"BreadcrumbList\",\"@id\":\"https:\\\/\\\/magnetarmagnets.com\\\/fi\\\/shop\\\/legend-paketti-1400-kg-beast-allround-360\\\/#breadcrumb\",\"itemListElement\":[{\"@type\":\"ListItem\",\"position\":1,\"name\":\"Home\",\"item\":\"https:\\\/\\\/magnetarmagnets.com\\\/fi\\\/\"},{\"@type\":\"ListItem\",\"position\":2,\"name\":\"Verkkokauppa\",\"item\":\"https:\\\/\\\/magnetarmagnets.com\\\/verkkokauppa\\\/\"},{\"@type\":\"ListItem\",\"position\":3,\"name\":\"Kalastusmagneetit\",\"item\":\"https:\\\/\\\/magnetarmagnets.com\\\/fi\\\/collections\\\/kalastusmagneetit\\\/\"},{\"@type\":\"ListItem\",\"position\":4,\"name\":\"Allround 360\u00b0 kalastusmagneetit\",\"item\":\"https:\\\/\\\/magnetarmagnets.com\\\/fi\\\/collections\\\/kalastusmagneetit\\\/allround-360-kalastusmagneetit\\\/\"},{\"@type\":\"ListItem\",\"position\":5,\"name\":\"Legend-paketti &#8211; 1400 kg &#8211; Beast &#8211; Allround 360\u00b0\"}]},{\"@type\":\"WebSite\",\"@id\":\"https:\\\/\\\/magnetarmagnets.com\\\/fi\\\/#website\",\"url\":\"https:\\\/\\\/magnetarmagnets.com\\\/fi\\\/\",\"name\":\"Magnet fishing with a Magnetar fishing magnet\",\"description\":\"Vahvat magneetit magneettikalastukseen\\n\\n\",\"publisher\":{\"@id\":\"https:\\\/\\\/magnetarmagnets.com\\\/fi\\\/#organization\"},\"potentialAction\":[{\"@type\":\"SearchAction\",\"target\":{\"@type\":\"EntryPoint\",\"urlTemplate\":\"https:\\\/\\\/magnetarmagnets.com\\\/fi\\\/?s={search_term_string}\"},\"query-input\":{\"@type\":\"PropertyValueSpecification\",\"valueRequired\":true,\"valueName\":\"search_term_string\"}}],\"inLanguage\":\"fi\"},{\"@type\":\"Organization\",\"@id\":\"https:\\\/\\\/magnetarmagnets.com\\\/fi\\\/#organization\",\"name\":\"Magnetar\",\"url\":\"https:\\\/\\\/magnetarmagnets.com\\\/fi\\\/\",\"logo\":{\"@type\":\"ImageObject\",\"inLanguage\":\"fi\",\"@id\":\"https:\\\/\\\/magnetarmagnets.com\\\/fi\\\/#\\\/schema\\\/logo\\\/image\\\/\",\"url\":\"https:\\\/\\\/magnetarmagnets.com\\\/wp-content\\\/uploads\\\/2025\\\/05\\\/Logo-03_PNG-Black-scaled.png\",\"contentUrl\":\"https:\\\/\\\/magnetarmagnets.com\\\/wp-content\\\/uploads\\\/2025\\\/05\\\/Logo-03_PNG-Black-scaled.png\",\"width\":2560,\"height\":1658,\"caption\":\"Magnetar\"},\"image\":{\"@id\":\"https:\\\/\\\/magnetarmagnets.com\\\/fi\\\/#\\\/schema\\\/logo\\\/image\\\/\"},\"sameAs\":[\"https:\\\/\\\/www.facebook.com\\\/fishingmagnets\\\/\",\"https:\\\/\\\/www.instagram.com\\\/magnetar_magnets\\\/\",\"https:\\\/\\\/www.linkedin.com\\\/company\\\/magnetarbv\\\/?originalSubdomain=nl\",\"https:\\\/\\\/www.youtube.com\\\/c\\\/MagnetarVismagneet\"]}]}<\/script>\n<!-- \/ Yoast SEO plugin. -->","yoast_head_json":{"title":"Legend-paketti - 1400 kg - Beast - Allround 360\u00b0 - Magnet fishing with a Magnetar fishing magnet","description":"Legendaari paketti - 3100 lb \/ 1400 Kg Beast - Magnetar kalastusmagneetti","robots":{"index":"index","follow":"follow","max-snippet":"max-snippet:-1","max-image-preview":"max-image-preview:large","max-video-preview":"max-video-preview:-1"},"canonical":"https:\/\/magnetarmagnets.com\/fi\/shop\/legend-paketti-1400-kg-beast-allround-360\/","og_locale":"fi_FI","og_type":"article","og_title":"Legend-paketti - 1400 kg - Beast - Allround 360\u00b0 - Magnet fishing with a Magnetar fishing magnet","og_description":"Legendaari paketti - 3100 lb \/ 1400 Kg Beast - Magnetar kalastusmagneetti","og_url":"https:\/\/magnetarmagnets.com\/fi\/shop\/legend-paketti-1400-kg-beast-allround-360\/","og_site_name":"Magnet fishing with a Magnetar fishing magnet","article_publisher":"https:\/\/www.facebook.com\/fishingmagnets\/","article_modified_time":"2026-04-28T04:38:53+00:00","og_image":[{"width":1500,"height":1500,"url":"https:\/\/magnetarmagnets.com\/wp-content\/uploads\/2021\/10\/MAGNETAR-LEGEND-KIT-GOOGLE.jpg","type":"image\/jpeg"}],"twitter_card":"summary_large_image","twitter_misc":{"Arvioitu lukuaika":"5 minuuttia"},"schema":{"@context":"https:\/\/schema.org","@graph":[{"@type":["WebPage","ItemPage"],"@id":"https:\/\/magnetarmagnets.com\/fi\/shop\/legend-paketti-1400-kg-beast-allround-360\/","url":"https:\/\/magnetarmagnets.com\/fi\/shop\/legend-paketti-1400-kg-beast-allround-360\/","name":"Legend-paketti - 1400 kg - Beast - Allround 360\u00b0 - Magnet fishing with a Magnetar fishing magnet","isPartOf":{"@id":"https:\/\/magnetarmagnets.com\/fi\/#website"},"primaryImageOfPage":{"@id":"https:\/\/magnetarmagnets.com\/fi\/shop\/legend-paketti-1400-kg-beast-allround-360\/#primaryimage"},"image":{"@id":"https:\/\/magnetarmagnets.com\/fi\/shop\/legend-paketti-1400-kg-beast-allround-360\/#primaryimage"},"thumbnailUrl":"https:\/\/magnetarmagnets.com\/wp-content\/uploads\/2021\/10\/MAGNETAR-LEGEND-KIT-GOOGLE.jpg","datePublished":"2025-06-05T07:54:17+00:00","dateModified":"2026-04-28T04:38:53+00:00","description":"Legendaari paketti - 3100 lb \/ 1400 Kg Beast - Magnetar kalastusmagneetti","breadcrumb":{"@id":"https:\/\/magnetarmagnets.com\/fi\/shop\/legend-paketti-1400-kg-beast-allround-360\/#breadcrumb"},"inLanguage":"fi","potentialAction":[{"@type":"ReadAction","target":["https:\/\/magnetarmagnets.com\/fi\/shop\/legend-paketti-1400-kg-beast-allround-360\/"]}]},{"@type":"ImageObject","inLanguage":"fi","@id":"https:\/\/magnetarmagnets.com\/fi\/shop\/legend-paketti-1400-kg-beast-allround-360\/#primaryimage","url":"https:\/\/magnetarmagnets.com\/wp-content\/uploads\/2021\/10\/MAGNETAR-LEGEND-KIT-GOOGLE.jpg","contentUrl":"https:\/\/magnetarmagnets.com\/wp-content\/uploads\/2021\/10\/MAGNETAR-LEGEND-KIT-GOOGLE.jpg","width":1500,"height":1500,"caption":"MAGNETAR-LEGEND-KIT"},{"@type":"BreadcrumbList","@id":"https:\/\/magnetarmagnets.com\/fi\/shop\/legend-paketti-1400-kg-beast-allround-360\/#breadcrumb","itemListElement":[{"@type":"ListItem","position":1,"name":"Home","item":"https:\/\/magnetarmagnets.com\/fi\/"},{"@type":"ListItem","position":2,"name":"Verkkokauppa","item":"https:\/\/magnetarmagnets.com\/verkkokauppa\/"},{"@type":"ListItem","position":3,"name":"Kalastusmagneetit","item":"https:\/\/magnetarmagnets.com\/fi\/collections\/kalastusmagneetit\/"},{"@type":"ListItem","position":4,"name":"Allround 360\u00b0 kalastusmagneetit","item":"https:\/\/magnetarmagnets.com\/fi\/collections\/kalastusmagneetit\/allround-360-kalastusmagneetit\/"},{"@type":"ListItem","position":5,"name":"Legend-paketti &#8211; 1400 kg &#8211; Beast &#8211; Allround 360\u00b0"}]},{"@type":"WebSite","@id":"https:\/\/magnetarmagnets.com\/fi\/#website","url":"https:\/\/magnetarmagnets.com\/fi\/","name":"Magnet fishing with a Magnetar fishing magnet","description":"Vahvat magneetit magneettikalastukseen\n\n","publisher":{"@id":"https:\/\/magnetarmagnets.com\/fi\/#organization"},"potentialAction":[{"@type":"SearchAction","target":{"@type":"EntryPoint","urlTemplate":"https:\/\/magnetarmagnets.com\/fi\/?s={search_term_string}"},"query-input":{"@type":"PropertyValueSpecification","valueRequired":true,"valueName":"search_term_string"}}],"inLanguage":"fi"},{"@type":"Organization","@id":"https:\/\/magnetarmagnets.com\/fi\/#organization","name":"Magnetar","url":"https:\/\/magnetarmagnets.com\/fi\/","logo":{"@type":"ImageObject","inLanguage":"fi","@id":"https:\/\/magnetarmagnets.com\/fi\/#\/schema\/logo\/image\/","url":"https:\/\/magnetarmagnets.com\/wp-content\/uploads\/2025\/05\/Logo-03_PNG-Black-scaled.png","contentUrl":"https:\/\/magnetarmagnets.com\/wp-content\/uploads\/2025\/05\/Logo-03_PNG-Black-scaled.png","width":2560,"height":1658,"caption":"Magnetar"},"image":{"@id":"https:\/\/magnetarmagnets.com\/fi\/#\/schema\/logo\/image\/"},"sameAs":["https:\/\/www.facebook.com\/fishingmagnets\/","https:\/\/www.instagram.com\/magnetar_magnets\/","https:\/\/www.linkedin.com\/company\/magnetarbv\/?originalSubdomain=nl","https:\/\/www.youtube.com\/c\/MagnetarVismagneet"]}]}},"_links":{"self":[{"href":"https:\/\/magnetarmagnets.com\/fi\/wp-json\/wp\/v2\/product\/85453","targetHints":{"allow":["GET"]}}],"collection":[{"href":"https:\/\/magnetarmagnets.com\/fi\/wp-json\/wp\/v2\/product"}],"about":[{"href":"https:\/\/magnetarmagnets.com\/fi\/wp-json\/wp\/v2\/types\/product"}],"replies":[{"embeddable":true,"href":"https:\/\/magnetarmagnets.com\/fi\/wp-json\/wp\/v2\/comments?post=85453"}],"version-history":[{"count":1,"href":"https:\/\/magnetarmagnets.com\/fi\/wp-json\/wp\/v2\/product\/85453\/revisions"}],"predecessor-version":[{"id":94514,"href":"https:\/\/magnetarmagnets.com\/fi\/wp-json\/wp\/v2\/product\/85453\/revisions\/94514"}],"wp:featuredmedia":[{"embeddable":true,"href":"https:\/\/magnetarmagnets.com\/fi\/wp-json\/wp\/v2\/media\/78898"}],"wp:attachment":[{"href":"https:\/\/magnetarmagnets.com\/fi\/wp-json\/wp\/v2\/media?parent=85453"}],"wp:term":[{"taxonomy":"product_brand","embeddable":true,"href":"https:\/\/magnetarmagnets.com\/fi\/wp-json\/wp\/v2\/product_brand?post=85453"},{"taxonomy":"product_cat","embeddable":true,"href":"https:\/\/magnetarmagnets.com\/fi\/wp-json\/wp\/v2\/product_cat?post=85453"},{"taxonomy":"product_tag","embeddable":true,"href":"https:\/\/magnetarmagnets.com\/fi\/wp-json\/wp\/v2\/product_tag?post=85453"}],"curies":[{"name":"wp","href":"https:\/\/api.w.org\/{rel}","templated":true}]}}