{"id":85452,"date":"2025-06-05T09:53:46","date_gmt":"2025-06-05T07:53:46","guid":{"rendered":"https:\/\/magnetarmagnets.com\/?post_type=product&#038;p=85452"},"modified":"2026-04-08T20:35:35","modified_gmt":"2026-04-08T18:35:35","slug":"lammitettava-takki-vulcan-s","status":"publish","type":"product","link":"https:\/\/magnetarmagnets.com\/fi\/shop\/lammitettava-takki-vulcan-s\/","title":{"rendered":"L\u00e4mmitett\u00e4v\u00e4 takki Vulcan S"},"content":{"rendered":"<img fetchpriority=\"high\" decoding=\"async\" class=\"aligncenter size-full wp-image-51844\" src=\"https:\/\/magnetarmagnets.com\/wp-content\/uploads\/2021\/02\/Softshell-engels.png\" alt=\"l\u00e4mmitystakki, l\u00e4mmin takki, magnetar heat, softshell, l\u00e4mp\u00f6, ty\u00f6haalari\" width=\"764\" height=\"436\" srcset=\"https:\/\/magnetarmagnets.com\/wp-content\/uploads\/2021\/02\/Softshell-engels.png 764w, https:\/\/magnetarmagnets.com\/wp-content\/uploads\/2021\/02\/Softshell-engels-600x342.png 600w, https:\/\/magnetarmagnets.com\/wp-content\/uploads\/2021\/02\/Softshell-engels-300x171.png 300w\" sizes=\"(max-width: 764px) 100vw, 764px\" \/>\r\n\r\n<h2>Parhaat l\u00e4mmitett\u00e4v\u00e4t takit<\/h2>\r\n\r\n<strong>L\u00e4mmitett\u00e4v\u00e4 takki?<\/strong> L\u00e4mmitett\u00e4v\u00e4t takkimme pit\u00e4v\u00e4t sinut l\u00e4mpim\u00e4n\u00e4 my\u00f6s kylmemmill\u00e4 p\u00e4ivill\u00e4. T\u00e4ydellinen esimerkiksi <a href=\"https:\/\/magnetarmagnets.com\/fi\/\" target=\"_blank\" rel=\"noopener\">kalastusmagneetin<\/a> kanssa kalastukseen. T\u00e4m\u00e4 akkuk\u00e4ytt\u00f6inen l\u00e4mmitett\u00e4v\u00e4 takki tarjoaa kolme l\u00e4mmitystasoa, joten voit aina s\u00e4\u00e4t\u00e4\u00e4 mukavan l\u00e4mp\u00f6tilan. Ty\u00f6skenteletk\u00f6 ulkona viile\u00e4n\u00e4 p\u00e4iv\u00e4n\u00e4? Tai viile\u00e4n\u00e4 kes\u00e4iltana? T\u00e4m\u00e4 mukava, tuulen- ja vedenpit\u00e4v\u00e4 l\u00e4mmitett\u00e4v\u00e4 takki pit\u00e4\u00e4 sinut l\u00e4mpim\u00e4n\u00e4.\r\n\r\n<h2>Tuotetiedot l\u00e4mmitett\u00e4v\u00e4 takki<\/h2>\r\n\r\nMukana oleva akku on k\u00e4nnyk\u00e4n kokoinen ja pit\u00e4\u00e4 sinut l\u00e4mpim\u00e4n\u00e4 jopa <strong>10 tuntia<\/strong> l\u00e4mmitystasosta riippuen. Takki toimitetaan <strong>akun ja laturin kanssa<\/strong>. Takki on valmistettu tuulen- ja vedenpit\u00e4v\u00e4st\u00e4 kankaasta ja siin\u00e4 on sis\u00e4lt\u00e4 pehme\u00e4 fleecevuori, joka tarjoaa t\u00e4yden liikkumisvapauden ulkoilun aikana. T\u00e4m\u00e4n takin kanssa sinun ei tarvitse pakata p\u00e4\u00e4lleen useita vaatekerroksia esimerkiksi k\u00e4velylle, puutarhat\u00f6ihin, kalastukseen tai py\u00f6r\u00e4ilyyn.\r\n\r\n\r\n\r\nL\u00e4mmitysalueet tarjoavat miellytt\u00e4v\u00e4n l\u00e4mm\u00f6n juuri niiss\u00e4 yl\u00e4vartalon kohdissa, joissa sit\u00e4 tarvitset, rinnan ja sel\u00e4n alueilla. Alhaiset, keski- ja korkeat asetukset mahdollistavat ymp\u00e4rist\u00f6n mukaan s\u00e4\u00e4dett\u00e4v\u00e4n l\u00e4mmityksen, joka pit\u00e4\u00e4 sinut l\u00e4mpim\u00e4n\u00e4 koko p\u00e4iv\u00e4n. Lataus tapahtuu 3\u20134 tunnissa ja olet taas valmis liikkeelle.\r\n\r\n\r\n\r\nTakkimme on valmistettu kest\u00e4v\u00e4st\u00e4 ja korkealaatuisesta materiaalista, joka on suunniteltu pit\u00e4m\u00e4\u00e4n sinut l\u00e4mpim\u00e4n\u00e4 kaikissa s\u00e4\u00e4olosuhteissa.\r\n\r\n<h2>CE-hyv\u00e4ksytyt l\u00e4mmitett\u00e4v\u00e4t takit<\/h2>\r\n\r\nL\u00e4mmitett\u00e4v\u00e4t takkimme ovat CE-hyv\u00e4ksyttyj\u00e4. Tuemme tuotteitamme t\u00e4ysin ja tarjoamme siksi <strong>1 vuoden takuun<\/strong>.","protected":false},"excerpt":{"rendered":"<p><span style=\"font-weight: 400;\">T\u00e4m\u00e4 on l\u00e4mmitett\u00e4v\u00e4 takki, jossa on l\u00e4mmityselementti ja kolme l\u00e4mmitystasoa. Pit\u00e4\u00e4 sinut l\u00e4mpim\u00e4n\u00e4 silloin kun tarvitset.<\/span><\/p>\n","protected":false},"featured_media":77854,"comment_status":"open","ping_status":"closed","template":"","meta":{"_acf_changed":false,"inline_featured_image":false},"product_brand":[],"product_cat":[1003],"product_tag":[],"class_list":{"0":"post-85452","1":"product","2":"type-product","3":"status-publish","4":"has-post-thumbnail","6":"product_cat-kaikki-tuotteet","8":"first","9":"instock","10":"sale","11":"taxable","12":"shipping-taxable","13":"purchasable","14":"product-type-simple"},"acf":[],"yoast_head":"<!-- This site is optimized with the Yoast SEO plugin v27.4 - https:\/\/yoast.com\/product\/yoast-seo-wordpress\/ -->\n<title>L\u00e4mmitett\u00e4v\u00e4 takki Vulcan S - Magnet fishing with a Magnetar fishing magnet<\/title>\n<meta name=\"description\" content=\"Ty\u00f6skenteletk\u00f6 ulkona kylmemp\u00e4n\u00e4 p\u00e4iv\u00e4n\u00e4? Tai viile\u00e4n\u00e4 kes\u00e4iltana? T\u00e4m\u00e4 mukava, tuulen- ja vedenpit\u00e4v\u00e4 l\u00e4mmitett\u00e4v\u00e4 takki pit\u00e4\u00e4 sinut l\u00e4mpim\u00e4n\u00e4.\" \/>\n<meta name=\"robots\" content=\"index, follow, max-snippet:-1, max-image-preview:large, max-video-preview:-1\" \/>\n<link rel=\"canonical\" href=\"https:\/\/magnetarmagnets.com\/fi\/shop\/lammitettava-takki-vulcan-s\/\" \/>\n<meta property=\"og:locale\" content=\"fi_FI\" \/>\n<meta property=\"og:type\" content=\"article\" \/>\n<meta property=\"og:title\" content=\"L\u00e4mmitett\u00e4v\u00e4 takki Vulcan S - Magnet fishing with a Magnetar fishing magnet\" \/>\n<meta property=\"og:description\" content=\"Ty\u00f6skenteletk\u00f6 ulkona kylmemp\u00e4n\u00e4 p\u00e4iv\u00e4n\u00e4? Tai viile\u00e4n\u00e4 kes\u00e4iltana? T\u00e4m\u00e4 mukava, tuulen- ja vedenpit\u00e4v\u00e4 l\u00e4mmitett\u00e4v\u00e4 takki pit\u00e4\u00e4 sinut l\u00e4mpim\u00e4n\u00e4.\" \/>\n<meta property=\"og:url\" content=\"https:\/\/magnetarmagnets.com\/fi\/shop\/lammitettava-takki-vulcan-s\/\" \/>\n<meta property=\"og:site_name\" content=\"Magnet fishing with a Magnetar fishing magnet\" \/>\n<meta property=\"article:publisher\" content=\"https:\/\/www.facebook.com\/fishingmagnets\/\" \/>\n<meta property=\"article:modified_time\" content=\"2026-04-08T18:35:35+00:00\" \/>\n<meta property=\"og:image\" content=\"https:\/\/magnetarmagnets.com\/wp-content\/uploads\/2021\/02\/heated-jacket-scaled.jpg\" \/>\n\t<meta property=\"og:image:width\" content=\"2560\" \/>\n\t<meta property=\"og:image:height\" content=\"2560\" \/>\n\t<meta property=\"og:image:type\" content=\"image\/jpeg\" \/>\n<meta name=\"twitter:card\" content=\"summary_large_image\" \/>\n<meta name=\"twitter:label1\" content=\"Arvioitu lukuaika\" \/>\n\t<meta name=\"twitter:data1\" content=\"2 minuuttia\" \/>\n<script type=\"application\/ld+json\" class=\"yoast-schema-graph\">{\"@context\":\"https:\\\/\\\/schema.org\",\"@graph\":[{\"@type\":[\"WebPage\",\"ItemPage\"],\"@id\":\"https:\\\/\\\/magnetarmagnets.com\\\/fi\\\/shop\\\/lammitettava-takki-vulcan-s\\\/\",\"url\":\"https:\\\/\\\/magnetarmagnets.com\\\/fi\\\/shop\\\/lammitettava-takki-vulcan-s\\\/\",\"name\":\"L\u00e4mmitett\u00e4v\u00e4 takki Vulcan S - Magnet fishing with a Magnetar fishing magnet\",\"isPartOf\":{\"@id\":\"https:\\\/\\\/magnetarmagnets.com\\\/fi\\\/#website\"},\"primaryImageOfPage\":{\"@id\":\"https:\\\/\\\/magnetarmagnets.com\\\/fi\\\/shop\\\/lammitettava-takki-vulcan-s\\\/#primaryimage\"},\"image\":{\"@id\":\"https:\\\/\\\/magnetarmagnets.com\\\/fi\\\/shop\\\/lammitettava-takki-vulcan-s\\\/#primaryimage\"},\"thumbnailUrl\":\"https:\\\/\\\/magnetarmagnets.com\\\/wp-content\\\/uploads\\\/2021\\\/02\\\/heated-jacket-scaled.jpg\",\"datePublished\":\"2025-06-05T07:53:46+00:00\",\"dateModified\":\"2026-04-08T18:35:35+00:00\",\"description\":\"Ty\u00f6skenteletk\u00f6 ulkona kylmemp\u00e4n\u00e4 p\u00e4iv\u00e4n\u00e4? Tai viile\u00e4n\u00e4 kes\u00e4iltana? T\u00e4m\u00e4 mukava, tuulen- ja vedenpit\u00e4v\u00e4 l\u00e4mmitett\u00e4v\u00e4 takki pit\u00e4\u00e4 sinut l\u00e4mpim\u00e4n\u00e4.\",\"breadcrumb\":{\"@id\":\"https:\\\/\\\/magnetarmagnets.com\\\/fi\\\/shop\\\/lammitettava-takki-vulcan-s\\\/#breadcrumb\"},\"inLanguage\":\"fi\",\"potentialAction\":[{\"@type\":\"ReadAction\",\"target\":[\"https:\\\/\\\/magnetarmagnets.com\\\/fi\\\/shop\\\/lammitettava-takki-vulcan-s\\\/\"]}]},{\"@type\":\"ImageObject\",\"inLanguage\":\"fi\",\"@id\":\"https:\\\/\\\/magnetarmagnets.com\\\/fi\\\/shop\\\/lammitettava-takki-vulcan-s\\\/#primaryimage\",\"url\":\"https:\\\/\\\/magnetarmagnets.com\\\/wp-content\\\/uploads\\\/2021\\\/02\\\/heated-jacket-scaled.jpg\",\"contentUrl\":\"https:\\\/\\\/magnetarmagnets.com\\\/wp-content\\\/uploads\\\/2021\\\/02\\\/heated-jacket-scaled.jpg\",\"width\":2560,\"height\":2560,\"caption\":\"heated jacket\"},{\"@type\":\"BreadcrumbList\",\"@id\":\"https:\\\/\\\/magnetarmagnets.com\\\/fi\\\/shop\\\/lammitettava-takki-vulcan-s\\\/#breadcrumb\",\"itemListElement\":[{\"@type\":\"ListItem\",\"position\":1,\"name\":\"Home\",\"item\":\"https:\\\/\\\/magnetarmagnets.com\\\/fi\\\/\"},{\"@type\":\"ListItem\",\"position\":2,\"name\":\"Verkkokauppa\",\"item\":\"https:\\\/\\\/magnetarmagnets.com\\\/verkkokauppa\\\/\"},{\"@type\":\"ListItem\",\"position\":3,\"name\":\"Kaikki tuotteet\",\"item\":\"https:\\\/\\\/magnetarmagnets.com\\\/fi\\\/collections\\\/kaikki-tuotteet\\\/\"},{\"@type\":\"ListItem\",\"position\":4,\"name\":\"L\u00e4mmitett\u00e4v\u00e4 takki Vulcan S\"}]},{\"@type\":\"WebSite\",\"@id\":\"https:\\\/\\\/magnetarmagnets.com\\\/fi\\\/#website\",\"url\":\"https:\\\/\\\/magnetarmagnets.com\\\/fi\\\/\",\"name\":\"Magnet fishing with a Magnetar fishing magnet\",\"description\":\"Vahvat magneetit magneettikalastukseen\\n\\n\",\"publisher\":{\"@id\":\"https:\\\/\\\/magnetarmagnets.com\\\/fi\\\/#organization\"},\"potentialAction\":[{\"@type\":\"SearchAction\",\"target\":{\"@type\":\"EntryPoint\",\"urlTemplate\":\"https:\\\/\\\/magnetarmagnets.com\\\/fi\\\/?s={search_term_string}\"},\"query-input\":{\"@type\":\"PropertyValueSpecification\",\"valueRequired\":true,\"valueName\":\"search_term_string\"}}],\"inLanguage\":\"fi\"},{\"@type\":\"Organization\",\"@id\":\"https:\\\/\\\/magnetarmagnets.com\\\/fi\\\/#organization\",\"name\":\"Magnetar\",\"url\":\"https:\\\/\\\/magnetarmagnets.com\\\/fi\\\/\",\"logo\":{\"@type\":\"ImageObject\",\"inLanguage\":\"fi\",\"@id\":\"https:\\\/\\\/magnetarmagnets.com\\\/fi\\\/#\\\/schema\\\/logo\\\/image\\\/\",\"url\":\"https:\\\/\\\/magnetarmagnets.com\\\/wp-content\\\/uploads\\\/2025\\\/05\\\/Logo-03_PNG-Black-scaled.png\",\"contentUrl\":\"https:\\\/\\\/magnetarmagnets.com\\\/wp-content\\\/uploads\\\/2025\\\/05\\\/Logo-03_PNG-Black-scaled.png\",\"width\":2560,\"height\":1658,\"caption\":\"Magnetar\"},\"image\":{\"@id\":\"https:\\\/\\\/magnetarmagnets.com\\\/fi\\\/#\\\/schema\\\/logo\\\/image\\\/\"},\"sameAs\":[\"https:\\\/\\\/www.facebook.com\\\/fishingmagnets\\\/\",\"https:\\\/\\\/www.instagram.com\\\/magnetar_magnets\\\/\",\"https:\\\/\\\/www.linkedin.com\\\/company\\\/magnetarbv\\\/?originalSubdomain=nl\",\"https:\\\/\\\/www.youtube.com\\\/c\\\/MagnetarVismagneet\"]}]}<\/script>\n<!-- \/ Yoast SEO plugin. -->","yoast_head_json":{"title":"L\u00e4mmitett\u00e4v\u00e4 takki Vulcan S - Magnet fishing with a Magnetar fishing magnet","description":"Ty\u00f6skenteletk\u00f6 ulkona kylmemp\u00e4n\u00e4 p\u00e4iv\u00e4n\u00e4? Tai viile\u00e4n\u00e4 kes\u00e4iltana? T\u00e4m\u00e4 mukava, tuulen- ja vedenpit\u00e4v\u00e4 l\u00e4mmitett\u00e4v\u00e4 takki pit\u00e4\u00e4 sinut l\u00e4mpim\u00e4n\u00e4.","robots":{"index":"index","follow":"follow","max-snippet":"max-snippet:-1","max-image-preview":"max-image-preview:large","max-video-preview":"max-video-preview:-1"},"canonical":"https:\/\/magnetarmagnets.com\/fi\/shop\/lammitettava-takki-vulcan-s\/","og_locale":"fi_FI","og_type":"article","og_title":"L\u00e4mmitett\u00e4v\u00e4 takki Vulcan S - Magnet fishing with a Magnetar fishing magnet","og_description":"Ty\u00f6skenteletk\u00f6 ulkona kylmemp\u00e4n\u00e4 p\u00e4iv\u00e4n\u00e4? Tai viile\u00e4n\u00e4 kes\u00e4iltana? T\u00e4m\u00e4 mukava, tuulen- ja vedenpit\u00e4v\u00e4 l\u00e4mmitett\u00e4v\u00e4 takki pit\u00e4\u00e4 sinut l\u00e4mpim\u00e4n\u00e4.","og_url":"https:\/\/magnetarmagnets.com\/fi\/shop\/lammitettava-takki-vulcan-s\/","og_site_name":"Magnet fishing with a Magnetar fishing magnet","article_publisher":"https:\/\/www.facebook.com\/fishingmagnets\/","article_modified_time":"2026-04-08T18:35:35+00:00","og_image":[{"width":2560,"height":2560,"url":"https:\/\/magnetarmagnets.com\/wp-content\/uploads\/2021\/02\/heated-jacket-scaled.jpg","type":"image\/jpeg"}],"twitter_card":"summary_large_image","twitter_misc":{"Arvioitu lukuaika":"2 minuuttia"},"schema":{"@context":"https:\/\/schema.org","@graph":[{"@type":["WebPage","ItemPage"],"@id":"https:\/\/magnetarmagnets.com\/fi\/shop\/lammitettava-takki-vulcan-s\/","url":"https:\/\/magnetarmagnets.com\/fi\/shop\/lammitettava-takki-vulcan-s\/","name":"L\u00e4mmitett\u00e4v\u00e4 takki Vulcan S - Magnet fishing with a Magnetar fishing magnet","isPartOf":{"@id":"https:\/\/magnetarmagnets.com\/fi\/#website"},"primaryImageOfPage":{"@id":"https:\/\/magnetarmagnets.com\/fi\/shop\/lammitettava-takki-vulcan-s\/#primaryimage"},"image":{"@id":"https:\/\/magnetarmagnets.com\/fi\/shop\/lammitettava-takki-vulcan-s\/#primaryimage"},"thumbnailUrl":"https:\/\/magnetarmagnets.com\/wp-content\/uploads\/2021\/02\/heated-jacket-scaled.jpg","datePublished":"2025-06-05T07:53:46+00:00","dateModified":"2026-04-08T18:35:35+00:00","description":"Ty\u00f6skenteletk\u00f6 ulkona kylmemp\u00e4n\u00e4 p\u00e4iv\u00e4n\u00e4? Tai viile\u00e4n\u00e4 kes\u00e4iltana? T\u00e4m\u00e4 mukava, tuulen- ja vedenpit\u00e4v\u00e4 l\u00e4mmitett\u00e4v\u00e4 takki pit\u00e4\u00e4 sinut l\u00e4mpim\u00e4n\u00e4.","breadcrumb":{"@id":"https:\/\/magnetarmagnets.com\/fi\/shop\/lammitettava-takki-vulcan-s\/#breadcrumb"},"inLanguage":"fi","potentialAction":[{"@type":"ReadAction","target":["https:\/\/magnetarmagnets.com\/fi\/shop\/lammitettava-takki-vulcan-s\/"]}]},{"@type":"ImageObject","inLanguage":"fi","@id":"https:\/\/magnetarmagnets.com\/fi\/shop\/lammitettava-takki-vulcan-s\/#primaryimage","url":"https:\/\/magnetarmagnets.com\/wp-content\/uploads\/2021\/02\/heated-jacket-scaled.jpg","contentUrl":"https:\/\/magnetarmagnets.com\/wp-content\/uploads\/2021\/02\/heated-jacket-scaled.jpg","width":2560,"height":2560,"caption":"heated jacket"},{"@type":"BreadcrumbList","@id":"https:\/\/magnetarmagnets.com\/fi\/shop\/lammitettava-takki-vulcan-s\/#breadcrumb","itemListElement":[{"@type":"ListItem","position":1,"name":"Home","item":"https:\/\/magnetarmagnets.com\/fi\/"},{"@type":"ListItem","position":2,"name":"Verkkokauppa","item":"https:\/\/magnetarmagnets.com\/verkkokauppa\/"},{"@type":"ListItem","position":3,"name":"Kaikki tuotteet","item":"https:\/\/magnetarmagnets.com\/fi\/collections\/kaikki-tuotteet\/"},{"@type":"ListItem","position":4,"name":"L\u00e4mmitett\u00e4v\u00e4 takki Vulcan S"}]},{"@type":"WebSite","@id":"https:\/\/magnetarmagnets.com\/fi\/#website","url":"https:\/\/magnetarmagnets.com\/fi\/","name":"Magnet fishing with a Magnetar fishing magnet","description":"Vahvat magneetit magneettikalastukseen\n\n","publisher":{"@id":"https:\/\/magnetarmagnets.com\/fi\/#organization"},"potentialAction":[{"@type":"SearchAction","target":{"@type":"EntryPoint","urlTemplate":"https:\/\/magnetarmagnets.com\/fi\/?s={search_term_string}"},"query-input":{"@type":"PropertyValueSpecification","valueRequired":true,"valueName":"search_term_string"}}],"inLanguage":"fi"},{"@type":"Organization","@id":"https:\/\/magnetarmagnets.com\/fi\/#organization","name":"Magnetar","url":"https:\/\/magnetarmagnets.com\/fi\/","logo":{"@type":"ImageObject","inLanguage":"fi","@id":"https:\/\/magnetarmagnets.com\/fi\/#\/schema\/logo\/image\/","url":"https:\/\/magnetarmagnets.com\/wp-content\/uploads\/2025\/05\/Logo-03_PNG-Black-scaled.png","contentUrl":"https:\/\/magnetarmagnets.com\/wp-content\/uploads\/2025\/05\/Logo-03_PNG-Black-scaled.png","width":2560,"height":1658,"caption":"Magnetar"},"image":{"@id":"https:\/\/magnetarmagnets.com\/fi\/#\/schema\/logo\/image\/"},"sameAs":["https:\/\/www.facebook.com\/fishingmagnets\/","https:\/\/www.instagram.com\/magnetar_magnets\/","https:\/\/www.linkedin.com\/company\/magnetarbv\/?originalSubdomain=nl","https:\/\/www.youtube.com\/c\/MagnetarVismagneet"]}]}},"_links":{"self":[{"href":"https:\/\/magnetarmagnets.com\/fi\/wp-json\/wp\/v2\/product\/85452","targetHints":{"allow":["GET"]}}],"collection":[{"href":"https:\/\/magnetarmagnets.com\/fi\/wp-json\/wp\/v2\/product"}],"about":[{"href":"https:\/\/magnetarmagnets.com\/fi\/wp-json\/wp\/v2\/types\/product"}],"replies":[{"embeddable":true,"href":"https:\/\/magnetarmagnets.com\/fi\/wp-json\/wp\/v2\/comments?post=85452"}],"version-history":[{"count":1,"href":"https:\/\/magnetarmagnets.com\/fi\/wp-json\/wp\/v2\/product\/85452\/revisions"}],"predecessor-version":[{"id":96158,"href":"https:\/\/magnetarmagnets.com\/fi\/wp-json\/wp\/v2\/product\/85452\/revisions\/96158"}],"wp:featuredmedia":[{"embeddable":true,"href":"https:\/\/magnetarmagnets.com\/fi\/wp-json\/wp\/v2\/media\/77854"}],"wp:attachment":[{"href":"https:\/\/magnetarmagnets.com\/fi\/wp-json\/wp\/v2\/media?parent=85452"}],"wp:term":[{"taxonomy":"product_brand","embeddable":true,"href":"https:\/\/magnetarmagnets.com\/fi\/wp-json\/wp\/v2\/product_brand?post=85452"},{"taxonomy":"product_cat","embeddable":true,"href":"https:\/\/magnetarmagnets.com\/fi\/wp-json\/wp\/v2\/product_cat?post=85452"},{"taxonomy":"product_tag","embeddable":true,"href":"https:\/\/magnetarmagnets.com\/fi\/wp-json\/wp\/v2\/product_tag?post=85452"}],"curies":[{"name":"wp","href":"https:\/\/api.w.org\/{rel}","templated":true}]}}