{"id":85446,"date":"2025-06-05T09:53:45","date_gmt":"2025-06-05T07:53:45","guid":{"rendered":"https:\/\/magnetarmagnets.com\/?post_type=product&#038;p=85446"},"modified":"2026-04-08T19:27:49","modified_gmt":"2026-04-08T17:27:49","slug":"lammitetty-takki-vulcan-xxl","status":"publish","type":"product","link":"https:\/\/magnetarmagnets.com\/fi\/shop\/lammitetty-takki-vulcan-xxl\/","title":{"rendered":"L\u00e4mmitetty takki Vulcan XXL"},"content":{"rendered":"<img fetchpriority=\"high\" decoding=\"async\" class=\"aligncenter size-full wp-image-51844\" src=\"https:\/\/magnetarmagnets.com\/wp-content\/uploads\/2021\/02\/Softshell-engels.png\" alt=\"l\u00e4mmitetty takki, l\u00e4mmin takki, magnetar l\u00e4mp\u00f6, softshell, l\u00e4mp\u00f6, ty\u00f6vaate\" width=\"764\" height=\"436\" srcset=\"https:\/\/magnetarmagnets.com\/wp-content\/uploads\/2021\/02\/Softshell-engels.png 764w, https:\/\/magnetarmagnets.com\/wp-content\/uploads\/2021\/02\/Softshell-engels-600x342.png 600w, https:\/\/magnetarmagnets.com\/wp-content\/uploads\/2021\/02\/Softshell-engels-300x171.png 300w\" sizes=\"(max-width: 764px) 100vw, 764px\" \/>\r\n\r\n<h2>Parhaat l\u00e4mmitett\u00e4v\u00e4t takit<\/h2>\r\n\r\n<strong>L\u00e4mmitett\u00e4v\u00e4 takki?<\/strong> L\u00e4mmitett\u00e4v\u00e4t takkimme pit\u00e4v\u00e4t sinut l\u00e4mpim\u00e4n\u00e4 my\u00f6s kylmempin\u00e4 p\u00e4ivin\u00e4. T\u00e4ss\u00e4 akkuk\u00e4ytt\u00f6isess\u00e4 takissa on kolme l\u00e4mmitystasoa, joten voit aina valita sinulle sopivan l\u00e4mp\u00f6tilan. <a href=\"https:\/\/magnetarmagnets.com\/fi\/\" target=\"_blank\" rel=\"noopener\">Magneettikalastus<\/a> koko p\u00e4iv\u00e4n? Ulkoty\u00f6t kylm\u00e4ll\u00e4 s\u00e4\u00e4ll\u00e4? Viile\u00e4 kes\u00e4ilta? T\u00e4m\u00e4 mukava, tuulen- ja vedenkest\u00e4v\u00e4 l\u00e4mmitetty takki pit\u00e4\u00e4 sinut l\u00e4mpim\u00e4n\u00e4.\r\n\r\n<h2>Tuotetiedot L\u00e4mmitetty Takki<\/h2>\r\n\r\nMukana oleva akku on k\u00e4nnyk\u00e4n kokoinen ja se voi pit\u00e4\u00e4 sinut l\u00e4mpim\u00e4n\u00e4 jopa <strong>10 tuntia<\/strong> l\u00e4mmitystason mukaan. Takki toimitetaan <strong>akun ja laturin kanssa<\/strong>. Takki on valmistettu tuulta ja vett\u00e4 hylkiv\u00e4st\u00e4 kankaasta, ja siin\u00e4 on sis\u00e4ll\u00e4 pehme\u00e4 fleecevuori, joka antaa vapaat liikkumismahdollisuudet ulkoiluun. T\u00e4m\u00e4n takin avulla sinun ei tarvitse pukeutua kerroksittain esimerkiksi k\u00e4velylle, puutarhat\u00f6ihin, kalastukseen tai py\u00f6r\u00e4ilyyn.\r\n\r\n\r\n\r\nL\u00e4mmitysvy\u00f6hykkeet tarjoavat miellytt\u00e4v\u00e4n l\u00e4mm\u00f6n juuri yl\u00e4vartalon niille alueille, joissa sit\u00e4 eniten tarvitset, rinnoille ja selk\u00e4\u00e4n. Alhaiset, keskitasoiset ja korkeat asetukset antavat mahdollisuuden mukautua ymp\u00e4rist\u00f6\u00f6n ja pysy\u00e4 l\u00e4mpim\u00e4n\u00e4 koko p\u00e4iv\u00e4n. Akun lataaminen kest\u00e4\u00e4 3-4 tuntia ja takki on taas k\u00e4ytt\u00f6valmis.\r\n\r\n\r\n\r\nTakkimme on valmistettu kest\u00e4v\u00e4st\u00e4 ja korkealaatuisesta materiaalista, joka pit\u00e4\u00e4 sinut l\u00e4mpim\u00e4n\u00e4 kaikissa s\u00e4\u00e4olosuhteissa.\r\n\r\n<h2>CE-hyv\u00e4ksytyt L\u00e4mmitett\u00e4v\u00e4t Takit<\/h2>\r\n\r\nL\u00e4mmitett\u00e4v\u00e4t takkimme ovat CE-hyv\u00e4ksyttyj\u00e4. Tuotteellemme on my\u00f6nnetty <strong>1 vuoden takuu<\/strong> ja tuemme sit\u00e4 t\u00e4ysim\u00e4\u00e4r\u00e4isesti.","protected":false},"excerpt":{"rendered":"<p>T\u00e4m\u00e4 on l\u00e4mmitett\u00e4v\u00e4 takki, jossa on l\u00e4mmitin ja kolme l\u00e4mmitystasoa. Pit\u00e4\u00e4 sinut l\u00e4mpim\u00e4n\u00e4 silloin kun tarvitset.<\/p>\n","protected":false},"featured_media":77854,"comment_status":"open","ping_status":"closed","template":"","meta":{"_acf_changed":false,"inline_featured_image":false},"product_brand":[],"product_cat":[1003],"product_tag":[],"class_list":{"0":"post-85446","1":"product","2":"type-product","3":"status-publish","4":"has-post-thumbnail","6":"product_cat-kaikki-tuotteet","8":"first","9":"instock","10":"sale","11":"taxable","12":"shipping-taxable","13":"purchasable","14":"product-type-simple"},"acf":[],"yoast_head":"<!-- This site is optimized with the Yoast SEO plugin v27.4 - https:\/\/yoast.com\/product\/yoast-seo-wordpress\/ -->\n<title>L\u00e4mmitetty takki Vulcan XXL - Magnet fishing with a Magnetar fishing magnet<\/title>\n<meta name=\"description\" content=\"Ty\u00f6skenteletk\u00f6 ulkona kylm\u00e4n\u00e4 p\u00e4iv\u00e4n\u00e4? Viile\u00e4 kes\u00e4ilta? T\u00e4m\u00e4 mukava, tuulen- ja vedenkest\u00e4v\u00e4 l\u00e4mmitetty takki pit\u00e4\u00e4 sinut l\u00e4mpim\u00e4n\u00e4.\" \/>\n<meta name=\"robots\" content=\"index, follow, max-snippet:-1, max-image-preview:large, max-video-preview:-1\" \/>\n<link rel=\"canonical\" href=\"https:\/\/magnetarmagnets.com\/fi\/shop\/lammitetty-takki-vulcan-xxl\/\" \/>\n<meta property=\"og:locale\" content=\"fi_FI\" \/>\n<meta property=\"og:type\" content=\"article\" \/>\n<meta property=\"og:title\" content=\"L\u00e4mmitetty takki Vulcan XXL - Magnet fishing with a Magnetar fishing magnet\" \/>\n<meta property=\"og:description\" content=\"Ty\u00f6skenteletk\u00f6 ulkona kylm\u00e4n\u00e4 p\u00e4iv\u00e4n\u00e4? Viile\u00e4 kes\u00e4ilta? T\u00e4m\u00e4 mukava, tuulen- ja vedenkest\u00e4v\u00e4 l\u00e4mmitetty takki pit\u00e4\u00e4 sinut l\u00e4mpim\u00e4n\u00e4.\" \/>\n<meta property=\"og:url\" content=\"https:\/\/magnetarmagnets.com\/fi\/shop\/lammitetty-takki-vulcan-xxl\/\" \/>\n<meta property=\"og:site_name\" content=\"Magnet fishing with a Magnetar fishing magnet\" \/>\n<meta property=\"article:publisher\" content=\"https:\/\/www.facebook.com\/fishingmagnets\/\" \/>\n<meta property=\"article:modified_time\" content=\"2026-04-08T17:27:49+00:00\" \/>\n<meta property=\"og:image\" content=\"https:\/\/magnetarmagnets.com\/wp-content\/uploads\/2021\/02\/heated-jacket-scaled.jpg\" \/>\n\t<meta property=\"og:image:width\" content=\"2560\" \/>\n\t<meta property=\"og:image:height\" content=\"2560\" \/>\n\t<meta property=\"og:image:type\" content=\"image\/jpeg\" \/>\n<meta name=\"twitter:card\" content=\"summary_large_image\" \/>\n<meta name=\"twitter:label1\" content=\"Arvioitu lukuaika\" \/>\n\t<meta name=\"twitter:data1\" content=\"2 minuuttia\" \/>\n<script type=\"application\/ld+json\" class=\"yoast-schema-graph\">{\"@context\":\"https:\\\/\\\/schema.org\",\"@graph\":[{\"@type\":[\"WebPage\",\"ItemPage\"],\"@id\":\"https:\\\/\\\/magnetarmagnets.com\\\/fi\\\/shop\\\/lammitetty-takki-vulcan-xxl\\\/\",\"url\":\"https:\\\/\\\/magnetarmagnets.com\\\/fi\\\/shop\\\/lammitetty-takki-vulcan-xxl\\\/\",\"name\":\"L\u00e4mmitetty takki Vulcan XXL - Magnet fishing with a Magnetar fishing magnet\",\"isPartOf\":{\"@id\":\"https:\\\/\\\/magnetarmagnets.com\\\/fi\\\/#website\"},\"primaryImageOfPage\":{\"@id\":\"https:\\\/\\\/magnetarmagnets.com\\\/fi\\\/shop\\\/lammitetty-takki-vulcan-xxl\\\/#primaryimage\"},\"image\":{\"@id\":\"https:\\\/\\\/magnetarmagnets.com\\\/fi\\\/shop\\\/lammitetty-takki-vulcan-xxl\\\/#primaryimage\"},\"thumbnailUrl\":\"https:\\\/\\\/magnetarmagnets.com\\\/wp-content\\\/uploads\\\/2021\\\/02\\\/heated-jacket-scaled.jpg\",\"datePublished\":\"2025-06-05T07:53:45+00:00\",\"dateModified\":\"2026-04-08T17:27:49+00:00\",\"description\":\"Ty\u00f6skenteletk\u00f6 ulkona kylm\u00e4n\u00e4 p\u00e4iv\u00e4n\u00e4? Viile\u00e4 kes\u00e4ilta? T\u00e4m\u00e4 mukava, tuulen- ja vedenkest\u00e4v\u00e4 l\u00e4mmitetty takki pit\u00e4\u00e4 sinut l\u00e4mpim\u00e4n\u00e4.\",\"breadcrumb\":{\"@id\":\"https:\\\/\\\/magnetarmagnets.com\\\/fi\\\/shop\\\/lammitetty-takki-vulcan-xxl\\\/#breadcrumb\"},\"inLanguage\":\"fi\",\"potentialAction\":[{\"@type\":\"ReadAction\",\"target\":[\"https:\\\/\\\/magnetarmagnets.com\\\/fi\\\/shop\\\/lammitetty-takki-vulcan-xxl\\\/\"]}]},{\"@type\":\"ImageObject\",\"inLanguage\":\"fi\",\"@id\":\"https:\\\/\\\/magnetarmagnets.com\\\/fi\\\/shop\\\/lammitetty-takki-vulcan-xxl\\\/#primaryimage\",\"url\":\"https:\\\/\\\/magnetarmagnets.com\\\/wp-content\\\/uploads\\\/2021\\\/02\\\/heated-jacket-scaled.jpg\",\"contentUrl\":\"https:\\\/\\\/magnetarmagnets.com\\\/wp-content\\\/uploads\\\/2021\\\/02\\\/heated-jacket-scaled.jpg\",\"width\":2560,\"height\":2560,\"caption\":\"heated jacket\"},{\"@type\":\"BreadcrumbList\",\"@id\":\"https:\\\/\\\/magnetarmagnets.com\\\/fi\\\/shop\\\/lammitetty-takki-vulcan-xxl\\\/#breadcrumb\",\"itemListElement\":[{\"@type\":\"ListItem\",\"position\":1,\"name\":\"Home\",\"item\":\"https:\\\/\\\/magnetarmagnets.com\\\/fi\\\/\"},{\"@type\":\"ListItem\",\"position\":2,\"name\":\"Verkkokauppa\",\"item\":\"https:\\\/\\\/magnetarmagnets.com\\\/verkkokauppa\\\/\"},{\"@type\":\"ListItem\",\"position\":3,\"name\":\"Kaikki tuotteet\",\"item\":\"https:\\\/\\\/magnetarmagnets.com\\\/fi\\\/collections\\\/kaikki-tuotteet\\\/\"},{\"@type\":\"ListItem\",\"position\":4,\"name\":\"L\u00e4mmitetty takki Vulcan XXL\"}]},{\"@type\":\"WebSite\",\"@id\":\"https:\\\/\\\/magnetarmagnets.com\\\/fi\\\/#website\",\"url\":\"https:\\\/\\\/magnetarmagnets.com\\\/fi\\\/\",\"name\":\"Magnet fishing with a Magnetar fishing magnet\",\"description\":\"Vahvat magneetit magneettikalastukseen\\n\\n\",\"publisher\":{\"@id\":\"https:\\\/\\\/magnetarmagnets.com\\\/fi\\\/#organization\"},\"potentialAction\":[{\"@type\":\"SearchAction\",\"target\":{\"@type\":\"EntryPoint\",\"urlTemplate\":\"https:\\\/\\\/magnetarmagnets.com\\\/fi\\\/?s={search_term_string}\"},\"query-input\":{\"@type\":\"PropertyValueSpecification\",\"valueRequired\":true,\"valueName\":\"search_term_string\"}}],\"inLanguage\":\"fi\"},{\"@type\":\"Organization\",\"@id\":\"https:\\\/\\\/magnetarmagnets.com\\\/fi\\\/#organization\",\"name\":\"Magnetar\",\"url\":\"https:\\\/\\\/magnetarmagnets.com\\\/fi\\\/\",\"logo\":{\"@type\":\"ImageObject\",\"inLanguage\":\"fi\",\"@id\":\"https:\\\/\\\/magnetarmagnets.com\\\/fi\\\/#\\\/schema\\\/logo\\\/image\\\/\",\"url\":\"https:\\\/\\\/magnetarmagnets.com\\\/wp-content\\\/uploads\\\/2025\\\/05\\\/Logo-03_PNG-Black-scaled.png\",\"contentUrl\":\"https:\\\/\\\/magnetarmagnets.com\\\/wp-content\\\/uploads\\\/2025\\\/05\\\/Logo-03_PNG-Black-scaled.png\",\"width\":2560,\"height\":1658,\"caption\":\"Magnetar\"},\"image\":{\"@id\":\"https:\\\/\\\/magnetarmagnets.com\\\/fi\\\/#\\\/schema\\\/logo\\\/image\\\/\"},\"sameAs\":[\"https:\\\/\\\/www.facebook.com\\\/fishingmagnets\\\/\",\"https:\\\/\\\/www.instagram.com\\\/magnetar_magnets\\\/\",\"https:\\\/\\\/www.linkedin.com\\\/company\\\/magnetarbv\\\/?originalSubdomain=nl\",\"https:\\\/\\\/www.youtube.com\\\/c\\\/MagnetarVismagneet\"]}]}<\/script>\n<!-- \/ Yoast SEO plugin. -->","yoast_head_json":{"title":"L\u00e4mmitetty takki Vulcan XXL - Magnet fishing with a Magnetar fishing magnet","description":"Ty\u00f6skenteletk\u00f6 ulkona kylm\u00e4n\u00e4 p\u00e4iv\u00e4n\u00e4? Viile\u00e4 kes\u00e4ilta? T\u00e4m\u00e4 mukava, tuulen- ja vedenkest\u00e4v\u00e4 l\u00e4mmitetty takki pit\u00e4\u00e4 sinut l\u00e4mpim\u00e4n\u00e4.","robots":{"index":"index","follow":"follow","max-snippet":"max-snippet:-1","max-image-preview":"max-image-preview:large","max-video-preview":"max-video-preview:-1"},"canonical":"https:\/\/magnetarmagnets.com\/fi\/shop\/lammitetty-takki-vulcan-xxl\/","og_locale":"fi_FI","og_type":"article","og_title":"L\u00e4mmitetty takki Vulcan XXL - Magnet fishing with a Magnetar fishing magnet","og_description":"Ty\u00f6skenteletk\u00f6 ulkona kylm\u00e4n\u00e4 p\u00e4iv\u00e4n\u00e4? Viile\u00e4 kes\u00e4ilta? T\u00e4m\u00e4 mukava, tuulen- ja vedenkest\u00e4v\u00e4 l\u00e4mmitetty takki pit\u00e4\u00e4 sinut l\u00e4mpim\u00e4n\u00e4.","og_url":"https:\/\/magnetarmagnets.com\/fi\/shop\/lammitetty-takki-vulcan-xxl\/","og_site_name":"Magnet fishing with a Magnetar fishing magnet","article_publisher":"https:\/\/www.facebook.com\/fishingmagnets\/","article_modified_time":"2026-04-08T17:27:49+00:00","og_image":[{"width":2560,"height":2560,"url":"https:\/\/magnetarmagnets.com\/wp-content\/uploads\/2021\/02\/heated-jacket-scaled.jpg","type":"image\/jpeg"}],"twitter_card":"summary_large_image","twitter_misc":{"Arvioitu lukuaika":"2 minuuttia"},"schema":{"@context":"https:\/\/schema.org","@graph":[{"@type":["WebPage","ItemPage"],"@id":"https:\/\/magnetarmagnets.com\/fi\/shop\/lammitetty-takki-vulcan-xxl\/","url":"https:\/\/magnetarmagnets.com\/fi\/shop\/lammitetty-takki-vulcan-xxl\/","name":"L\u00e4mmitetty takki Vulcan XXL - Magnet fishing with a Magnetar fishing magnet","isPartOf":{"@id":"https:\/\/magnetarmagnets.com\/fi\/#website"},"primaryImageOfPage":{"@id":"https:\/\/magnetarmagnets.com\/fi\/shop\/lammitetty-takki-vulcan-xxl\/#primaryimage"},"image":{"@id":"https:\/\/magnetarmagnets.com\/fi\/shop\/lammitetty-takki-vulcan-xxl\/#primaryimage"},"thumbnailUrl":"https:\/\/magnetarmagnets.com\/wp-content\/uploads\/2021\/02\/heated-jacket-scaled.jpg","datePublished":"2025-06-05T07:53:45+00:00","dateModified":"2026-04-08T17:27:49+00:00","description":"Ty\u00f6skenteletk\u00f6 ulkona kylm\u00e4n\u00e4 p\u00e4iv\u00e4n\u00e4? Viile\u00e4 kes\u00e4ilta? T\u00e4m\u00e4 mukava, tuulen- ja vedenkest\u00e4v\u00e4 l\u00e4mmitetty takki pit\u00e4\u00e4 sinut l\u00e4mpim\u00e4n\u00e4.","breadcrumb":{"@id":"https:\/\/magnetarmagnets.com\/fi\/shop\/lammitetty-takki-vulcan-xxl\/#breadcrumb"},"inLanguage":"fi","potentialAction":[{"@type":"ReadAction","target":["https:\/\/magnetarmagnets.com\/fi\/shop\/lammitetty-takki-vulcan-xxl\/"]}]},{"@type":"ImageObject","inLanguage":"fi","@id":"https:\/\/magnetarmagnets.com\/fi\/shop\/lammitetty-takki-vulcan-xxl\/#primaryimage","url":"https:\/\/magnetarmagnets.com\/wp-content\/uploads\/2021\/02\/heated-jacket-scaled.jpg","contentUrl":"https:\/\/magnetarmagnets.com\/wp-content\/uploads\/2021\/02\/heated-jacket-scaled.jpg","width":2560,"height":2560,"caption":"heated jacket"},{"@type":"BreadcrumbList","@id":"https:\/\/magnetarmagnets.com\/fi\/shop\/lammitetty-takki-vulcan-xxl\/#breadcrumb","itemListElement":[{"@type":"ListItem","position":1,"name":"Home","item":"https:\/\/magnetarmagnets.com\/fi\/"},{"@type":"ListItem","position":2,"name":"Verkkokauppa","item":"https:\/\/magnetarmagnets.com\/verkkokauppa\/"},{"@type":"ListItem","position":3,"name":"Kaikki tuotteet","item":"https:\/\/magnetarmagnets.com\/fi\/collections\/kaikki-tuotteet\/"},{"@type":"ListItem","position":4,"name":"L\u00e4mmitetty takki Vulcan XXL"}]},{"@type":"WebSite","@id":"https:\/\/magnetarmagnets.com\/fi\/#website","url":"https:\/\/magnetarmagnets.com\/fi\/","name":"Magnet fishing with a Magnetar fishing magnet","description":"Vahvat magneetit magneettikalastukseen\n\n","publisher":{"@id":"https:\/\/magnetarmagnets.com\/fi\/#organization"},"potentialAction":[{"@type":"SearchAction","target":{"@type":"EntryPoint","urlTemplate":"https:\/\/magnetarmagnets.com\/fi\/?s={search_term_string}"},"query-input":{"@type":"PropertyValueSpecification","valueRequired":true,"valueName":"search_term_string"}}],"inLanguage":"fi"},{"@type":"Organization","@id":"https:\/\/magnetarmagnets.com\/fi\/#organization","name":"Magnetar","url":"https:\/\/magnetarmagnets.com\/fi\/","logo":{"@type":"ImageObject","inLanguage":"fi","@id":"https:\/\/magnetarmagnets.com\/fi\/#\/schema\/logo\/image\/","url":"https:\/\/magnetarmagnets.com\/wp-content\/uploads\/2025\/05\/Logo-03_PNG-Black-scaled.png","contentUrl":"https:\/\/magnetarmagnets.com\/wp-content\/uploads\/2025\/05\/Logo-03_PNG-Black-scaled.png","width":2560,"height":1658,"caption":"Magnetar"},"image":{"@id":"https:\/\/magnetarmagnets.com\/fi\/#\/schema\/logo\/image\/"},"sameAs":["https:\/\/www.facebook.com\/fishingmagnets\/","https:\/\/www.instagram.com\/magnetar_magnets\/","https:\/\/www.linkedin.com\/company\/magnetarbv\/?originalSubdomain=nl","https:\/\/www.youtube.com\/c\/MagnetarVismagneet"]}]}},"_links":{"self":[{"href":"https:\/\/magnetarmagnets.com\/fi\/wp-json\/wp\/v2\/product\/85446","targetHints":{"allow":["GET"]}}],"collection":[{"href":"https:\/\/magnetarmagnets.com\/fi\/wp-json\/wp\/v2\/product"}],"about":[{"href":"https:\/\/magnetarmagnets.com\/fi\/wp-json\/wp\/v2\/types\/product"}],"replies":[{"embeddable":true,"href":"https:\/\/magnetarmagnets.com\/fi\/wp-json\/wp\/v2\/comments?post=85446"}],"version-history":[{"count":2,"href":"https:\/\/magnetarmagnets.com\/fi\/wp-json\/wp\/v2\/product\/85446\/revisions"}],"predecessor-version":[{"id":96133,"href":"https:\/\/magnetarmagnets.com\/fi\/wp-json\/wp\/v2\/product\/85446\/revisions\/96133"}],"wp:featuredmedia":[{"embeddable":true,"href":"https:\/\/magnetarmagnets.com\/fi\/wp-json\/wp\/v2\/media\/77854"}],"wp:attachment":[{"href":"https:\/\/magnetarmagnets.com\/fi\/wp-json\/wp\/v2\/media?parent=85446"}],"wp:term":[{"taxonomy":"product_brand","embeddable":true,"href":"https:\/\/magnetarmagnets.com\/fi\/wp-json\/wp\/v2\/product_brand?post=85446"},{"taxonomy":"product_cat","embeddable":true,"href":"https:\/\/magnetarmagnets.com\/fi\/wp-json\/wp\/v2\/product_cat?post=85446"},{"taxonomy":"product_tag","embeddable":true,"href":"https:\/\/magnetarmagnets.com\/fi\/wp-json\/wp\/v2\/product_tag?post=85446"}],"curies":[{"name":"wp","href":"https:\/\/api.w.org\/{rel}","templated":true}]}}