{"id":85445,"date":"2025-06-05T09:53:45","date_gmt":"2025-06-05T07:53:45","guid":{"rendered":"https:\/\/magnetarmagnets.com\/?post_type=product&#038;p=85445"},"modified":"2026-04-08T19:40:58","modified_gmt":"2026-04-08T17:40:58","slug":"lammitettava-takki-vulcan-xl","status":"publish","type":"product","link":"https:\/\/magnetarmagnets.com\/fi\/shop\/lammitettava-takki-vulcan-xl\/","title":{"rendered":"L\u00e4mmitett\u00e4v\u00e4 takki Vulcan XL"},"content":{"rendered":"<img fetchpriority=\"high\" decoding=\"async\" class=\"aligncenter size-full wp-image-51844\" src=\"https:\/\/magnetarmagnets.com\/wp-content\/uploads\/2021\/02\/Softshell-engels.png\" alt=\"l\u00e4mmitett\u00e4v\u00e4 takki, l\u00e4mmin takki, magnetar l\u00e4mp\u00f6, softshell, l\u00e4mmitys, ty\u00f6vaate\" width=\"764\" height=\"436\" srcset=\"https:\/\/magnetarmagnets.com\/wp-content\/uploads\/2021\/02\/Softshell-engels.png 764w, https:\/\/magnetarmagnets.com\/wp-content\/uploads\/2021\/02\/Softshell-engels-600x342.png 600w, https:\/\/magnetarmagnets.com\/wp-content\/uploads\/2021\/02\/Softshell-engels-300x171.png 300w\" sizes=\"(max-width: 764px) 100vw, 764px\" \/>\r\n\r\n<h2>Parhaat l\u00e4mmitett\u00e4v\u00e4t takit<\/h2>\r\n\r\n<strong>L\u00e4mmitett\u00e4v\u00e4 takki?<\/strong> L\u00e4mmitett\u00e4v\u00e4t takkimme pit\u00e4v\u00e4t sinut l\u00e4mpim\u00e4n\u00e4 jopa kylmempin\u00e4 p\u00e4ivin\u00e4. T\u00e4m\u00e4 akkuk\u00e4ytt\u00f6inen l\u00e4mmitett\u00e4v\u00e4 takki tarjoaa kolme l\u00e4mmitystasoa, joten voit aina valita miellytt\u00e4v\u00e4n l\u00e4mp\u00f6tilan. <a href=\"https:\/\/magnetarmagnets.com\/fi\/\" target=\"_blank\" rel=\"noopener\">Magneettikalastus<\/a> koko p\u00e4iv\u00e4n? Ty\u00f6skenteletk\u00f6 ulkona kylm\u00e4n\u00e4 p\u00e4iv\u00e4n\u00e4? Viile\u00e4 kes\u00e4ilta? T\u00e4m\u00e4 miellytt\u00e4v\u00e4, tuulen- ja vedenpit\u00e4v\u00e4 l\u00e4mmitett\u00e4v\u00e4 takki pit\u00e4\u00e4 sinut l\u00e4mpim\u00e4n\u00e4.\r\n\r\n<h2>Tuotetiedot l\u00e4mmitett\u00e4v\u00e4st\u00e4 takista<\/h2>\r\n\r\nMukana tuleva akku on k\u00e4nnyk\u00e4n kokoinen ja pit\u00e4\u00e4 sinut l\u00e4mpim\u00e4n\u00e4 jopa <strong>10 tuntia<\/strong> l\u00e4mmitystason mukaan. Takki toimitetaan <strong>akun ja laturin kanssa<\/strong>. Takki on valmistettu tuulen- ja vedenpit\u00e4v\u00e4st\u00e4 kankaasta ja siin\u00e4 on eritt\u00e4in pehme\u00e4 fleece-vuori sis\u00e4puolella, joka antaa sinulle t\u00e4ydellisen liikkumisvapauden ulkoilun aikana. T\u00e4m\u00e4n takin kanssa sinun ei tarvitse pakkautua useisiin vaatekerroksiin, esimerkiksi kun k\u00e4velet, ty\u00f6skentelet puutarhassa, kalastat tai py\u00f6r\u00e4ilet.\r\n\r\n\r\n\r\nL\u00e4mmitysvy\u00f6hykkeet antavat miellytt\u00e4v\u00e4n l\u00e4mm\u00f6n juuri yl\u00e4vartalon niill\u00e4 alueilla miss\u00e4 sit\u00e4 tarvitset, rinnalla ja sel\u00e4ss\u00e4. Matala, keskitaso ja korkea l\u00e4mmitystaso mahdollistavat ymp\u00e4rist\u00f6\u00f6n sopeutumisen ja l\u00e4mm\u00f6n yll\u00e4pit\u00e4misen koko p\u00e4iv\u00e4n ajan. Akku ladataan 3-4 tunnissa ja olet valmis l\u00e4htem\u00e4\u00e4n uudelleen.\r\n\r\n\r\n\r\nTakimme on valmistettu kest\u00e4v\u00e4st\u00e4 ja laadukkaasta materiaalista, joka pit\u00e4\u00e4 sinut l\u00e4mpim\u00e4n\u00e4 kaikissa s\u00e4\u00e4olosuhteissa.\r\n\r\n<h2>CE-hyv\u00e4ksytyt l\u00e4mmitett\u00e4v\u00e4t takit<\/h2>\r\n\r\nL\u00e4mmitett\u00e4v\u00e4t takkimme ovat CE-hyv\u00e4ksyttyj\u00e4. Tuemme tuotettamme t\u00e4ysin ja siksi tarjoamme <strong>1 vuoden takuun<\/strong>.","protected":false},"excerpt":{"rendered":"<p><span style=\"font-weight: 400;\">T\u00e4m\u00e4 on l\u00e4mmitett\u00e4v\u00e4 takki, jossa on l\u00e4mmitin ja 3 l\u00e4mp\u00f6tilan asetusta. Se pit\u00e4\u00e4 sinut l\u00e4mpim\u00e4n\u00e4 silloin kun tarvitset.<\/span><\/p>\n","protected":false},"featured_media":77854,"comment_status":"open","ping_status":"closed","template":"","meta":{"_acf_changed":false,"inline_featured_image":false},"product_brand":[],"product_cat":[1003],"product_tag":[],"class_list":{"0":"post-85445","1":"product","2":"type-product","3":"status-publish","4":"has-post-thumbnail","6":"product_cat-kaikki-tuotteet","8":"first","9":"instock","10":"sale","11":"taxable","12":"shipping-taxable","13":"purchasable","14":"product-type-simple"},"acf":[],"yoast_head":"<!-- This site is optimized with the Yoast SEO plugin v27.4 - https:\/\/yoast.com\/product\/yoast-seo-wordpress\/ -->\n<title>L\u00e4mmitett\u00e4v\u00e4 takki Vulcan XL - Magnet fishing with a Magnetar fishing magnet<\/title>\n<meta name=\"description\" content=\"Ty\u00f6skenteletk\u00f6 ulkona kylm\u00e4n\u00e4 p\u00e4iv\u00e4n\u00e4? Viile\u00e4 kes\u00e4ilta? T\u00e4m\u00e4 miellytt\u00e4v\u00e4, tuulen- ja vedenpit\u00e4v\u00e4 l\u00e4mmitett\u00e4v\u00e4 takki pit\u00e4\u00e4 sinut l\u00e4mpim\u00e4n\u00e4.\" \/>\n<meta name=\"robots\" content=\"index, follow, max-snippet:-1, max-image-preview:large, max-video-preview:-1\" \/>\n<link rel=\"canonical\" href=\"https:\/\/magnetarmagnets.com\/fi\/shop\/lammitettava-takki-vulcan-xl\/\" \/>\n<meta property=\"og:locale\" content=\"fi_FI\" \/>\n<meta property=\"og:type\" content=\"article\" \/>\n<meta property=\"og:title\" content=\"L\u00e4mmitett\u00e4v\u00e4 takki Vulcan XL - Magnet fishing with a Magnetar fishing magnet\" \/>\n<meta property=\"og:description\" content=\"Ty\u00f6skenteletk\u00f6 ulkona kylm\u00e4n\u00e4 p\u00e4iv\u00e4n\u00e4? Viile\u00e4 kes\u00e4ilta? T\u00e4m\u00e4 miellytt\u00e4v\u00e4, tuulen- ja vedenpit\u00e4v\u00e4 l\u00e4mmitett\u00e4v\u00e4 takki pit\u00e4\u00e4 sinut l\u00e4mpim\u00e4n\u00e4.\" \/>\n<meta property=\"og:url\" content=\"https:\/\/magnetarmagnets.com\/fi\/shop\/lammitettava-takki-vulcan-xl\/\" \/>\n<meta property=\"og:site_name\" content=\"Magnet fishing with a Magnetar fishing magnet\" \/>\n<meta property=\"article:publisher\" content=\"https:\/\/www.facebook.com\/fishingmagnets\/\" \/>\n<meta property=\"article:modified_time\" content=\"2026-04-08T17:40:58+00:00\" \/>\n<meta property=\"og:image\" content=\"https:\/\/magnetarmagnets.com\/wp-content\/uploads\/2021\/02\/heated-jacket-scaled.jpg\" \/>\n\t<meta property=\"og:image:width\" content=\"2560\" \/>\n\t<meta property=\"og:image:height\" content=\"2560\" \/>\n\t<meta property=\"og:image:type\" content=\"image\/jpeg\" \/>\n<meta name=\"twitter:card\" content=\"summary_large_image\" \/>\n<meta name=\"twitter:label1\" content=\"Arvioitu lukuaika\" \/>\n\t<meta name=\"twitter:data1\" content=\"2 minuuttia\" \/>\n<script type=\"application\/ld+json\" class=\"yoast-schema-graph\">{\"@context\":\"https:\\\/\\\/schema.org\",\"@graph\":[{\"@type\":[\"WebPage\",\"ItemPage\"],\"@id\":\"https:\\\/\\\/magnetarmagnets.com\\\/fi\\\/shop\\\/lammitettava-takki-vulcan-xl\\\/\",\"url\":\"https:\\\/\\\/magnetarmagnets.com\\\/fi\\\/shop\\\/lammitettava-takki-vulcan-xl\\\/\",\"name\":\"L\u00e4mmitett\u00e4v\u00e4 takki Vulcan XL - Magnet fishing with a Magnetar fishing magnet\",\"isPartOf\":{\"@id\":\"https:\\\/\\\/magnetarmagnets.com\\\/fi\\\/#website\"},\"primaryImageOfPage\":{\"@id\":\"https:\\\/\\\/magnetarmagnets.com\\\/fi\\\/shop\\\/lammitettava-takki-vulcan-xl\\\/#primaryimage\"},\"image\":{\"@id\":\"https:\\\/\\\/magnetarmagnets.com\\\/fi\\\/shop\\\/lammitettava-takki-vulcan-xl\\\/#primaryimage\"},\"thumbnailUrl\":\"https:\\\/\\\/magnetarmagnets.com\\\/wp-content\\\/uploads\\\/2021\\\/02\\\/heated-jacket-scaled.jpg\",\"datePublished\":\"2025-06-05T07:53:45+00:00\",\"dateModified\":\"2026-04-08T17:40:58+00:00\",\"description\":\"Ty\u00f6skenteletk\u00f6 ulkona kylm\u00e4n\u00e4 p\u00e4iv\u00e4n\u00e4? Viile\u00e4 kes\u00e4ilta? T\u00e4m\u00e4 miellytt\u00e4v\u00e4, tuulen- ja vedenpit\u00e4v\u00e4 l\u00e4mmitett\u00e4v\u00e4 takki pit\u00e4\u00e4 sinut l\u00e4mpim\u00e4n\u00e4.\",\"breadcrumb\":{\"@id\":\"https:\\\/\\\/magnetarmagnets.com\\\/fi\\\/shop\\\/lammitettava-takki-vulcan-xl\\\/#breadcrumb\"},\"inLanguage\":\"fi\",\"potentialAction\":[{\"@type\":\"ReadAction\",\"target\":[\"https:\\\/\\\/magnetarmagnets.com\\\/fi\\\/shop\\\/lammitettava-takki-vulcan-xl\\\/\"]}]},{\"@type\":\"ImageObject\",\"inLanguage\":\"fi\",\"@id\":\"https:\\\/\\\/magnetarmagnets.com\\\/fi\\\/shop\\\/lammitettava-takki-vulcan-xl\\\/#primaryimage\",\"url\":\"https:\\\/\\\/magnetarmagnets.com\\\/wp-content\\\/uploads\\\/2021\\\/02\\\/heated-jacket-scaled.jpg\",\"contentUrl\":\"https:\\\/\\\/magnetarmagnets.com\\\/wp-content\\\/uploads\\\/2021\\\/02\\\/heated-jacket-scaled.jpg\",\"width\":2560,\"height\":2560,\"caption\":\"heated jacket\"},{\"@type\":\"BreadcrumbList\",\"@id\":\"https:\\\/\\\/magnetarmagnets.com\\\/fi\\\/shop\\\/lammitettava-takki-vulcan-xl\\\/#breadcrumb\",\"itemListElement\":[{\"@type\":\"ListItem\",\"position\":1,\"name\":\"Home\",\"item\":\"https:\\\/\\\/magnetarmagnets.com\\\/fi\\\/\"},{\"@type\":\"ListItem\",\"position\":2,\"name\":\"Verkkokauppa\",\"item\":\"https:\\\/\\\/magnetarmagnets.com\\\/verkkokauppa\\\/\"},{\"@type\":\"ListItem\",\"position\":3,\"name\":\"Kaikki tuotteet\",\"item\":\"https:\\\/\\\/magnetarmagnets.com\\\/fi\\\/collections\\\/kaikki-tuotteet\\\/\"},{\"@type\":\"ListItem\",\"position\":4,\"name\":\"L\u00e4mmitett\u00e4v\u00e4 takki Vulcan XL\"}]},{\"@type\":\"WebSite\",\"@id\":\"https:\\\/\\\/magnetarmagnets.com\\\/fi\\\/#website\",\"url\":\"https:\\\/\\\/magnetarmagnets.com\\\/fi\\\/\",\"name\":\"Magnet fishing with a Magnetar fishing magnet\",\"description\":\"Vahvat magneetit magneettikalastukseen\\n\\n\",\"publisher\":{\"@id\":\"https:\\\/\\\/magnetarmagnets.com\\\/fi\\\/#organization\"},\"potentialAction\":[{\"@type\":\"SearchAction\",\"target\":{\"@type\":\"EntryPoint\",\"urlTemplate\":\"https:\\\/\\\/magnetarmagnets.com\\\/fi\\\/?s={search_term_string}\"},\"query-input\":{\"@type\":\"PropertyValueSpecification\",\"valueRequired\":true,\"valueName\":\"search_term_string\"}}],\"inLanguage\":\"fi\"},{\"@type\":\"Organization\",\"@id\":\"https:\\\/\\\/magnetarmagnets.com\\\/fi\\\/#organization\",\"name\":\"Magnetar\",\"url\":\"https:\\\/\\\/magnetarmagnets.com\\\/fi\\\/\",\"logo\":{\"@type\":\"ImageObject\",\"inLanguage\":\"fi\",\"@id\":\"https:\\\/\\\/magnetarmagnets.com\\\/fi\\\/#\\\/schema\\\/logo\\\/image\\\/\",\"url\":\"https:\\\/\\\/magnetarmagnets.com\\\/wp-content\\\/uploads\\\/2025\\\/05\\\/Logo-03_PNG-Black-scaled.png\",\"contentUrl\":\"https:\\\/\\\/magnetarmagnets.com\\\/wp-content\\\/uploads\\\/2025\\\/05\\\/Logo-03_PNG-Black-scaled.png\",\"width\":2560,\"height\":1658,\"caption\":\"Magnetar\"},\"image\":{\"@id\":\"https:\\\/\\\/magnetarmagnets.com\\\/fi\\\/#\\\/schema\\\/logo\\\/image\\\/\"},\"sameAs\":[\"https:\\\/\\\/www.facebook.com\\\/fishingmagnets\\\/\",\"https:\\\/\\\/www.instagram.com\\\/magnetar_magnets\\\/\",\"https:\\\/\\\/www.linkedin.com\\\/company\\\/magnetarbv\\\/?originalSubdomain=nl\",\"https:\\\/\\\/www.youtube.com\\\/c\\\/MagnetarVismagneet\"]}]}<\/script>\n<!-- \/ Yoast SEO plugin. -->","yoast_head_json":{"title":"L\u00e4mmitett\u00e4v\u00e4 takki Vulcan XL - Magnet fishing with a Magnetar fishing magnet","description":"Ty\u00f6skenteletk\u00f6 ulkona kylm\u00e4n\u00e4 p\u00e4iv\u00e4n\u00e4? Viile\u00e4 kes\u00e4ilta? T\u00e4m\u00e4 miellytt\u00e4v\u00e4, tuulen- ja vedenpit\u00e4v\u00e4 l\u00e4mmitett\u00e4v\u00e4 takki pit\u00e4\u00e4 sinut l\u00e4mpim\u00e4n\u00e4.","robots":{"index":"index","follow":"follow","max-snippet":"max-snippet:-1","max-image-preview":"max-image-preview:large","max-video-preview":"max-video-preview:-1"},"canonical":"https:\/\/magnetarmagnets.com\/fi\/shop\/lammitettava-takki-vulcan-xl\/","og_locale":"fi_FI","og_type":"article","og_title":"L\u00e4mmitett\u00e4v\u00e4 takki Vulcan XL - Magnet fishing with a Magnetar fishing magnet","og_description":"Ty\u00f6skenteletk\u00f6 ulkona kylm\u00e4n\u00e4 p\u00e4iv\u00e4n\u00e4? Viile\u00e4 kes\u00e4ilta? T\u00e4m\u00e4 miellytt\u00e4v\u00e4, tuulen- ja vedenpit\u00e4v\u00e4 l\u00e4mmitett\u00e4v\u00e4 takki pit\u00e4\u00e4 sinut l\u00e4mpim\u00e4n\u00e4.","og_url":"https:\/\/magnetarmagnets.com\/fi\/shop\/lammitettava-takki-vulcan-xl\/","og_site_name":"Magnet fishing with a Magnetar fishing magnet","article_publisher":"https:\/\/www.facebook.com\/fishingmagnets\/","article_modified_time":"2026-04-08T17:40:58+00:00","og_image":[{"width":2560,"height":2560,"url":"https:\/\/magnetarmagnets.com\/wp-content\/uploads\/2021\/02\/heated-jacket-scaled.jpg","type":"image\/jpeg"}],"twitter_card":"summary_large_image","twitter_misc":{"Arvioitu lukuaika":"2 minuuttia"},"schema":{"@context":"https:\/\/schema.org","@graph":[{"@type":["WebPage","ItemPage"],"@id":"https:\/\/magnetarmagnets.com\/fi\/shop\/lammitettava-takki-vulcan-xl\/","url":"https:\/\/magnetarmagnets.com\/fi\/shop\/lammitettava-takki-vulcan-xl\/","name":"L\u00e4mmitett\u00e4v\u00e4 takki Vulcan XL - Magnet fishing with a Magnetar fishing magnet","isPartOf":{"@id":"https:\/\/magnetarmagnets.com\/fi\/#website"},"primaryImageOfPage":{"@id":"https:\/\/magnetarmagnets.com\/fi\/shop\/lammitettava-takki-vulcan-xl\/#primaryimage"},"image":{"@id":"https:\/\/magnetarmagnets.com\/fi\/shop\/lammitettava-takki-vulcan-xl\/#primaryimage"},"thumbnailUrl":"https:\/\/magnetarmagnets.com\/wp-content\/uploads\/2021\/02\/heated-jacket-scaled.jpg","datePublished":"2025-06-05T07:53:45+00:00","dateModified":"2026-04-08T17:40:58+00:00","description":"Ty\u00f6skenteletk\u00f6 ulkona kylm\u00e4n\u00e4 p\u00e4iv\u00e4n\u00e4? Viile\u00e4 kes\u00e4ilta? T\u00e4m\u00e4 miellytt\u00e4v\u00e4, tuulen- ja vedenpit\u00e4v\u00e4 l\u00e4mmitett\u00e4v\u00e4 takki pit\u00e4\u00e4 sinut l\u00e4mpim\u00e4n\u00e4.","breadcrumb":{"@id":"https:\/\/magnetarmagnets.com\/fi\/shop\/lammitettava-takki-vulcan-xl\/#breadcrumb"},"inLanguage":"fi","potentialAction":[{"@type":"ReadAction","target":["https:\/\/magnetarmagnets.com\/fi\/shop\/lammitettava-takki-vulcan-xl\/"]}]},{"@type":"ImageObject","inLanguage":"fi","@id":"https:\/\/magnetarmagnets.com\/fi\/shop\/lammitettava-takki-vulcan-xl\/#primaryimage","url":"https:\/\/magnetarmagnets.com\/wp-content\/uploads\/2021\/02\/heated-jacket-scaled.jpg","contentUrl":"https:\/\/magnetarmagnets.com\/wp-content\/uploads\/2021\/02\/heated-jacket-scaled.jpg","width":2560,"height":2560,"caption":"heated jacket"},{"@type":"BreadcrumbList","@id":"https:\/\/magnetarmagnets.com\/fi\/shop\/lammitettava-takki-vulcan-xl\/#breadcrumb","itemListElement":[{"@type":"ListItem","position":1,"name":"Home","item":"https:\/\/magnetarmagnets.com\/fi\/"},{"@type":"ListItem","position":2,"name":"Verkkokauppa","item":"https:\/\/magnetarmagnets.com\/verkkokauppa\/"},{"@type":"ListItem","position":3,"name":"Kaikki tuotteet","item":"https:\/\/magnetarmagnets.com\/fi\/collections\/kaikki-tuotteet\/"},{"@type":"ListItem","position":4,"name":"L\u00e4mmitett\u00e4v\u00e4 takki Vulcan XL"}]},{"@type":"WebSite","@id":"https:\/\/magnetarmagnets.com\/fi\/#website","url":"https:\/\/magnetarmagnets.com\/fi\/","name":"Magnet fishing with a Magnetar fishing magnet","description":"Vahvat magneetit magneettikalastukseen\n\n","publisher":{"@id":"https:\/\/magnetarmagnets.com\/fi\/#organization"},"potentialAction":[{"@type":"SearchAction","target":{"@type":"EntryPoint","urlTemplate":"https:\/\/magnetarmagnets.com\/fi\/?s={search_term_string}"},"query-input":{"@type":"PropertyValueSpecification","valueRequired":true,"valueName":"search_term_string"}}],"inLanguage":"fi"},{"@type":"Organization","@id":"https:\/\/magnetarmagnets.com\/fi\/#organization","name":"Magnetar","url":"https:\/\/magnetarmagnets.com\/fi\/","logo":{"@type":"ImageObject","inLanguage":"fi","@id":"https:\/\/magnetarmagnets.com\/fi\/#\/schema\/logo\/image\/","url":"https:\/\/magnetarmagnets.com\/wp-content\/uploads\/2025\/05\/Logo-03_PNG-Black-scaled.png","contentUrl":"https:\/\/magnetarmagnets.com\/wp-content\/uploads\/2025\/05\/Logo-03_PNG-Black-scaled.png","width":2560,"height":1658,"caption":"Magnetar"},"image":{"@id":"https:\/\/magnetarmagnets.com\/fi\/#\/schema\/logo\/image\/"},"sameAs":["https:\/\/www.facebook.com\/fishingmagnets\/","https:\/\/www.instagram.com\/magnetar_magnets\/","https:\/\/www.linkedin.com\/company\/magnetarbv\/?originalSubdomain=nl","https:\/\/www.youtube.com\/c\/MagnetarVismagneet"]}]}},"_links":{"self":[{"href":"https:\/\/magnetarmagnets.com\/fi\/wp-json\/wp\/v2\/product\/85445","targetHints":{"allow":["GET"]}}],"collection":[{"href":"https:\/\/magnetarmagnets.com\/fi\/wp-json\/wp\/v2\/product"}],"about":[{"href":"https:\/\/magnetarmagnets.com\/fi\/wp-json\/wp\/v2\/types\/product"}],"replies":[{"embeddable":true,"href":"https:\/\/magnetarmagnets.com\/fi\/wp-json\/wp\/v2\/comments?post=85445"}],"version-history":[{"count":2,"href":"https:\/\/magnetarmagnets.com\/fi\/wp-json\/wp\/v2\/product\/85445\/revisions"}],"predecessor-version":[{"id":96144,"href":"https:\/\/magnetarmagnets.com\/fi\/wp-json\/wp\/v2\/product\/85445\/revisions\/96144"}],"wp:featuredmedia":[{"embeddable":true,"href":"https:\/\/magnetarmagnets.com\/fi\/wp-json\/wp\/v2\/media\/77854"}],"wp:attachment":[{"href":"https:\/\/magnetarmagnets.com\/fi\/wp-json\/wp\/v2\/media?parent=85445"}],"wp:term":[{"taxonomy":"product_brand","embeddable":true,"href":"https:\/\/magnetarmagnets.com\/fi\/wp-json\/wp\/v2\/product_brand?post=85445"},{"taxonomy":"product_cat","embeddable":true,"href":"https:\/\/magnetarmagnets.com\/fi\/wp-json\/wp\/v2\/product_cat?post=85445"},{"taxonomy":"product_tag","embeddable":true,"href":"https:\/\/magnetarmagnets.com\/fi\/wp-json\/wp\/v2\/product_tag?post=85445"}],"curies":[{"name":"wp","href":"https:\/\/api.w.org\/{rel}","templated":true}]}}