{"id":85430,"date":"2025-08-26T09:44:16","date_gmt":"2025-08-26T07:44:16","guid":{"rendered":"https:\/\/magnetarmagnets.com\/?post_type=product&#038;p=85430"},"modified":"2025-08-26T12:02:18","modified_gmt":"2025-08-26T10:02:18","slug":"lammitettava-takki-vulcan","status":"publish","type":"product","link":"https:\/\/magnetarmagnets.com\/fi\/shop\/lammitettava-takki-vulcan\/","title":{"rendered":"L\u00e4mmitett\u00e4v\u00e4 takki Vulcan"},"content":{"rendered":"<img fetchpriority=\"high\" decoding=\"async\" class=\"aligncenter size-full wp-image-51844\" src=\"https:\/\/magnetarmagnets.com\/wp-content\/uploads\/2021\/02\/Softshell-engels.png\" alt=\"l\u00e4mmitett\u00e4v\u00e4 takki, l\u00e4mmin takki, magnetar-l\u00e4mp\u00f6, softshell, l\u00e4mp\u00f6, ty\u00f6vaate\" width=\"764\" height=\"436\" srcset=\"https:\/\/magnetarmagnets.com\/wp-content\/uploads\/2021\/02\/Softshell-engels.png 764w, https:\/\/magnetarmagnets.com\/wp-content\/uploads\/2021\/02\/Softshell-engels-600x342.png 600w, https:\/\/magnetarmagnets.com\/wp-content\/uploads\/2021\/02\/Softshell-engels-300x171.png 300w\" sizes=\"(max-width: 764px) 100vw, 764px\" \/>\n\n<h2>Parhaat l\u00e4mmitett\u00e4v\u00e4t takit<\/h2>\n\n<strong>L\u00e4mmitett\u00e4v\u00e4 takki?<\/strong> L\u00e4mmitett\u00e4v\u00e4t takkimme pit\u00e4v\u00e4t sinut l\u00e4mpim\u00e4n\u00e4 my\u00f6s kylmin\u00e4 p\u00e4ivin\u00e4. T\u00e4m\u00e4 akkuk\u00e4ytt\u00f6inen l\u00e4mmitett\u00e4v\u00e4 takki tarjoaa kolme l\u00e4mp\u00f6tilan s\u00e4\u00e4t\u00f6\u00e4, joten voit aina valita sopivan l\u00e4mp\u00f6tilan. Ty\u00f6skenteletk\u00f6 ulkona kylm\u00e4ss\u00e4 s\u00e4\u00e4ss\u00e4? Viile\u00e4n\u00e4 kes\u00e4iltana? T\u00e4m\u00e4 mukava tuuli- ja vedenpit\u00e4v\u00e4 l\u00e4mmitett\u00e4v\u00e4 takki pit\u00e4\u00e4 sinut l\u00e4mpim\u00e4n\u00e4.\n\n<h2>Tuotetiedot L\u00e4mmitett\u00e4v\u00e4st\u00e4 takista<\/h2>\n\nMukana oleva akku on kooltaan kuin matkapuhelin ja voi pit\u00e4\u00e4 sinut l\u00e4mpim\u00e4n\u00e4 jopa <strong>10 tuntia<\/strong> l\u00e4mmitystasosta riippuen. Takki toimitetaan <strong>akun ja laturin kanssa<\/strong>. Takki on valmistettu tuuli- ja vedenkest\u00e4v\u00e4st\u00e4 kankaasta ja siin\u00e4 on pehme\u00e4 vuori, joka tarjoaa t\u00e4ydellisen liikkumisvapauden ulkoilutoimintojesi aikana. T\u00e4m\u00e4n takin ansiosta sinun ei tarvitse pukeutua useisiin kerroksiin esimerkiksi k\u00e4velyretkell\u00e4, pihat\u00f6iss\u00e4, kalastuksessa tai py\u00f6r\u00e4illess\u00e4.\n\n\n\nL\u00e4mmitysvy\u00f6hykkeet tarjoavat miellytt\u00e4v\u00e4\u00e4 l\u00e4mp\u00f6\u00e4 juuri niille kehon yl\u00e4osan alueille, joissa sit\u00e4 tarvitset, rintaan ja selk\u00e4\u00e4n. Matala, keski-, ja korkea l\u00e4mmitystasot antavat mahdollisuuden sopeutua olosuhteisiin ja pysy\u00e4 l\u00e4mpim\u00e4n\u00e4 koko p\u00e4iv\u00e4n ajan. Sen j\u00e4lkeen akku latautuu 3-4 tunnissa ja takki on taas k\u00e4ytt\u00f6valmis.\n\n\n\nTakkimme on valmistettu kest\u00e4v\u00e4st\u00e4 ja korkealaatuisesta materiaalista, joka pit\u00e4\u00e4 sinut l\u00e4mpim\u00e4n\u00e4 kaikkiin s\u00e4\u00e4olosuhteisiin.\n\n<h2>CE-hyv\u00e4ksytyt l\u00e4mmitett\u00e4v\u00e4t takit<\/h2>\n\nL\u00e4mmitett\u00e4v\u00e4t takkimme ovat CE-hyv\u00e4ksyttyj\u00e4. Tuemme t\u00e4ysin tuotteitamme ja tarjoamme <strong>1 vuoden takuun<\/strong>.","protected":false},"excerpt":{"rendered":"<p><span style=\"font-weight: 400;\">T\u00e4m\u00e4 on l\u00e4mmitett\u00e4v\u00e4 takki, jossa on l\u00e4mmitin ja kolme l\u00e4mp\u00f6tilan s\u00e4\u00e4t\u00f6\u00e4. Pit\u00e4\u00e4 sinut l\u00e4mpim\u00e4n\u00e4 silloin, kun sit\u00e4 tarvitset.<\/span><\/p>\n","protected":false},"featured_media":65566,"comment_status":"open","ping_status":"closed","template":"","meta":{"_acf_changed":false,"inline_featured_image":false},"product_brand":[],"product_cat":[268,271],"product_tag":[],"class_list":{"0":"post-85430","1":"product","2":"type-product","3":"status-publish","4":"has-post-thumbnail","6":"product_cat-utrustning","7":"product_cat-varmeklader","9":"first","10":"instock","11":"sale","12":"taxable","13":"shipping-taxable","14":"product-type-grouped"},"acf":[],"yoast_head":"<!-- This site is optimized with the Yoast SEO plugin v27.3 - https:\/\/yoast.com\/product\/yoast-seo-wordpress\/ -->\n<title>L\u00e4mmitett\u00e4v\u00e4 takki Vulcan - Magnet fishing with a Magnetar fishing magnet<\/title>\n<meta name=\"description\" content=\"L\u00e4mmitett\u00e4v\u00e4 takki Vulcan - Pysy l\u00e4mpim\u00e4n\u00e4 Magnetarin kanssa\" \/>\n<meta name=\"robots\" content=\"index, follow, max-snippet:-1, max-image-preview:large, max-video-preview:-1\" \/>\n<link rel=\"canonical\" href=\"https:\/\/magnetarmagnets.com\/fi\/shop\/lammitettava-takki-vulcan\/\" \/>\n<meta property=\"og:locale\" content=\"fi_FI\" \/>\n<meta property=\"og:type\" content=\"article\" \/>\n<meta property=\"og:title\" content=\"L\u00e4mmitett\u00e4v\u00e4 takki Vulcan - Magnet fishing with a Magnetar fishing magnet\" \/>\n<meta property=\"og:description\" content=\"L\u00e4mmitett\u00e4v\u00e4 takki Vulcan - Pysy l\u00e4mpim\u00e4n\u00e4 Magnetarin kanssa\" \/>\n<meta property=\"og:url\" content=\"https:\/\/magnetarmagnets.com\/fi\/shop\/lammitettava-takki-vulcan\/\" \/>\n<meta property=\"og:site_name\" content=\"Magnet fishing with a Magnetar fishing magnet\" \/>\n<meta property=\"article:publisher\" content=\"https:\/\/www.facebook.com\/fishingmagnets\/\" \/>\n<meta property=\"article:modified_time\" content=\"2025-08-26T10:02:18+00:00\" \/>\n<meta property=\"og:image\" content=\"https:\/\/magnetarmagnets.com\/wp-content\/uploads\/2023\/09\/1-3.jpg\" \/>\n\t<meta property=\"og:image:width\" content=\"1500\" \/>\n\t<meta property=\"og:image:height\" content=\"1500\" \/>\n\t<meta property=\"og:image:type\" content=\"image\/jpeg\" \/>\n<meta name=\"twitter:card\" content=\"summary_large_image\" \/>\n<meta name=\"twitter:label1\" content=\"Arvioitu lukuaika\" \/>\n\t<meta name=\"twitter:data1\" content=\"2 minuuttia\" \/>\n<script type=\"application\/ld+json\" class=\"yoast-schema-graph\">{\"@context\":\"https:\\\/\\\/schema.org\",\"@graph\":[{\"@type\":[\"WebPage\",\"ItemPage\"],\"@id\":\"https:\\\/\\\/magnetarmagnets.com\\\/fi\\\/shop\\\/lammitettava-takki-vulcan\\\/\",\"url\":\"https:\\\/\\\/magnetarmagnets.com\\\/fi\\\/shop\\\/lammitettava-takki-vulcan\\\/\",\"name\":\"L\u00e4mmitett\u00e4v\u00e4 takki Vulcan - Magnet fishing with a Magnetar fishing magnet\",\"isPartOf\":{\"@id\":\"https:\\\/\\\/magnetarmagnets.com\\\/fi\\\/#website\"},\"primaryImageOfPage\":{\"@id\":\"https:\\\/\\\/magnetarmagnets.com\\\/fi\\\/shop\\\/lammitettava-takki-vulcan\\\/#primaryimage\"},\"image\":{\"@id\":\"https:\\\/\\\/magnetarmagnets.com\\\/fi\\\/shop\\\/lammitettava-takki-vulcan\\\/#primaryimage\"},\"thumbnailUrl\":\"https:\\\/\\\/magnetarmagnets.com\\\/wp-content\\\/uploads\\\/2023\\\/09\\\/1-3.jpg\",\"datePublished\":\"2025-08-26T07:44:16+00:00\",\"dateModified\":\"2025-08-26T10:02:18+00:00\",\"description\":\"L\u00e4mmitett\u00e4v\u00e4 takki Vulcan - Pysy l\u00e4mpim\u00e4n\u00e4 Magnetarin kanssa\",\"breadcrumb\":{\"@id\":\"https:\\\/\\\/magnetarmagnets.com\\\/fi\\\/shop\\\/lammitettava-takki-vulcan\\\/#breadcrumb\"},\"inLanguage\":\"fi\",\"potentialAction\":[{\"@type\":\"ReadAction\",\"target\":[\"https:\\\/\\\/magnetarmagnets.com\\\/fi\\\/shop\\\/lammitettava-takki-vulcan\\\/\"]}]},{\"@type\":\"ImageObject\",\"inLanguage\":\"fi\",\"@id\":\"https:\\\/\\\/magnetarmagnets.com\\\/fi\\\/shop\\\/lammitettava-takki-vulcan\\\/#primaryimage\",\"url\":\"https:\\\/\\\/magnetarmagnets.com\\\/wp-content\\\/uploads\\\/2023\\\/09\\\/1-3.jpg\",\"contentUrl\":\"https:\\\/\\\/magnetarmagnets.com\\\/wp-content\\\/uploads\\\/2023\\\/09\\\/1-3.jpg\",\"width\":1500,\"height\":1500},{\"@type\":\"BreadcrumbList\",\"@id\":\"https:\\\/\\\/magnetarmagnets.com\\\/fi\\\/shop\\\/lammitettava-takki-vulcan\\\/#breadcrumb\",\"itemListElement\":[{\"@type\":\"ListItem\",\"position\":1,\"name\":\"Home\",\"item\":\"https:\\\/\\\/magnetarmagnets.com\\\/fi\\\/\"},{\"@type\":\"ListItem\",\"position\":2,\"name\":\"Verkkokauppa\",\"item\":\"https:\\\/\\\/magnetarmagnets.com\\\/verkkokauppa\\\/\"},{\"@type\":\"ListItem\",\"position\":3,\"name\":\"Varusteet\",\"item\":\"https:\\\/\\\/magnetarmagnets.com\\\/fi\\\/collections\\\/varusteet\\\/\"},{\"@type\":\"ListItem\",\"position\":4,\"name\":\"L\u00e4mmitett\u00e4v\u00e4t vaatteet\",\"item\":\"https:\\\/\\\/magnetarmagnets.com\\\/fi\\\/collections\\\/varusteet\\\/lammitettavat-vaatteet\\\/\"},{\"@type\":\"ListItem\",\"position\":5,\"name\":\"L\u00e4mmitett\u00e4v\u00e4 takki Vulcan\"}]},{\"@type\":\"WebSite\",\"@id\":\"https:\\\/\\\/magnetarmagnets.com\\\/fi\\\/#website\",\"url\":\"https:\\\/\\\/magnetarmagnets.com\\\/fi\\\/\",\"name\":\"Magnet fishing with a Magnetar fishing magnet\",\"description\":\"Vahvat magneetit magneettikalastukseen\\n\\n\",\"publisher\":{\"@id\":\"https:\\\/\\\/magnetarmagnets.com\\\/fi\\\/#organization\"},\"potentialAction\":[{\"@type\":\"SearchAction\",\"target\":{\"@type\":\"EntryPoint\",\"urlTemplate\":\"https:\\\/\\\/magnetarmagnets.com\\\/fi\\\/?s={search_term_string}\"},\"query-input\":{\"@type\":\"PropertyValueSpecification\",\"valueRequired\":true,\"valueName\":\"search_term_string\"}}],\"inLanguage\":\"fi\"},{\"@type\":\"Organization\",\"@id\":\"https:\\\/\\\/magnetarmagnets.com\\\/fi\\\/#organization\",\"name\":\"Magnetar\",\"url\":\"https:\\\/\\\/magnetarmagnets.com\\\/fi\\\/\",\"logo\":{\"@type\":\"ImageObject\",\"inLanguage\":\"fi\",\"@id\":\"https:\\\/\\\/magnetarmagnets.com\\\/fi\\\/#\\\/schema\\\/logo\\\/image\\\/\",\"url\":\"https:\\\/\\\/magnetarmagnets.com\\\/wp-content\\\/uploads\\\/2025\\\/05\\\/Logo-03_PNG-Black-scaled.png\",\"contentUrl\":\"https:\\\/\\\/magnetarmagnets.com\\\/wp-content\\\/uploads\\\/2025\\\/05\\\/Logo-03_PNG-Black-scaled.png\",\"width\":2560,\"height\":1658,\"caption\":\"Magnetar\"},\"image\":{\"@id\":\"https:\\\/\\\/magnetarmagnets.com\\\/fi\\\/#\\\/schema\\\/logo\\\/image\\\/\"},\"sameAs\":[\"https:\\\/\\\/www.facebook.com\\\/fishingmagnets\\\/\",\"https:\\\/\\\/www.instagram.com\\\/magnetar_magnets\\\/\",\"https:\\\/\\\/www.linkedin.com\\\/company\\\/magnetarbv\\\/?originalSubdomain=nl\",\"https:\\\/\\\/www.youtube.com\\\/c\\\/MagnetarVismagneet\"]}]}<\/script>\n<!-- \/ Yoast SEO plugin. -->","yoast_head_json":{"title":"L\u00e4mmitett\u00e4v\u00e4 takki Vulcan - Magnet fishing with a Magnetar fishing magnet","description":"L\u00e4mmitett\u00e4v\u00e4 takki Vulcan - Pysy l\u00e4mpim\u00e4n\u00e4 Magnetarin kanssa","robots":{"index":"index","follow":"follow","max-snippet":"max-snippet:-1","max-image-preview":"max-image-preview:large","max-video-preview":"max-video-preview:-1"},"canonical":"https:\/\/magnetarmagnets.com\/fi\/shop\/lammitettava-takki-vulcan\/","og_locale":"fi_FI","og_type":"article","og_title":"L\u00e4mmitett\u00e4v\u00e4 takki Vulcan - Magnet fishing with a Magnetar fishing magnet","og_description":"L\u00e4mmitett\u00e4v\u00e4 takki Vulcan - Pysy l\u00e4mpim\u00e4n\u00e4 Magnetarin kanssa","og_url":"https:\/\/magnetarmagnets.com\/fi\/shop\/lammitettava-takki-vulcan\/","og_site_name":"Magnet fishing with a Magnetar fishing magnet","article_publisher":"https:\/\/www.facebook.com\/fishingmagnets\/","article_modified_time":"2025-08-26T10:02:18+00:00","og_image":[{"width":1500,"height":1500,"url":"https:\/\/magnetarmagnets.com\/wp-content\/uploads\/2023\/09\/1-3.jpg","type":"image\/jpeg"}],"twitter_card":"summary_large_image","twitter_misc":{"Arvioitu lukuaika":"2 minuuttia"},"schema":{"@context":"https:\/\/schema.org","@graph":[{"@type":["WebPage","ItemPage"],"@id":"https:\/\/magnetarmagnets.com\/fi\/shop\/lammitettava-takki-vulcan\/","url":"https:\/\/magnetarmagnets.com\/fi\/shop\/lammitettava-takki-vulcan\/","name":"L\u00e4mmitett\u00e4v\u00e4 takki Vulcan - Magnet fishing with a Magnetar fishing magnet","isPartOf":{"@id":"https:\/\/magnetarmagnets.com\/fi\/#website"},"primaryImageOfPage":{"@id":"https:\/\/magnetarmagnets.com\/fi\/shop\/lammitettava-takki-vulcan\/#primaryimage"},"image":{"@id":"https:\/\/magnetarmagnets.com\/fi\/shop\/lammitettava-takki-vulcan\/#primaryimage"},"thumbnailUrl":"https:\/\/magnetarmagnets.com\/wp-content\/uploads\/2023\/09\/1-3.jpg","datePublished":"2025-08-26T07:44:16+00:00","dateModified":"2025-08-26T10:02:18+00:00","description":"L\u00e4mmitett\u00e4v\u00e4 takki Vulcan - Pysy l\u00e4mpim\u00e4n\u00e4 Magnetarin kanssa","breadcrumb":{"@id":"https:\/\/magnetarmagnets.com\/fi\/shop\/lammitettava-takki-vulcan\/#breadcrumb"},"inLanguage":"fi","potentialAction":[{"@type":"ReadAction","target":["https:\/\/magnetarmagnets.com\/fi\/shop\/lammitettava-takki-vulcan\/"]}]},{"@type":"ImageObject","inLanguage":"fi","@id":"https:\/\/magnetarmagnets.com\/fi\/shop\/lammitettava-takki-vulcan\/#primaryimage","url":"https:\/\/magnetarmagnets.com\/wp-content\/uploads\/2023\/09\/1-3.jpg","contentUrl":"https:\/\/magnetarmagnets.com\/wp-content\/uploads\/2023\/09\/1-3.jpg","width":1500,"height":1500},{"@type":"BreadcrumbList","@id":"https:\/\/magnetarmagnets.com\/fi\/shop\/lammitettava-takki-vulcan\/#breadcrumb","itemListElement":[{"@type":"ListItem","position":1,"name":"Home","item":"https:\/\/magnetarmagnets.com\/fi\/"},{"@type":"ListItem","position":2,"name":"Verkkokauppa","item":"https:\/\/magnetarmagnets.com\/verkkokauppa\/"},{"@type":"ListItem","position":3,"name":"Varusteet","item":"https:\/\/magnetarmagnets.com\/fi\/collections\/varusteet\/"},{"@type":"ListItem","position":4,"name":"L\u00e4mmitett\u00e4v\u00e4t vaatteet","item":"https:\/\/magnetarmagnets.com\/fi\/collections\/varusteet\/lammitettavat-vaatteet\/"},{"@type":"ListItem","position":5,"name":"L\u00e4mmitett\u00e4v\u00e4 takki Vulcan"}]},{"@type":"WebSite","@id":"https:\/\/magnetarmagnets.com\/fi\/#website","url":"https:\/\/magnetarmagnets.com\/fi\/","name":"Magnet fishing with a Magnetar fishing magnet","description":"Vahvat magneetit magneettikalastukseen\n\n","publisher":{"@id":"https:\/\/magnetarmagnets.com\/fi\/#organization"},"potentialAction":[{"@type":"SearchAction","target":{"@type":"EntryPoint","urlTemplate":"https:\/\/magnetarmagnets.com\/fi\/?s={search_term_string}"},"query-input":{"@type":"PropertyValueSpecification","valueRequired":true,"valueName":"search_term_string"}}],"inLanguage":"fi"},{"@type":"Organization","@id":"https:\/\/magnetarmagnets.com\/fi\/#organization","name":"Magnetar","url":"https:\/\/magnetarmagnets.com\/fi\/","logo":{"@type":"ImageObject","inLanguage":"fi","@id":"https:\/\/magnetarmagnets.com\/fi\/#\/schema\/logo\/image\/","url":"https:\/\/magnetarmagnets.com\/wp-content\/uploads\/2025\/05\/Logo-03_PNG-Black-scaled.png","contentUrl":"https:\/\/magnetarmagnets.com\/wp-content\/uploads\/2025\/05\/Logo-03_PNG-Black-scaled.png","width":2560,"height":1658,"caption":"Magnetar"},"image":{"@id":"https:\/\/magnetarmagnets.com\/fi\/#\/schema\/logo\/image\/"},"sameAs":["https:\/\/www.facebook.com\/fishingmagnets\/","https:\/\/www.instagram.com\/magnetar_magnets\/","https:\/\/www.linkedin.com\/company\/magnetarbv\/?originalSubdomain=nl","https:\/\/www.youtube.com\/c\/MagnetarVismagneet"]}]}},"_links":{"self":[{"href":"https:\/\/magnetarmagnets.com\/fi\/wp-json\/wp\/v2\/product\/85430","targetHints":{"allow":["GET"]}}],"collection":[{"href":"https:\/\/magnetarmagnets.com\/fi\/wp-json\/wp\/v2\/product"}],"about":[{"href":"https:\/\/magnetarmagnets.com\/fi\/wp-json\/wp\/v2\/types\/product"}],"replies":[{"embeddable":true,"href":"https:\/\/magnetarmagnets.com\/fi\/wp-json\/wp\/v2\/comments?post=85430"}],"version-history":[{"count":0,"href":"https:\/\/magnetarmagnets.com\/fi\/wp-json\/wp\/v2\/product\/85430\/revisions"}],"wp:featuredmedia":[{"embeddable":true,"href":"https:\/\/magnetarmagnets.com\/fi\/wp-json\/wp\/v2\/media\/65566"}],"wp:attachment":[{"href":"https:\/\/magnetarmagnets.com\/fi\/wp-json\/wp\/v2\/media?parent=85430"}],"wp:term":[{"taxonomy":"product_brand","embeddable":true,"href":"https:\/\/magnetarmagnets.com\/fi\/wp-json\/wp\/v2\/product_brand?post=85430"},{"taxonomy":"product_cat","embeddable":true,"href":"https:\/\/magnetarmagnets.com\/fi\/wp-json\/wp\/v2\/product_cat?post=85430"},{"taxonomy":"product_tag","embeddable":true,"href":"https:\/\/magnetarmagnets.com\/fi\/wp-json\/wp\/v2\/product_tag?post=85430"}],"curies":[{"name":"wp","href":"https:\/\/api.w.org\/{rel}","templated":true}]}}