{"id":85423,"date":"2025-08-26T09:44:14","date_gmt":"2025-08-26T07:44:14","guid":{"rendered":"https:\/\/magnetarmagnets.com\/?post_type=product&#038;p=85423"},"modified":"2025-08-26T12:02:39","modified_gmt":"2025-08-26T10:02:39","slug":"lammitettava-huppari-etna","status":"publish","type":"product","link":"https:\/\/magnetarmagnets.com\/fi\/shop\/lammitettava-huppari-etna\/","title":{"rendered":"L\u00e4mmitett\u00e4v\u00e4 huppari Etna"},"content":{"rendered":"<h2><img fetchpriority=\"high\" decoding=\"async\" class=\"aligncenter wp-image-51837 size-full\" src=\"https:\/\/magnetarmagnets.com\/wp-content\/uploads\/2021\/02\/hoodie-engels.png\" alt=\"l\u00e4mmitett\u00e4v\u00e4 huppari, CE-hyv\u00e4ksytty huppari, magnetar heat, l\u00e4mp\u00f6huppari, l\u00e4mmin huppari, liivi, \" width=\"765\" height=\"434\" srcset=\"https:\/\/magnetarmagnets.com\/wp-content\/uploads\/2021\/02\/hoodie-engels.png 765w, https:\/\/magnetarmagnets.com\/wp-content\/uploads\/2021\/02\/hoodie-engels-600x340.png 600w, https:\/\/magnetarmagnets.com\/wp-content\/uploads\/2021\/02\/hoodie-engels-300x170.png 300w\" sizes=\"(max-width: 765px) 100vw, 765px\" \/><\/h2>\n\n<h2>Paras l\u00e4mmitett\u00e4v\u00e4 huppari<\/h2>\n\n<strong>L\u00e4mmitett\u00e4v\u00e4 huppari?<\/strong> L\u00e4mmitett\u00e4v\u00e4mme hupparit pit\u00e4v\u00e4t sinut l\u00e4mpim\u00e4n\u00e4 my\u00f6s kylmin\u00e4 p\u00e4ivin\u00e4. T\u00e4m\u00e4 paristok\u00e4ytt\u00f6inen l\u00e4mmitett\u00e4v\u00e4 huppari tarjoaa kolme l\u00e4mp\u00f6tila-asetusta, joten saat aina miellytt\u00e4v\u00e4n l\u00e4mp\u00f6tilan. Ty\u00f6skenteletk\u00f6 ulkona kylm\u00e4ll\u00e4 s\u00e4\u00e4ll\u00e4? Viile\u00e4n\u00e4 kes\u00e4iltana? Tai rentoudutko vain sohvalla? T\u00e4m\u00e4 mukava, tuulen- ja vedenpit\u00e4v\u00e4 l\u00e4mmitett\u00e4v\u00e4 huppari pit\u00e4\u00e4 sinut l\u00e4mpim\u00e4n\u00e4.\n\n<h2>Tuotetiedot l\u00e4mmitett\u00e4v\u00e4st\u00e4 hupparista<\/h2>\n\nMukana tuleva akku on kooltaan kuin matkapuhelin ja voi pit\u00e4\u00e4 sinut l\u00e4mpim\u00e4n\u00e4 jopa <strong>10 tuntia<\/strong>, riippuen l\u00e4mp\u00f6tilas\u00e4\u00e4d\u00f6st\u00e4. Huppari toimitetaan <strong>akun ja laturin kanssa<\/strong>. Huppari on valmistettu kest\u00e4v\u00e4st\u00e4 puuvilla-polyesteriseoksesta, ja sen sis\u00e4puolella on erityisen pehme\u00e4 fleecevuori. L\u00e4mmitett\u00e4v\u00e4 liivi sopii konepesuun k\u00e4ytt\u00f6ohjeiden mukaan, kunhan akku poistetaan ensin.\n\n\n\nL\u00e4mp\u00f6vy\u00f6hykkeet tarjoavat miellytt\u00e4v\u00e4\u00e4 l\u00e4mp\u00f6\u00e4 juuri siin\u00e4 yl\u00e4vartalon osassa, jossa sit\u00e4 tarvitset, eli rinnassa ja sel\u00e4ss\u00e4. Hupparia suositellaan my\u00f6s selk\u00e4kivusta k\u00e4rsiville. Alhaiset, keskitasoiset ja korkeat asetukset mahdollistavat ymp\u00e4rist\u00f6n mukaan s\u00e4\u00e4d\u00f6n, jotta pysyt l\u00e4mpim\u00e4n\u00e4 koko p\u00e4iv\u00e4n. Lataa vain akku uudelleen 3-4 tunnissa, ja olet valmis jatkamaan.\n\n\n\nL\u00e4mmitett\u00e4v\u00e4t hupparimme on valmistettu kest\u00e4v\u00e4st\u00e4 ja korkealaatuisesta materiaalista, jotka pit\u00e4v\u00e4t sinut l\u00e4mpim\u00e4n\u00e4 kaikissa s\u00e4\u00e4olosuhteissa.\n\n<h2>CE-hyv\u00e4ksytyt l\u00e4mmitett\u00e4v\u00e4t hupparit<\/h2>\n\nL\u00e4mmitett\u00e4v\u00e4t hupparit ovat CE-hyv\u00e4ksyttyj\u00e4. Tuemme tuotettamme t\u00e4ysim\u00e4\u00e4r\u00e4isesti ja tarjoamme siksi <strong>1 vuoden takuun<\/strong>.","protected":false},"excerpt":{"rendered":"<p><span style=\"font-weight: 400;\">T\u00e4m\u00e4 on l\u00e4mmitett\u00e4v\u00e4 liivi, jossa on l\u00e4mmitys ja 3 l\u00e4mp\u00f6tilas\u00e4\u00e4t\u00f6\u00e4. Pid\u00e4 itsesi l\u00e4mpim\u00e4n\u00e4 silloin, kun tarvitset sit\u00e4.<\/span><\/p>\n","protected":false},"featured_media":88033,"comment_status":"open","ping_status":"closed","template":"","meta":{"_acf_changed":false,"inline_featured_image":false},"product_brand":[],"product_cat":[489,474],"product_tag":[],"class_list":{"0":"post-85423","1":"product","2":"type-product","3":"status-publish","4":"has-post-thumbnail","6":"product_cat-abbigliamento-termico","7":"product_cat-attrezzatura","9":"first","10":"instock","11":"taxable","12":"shipping-taxable","13":"product-type-grouped"},"acf":[],"yoast_head":"<!-- This site is optimized with the Yoast SEO plugin v27.3 - https:\/\/yoast.com\/product\/yoast-seo-wordpress\/ -->\n<title>L\u00e4mmitett\u00e4v\u00e4 huppari Etna - Magnet fishing with a Magnetar fishing magnet<\/title>\n<meta name=\"description\" content=\"L\u00e4mmitett\u00e4v\u00e4 huppari Etna - L\u00e4mmit\u00e4 Magnetarin avulla\" \/>\n<meta name=\"robots\" content=\"index, follow, max-snippet:-1, max-image-preview:large, max-video-preview:-1\" \/>\n<link rel=\"canonical\" href=\"https:\/\/magnetarmagnets.com\/fi\/shop\/lammitettava-huppari-etna\/\" \/>\n<meta property=\"og:locale\" content=\"fi_FI\" \/>\n<meta property=\"og:type\" content=\"article\" \/>\n<meta property=\"og:title\" content=\"L\u00e4mmitett\u00e4v\u00e4 huppari Etna - Magnet fishing with a Magnetar fishing magnet\" \/>\n<meta property=\"og:description\" content=\"L\u00e4mmitett\u00e4v\u00e4 huppari Etna - L\u00e4mmit\u00e4 Magnetarin avulla\" \/>\n<meta property=\"og:url\" content=\"https:\/\/magnetarmagnets.com\/fi\/shop\/lammitettava-huppari-etna\/\" \/>\n<meta property=\"og:site_name\" content=\"Magnet fishing with a Magnetar fishing magnet\" \/>\n<meta property=\"article:publisher\" content=\"https:\/\/www.facebook.com\/fishingmagnets\/\" \/>\n<meta property=\"article:modified_time\" content=\"2025-08-26T10:02:39+00:00\" \/>\n<meta property=\"og:image\" content=\"https:\/\/magnetarmagnets.com\/wp-content\/uploads\/2025\/06\/ETNA-HEAT-VOOR-ACHTER.jpg\" \/>\n\t<meta property=\"og:image:width\" content=\"1000\" \/>\n\t<meta property=\"og:image:height\" content=\"1000\" \/>\n\t<meta property=\"og:image:type\" content=\"image\/jpeg\" \/>\n<meta name=\"twitter:card\" content=\"summary_large_image\" \/>\n<meta name=\"twitter:label1\" content=\"Arvioitu lukuaika\" \/>\n\t<meta name=\"twitter:data1\" content=\"2 minuuttia\" \/>\n<script type=\"application\/ld+json\" class=\"yoast-schema-graph\">{\"@context\":\"https:\\\/\\\/schema.org\",\"@graph\":[{\"@type\":[\"WebPage\",\"ItemPage\"],\"@id\":\"https:\\\/\\\/magnetarmagnets.com\\\/fi\\\/shop\\\/lammitettava-huppari-etna\\\/\",\"url\":\"https:\\\/\\\/magnetarmagnets.com\\\/fi\\\/shop\\\/lammitettava-huppari-etna\\\/\",\"name\":\"L\u00e4mmitett\u00e4v\u00e4 huppari Etna - Magnet fishing with a Magnetar fishing magnet\",\"isPartOf\":{\"@id\":\"https:\\\/\\\/magnetarmagnets.com\\\/fi\\\/#website\"},\"primaryImageOfPage\":{\"@id\":\"https:\\\/\\\/magnetarmagnets.com\\\/fi\\\/shop\\\/lammitettava-huppari-etna\\\/#primaryimage\"},\"image\":{\"@id\":\"https:\\\/\\\/magnetarmagnets.com\\\/fi\\\/shop\\\/lammitettava-huppari-etna\\\/#primaryimage\"},\"thumbnailUrl\":\"https:\\\/\\\/magnetarmagnets.com\\\/wp-content\\\/uploads\\\/2025\\\/06\\\/ETNA-HEAT-VOOR-ACHTER.jpg\",\"datePublished\":\"2025-08-26T07:44:14+00:00\",\"dateModified\":\"2025-08-26T10:02:39+00:00\",\"description\":\"L\u00e4mmitett\u00e4v\u00e4 huppari Etna - L\u00e4mmit\u00e4 Magnetarin avulla\",\"breadcrumb\":{\"@id\":\"https:\\\/\\\/magnetarmagnets.com\\\/fi\\\/shop\\\/lammitettava-huppari-etna\\\/#breadcrumb\"},\"inLanguage\":\"fi\",\"potentialAction\":[{\"@type\":\"ReadAction\",\"target\":[\"https:\\\/\\\/magnetarmagnets.com\\\/fi\\\/shop\\\/lammitettava-huppari-etna\\\/\"]}]},{\"@type\":\"ImageObject\",\"inLanguage\":\"fi\",\"@id\":\"https:\\\/\\\/magnetarmagnets.com\\\/fi\\\/shop\\\/lammitettava-huppari-etna\\\/#primaryimage\",\"url\":\"https:\\\/\\\/magnetarmagnets.com\\\/wp-content\\\/uploads\\\/2025\\\/06\\\/ETNA-HEAT-VOOR-ACHTER.jpg\",\"contentUrl\":\"https:\\\/\\\/magnetarmagnets.com\\\/wp-content\\\/uploads\\\/2025\\\/06\\\/ETNA-HEAT-VOOR-ACHTER.jpg\",\"width\":1000,\"height\":1000},{\"@type\":\"BreadcrumbList\",\"@id\":\"https:\\\/\\\/magnetarmagnets.com\\\/fi\\\/shop\\\/lammitettava-huppari-etna\\\/#breadcrumb\",\"itemListElement\":[{\"@type\":\"ListItem\",\"position\":1,\"name\":\"Home\",\"item\":\"https:\\\/\\\/magnetarmagnets.com\\\/fi\\\/\"},{\"@type\":\"ListItem\",\"position\":2,\"name\":\"Verkkokauppa\",\"item\":\"https:\\\/\\\/magnetarmagnets.com\\\/verkkokauppa\\\/\"},{\"@type\":\"ListItem\",\"position\":3,\"name\":\"Varusteet\",\"item\":\"https:\\\/\\\/magnetarmagnets.com\\\/fi\\\/collections\\\/varusteet\\\/\"},{\"@type\":\"ListItem\",\"position\":4,\"name\":\"L\u00e4mmitett\u00e4v\u00e4t vaatteet\",\"item\":\"https:\\\/\\\/magnetarmagnets.com\\\/fi\\\/collections\\\/varusteet\\\/lammitettavat-vaatteet\\\/\"},{\"@type\":\"ListItem\",\"position\":5,\"name\":\"L\u00e4mmitett\u00e4v\u00e4 huppari Etna\"}]},{\"@type\":\"WebSite\",\"@id\":\"https:\\\/\\\/magnetarmagnets.com\\\/fi\\\/#website\",\"url\":\"https:\\\/\\\/magnetarmagnets.com\\\/fi\\\/\",\"name\":\"Magnet fishing with a Magnetar fishing magnet\",\"description\":\"Vahvat magneetit magneettikalastukseen\\n\\n\",\"publisher\":{\"@id\":\"https:\\\/\\\/magnetarmagnets.com\\\/fi\\\/#organization\"},\"potentialAction\":[{\"@type\":\"SearchAction\",\"target\":{\"@type\":\"EntryPoint\",\"urlTemplate\":\"https:\\\/\\\/magnetarmagnets.com\\\/fi\\\/?s={search_term_string}\"},\"query-input\":{\"@type\":\"PropertyValueSpecification\",\"valueRequired\":true,\"valueName\":\"search_term_string\"}}],\"inLanguage\":\"fi\"},{\"@type\":\"Organization\",\"@id\":\"https:\\\/\\\/magnetarmagnets.com\\\/fi\\\/#organization\",\"name\":\"Magnetar\",\"url\":\"https:\\\/\\\/magnetarmagnets.com\\\/fi\\\/\",\"logo\":{\"@type\":\"ImageObject\",\"inLanguage\":\"fi\",\"@id\":\"https:\\\/\\\/magnetarmagnets.com\\\/fi\\\/#\\\/schema\\\/logo\\\/image\\\/\",\"url\":\"https:\\\/\\\/magnetarmagnets.com\\\/wp-content\\\/uploads\\\/2025\\\/05\\\/Logo-03_PNG-Black-scaled.png\",\"contentUrl\":\"https:\\\/\\\/magnetarmagnets.com\\\/wp-content\\\/uploads\\\/2025\\\/05\\\/Logo-03_PNG-Black-scaled.png\",\"width\":2560,\"height\":1658,\"caption\":\"Magnetar\"},\"image\":{\"@id\":\"https:\\\/\\\/magnetarmagnets.com\\\/fi\\\/#\\\/schema\\\/logo\\\/image\\\/\"},\"sameAs\":[\"https:\\\/\\\/www.facebook.com\\\/fishingmagnets\\\/\",\"https:\\\/\\\/www.instagram.com\\\/magnetar_magnets\\\/\",\"https:\\\/\\\/www.linkedin.com\\\/company\\\/magnetarbv\\\/?originalSubdomain=nl\",\"https:\\\/\\\/www.youtube.com\\\/c\\\/MagnetarVismagneet\"]}]}<\/script>\n<!-- \/ Yoast SEO plugin. -->","yoast_head_json":{"title":"L\u00e4mmitett\u00e4v\u00e4 huppari Etna - Magnet fishing with a Magnetar fishing magnet","description":"L\u00e4mmitett\u00e4v\u00e4 huppari Etna - L\u00e4mmit\u00e4 Magnetarin avulla","robots":{"index":"index","follow":"follow","max-snippet":"max-snippet:-1","max-image-preview":"max-image-preview:large","max-video-preview":"max-video-preview:-1"},"canonical":"https:\/\/magnetarmagnets.com\/fi\/shop\/lammitettava-huppari-etna\/","og_locale":"fi_FI","og_type":"article","og_title":"L\u00e4mmitett\u00e4v\u00e4 huppari Etna - Magnet fishing with a Magnetar fishing magnet","og_description":"L\u00e4mmitett\u00e4v\u00e4 huppari Etna - L\u00e4mmit\u00e4 Magnetarin avulla","og_url":"https:\/\/magnetarmagnets.com\/fi\/shop\/lammitettava-huppari-etna\/","og_site_name":"Magnet fishing with a Magnetar fishing magnet","article_publisher":"https:\/\/www.facebook.com\/fishingmagnets\/","article_modified_time":"2025-08-26T10:02:39+00:00","og_image":[{"width":1000,"height":1000,"url":"https:\/\/magnetarmagnets.com\/wp-content\/uploads\/2025\/06\/ETNA-HEAT-VOOR-ACHTER.jpg","type":"image\/jpeg"}],"twitter_card":"summary_large_image","twitter_misc":{"Arvioitu lukuaika":"2 minuuttia"},"schema":{"@context":"https:\/\/schema.org","@graph":[{"@type":["WebPage","ItemPage"],"@id":"https:\/\/magnetarmagnets.com\/fi\/shop\/lammitettava-huppari-etna\/","url":"https:\/\/magnetarmagnets.com\/fi\/shop\/lammitettava-huppari-etna\/","name":"L\u00e4mmitett\u00e4v\u00e4 huppari Etna - Magnet fishing with a Magnetar fishing magnet","isPartOf":{"@id":"https:\/\/magnetarmagnets.com\/fi\/#website"},"primaryImageOfPage":{"@id":"https:\/\/magnetarmagnets.com\/fi\/shop\/lammitettava-huppari-etna\/#primaryimage"},"image":{"@id":"https:\/\/magnetarmagnets.com\/fi\/shop\/lammitettava-huppari-etna\/#primaryimage"},"thumbnailUrl":"https:\/\/magnetarmagnets.com\/wp-content\/uploads\/2025\/06\/ETNA-HEAT-VOOR-ACHTER.jpg","datePublished":"2025-08-26T07:44:14+00:00","dateModified":"2025-08-26T10:02:39+00:00","description":"L\u00e4mmitett\u00e4v\u00e4 huppari Etna - L\u00e4mmit\u00e4 Magnetarin avulla","breadcrumb":{"@id":"https:\/\/magnetarmagnets.com\/fi\/shop\/lammitettava-huppari-etna\/#breadcrumb"},"inLanguage":"fi","potentialAction":[{"@type":"ReadAction","target":["https:\/\/magnetarmagnets.com\/fi\/shop\/lammitettava-huppari-etna\/"]}]},{"@type":"ImageObject","inLanguage":"fi","@id":"https:\/\/magnetarmagnets.com\/fi\/shop\/lammitettava-huppari-etna\/#primaryimage","url":"https:\/\/magnetarmagnets.com\/wp-content\/uploads\/2025\/06\/ETNA-HEAT-VOOR-ACHTER.jpg","contentUrl":"https:\/\/magnetarmagnets.com\/wp-content\/uploads\/2025\/06\/ETNA-HEAT-VOOR-ACHTER.jpg","width":1000,"height":1000},{"@type":"BreadcrumbList","@id":"https:\/\/magnetarmagnets.com\/fi\/shop\/lammitettava-huppari-etna\/#breadcrumb","itemListElement":[{"@type":"ListItem","position":1,"name":"Home","item":"https:\/\/magnetarmagnets.com\/fi\/"},{"@type":"ListItem","position":2,"name":"Verkkokauppa","item":"https:\/\/magnetarmagnets.com\/verkkokauppa\/"},{"@type":"ListItem","position":3,"name":"Varusteet","item":"https:\/\/magnetarmagnets.com\/fi\/collections\/varusteet\/"},{"@type":"ListItem","position":4,"name":"L\u00e4mmitett\u00e4v\u00e4t vaatteet","item":"https:\/\/magnetarmagnets.com\/fi\/collections\/varusteet\/lammitettavat-vaatteet\/"},{"@type":"ListItem","position":5,"name":"L\u00e4mmitett\u00e4v\u00e4 huppari Etna"}]},{"@type":"WebSite","@id":"https:\/\/magnetarmagnets.com\/fi\/#website","url":"https:\/\/magnetarmagnets.com\/fi\/","name":"Magnet fishing with a Magnetar fishing magnet","description":"Vahvat magneetit magneettikalastukseen\n\n","publisher":{"@id":"https:\/\/magnetarmagnets.com\/fi\/#organization"},"potentialAction":[{"@type":"SearchAction","target":{"@type":"EntryPoint","urlTemplate":"https:\/\/magnetarmagnets.com\/fi\/?s={search_term_string}"},"query-input":{"@type":"PropertyValueSpecification","valueRequired":true,"valueName":"search_term_string"}}],"inLanguage":"fi"},{"@type":"Organization","@id":"https:\/\/magnetarmagnets.com\/fi\/#organization","name":"Magnetar","url":"https:\/\/magnetarmagnets.com\/fi\/","logo":{"@type":"ImageObject","inLanguage":"fi","@id":"https:\/\/magnetarmagnets.com\/fi\/#\/schema\/logo\/image\/","url":"https:\/\/magnetarmagnets.com\/wp-content\/uploads\/2025\/05\/Logo-03_PNG-Black-scaled.png","contentUrl":"https:\/\/magnetarmagnets.com\/wp-content\/uploads\/2025\/05\/Logo-03_PNG-Black-scaled.png","width":2560,"height":1658,"caption":"Magnetar"},"image":{"@id":"https:\/\/magnetarmagnets.com\/fi\/#\/schema\/logo\/image\/"},"sameAs":["https:\/\/www.facebook.com\/fishingmagnets\/","https:\/\/www.instagram.com\/magnetar_magnets\/","https:\/\/www.linkedin.com\/company\/magnetarbv\/?originalSubdomain=nl","https:\/\/www.youtube.com\/c\/MagnetarVismagneet"]}]}},"_links":{"self":[{"href":"https:\/\/magnetarmagnets.com\/fi\/wp-json\/wp\/v2\/product\/85423","targetHints":{"allow":["GET"]}}],"collection":[{"href":"https:\/\/magnetarmagnets.com\/fi\/wp-json\/wp\/v2\/product"}],"about":[{"href":"https:\/\/magnetarmagnets.com\/fi\/wp-json\/wp\/v2\/types\/product"}],"replies":[{"embeddable":true,"href":"https:\/\/magnetarmagnets.com\/fi\/wp-json\/wp\/v2\/comments?post=85423"}],"version-history":[{"count":1,"href":"https:\/\/magnetarmagnets.com\/fi\/wp-json\/wp\/v2\/product\/85423\/revisions"}],"predecessor-version":[{"id":95129,"href":"https:\/\/magnetarmagnets.com\/fi\/wp-json\/wp\/v2\/product\/85423\/revisions\/95129"}],"wp:featuredmedia":[{"embeddable":true,"href":"https:\/\/magnetarmagnets.com\/fi\/wp-json\/wp\/v2\/media\/88033"}],"wp:attachment":[{"href":"https:\/\/magnetarmagnets.com\/fi\/wp-json\/wp\/v2\/media?parent=85423"}],"wp:term":[{"taxonomy":"product_brand","embeddable":true,"href":"https:\/\/magnetarmagnets.com\/fi\/wp-json\/wp\/v2\/product_brand?post=85423"},{"taxonomy":"product_cat","embeddable":true,"href":"https:\/\/magnetarmagnets.com\/fi\/wp-json\/wp\/v2\/product_cat?post=85423"},{"taxonomy":"product_tag","embeddable":true,"href":"https:\/\/magnetarmagnets.com\/fi\/wp-json\/wp\/v2\/product_tag?post=85423"}],"curies":[{"name":"wp","href":"https:\/\/api.w.org\/{rel}","templated":true}]}}