{"id":85411,"date":"2025-06-05T09:53:47","date_gmt":"2025-06-05T07:53:47","guid":{"rendered":"https:\/\/magnetarmagnets.com\/?post_type=product&#038;p=85411"},"modified":"2026-04-07T06:19:49","modified_gmt":"2026-04-07T04:19:49","slug":"lasten-paketti-110-kg-yksipuolinen","status":"publish","type":"product","link":"https:\/\/magnetarmagnets.com\/fi\/shop\/lasten-paketti-110-kg-yksipuolinen\/","title":{"rendered":"Lasten paketti &#8211; 110 kg &#8211; yksipuolinen"},"content":{"rendered":"Pyyt\u00e4\u00e4k\u00f6 lapsesi sinua aloittamaan magneettikalastus? T\u00e4m\u00e4 lasten paketti sopii heille t\u00e4ydellisesti. Lasten paketissamme on lapsille sopiva magneetti 10 vuoden ik\u00e4\u00e4n asti. Hauskuus on rajaton klassikkokalastusmagneettimme <a href=\"https:\/\/magnetarmagnets.com\/shop\/classic-fishing-magnet-240lb-110kg\/\"><strong>240 lb \/ 110 kg<\/strong><\/a> kanssa. T\u00e4m\u00e4 neodyymimagneetti on vakiovarusteena suojater\u00e4skuorella, mik\u00e4 tekee siit\u00e4 k\u00e4yt\u00e4nn\u00f6llisen ja turvallisen magneetin nuoremmille kalastajille. T\u00e4ydellinen paino mahdollistaa magneetin heitt\u00e4misen useimmille kuusivuotiaille ja sit\u00e4 vanhemmille lapsille. Pakettialennuksen ansiosta mukaan tulevat k\u00f6ysi ja metalli-liima ovat eritt\u00e4in edullisia.\n\n<h2>Lasten paketin 240 lb \/ 110 kg &#8211; yksipuolinen sis\u00e4lt\u00f6<\/h2>\n\nKlassikkokalastusmagneetti 240 lb \/ 110 kg on edullinen vaihtoehto aloittaa magneettikalastus. Yksipuolisella kalastusmagneetilla on magneettinen vetovoima vain alapuolelta. Koska magneettinen voima keskittyy yhteen suuntaan, magneetti voi olla olosuhteiden salliessa eritt\u00e4in tehokas.\n\n\n\n240 lb \/ 110 kg vetovoima saavutetaan vain t\u00e4ydellisiss\u00e4 olosuhteissa. T\u00e4m\u00e4 tapahtuu, kun magneetti koskettaa 2 cm paksua, hapettumatonta metallilevy\u00e4. T\u00e4llainen tilanne magneettikalastuksen yhteydess\u00e4 on harvinainen. Haluatko tiet\u00e4\u00e4, miten kalastusmagneetin vetovoima m\u00e4\u00e4ritet\u00e4\u00e4n? Katso videomme <a href=\"https:\/\/www.youtube.com\/watch?v=2McW3RURDxs&amp;t=14s\"><strong>magnettiveto-testaus<\/strong><\/a>.\n\n\n\nUseimmissa tapauksissa klassikkokalastusmagneetti 240 lb \/ 110 kg ei ole yht\u00e4 vahva kuin suurin osa muista malleistamme. Siksi t\u00e4m\u00e4 magneetti on t\u00e4ydellinen lasten k\u00e4ytt\u00e4m\u00e4\u00e4n pienten esineiden, kuten kadonneiden avainten ja kolikoiden kalastamiseen. Onko sinulla teini-ik\u00e4isi\u00e4 lapsia ja haluaisit heille hieman vahvemman magneetin? Tutustu <a href=\"https:\/\/magnetarmagnets.com\/shop\/starterpackage\/\"><strong>aloituspakettiimme<\/strong><\/a>!\n\n<h2>Korkea laatu<\/h2>\n\nKaikki Magnetarin kalastusmagneetit ovat valmistettu neodyymist\u00e4. T\u00e4m\u00e4 materiaali takaa kest\u00e4v\u00e4n magneettisen voiman. Oikea k\u00e4ytt\u00f6 ja s\u00e4ilytys varmistavat, ett\u00e4 magneetit menett\u00e4v\u00e4t vain yhden prosentin vetovoimastaan sadassa vuodessa. Siksi voimme luvata markkinoiden korkealaatuisimmat <a href=\"https:\/\/magnetarmagnets.com\/collections\/fishing-magnets\/\"><strong>kalastusmagneetit<\/strong><\/a>.\n\n\n\nViime vuosina markkinoille on tullut paljon heikkolaatuisia tuotteita. Monet muiden myyjien kalastusmagneetit menett\u00e4v\u00e4t vetovoimansa viikoissa. Yleens\u00e4 n\u00e4hd\u00e4\u00e4n isokokoisia, mutta huonolaatuisesta neodyymist\u00e4 valmistettuja magneetteja, joita mainostetaan harhaanjohtavasti. N\u00e4m\u00e4 tuotteet saattavat vaikuttaa halvoilta, mutta pitk\u00e4ll\u00e4 aikav\u00e4lill\u00e4 ne tuottavat pettymyst\u00e4.\n\n\n\nMagnetar on pieni perheyritys, jonka perustajat ovat todellisia magneettikalastuksen harrastajia. Laatu menee meill\u00e4 kaiken edelle, ja se n\u00e4kyy tuotteissamme. Kaikki kalastusmagneettimme suunnitellaan itse parhaan laadun takaamiseksi. Etsitk\u00f6 luotettavaa, tehokasta ja laadukasta kalastusmagneettia? Valitse Magnetar!\n\n<h2>Varoitus:<\/h2>\n\nNeodyymimagneettimme ovat eritt\u00e4in vahvoja. T\u00e4m\u00e4 saattaa vet\u00e4\u00e4 muita esineit\u00e4 magneettia kohti nopealla vauhdilla, mik\u00e4 voi olla vaarallista \u2013 sormet saattavat j\u00e4\u00e4d\u00e4 magneetin ja esineen v\u00e4liin. Suosittelemme k\u00e4sittelem\u00e4\u00e4n magneetteja varoen ja omalla vastuullasi. Lue turvallisuusohjeemme ennen k\u00e4ytt\u00f6\u00e4.\n\n\n\n\u00c4l\u00e4 unohda tutustua meid\u00e4n <a href=\"https:\/\/magnetarmagnets.com\/\" target=\"_blank\" rel=\"noopener\">myynniss\u00e4 oleviin kalastusmagneetteihin<\/a> ja meid\u00e4n <a href=\"https:\/\/magnetarmagnets.com\/collections\/fishing-magnets\/magnet-fishing-kit\/\" target=\"_blank\" rel=\"noopener\">magneettikalastussetteihin<\/a>.","protected":false},"excerpt":{"rendered":"<p>Magneettikalastus <strong>lapsille<\/strong>? Se on mahdollista <strong>lasten setill\u00e4 110 kg<\/strong>. Yksipuolisen <strong>kalastusmagneetin, k\u00f6yden ja lukitusliiman<\/strong> avulla jo kuusivuotiaat lapset voivat aloittaa vanhempien valvonnassa.<\/p>\n","protected":false},"featured_media":78894,"comment_status":"open","ping_status":"closed","template":"","meta":{"_acf_changed":false,"inline_featured_image":false},"product_brand":[],"product_cat":[724,712,719,715],"product_tag":[],"class_list":{"0":"post-85411","1":"product","2":"type-product","3":"status-publish","4":"has-post-thumbnail","6":"product_cat-aloittelijat-ja-lapset","7":"product_cat-kalastusmagneetit","8":"product_cat-kalastusmagneettipaketti","9":"product_cat-yksipuoliset-kalastusmagneetit","11":"first","12":"instock","13":"sale","14":"taxable","15":"shipping-taxable","16":"purchasable","17":"product-type-simple"},"acf":[],"yoast_head":"<!-- This site is optimized with the Yoast SEO plugin v27.3 - https:\/\/yoast.com\/product\/yoast-seo-wordpress\/ -->\n<title>Lasten paketti - 110 kg - yksipuolinen - Magnet fishing with a Magnetar fishing magnet<\/title>\n<meta name=\"description\" content=\"Lasten paketti - 110 kg yksipuolinen - Magnetar\" \/>\n<meta name=\"robots\" content=\"index, follow, max-snippet:-1, max-image-preview:large, max-video-preview:-1\" \/>\n<link rel=\"canonical\" href=\"https:\/\/magnetarmagnets.com\/fi\/shop\/lasten-paketti-110-kg-yksipuolinen\/\" \/>\n<meta property=\"og:locale\" content=\"fi_FI\" \/>\n<meta property=\"og:type\" content=\"article\" \/>\n<meta property=\"og:title\" content=\"Lasten paketti - 110 kg - yksipuolinen - Magnet fishing with a Magnetar fishing magnet\" \/>\n<meta property=\"og:description\" content=\"Lasten paketti - 110 kg yksipuolinen - Magnetar\" \/>\n<meta property=\"og:url\" content=\"https:\/\/magnetarmagnets.com\/fi\/shop\/lasten-paketti-110-kg-yksipuolinen\/\" \/>\n<meta property=\"og:site_name\" content=\"Magnet fishing with a Magnetar fishing magnet\" \/>\n<meta property=\"article:publisher\" content=\"https:\/\/www.facebook.com\/fishingmagnets\/\" \/>\n<meta property=\"article:modified_time\" content=\"2026-04-07T04:19:49+00:00\" \/>\n<meta property=\"og:image\" content=\"https:\/\/magnetarmagnets.com\/wp-content\/uploads\/2021\/10\/MAGNETAR-KINDER-SET-GOOGLE.jpg\" \/>\n\t<meta property=\"og:image:width\" content=\"1500\" \/>\n\t<meta property=\"og:image:height\" content=\"1500\" \/>\n\t<meta property=\"og:image:type\" content=\"image\/jpeg\" \/>\n<meta name=\"twitter:card\" content=\"summary_large_image\" \/>\n<meta name=\"twitter:label1\" content=\"Arvioitu lukuaika\" \/>\n\t<meta name=\"twitter:data1\" content=\"3 minuuttia\" \/>\n<script type=\"application\/ld+json\" class=\"yoast-schema-graph\">{\"@context\":\"https:\\\/\\\/schema.org\",\"@graph\":[{\"@type\":[\"WebPage\",\"ItemPage\"],\"@id\":\"https:\\\/\\\/magnetarmagnets.com\\\/fi\\\/shop\\\/lasten-paketti-110-kg-yksipuolinen\\\/\",\"url\":\"https:\\\/\\\/magnetarmagnets.com\\\/fi\\\/shop\\\/lasten-paketti-110-kg-yksipuolinen\\\/\",\"name\":\"Lasten paketti - 110 kg - yksipuolinen - Magnet fishing with a Magnetar fishing magnet\",\"isPartOf\":{\"@id\":\"https:\\\/\\\/magnetarmagnets.com\\\/fi\\\/#website\"},\"primaryImageOfPage\":{\"@id\":\"https:\\\/\\\/magnetarmagnets.com\\\/fi\\\/shop\\\/lasten-paketti-110-kg-yksipuolinen\\\/#primaryimage\"},\"image\":{\"@id\":\"https:\\\/\\\/magnetarmagnets.com\\\/fi\\\/shop\\\/lasten-paketti-110-kg-yksipuolinen\\\/#primaryimage\"},\"thumbnailUrl\":\"https:\\\/\\\/magnetarmagnets.com\\\/wp-content\\\/uploads\\\/2021\\\/10\\\/MAGNETAR-KINDER-SET-GOOGLE.jpg\",\"datePublished\":\"2025-06-05T07:53:47+00:00\",\"dateModified\":\"2026-04-07T04:19:49+00:00\",\"description\":\"Lasten paketti - 110 kg yksipuolinen - Magnetar\",\"breadcrumb\":{\"@id\":\"https:\\\/\\\/magnetarmagnets.com\\\/fi\\\/shop\\\/lasten-paketti-110-kg-yksipuolinen\\\/#breadcrumb\"},\"inLanguage\":\"fi\",\"potentialAction\":[{\"@type\":\"ReadAction\",\"target\":[\"https:\\\/\\\/magnetarmagnets.com\\\/fi\\\/shop\\\/lasten-paketti-110-kg-yksipuolinen\\\/\"]}]},{\"@type\":\"ImageObject\",\"inLanguage\":\"fi\",\"@id\":\"https:\\\/\\\/magnetarmagnets.com\\\/fi\\\/shop\\\/lasten-paketti-110-kg-yksipuolinen\\\/#primaryimage\",\"url\":\"https:\\\/\\\/magnetarmagnets.com\\\/wp-content\\\/uploads\\\/2021\\\/10\\\/MAGNETAR-KINDER-SET-GOOGLE.jpg\",\"contentUrl\":\"https:\\\/\\\/magnetarmagnets.com\\\/wp-content\\\/uploads\\\/2021\\\/10\\\/MAGNETAR-KINDER-SET-GOOGLE.jpg\",\"width\":1500,\"height\":1500,\"caption\":\"MAGNETAR-KINDER-SET\"},{\"@type\":\"BreadcrumbList\",\"@id\":\"https:\\\/\\\/magnetarmagnets.com\\\/fi\\\/shop\\\/lasten-paketti-110-kg-yksipuolinen\\\/#breadcrumb\",\"itemListElement\":[{\"@type\":\"ListItem\",\"position\":1,\"name\":\"Home\",\"item\":\"https:\\\/\\\/magnetarmagnets.com\\\/fi\\\/\"},{\"@type\":\"ListItem\",\"position\":2,\"name\":\"Verkkokauppa\",\"item\":\"https:\\\/\\\/magnetarmagnets.com\\\/verkkokauppa\\\/\"},{\"@type\":\"ListItem\",\"position\":3,\"name\":\"Kalastusmagneetit\",\"item\":\"https:\\\/\\\/magnetarmagnets.com\\\/fi\\\/collections\\\/kalastusmagneetit\\\/\"},{\"@type\":\"ListItem\",\"position\":4,\"name\":\"Yksipuoliset kalastusmagneetit\",\"item\":\"https:\\\/\\\/magnetarmagnets.com\\\/fi\\\/collections\\\/kalastusmagneetit\\\/yksipuoliset-kalastusmagneetit\\\/\"},{\"@type\":\"ListItem\",\"position\":5,\"name\":\"Lasten paketti &#8211; 110 kg &#8211; yksipuolinen\"}]},{\"@type\":\"WebSite\",\"@id\":\"https:\\\/\\\/magnetarmagnets.com\\\/fi\\\/#website\",\"url\":\"https:\\\/\\\/magnetarmagnets.com\\\/fi\\\/\",\"name\":\"Magnet fishing with a Magnetar fishing magnet\",\"description\":\"Vahvat magneetit magneettikalastukseen\\n\\n\",\"publisher\":{\"@id\":\"https:\\\/\\\/magnetarmagnets.com\\\/fi\\\/#organization\"},\"potentialAction\":[{\"@type\":\"SearchAction\",\"target\":{\"@type\":\"EntryPoint\",\"urlTemplate\":\"https:\\\/\\\/magnetarmagnets.com\\\/fi\\\/?s={search_term_string}\"},\"query-input\":{\"@type\":\"PropertyValueSpecification\",\"valueRequired\":true,\"valueName\":\"search_term_string\"}}],\"inLanguage\":\"fi\"},{\"@type\":\"Organization\",\"@id\":\"https:\\\/\\\/magnetarmagnets.com\\\/fi\\\/#organization\",\"name\":\"Magnetar\",\"url\":\"https:\\\/\\\/magnetarmagnets.com\\\/fi\\\/\",\"logo\":{\"@type\":\"ImageObject\",\"inLanguage\":\"fi\",\"@id\":\"https:\\\/\\\/magnetarmagnets.com\\\/fi\\\/#\\\/schema\\\/logo\\\/image\\\/\",\"url\":\"https:\\\/\\\/magnetarmagnets.com\\\/wp-content\\\/uploads\\\/2025\\\/05\\\/Logo-03_PNG-Black-scaled.png\",\"contentUrl\":\"https:\\\/\\\/magnetarmagnets.com\\\/wp-content\\\/uploads\\\/2025\\\/05\\\/Logo-03_PNG-Black-scaled.png\",\"width\":2560,\"height\":1658,\"caption\":\"Magnetar\"},\"image\":{\"@id\":\"https:\\\/\\\/magnetarmagnets.com\\\/fi\\\/#\\\/schema\\\/logo\\\/image\\\/\"},\"sameAs\":[\"https:\\\/\\\/www.facebook.com\\\/fishingmagnets\\\/\",\"https:\\\/\\\/www.instagram.com\\\/magnetar_magnets\\\/\",\"https:\\\/\\\/www.linkedin.com\\\/company\\\/magnetarbv\\\/?originalSubdomain=nl\",\"https:\\\/\\\/www.youtube.com\\\/c\\\/MagnetarVismagneet\"]}]}<\/script>\n<!-- \/ Yoast SEO plugin. -->","yoast_head_json":{"title":"Lasten paketti - 110 kg - yksipuolinen - Magnet fishing with a Magnetar fishing magnet","description":"Lasten paketti - 110 kg yksipuolinen - Magnetar","robots":{"index":"index","follow":"follow","max-snippet":"max-snippet:-1","max-image-preview":"max-image-preview:large","max-video-preview":"max-video-preview:-1"},"canonical":"https:\/\/magnetarmagnets.com\/fi\/shop\/lasten-paketti-110-kg-yksipuolinen\/","og_locale":"fi_FI","og_type":"article","og_title":"Lasten paketti - 110 kg - yksipuolinen - Magnet fishing with a Magnetar fishing magnet","og_description":"Lasten paketti - 110 kg yksipuolinen - Magnetar","og_url":"https:\/\/magnetarmagnets.com\/fi\/shop\/lasten-paketti-110-kg-yksipuolinen\/","og_site_name":"Magnet fishing with a Magnetar fishing magnet","article_publisher":"https:\/\/www.facebook.com\/fishingmagnets\/","article_modified_time":"2026-04-07T04:19:49+00:00","og_image":[{"width":1500,"height":1500,"url":"https:\/\/magnetarmagnets.com\/wp-content\/uploads\/2021\/10\/MAGNETAR-KINDER-SET-GOOGLE.jpg","type":"image\/jpeg"}],"twitter_card":"summary_large_image","twitter_misc":{"Arvioitu lukuaika":"3 minuuttia"},"schema":{"@context":"https:\/\/schema.org","@graph":[{"@type":["WebPage","ItemPage"],"@id":"https:\/\/magnetarmagnets.com\/fi\/shop\/lasten-paketti-110-kg-yksipuolinen\/","url":"https:\/\/magnetarmagnets.com\/fi\/shop\/lasten-paketti-110-kg-yksipuolinen\/","name":"Lasten paketti - 110 kg - yksipuolinen - Magnet fishing with a Magnetar fishing magnet","isPartOf":{"@id":"https:\/\/magnetarmagnets.com\/fi\/#website"},"primaryImageOfPage":{"@id":"https:\/\/magnetarmagnets.com\/fi\/shop\/lasten-paketti-110-kg-yksipuolinen\/#primaryimage"},"image":{"@id":"https:\/\/magnetarmagnets.com\/fi\/shop\/lasten-paketti-110-kg-yksipuolinen\/#primaryimage"},"thumbnailUrl":"https:\/\/magnetarmagnets.com\/wp-content\/uploads\/2021\/10\/MAGNETAR-KINDER-SET-GOOGLE.jpg","datePublished":"2025-06-05T07:53:47+00:00","dateModified":"2026-04-07T04:19:49+00:00","description":"Lasten paketti - 110 kg yksipuolinen - Magnetar","breadcrumb":{"@id":"https:\/\/magnetarmagnets.com\/fi\/shop\/lasten-paketti-110-kg-yksipuolinen\/#breadcrumb"},"inLanguage":"fi","potentialAction":[{"@type":"ReadAction","target":["https:\/\/magnetarmagnets.com\/fi\/shop\/lasten-paketti-110-kg-yksipuolinen\/"]}]},{"@type":"ImageObject","inLanguage":"fi","@id":"https:\/\/magnetarmagnets.com\/fi\/shop\/lasten-paketti-110-kg-yksipuolinen\/#primaryimage","url":"https:\/\/magnetarmagnets.com\/wp-content\/uploads\/2021\/10\/MAGNETAR-KINDER-SET-GOOGLE.jpg","contentUrl":"https:\/\/magnetarmagnets.com\/wp-content\/uploads\/2021\/10\/MAGNETAR-KINDER-SET-GOOGLE.jpg","width":1500,"height":1500,"caption":"MAGNETAR-KINDER-SET"},{"@type":"BreadcrumbList","@id":"https:\/\/magnetarmagnets.com\/fi\/shop\/lasten-paketti-110-kg-yksipuolinen\/#breadcrumb","itemListElement":[{"@type":"ListItem","position":1,"name":"Home","item":"https:\/\/magnetarmagnets.com\/fi\/"},{"@type":"ListItem","position":2,"name":"Verkkokauppa","item":"https:\/\/magnetarmagnets.com\/verkkokauppa\/"},{"@type":"ListItem","position":3,"name":"Kalastusmagneetit","item":"https:\/\/magnetarmagnets.com\/fi\/collections\/kalastusmagneetit\/"},{"@type":"ListItem","position":4,"name":"Yksipuoliset kalastusmagneetit","item":"https:\/\/magnetarmagnets.com\/fi\/collections\/kalastusmagneetit\/yksipuoliset-kalastusmagneetit\/"},{"@type":"ListItem","position":5,"name":"Lasten paketti &#8211; 110 kg &#8211; yksipuolinen"}]},{"@type":"WebSite","@id":"https:\/\/magnetarmagnets.com\/fi\/#website","url":"https:\/\/magnetarmagnets.com\/fi\/","name":"Magnet fishing with a Magnetar fishing magnet","description":"Vahvat magneetit magneettikalastukseen\n\n","publisher":{"@id":"https:\/\/magnetarmagnets.com\/fi\/#organization"},"potentialAction":[{"@type":"SearchAction","target":{"@type":"EntryPoint","urlTemplate":"https:\/\/magnetarmagnets.com\/fi\/?s={search_term_string}"},"query-input":{"@type":"PropertyValueSpecification","valueRequired":true,"valueName":"search_term_string"}}],"inLanguage":"fi"},{"@type":"Organization","@id":"https:\/\/magnetarmagnets.com\/fi\/#organization","name":"Magnetar","url":"https:\/\/magnetarmagnets.com\/fi\/","logo":{"@type":"ImageObject","inLanguage":"fi","@id":"https:\/\/magnetarmagnets.com\/fi\/#\/schema\/logo\/image\/","url":"https:\/\/magnetarmagnets.com\/wp-content\/uploads\/2025\/05\/Logo-03_PNG-Black-scaled.png","contentUrl":"https:\/\/magnetarmagnets.com\/wp-content\/uploads\/2025\/05\/Logo-03_PNG-Black-scaled.png","width":2560,"height":1658,"caption":"Magnetar"},"image":{"@id":"https:\/\/magnetarmagnets.com\/fi\/#\/schema\/logo\/image\/"},"sameAs":["https:\/\/www.facebook.com\/fishingmagnets\/","https:\/\/www.instagram.com\/magnetar_magnets\/","https:\/\/www.linkedin.com\/company\/magnetarbv\/?originalSubdomain=nl","https:\/\/www.youtube.com\/c\/MagnetarVismagneet"]}]}},"_links":{"self":[{"href":"https:\/\/magnetarmagnets.com\/fi\/wp-json\/wp\/v2\/product\/85411","targetHints":{"allow":["GET"]}}],"collection":[{"href":"https:\/\/magnetarmagnets.com\/fi\/wp-json\/wp\/v2\/product"}],"about":[{"href":"https:\/\/magnetarmagnets.com\/fi\/wp-json\/wp\/v2\/types\/product"}],"replies":[{"embeddable":true,"href":"https:\/\/magnetarmagnets.com\/fi\/wp-json\/wp\/v2\/comments?post=85411"}],"version-history":[{"count":1,"href":"https:\/\/magnetarmagnets.com\/fi\/wp-json\/wp\/v2\/product\/85411\/revisions"}],"predecessor-version":[{"id":95335,"href":"https:\/\/magnetarmagnets.com\/fi\/wp-json\/wp\/v2\/product\/85411\/revisions\/95335"}],"wp:featuredmedia":[{"embeddable":true,"href":"https:\/\/magnetarmagnets.com\/fi\/wp-json\/wp\/v2\/media\/78894"}],"wp:attachment":[{"href":"https:\/\/magnetarmagnets.com\/fi\/wp-json\/wp\/v2\/media?parent=85411"}],"wp:term":[{"taxonomy":"product_brand","embeddable":true,"href":"https:\/\/magnetarmagnets.com\/fi\/wp-json\/wp\/v2\/product_brand?post=85411"},{"taxonomy":"product_cat","embeddable":true,"href":"https:\/\/magnetarmagnets.com\/fi\/wp-json\/wp\/v2\/product_cat?post=85411"},{"taxonomy":"product_tag","embeddable":true,"href":"https:\/\/magnetarmagnets.com\/fi\/wp-json\/wp\/v2\/product_tag?post=85411"}],"curies":[{"name":"wp","href":"https:\/\/api.w.org\/{rel}","templated":true}]}}