{"id":85409,"date":"2025-06-05T09:53:48","date_gmt":"2025-06-05T07:53:48","guid":{"rendered":"https:\/\/magnetarmagnets.com\/?post_type=product&#038;p=85409"},"modified":"2026-04-03T19:26:32","modified_gmt":"2026-04-03T17:26:32","slug":"nappimagneetit-10-kappaletta","status":"publish","type":"product","link":"https:\/\/magnetarmagnets.com\/fi\/shop\/nappimagneetit-10-kappaletta\/","title":{"rendered":"Nappimagneetit \u2013 10 kappaletta"},"content":{"rendered":"<strong>Magnetar N50 Nappimagneetit \u2013 Voimakkaat ja Kompaktit<\/strong>\n\n\n\nMagnetar N50 nappimagneetit ovat luokkansa vahvimpia. N\u00e4m\u00e4 pienet mutta tehokkaat magneetit soveltuvat t\u00e4ydellisesti raskaampien asiakirjojen, piirustusten tai muistiinpanojen ripustamiseen. Niill\u00e4 on vahva vetovoima ja ne voivat pit\u00e4\u00e4 jopa 16 A4-arkkia (80 g\/m\u00b2) 5 mm paksulla ter\u00e4ksell\u00e4. Ihanteellisia k\u00e4ytett\u00e4v\u00e4ksi valkotauluilla, j\u00e4\u00e4kaapeilla tai metallisilla ty\u00f6p\u00f6ydill\u00e4.\n\n\n\nNappimuotoilu tarjoaa tyylikk\u00e4\u00e4n ulkon\u00e4\u00f6n ja k\u00e4yt\u00e4nn\u00f6llisen otteen, mik\u00e4 tekee magneetin asettamisesta ja poistamisesta helppoa. Nikkelipinnoite antaa elegantin, kiilt\u00e4v\u00e4n hopeapinnan ja suojaa magneettia korroosiolta varmistaen pitk\u00e4ik\u00e4isyyden.\n\n\n\n<strong>T\u00e4rkeimm\u00e4t ominaisuudet:<\/strong>\n\n<ul>\n\n  \t<li><strong>N50-magnetointiluokka<\/strong>: Poikkeuksellinen vahvuus kompaktissa muodossa.<\/li>\n\n  \t<li><strong>Kest\u00e4v\u00e4 muotoilu<\/strong>: Nikkelipinnoite tarjoaa ensiluokkaisen ulkon\u00e4\u00f6n ja suojan.<\/li>\n\n  \t<li><strong>Mitat<\/strong>: 12 mm l\u00e4pimitta, 16 mm korkeus \u2013 pieni mutta voimakas.<\/li>\n\n  \t<li><strong>Tarkka valmistus<\/strong>: +\/- 0,05 mm toleranssi tarkkoihin sovelluksiin.<\/li>\n\n  \t<li><strong>10 kappaleen setti<\/strong>: Mukana k\u00e4tev\u00e4 muovinen lahjarasia.<\/li>\n\n<\/ul>\n\n<strong>Huomautus<\/strong>: Ei sovellu alle 14-vuotiaille lapsille. Magneettien nieleminen voi aiheuttaa vakavia vammoja. Pid\u00e4 poissa lasten ulottuvilta.\n\n\n\nN\u00e4iden voimakkaiden Magnetar-nappimagneettien avulla voit kiinnitt\u00e4\u00e4 kaiken turvallisesti ilman, ett\u00e4 tyylikkyydest\u00e4 tai k\u00e4tevyydest\u00e4 tarvitsee tinki\u00e4.","protected":false},"excerpt":{"rendered":"<p><span style=\"font-weight: 400;\">N\u00e4m\u00e4 Magnetar-magneetit on valmistettu <strong>neodyymist\u00e4<\/strong>, joka on yksi <strong>vahvimmista materiaaleista<\/strong> magneettien valmistukseen, tehden niist\u00e4 eritt\u00e4in vahvoja kokoon n\u00e4hden! Magneetit on pinnoitettu nikkelill\u00e4, mik\u00e4 saa ne <strong>kiilt\u00e4m\u00e4\u00e4n<\/strong>. Eritt\u00e4in k\u00e4tev\u00e4t magneetit monien paperien ripustamiseen.<\/span><\/p>\n","protected":false},"featured_media":71365,"comment_status":"open","ping_status":"closed","template":"","meta":{"_acf_changed":false,"inline_featured_image":false},"product_brand":[],"product_cat":[485,474],"product_tag":[],"class_list":{"0":"post-85409","1":"product","2":"type-product","3":"status-publish","4":"has-post-thumbnail","6":"product_cat-accessori-magnetici","7":"product_cat-attrezzatura","9":"first","10":"instock","11":"taxable","12":"shipping-taxable","13":"purchasable","14":"product-type-simple"},"acf":[],"yoast_head":"<!-- This site is optimized with the Yoast SEO plugin v27.3 - https:\/\/yoast.com\/product\/yoast-seo-wordpress\/ -->\n<title>Nappimagneetit \u2013 10 kappaletta - Magnet fishing with a Magnetar fishing magnet<\/title>\n<meta name=\"description\" content=\"Nappimagneetit \u2013 10 kappaletta N\u00e4ill\u00e4 voimakkailla Magnetar-nappimagneeteilla voit kiinnitt\u00e4\u00e4 kaiken tukevasti paikalleen ilman, ett\u00e4 tyylikkyydest\u00e4 tai k\u00e4tevyydest\u00e4 tarvitsee tinki\u00e4.\" \/>\n<meta name=\"robots\" content=\"index, follow, max-snippet:-1, max-image-preview:large, max-video-preview:-1\" \/>\n<link rel=\"canonical\" href=\"https:\/\/magnetarmagnets.com\/fi\/shop\/nappimagneetit-10-kappaletta\/\" \/>\n<meta property=\"og:locale\" content=\"fi_FI\" \/>\n<meta property=\"og:type\" content=\"article\" \/>\n<meta property=\"og:title\" content=\"Nappimagneetit \u2013 10 kappaletta - Magnet fishing with a Magnetar fishing magnet\" \/>\n<meta property=\"og:description\" content=\"Nappimagneetit \u2013 10 kappaletta N\u00e4ill\u00e4 voimakkailla Magnetar-nappimagneeteilla voit kiinnitt\u00e4\u00e4 kaiken tukevasti paikalleen ilman, ett\u00e4 tyylikkyydest\u00e4 tai k\u00e4tevyydest\u00e4 tarvitsee tinki\u00e4.\" \/>\n<meta property=\"og:url\" content=\"https:\/\/magnetarmagnets.com\/fi\/shop\/nappimagneetit-10-kappaletta\/\" \/>\n<meta property=\"og:site_name\" content=\"Magnet fishing with a Magnetar fishing magnet\" \/>\n<meta property=\"article:publisher\" content=\"https:\/\/www.facebook.com\/fishingmagnets\/\" \/>\n<meta property=\"article:modified_time\" content=\"2026-04-03T17:26:32+00:00\" \/>\n<meta property=\"og:image\" content=\"https:\/\/magnetarmagnets.com\/wp-content\/uploads\/2020\/10\/Pion-magneet.jpg\" \/>\n\t<meta property=\"og:image:width\" content=\"1000\" \/>\n\t<meta property=\"og:image:height\" content=\"1000\" \/>\n\t<meta property=\"og:image:type\" content=\"image\/jpeg\" \/>\n<meta name=\"twitter:card\" content=\"summary_large_image\" \/>\n<meta name=\"twitter:label1\" content=\"Arvioitu lukuaika\" \/>\n\t<meta name=\"twitter:data1\" content=\"2 minuuttia\" \/>\n<script type=\"application\/ld+json\" class=\"yoast-schema-graph\">{\"@context\":\"https:\\\/\\\/schema.org\",\"@graph\":[{\"@type\":[\"WebPage\",\"ItemPage\"],\"@id\":\"https:\\\/\\\/magnetarmagnets.com\\\/fi\\\/shop\\\/nappimagneetit-10-kappaletta\\\/\",\"url\":\"https:\\\/\\\/magnetarmagnets.com\\\/fi\\\/shop\\\/nappimagneetit-10-kappaletta\\\/\",\"name\":\"Nappimagneetit \u2013 10 kappaletta - Magnet fishing with a Magnetar fishing magnet\",\"isPartOf\":{\"@id\":\"https:\\\/\\\/magnetarmagnets.com\\\/fi\\\/#website\"},\"primaryImageOfPage\":{\"@id\":\"https:\\\/\\\/magnetarmagnets.com\\\/fi\\\/shop\\\/nappimagneetit-10-kappaletta\\\/#primaryimage\"},\"image\":{\"@id\":\"https:\\\/\\\/magnetarmagnets.com\\\/fi\\\/shop\\\/nappimagneetit-10-kappaletta\\\/#primaryimage\"},\"thumbnailUrl\":\"https:\\\/\\\/magnetarmagnets.com\\\/wp-content\\\/uploads\\\/2020\\\/10\\\/Pion-magneet.jpg\",\"datePublished\":\"2025-06-05T07:53:48+00:00\",\"dateModified\":\"2026-04-03T17:26:32+00:00\",\"description\":\"Nappimagneetit \u2013 10 kappaletta N\u00e4ill\u00e4 voimakkailla Magnetar-nappimagneeteilla voit kiinnitt\u00e4\u00e4 kaiken tukevasti paikalleen ilman, ett\u00e4 tyylikkyydest\u00e4 tai k\u00e4tevyydest\u00e4 tarvitsee tinki\u00e4.\",\"breadcrumb\":{\"@id\":\"https:\\\/\\\/magnetarmagnets.com\\\/fi\\\/shop\\\/nappimagneetit-10-kappaletta\\\/#breadcrumb\"},\"inLanguage\":\"fi\",\"potentialAction\":[{\"@type\":\"ReadAction\",\"target\":[\"https:\\\/\\\/magnetarmagnets.com\\\/fi\\\/shop\\\/nappimagneetit-10-kappaletta\\\/\"]}]},{\"@type\":\"ImageObject\",\"inLanguage\":\"fi\",\"@id\":\"https:\\\/\\\/magnetarmagnets.com\\\/fi\\\/shop\\\/nappimagneetit-10-kappaletta\\\/#primaryimage\",\"url\":\"https:\\\/\\\/magnetarmagnets.com\\\/wp-content\\\/uploads\\\/2020\\\/10\\\/Pion-magneet.jpg\",\"contentUrl\":\"https:\\\/\\\/magnetarmagnets.com\\\/wp-content\\\/uploads\\\/2020\\\/10\\\/Pion-magneet.jpg\",\"width\":1000,\"height\":1000,\"caption\":\"Pawn magnet\"},{\"@type\":\"BreadcrumbList\",\"@id\":\"https:\\\/\\\/magnetarmagnets.com\\\/fi\\\/shop\\\/nappimagneetit-10-kappaletta\\\/#breadcrumb\",\"itemListElement\":[{\"@type\":\"ListItem\",\"position\":1,\"name\":\"Home\",\"item\":\"https:\\\/\\\/magnetarmagnets.com\\\/fi\\\/\"},{\"@type\":\"ListItem\",\"position\":2,\"name\":\"Verkkokauppa\",\"item\":\"https:\\\/\\\/magnetarmagnets.com\\\/verkkokauppa\\\/\"},{\"@type\":\"ListItem\",\"position\":3,\"name\":\"Varusteet\",\"item\":\"https:\\\/\\\/magnetarmagnets.com\\\/fi\\\/collections\\\/varusteet\\\/\"},{\"@type\":\"ListItem\",\"position\":4,\"name\":\"Magneettiset lis\u00e4varusteet\",\"item\":\"https:\\\/\\\/magnetarmagnets.com\\\/fi\\\/collections\\\/varusteet\\\/magneettiset-lisavarusteet\\\/\"},{\"@type\":\"ListItem\",\"position\":5,\"name\":\"Nappimagneetit \u2013 10 kappaletta\"}]},{\"@type\":\"WebSite\",\"@id\":\"https:\\\/\\\/magnetarmagnets.com\\\/fi\\\/#website\",\"url\":\"https:\\\/\\\/magnetarmagnets.com\\\/fi\\\/\",\"name\":\"Magnet fishing with a Magnetar fishing magnet\",\"description\":\"Vahvat magneetit magneettikalastukseen\\n\\n\",\"publisher\":{\"@id\":\"https:\\\/\\\/magnetarmagnets.com\\\/fi\\\/#organization\"},\"potentialAction\":[{\"@type\":\"SearchAction\",\"target\":{\"@type\":\"EntryPoint\",\"urlTemplate\":\"https:\\\/\\\/magnetarmagnets.com\\\/fi\\\/?s={search_term_string}\"},\"query-input\":{\"@type\":\"PropertyValueSpecification\",\"valueRequired\":true,\"valueName\":\"search_term_string\"}}],\"inLanguage\":\"fi\"},{\"@type\":\"Organization\",\"@id\":\"https:\\\/\\\/magnetarmagnets.com\\\/fi\\\/#organization\",\"name\":\"Magnetar\",\"url\":\"https:\\\/\\\/magnetarmagnets.com\\\/fi\\\/\",\"logo\":{\"@type\":\"ImageObject\",\"inLanguage\":\"fi\",\"@id\":\"https:\\\/\\\/magnetarmagnets.com\\\/fi\\\/#\\\/schema\\\/logo\\\/image\\\/\",\"url\":\"https:\\\/\\\/magnetarmagnets.com\\\/wp-content\\\/uploads\\\/2025\\\/05\\\/Logo-03_PNG-Black-scaled.png\",\"contentUrl\":\"https:\\\/\\\/magnetarmagnets.com\\\/wp-content\\\/uploads\\\/2025\\\/05\\\/Logo-03_PNG-Black-scaled.png\",\"width\":2560,\"height\":1658,\"caption\":\"Magnetar\"},\"image\":{\"@id\":\"https:\\\/\\\/magnetarmagnets.com\\\/fi\\\/#\\\/schema\\\/logo\\\/image\\\/\"},\"sameAs\":[\"https:\\\/\\\/www.facebook.com\\\/fishingmagnets\\\/\",\"https:\\\/\\\/www.instagram.com\\\/magnetar_magnets\\\/\",\"https:\\\/\\\/www.linkedin.com\\\/company\\\/magnetarbv\\\/?originalSubdomain=nl\",\"https:\\\/\\\/www.youtube.com\\\/c\\\/MagnetarVismagneet\"]}]}<\/script>\n<!-- \/ Yoast SEO plugin. -->","yoast_head_json":{"title":"Nappimagneetit \u2013 10 kappaletta - Magnet fishing with a Magnetar fishing magnet","description":"Nappimagneetit \u2013 10 kappaletta N\u00e4ill\u00e4 voimakkailla Magnetar-nappimagneeteilla voit kiinnitt\u00e4\u00e4 kaiken tukevasti paikalleen ilman, ett\u00e4 tyylikkyydest\u00e4 tai k\u00e4tevyydest\u00e4 tarvitsee tinki\u00e4.","robots":{"index":"index","follow":"follow","max-snippet":"max-snippet:-1","max-image-preview":"max-image-preview:large","max-video-preview":"max-video-preview:-1"},"canonical":"https:\/\/magnetarmagnets.com\/fi\/shop\/nappimagneetit-10-kappaletta\/","og_locale":"fi_FI","og_type":"article","og_title":"Nappimagneetit \u2013 10 kappaletta - Magnet fishing with a Magnetar fishing magnet","og_description":"Nappimagneetit \u2013 10 kappaletta N\u00e4ill\u00e4 voimakkailla Magnetar-nappimagneeteilla voit kiinnitt\u00e4\u00e4 kaiken tukevasti paikalleen ilman, ett\u00e4 tyylikkyydest\u00e4 tai k\u00e4tevyydest\u00e4 tarvitsee tinki\u00e4.","og_url":"https:\/\/magnetarmagnets.com\/fi\/shop\/nappimagneetit-10-kappaletta\/","og_site_name":"Magnet fishing with a Magnetar fishing magnet","article_publisher":"https:\/\/www.facebook.com\/fishingmagnets\/","article_modified_time":"2026-04-03T17:26:32+00:00","og_image":[{"width":1000,"height":1000,"url":"https:\/\/magnetarmagnets.com\/wp-content\/uploads\/2020\/10\/Pion-magneet.jpg","type":"image\/jpeg"}],"twitter_card":"summary_large_image","twitter_misc":{"Arvioitu lukuaika":"2 minuuttia"},"schema":{"@context":"https:\/\/schema.org","@graph":[{"@type":["WebPage","ItemPage"],"@id":"https:\/\/magnetarmagnets.com\/fi\/shop\/nappimagneetit-10-kappaletta\/","url":"https:\/\/magnetarmagnets.com\/fi\/shop\/nappimagneetit-10-kappaletta\/","name":"Nappimagneetit \u2013 10 kappaletta - Magnet fishing with a Magnetar fishing magnet","isPartOf":{"@id":"https:\/\/magnetarmagnets.com\/fi\/#website"},"primaryImageOfPage":{"@id":"https:\/\/magnetarmagnets.com\/fi\/shop\/nappimagneetit-10-kappaletta\/#primaryimage"},"image":{"@id":"https:\/\/magnetarmagnets.com\/fi\/shop\/nappimagneetit-10-kappaletta\/#primaryimage"},"thumbnailUrl":"https:\/\/magnetarmagnets.com\/wp-content\/uploads\/2020\/10\/Pion-magneet.jpg","datePublished":"2025-06-05T07:53:48+00:00","dateModified":"2026-04-03T17:26:32+00:00","description":"Nappimagneetit \u2013 10 kappaletta N\u00e4ill\u00e4 voimakkailla Magnetar-nappimagneeteilla voit kiinnitt\u00e4\u00e4 kaiken tukevasti paikalleen ilman, ett\u00e4 tyylikkyydest\u00e4 tai k\u00e4tevyydest\u00e4 tarvitsee tinki\u00e4.","breadcrumb":{"@id":"https:\/\/magnetarmagnets.com\/fi\/shop\/nappimagneetit-10-kappaletta\/#breadcrumb"},"inLanguage":"fi","potentialAction":[{"@type":"ReadAction","target":["https:\/\/magnetarmagnets.com\/fi\/shop\/nappimagneetit-10-kappaletta\/"]}]},{"@type":"ImageObject","inLanguage":"fi","@id":"https:\/\/magnetarmagnets.com\/fi\/shop\/nappimagneetit-10-kappaletta\/#primaryimage","url":"https:\/\/magnetarmagnets.com\/wp-content\/uploads\/2020\/10\/Pion-magneet.jpg","contentUrl":"https:\/\/magnetarmagnets.com\/wp-content\/uploads\/2020\/10\/Pion-magneet.jpg","width":1000,"height":1000,"caption":"Pawn magnet"},{"@type":"BreadcrumbList","@id":"https:\/\/magnetarmagnets.com\/fi\/shop\/nappimagneetit-10-kappaletta\/#breadcrumb","itemListElement":[{"@type":"ListItem","position":1,"name":"Home","item":"https:\/\/magnetarmagnets.com\/fi\/"},{"@type":"ListItem","position":2,"name":"Verkkokauppa","item":"https:\/\/magnetarmagnets.com\/verkkokauppa\/"},{"@type":"ListItem","position":3,"name":"Varusteet","item":"https:\/\/magnetarmagnets.com\/fi\/collections\/varusteet\/"},{"@type":"ListItem","position":4,"name":"Magneettiset lis\u00e4varusteet","item":"https:\/\/magnetarmagnets.com\/fi\/collections\/varusteet\/magneettiset-lisavarusteet\/"},{"@type":"ListItem","position":5,"name":"Nappimagneetit \u2013 10 kappaletta"}]},{"@type":"WebSite","@id":"https:\/\/magnetarmagnets.com\/fi\/#website","url":"https:\/\/magnetarmagnets.com\/fi\/","name":"Magnet fishing with a Magnetar fishing magnet","description":"Vahvat magneetit magneettikalastukseen\n\n","publisher":{"@id":"https:\/\/magnetarmagnets.com\/fi\/#organization"},"potentialAction":[{"@type":"SearchAction","target":{"@type":"EntryPoint","urlTemplate":"https:\/\/magnetarmagnets.com\/fi\/?s={search_term_string}"},"query-input":{"@type":"PropertyValueSpecification","valueRequired":true,"valueName":"search_term_string"}}],"inLanguage":"fi"},{"@type":"Organization","@id":"https:\/\/magnetarmagnets.com\/fi\/#organization","name":"Magnetar","url":"https:\/\/magnetarmagnets.com\/fi\/","logo":{"@type":"ImageObject","inLanguage":"fi","@id":"https:\/\/magnetarmagnets.com\/fi\/#\/schema\/logo\/image\/","url":"https:\/\/magnetarmagnets.com\/wp-content\/uploads\/2025\/05\/Logo-03_PNG-Black-scaled.png","contentUrl":"https:\/\/magnetarmagnets.com\/wp-content\/uploads\/2025\/05\/Logo-03_PNG-Black-scaled.png","width":2560,"height":1658,"caption":"Magnetar"},"image":{"@id":"https:\/\/magnetarmagnets.com\/fi\/#\/schema\/logo\/image\/"},"sameAs":["https:\/\/www.facebook.com\/fishingmagnets\/","https:\/\/www.instagram.com\/magnetar_magnets\/","https:\/\/www.linkedin.com\/company\/magnetarbv\/?originalSubdomain=nl","https:\/\/www.youtube.com\/c\/MagnetarVismagneet"]}]}},"_links":{"self":[{"href":"https:\/\/magnetarmagnets.com\/fi\/wp-json\/wp\/v2\/product\/85409","targetHints":{"allow":["GET"]}}],"collection":[{"href":"https:\/\/magnetarmagnets.com\/fi\/wp-json\/wp\/v2\/product"}],"about":[{"href":"https:\/\/magnetarmagnets.com\/fi\/wp-json\/wp\/v2\/types\/product"}],"replies":[{"embeddable":true,"href":"https:\/\/magnetarmagnets.com\/fi\/wp-json\/wp\/v2\/comments?post=85409"}],"version-history":[{"count":1,"href":"https:\/\/magnetarmagnets.com\/fi\/wp-json\/wp\/v2\/product\/85409\/revisions"}],"predecessor-version":[{"id":95245,"href":"https:\/\/magnetarmagnets.com\/fi\/wp-json\/wp\/v2\/product\/85409\/revisions\/95245"}],"wp:featuredmedia":[{"embeddable":true,"href":"https:\/\/magnetarmagnets.com\/fi\/wp-json\/wp\/v2\/media\/71365"}],"wp:attachment":[{"href":"https:\/\/magnetarmagnets.com\/fi\/wp-json\/wp\/v2\/media?parent=85409"}],"wp:term":[{"taxonomy":"product_brand","embeddable":true,"href":"https:\/\/magnetarmagnets.com\/fi\/wp-json\/wp\/v2\/product_brand?post=85409"},{"taxonomy":"product_cat","embeddable":true,"href":"https:\/\/magnetarmagnets.com\/fi\/wp-json\/wp\/v2\/product_cat?post=85409"},{"taxonomy":"product_tag","embeddable":true,"href":"https:\/\/magnetarmagnets.com\/fi\/wp-json\/wp\/v2\/product_tag?post=85409"}],"curies":[{"name":"wp","href":"https:\/\/api.w.org\/{rel}","templated":true}]}}