{"id":85403,"date":"2025-06-05T09:54:17","date_gmt":"2025-06-05T07:54:17","guid":{"rendered":"https:\/\/magnetarmagnets.com\/?post_type=product&#038;p=85403"},"modified":"2026-04-19T17:21:37","modified_gmt":"2026-04-19T15:21:37","slug":"barbarian-magneetti-1600-kg-monikayttoinen-360","status":"publish","type":"product","link":"https:\/\/magnetarmagnets.com\/fi\/shop\/barbarian-magneetti-1600-kg-monikayttoinen-360\/","title":{"rendered":"Barbarian Magneetti &#8211; 1600 kg &#8211; Monik\u00e4ytt\u00f6inen 360\u00b0"},"content":{"rendered":"* Suojaa magneetti kalastuksen aikana <a href=\"https:\/\/magnetarmagnets.com\/shop\/the-barbarian-protection\/\" target=\"_blank\" rel=\"noopener\"><b>suojauspeitteell\u00e4<\/b><\/a>. Ilman suojauspeitett\u00e4 magneettia voi vaurioittaa osuessaan koviin kohteisiin. Suojauspeite ei sis\u00e4lly magneettiin.\n\n\n\n<span style=\"font-weight: 400;\">Positiiviset palautteet Hardcore-, <a href=\"https:\/\/magnetarmagnets.com\/shop\/hardcore-magnet-2\/\" target=\"_blank\" rel=\"noopener\"><b>Hardcore<\/b><\/a>, <a href=\"https:\/\/magnetarmagnets.com\/shop\/exclusive-terror-magnet\/\" target=\"_blank\" rel=\"noopener\"><b>Terror<\/b><\/a> ja <a href=\"https:\/\/magnetarmagnets.com\/shop\/beast-magnet\/\" target=\"_blank\" rel=\"noopener\"><b>Beast<\/b><\/a>-kalastusmagneeteistamme motivoivat meit\u00e4 kehitt\u00e4m\u00e4\u00e4n uuden supervoiman, THE BARBARIAN! T\u00e4m\u00e4 100 % neodyymimagneetti on suunniteltu erityisesti edistyneille ammattimaisille magneettikalastajille. Tunnetun Beast-magneetin suurempi seuraaja Barbarian on halkaisijaltaan extralarge ja sen magneettinen vetovoima kaikilla puolilla on jopa 1600 kg. Magneetin painon vuoksi se uppoaa tehokkaasti mutaan ja liejuun, saavuttaen piilotetut ja vaikeasti saavutettavat aarteet.<\/span>\n\n\n\n<span style=\"font-weight: 400;\">Varo, t\u00e4m\u00e4 ei ole lasten leikki\u00e4! T\u00e4m\u00e4 kalastusmagneetti on niin voimakas, ett\u00e4 sit\u00e4 tulee k\u00e4ytt\u00e4\u00e4 tietoisuudella. Magneetti ei sovellu lapsille! Se vet\u00e4\u00e4 puoleensa magneettisia esineit\u00e4 kaukaa. Barbarian-magneetilla on helppo kalastaa esineit\u00e4, vaikka ne olisivat py\u00f6reit\u00e4, ruostuneita tai peittyneit\u00e4 liejuun. Useamman vahvan magneetin oston yhteydess\u00e4 suosittelemme k\u00e4ytt\u00e4m\u00e4\u00e4n niit\u00e4 kohtuullisin v\u00e4limatkoin ja s\u00e4ilytt\u00e4m\u00e4\u00e4n erill\u00e4\u00e4n toisistaan.<\/span>\n\n<h2><b>Oletko valmis Barbarian-magneettiin?<\/b><\/h2>\n\n<span style=\"font-weight: 400;\">Barbarian-kalastusmagneetti tarjoaa 360\u00b0 magneettisen vetovoiman 1600 kg. Se vet\u00e4\u00e4 esineit\u00e4 kaikilta puolilta eri vedenalaisissa olosuhteissa (muta, lieju, virtaukset, kivet) eik\u00e4 tartu helposti kiviin. Suunniteltu edistyneille magneettikalastajille, magneetti vaatii eritt\u00e4in varovaista k\u00e4sittely\u00e4.<\/span>\n\n\n\n<span style=\"font-weight: 400;\">T\u00e4m\u00e4 raskas magneetti sopii vain ammattilaisille. Painonsa vuoksi sit\u00e4 ei voi heitt\u00e4\u00e4 kauas, mutta se p\u00e4rj\u00e4\u00e4 erilaisissa maastoissa, syvyyksiss\u00e4 ja vesist\u00f6iss\u00e4 sek\u00e4 aarteenetsinn\u00e4ss\u00e4 erinomaisesti. Se on markkinoiden suurin ja vahvin kalastusmagneetti. Yhdell\u00e4 heitolla voit nostaa aarteita: holveja, aseita, auton osia, skoottereita, s\u00e4hk\u00f6py\u00f6ri\u00e4 ja paljon muuta.<\/span>\n\n<h2><b>Magneetin kehitys<\/b><\/h2>\n\n<span style=\"font-weight: 400;\">Monet magneetit vet\u00e4v\u00e4t vain yhdelt\u00e4 puolelta. T\u00e4m\u00e4 yksipuolinen magneetti on klassinen kalastusmagneetti. Magnetar oli ensimm\u00e4inen, joka kehitti t\u00e4m\u00e4n klassikon kaksipuoliseksi magneetiksi. Vuonna 2016 Magnetar kehitti allround-kalastusmagneetin, jolla on 360\u00b0 magneettinen vetovoima. EU:n magneettikalastajat ovat siit\u00e4 l\u00e4htien suosineet 100 % neodyymmimagneettejamme, tehden meist\u00e4 Euroopan ykk\u00f6stavarantoimittajan. Magneettimme ovat korkealaatuisia ja ne suunnitellaan sek\u00e4 valmistetaan pienen magneettikalastusharrastajien tiimin toimesta. Asiakkaamme palaavat, koska he tiet\u00e4v\u00e4t saavansa enemm\u00e4n kuin pelk\u00e4n magneetin \u2013 he saavat aarteita.<\/span>\n\n<h2><b>Tehokas 360\u00b0 vetovoima<\/b><\/h2>\n\nBarbarian-magneetti on vahvin magneetti, jonka tarjoamme, vetovoiman ollessa jopa 1600 kg. Sen vetovoima on voimakas ja vet\u00e4\u00e4 esineit\u00e4 koko ymp\u00e4rilt\u00e4, toisin kuin ter\u00e4skuorinen yksipuolinen magneetti, joka kohdistaa vetovoimansa yhteen suuntaan. Haluatko n\u00e4hd\u00e4 vetovoiman mittauksen? <a href=\"https:\/\/www.youtube.com\/watch?v=2McW3RURDxs\" target=\"_blank\" rel=\"noopener\">Katso videomme<\/a>.","protected":false},"excerpt":{"rendered":"<p><span style=\"font-weight: 400;\">Barbarian-magneetti on eritt\u00e4in suuri kalastusmagneetti, joka on suunniteltu erityisesti ammatti- ja koville magneettikalastajille.<\/span><\/p>\n<p><span style=\"font-weight: 400;\">Se on maailman tehokkain <strong>allround 360\u00b0 magneetti<\/strong> vetovoimalla jopa <strong>1600 kg<\/strong>! Valmistettu 100 % puhtaasta korkealaatuisesta neodyymist\u00e4, t\u00e4m\u00e4 magneetti on jopa voimakkaampi kuin tunnettu Beast-magneettimme.<\/span><\/p>\n<p><span style=\"font-weight: 400;\">T\u00e4m\u00e4n magneetin kanssa on oltava varovainen. K\u00e4sittele ja s\u00e4ilyt\u00e4 magneettia eritt\u00e4in huolellisesti. Pid\u00e4 poissa lasten ulottuvilta.<\/span><\/p>\n","protected":false},"featured_media":78498,"comment_status":"open","ping_status":"closed","template":"","meta":{"_acf_changed":false,"inline_featured_image":false},"product_brand":[],"product_cat":[607,616,1003,602,604],"product_tag":[],"class_list":{"0":"post-85403","1":"product","2":"type-product","3":"status-publish","4":"has-post-thumbnail","6":"product_cat-allround-fiskemagneter-360","7":"product_cat-profesjonelle","8":"product_cat-kaikki-tuotteet","9":"product_cat-fiskemagneter","10":"product_cat-sterkeste-fiskemagneter","12":"first","13":"instock","14":"taxable","15":"shipping-taxable","16":"purchasable","17":"product-type-simple"},"acf":[],"yoast_head":"<!-- This site is optimized with the Yoast SEO plugin v27.4 - https:\/\/yoast.com\/product\/yoast-seo-wordpress\/ -->\n<title>Barbarian Magneetti - 1600 kg - Monik\u00e4ytt\u00f6inen 360\u00b0<\/title>\n<meta name=\"description\" content=\"Barbarian kalastusmagneetti: Euroopan \u00e4\u00e4rimm\u00e4isin kalastusmagneetti! Tilaa parhaat magneetit magneettikalastuksen ammattilaiselta: Magnetar!\" \/>\n<meta name=\"robots\" content=\"index, follow, max-snippet:-1, max-image-preview:large, max-video-preview:-1\" \/>\n<link rel=\"canonical\" href=\"https:\/\/magnetarmagnets.com\/fi\/shop\/barbarian-magneetti-1600-kg-monikayttoinen-360\/\" \/>\n<meta property=\"og:locale\" content=\"fi_FI\" \/>\n<meta property=\"og:type\" content=\"article\" \/>\n<meta property=\"og:title\" content=\"Barbarian Magneetti - 1600 kg - Monik\u00e4ytt\u00f6inen 360\u00b0\" \/>\n<meta property=\"og:description\" content=\"Barbarian kalastusmagneetti: Euroopan \u00e4\u00e4rimm\u00e4isin kalastusmagneetti! Tilaa parhaat magneetit magneettikalastuksen ammattilaiselta: Magnetar!\" \/>\n<meta property=\"og:url\" content=\"https:\/\/magnetarmagnets.com\/fi\/shop\/barbarian-magneetti-1600-kg-monikayttoinen-360\/\" \/>\n<meta property=\"og:site_name\" content=\"Magnet fishing with a Magnetar fishing magnet\" \/>\n<meta property=\"article:publisher\" content=\"https:\/\/www.facebook.com\/fishingmagnets\/\" \/>\n<meta property=\"article:modified_time\" content=\"2026-04-19T15:21:37+00:00\" \/>\n<meta property=\"og:image\" content=\"https:\/\/magnetarmagnets.com\/wp-content\/uploads\/2020\/06\/Barbarian-magnet-360-Degrees-Neodymium.jpeg\" \/>\n\t<meta property=\"og:image:width\" content=\"1000\" \/>\n\t<meta property=\"og:image:height\" content=\"1000\" \/>\n\t<meta property=\"og:image:type\" content=\"image\/jpeg\" \/>\n<meta name=\"twitter:card\" content=\"summary_large_image\" \/>\n<meta name=\"twitter:label1\" content=\"Arvioitu lukuaika\" \/>\n\t<meta name=\"twitter:data1\" content=\"5 minuuttia\" \/>\n<script type=\"application\/ld+json\" class=\"yoast-schema-graph\">{\"@context\":\"https:\\\/\\\/schema.org\",\"@graph\":[{\"@type\":[\"WebPage\",\"ItemPage\"],\"@id\":\"https:\\\/\\\/magnetarmagnets.com\\\/fi\\\/shop\\\/barbarian-magneetti-1600-kg-monikayttoinen-360\\\/\",\"url\":\"https:\\\/\\\/magnetarmagnets.com\\\/fi\\\/shop\\\/barbarian-magneetti-1600-kg-monikayttoinen-360\\\/\",\"name\":\"Barbarian Magneetti - 1600 kg - Monik\u00e4ytt\u00f6inen 360\u00b0\",\"isPartOf\":{\"@id\":\"https:\\\/\\\/magnetarmagnets.com\\\/fi\\\/#website\"},\"primaryImageOfPage\":{\"@id\":\"https:\\\/\\\/magnetarmagnets.com\\\/fi\\\/shop\\\/barbarian-magneetti-1600-kg-monikayttoinen-360\\\/#primaryimage\"},\"image\":{\"@id\":\"https:\\\/\\\/magnetarmagnets.com\\\/fi\\\/shop\\\/barbarian-magneetti-1600-kg-monikayttoinen-360\\\/#primaryimage\"},\"thumbnailUrl\":\"https:\\\/\\\/magnetarmagnets.com\\\/wp-content\\\/uploads\\\/2020\\\/06\\\/Barbarian-magnet-360-Degrees-Neodymium.jpeg\",\"datePublished\":\"2025-06-05T07:54:17+00:00\",\"dateModified\":\"2026-04-19T15:21:37+00:00\",\"description\":\"Barbarian kalastusmagneetti: Euroopan \u00e4\u00e4rimm\u00e4isin kalastusmagneetti! Tilaa parhaat magneetit magneettikalastuksen ammattilaiselta: Magnetar!\",\"breadcrumb\":{\"@id\":\"https:\\\/\\\/magnetarmagnets.com\\\/fi\\\/shop\\\/barbarian-magneetti-1600-kg-monikayttoinen-360\\\/#breadcrumb\"},\"inLanguage\":\"fi\",\"potentialAction\":[{\"@type\":\"ReadAction\",\"target\":[\"https:\\\/\\\/magnetarmagnets.com\\\/fi\\\/shop\\\/barbarian-magneetti-1600-kg-monikayttoinen-360\\\/\"]}]},{\"@type\":\"ImageObject\",\"inLanguage\":\"fi\",\"@id\":\"https:\\\/\\\/magnetarmagnets.com\\\/fi\\\/shop\\\/barbarian-magneetti-1600-kg-monikayttoinen-360\\\/#primaryimage\",\"url\":\"https:\\\/\\\/magnetarmagnets.com\\\/wp-content\\\/uploads\\\/2020\\\/06\\\/Barbarian-magnet-360-Degrees-Neodymium.jpeg\",\"contentUrl\":\"https:\\\/\\\/magnetarmagnets.com\\\/wp-content\\\/uploads\\\/2020\\\/06\\\/Barbarian-magnet-360-Degrees-Neodymium.jpeg\",\"width\":1000,\"height\":1000,\"caption\":\"Barbarian for magnet fishing with 360 Degrees Neodymium power\"},{\"@type\":\"BreadcrumbList\",\"@id\":\"https:\\\/\\\/magnetarmagnets.com\\\/fi\\\/shop\\\/barbarian-magneetti-1600-kg-monikayttoinen-360\\\/#breadcrumb\",\"itemListElement\":[{\"@type\":\"ListItem\",\"position\":1,\"name\":\"Home\",\"item\":\"https:\\\/\\\/magnetarmagnets.com\\\/fi\\\/\"},{\"@type\":\"ListItem\",\"position\":2,\"name\":\"Verkkokauppa\",\"item\":\"https:\\\/\\\/magnetarmagnets.com\\\/verkkokauppa\\\/\"},{\"@type\":\"ListItem\",\"position\":3,\"name\":\"Kaikki tuotteet\",\"item\":\"https:\\\/\\\/magnetarmagnets.com\\\/fi\\\/collections\\\/kaikki-tuotteet\\\/\"},{\"@type\":\"ListItem\",\"position\":4,\"name\":\"Barbarian Magneetti &#8211; 1600 kg &#8211; Monik\u00e4ytt\u00f6inen 360\u00b0\"}]},{\"@type\":\"WebSite\",\"@id\":\"https:\\\/\\\/magnetarmagnets.com\\\/fi\\\/#website\",\"url\":\"https:\\\/\\\/magnetarmagnets.com\\\/fi\\\/\",\"name\":\"Magnet fishing with a Magnetar fishing magnet\",\"description\":\"Vahvat magneetit magneettikalastukseen\\n\\n\",\"publisher\":{\"@id\":\"https:\\\/\\\/magnetarmagnets.com\\\/fi\\\/#organization\"},\"potentialAction\":[{\"@type\":\"SearchAction\",\"target\":{\"@type\":\"EntryPoint\",\"urlTemplate\":\"https:\\\/\\\/magnetarmagnets.com\\\/fi\\\/?s={search_term_string}\"},\"query-input\":{\"@type\":\"PropertyValueSpecification\",\"valueRequired\":true,\"valueName\":\"search_term_string\"}}],\"inLanguage\":\"fi\"},{\"@type\":\"Organization\",\"@id\":\"https:\\\/\\\/magnetarmagnets.com\\\/fi\\\/#organization\",\"name\":\"Magnetar\",\"url\":\"https:\\\/\\\/magnetarmagnets.com\\\/fi\\\/\",\"logo\":{\"@type\":\"ImageObject\",\"inLanguage\":\"fi\",\"@id\":\"https:\\\/\\\/magnetarmagnets.com\\\/fi\\\/#\\\/schema\\\/logo\\\/image\\\/\",\"url\":\"https:\\\/\\\/magnetarmagnets.com\\\/wp-content\\\/uploads\\\/2025\\\/05\\\/Logo-03_PNG-Black-scaled.png\",\"contentUrl\":\"https:\\\/\\\/magnetarmagnets.com\\\/wp-content\\\/uploads\\\/2025\\\/05\\\/Logo-03_PNG-Black-scaled.png\",\"width\":2560,\"height\":1658,\"caption\":\"Magnetar\"},\"image\":{\"@id\":\"https:\\\/\\\/magnetarmagnets.com\\\/fi\\\/#\\\/schema\\\/logo\\\/image\\\/\"},\"sameAs\":[\"https:\\\/\\\/www.facebook.com\\\/fishingmagnets\\\/\",\"https:\\\/\\\/www.instagram.com\\\/magnetar_magnets\\\/\",\"https:\\\/\\\/www.linkedin.com\\\/company\\\/magnetarbv\\\/?originalSubdomain=nl\",\"https:\\\/\\\/www.youtube.com\\\/c\\\/MagnetarVismagneet\"]}]}<\/script>\n<!-- \/ Yoast SEO plugin. -->","yoast_head_json":{"title":"Barbarian Magneetti - 1600 kg - Monik\u00e4ytt\u00f6inen 360\u00b0","description":"Barbarian kalastusmagneetti: Euroopan \u00e4\u00e4rimm\u00e4isin kalastusmagneetti! Tilaa parhaat magneetit magneettikalastuksen ammattilaiselta: Magnetar!","robots":{"index":"index","follow":"follow","max-snippet":"max-snippet:-1","max-image-preview":"max-image-preview:large","max-video-preview":"max-video-preview:-1"},"canonical":"https:\/\/magnetarmagnets.com\/fi\/shop\/barbarian-magneetti-1600-kg-monikayttoinen-360\/","og_locale":"fi_FI","og_type":"article","og_title":"Barbarian Magneetti - 1600 kg - Monik\u00e4ytt\u00f6inen 360\u00b0","og_description":"Barbarian kalastusmagneetti: Euroopan \u00e4\u00e4rimm\u00e4isin kalastusmagneetti! Tilaa parhaat magneetit magneettikalastuksen ammattilaiselta: Magnetar!","og_url":"https:\/\/magnetarmagnets.com\/fi\/shop\/barbarian-magneetti-1600-kg-monikayttoinen-360\/","og_site_name":"Magnet fishing with a Magnetar fishing magnet","article_publisher":"https:\/\/www.facebook.com\/fishingmagnets\/","article_modified_time":"2026-04-19T15:21:37+00:00","og_image":[{"width":1000,"height":1000,"url":"https:\/\/magnetarmagnets.com\/wp-content\/uploads\/2020\/06\/Barbarian-magnet-360-Degrees-Neodymium.jpeg","type":"image\/jpeg"}],"twitter_card":"summary_large_image","twitter_misc":{"Arvioitu lukuaika":"5 minuuttia"},"schema":{"@context":"https:\/\/schema.org","@graph":[{"@type":["WebPage","ItemPage"],"@id":"https:\/\/magnetarmagnets.com\/fi\/shop\/barbarian-magneetti-1600-kg-monikayttoinen-360\/","url":"https:\/\/magnetarmagnets.com\/fi\/shop\/barbarian-magneetti-1600-kg-monikayttoinen-360\/","name":"Barbarian Magneetti - 1600 kg - Monik\u00e4ytt\u00f6inen 360\u00b0","isPartOf":{"@id":"https:\/\/magnetarmagnets.com\/fi\/#website"},"primaryImageOfPage":{"@id":"https:\/\/magnetarmagnets.com\/fi\/shop\/barbarian-magneetti-1600-kg-monikayttoinen-360\/#primaryimage"},"image":{"@id":"https:\/\/magnetarmagnets.com\/fi\/shop\/barbarian-magneetti-1600-kg-monikayttoinen-360\/#primaryimage"},"thumbnailUrl":"https:\/\/magnetarmagnets.com\/wp-content\/uploads\/2020\/06\/Barbarian-magnet-360-Degrees-Neodymium.jpeg","datePublished":"2025-06-05T07:54:17+00:00","dateModified":"2026-04-19T15:21:37+00:00","description":"Barbarian kalastusmagneetti: Euroopan \u00e4\u00e4rimm\u00e4isin kalastusmagneetti! Tilaa parhaat magneetit magneettikalastuksen ammattilaiselta: Magnetar!","breadcrumb":{"@id":"https:\/\/magnetarmagnets.com\/fi\/shop\/barbarian-magneetti-1600-kg-monikayttoinen-360\/#breadcrumb"},"inLanguage":"fi","potentialAction":[{"@type":"ReadAction","target":["https:\/\/magnetarmagnets.com\/fi\/shop\/barbarian-magneetti-1600-kg-monikayttoinen-360\/"]}]},{"@type":"ImageObject","inLanguage":"fi","@id":"https:\/\/magnetarmagnets.com\/fi\/shop\/barbarian-magneetti-1600-kg-monikayttoinen-360\/#primaryimage","url":"https:\/\/magnetarmagnets.com\/wp-content\/uploads\/2020\/06\/Barbarian-magnet-360-Degrees-Neodymium.jpeg","contentUrl":"https:\/\/magnetarmagnets.com\/wp-content\/uploads\/2020\/06\/Barbarian-magnet-360-Degrees-Neodymium.jpeg","width":1000,"height":1000,"caption":"Barbarian for magnet fishing with 360 Degrees Neodymium power"},{"@type":"BreadcrumbList","@id":"https:\/\/magnetarmagnets.com\/fi\/shop\/barbarian-magneetti-1600-kg-monikayttoinen-360\/#breadcrumb","itemListElement":[{"@type":"ListItem","position":1,"name":"Home","item":"https:\/\/magnetarmagnets.com\/fi\/"},{"@type":"ListItem","position":2,"name":"Verkkokauppa","item":"https:\/\/magnetarmagnets.com\/verkkokauppa\/"},{"@type":"ListItem","position":3,"name":"Kaikki tuotteet","item":"https:\/\/magnetarmagnets.com\/fi\/collections\/kaikki-tuotteet\/"},{"@type":"ListItem","position":4,"name":"Barbarian Magneetti &#8211; 1600 kg &#8211; Monik\u00e4ytt\u00f6inen 360\u00b0"}]},{"@type":"WebSite","@id":"https:\/\/magnetarmagnets.com\/fi\/#website","url":"https:\/\/magnetarmagnets.com\/fi\/","name":"Magnet fishing with a Magnetar fishing magnet","description":"Vahvat magneetit magneettikalastukseen\n\n","publisher":{"@id":"https:\/\/magnetarmagnets.com\/fi\/#organization"},"potentialAction":[{"@type":"SearchAction","target":{"@type":"EntryPoint","urlTemplate":"https:\/\/magnetarmagnets.com\/fi\/?s={search_term_string}"},"query-input":{"@type":"PropertyValueSpecification","valueRequired":true,"valueName":"search_term_string"}}],"inLanguage":"fi"},{"@type":"Organization","@id":"https:\/\/magnetarmagnets.com\/fi\/#organization","name":"Magnetar","url":"https:\/\/magnetarmagnets.com\/fi\/","logo":{"@type":"ImageObject","inLanguage":"fi","@id":"https:\/\/magnetarmagnets.com\/fi\/#\/schema\/logo\/image\/","url":"https:\/\/magnetarmagnets.com\/wp-content\/uploads\/2025\/05\/Logo-03_PNG-Black-scaled.png","contentUrl":"https:\/\/magnetarmagnets.com\/wp-content\/uploads\/2025\/05\/Logo-03_PNG-Black-scaled.png","width":2560,"height":1658,"caption":"Magnetar"},"image":{"@id":"https:\/\/magnetarmagnets.com\/fi\/#\/schema\/logo\/image\/"},"sameAs":["https:\/\/www.facebook.com\/fishingmagnets\/","https:\/\/www.instagram.com\/magnetar_magnets\/","https:\/\/www.linkedin.com\/company\/magnetarbv\/?originalSubdomain=nl","https:\/\/www.youtube.com\/c\/MagnetarVismagneet"]}]}},"_links":{"self":[{"href":"https:\/\/magnetarmagnets.com\/fi\/wp-json\/wp\/v2\/product\/85403","targetHints":{"allow":["GET"]}}],"collection":[{"href":"https:\/\/magnetarmagnets.com\/fi\/wp-json\/wp\/v2\/product"}],"about":[{"href":"https:\/\/magnetarmagnets.com\/fi\/wp-json\/wp\/v2\/types\/product"}],"replies":[{"embeddable":true,"href":"https:\/\/magnetarmagnets.com\/fi\/wp-json\/wp\/v2\/comments?post=85403"}],"version-history":[{"count":1,"href":"https:\/\/magnetarmagnets.com\/fi\/wp-json\/wp\/v2\/product\/85403\/revisions"}],"predecessor-version":[{"id":94599,"href":"https:\/\/magnetarmagnets.com\/fi\/wp-json\/wp\/v2\/product\/85403\/revisions\/94599"}],"wp:featuredmedia":[{"embeddable":true,"href":"https:\/\/magnetarmagnets.com\/fi\/wp-json\/wp\/v2\/media\/78498"}],"wp:attachment":[{"href":"https:\/\/magnetarmagnets.com\/fi\/wp-json\/wp\/v2\/media?parent=85403"}],"wp:term":[{"taxonomy":"product_brand","embeddable":true,"href":"https:\/\/magnetarmagnets.com\/fi\/wp-json\/wp\/v2\/product_brand?post=85403"},{"taxonomy":"product_cat","embeddable":true,"href":"https:\/\/magnetarmagnets.com\/fi\/wp-json\/wp\/v2\/product_cat?post=85403"},{"taxonomy":"product_tag","embeddable":true,"href":"https:\/\/magnetarmagnets.com\/fi\/wp-json\/wp\/v2\/product_tag?post=85403"}],"curies":[{"name":"wp","href":"https:\/\/api.w.org\/{rel}","templated":true}]}}