{"id":85400,"date":"2025-06-05T09:54:13","date_gmt":"2025-06-05T07:54:13","guid":{"rendered":"https:\/\/magnetarmagnets.com\/?post_type=product&#038;p=85400"},"modified":"2026-04-04T20:19:52","modified_gmt":"2026-04-04T18:19:52","slug":"bulldog-500-kaksipuolinen-500-kg","status":"publish","type":"product","link":"https:\/\/magnetarmagnets.com\/fi\/shop\/bulldog-500-kaksipuolinen-500-kg\/","title":{"rendered":"Bulldog 500 &#8211; kaksipuolinen &#8211; 500 kg"},"content":{"rendered":"<span style=\"font-weight: 400;\">Magnetar <\/span>Bulldog 500<span style=\"font-weight: 400;\"> on Magnetar Bulldog 800 kaksipuolisen kalastusmagneetin pikkuveli. Bulldog-magneettimme houkuttelee kaikki vedess\u00e4 olevat esineet. T\u00e4m\u00e4 johtuu sen yhteisest\u00e4 500 kg:n magneettisesta vedosta. Vetovoima jakaantuu kahdelle magneetille, joista kummallakin on 550 lb\/250 kg:n vetovoima: n\u00e4in kalastat aina 250 kg:n vetovoimalla kummallakin puolella. T\u00e4m\u00e4 lis\u00e4\u00e4 mahdollisuutta l\u00f6yt\u00e4\u00e4 esineit\u00e4 magneettikent\u00e4n laajentumisen ansiosta. Bulldogissa on kaksipuolinen magneettinen veto ja rengaskotelo, joka suojaa magneettia. Etsitk\u00f6 voimakkaampaa kaksipuolista magneettia? Tutustu <\/span><a href=\"https:\/\/magnetarmagnets.com\/shop\/bulldog-800-double-sided\/\" target=\"_blank\" rel=\"noopener noreferrer\"><span style=\"font-weight: 400;\">Bulldog 800<\/span><\/a><span style=\"font-weight: 400;\"> -malliin.<\/span>\n\n<h2><strong>Kaksipuolinen Bulldog 500<\/strong><\/h2>\n\n<span style=\"font-weight: 400;\">Bulldog-magneettimme houkuttelee kaikki vedess\u00e4 olevat esineet. Sen yhteinen magneettinen veto on 500 kg, ja veto jakautuu kahdelle magneetille, joiden vetovoima on 250 kg kumpikin. Lupaus 250 kg:n vetovoimasta toteutuu vain t\u00e4ydellisiss\u00e4 olosuhteissa: tasainen metalli, 2 cm paksu, ruosteeton ja ilman ep\u00e4puhtauksia magneetin ja metallin v\u00e4lill\u00e4. N\u00e4iss\u00e4 olosuhteissa voit nostaa 250 kg suoraan yl\u00f6sp\u00e4in.<\/span>\n\n\n\n<span style=\"font-weight: 400;\">Ero <a href=\"https:\/\/magnetarmagnets.com\/double-sided-fishing-magnet\/\" target=\"_blank\" rel=\"noopener\">kaksipuolisen<\/a> ja yksipuolisen kalastusmagneetin v\u00e4lill\u00e4 on, ett\u00e4 kalastat kahdella tavalla yhden sijasta. Mukana tulevat silmukkapultit voidaan kiinnitt\u00e4\u00e4 haluamallasi tavalla. Jos haluat vet\u00e4\u00e4 magneetti\u00e4 veden l\u00e4pi vaakasuoraan (mik\u00e4 lis\u00e4\u00e4 esineiden l\u00f6ytymisen mahdollisuutta), kiinnit\u00e4 silmukkapultti magneetin sivulle. Kaksipuolisten magneettien ansiosta magneetti kohdistuu aina mahdollisiin aarteisiin.<\/span>\n\n\n\n<span style=\"font-weight: 400;\">Vaaka-asentoinen magneettikalastus voi heikent\u00e4\u00e4 vetovoimaa kohteeseen, sill\u00e4 paras vetovoima saavutetaan pystysuunnassa. Jos haluat lis\u00e4vetoa, kiinnit\u00e4 silmukkapultti pystysuoraan magneetin pintaan. N\u00e4in pystyt nostamaan painavampiakin esineit\u00e4, kuten klassisilla magneeteillamme. Magneetin monipuoliset k\u00e4ytt\u00f6tavat tekev\u00e4t siit\u00e4 monik\u00e4ytt\u00f6isen.<\/span>\n\n\n\n\u00c4l\u00e4 unohda tutustua kalastusmagneettivarusteisiimme <a href=\"https:\/\/magnetarmagnets.com\/accessories\/\" target=\"_blank\" rel=\"noopener\">t\u00e4\u00e4lt\u00e4<\/a> tai valmiisiin <a href=\"https:\/\/magnetarmagnets.com\/magnet-fishing-kit\/\" target=\"_blank\" rel=\"noopener\">magneettikalastuspaketteihin<\/a>.","protected":false},"excerpt":{"rendered":"<p><span style=\"font-weight: 400;\">Kaksinkertainen vetovoima, 2 x 250 kg vetovoimalla. <strong>Tuplaa saantimahdollisuutesi<\/strong>!<\/span><\/p>\n","protected":false},"featured_media":65432,"comment_status":"open","ping_status":"closed","template":"","meta":{"_acf_changed":false,"inline_featured_image":false},"product_brand":[],"product_cat":[724,716,712,725],"product_tag":[],"class_list":{"0":"post-85400","1":"product","2":"type-product","3":"status-publish","4":"has-post-thumbnail","6":"product_cat-aloittelijat-ja-lapset","7":"product_cat-kaksipuoliset-kalastusmagneetit","8":"product_cat-kalastusmagneetit","9":"product_cat-kokeneet-seikkailijat","11":"first","12":"instock","13":"taxable","14":"shipping-taxable","15":"purchasable","16":"product-type-simple"},"acf":[],"yoast_head":"<!-- This site is optimized with the Yoast SEO plugin v27.3 - https:\/\/yoast.com\/product\/yoast-seo-wordpress\/ -->\n<title>Magnetar-magneettien kaksipuolinen Bulldog 400 -magneetti<\/title>\n<meta name=\"description\" content=\"T\u00e4m\u00e4 magneettinen veto jakautuu kahdelle 250 kg:n vetovoimalla toimivalle magneetille: n\u00e4in kalastat aina 250 kg:n vetovoimalla kummallakin puolella.\" \/>\n<meta name=\"robots\" content=\"index, follow, max-snippet:-1, max-image-preview:large, max-video-preview:-1\" \/>\n<link rel=\"canonical\" href=\"https:\/\/magnetarmagnets.com\/fi\/shop\/bulldog-500-kaksipuolinen-500-kg\/\" \/>\n<meta property=\"og:locale\" content=\"fi_FI\" \/>\n<meta property=\"og:type\" content=\"article\" \/>\n<meta property=\"og:title\" content=\"Magnetar-magneettien kaksipuolinen Bulldog 400 -magneetti\" \/>\n<meta property=\"og:description\" content=\"T\u00e4m\u00e4 magneettinen veto jakautuu kahdelle 250 kg:n vetovoimalla toimivalle magneetille: n\u00e4in kalastat aina 250 kg:n vetovoimalla kummallakin puolella.\" \/>\n<meta property=\"og:url\" content=\"https:\/\/magnetarmagnets.com\/fi\/shop\/bulldog-500-kaksipuolinen-500-kg\/\" \/>\n<meta property=\"og:site_name\" content=\"Magnet fishing with a Magnetar fishing magnet\" \/>\n<meta property=\"article:publisher\" content=\"https:\/\/www.facebook.com\/fishingmagnets\/\" \/>\n<meta property=\"article:modified_time\" content=\"2026-04-04T18:19:52+00:00\" \/>\n<meta property=\"og:image\" content=\"https:\/\/magnetarmagnets.com\/wp-content\/uploads\/2020\/05\/FOTO1491.jpg\" \/>\n\t<meta property=\"og:image:width\" content=\"1000\" \/>\n\t<meta property=\"og:image:height\" content=\"1000\" \/>\n\t<meta property=\"og:image:type\" content=\"image\/jpeg\" \/>\n<meta name=\"twitter:card\" content=\"summary_large_image\" \/>\n<meta name=\"twitter:label1\" content=\"Arvioitu lukuaika\" \/>\n\t<meta name=\"twitter:data1\" content=\"4 minuuttia\" \/>\n<script type=\"application\/ld+json\" class=\"yoast-schema-graph\">{\"@context\":\"https:\\\/\\\/schema.org\",\"@graph\":[{\"@type\":[\"WebPage\",\"ItemPage\"],\"@id\":\"https:\\\/\\\/magnetarmagnets.com\\\/fi\\\/shop\\\/bulldog-500-kaksipuolinen-500-kg\\\/\",\"url\":\"https:\\\/\\\/magnetarmagnets.com\\\/fi\\\/shop\\\/bulldog-500-kaksipuolinen-500-kg\\\/\",\"name\":\"Magnetar-magneettien kaksipuolinen Bulldog 400 -magneetti\",\"isPartOf\":{\"@id\":\"https:\\\/\\\/magnetarmagnets.com\\\/fi\\\/#website\"},\"primaryImageOfPage\":{\"@id\":\"https:\\\/\\\/magnetarmagnets.com\\\/fi\\\/shop\\\/bulldog-500-kaksipuolinen-500-kg\\\/#primaryimage\"},\"image\":{\"@id\":\"https:\\\/\\\/magnetarmagnets.com\\\/fi\\\/shop\\\/bulldog-500-kaksipuolinen-500-kg\\\/#primaryimage\"},\"thumbnailUrl\":\"https:\\\/\\\/magnetarmagnets.com\\\/wp-content\\\/uploads\\\/2020\\\/05\\\/FOTO1491.jpg\",\"datePublished\":\"2025-06-05T07:54:13+00:00\",\"dateModified\":\"2026-04-04T18:19:52+00:00\",\"description\":\"T\u00e4m\u00e4 magneettinen veto jakautuu kahdelle 250 kg:n vetovoimalla toimivalle magneetille: n\u00e4in kalastat aina 250 kg:n vetovoimalla kummallakin puolella.\",\"breadcrumb\":{\"@id\":\"https:\\\/\\\/magnetarmagnets.com\\\/fi\\\/shop\\\/bulldog-500-kaksipuolinen-500-kg\\\/#breadcrumb\"},\"inLanguage\":\"fi\",\"potentialAction\":[{\"@type\":\"ReadAction\",\"target\":[\"https:\\\/\\\/magnetarmagnets.com\\\/fi\\\/shop\\\/bulldog-500-kaksipuolinen-500-kg\\\/\"]}]},{\"@type\":\"ImageObject\",\"inLanguage\":\"fi\",\"@id\":\"https:\\\/\\\/magnetarmagnets.com\\\/fi\\\/shop\\\/bulldog-500-kaksipuolinen-500-kg\\\/#primaryimage\",\"url\":\"https:\\\/\\\/magnetarmagnets.com\\\/wp-content\\\/uploads\\\/2020\\\/05\\\/FOTO1491.jpg\",\"contentUrl\":\"https:\\\/\\\/magnetarmagnets.com\\\/wp-content\\\/uploads\\\/2020\\\/05\\\/FOTO1491.jpg\",\"width\":1000,\"height\":1000},{\"@type\":\"BreadcrumbList\",\"@id\":\"https:\\\/\\\/magnetarmagnets.com\\\/fi\\\/shop\\\/bulldog-500-kaksipuolinen-500-kg\\\/#breadcrumb\",\"itemListElement\":[{\"@type\":\"ListItem\",\"position\":1,\"name\":\"Home\",\"item\":\"https:\\\/\\\/magnetarmagnets.com\\\/fi\\\/\"},{\"@type\":\"ListItem\",\"position\":2,\"name\":\"Verkkokauppa\",\"item\":\"https:\\\/\\\/magnetarmagnets.com\\\/verkkokauppa\\\/\"},{\"@type\":\"ListItem\",\"position\":3,\"name\":\"Kalastusmagneetit\",\"item\":\"https:\\\/\\\/magnetarmagnets.com\\\/fi\\\/collections\\\/kalastusmagneetit\\\/\"},{\"@type\":\"ListItem\",\"position\":4,\"name\":\"Kaksipuoliset kalastusmagneetit\",\"item\":\"https:\\\/\\\/magnetarmagnets.com\\\/fi\\\/collections\\\/kalastusmagneetit\\\/kaksipuoliset-kalastusmagneetit\\\/\"},{\"@type\":\"ListItem\",\"position\":5,\"name\":\"Bulldog 500 &#8211; kaksipuolinen &#8211; 500 kg\"}]},{\"@type\":\"WebSite\",\"@id\":\"https:\\\/\\\/magnetarmagnets.com\\\/fi\\\/#website\",\"url\":\"https:\\\/\\\/magnetarmagnets.com\\\/fi\\\/\",\"name\":\"Magnet fishing with a Magnetar fishing magnet\",\"description\":\"Vahvat magneetit magneettikalastukseen\\n\\n\",\"publisher\":{\"@id\":\"https:\\\/\\\/magnetarmagnets.com\\\/fi\\\/#organization\"},\"potentialAction\":[{\"@type\":\"SearchAction\",\"target\":{\"@type\":\"EntryPoint\",\"urlTemplate\":\"https:\\\/\\\/magnetarmagnets.com\\\/fi\\\/?s={search_term_string}\"},\"query-input\":{\"@type\":\"PropertyValueSpecification\",\"valueRequired\":true,\"valueName\":\"search_term_string\"}}],\"inLanguage\":\"fi\"},{\"@type\":\"Organization\",\"@id\":\"https:\\\/\\\/magnetarmagnets.com\\\/fi\\\/#organization\",\"name\":\"Magnetar\",\"url\":\"https:\\\/\\\/magnetarmagnets.com\\\/fi\\\/\",\"logo\":{\"@type\":\"ImageObject\",\"inLanguage\":\"fi\",\"@id\":\"https:\\\/\\\/magnetarmagnets.com\\\/fi\\\/#\\\/schema\\\/logo\\\/image\\\/\",\"url\":\"https:\\\/\\\/magnetarmagnets.com\\\/wp-content\\\/uploads\\\/2025\\\/05\\\/Logo-03_PNG-Black-scaled.png\",\"contentUrl\":\"https:\\\/\\\/magnetarmagnets.com\\\/wp-content\\\/uploads\\\/2025\\\/05\\\/Logo-03_PNG-Black-scaled.png\",\"width\":2560,\"height\":1658,\"caption\":\"Magnetar\"},\"image\":{\"@id\":\"https:\\\/\\\/magnetarmagnets.com\\\/fi\\\/#\\\/schema\\\/logo\\\/image\\\/\"},\"sameAs\":[\"https:\\\/\\\/www.facebook.com\\\/fishingmagnets\\\/\",\"https:\\\/\\\/www.instagram.com\\\/magnetar_magnets\\\/\",\"https:\\\/\\\/www.linkedin.com\\\/company\\\/magnetarbv\\\/?originalSubdomain=nl\",\"https:\\\/\\\/www.youtube.com\\\/c\\\/MagnetarVismagneet\"]}]}<\/script>\n<!-- \/ Yoast SEO plugin. -->","yoast_head_json":{"title":"Magnetar-magneettien kaksipuolinen Bulldog 400 -magneetti","description":"T\u00e4m\u00e4 magneettinen veto jakautuu kahdelle 250 kg:n vetovoimalla toimivalle magneetille: n\u00e4in kalastat aina 250 kg:n vetovoimalla kummallakin puolella.","robots":{"index":"index","follow":"follow","max-snippet":"max-snippet:-1","max-image-preview":"max-image-preview:large","max-video-preview":"max-video-preview:-1"},"canonical":"https:\/\/magnetarmagnets.com\/fi\/shop\/bulldog-500-kaksipuolinen-500-kg\/","og_locale":"fi_FI","og_type":"article","og_title":"Magnetar-magneettien kaksipuolinen Bulldog 400 -magneetti","og_description":"T\u00e4m\u00e4 magneettinen veto jakautuu kahdelle 250 kg:n vetovoimalla toimivalle magneetille: n\u00e4in kalastat aina 250 kg:n vetovoimalla kummallakin puolella.","og_url":"https:\/\/magnetarmagnets.com\/fi\/shop\/bulldog-500-kaksipuolinen-500-kg\/","og_site_name":"Magnet fishing with a Magnetar fishing magnet","article_publisher":"https:\/\/www.facebook.com\/fishingmagnets\/","article_modified_time":"2026-04-04T18:19:52+00:00","og_image":[{"width":1000,"height":1000,"url":"https:\/\/magnetarmagnets.com\/wp-content\/uploads\/2020\/05\/FOTO1491.jpg","type":"image\/jpeg"}],"twitter_card":"summary_large_image","twitter_misc":{"Arvioitu lukuaika":"4 minuuttia"},"schema":{"@context":"https:\/\/schema.org","@graph":[{"@type":["WebPage","ItemPage"],"@id":"https:\/\/magnetarmagnets.com\/fi\/shop\/bulldog-500-kaksipuolinen-500-kg\/","url":"https:\/\/magnetarmagnets.com\/fi\/shop\/bulldog-500-kaksipuolinen-500-kg\/","name":"Magnetar-magneettien kaksipuolinen Bulldog 400 -magneetti","isPartOf":{"@id":"https:\/\/magnetarmagnets.com\/fi\/#website"},"primaryImageOfPage":{"@id":"https:\/\/magnetarmagnets.com\/fi\/shop\/bulldog-500-kaksipuolinen-500-kg\/#primaryimage"},"image":{"@id":"https:\/\/magnetarmagnets.com\/fi\/shop\/bulldog-500-kaksipuolinen-500-kg\/#primaryimage"},"thumbnailUrl":"https:\/\/magnetarmagnets.com\/wp-content\/uploads\/2020\/05\/FOTO1491.jpg","datePublished":"2025-06-05T07:54:13+00:00","dateModified":"2026-04-04T18:19:52+00:00","description":"T\u00e4m\u00e4 magneettinen veto jakautuu kahdelle 250 kg:n vetovoimalla toimivalle magneetille: n\u00e4in kalastat aina 250 kg:n vetovoimalla kummallakin puolella.","breadcrumb":{"@id":"https:\/\/magnetarmagnets.com\/fi\/shop\/bulldog-500-kaksipuolinen-500-kg\/#breadcrumb"},"inLanguage":"fi","potentialAction":[{"@type":"ReadAction","target":["https:\/\/magnetarmagnets.com\/fi\/shop\/bulldog-500-kaksipuolinen-500-kg\/"]}]},{"@type":"ImageObject","inLanguage":"fi","@id":"https:\/\/magnetarmagnets.com\/fi\/shop\/bulldog-500-kaksipuolinen-500-kg\/#primaryimage","url":"https:\/\/magnetarmagnets.com\/wp-content\/uploads\/2020\/05\/FOTO1491.jpg","contentUrl":"https:\/\/magnetarmagnets.com\/wp-content\/uploads\/2020\/05\/FOTO1491.jpg","width":1000,"height":1000},{"@type":"BreadcrumbList","@id":"https:\/\/magnetarmagnets.com\/fi\/shop\/bulldog-500-kaksipuolinen-500-kg\/#breadcrumb","itemListElement":[{"@type":"ListItem","position":1,"name":"Home","item":"https:\/\/magnetarmagnets.com\/fi\/"},{"@type":"ListItem","position":2,"name":"Verkkokauppa","item":"https:\/\/magnetarmagnets.com\/verkkokauppa\/"},{"@type":"ListItem","position":3,"name":"Kalastusmagneetit","item":"https:\/\/magnetarmagnets.com\/fi\/collections\/kalastusmagneetit\/"},{"@type":"ListItem","position":4,"name":"Kaksipuoliset kalastusmagneetit","item":"https:\/\/magnetarmagnets.com\/fi\/collections\/kalastusmagneetit\/kaksipuoliset-kalastusmagneetit\/"},{"@type":"ListItem","position":5,"name":"Bulldog 500 &#8211; kaksipuolinen &#8211; 500 kg"}]},{"@type":"WebSite","@id":"https:\/\/magnetarmagnets.com\/fi\/#website","url":"https:\/\/magnetarmagnets.com\/fi\/","name":"Magnet fishing with a Magnetar fishing magnet","description":"Vahvat magneetit magneettikalastukseen\n\n","publisher":{"@id":"https:\/\/magnetarmagnets.com\/fi\/#organization"},"potentialAction":[{"@type":"SearchAction","target":{"@type":"EntryPoint","urlTemplate":"https:\/\/magnetarmagnets.com\/fi\/?s={search_term_string}"},"query-input":{"@type":"PropertyValueSpecification","valueRequired":true,"valueName":"search_term_string"}}],"inLanguage":"fi"},{"@type":"Organization","@id":"https:\/\/magnetarmagnets.com\/fi\/#organization","name":"Magnetar","url":"https:\/\/magnetarmagnets.com\/fi\/","logo":{"@type":"ImageObject","inLanguage":"fi","@id":"https:\/\/magnetarmagnets.com\/fi\/#\/schema\/logo\/image\/","url":"https:\/\/magnetarmagnets.com\/wp-content\/uploads\/2025\/05\/Logo-03_PNG-Black-scaled.png","contentUrl":"https:\/\/magnetarmagnets.com\/wp-content\/uploads\/2025\/05\/Logo-03_PNG-Black-scaled.png","width":2560,"height":1658,"caption":"Magnetar"},"image":{"@id":"https:\/\/magnetarmagnets.com\/fi\/#\/schema\/logo\/image\/"},"sameAs":["https:\/\/www.facebook.com\/fishingmagnets\/","https:\/\/www.instagram.com\/magnetar_magnets\/","https:\/\/www.linkedin.com\/company\/magnetarbv\/?originalSubdomain=nl","https:\/\/www.youtube.com\/c\/MagnetarVismagneet"]}]}},"_links":{"self":[{"href":"https:\/\/magnetarmagnets.com\/fi\/wp-json\/wp\/v2\/product\/85400","targetHints":{"allow":["GET"]}}],"collection":[{"href":"https:\/\/magnetarmagnets.com\/fi\/wp-json\/wp\/v2\/product"}],"about":[{"href":"https:\/\/magnetarmagnets.com\/fi\/wp-json\/wp\/v2\/types\/product"}],"replies":[{"embeddable":true,"href":"https:\/\/magnetarmagnets.com\/fi\/wp-json\/wp\/v2\/comments?post=85400"}],"version-history":[{"count":1,"href":"https:\/\/magnetarmagnets.com\/fi\/wp-json\/wp\/v2\/product\/85400\/revisions"}],"predecessor-version":[{"id":95380,"href":"https:\/\/magnetarmagnets.com\/fi\/wp-json\/wp\/v2\/product\/85400\/revisions\/95380"}],"wp:featuredmedia":[{"embeddable":true,"href":"https:\/\/magnetarmagnets.com\/fi\/wp-json\/wp\/v2\/media\/65432"}],"wp:attachment":[{"href":"https:\/\/magnetarmagnets.com\/fi\/wp-json\/wp\/v2\/media?parent=85400"}],"wp:term":[{"taxonomy":"product_brand","embeddable":true,"href":"https:\/\/magnetarmagnets.com\/fi\/wp-json\/wp\/v2\/product_brand?post=85400"},{"taxonomy":"product_cat","embeddable":true,"href":"https:\/\/magnetarmagnets.com\/fi\/wp-json\/wp\/v2\/product_cat?post=85400"},{"taxonomy":"product_tag","embeddable":true,"href":"https:\/\/magnetarmagnets.com\/fi\/wp-json\/wp\/v2\/product_tag?post=85400"}],"curies":[{"name":"wp","href":"https:\/\/api.w.org\/{rel}","templated":true}]}}