{"id":85395,"date":"2025-06-05T09:54:42","date_gmt":"2025-06-05T07:54:42","guid":{"rendered":"https:\/\/magnetarmagnets.com\/?post_type=product&#038;p=85395"},"modified":"2026-04-18T07:29:05","modified_gmt":"2026-04-18T05:29:05","slug":"classic-fishing-magnet-500kg-yksipuolinen-kalastusmagneetti","status":"publish","type":"product","link":"https:\/\/magnetarmagnets.com\/fi\/shop\/classic-fishing-magnet-500kg-yksipuolinen-kalastusmagneetti\/","title":{"rendered":"Classic Fishing Magnet 500KG &#8211; Yksipuolinen kalastusmagneetti"},"content":{"rendered":"Classic 500 kalastusmagneetti on yksipuolinen neodyymimagneetti, jonka suurin vetovoima on 1100lb\/500kg. Classic 500 kalastusmagneetti on voimanpes\u00e4 klassisessa tuoteryhm\u00e4ss\u00e4 ja toiseksi voimakkain siin\u00e4.<span style=\"font-weight: 400;\"> Suosittelemme Classic 500:aa kalastusmagneetin k\u00e4ytt\u00e4jille, jotka pystyv\u00e4t nostamaan tallelaukkuja ja muita raskaita esineit\u00e4 vaivatta vedest\u00e4. Etsitk\u00f6 viel\u00e4 pienemp\u00e4\u00e4 tai suurempaa magneettia? Tutustu <a href=\"https:\/\/magnetarmagnets.com\/shop\/classic-fishing-magnet-660lb-300kg\">Classic 300<\/a><\/span><span style=\"font-weight: 400;\"> tai <a href=\"https:\/\/magnetarmagnets.com\/shop\/exclusive-terror-magnet\">Terror<\/a>, joka on monipuolinen kalastusmagneetti.<\/span>\n\n<h2><strong>Classic 500 kalastusmagneetti 500kg\/1100lb<\/strong><\/h2>\n\n<span style=\"font-weight: 400;\">Etsitk\u00f6 todellista voimanpes\u00e4\u00e4? Haluatko nostaa suurempia ja raskaampia esineit\u00e4 vedest\u00e4? Classic 500 voi olla oikea magneetti sinulle! Magnetar Classic 500 on neodyymimagneetti, jonka maksimivetovoima on 500kg\/1100lb. T\u00e4m\u00e4 vetovoiman m\u00e4\u00e4r\u00e4 tekee magneetista todellisen voimanpes\u00e4n.<\/span>\n\n<span style=\"font-weight: 400;\">T\u00e4m\u00e4 magneetti on suunniteltu erityisesti parantamaan mahdollisuuksia kalastaa esineit\u00e4 vedest\u00e4. Pienell\u00e4 halkaisijallaan magneetti liukuu esineiden p\u00e4\u00e4ll\u00e4 sujuvammin ja auttaa sinua ker\u00e4\u00e4m\u00e4\u00e4n ne nopeammin. Suosittelemme t\u00e4t\u00e4 magneettia kokeneille kalastusmagneetin k\u00e4ytt\u00e4jille tai rohkeille aloittelijoille, jotka haluavat aloittaa eritt\u00e4in tehokkaalla magneetilla.<\/span>\n\n<span style=\"font-weight: 400;\">Magneetissa on tukeva metallikuori, joka suojaa sit\u00e4 kolhuilta tai putoamisvahingoilta. Lupaus 500kg:n vetoamisesta toteutuu vain t\u00e4ydellisiss\u00e4 olosuhteissa: tasainen metalli 2 cm paksu, ilman ruostetta ja ilman ep\u00e4puhtauksia magneetin ja metallin v\u00e4liss\u00e4. N\u00e4iss\u00e4 olosuhteissa magneetti vet\u00e4\u00e4 500kg suoraan yl\u00f6sp\u00e4in. Etsitk\u00f6 monipuolista voimakasta magneettia, joka tarttuu helposti py\u00f6reisiin ja jopa ruostuneisiin esineisiin? Tutustu eksklusiiviseen <\/span><span style=\"font-weight: 400;\"><a href=\"https:\/\/magnetarmagnets.com\/shop\/beast-magnet\">Beast<\/a> kalastusmagneettiin ja <a href=\"https:\/\/magnetarmagnets.com\/shop\/protection-covers-all-round-magnets\/\">suojakuoriin<\/a>.<\/span>","protected":false},"excerpt":{"rendered":"<p><span style=\"font-weight: 400;\">Todellinen <strong>voimanpes\u00e4<\/strong>, t\u00e4m\u00e4 <strong>iskunkest\u00e4v\u00e4<\/strong> kalastusmagneetti painaville esineille.<\/span><\/p>\n","protected":false},"featured_media":76862,"comment_status":"open","ping_status":"closed","template":"","meta":{"_acf_changed":false,"inline_featured_image":false},"product_brand":[],"product_cat":[1003,712,714,715],"product_tag":[],"class_list":{"0":"post-85395","1":"product","2":"type-product","3":"status-publish","4":"has-post-thumbnail","6":"product_cat-kaikki-tuotteet","7":"product_cat-kalastusmagneetit","8":"product_cat-vahvimmat-kalastusmagneetit","9":"product_cat-yksipuoliset-kalastusmagneetit","11":"first","12":"onbackorder","13":"taxable","14":"shipping-taxable","15":"purchasable","16":"product-type-simple"},"acf":[],"yoast_head":"<!-- This site is optimized with the Yoast SEO plugin v27.4 - https:\/\/yoast.com\/product\/yoast-seo-wordpress\/ -->\n<title>Classic Fishing Magnet 500KG - Yksipuolinen kalastusmagneetti - Magnet fishing with a Magnetar fishing magnet<\/title>\n<meta name=\"description\" content=\"Classic Fishing Magnet 500 Kg - Magnetar\" \/>\n<meta name=\"robots\" content=\"index, follow, max-snippet:-1, max-image-preview:large, max-video-preview:-1\" \/>\n<link rel=\"canonical\" href=\"https:\/\/magnetarmagnets.com\/fi\/shop\/classic-fishing-magnet-500kg-yksipuolinen-kalastusmagneetti\/\" \/>\n<meta property=\"og:locale\" content=\"fi_FI\" \/>\n<meta property=\"og:type\" content=\"article\" \/>\n<meta property=\"og:title\" content=\"Classic Fishing Magnet 500KG - Yksipuolinen kalastusmagneetti - Magnet fishing with a Magnetar fishing magnet\" \/>\n<meta property=\"og:description\" content=\"Classic Fishing Magnet 500 Kg - Magnetar\" \/>\n<meta property=\"og:url\" content=\"https:\/\/magnetarmagnets.com\/fi\/shop\/classic-fishing-magnet-500kg-yksipuolinen-kalastusmagneetti\/\" \/>\n<meta property=\"og:site_name\" content=\"Magnet fishing with a Magnetar fishing magnet\" \/>\n<meta property=\"article:publisher\" content=\"https:\/\/www.facebook.com\/fishingmagnets\/\" \/>\n<meta property=\"article:modified_time\" content=\"2026-04-18T05:29:05+00:00\" \/>\n<meta property=\"og:image\" content=\"https:\/\/magnetarmagnets.com\/wp-content\/uploads\/2016\/12\/FOTO1483.jpg\" \/>\n\t<meta property=\"og:image:width\" content=\"1000\" \/>\n\t<meta property=\"og:image:height\" content=\"1000\" \/>\n\t<meta property=\"og:image:type\" content=\"image\/jpeg\" \/>\n<meta name=\"twitter:card\" content=\"summary_large_image\" \/>\n<meta name=\"twitter:label1\" content=\"Arvioitu lukuaika\" \/>\n\t<meta name=\"twitter:data1\" content=\"3 minuuttia\" \/>\n<script type=\"application\/ld+json\" class=\"yoast-schema-graph\">{\"@context\":\"https:\\\/\\\/schema.org\",\"@graph\":[{\"@type\":[\"WebPage\",\"ItemPage\"],\"@id\":\"https:\\\/\\\/magnetarmagnets.com\\\/fi\\\/shop\\\/classic-fishing-magnet-500kg-yksipuolinen-kalastusmagneetti\\\/\",\"url\":\"https:\\\/\\\/magnetarmagnets.com\\\/fi\\\/shop\\\/classic-fishing-magnet-500kg-yksipuolinen-kalastusmagneetti\\\/\",\"name\":\"Classic Fishing Magnet 500KG - Yksipuolinen kalastusmagneetti - Magnet fishing with a Magnetar fishing magnet\",\"isPartOf\":{\"@id\":\"https:\\\/\\\/magnetarmagnets.com\\\/fi\\\/#website\"},\"primaryImageOfPage\":{\"@id\":\"https:\\\/\\\/magnetarmagnets.com\\\/fi\\\/shop\\\/classic-fishing-magnet-500kg-yksipuolinen-kalastusmagneetti\\\/#primaryimage\"},\"image\":{\"@id\":\"https:\\\/\\\/magnetarmagnets.com\\\/fi\\\/shop\\\/classic-fishing-magnet-500kg-yksipuolinen-kalastusmagneetti\\\/#primaryimage\"},\"thumbnailUrl\":\"https:\\\/\\\/magnetarmagnets.com\\\/wp-content\\\/uploads\\\/2016\\\/12\\\/FOTO1483.jpg\",\"datePublished\":\"2025-06-05T07:54:42+00:00\",\"dateModified\":\"2026-04-18T05:29:05+00:00\",\"description\":\"Classic Fishing Magnet 500 Kg - Magnetar\",\"breadcrumb\":{\"@id\":\"https:\\\/\\\/magnetarmagnets.com\\\/fi\\\/shop\\\/classic-fishing-magnet-500kg-yksipuolinen-kalastusmagneetti\\\/#breadcrumb\"},\"inLanguage\":\"fi\",\"potentialAction\":[{\"@type\":\"ReadAction\",\"target\":[\"https:\\\/\\\/magnetarmagnets.com\\\/fi\\\/shop\\\/classic-fishing-magnet-500kg-yksipuolinen-kalastusmagneetti\\\/\"]}]},{\"@type\":\"ImageObject\",\"inLanguage\":\"fi\",\"@id\":\"https:\\\/\\\/magnetarmagnets.com\\\/fi\\\/shop\\\/classic-fishing-magnet-500kg-yksipuolinen-kalastusmagneetti\\\/#primaryimage\",\"url\":\"https:\\\/\\\/magnetarmagnets.com\\\/wp-content\\\/uploads\\\/2016\\\/12\\\/FOTO1483.jpg\",\"contentUrl\":\"https:\\\/\\\/magnetarmagnets.com\\\/wp-content\\\/uploads\\\/2016\\\/12\\\/FOTO1483.jpg\",\"width\":1000,\"height\":1000,\"caption\":\"Classic 550\"},{\"@type\":\"BreadcrumbList\",\"@id\":\"https:\\\/\\\/magnetarmagnets.com\\\/fi\\\/shop\\\/classic-fishing-magnet-500kg-yksipuolinen-kalastusmagneetti\\\/#breadcrumb\",\"itemListElement\":[{\"@type\":\"ListItem\",\"position\":1,\"name\":\"Home\",\"item\":\"https:\\\/\\\/magnetarmagnets.com\\\/fi\\\/\"},{\"@type\":\"ListItem\",\"position\":2,\"name\":\"Verkkokauppa\",\"item\":\"https:\\\/\\\/magnetarmagnets.com\\\/verkkokauppa\\\/\"},{\"@type\":\"ListItem\",\"position\":3,\"name\":\"Kalastusmagneetit\",\"item\":\"https:\\\/\\\/magnetarmagnets.com\\\/fi\\\/collections\\\/kalastusmagneetit\\\/\"},{\"@type\":\"ListItem\",\"position\":4,\"name\":\"Yksipuoliset kalastusmagneetit\",\"item\":\"https:\\\/\\\/magnetarmagnets.com\\\/fi\\\/collections\\\/kalastusmagneetit\\\/yksipuoliset-kalastusmagneetit\\\/\"},{\"@type\":\"ListItem\",\"position\":5,\"name\":\"Classic Fishing Magnet 500KG &#8211; Yksipuolinen kalastusmagneetti\"}]},{\"@type\":\"WebSite\",\"@id\":\"https:\\\/\\\/magnetarmagnets.com\\\/fi\\\/#website\",\"url\":\"https:\\\/\\\/magnetarmagnets.com\\\/fi\\\/\",\"name\":\"Magnet fishing with a Magnetar fishing magnet\",\"description\":\"Vahvat magneetit magneettikalastukseen\\n\\n\",\"publisher\":{\"@id\":\"https:\\\/\\\/magnetarmagnets.com\\\/fi\\\/#organization\"},\"potentialAction\":[{\"@type\":\"SearchAction\",\"target\":{\"@type\":\"EntryPoint\",\"urlTemplate\":\"https:\\\/\\\/magnetarmagnets.com\\\/fi\\\/?s={search_term_string}\"},\"query-input\":{\"@type\":\"PropertyValueSpecification\",\"valueRequired\":true,\"valueName\":\"search_term_string\"}}],\"inLanguage\":\"fi\"},{\"@type\":\"Organization\",\"@id\":\"https:\\\/\\\/magnetarmagnets.com\\\/fi\\\/#organization\",\"name\":\"Magnetar\",\"url\":\"https:\\\/\\\/magnetarmagnets.com\\\/fi\\\/\",\"logo\":{\"@type\":\"ImageObject\",\"inLanguage\":\"fi\",\"@id\":\"https:\\\/\\\/magnetarmagnets.com\\\/fi\\\/#\\\/schema\\\/logo\\\/image\\\/\",\"url\":\"https:\\\/\\\/magnetarmagnets.com\\\/wp-content\\\/uploads\\\/2025\\\/05\\\/Logo-03_PNG-Black-scaled.png\",\"contentUrl\":\"https:\\\/\\\/magnetarmagnets.com\\\/wp-content\\\/uploads\\\/2025\\\/05\\\/Logo-03_PNG-Black-scaled.png\",\"width\":2560,\"height\":1658,\"caption\":\"Magnetar\"},\"image\":{\"@id\":\"https:\\\/\\\/magnetarmagnets.com\\\/fi\\\/#\\\/schema\\\/logo\\\/image\\\/\"},\"sameAs\":[\"https:\\\/\\\/www.facebook.com\\\/fishingmagnets\\\/\",\"https:\\\/\\\/www.instagram.com\\\/magnetar_magnets\\\/\",\"https:\\\/\\\/www.linkedin.com\\\/company\\\/magnetarbv\\\/?originalSubdomain=nl\",\"https:\\\/\\\/www.youtube.com\\\/c\\\/MagnetarVismagneet\"]}]}<\/script>\n<!-- \/ Yoast SEO plugin. -->","yoast_head_json":{"title":"Classic Fishing Magnet 500KG - Yksipuolinen kalastusmagneetti - Magnet fishing with a Magnetar fishing magnet","description":"Classic Fishing Magnet 500 Kg - Magnetar","robots":{"index":"index","follow":"follow","max-snippet":"max-snippet:-1","max-image-preview":"max-image-preview:large","max-video-preview":"max-video-preview:-1"},"canonical":"https:\/\/magnetarmagnets.com\/fi\/shop\/classic-fishing-magnet-500kg-yksipuolinen-kalastusmagneetti\/","og_locale":"fi_FI","og_type":"article","og_title":"Classic Fishing Magnet 500KG - Yksipuolinen kalastusmagneetti - Magnet fishing with a Magnetar fishing magnet","og_description":"Classic Fishing Magnet 500 Kg - Magnetar","og_url":"https:\/\/magnetarmagnets.com\/fi\/shop\/classic-fishing-magnet-500kg-yksipuolinen-kalastusmagneetti\/","og_site_name":"Magnet fishing with a Magnetar fishing magnet","article_publisher":"https:\/\/www.facebook.com\/fishingmagnets\/","article_modified_time":"2026-04-18T05:29:05+00:00","og_image":[{"width":1000,"height":1000,"url":"https:\/\/magnetarmagnets.com\/wp-content\/uploads\/2016\/12\/FOTO1483.jpg","type":"image\/jpeg"}],"twitter_card":"summary_large_image","twitter_misc":{"Arvioitu lukuaika":"3 minuuttia"},"schema":{"@context":"https:\/\/schema.org","@graph":[{"@type":["WebPage","ItemPage"],"@id":"https:\/\/magnetarmagnets.com\/fi\/shop\/classic-fishing-magnet-500kg-yksipuolinen-kalastusmagneetti\/","url":"https:\/\/magnetarmagnets.com\/fi\/shop\/classic-fishing-magnet-500kg-yksipuolinen-kalastusmagneetti\/","name":"Classic Fishing Magnet 500KG - Yksipuolinen kalastusmagneetti - Magnet fishing with a Magnetar fishing magnet","isPartOf":{"@id":"https:\/\/magnetarmagnets.com\/fi\/#website"},"primaryImageOfPage":{"@id":"https:\/\/magnetarmagnets.com\/fi\/shop\/classic-fishing-magnet-500kg-yksipuolinen-kalastusmagneetti\/#primaryimage"},"image":{"@id":"https:\/\/magnetarmagnets.com\/fi\/shop\/classic-fishing-magnet-500kg-yksipuolinen-kalastusmagneetti\/#primaryimage"},"thumbnailUrl":"https:\/\/magnetarmagnets.com\/wp-content\/uploads\/2016\/12\/FOTO1483.jpg","datePublished":"2025-06-05T07:54:42+00:00","dateModified":"2026-04-18T05:29:05+00:00","description":"Classic Fishing Magnet 500 Kg - Magnetar","breadcrumb":{"@id":"https:\/\/magnetarmagnets.com\/fi\/shop\/classic-fishing-magnet-500kg-yksipuolinen-kalastusmagneetti\/#breadcrumb"},"inLanguage":"fi","potentialAction":[{"@type":"ReadAction","target":["https:\/\/magnetarmagnets.com\/fi\/shop\/classic-fishing-magnet-500kg-yksipuolinen-kalastusmagneetti\/"]}]},{"@type":"ImageObject","inLanguage":"fi","@id":"https:\/\/magnetarmagnets.com\/fi\/shop\/classic-fishing-magnet-500kg-yksipuolinen-kalastusmagneetti\/#primaryimage","url":"https:\/\/magnetarmagnets.com\/wp-content\/uploads\/2016\/12\/FOTO1483.jpg","contentUrl":"https:\/\/magnetarmagnets.com\/wp-content\/uploads\/2016\/12\/FOTO1483.jpg","width":1000,"height":1000,"caption":"Classic 550"},{"@type":"BreadcrumbList","@id":"https:\/\/magnetarmagnets.com\/fi\/shop\/classic-fishing-magnet-500kg-yksipuolinen-kalastusmagneetti\/#breadcrumb","itemListElement":[{"@type":"ListItem","position":1,"name":"Home","item":"https:\/\/magnetarmagnets.com\/fi\/"},{"@type":"ListItem","position":2,"name":"Verkkokauppa","item":"https:\/\/magnetarmagnets.com\/verkkokauppa\/"},{"@type":"ListItem","position":3,"name":"Kalastusmagneetit","item":"https:\/\/magnetarmagnets.com\/fi\/collections\/kalastusmagneetit\/"},{"@type":"ListItem","position":4,"name":"Yksipuoliset kalastusmagneetit","item":"https:\/\/magnetarmagnets.com\/fi\/collections\/kalastusmagneetit\/yksipuoliset-kalastusmagneetit\/"},{"@type":"ListItem","position":5,"name":"Classic Fishing Magnet 500KG &#8211; Yksipuolinen kalastusmagneetti"}]},{"@type":"WebSite","@id":"https:\/\/magnetarmagnets.com\/fi\/#website","url":"https:\/\/magnetarmagnets.com\/fi\/","name":"Magnet fishing with a Magnetar fishing magnet","description":"Vahvat magneetit magneettikalastukseen\n\n","publisher":{"@id":"https:\/\/magnetarmagnets.com\/fi\/#organization"},"potentialAction":[{"@type":"SearchAction","target":{"@type":"EntryPoint","urlTemplate":"https:\/\/magnetarmagnets.com\/fi\/?s={search_term_string}"},"query-input":{"@type":"PropertyValueSpecification","valueRequired":true,"valueName":"search_term_string"}}],"inLanguage":"fi"},{"@type":"Organization","@id":"https:\/\/magnetarmagnets.com\/fi\/#organization","name":"Magnetar","url":"https:\/\/magnetarmagnets.com\/fi\/","logo":{"@type":"ImageObject","inLanguage":"fi","@id":"https:\/\/magnetarmagnets.com\/fi\/#\/schema\/logo\/image\/","url":"https:\/\/magnetarmagnets.com\/wp-content\/uploads\/2025\/05\/Logo-03_PNG-Black-scaled.png","contentUrl":"https:\/\/magnetarmagnets.com\/wp-content\/uploads\/2025\/05\/Logo-03_PNG-Black-scaled.png","width":2560,"height":1658,"caption":"Magnetar"},"image":{"@id":"https:\/\/magnetarmagnets.com\/fi\/#\/schema\/logo\/image\/"},"sameAs":["https:\/\/www.facebook.com\/fishingmagnets\/","https:\/\/www.instagram.com\/magnetar_magnets\/","https:\/\/www.linkedin.com\/company\/magnetarbv\/?originalSubdomain=nl","https:\/\/www.youtube.com\/c\/MagnetarVismagneet"]}]}},"_links":{"self":[{"href":"https:\/\/magnetarmagnets.com\/fi\/wp-json\/wp\/v2\/product\/85395","targetHints":{"allow":["GET"]}}],"collection":[{"href":"https:\/\/magnetarmagnets.com\/fi\/wp-json\/wp\/v2\/product"}],"about":[{"href":"https:\/\/magnetarmagnets.com\/fi\/wp-json\/wp\/v2\/types\/product"}],"replies":[{"embeddable":true,"href":"https:\/\/magnetarmagnets.com\/fi\/wp-json\/wp\/v2\/comments?post=85395"}],"version-history":[{"count":1,"href":"https:\/\/magnetarmagnets.com\/fi\/wp-json\/wp\/v2\/product\/85395\/revisions"}],"predecessor-version":[{"id":95404,"href":"https:\/\/magnetarmagnets.com\/fi\/wp-json\/wp\/v2\/product\/85395\/revisions\/95404"}],"wp:featuredmedia":[{"embeddable":true,"href":"https:\/\/magnetarmagnets.com\/fi\/wp-json\/wp\/v2\/media\/76862"}],"wp:attachment":[{"href":"https:\/\/magnetarmagnets.com\/fi\/wp-json\/wp\/v2\/media?parent=85395"}],"wp:term":[{"taxonomy":"product_brand","embeddable":true,"href":"https:\/\/magnetarmagnets.com\/fi\/wp-json\/wp\/v2\/product_brand?post=85395"},{"taxonomy":"product_cat","embeddable":true,"href":"https:\/\/magnetarmagnets.com\/fi\/wp-json\/wp\/v2\/product_cat?post=85395"},{"taxonomy":"product_tag","embeddable":true,"href":"https:\/\/magnetarmagnets.com\/fi\/wp-json\/wp\/v2\/product_tag?post=85395"}],"curies":[{"name":"wp","href":"https:\/\/api.w.org\/{rel}","templated":true}]}}