{"id":85393,"date":"2025-06-05T09:54:40","date_gmt":"2025-06-05T07:54:40","guid":{"rendered":"https:\/\/magnetarmagnets.com\/?post_type=product&#038;p=85393"},"modified":"2026-04-07T18:31:45","modified_gmt":"2026-04-07T16:31:45","slug":"klassinen-magneettikalastusmagneetti-300kg-yksipuolinen","status":"publish","type":"product","link":"https:\/\/magnetarmagnets.com\/fi\/shop\/klassinen-magneettikalastusmagneetti-300kg-yksipuolinen\/","title":{"rendered":"Klassinen Magneettikalastusmagneetti &#8211; 300KG &#8211; Yksipuolinen"},"content":{"rendered":"Classic 300 -kalastusmagneetti on yksipuolinen neodyymimagneetti. Sen vetovoima on jopa 660LB\/300KG. Classic 300 on suositeltava aloittelijoille, jotka haluavat vet\u00e4\u00e4 suurempia esineit\u00e4 vedest\u00e4. T\u00e4m\u00e4 magneetti on iskunkest\u00e4v\u00e4 ja suojattu ter\u00e4skuorella, joka suojaa kolhuilta. Jos etsit perheen k\u00e4ytt\u00f6\u00f6n sopivaa magneettikalastusmagneettia edulliseen hintaan, t\u00e4m\u00e4 on oikea valinta.\n\n<h2><strong>Tehokas yksipuolinen kalastusmagneetti 660LB\/300KG<\/strong><\/h2>\n\nMagneetilla on iskunkest\u00e4v\u00e4 ja pudotuskest\u00e4v\u00e4 kotelo. T\u00e4m\u00e4n ansiosta magneetti on magneettinen vain pohjan puolelta. Vetovoimat kohdistuvat alasp\u00e4in, tehden t\u00e4st\u00e4 magneettikalastusmagneetista \u00e4\u00e4rimm\u00e4isen tehokkaan. <span style=\"font-weight: 400;\">Etsitk\u00f6 monipuolista kalastusmagneettia suuremmalla vetovoimalla? Tutustu <a href=\"https:\/\/magnetarmagnets.com\/shop\/easy-magnet\">Easy<\/a> ja <a href=\"https:\/\/magnetarmagnets.com\/shop\/hardcore-magnet-2\/\" target=\"_blank\" rel=\"noopener noreferrer\">Hardcore<\/a> magneetteihimme.<\/span>\n\n<h2>Eik\u00f6 t\u00e4m\u00e4 ole liikaa vetovoimaa?<\/h2>\n\n\u00c4l\u00e4 huoli! Lupaus vetovoimasta 660LB\/300kg saavutetaan vain t\u00e4ydellisiss\u00e4 olosuhteissa. N\u00e4m\u00e4 ovat tasaisen metallin, jonka paksuus on 0,78 tuumaa \/ 2 cm, ei ruostetta, eik\u00e4 roskia magneetin ja metallin v\u00e4liss\u00e4. On hyvin ep\u00e4todenn\u00e4k\u00f6ist\u00e4 l\u00f6yt\u00e4\u00e4 puhdasta metallilevy\u00e4 vedest\u00e4, sill\u00e4 useimmiten rautaiset aarteet ovat ruostuneita.\n\n<h2><b>Korkea Laatu<\/b><\/h2>\n\nKalastusmagneettimme on valmistettu neodyymist\u00e4. Magnetar-magneetit s\u00e4ilytt\u00e4v\u00e4t magneettisen vetovoimansa vuosikymmeni\u00e4, menett\u00e4m\u00e4tt\u00e4 vain 1 % sataa vuotta kohden (oikeiden s\u00e4ilytys- ja huoltotoimien ansiosta). Siksi myymme yht\u00e4 <a href=\"https:\/\/magnetarmagnets.com\/\" target=\"_blank\" rel=\"noopener\">markkinoiden parhaista kalastusmagneeteista<\/a>.\n\nUseimmat muut valmistajat menett\u00e4v\u00e4t vetovoimaa jo muutamassa viikossa. Markkinoilla on yh\u00e4 enemm\u00e4n heikkolaatuisia magneetteja: isoja magneetteja, joilla on heikko vetovoima, huonoa neodyymi\u00e4 ja harhaanjohtavaa mainontaa. Halvemmasta tai suuryrityksen tuotteesta voi s\u00e4\u00e4st\u00e4\u00e4, mutta lopputuloksena on usein pettymys.\n\nMagnetar on pieni perheyritys, joka asettaa laadun etusijalle. Olemme kalastusmagneetin harrastajia ja kaikki magneettimme on suunniteltu ja valmistettu tiimimme toimesta, jotta saat parhaan vastineen rahallesi (tai magneettisi aarteen etsinn\u00e4lle). Jos haluat luotettavan, tehokkaan ja tehokkaan kalastusmagneetin, olet oikeassa paikassa. Otamme mielell\u00e4mme vastaan yhteydenottoja, <a href=\"mailto:info@magnetarmagnets.nl\">ota yhteytt\u00e4 t\u00e4st\u00e4<\/a>.\n\n<h2><b>K\u00e4yt\u00e4 varoen<\/b><\/h2>\n\nNeodyymimagneettimme ovat eritt\u00e4in voimakkaita ja voivat vet\u00e4\u00e4 rautaisia esineit\u00e4 nopealla vauhdilla l\u00e4hell\u00e4 ollessaan. Vahvempien, kuten 360\u00b0 allround -kalastusmagneettien kanssa, sormet voivat helposti joutua magneetin ja esineiden v\u00e4liin. K\u00e4sittele magneetteja varoen ja k\u00e4yt\u00e4 omalla vastuullasi. Lue aina turvallisuusohjeemme ennen k\u00e4ytt\u00f6\u00e4.\n\n* Lapset saavat k\u00e4ytt\u00e4\u00e4 magneettia vain vanhempien valvonnassa.\n\nMuista my\u00f6s tutustua <a href=\"https:\/\/magnetarmagnets.com\/magnet-fishing-kit\/\" target=\"_blank\" rel=\"noopener\">magneettikalastussetteihimme<\/a> ja <a href=\"https:\/\/magnetarmagnets.com\/accessories\/\" target=\"_blank\" rel=\"noopener\">kalastusmagneetin lis\u00e4varusteisiin<\/a>.","protected":false},"excerpt":{"rendered":"<p>Aloita seuraava seikkailusi t\u00e4m\u00e4n <strong>yksipuolisen kalastusmagneetin<\/strong> kanssa. T\u00e4m\u00e4 magneetti on <strong>iskunkest\u00e4v\u00e4<\/strong>, sopii koko perheelle ja on <strong>helppok\u00e4ytt\u00f6inen<\/strong>. Classic 300 -kalastusmagneetti on osoittautunut <strong>luotettavaksi kalastusmagneetiksi<\/strong>.<\/p>\n","protected":false},"featured_media":80542,"comment_status":"open","ping_status":"closed","template":"","meta":{"_acf_changed":false,"inline_featured_image":false},"product_brand":[],"product_cat":[724,1003,712,725,715],"product_tag":[],"class_list":{"0":"post-85393","1":"product","2":"type-product","3":"status-publish","4":"has-post-thumbnail","6":"product_cat-aloittelijat-ja-lapset","7":"product_cat-kaikki-tuotteet","8":"product_cat-kalastusmagneetit","9":"product_cat-kokeneet-seikkailijat","10":"product_cat-yksipuoliset-kalastusmagneetit","12":"first","13":"instock","14":"taxable","15":"shipping-taxable","16":"purchasable","17":"product-type-simple"},"acf":[],"yoast_head":"<!-- This site is optimized with the Yoast SEO plugin v27.4 - https:\/\/yoast.com\/product\/yoast-seo-wordpress\/ -->\n<title>Magnetar kalastusmagneetti 300kg, Eritt\u00e4in vahva! Paras laatu!<\/title>\n<meta name=\"description\" content=\"Magnetar kalastusmagneetti 300kg magneettikalastukseen, Eritt\u00e4in vahva! Paras laatu! Laaja valikoima! Tervetuloa tutustumaan kauppaamme\" \/>\n<meta name=\"robots\" content=\"index, follow, max-snippet:-1, max-image-preview:large, max-video-preview:-1\" \/>\n<link rel=\"canonical\" href=\"https:\/\/magnetarmagnets.com\/fi\/shop\/klassinen-magneettikalastusmagneetti-300kg-yksipuolinen\/\" \/>\n<meta property=\"og:locale\" content=\"fi_FI\" \/>\n<meta property=\"og:type\" content=\"article\" \/>\n<meta property=\"og:title\" content=\"Magnetar kalastusmagneetti 300kg, Eritt\u00e4in vahva! Paras laatu!\" \/>\n<meta property=\"og:description\" content=\"Magnetar kalastusmagneetti 300kg magneettikalastukseen, Eritt\u00e4in vahva! Paras laatu! Laaja valikoima! Tervetuloa tutustumaan kauppaamme\" \/>\n<meta property=\"og:url\" content=\"https:\/\/magnetarmagnets.com\/fi\/shop\/klassinen-magneettikalastusmagneetti-300kg-yksipuolinen\/\" \/>\n<meta property=\"og:site_name\" content=\"Magnet fishing with a Magnetar fishing magnet\" \/>\n<meta property=\"article:publisher\" content=\"https:\/\/www.facebook.com\/fishingmagnets\/\" \/>\n<meta property=\"article:modified_time\" content=\"2026-04-07T16:31:45+00:00\" \/>\n<meta property=\"og:image\" content=\"https:\/\/magnetarmagnets.com\/wp-content\/uploads\/2020\/05\/Classic-250.jpg\" \/>\n\t<meta property=\"og:image:width\" content=\"1000\" \/>\n\t<meta property=\"og:image:height\" content=\"1000\" \/>\n\t<meta property=\"og:image:type\" content=\"image\/jpeg\" \/>\n<meta name=\"twitter:card\" content=\"summary_large_image\" \/>\n<meta name=\"twitter:label1\" content=\"Arvioitu lukuaika\" \/>\n\t<meta name=\"twitter:data1\" content=\"3 minuuttia\" \/>\n<script type=\"application\/ld+json\" class=\"yoast-schema-graph\">{\"@context\":\"https:\\\/\\\/schema.org\",\"@graph\":[{\"@type\":[\"WebPage\",\"ItemPage\"],\"@id\":\"https:\\\/\\\/magnetarmagnets.com\\\/fi\\\/shop\\\/klassinen-magneettikalastusmagneetti-300kg-yksipuolinen\\\/\",\"url\":\"https:\\\/\\\/magnetarmagnets.com\\\/fi\\\/shop\\\/klassinen-magneettikalastusmagneetti-300kg-yksipuolinen\\\/\",\"name\":\"Magnetar kalastusmagneetti 300kg, Eritt\u00e4in vahva! Paras laatu!\",\"isPartOf\":{\"@id\":\"https:\\\/\\\/magnetarmagnets.com\\\/fi\\\/#website\"},\"primaryImageOfPage\":{\"@id\":\"https:\\\/\\\/magnetarmagnets.com\\\/fi\\\/shop\\\/klassinen-magneettikalastusmagneetti-300kg-yksipuolinen\\\/#primaryimage\"},\"image\":{\"@id\":\"https:\\\/\\\/magnetarmagnets.com\\\/fi\\\/shop\\\/klassinen-magneettikalastusmagneetti-300kg-yksipuolinen\\\/#primaryimage\"},\"thumbnailUrl\":\"https:\\\/\\\/magnetarmagnets.com\\\/wp-content\\\/uploads\\\/2020\\\/05\\\/Classic-250.jpg\",\"datePublished\":\"2025-06-05T07:54:40+00:00\",\"dateModified\":\"2026-04-07T16:31:45+00:00\",\"description\":\"Magnetar kalastusmagneetti 300kg magneettikalastukseen, Eritt\u00e4in vahva! Paras laatu! Laaja valikoima! Tervetuloa tutustumaan kauppaamme\",\"breadcrumb\":{\"@id\":\"https:\\\/\\\/magnetarmagnets.com\\\/fi\\\/shop\\\/klassinen-magneettikalastusmagneetti-300kg-yksipuolinen\\\/#breadcrumb\"},\"inLanguage\":\"fi\",\"potentialAction\":[{\"@type\":\"ReadAction\",\"target\":[\"https:\\\/\\\/magnetarmagnets.com\\\/fi\\\/shop\\\/klassinen-magneettikalastusmagneetti-300kg-yksipuolinen\\\/\"]}]},{\"@type\":\"ImageObject\",\"inLanguage\":\"fi\",\"@id\":\"https:\\\/\\\/magnetarmagnets.com\\\/fi\\\/shop\\\/klassinen-magneettikalastusmagneetti-300kg-yksipuolinen\\\/#primaryimage\",\"url\":\"https:\\\/\\\/magnetarmagnets.com\\\/wp-content\\\/uploads\\\/2020\\\/05\\\/Classic-250.jpg\",\"contentUrl\":\"https:\\\/\\\/magnetarmagnets.com\\\/wp-content\\\/uploads\\\/2020\\\/05\\\/Classic-250.jpg\",\"width\":1000,\"height\":1000,\"caption\":\"Classic 300 fishing magnet\"},{\"@type\":\"BreadcrumbList\",\"@id\":\"https:\\\/\\\/magnetarmagnets.com\\\/fi\\\/shop\\\/klassinen-magneettikalastusmagneetti-300kg-yksipuolinen\\\/#breadcrumb\",\"itemListElement\":[{\"@type\":\"ListItem\",\"position\":1,\"name\":\"Home\",\"item\":\"https:\\\/\\\/magnetarmagnets.com\\\/fi\\\/\"},{\"@type\":\"ListItem\",\"position\":2,\"name\":\"Verkkokauppa\",\"item\":\"https:\\\/\\\/magnetarmagnets.com\\\/verkkokauppa\\\/\"},{\"@type\":\"ListItem\",\"position\":3,\"name\":\"Kalastusmagneetit\",\"item\":\"https:\\\/\\\/magnetarmagnets.com\\\/fi\\\/collections\\\/kalastusmagneetit\\\/\"},{\"@type\":\"ListItem\",\"position\":4,\"name\":\"Yksipuoliset kalastusmagneetit\",\"item\":\"https:\\\/\\\/magnetarmagnets.com\\\/fi\\\/collections\\\/kalastusmagneetit\\\/yksipuoliset-kalastusmagneetit\\\/\"},{\"@type\":\"ListItem\",\"position\":5,\"name\":\"Klassinen Magneettikalastusmagneetti &#8211; 300KG &#8211; Yksipuolinen\"}]},{\"@type\":\"WebSite\",\"@id\":\"https:\\\/\\\/magnetarmagnets.com\\\/fi\\\/#website\",\"url\":\"https:\\\/\\\/magnetarmagnets.com\\\/fi\\\/\",\"name\":\"Magnet fishing with a Magnetar fishing magnet\",\"description\":\"Vahvat magneetit magneettikalastukseen\\n\\n\",\"publisher\":{\"@id\":\"https:\\\/\\\/magnetarmagnets.com\\\/fi\\\/#organization\"},\"potentialAction\":[{\"@type\":\"SearchAction\",\"target\":{\"@type\":\"EntryPoint\",\"urlTemplate\":\"https:\\\/\\\/magnetarmagnets.com\\\/fi\\\/?s={search_term_string}\"},\"query-input\":{\"@type\":\"PropertyValueSpecification\",\"valueRequired\":true,\"valueName\":\"search_term_string\"}}],\"inLanguage\":\"fi\"},{\"@type\":\"Organization\",\"@id\":\"https:\\\/\\\/magnetarmagnets.com\\\/fi\\\/#organization\",\"name\":\"Magnetar\",\"url\":\"https:\\\/\\\/magnetarmagnets.com\\\/fi\\\/\",\"logo\":{\"@type\":\"ImageObject\",\"inLanguage\":\"fi\",\"@id\":\"https:\\\/\\\/magnetarmagnets.com\\\/fi\\\/#\\\/schema\\\/logo\\\/image\\\/\",\"url\":\"https:\\\/\\\/magnetarmagnets.com\\\/wp-content\\\/uploads\\\/2025\\\/05\\\/Logo-03_PNG-Black-scaled.png\",\"contentUrl\":\"https:\\\/\\\/magnetarmagnets.com\\\/wp-content\\\/uploads\\\/2025\\\/05\\\/Logo-03_PNG-Black-scaled.png\",\"width\":2560,\"height\":1658,\"caption\":\"Magnetar\"},\"image\":{\"@id\":\"https:\\\/\\\/magnetarmagnets.com\\\/fi\\\/#\\\/schema\\\/logo\\\/image\\\/\"},\"sameAs\":[\"https:\\\/\\\/www.facebook.com\\\/fishingmagnets\\\/\",\"https:\\\/\\\/www.instagram.com\\\/magnetar_magnets\\\/\",\"https:\\\/\\\/www.linkedin.com\\\/company\\\/magnetarbv\\\/?originalSubdomain=nl\",\"https:\\\/\\\/www.youtube.com\\\/c\\\/MagnetarVismagneet\"]}]}<\/script>\n<!-- \/ Yoast SEO plugin. -->","yoast_head_json":{"title":"Magnetar kalastusmagneetti 300kg, Eritt\u00e4in vahva! Paras laatu!","description":"Magnetar kalastusmagneetti 300kg magneettikalastukseen, Eritt\u00e4in vahva! Paras laatu! Laaja valikoima! Tervetuloa tutustumaan kauppaamme","robots":{"index":"index","follow":"follow","max-snippet":"max-snippet:-1","max-image-preview":"max-image-preview:large","max-video-preview":"max-video-preview:-1"},"canonical":"https:\/\/magnetarmagnets.com\/fi\/shop\/klassinen-magneettikalastusmagneetti-300kg-yksipuolinen\/","og_locale":"fi_FI","og_type":"article","og_title":"Magnetar kalastusmagneetti 300kg, Eritt\u00e4in vahva! Paras laatu!","og_description":"Magnetar kalastusmagneetti 300kg magneettikalastukseen, Eritt\u00e4in vahva! Paras laatu! Laaja valikoima! Tervetuloa tutustumaan kauppaamme","og_url":"https:\/\/magnetarmagnets.com\/fi\/shop\/klassinen-magneettikalastusmagneetti-300kg-yksipuolinen\/","og_site_name":"Magnet fishing with a Magnetar fishing magnet","article_publisher":"https:\/\/www.facebook.com\/fishingmagnets\/","article_modified_time":"2026-04-07T16:31:45+00:00","og_image":[{"width":1000,"height":1000,"url":"https:\/\/magnetarmagnets.com\/wp-content\/uploads\/2020\/05\/Classic-250.jpg","type":"image\/jpeg"}],"twitter_card":"summary_large_image","twitter_misc":{"Arvioitu lukuaika":"3 minuuttia"},"schema":{"@context":"https:\/\/schema.org","@graph":[{"@type":["WebPage","ItemPage"],"@id":"https:\/\/magnetarmagnets.com\/fi\/shop\/klassinen-magneettikalastusmagneetti-300kg-yksipuolinen\/","url":"https:\/\/magnetarmagnets.com\/fi\/shop\/klassinen-magneettikalastusmagneetti-300kg-yksipuolinen\/","name":"Magnetar kalastusmagneetti 300kg, Eritt\u00e4in vahva! Paras laatu!","isPartOf":{"@id":"https:\/\/magnetarmagnets.com\/fi\/#website"},"primaryImageOfPage":{"@id":"https:\/\/magnetarmagnets.com\/fi\/shop\/klassinen-magneettikalastusmagneetti-300kg-yksipuolinen\/#primaryimage"},"image":{"@id":"https:\/\/magnetarmagnets.com\/fi\/shop\/klassinen-magneettikalastusmagneetti-300kg-yksipuolinen\/#primaryimage"},"thumbnailUrl":"https:\/\/magnetarmagnets.com\/wp-content\/uploads\/2020\/05\/Classic-250.jpg","datePublished":"2025-06-05T07:54:40+00:00","dateModified":"2026-04-07T16:31:45+00:00","description":"Magnetar kalastusmagneetti 300kg magneettikalastukseen, Eritt\u00e4in vahva! Paras laatu! Laaja valikoima! Tervetuloa tutustumaan kauppaamme","breadcrumb":{"@id":"https:\/\/magnetarmagnets.com\/fi\/shop\/klassinen-magneettikalastusmagneetti-300kg-yksipuolinen\/#breadcrumb"},"inLanguage":"fi","potentialAction":[{"@type":"ReadAction","target":["https:\/\/magnetarmagnets.com\/fi\/shop\/klassinen-magneettikalastusmagneetti-300kg-yksipuolinen\/"]}]},{"@type":"ImageObject","inLanguage":"fi","@id":"https:\/\/magnetarmagnets.com\/fi\/shop\/klassinen-magneettikalastusmagneetti-300kg-yksipuolinen\/#primaryimage","url":"https:\/\/magnetarmagnets.com\/wp-content\/uploads\/2020\/05\/Classic-250.jpg","contentUrl":"https:\/\/magnetarmagnets.com\/wp-content\/uploads\/2020\/05\/Classic-250.jpg","width":1000,"height":1000,"caption":"Classic 300 fishing magnet"},{"@type":"BreadcrumbList","@id":"https:\/\/magnetarmagnets.com\/fi\/shop\/klassinen-magneettikalastusmagneetti-300kg-yksipuolinen\/#breadcrumb","itemListElement":[{"@type":"ListItem","position":1,"name":"Home","item":"https:\/\/magnetarmagnets.com\/fi\/"},{"@type":"ListItem","position":2,"name":"Verkkokauppa","item":"https:\/\/magnetarmagnets.com\/verkkokauppa\/"},{"@type":"ListItem","position":3,"name":"Kalastusmagneetit","item":"https:\/\/magnetarmagnets.com\/fi\/collections\/kalastusmagneetit\/"},{"@type":"ListItem","position":4,"name":"Yksipuoliset kalastusmagneetit","item":"https:\/\/magnetarmagnets.com\/fi\/collections\/kalastusmagneetit\/yksipuoliset-kalastusmagneetit\/"},{"@type":"ListItem","position":5,"name":"Klassinen Magneettikalastusmagneetti &#8211; 300KG &#8211; Yksipuolinen"}]},{"@type":"WebSite","@id":"https:\/\/magnetarmagnets.com\/fi\/#website","url":"https:\/\/magnetarmagnets.com\/fi\/","name":"Magnet fishing with a Magnetar fishing magnet","description":"Vahvat magneetit magneettikalastukseen\n\n","publisher":{"@id":"https:\/\/magnetarmagnets.com\/fi\/#organization"},"potentialAction":[{"@type":"SearchAction","target":{"@type":"EntryPoint","urlTemplate":"https:\/\/magnetarmagnets.com\/fi\/?s={search_term_string}"},"query-input":{"@type":"PropertyValueSpecification","valueRequired":true,"valueName":"search_term_string"}}],"inLanguage":"fi"},{"@type":"Organization","@id":"https:\/\/magnetarmagnets.com\/fi\/#organization","name":"Magnetar","url":"https:\/\/magnetarmagnets.com\/fi\/","logo":{"@type":"ImageObject","inLanguage":"fi","@id":"https:\/\/magnetarmagnets.com\/fi\/#\/schema\/logo\/image\/","url":"https:\/\/magnetarmagnets.com\/wp-content\/uploads\/2025\/05\/Logo-03_PNG-Black-scaled.png","contentUrl":"https:\/\/magnetarmagnets.com\/wp-content\/uploads\/2025\/05\/Logo-03_PNG-Black-scaled.png","width":2560,"height":1658,"caption":"Magnetar"},"image":{"@id":"https:\/\/magnetarmagnets.com\/fi\/#\/schema\/logo\/image\/"},"sameAs":["https:\/\/www.facebook.com\/fishingmagnets\/","https:\/\/www.instagram.com\/magnetar_magnets\/","https:\/\/www.linkedin.com\/company\/magnetarbv\/?originalSubdomain=nl","https:\/\/www.youtube.com\/c\/MagnetarVismagneet"]}]}},"_links":{"self":[{"href":"https:\/\/magnetarmagnets.com\/fi\/wp-json\/wp\/v2\/product\/85393","targetHints":{"allow":["GET"]}}],"collection":[{"href":"https:\/\/magnetarmagnets.com\/fi\/wp-json\/wp\/v2\/product"}],"about":[{"href":"https:\/\/magnetarmagnets.com\/fi\/wp-json\/wp\/v2\/types\/product"}],"replies":[{"embeddable":true,"href":"https:\/\/magnetarmagnets.com\/fi\/wp-json\/wp\/v2\/comments?post=85393"}],"version-history":[{"count":0,"href":"https:\/\/magnetarmagnets.com\/fi\/wp-json\/wp\/v2\/product\/85393\/revisions"}],"wp:featuredmedia":[{"embeddable":true,"href":"https:\/\/magnetarmagnets.com\/fi\/wp-json\/wp\/v2\/media\/80542"}],"wp:attachment":[{"href":"https:\/\/magnetarmagnets.com\/fi\/wp-json\/wp\/v2\/media?parent=85393"}],"wp:term":[{"taxonomy":"product_brand","embeddable":true,"href":"https:\/\/magnetarmagnets.com\/fi\/wp-json\/wp\/v2\/product_brand?post=85393"},{"taxonomy":"product_cat","embeddable":true,"href":"https:\/\/magnetarmagnets.com\/fi\/wp-json\/wp\/v2\/product_cat?post=85393"},{"taxonomy":"product_tag","embeddable":true,"href":"https:\/\/magnetarmagnets.com\/fi\/wp-json\/wp\/v2\/product_tag?post=85393"}],"curies":[{"name":"wp","href":"https:\/\/api.w.org\/{rel}","templated":true}]}}