{"id":85388,"date":"2025-06-05T09:54:16","date_gmt":"2025-06-05T07:54:16","guid":{"rendered":"https:\/\/magnetarmagnets.com\/?post_type=product&#038;p=85388"},"modified":"2026-04-03T06:09:04","modified_gmt":"2026-04-03T04:09:04","slug":"beast-magnetti-1400-kg-monikayttoinen-360","status":"publish","type":"product","link":"https:\/\/magnetarmagnets.com\/fi\/shop\/beast-magnetti-1400-kg-monikayttoinen-360\/","title":{"rendered":"Beast Magnetti &#8211; 1400 kg &#8211; Monik\u00e4ytt\u00f6inen 360\u00b0"},"content":{"rendered":"<span style=\"font-weight: 400;\">* Suojaa magneetti kalastuksen aikana <a href=\"https:\/\/magnetarmagnets.com\/shop\/protection-cover-beast\/\" target=\"_blank\" rel=\"noopener\"><b>suojauskotelolla<\/b><\/a>. Ilman suojauskuorta magneetti voi vaurioitua t\u00f6rm\u00e4tess\u00e4\u00e4n koviin esineisiin. Suojauskotelo ei sis\u00e4lly magneettiin.<\/span>\n\n<h2><b>Beast Neodyymikalastusmagneetti<\/b><\/h2>\n\n<span style=\"font-weight: 400;\">Positiiviset palautteet <a href=\"https:\/\/magnetarmagnets.com\/shop\/hardcore-magnet-2\/\" target=\"_blank\" rel=\"noopener\">Hardcore<\/a> ja <a href=\"https:\/\/magnetarmagnets.com\/shop\/exclusive-terror-magnet\/\" target=\"_blank\" rel=\"noopener\">Terror<\/a> kalastusmagneeteistamme innostivat kehitt\u00e4m\u00e4\u00e4n uuden supervoiman, Beastin! Beast on viel\u00e4kin voimakkaampi kuin Hardcore ja Terror magneettimme \u2013 se ei ole vain vahva, vaan HIRVITT\u00c4V\u00c4N vahva. Beast kalastusmagneetti on suurempi seuraaja tutulle Terror magneetille. Painavampana se uppoaa syvemm\u00e4lle mutaan ja liejuun, jolloin se tavoittaa syvemm\u00e4ll\u00e4 olevia ja vaikeammin l\u00f6ydett\u00e4vi\u00e4 esineit\u00e4.\u00a0<\/span>\n\n\n\n<span style=\"font-weight: 400;\">Monik\u00e4ytt\u00f6isen\u00e4 kalastusmagneettina Beastilla on magneettinen vetovoima noin 350 kg jokaisella puolella. Se on valmistettu 100 % neodyymist\u00e4, vahvimmasta pysyv\u00e4st\u00e4 harvinaismaametallimagneetista, tarjoten erinomaisen mahdollisuuden l\u00f6yt\u00e4\u00e4 metalliesineit\u00e4 l\u00e4helt\u00e4 ja kaukaa.\u00a0<\/span>\n\n\n\n<b>Oletko legendaarinen magneettikalastaja?<\/b> <span style=\"font-weight: 400;\">Tai haluatko tulla legendaksi? Legendapakettimme <\/span><a href=\"https:\/\/magnetarmagnets.com\/shop\/legend-package\/\" target=\"_blank\" rel=\"noopener\"><span style=\"font-weight: 400;\">sis\u00e4lt\u00e4\u00e4 kaiken tarvittavan alkamiseksi (ja saat samalla s\u00e4\u00e4st\u00f6j\u00e4!). T\u00e4ss\u00e4 paketissa on mukana Beast 360\u00b0 monik\u00e4ytt\u00f6inen kalastusmagneetti, vahva 10 mm k\u00f6ysi karabiinilla, vedenpit\u00e4v\u00e4t k\u00e4sineet, Legend-suojauskuori, liima ja eritt\u00e4in suuri ruostumattomasta ter\u00e4ksest\u00e4 valmistettu koukku. Haluatko menn\u00e4 seuraavalle tasolle? Katso Warrior-pakettimme!<\/span><\/a>\n\n<h2><b>Oletko valmis kokeilemaan Beastia?<\/b><\/h2>\n\n<span style=\"font-weight: 400;\">Magneetin nimi kertoo kaiken, t\u00e4m\u00e4 magneetti on todellinen peto! Beast kalastusmagneetilla on 360\u00b0 magneettinen vetovoima 1400 kg. Esineet vet\u00e4ytyv\u00e4t kaikilta puolilta magneettua l\u00e4pi vedenalaisten olosuhteiden (mutta, lieju, virtaus, kivet), ja se ei helposti tartu kiviin. Suunniteltu edistyneelle magneettikalastajalle, t\u00e4m\u00e4 magneetti vaatii lis\u00e4huolellisuutta ja -varovaisuutta.<\/span>\n\n\n\n<span style=\"font-weight: 400;\">Beast on tarkoitettu kokeneille magneettikalastajille, jotka tiet\u00e4v\u00e4t mit\u00e4 tekev\u00e4t. Magneetti on niin voimakas, ett\u00e4 se liikkuu veden alla ja etsii esineit\u00e4 itse. Se on niin painava, ett\u00e4 se kaivaa mutaa ja pystyy saavuttamaan syvimm\u00e4t, vanhimmat ja piilotetuimmatkin esineet. P\u00e4ivit\u00e4 <a href=\"https:\/\/magnetarmagnets.com\/accessories\/\" target=\"_blank\" rel=\"noopener\">kalastusmagneettivarusteesi<\/a> l\u00f6yt\u00e4\u00e4ksesi raskaimmat aarteet kuten isot kassakaapit, aseet, auton osat, skootterit, s\u00e4hk\u00f6py\u00f6r\u00e4t ja paljon muuta.\u00a0<\/span>\n\n\n\nJos etsit t\u00e4ydellist\u00e4 setti\u00e4, \u00e4l\u00e4 unohda tutustua magneettikalastussarjoihimme <a href=\"https:\/\/magnetarmagnets.com\/collections\/fishing-magnets\/magnet-fishing-kit\/\" target=\"_blank\" rel=\"noopener\">t\u00e4\u00e4lt\u00e4<\/a>.\n\n<h2><b>Magneetin kehitys<\/b><\/h2>\n\n<span style=\"font-weight: 400;\">Monilla magneeteilla on vetovoima vain toiselta puolelta. T\u00e4m\u00e4 yksipuolinen magneetti on klassinen kalastusmagneetti. Magnetar oli ensimm\u00e4inen yritys, joka kehitti t\u00e4m\u00e4n klassisen magneetin kaksipuoliseksi magneetiksi. Vuonna 2016 Magnetar kehitti 360\u00b0 magneettivetovoiman omaavan monik\u00e4ytt\u00f6isen kalastusmagneetin. Magneettikalastajat kautta EU:n ovat pit\u00e4neet meid\u00e4n 100% neodyymimagneeteistamme, tehden meist\u00e4 Euroopan ykk\u00f6stoimittajan. Magneettimme valmistetaan huippulaadukkaasti, suunnitellaan ja tehd\u00e4\u00e4n pienen magneettikalastusharrastajien tiimin toimesta. Asiakkaamme palaavat, koska tiet\u00e4v\u00e4t, ett\u00e4 Magnetarin magneetti on enemm\u00e4n kuin pelkk\u00e4 magneetti \u2013 se tuo aarteita.<\/span>\n\n<h2><strong>Tehokas 360\u00b0 vetovoima<\/strong><\/h2>\n\n<span style=\"font-weight: 400;\">Beast magneetti on yksi voimakkaimmista, joita tarjoamme, vetovoimaltaan jopa 1400 kg. Beastin vetovoima on voimakas ja pystyy vet\u00e4m\u00e4\u00e4n esineit\u00e4 koko ymp\u00e4r\u00f6iv\u00e4lt\u00e4 alueelta, toisin kuin yksipuolinen ter\u00e4svaippainen magneetti, joka kohdistaa vetovoiman yhteen suuntaan. Kiinnostunut vetovoimamittauksistamme? <\/span><a href=\"https:\/\/www.youtube.com\/watch?v=2McW3RURDxs\" target=\"_blank\" rel=\"noopener\"><span style=\"font-weight: 400;\">Katso videomme<\/span><\/a><span style=\"font-weight: 400\">.<\/span>\n","protected":false},"excerpt":{"rendered":"<p><strong>Vihdoin hirvitt\u00e4v\u00e4n vahva<\/strong>, meid\u00e4n 360\u00b0 monik\u00e4ytt\u00f6inen kalastusmagneettimme sopii t\u00e4ydellisesti <strong>kokeneelle magneettikalastajalle<\/strong>. Beastilla on <strong>uskomattoman voimakas magneettinen vetovoima<\/strong> ja se vet\u00e4\u00e4 puoleensa kaikki magneettiset esineet kaukaa, vaikka ne olisivat py\u00f6reit\u00e4, ruostuneita tai veden alla. T\u00e4m\u00e4 kalastusmagneetti on niin <strong>tehokas<\/strong>, ett\u00e4 sen s\u00e4ilytt\u00e4misess\u00e4, kuljettamisessa ja k\u00e4yt\u00f6ss\u00e4 on otettava erityisi\u00e4 varotoimia.<\/p>\n","protected":false},"featured_media":78494,"comment_status":"open","ping_status":"closed","template":"","meta":{"_acf_changed":false,"inline_featured_image":false},"product_brand":[],"product_cat":[717,712,714],"product_tag":[],"class_list":{"0":"post-85388","1":"product","2":"type-product","3":"status-publish","4":"has-post-thumbnail","6":"product_cat-allround-360-kalastusmagneetit","7":"product_cat-kalastusmagneetit","8":"product_cat-vahvimmat-kalastusmagneetit","10":"first","11":"instock","12":"sale","13":"taxable","14":"shipping-taxable","15":"purchasable","16":"product-type-simple"},"acf":[],"yoast_head":"<!-- This site is optimized with the Yoast SEO plugin v27.3 - https:\/\/yoast.com\/product\/yoast-seo-wordpress\/ -->\n<title>Beast Magnetti - 1400 kg - Monik\u00e4ytt\u00f6inen 360\u00b0<\/title>\n<meta name=\"description\" content=\"Beast kalastusmagneetti ei ole vain vahva, vaan HIRVITT\u00c4V\u00c4N VAHVA \u2013 lajin huippua! Magnetar, kalastusmagneettien asiantuntijasi!\" \/>\n<meta name=\"robots\" content=\"index, follow, max-snippet:-1, max-image-preview:large, max-video-preview:-1\" \/>\n<link rel=\"canonical\" href=\"https:\/\/magnetarmagnets.com\/fi\/shop\/beast-magnetti-1400-kg-monikayttoinen-360\/\" \/>\n<meta property=\"og:locale\" content=\"fi_FI\" \/>\n<meta property=\"og:type\" content=\"article\" \/>\n<meta property=\"og:title\" content=\"Beast Magnetti - 1400 kg - Monik\u00e4ytt\u00f6inen 360\u00b0\" \/>\n<meta property=\"og:description\" content=\"Beast kalastusmagneetti ei ole vain vahva, vaan HIRVITT\u00c4V\u00c4N VAHVA \u2013 lajin huippua! Magnetar, kalastusmagneettien asiantuntijasi!\" \/>\n<meta property=\"og:url\" content=\"https:\/\/magnetarmagnets.com\/fi\/shop\/beast-magnetti-1400-kg-monikayttoinen-360\/\" \/>\n<meta property=\"og:site_name\" content=\"Magnet fishing with a Magnetar fishing magnet\" \/>\n<meta property=\"article:publisher\" content=\"https:\/\/www.facebook.com\/fishingmagnets\/\" \/>\n<meta property=\"article:modified_time\" content=\"2026-04-03T04:09:04+00:00\" \/>\n<meta property=\"og:image\" content=\"https:\/\/magnetarmagnets.com\/wp-content\/uploads\/2019\/12\/Beast-magnet-360-Degrees-Neodymium.jpeg\" \/>\n\t<meta property=\"og:image:width\" content=\"1000\" \/>\n\t<meta property=\"og:image:height\" content=\"1000\" \/>\n\t<meta property=\"og:image:type\" content=\"image\/jpeg\" \/>\n<meta name=\"twitter:card\" content=\"summary_large_image\" \/>\n<meta name=\"twitter:label1\" content=\"Arvioitu lukuaika\" \/>\n\t<meta name=\"twitter:data1\" content=\"5 minuuttia\" \/>\n<script type=\"application\/ld+json\" class=\"yoast-schema-graph\">{\"@context\":\"https:\\\/\\\/schema.org\",\"@graph\":[{\"@type\":[\"WebPage\",\"ItemPage\"],\"@id\":\"https:\\\/\\\/magnetarmagnets.com\\\/fi\\\/shop\\\/beast-magnetti-1400-kg-monikayttoinen-360\\\/\",\"url\":\"https:\\\/\\\/magnetarmagnets.com\\\/fi\\\/shop\\\/beast-magnetti-1400-kg-monikayttoinen-360\\\/\",\"name\":\"Beast Magnetti - 1400 kg - Monik\u00e4ytt\u00f6inen 360\u00b0\",\"isPartOf\":{\"@id\":\"https:\\\/\\\/magnetarmagnets.com\\\/fi\\\/#website\"},\"primaryImageOfPage\":{\"@id\":\"https:\\\/\\\/magnetarmagnets.com\\\/fi\\\/shop\\\/beast-magnetti-1400-kg-monikayttoinen-360\\\/#primaryimage\"},\"image\":{\"@id\":\"https:\\\/\\\/magnetarmagnets.com\\\/fi\\\/shop\\\/beast-magnetti-1400-kg-monikayttoinen-360\\\/#primaryimage\"},\"thumbnailUrl\":\"https:\\\/\\\/magnetarmagnets.com\\\/wp-content\\\/uploads\\\/2019\\\/12\\\/Beast-magnet-360-Degrees-Neodymium.jpeg\",\"datePublished\":\"2025-06-05T07:54:16+00:00\",\"dateModified\":\"2026-04-03T04:09:04+00:00\",\"description\":\"Beast kalastusmagneetti ei ole vain vahva, vaan HIRVITT\u00c4V\u00c4N VAHVA \u2013 lajin huippua! Magnetar, kalastusmagneettien asiantuntijasi!\",\"breadcrumb\":{\"@id\":\"https:\\\/\\\/magnetarmagnets.com\\\/fi\\\/shop\\\/beast-magnetti-1400-kg-monikayttoinen-360\\\/#breadcrumb\"},\"inLanguage\":\"fi\",\"potentialAction\":[{\"@type\":\"ReadAction\",\"target\":[\"https:\\\/\\\/magnetarmagnets.com\\\/fi\\\/shop\\\/beast-magnetti-1400-kg-monikayttoinen-360\\\/\"]}]},{\"@type\":\"ImageObject\",\"inLanguage\":\"fi\",\"@id\":\"https:\\\/\\\/magnetarmagnets.com\\\/fi\\\/shop\\\/beast-magnetti-1400-kg-monikayttoinen-360\\\/#primaryimage\",\"url\":\"https:\\\/\\\/magnetarmagnets.com\\\/wp-content\\\/uploads\\\/2019\\\/12\\\/Beast-magnet-360-Degrees-Neodymium.jpeg\",\"contentUrl\":\"https:\\\/\\\/magnetarmagnets.com\\\/wp-content\\\/uploads\\\/2019\\\/12\\\/Beast-magnet-360-Degrees-Neodymium.jpeg\",\"width\":1000,\"height\":1000,\"caption\":\"Beast fishing magnet 360 Degree 100 procent Neodymium\"},{\"@type\":\"BreadcrumbList\",\"@id\":\"https:\\\/\\\/magnetarmagnets.com\\\/fi\\\/shop\\\/beast-magnetti-1400-kg-monikayttoinen-360\\\/#breadcrumb\",\"itemListElement\":[{\"@type\":\"ListItem\",\"position\":1,\"name\":\"Home\",\"item\":\"https:\\\/\\\/magnetarmagnets.com\\\/fi\\\/\"},{\"@type\":\"ListItem\",\"position\":2,\"name\":\"Verkkokauppa\",\"item\":\"https:\\\/\\\/magnetarmagnets.com\\\/verkkokauppa\\\/\"},{\"@type\":\"ListItem\",\"position\":3,\"name\":\"All products\",\"item\":\"https:\\\/\\\/magnetarmagnets.com\\\/collections\\\/all-products\\\/\"},{\"@type\":\"ListItem\",\"position\":4,\"name\":\"Beast Magnetti &#8211; 1400 kg &#8211; Monik\u00e4ytt\u00f6inen 360\u00b0\"}]},{\"@type\":\"WebSite\",\"@id\":\"https:\\\/\\\/magnetarmagnets.com\\\/fi\\\/#website\",\"url\":\"https:\\\/\\\/magnetarmagnets.com\\\/fi\\\/\",\"name\":\"Magnet fishing with a Magnetar fishing magnet\",\"description\":\"Vahvat magneetit magneettikalastukseen\\n\\n\",\"publisher\":{\"@id\":\"https:\\\/\\\/magnetarmagnets.com\\\/fi\\\/#organization\"},\"potentialAction\":[{\"@type\":\"SearchAction\",\"target\":{\"@type\":\"EntryPoint\",\"urlTemplate\":\"https:\\\/\\\/magnetarmagnets.com\\\/fi\\\/?s={search_term_string}\"},\"query-input\":{\"@type\":\"PropertyValueSpecification\",\"valueRequired\":true,\"valueName\":\"search_term_string\"}}],\"inLanguage\":\"fi\"},{\"@type\":\"Organization\",\"@id\":\"https:\\\/\\\/magnetarmagnets.com\\\/fi\\\/#organization\",\"name\":\"Magnetar\",\"url\":\"https:\\\/\\\/magnetarmagnets.com\\\/fi\\\/\",\"logo\":{\"@type\":\"ImageObject\",\"inLanguage\":\"fi\",\"@id\":\"https:\\\/\\\/magnetarmagnets.com\\\/fi\\\/#\\\/schema\\\/logo\\\/image\\\/\",\"url\":\"https:\\\/\\\/magnetarmagnets.com\\\/wp-content\\\/uploads\\\/2025\\\/05\\\/Logo-03_PNG-Black-scaled.png\",\"contentUrl\":\"https:\\\/\\\/magnetarmagnets.com\\\/wp-content\\\/uploads\\\/2025\\\/05\\\/Logo-03_PNG-Black-scaled.png\",\"width\":2560,\"height\":1658,\"caption\":\"Magnetar\"},\"image\":{\"@id\":\"https:\\\/\\\/magnetarmagnets.com\\\/fi\\\/#\\\/schema\\\/logo\\\/image\\\/\"},\"sameAs\":[\"https:\\\/\\\/www.facebook.com\\\/fishingmagnets\\\/\",\"https:\\\/\\\/www.instagram.com\\\/magnetar_magnets\\\/\",\"https:\\\/\\\/www.linkedin.com\\\/company\\\/magnetarbv\\\/?originalSubdomain=nl\",\"https:\\\/\\\/www.youtube.com\\\/c\\\/MagnetarVismagneet\"]}]}<\/script>\n<!-- \/ Yoast SEO plugin. -->","yoast_head_json":{"title":"Beast Magnetti - 1400 kg - Monik\u00e4ytt\u00f6inen 360\u00b0","description":"Beast kalastusmagneetti ei ole vain vahva, vaan HIRVITT\u00c4V\u00c4N VAHVA \u2013 lajin huippua! Magnetar, kalastusmagneettien asiantuntijasi!","robots":{"index":"index","follow":"follow","max-snippet":"max-snippet:-1","max-image-preview":"max-image-preview:large","max-video-preview":"max-video-preview:-1"},"canonical":"https:\/\/magnetarmagnets.com\/fi\/shop\/beast-magnetti-1400-kg-monikayttoinen-360\/","og_locale":"fi_FI","og_type":"article","og_title":"Beast Magnetti - 1400 kg - Monik\u00e4ytt\u00f6inen 360\u00b0","og_description":"Beast kalastusmagneetti ei ole vain vahva, vaan HIRVITT\u00c4V\u00c4N VAHVA \u2013 lajin huippua! Magnetar, kalastusmagneettien asiantuntijasi!","og_url":"https:\/\/magnetarmagnets.com\/fi\/shop\/beast-magnetti-1400-kg-monikayttoinen-360\/","og_site_name":"Magnet fishing with a Magnetar fishing magnet","article_publisher":"https:\/\/www.facebook.com\/fishingmagnets\/","article_modified_time":"2026-04-03T04:09:04+00:00","og_image":[{"width":1000,"height":1000,"url":"https:\/\/magnetarmagnets.com\/wp-content\/uploads\/2019\/12\/Beast-magnet-360-Degrees-Neodymium.jpeg","type":"image\/jpeg"}],"twitter_card":"summary_large_image","twitter_misc":{"Arvioitu lukuaika":"5 minuuttia"},"schema":{"@context":"https:\/\/schema.org","@graph":[{"@type":["WebPage","ItemPage"],"@id":"https:\/\/magnetarmagnets.com\/fi\/shop\/beast-magnetti-1400-kg-monikayttoinen-360\/","url":"https:\/\/magnetarmagnets.com\/fi\/shop\/beast-magnetti-1400-kg-monikayttoinen-360\/","name":"Beast Magnetti - 1400 kg - Monik\u00e4ytt\u00f6inen 360\u00b0","isPartOf":{"@id":"https:\/\/magnetarmagnets.com\/fi\/#website"},"primaryImageOfPage":{"@id":"https:\/\/magnetarmagnets.com\/fi\/shop\/beast-magnetti-1400-kg-monikayttoinen-360\/#primaryimage"},"image":{"@id":"https:\/\/magnetarmagnets.com\/fi\/shop\/beast-magnetti-1400-kg-monikayttoinen-360\/#primaryimage"},"thumbnailUrl":"https:\/\/magnetarmagnets.com\/wp-content\/uploads\/2019\/12\/Beast-magnet-360-Degrees-Neodymium.jpeg","datePublished":"2025-06-05T07:54:16+00:00","dateModified":"2026-04-03T04:09:04+00:00","description":"Beast kalastusmagneetti ei ole vain vahva, vaan HIRVITT\u00c4V\u00c4N VAHVA \u2013 lajin huippua! Magnetar, kalastusmagneettien asiantuntijasi!","breadcrumb":{"@id":"https:\/\/magnetarmagnets.com\/fi\/shop\/beast-magnetti-1400-kg-monikayttoinen-360\/#breadcrumb"},"inLanguage":"fi","potentialAction":[{"@type":"ReadAction","target":["https:\/\/magnetarmagnets.com\/fi\/shop\/beast-magnetti-1400-kg-monikayttoinen-360\/"]}]},{"@type":"ImageObject","inLanguage":"fi","@id":"https:\/\/magnetarmagnets.com\/fi\/shop\/beast-magnetti-1400-kg-monikayttoinen-360\/#primaryimage","url":"https:\/\/magnetarmagnets.com\/wp-content\/uploads\/2019\/12\/Beast-magnet-360-Degrees-Neodymium.jpeg","contentUrl":"https:\/\/magnetarmagnets.com\/wp-content\/uploads\/2019\/12\/Beast-magnet-360-Degrees-Neodymium.jpeg","width":1000,"height":1000,"caption":"Beast fishing magnet 360 Degree 100 procent Neodymium"},{"@type":"BreadcrumbList","@id":"https:\/\/magnetarmagnets.com\/fi\/shop\/beast-magnetti-1400-kg-monikayttoinen-360\/#breadcrumb","itemListElement":[{"@type":"ListItem","position":1,"name":"Home","item":"https:\/\/magnetarmagnets.com\/fi\/"},{"@type":"ListItem","position":2,"name":"Verkkokauppa","item":"https:\/\/magnetarmagnets.com\/verkkokauppa\/"},{"@type":"ListItem","position":3,"name":"All products","item":"https:\/\/magnetarmagnets.com\/collections\/all-products\/"},{"@type":"ListItem","position":4,"name":"Beast Magnetti &#8211; 1400 kg &#8211; Monik\u00e4ytt\u00f6inen 360\u00b0"}]},{"@type":"WebSite","@id":"https:\/\/magnetarmagnets.com\/fi\/#website","url":"https:\/\/magnetarmagnets.com\/fi\/","name":"Magnet fishing with a Magnetar fishing magnet","description":"Vahvat magneetit magneettikalastukseen\n\n","publisher":{"@id":"https:\/\/magnetarmagnets.com\/fi\/#organization"},"potentialAction":[{"@type":"SearchAction","target":{"@type":"EntryPoint","urlTemplate":"https:\/\/magnetarmagnets.com\/fi\/?s={search_term_string}"},"query-input":{"@type":"PropertyValueSpecification","valueRequired":true,"valueName":"search_term_string"}}],"inLanguage":"fi"},{"@type":"Organization","@id":"https:\/\/magnetarmagnets.com\/fi\/#organization","name":"Magnetar","url":"https:\/\/magnetarmagnets.com\/fi\/","logo":{"@type":"ImageObject","inLanguage":"fi","@id":"https:\/\/magnetarmagnets.com\/fi\/#\/schema\/logo\/image\/","url":"https:\/\/magnetarmagnets.com\/wp-content\/uploads\/2025\/05\/Logo-03_PNG-Black-scaled.png","contentUrl":"https:\/\/magnetarmagnets.com\/wp-content\/uploads\/2025\/05\/Logo-03_PNG-Black-scaled.png","width":2560,"height":1658,"caption":"Magnetar"},"image":{"@id":"https:\/\/magnetarmagnets.com\/fi\/#\/schema\/logo\/image\/"},"sameAs":["https:\/\/www.facebook.com\/fishingmagnets\/","https:\/\/www.instagram.com\/magnetar_magnets\/","https:\/\/www.linkedin.com\/company\/magnetarbv\/?originalSubdomain=nl","https:\/\/www.youtube.com\/c\/MagnetarVismagneet"]}]}},"_links":{"self":[{"href":"https:\/\/magnetarmagnets.com\/fi\/wp-json\/wp\/v2\/product\/85388","targetHints":{"allow":["GET"]}}],"collection":[{"href":"https:\/\/magnetarmagnets.com\/fi\/wp-json\/wp\/v2\/product"}],"about":[{"href":"https:\/\/magnetarmagnets.com\/fi\/wp-json\/wp\/v2\/types\/product"}],"replies":[{"embeddable":true,"href":"https:\/\/magnetarmagnets.com\/fi\/wp-json\/wp\/v2\/comments?post=85388"}],"version-history":[{"count":1,"href":"https:\/\/magnetarmagnets.com\/fi\/wp-json\/wp\/v2\/product\/85388\/revisions"}],"predecessor-version":[{"id":94507,"href":"https:\/\/magnetarmagnets.com\/fi\/wp-json\/wp\/v2\/product\/85388\/revisions\/94507"}],"wp:featuredmedia":[{"embeddable":true,"href":"https:\/\/magnetarmagnets.com\/fi\/wp-json\/wp\/v2\/media\/78494"}],"wp:attachment":[{"href":"https:\/\/magnetarmagnets.com\/fi\/wp-json\/wp\/v2\/media?parent=85388"}],"wp:term":[{"taxonomy":"product_brand","embeddable":true,"href":"https:\/\/magnetarmagnets.com\/fi\/wp-json\/wp\/v2\/product_brand?post=85388"},{"taxonomy":"product_cat","embeddable":true,"href":"https:\/\/magnetarmagnets.com\/fi\/wp-json\/wp\/v2\/product_cat?post=85388"},{"taxonomy":"product_tag","embeddable":true,"href":"https:\/\/magnetarmagnets.com\/fi\/wp-json\/wp\/v2\/product_tag?post=85388"}],"curies":[{"name":"wp","href":"https:\/\/api.w.org\/{rel}","templated":true}]}}