{"id":85385,"date":"2025-06-05T09:54:40","date_gmt":"2025-06-05T07:54:40","guid":{"rendered":"https:\/\/magnetarmagnets.com\/?post_type=product&#038;p=85385"},"modified":"2026-04-03T11:52:41","modified_gmt":"2026-04-03T09:52:41","slug":"easy-magnet-280-kg-allround-360","status":"publish","type":"product","link":"https:\/\/magnetarmagnets.com\/fi\/shop\/easy-magnet-280-kg-allround-360\/","title":{"rendered":"Easy Magnet &#8211; 280 kg &#8211; Allround 360\u00b0"},"content":{"rendered":"* Suojaa magneetti <a href=\"https:\/\/magnetarmagnets.com\/shop\/protection-cover-easy\/\" target=\"_blank\" rel=\"noopener\"><b>suojauskotelolla<\/b><\/a> kalastuksen aikana. Ilman suojauskoteloa magneetti voi vaurioitua osuessaan kovaan kappaleeseen. Suojauskotelo ei sis\u00e4lly magneettiin.\n<h2><b>Easy Neodyymimagneettikalastusmagneetti<\/b><\/h2>\n<span style=\"font-weight: 400;\">Etsitk\u00f6 ensimm\u00e4ist\u00e4 <a href=\"https:\/\/magnetarmagnets.com\/\" target=\"_blank\" rel=\"noopener\">kalastusmagneettia<\/a> p\u00e4\u00e4st\u00e4ksesi vauhtiin harrastuksessasi? Easy magnet on sinulle t\u00e4ydellinen! Sen kevyt heittopaino tarjoaa hyv\u00e4t saalismahdollisuudet edulliseen aloitushintaan. T\u00e4ydellinen aloittelijoille, jotka haluavat kokeilla magneettikalastusta ennen raskaampaan magneettiin investoimista. Easy soveltuu erinomaisesti kolikoiden, hevosenkeng\u00e4n, luotien, pienten aseiden, veitsien ja muiden pienten esineiden etsint\u00e4\u00e4n.<\/span>\n\n<span style=\"font-weight: 400;\">Easy kalastusmagneetti on kaksipuolinen kalastusmagneetti, jossa on magneettinen vetovoima kaikilla puolilla ja vetovoima 600 lbs (150 lbs x 4 puolta). Easy on pienin versio Exclusive-sarjastamme ja t\u00e4ydellinen magneettikalastajille, jotka haluavat edullisen ja tehokkaan magneetin. Easy on Hardcore-magneetin pienempi sisar, mutta yht\u00e4 aggressiivinen saalishauissa.<\/span>\n<h2><b>Etsitk\u00f6 ensimm\u00e4ist\u00e4 360\u00b0 kalastusmagneettiasi?<\/b><\/h2>\n<span style=\"font-weight: 400;\">Easy magnet on pienin allround-kalastusmagneetti. Suunnittelimme t\u00e4m\u00e4n magneetin aloittelijoille, jotka haluavat kokeilla tehokasta ja kattavaa 360\u00b0 magneettia edulliseen hintaan. Haluatko voimakkaamman kalastusmagneetin? Tutustu Hardcoreen, Terroriin tai The Beastiin. Jos olet uusi magneettikalastuksessa, harkitse <a href=\"https:\/\/magnetarmagnets.com\/collections\/fishing-magnets\/magnet-fishing-kit\/\" target=\"_blank\" rel=\"noopener\">kalastusmagneettipaketteja<\/a>.<\/span>\n<h2><b>Magneetin kehitys<\/b><\/h2>\n<span style=\"font-weight: 400;\">Monilla magneeteilla on vetovoima vain toisella puolella. T\u00e4m\u00e4 yksipuolinen magneetti on klassinen kalastusmagneetti. Magnetar oli ensimm\u00e4inen, joka kehitti klassisen magneetin kaksipuoliseksi. Vuonna 2016 Magnetar kehitti allround-kalastusmagneetin, jolla on 360\u00b0 magneettinen vetovoima. EU:n magneettikalastajat ovat siit\u00e4 l\u00e4htien suosineet 100% neodyymimagneettejamme, tehden meist\u00e4 Euroopan johtavan toimittajan. Magneettimme valmistetaan korkealaatuisesti intohimoisessa tiimiss\u00e4mme, joka koostuu magneettikalastusharrastajista. Asiakkaamme palaavat, koska he tiet\u00e4v\u00e4t saavansa Magnetarilta enemm\u00e4n kuin magneetin \u2013 he l\u00f6yt\u00e4v\u00e4t aarteita.<\/span>\n<h2><b>Tehokas 360\u00b0 vetovoima<\/b><\/h2>\n<span style=\"font-weight: 400;\">Easy magnet on yksi vahvimmista magneeteistamme. Yksipuolisen magneetin vetovoimaa ei voi verrata t\u00e4h\u00e4n puhtaaseen neodyymiseen 360\u00b0 magneettiin. Yksipuolisen magneetin ter\u00e4skuori vaikuttaa vetovoimaan, joka kohdistuu yhteen suuntaan. T\u00e4m\u00e4 mahdollistaa korkean vetovoiman litteill\u00e4 metallilevyill\u00e4 yhdell\u00e4 puolella, mutta eksklusiivinen Allround 360\u00b0 magneettimme vet\u00e4\u00e4 esineit\u00e4 ymp\u00e4rilt\u00e4 kaikkialta, sill\u00e4 sen magneettinen vetovoima kattaa koko l\u00e4hialueen. Katso lis\u00e4\u00e4 <a href=\"https:\/\/www.youtube.com\/watch?v=2McW3RURDxs\">vetovoimamittauksestamme<\/a>.<\/span>\n<h2><b>Korkea laatu<\/b><\/h2>\n<span style=\"font-weight: 400;\">Kalastusmagneettimme on valmistettu neodyymista. Magnetarin magneetit s\u00e4ilytt\u00e4v\u00e4t magneettisen vetovoimansa vuosikymmeni\u00e4, menett\u00e4en vain 1 % sadassa vuodessa (oikein s\u00e4ilytettyn\u00e4, hoidettuna ja suojattuna).\u00a0<\/span>\n\n<span style=\"font-weight: 400;\">Monet muut magneettien toimittajat jo kokevat vetovoiman heikkenemist\u00e4 viikkojen sis\u00e4ll\u00e4. Viime vuosina markkinoilla on yh\u00e4 enemm\u00e4n huonolaatuisia magneetteja: suuremmat magneetit, joiden vetovoima on heikko, huono laatuinen neodyymi ja v\u00e4\u00e4r\u00e4t markkinointiv\u00e4itteet. Kun ostat n\u00e4it\u00e4 halvemmalla tai suuryritykselt\u00e4, pettymykset ovat todenn\u00e4k\u00f6isi\u00e4, vaikka s\u00e4\u00e4st\u00e4isit rahaa.\u00a0<\/span>\n\n<span style=\"font-weight: 400;\">Magnetar on pieni perheyritys, joka panostaa laatuun kaikessa tekemisess\u00e4\u00e4n. Olemme itse magneettikalastajia, ja kaikki magneettimme on suunniteltu ja valmistettu tiimiss\u00e4mme, jotta saat parhaan vastineen rahallesi (tai magneetin aarteita!). Luotettava, tehokas ja voimakas kalastusmagneetti l\u00f6ytyy meilt\u00e4. Tiimimme kuulee mielell\u00e4\u00e4n sinusta, <a href=\"mailto:info@magnetarmagnets.com\">ota yhteytt\u00e4<\/a>.<\/span>\n<h2><b>Suojauskotelo<\/b><\/h2>\nSuojauskotelot ovat t\u00e4ydellinen lis\u00e4varuste magneettikalastajille, jotka haluavat suojata neodyymimagneettejaan k\u00e4yt\u00f6n aikana. Kest\u00e4v\u00e4t kotelot on erityisesti suunniteltu istumaan magneettiin t\u00e4ydellisesti ja tarjoamaan lis\u00e4suoja naarmuja, halkeamia ja muita vaurioita vastaan. Suojauskotelot ovat kest\u00e4vi\u00e4 ja soveltuvat kovimpiinkin olosuhteisiin. Ne on valmistettu ruostumattomasta ter\u00e4ksest\u00e4. T\u00e4m\u00e4 varmistaa, ett\u00e4 magneettisi s\u00e4ilytt\u00e4\u00e4 360\u00b0 magneettisuutensa. Suojauskotelon voi hankkia erikseen t\u00e4h\u00e4n magneettiin.\n\n(Huomaa, ett\u00e4 magneetin pohja ei ole suojattu kotelon avulla)\n<h2><b>K\u00e4yt\u00e4 varoen<\/b><\/h2>\n<span style=\"font-weight: 400;\">Neodyymimagneettimme ovat eritt\u00e4in voimakkaita ja voivat vet\u00e4\u00e4 rautaesineit\u00e4 suurilla nopeuksilla, kun ne ovat l\u00e4hell\u00e4 toisiaan. Voimakkaiden magneettien kuten 360\u00b0 allround -magneetin kanssa on mahdollista, ett\u00e4 sormesi j\u00e4\u00e4v\u00e4t magneetin ja muiden esineiden v\u00e4liin. K\u00e4sittele magneetteja varoen ja k\u00e4yt\u00e4 omalla vastuulla. Lue aina k\u00e4ytt\u00f6oppaamme turvallisuusohjeet ennen k\u00e4ytt\u00f6\u00e4.<\/span>\n\n<span style=\"font-weight: 400;\">* Lapset voivat k\u00e4ytt\u00e4\u00e4 magneettia vain aikuisen valvonnassa.<\/span>","protected":false},"excerpt":{"rendered":"<p><span style=\"font-weight: 400;\">Vallankumouksellinen 360\u00b0 lasten magneetti, jossa on <strong>laaja-alainen ymp\u00e4ris\u00e4teilev\u00e4 vetovoima<\/strong>. Magnetarin suunnittelema t\u00e4m\u00e4 <strong>puhdas neodyymimagneetti<\/strong> vetovoimalla jopa 280 kg on t\u00e4ydellinen <strong>pienille lapsille, joilla on suuria magneettikalastusunelmia<\/strong>. Seuraavalla kerralla, kun viet lapsesi seikkailulle, l\u00f6yd\u00e4tte varmasti <strong>j\u00e4nnitt\u00e4vi\u00e4 aarteita<\/strong> ja luotte <strong>muistoja koko el\u00e4m\u00e4ksi<\/strong>.<\/span><\/p>\n","protected":false},"featured_media":80386,"comment_status":"open","ping_status":"closed","template":"","meta":{"_acf_changed":false,"inline_featured_image":false},"product_brand":[],"product_cat":[717,724,712],"product_tag":[],"class_list":{"0":"post-85385","1":"product","2":"type-product","3":"status-publish","4":"has-post-thumbnail","6":"product_cat-allround-360-kalastusmagneetit","7":"product_cat-aloittelijat-ja-lapset","8":"product_cat-kalastusmagneetit","10":"first","11":"instock","12":"sale","13":"taxable","14":"shipping-taxable","15":"purchasable","16":"product-type-simple"},"acf":[],"yoast_head":"<!-- This site is optimized with the Yoast SEO plugin v27.3 - https:\/\/yoast.com\/product\/yoast-seo-wordpress\/ -->\n<title>Easy Magnet - 280 kg - Allround 360\u00b0<\/title>\n<meta name=\"description\" content=\"Eksklusiivinen Easy kalastusmagneetti: Pienin allround-kalastusmagneetti! Mutta \u00e4l\u00e4 aliarvioi t\u00e4t\u00e4 pient\u00e4. Eritt\u00e4in vahva magneetti ja loistava saantiprosentti!\" \/>\n<meta name=\"robots\" content=\"index, follow, max-snippet:-1, max-image-preview:large, max-video-preview:-1\" \/>\n<link rel=\"canonical\" href=\"https:\/\/magnetarmagnets.com\/fi\/shop\/easy-magnet-280-kg-allround-360\/\" \/>\n<meta property=\"og:locale\" content=\"fi_FI\" \/>\n<meta property=\"og:type\" content=\"article\" \/>\n<meta property=\"og:title\" content=\"Easy Magnet - 280 kg - Allround 360\u00b0\" \/>\n<meta property=\"og:description\" content=\"Eksklusiivinen Easy kalastusmagneetti: Pienin allround-kalastusmagneetti! Mutta \u00e4l\u00e4 aliarvioi t\u00e4t\u00e4 pient\u00e4. Eritt\u00e4in vahva magneetti ja loistava saantiprosentti!\" \/>\n<meta property=\"og:url\" content=\"https:\/\/magnetarmagnets.com\/fi\/shop\/easy-magnet-280-kg-allround-360\/\" \/>\n<meta property=\"og:site_name\" content=\"Magnet fishing with a Magnetar fishing magnet\" \/>\n<meta property=\"article:publisher\" content=\"https:\/\/www.facebook.com\/fishingmagnets\/\" \/>\n<meta property=\"article:modified_time\" content=\"2026-04-03T09:52:41+00:00\" \/>\n<meta property=\"og:image\" content=\"https:\/\/magnetarmagnets.com\/wp-content\/uploads\/2023\/12\/The_Easy_Bergemagnet_fur_magnetfischen.jpeg.jpg\" \/>\n\t<meta property=\"og:image:width\" content=\"1000\" \/>\n\t<meta property=\"og:image:height\" content=\"1000\" \/>\n\t<meta property=\"og:image:type\" content=\"image\/jpeg\" \/>\n<meta name=\"twitter:card\" content=\"summary_large_image\" \/>\n<meta name=\"twitter:label1\" content=\"Arvioitu lukuaika\" \/>\n\t<meta name=\"twitter:data1\" content=\"4 minuuttia\" \/>\n<script type=\"application\/ld+json\" class=\"yoast-schema-graph\">{\"@context\":\"https:\\\/\\\/schema.org\",\"@graph\":[{\"@type\":[\"WebPage\",\"ItemPage\"],\"@id\":\"https:\\\/\\\/magnetarmagnets.com\\\/fi\\\/shop\\\/easy-magnet-280-kg-allround-360\\\/\",\"url\":\"https:\\\/\\\/magnetarmagnets.com\\\/fi\\\/shop\\\/easy-magnet-280-kg-allround-360\\\/\",\"name\":\"Easy Magnet - 280 kg - Allround 360\u00b0\",\"isPartOf\":{\"@id\":\"https:\\\/\\\/magnetarmagnets.com\\\/fi\\\/#website\"},\"primaryImageOfPage\":{\"@id\":\"https:\\\/\\\/magnetarmagnets.com\\\/fi\\\/shop\\\/easy-magnet-280-kg-allround-360\\\/#primaryimage\"},\"image\":{\"@id\":\"https:\\\/\\\/magnetarmagnets.com\\\/fi\\\/shop\\\/easy-magnet-280-kg-allround-360\\\/#primaryimage\"},\"thumbnailUrl\":\"https:\\\/\\\/magnetarmagnets.com\\\/wp-content\\\/uploads\\\/2023\\\/12\\\/The_Easy_Bergemagnet_fur_magnetfischen.jpeg.jpg\",\"datePublished\":\"2025-06-05T07:54:40+00:00\",\"dateModified\":\"2026-04-03T09:52:41+00:00\",\"description\":\"Eksklusiivinen Easy kalastusmagneetti: Pienin allround-kalastusmagneetti! Mutta \u00e4l\u00e4 aliarvioi t\u00e4t\u00e4 pient\u00e4. Eritt\u00e4in vahva magneetti ja loistava saantiprosentti!\",\"breadcrumb\":{\"@id\":\"https:\\\/\\\/magnetarmagnets.com\\\/fi\\\/shop\\\/easy-magnet-280-kg-allround-360\\\/#breadcrumb\"},\"inLanguage\":\"fi\",\"potentialAction\":[{\"@type\":\"ReadAction\",\"target\":[\"https:\\\/\\\/magnetarmagnets.com\\\/fi\\\/shop\\\/easy-magnet-280-kg-allround-360\\\/\"]}]},{\"@type\":\"ImageObject\",\"inLanguage\":\"fi\",\"@id\":\"https:\\\/\\\/magnetarmagnets.com\\\/fi\\\/shop\\\/easy-magnet-280-kg-allround-360\\\/#primaryimage\",\"url\":\"https:\\\/\\\/magnetarmagnets.com\\\/wp-content\\\/uploads\\\/2023\\\/12\\\/The_Easy_Bergemagnet_fur_magnetfischen.jpeg.jpg\",\"contentUrl\":\"https:\\\/\\\/magnetarmagnets.com\\\/wp-content\\\/uploads\\\/2023\\\/12\\\/The_Easy_Bergemagnet_fur_magnetfischen.jpeg.jpg\",\"width\":1000,\"height\":1000,\"caption\":\"The Easy fishing magnet for magnet fishing\"},{\"@type\":\"BreadcrumbList\",\"@id\":\"https:\\\/\\\/magnetarmagnets.com\\\/fi\\\/shop\\\/easy-magnet-280-kg-allround-360\\\/#breadcrumb\",\"itemListElement\":[{\"@type\":\"ListItem\",\"position\":1,\"name\":\"Home\",\"item\":\"https:\\\/\\\/magnetarmagnets.com\\\/fi\\\/\"},{\"@type\":\"ListItem\",\"position\":2,\"name\":\"Verkkokauppa\",\"item\":\"https:\\\/\\\/magnetarmagnets.com\\\/verkkokauppa\\\/\"},{\"@type\":\"ListItem\",\"position\":3,\"name\":\"Kalastusmagneetit\",\"item\":\"https:\\\/\\\/magnetarmagnets.com\\\/fi\\\/collections\\\/kalastusmagneetit\\\/\"},{\"@type\":\"ListItem\",\"position\":4,\"name\":\"Allround 360\u00b0 kalastusmagneetit\",\"item\":\"https:\\\/\\\/magnetarmagnets.com\\\/fi\\\/collections\\\/kalastusmagneetit\\\/allround-360-kalastusmagneetit\\\/\"},{\"@type\":\"ListItem\",\"position\":5,\"name\":\"Easy Magnet &#8211; 280 kg &#8211; Allround 360\u00b0\"}]},{\"@type\":\"WebSite\",\"@id\":\"https:\\\/\\\/magnetarmagnets.com\\\/fi\\\/#website\",\"url\":\"https:\\\/\\\/magnetarmagnets.com\\\/fi\\\/\",\"name\":\"Magnet fishing with a Magnetar fishing magnet\",\"description\":\"Vahvat magneetit magneettikalastukseen\\n\\n\",\"publisher\":{\"@id\":\"https:\\\/\\\/magnetarmagnets.com\\\/fi\\\/#organization\"},\"potentialAction\":[{\"@type\":\"SearchAction\",\"target\":{\"@type\":\"EntryPoint\",\"urlTemplate\":\"https:\\\/\\\/magnetarmagnets.com\\\/fi\\\/?s={search_term_string}\"},\"query-input\":{\"@type\":\"PropertyValueSpecification\",\"valueRequired\":true,\"valueName\":\"search_term_string\"}}],\"inLanguage\":\"fi\"},{\"@type\":\"Organization\",\"@id\":\"https:\\\/\\\/magnetarmagnets.com\\\/fi\\\/#organization\",\"name\":\"Magnetar\",\"url\":\"https:\\\/\\\/magnetarmagnets.com\\\/fi\\\/\",\"logo\":{\"@type\":\"ImageObject\",\"inLanguage\":\"fi\",\"@id\":\"https:\\\/\\\/magnetarmagnets.com\\\/fi\\\/#\\\/schema\\\/logo\\\/image\\\/\",\"url\":\"https:\\\/\\\/magnetarmagnets.com\\\/wp-content\\\/uploads\\\/2025\\\/05\\\/Logo-03_PNG-Black-scaled.png\",\"contentUrl\":\"https:\\\/\\\/magnetarmagnets.com\\\/wp-content\\\/uploads\\\/2025\\\/05\\\/Logo-03_PNG-Black-scaled.png\",\"width\":2560,\"height\":1658,\"caption\":\"Magnetar\"},\"image\":{\"@id\":\"https:\\\/\\\/magnetarmagnets.com\\\/fi\\\/#\\\/schema\\\/logo\\\/image\\\/\"},\"sameAs\":[\"https:\\\/\\\/www.facebook.com\\\/fishingmagnets\\\/\",\"https:\\\/\\\/www.instagram.com\\\/magnetar_magnets\\\/\",\"https:\\\/\\\/www.linkedin.com\\\/company\\\/magnetarbv\\\/?originalSubdomain=nl\",\"https:\\\/\\\/www.youtube.com\\\/c\\\/MagnetarVismagneet\"]}]}<\/script>\n<!-- \/ Yoast SEO plugin. -->","yoast_head_json":{"title":"Easy Magnet - 280 kg - Allround 360\u00b0","description":"Eksklusiivinen Easy kalastusmagneetti: Pienin allround-kalastusmagneetti! Mutta \u00e4l\u00e4 aliarvioi t\u00e4t\u00e4 pient\u00e4. Eritt\u00e4in vahva magneetti ja loistava saantiprosentti!","robots":{"index":"index","follow":"follow","max-snippet":"max-snippet:-1","max-image-preview":"max-image-preview:large","max-video-preview":"max-video-preview:-1"},"canonical":"https:\/\/magnetarmagnets.com\/fi\/shop\/easy-magnet-280-kg-allround-360\/","og_locale":"fi_FI","og_type":"article","og_title":"Easy Magnet - 280 kg - Allround 360\u00b0","og_description":"Eksklusiivinen Easy kalastusmagneetti: Pienin allround-kalastusmagneetti! Mutta \u00e4l\u00e4 aliarvioi t\u00e4t\u00e4 pient\u00e4. Eritt\u00e4in vahva magneetti ja loistava saantiprosentti!","og_url":"https:\/\/magnetarmagnets.com\/fi\/shop\/easy-magnet-280-kg-allround-360\/","og_site_name":"Magnet fishing with a Magnetar fishing magnet","article_publisher":"https:\/\/www.facebook.com\/fishingmagnets\/","article_modified_time":"2026-04-03T09:52:41+00:00","og_image":[{"width":1000,"height":1000,"url":"https:\/\/magnetarmagnets.com\/wp-content\/uploads\/2023\/12\/The_Easy_Bergemagnet_fur_magnetfischen.jpeg.jpg","type":"image\/jpeg"}],"twitter_card":"summary_large_image","twitter_misc":{"Arvioitu lukuaika":"4 minuuttia"},"schema":{"@context":"https:\/\/schema.org","@graph":[{"@type":["WebPage","ItemPage"],"@id":"https:\/\/magnetarmagnets.com\/fi\/shop\/easy-magnet-280-kg-allround-360\/","url":"https:\/\/magnetarmagnets.com\/fi\/shop\/easy-magnet-280-kg-allround-360\/","name":"Easy Magnet - 280 kg - Allround 360\u00b0","isPartOf":{"@id":"https:\/\/magnetarmagnets.com\/fi\/#website"},"primaryImageOfPage":{"@id":"https:\/\/magnetarmagnets.com\/fi\/shop\/easy-magnet-280-kg-allround-360\/#primaryimage"},"image":{"@id":"https:\/\/magnetarmagnets.com\/fi\/shop\/easy-magnet-280-kg-allround-360\/#primaryimage"},"thumbnailUrl":"https:\/\/magnetarmagnets.com\/wp-content\/uploads\/2023\/12\/The_Easy_Bergemagnet_fur_magnetfischen.jpeg.jpg","datePublished":"2025-06-05T07:54:40+00:00","dateModified":"2026-04-03T09:52:41+00:00","description":"Eksklusiivinen Easy kalastusmagneetti: Pienin allround-kalastusmagneetti! Mutta \u00e4l\u00e4 aliarvioi t\u00e4t\u00e4 pient\u00e4. Eritt\u00e4in vahva magneetti ja loistava saantiprosentti!","breadcrumb":{"@id":"https:\/\/magnetarmagnets.com\/fi\/shop\/easy-magnet-280-kg-allround-360\/#breadcrumb"},"inLanguage":"fi","potentialAction":[{"@type":"ReadAction","target":["https:\/\/magnetarmagnets.com\/fi\/shop\/easy-magnet-280-kg-allround-360\/"]}]},{"@type":"ImageObject","inLanguage":"fi","@id":"https:\/\/magnetarmagnets.com\/fi\/shop\/easy-magnet-280-kg-allround-360\/#primaryimage","url":"https:\/\/magnetarmagnets.com\/wp-content\/uploads\/2023\/12\/The_Easy_Bergemagnet_fur_magnetfischen.jpeg.jpg","contentUrl":"https:\/\/magnetarmagnets.com\/wp-content\/uploads\/2023\/12\/The_Easy_Bergemagnet_fur_magnetfischen.jpeg.jpg","width":1000,"height":1000,"caption":"The Easy fishing magnet for magnet fishing"},{"@type":"BreadcrumbList","@id":"https:\/\/magnetarmagnets.com\/fi\/shop\/easy-magnet-280-kg-allround-360\/#breadcrumb","itemListElement":[{"@type":"ListItem","position":1,"name":"Home","item":"https:\/\/magnetarmagnets.com\/fi\/"},{"@type":"ListItem","position":2,"name":"Verkkokauppa","item":"https:\/\/magnetarmagnets.com\/verkkokauppa\/"},{"@type":"ListItem","position":3,"name":"Kalastusmagneetit","item":"https:\/\/magnetarmagnets.com\/fi\/collections\/kalastusmagneetit\/"},{"@type":"ListItem","position":4,"name":"Allround 360\u00b0 kalastusmagneetit","item":"https:\/\/magnetarmagnets.com\/fi\/collections\/kalastusmagneetit\/allround-360-kalastusmagneetit\/"},{"@type":"ListItem","position":5,"name":"Easy Magnet &#8211; 280 kg &#8211; Allround 360\u00b0"}]},{"@type":"WebSite","@id":"https:\/\/magnetarmagnets.com\/fi\/#website","url":"https:\/\/magnetarmagnets.com\/fi\/","name":"Magnet fishing with a Magnetar fishing magnet","description":"Vahvat magneetit magneettikalastukseen\n\n","publisher":{"@id":"https:\/\/magnetarmagnets.com\/fi\/#organization"},"potentialAction":[{"@type":"SearchAction","target":{"@type":"EntryPoint","urlTemplate":"https:\/\/magnetarmagnets.com\/fi\/?s={search_term_string}"},"query-input":{"@type":"PropertyValueSpecification","valueRequired":true,"valueName":"search_term_string"}}],"inLanguage":"fi"},{"@type":"Organization","@id":"https:\/\/magnetarmagnets.com\/fi\/#organization","name":"Magnetar","url":"https:\/\/magnetarmagnets.com\/fi\/","logo":{"@type":"ImageObject","inLanguage":"fi","@id":"https:\/\/magnetarmagnets.com\/fi\/#\/schema\/logo\/image\/","url":"https:\/\/magnetarmagnets.com\/wp-content\/uploads\/2025\/05\/Logo-03_PNG-Black-scaled.png","contentUrl":"https:\/\/magnetarmagnets.com\/wp-content\/uploads\/2025\/05\/Logo-03_PNG-Black-scaled.png","width":2560,"height":1658,"caption":"Magnetar"},"image":{"@id":"https:\/\/magnetarmagnets.com\/fi\/#\/schema\/logo\/image\/"},"sameAs":["https:\/\/www.facebook.com\/fishingmagnets\/","https:\/\/www.instagram.com\/magnetar_magnets\/","https:\/\/www.linkedin.com\/company\/magnetarbv\/?originalSubdomain=nl","https:\/\/www.youtube.com\/c\/MagnetarVismagneet"]}]}},"_links":{"self":[{"href":"https:\/\/magnetarmagnets.com\/fi\/wp-json\/wp\/v2\/product\/85385","targetHints":{"allow":["GET"]}}],"collection":[{"href":"https:\/\/magnetarmagnets.com\/fi\/wp-json\/wp\/v2\/product"}],"about":[{"href":"https:\/\/magnetarmagnets.com\/fi\/wp-json\/wp\/v2\/types\/product"}],"replies":[{"embeddable":true,"href":"https:\/\/magnetarmagnets.com\/fi\/wp-json\/wp\/v2\/comments?post=85385"}],"version-history":[{"count":0,"href":"https:\/\/magnetarmagnets.com\/fi\/wp-json\/wp\/v2\/product\/85385\/revisions"}],"wp:featuredmedia":[{"embeddable":true,"href":"https:\/\/magnetarmagnets.com\/fi\/wp-json\/wp\/v2\/media\/80386"}],"wp:attachment":[{"href":"https:\/\/magnetarmagnets.com\/fi\/wp-json\/wp\/v2\/media?parent=85385"}],"wp:term":[{"taxonomy":"product_brand","embeddable":true,"href":"https:\/\/magnetarmagnets.com\/fi\/wp-json\/wp\/v2\/product_brand?post=85385"},{"taxonomy":"product_cat","embeddable":true,"href":"https:\/\/magnetarmagnets.com\/fi\/wp-json\/wp\/v2\/product_cat?post=85385"},{"taxonomy":"product_tag","embeddable":true,"href":"https:\/\/magnetarmagnets.com\/fi\/wp-json\/wp\/v2\/product_tag?post=85385"}],"curies":[{"name":"wp","href":"https:\/\/api.w.org\/{rel}","templated":true}]}}