{"id":85376,"date":"2025-06-05T09:54:38","date_gmt":"2025-06-05T07:54:38","guid":{"rendered":"https:\/\/magnetarmagnets.com\/?post_type=product&#038;p=85376"},"modified":"2026-05-15T23:39:22","modified_gmt":"2026-05-15T21:39:22","slug":"asiantuntijapaketti-1000-kg-terror-allround-360","status":"publish","type":"product","link":"https:\/\/magnetarmagnets.com\/fi\/shop\/asiantuntijapaketti-1000-kg-terror-allround-360\/","title":{"rendered":"Asiantuntijapaketti &#8211; 2200 lb \/ 1000 kg &#8211; Terror &#8211; Allround 360\u00b0"},"content":{"rendered":"\t\t<div data-elementor-type=\"product-post\" data-elementor-id=\"85376\" class=\"elementor elementor-85376 elementor-66918\" data-elementor-post-type=\"product\">\n\t\t\t\t<div class=\"elementor-element elementor-element-56ef6d5b e-con-full e-flex e-con e-parent\" data-id=\"56ef6d5b\" data-element_type=\"container\" data-e-type=\"container\" data-settings=\"{&quot;background_background&quot;:&quot;classic&quot;,&quot;animation_mobile&quot;:&quot;fadeInUp&quot;}\">\n\t\t\t\t<\/div>\n\t\t<div class=\"elementor-element elementor-element-5f808d69 e-con-full e-flex e-con e-parent\" data-id=\"5f808d69\" data-element_type=\"container\" data-e-type=\"container\" data-settings=\"{&quot;background_background&quot;:&quot;classic&quot;,&quot;animation_mobile&quot;:&quot;fadeInUp&quot;}\">\n\t\t\t\t<div class=\"elementor-element elementor-element-35db85b0 elementor-hidden-desktop elementor-widget elementor-widget-spacer\" data-id=\"35db85b0\" data-element_type=\"widget\" data-e-type=\"widget\" data-widget_type=\"spacer.default\">\n\t\t\t\t\t\t\t<div class=\"elementor-spacer\">\n\t\t\t<div class=\"elementor-spacer-inner\"><\/div>\n\t\t<\/div>\n\t\t\t\t\t\t<\/div>\n\t\t\t\t<div class=\"elementor-element elementor-element-641ef587 elementor-widget elementor-widget-text-editor\" data-id=\"641ef587\" data-element_type=\"widget\" data-e-type=\"widget\" data-settings=\"{&quot;_animation_mobile&quot;:&quot;slideInLeft&quot;}\" data-widget_type=\"text-editor.default\">\n\t\t\t\t\t\t\t\t\t<p data-start=\"0\" data-end=\"456\">Expert-paketissa saat t\u00e4ydellisen kokoonpanon, joka on rakennettu Terror 360\u00b0 -magneetin ymp\u00e4rille, joka on yksi Magnetarin vahvimmista yleismagneeteista. Saat voiman, jolla p\u00e4\u00e4set syvemm\u00e4lle mutaan, liejuun ja virtauksiin, sek\u00e4 t\u00e4rkeimm\u00e4t v\u00e4lineet, joilla voit kalastaa turvallisesti ja tehokkaasti alusta alkaen. T\u00e4m\u00e4 setti sis\u00e4lt\u00e4\u00e4 2200 lb \/ 1000 kg Terror-magneetin, 8 mm \/ \u2153 tuuman k\u00f6yden karabiinilla, vedenpit\u00e4v\u00e4t k\u00e4sineet, liiman, suojakotelon ja eritt\u00e4in suuren ruostumattomasta ter\u00e4ksest\u00e4 valmistetun koukun.<br><br>Haluatko absoluuttisen voimanpes\u00e4n? T\u00e4ll\u00e4 paketilla olet t\u00e4ysin varustautunut Magneettikalastukseen! Haluatko nousta tasolle? Tutustu <a href=\"https:\/\/magnetarmagnets.com\/shop\/legend-package\/\" target=\"_blank\" rel=\"noopener\">Legend-pakettiimme!<\/a><\/p>\t\t\t\t\t\t\t\t<\/div>\n\t\t\t\t<\/div>\n\t\t<div class=\"elementor-element elementor-element-63514f28 e-flex e-con-boxed e-con e-parent\" data-id=\"63514f28\" data-element_type=\"container\" data-e-type=\"container\">\n\t\t\t\t\t<div class=\"e-con-inner\">\n\t\t\t\t<div class=\"elementor-element elementor-element-7cb5a0e8 elementor-widget elementor-widget-spacer\" data-id=\"7cb5a0e8\" data-element_type=\"widget\" data-e-type=\"widget\" data-widget_type=\"spacer.default\">\n\t\t\t\t\t\t\t<div class=\"elementor-spacer\">\n\t\t\t<div class=\"elementor-spacer-inner\"><\/div>\n\t\t<\/div>\n\t\t\t\t\t\t<\/div>\n\t\t\t\t\t<\/div>\n\t\t\t\t<\/div>\n\t\t<div class=\"elementor-element elementor-element-753c5e3d e-con-full e-flex e-con e-parent\" data-id=\"753c5e3d\" data-element_type=\"container\" data-e-type=\"container\" data-settings=\"{&quot;background_background&quot;:&quot;classic&quot;,&quot;animation_mobile&quot;:&quot;fadeInUp&quot;}\">\n\t\t\t\t<\/div>\n\t\t<div class=\"elementor-element elementor-element-16282c68 e-flex e-con-boxed e-con e-parent\" data-id=\"16282c68\" data-element_type=\"container\" data-e-type=\"container\" data-settings=\"{&quot;background_background&quot;:&quot;classic&quot;,&quot;animation_mobile&quot;:&quot;fadeInUp&quot;}\">\n\t\t\t\t\t<div class=\"e-con-inner\">\n\t\t\t\t<div class=\"elementor-element elementor-element-38496569 elementor-widget elementor-widget-text-editor\" data-id=\"38496569\" data-element_type=\"widget\" data-e-type=\"widget\" data-settings=\"{&quot;_animation_mobile&quot;:&quot;none&quot;}\" data-widget_type=\"text-editor.default\">\n\t\t\t\t\t\t\t\t\t<p data-start=\"510\" data-end=\"801\">T\u00e4m\u00e4 paketti on tehty magneettikalastajille, jotka haluavat maksimaalisen ulottuvuuden ja t\u00e4ydellisen asennuksen yhdell\u00e4 kertaa. 360-magneetti tarttuu joka puolelta, ja mukana tulevat k\u00f6ysi, hanskat, suojus, liima ja koukku auttavat sinua k\u00e4sittelem\u00e4\u00e4n l\u00f6yt\u00f6j\u00e4 hallitummin vedess\u00e4.<\/p>\t\t\t\t\t\t\t\t<\/div>\n\t\t\t\t<div class=\"elementor-element elementor-element-116f09f4 elementor-widget elementor-widget-spacer\" data-id=\"116f09f4\" data-element_type=\"widget\" data-e-type=\"widget\" data-widget_type=\"spacer.default\">\n\t\t\t\t\t\t\t<div class=\"elementor-spacer\">\n\t\t\t<div class=\"elementor-spacer-inner\"><\/div>\n\t\t<\/div>\n\t\t\t\t\t\t<\/div>\n\t\t\t\t\t<\/div>\n\t\t\t\t<\/div>\n\t\t<div class=\"elementor-element elementor-element-503a254b e-flex e-con-boxed e-con e-parent\" data-id=\"503a254b\" data-element_type=\"container\" data-e-type=\"container\" data-settings=\"{&quot;animation_mobile&quot;:&quot;fadeInUp&quot;}\">\n\t\t\t\t\t<div class=\"e-con-inner\">\n\t\t<div class=\"elementor-element elementor-element-65c7fcf2 e-con-full e-flex e-con e-child\" data-id=\"65c7fcf2\" data-element_type=\"container\" data-e-type=\"container\" data-settings=\"{&quot;background_background&quot;:&quot;classic&quot;}\">\n\t\t\t\t<\/div>\n\t\t<div class=\"elementor-element elementor-element-69de1e4d e-con-full e-flex e-con e-child\" data-id=\"69de1e4d\" data-element_type=\"container\" data-e-type=\"container\">\n\t\t\t\t<div class=\"elementor-element elementor-element-71ef3437 elementor-widget elementor-widget-text-editor\" data-id=\"71ef3437\" data-element_type=\"widget\" data-e-type=\"widget\" data-settings=\"{&quot;_animation_mobile&quot;:&quot;slideInLeft&quot;}\" data-widget_type=\"text-editor.default\">\n\t\t\t\t\t\t\t\t\t<p data-start=\"803\" data-end=\"1061\">Terror on tarpeeksi painava upotakseen syvemm\u00e4lle mutaan ja tarpeeksi kevyt heitt\u00e4\u00e4ksesi sit\u00e4 pitki\u00e4 istuntoja. Siksi se on hyv\u00e4 valinta kanaviin, jokiin, satamiin ja muihin paikkoihin, joissa on lietett\u00e4 tai virtausta.<\/p>\t\t\t\t\t\t\t\t<\/div>\n\t\t\t\t<div class=\"elementor-element elementor-element-202e4e86 elementor-widget elementor-widget-text-editor\" data-id=\"202e4e86\" data-element_type=\"widget\" data-e-type=\"widget\" data-widget_type=\"text-editor.default\">\n\t\t\t\t\t\t\t\t\t<p data-start=\"1063\" data-end=\"1192\">Valitse t\u00e4m\u00e4 paketti, jos haluat tavoitella sek\u00e4 pienempi\u00e4 metallil\u00f6yt\u00f6j\u00e4 ett\u00e4 raskaampia esineit\u00e4 rakentamatta pakettia pala palalta.<\/p>\t\t\t\t\t\t\t\t<\/div>\n\t\t\t\t<div class=\"elementor-element elementor-element-50838bf5 elementor-widget elementor-widget-spacer\" data-id=\"50838bf5\" data-element_type=\"widget\" data-e-type=\"widget\" data-widget_type=\"spacer.default\">\n\t\t\t\t\t\t\t<div class=\"elementor-spacer\">\n\t\t\t<div class=\"elementor-spacer-inner\"><\/div>\n\t\t<\/div>\n\t\t\t\t\t\t<\/div>\n\t\t\t\t<\/div>\n\t\t\t\t\t<\/div>\n\t\t\t\t<\/div>\n\t\t<div class=\"elementor-element elementor-element-3d1cefec e-flex e-con-boxed e-con e-parent\" data-id=\"3d1cefec\" data-element_type=\"container\" data-e-type=\"container\" data-settings=\"{&quot;animation_mobile&quot;:&quot;fadeInUp&quot;}\">\n\t\t\t\t\t<div class=\"e-con-inner\">\n\t\t\t\t<div class=\"elementor-element elementor-element-6773824f elementor-widget elementor-widget-heading\" data-id=\"6773824f\" data-element_type=\"widget\" data-e-type=\"widget\" data-settings=\"{&quot;_animation_mobile&quot;:&quot;slideInLeft&quot;}\" data-widget_type=\"heading.default\">\n\t\t\t\t\t<h2 class=\"elementor-heading-title elementor-size-default\">Miksi valita Expert-paketti?<\/h2>\t\t\t\t<\/div>\n\t\t\t\t\t<\/div>\n\t\t\t\t<\/div>\n\t\t<div class=\"elementor-element elementor-element-599b1297 e-flex e-con-boxed e-con e-parent\" data-id=\"599b1297\" data-element_type=\"container\" data-e-type=\"container\" data-settings=\"{&quot;background_background&quot;:&quot;classic&quot;,&quot;animation_mobile&quot;:&quot;fadeInUp&quot;}\">\n\t\t\t\t\t<div class=\"e-con-inner\">\n\t\t\t\t\t<\/div>\n\t\t\t\t<\/div>\n\t\t<div class=\"elementor-element elementor-element-7cd7a7f8 e-flex e-con-boxed e-con e-parent\" data-id=\"7cd7a7f8\" data-element_type=\"container\" data-e-type=\"container\" data-settings=\"{&quot;animation_mobile&quot;:&quot;fadeInUp&quot;}\">\n\t\t\t\t\t<div class=\"e-con-inner\">\n\t\t\t\t<div class=\"elementor-element elementor-element-b668940 elementor-widget elementor-widget-spacer\" data-id=\"b668940\" data-element_type=\"widget\" data-e-type=\"widget\" data-widget_type=\"spacer.default\">\n\t\t\t\t\t\t\t<div class=\"elementor-spacer\">\n\t\t\t<div class=\"elementor-spacer-inner\"><\/div>\n\t\t<\/div>\n\t\t\t\t\t\t<\/div>\n\t\t\t\t<div class=\"elementor-element elementor-element-78bf5e5b elementor-widget elementor-widget-text-editor\" data-id=\"78bf5e5b\" data-element_type=\"widget\" data-e-type=\"widget\" data-settings=\"{&quot;_animation_mobile&quot;:&quot;slideInLeft&quot;}\" data-widget_type=\"text-editor.default\">\n\t\t\t\t\t\t\t\t\t<p><svg fill=\"none\" viewbox=\"0 0 24 24\" stroke-width=\"1.5\" stroke=\"currentColor\" style=\"width:18px;height:18px;vertical-align:middle;margin-right:6px;\"> <path stroke-linecap=\"round\" stroke-linejoin=\"round\" d=\"M9 12.75 11.25 15 15 9.75M21 12a9 9 0 1 1-18 0 9 9 0 0 1 18 0Z\"><\/path> <\/svg><strong>2200 lb Vetovoima<\/strong><br>Jopa 1000 kg:n yleismagneettioima.<\/p> <p><svg fill=\"none\" viewbox=\"0 0 24 24\" stroke-width=\"1.5\" stroke=\"currentColor\" style=\"width:18px;height:18px;vertical-align:middle;margin-right:6px;\"> <path stroke-linecap=\"round\" stroke-linejoin=\"round\" d=\"M9 12.75 11.25 15 15 9.75M21 12a9 9 0 1 1-18 0 9 9 0 0 1 18 0Z\"><\/path> <\/svg><strong>360\u00b0 magneettikentt\u00e4<\/strong><br>Houkuttelee metallia magneetin joka puolelta.<\/p> <p><svg fill=\"none\" viewbox=\"0 0 24 24\" stroke-width=\"1.5\" stroke=\"currentColor\" style=\"width:18px;height:18px;vertical-align:middle;margin-right:6px;\"> <path stroke-linecap=\"round\" stroke-linejoin=\"round\" d=\"M9 12.75 11.25 15 15 9.75M21 12a9 9 0 1 1-18 0 9 9 0 0 1 18 0Z\"><\/path> <\/svg><strong>T\u00e4ydellinen aloituspakkaus<\/strong><br>Sis\u00e4lt\u00e4\u00e4 k\u00f6yden, k\u00e4sineet, liiman, suojuksen ja koukun.<\/p> <p><svg fill=\"none\" viewbox=\"0 0 24 24\" stroke-width=\"1.5\" stroke=\"currentColor\" style=\"width:18px;height:18px;vertical-align:middle;margin-right:6px;\"> <path stroke-linecap=\"round\" stroke-linejoin=\"round\" d=\"M9 12.75 11.25 15 15 9.75M21 12a9 9 0 1 1-18 0 9 9 0 0 1 18 0Z\"><\/path> <\/svg><strong>Rakennettu syvemmille paikoille<\/strong><br>Lis\u00e4paino auttaa sit\u00e4 uppoamaan mutaan ja liejuun.<\/p> <p><svg fill=\"none\" viewbox=\"0 0 24 24\" stroke-width=\"1.5\" stroke=\"currentColor\" style=\"width:18px;height:18px;vertical-align:middle;margin-right:6px;\"> <path stroke-linecap=\"round\" stroke-linejoin=\"round\" d=\"M9 12.75 11.25 15 15 9.75M21 12a9 9 0 1 1-18 0 9 9 0 0 1 18 0Z\"><\/path> <\/svg><strong>8 mm k\u00f6ysi mukana<\/strong><br>Vahva k\u00f6ysi, jossa on karabiini suoraa k\u00e4ytt\u00f6\u00e4 varten.<\/p> <p><svg fill=\"none\" viewbox=\"0 0 24 24\" stroke-width=\"1.5\" stroke=\"currentColor\" style=\"width:18px;height:18px;vertical-align:middle;margin-right:6px;\"> <path stroke-linecap=\"round\" stroke-linejoin=\"round\" d=\"M9 12.75 11.25 15 15 9.75M21 12a9 9 0 1 1-18 0 9 9 0 0 1 18 0Z\"><\/path> <\/svg><strong>Mukana suojakotelo<\/strong><br>Auttaa suojaamaan magneettia kovien istuntojen aikana.<\/p> <p><svg fill=\"none\" viewbox=\"0 0 24 24\" stroke-width=\"1.5\" stroke=\"currentColor\" style=\"width:18px;height:18px;vertical-align:middle;margin-right:6px;\"> <path stroke-linecap=\"round\" stroke-linejoin=\"round\" d=\"M9 12.75 11.25 15 15 9.75M21 12a9 9 0 1 1-18 0 9 9 0 0 1 18 0Z\"><\/path> <\/svg><strong>Vakavia istuntoja varten<\/strong><br>Tehty aloittelijoille, jotka haluavat lis\u00e4\u00e4, ja edistyneille k\u00e4ytt\u00e4jille.<\/p>\t\t\t\t\t\t\t\t<\/div>\n\t\t\t\t\t<\/div>\n\t\t\t\t<\/div>\n\t\t\t\t<\/div>\n\t\t","protected":false},"excerpt":{"rendered":"<p><span style=\"font-weight: 400;\">T\u00e4ydellinen 360\u00b0 Terror magneetti ja tarvikkeet. <strong>Todistettuja tuloksia!<\/strong><\/span><\/p>\n","protected":false},"featured_media":78886,"comment_status":"open","ping_status":"closed","template":"","meta":{"_acf_changed":false,"inline_featured_image":false},"product_brand":[],"product_cat":[717,726,1003,712,719,725],"product_tag":[],"class_list":{"0":"post-85376","1":"product","2":"type-product","3":"status-publish","4":"has-post-thumbnail","6":"product_cat-allround-360-kalastusmagneetit","7":"product_cat-ammattilaiset","8":"product_cat-kaikki-tuotteet","9":"product_cat-kalastusmagneetit","10":"product_cat-kalastusmagneettipaketti","11":"product_cat-kokeneet-seikkailijat","13":"first","14":"instock","15":"sale","16":"taxable","17":"shipping-taxable","18":"purchasable","19":"product-type-simple"},"acf":[],"yoast_head":"<!-- This site is optimized with the Yoast SEO plugin v27.6 - https:\/\/yoast.com\/product\/yoast-seo-wordpress\/ -->\n<title>Asiantuntijapaketti - 2200 lb \/ 1000 kg - Terror - Allround 360\u00b0 - Magnet fishing with a Magnetar fishing magnet<\/title>\n<meta name=\"description\" content=\"Asiantuntijapaketti - 2200 lb \/ 1000 Kg Terror - Magnetar\" \/>\n<meta name=\"robots\" content=\"index, follow, max-snippet:-1, max-image-preview:large, max-video-preview:-1\" \/>\n<link rel=\"canonical\" href=\"https:\/\/magnetarmagnets.com\/fi\/shop\/asiantuntijapaketti-1000-kg-terror-allround-360\/\" \/>\n<meta property=\"og:locale\" content=\"fi_FI\" \/>\n<meta property=\"og:type\" content=\"article\" \/>\n<meta property=\"og:title\" content=\"Asiantuntijapaketti - 2200 lb \/ 1000 kg - Terror - Allround 360\u00b0 - Magnet fishing with a Magnetar fishing magnet\" \/>\n<meta property=\"og:description\" content=\"Asiantuntijapaketti - 2200 lb \/ 1000 Kg Terror - Magnetar\" \/>\n<meta property=\"og:url\" content=\"https:\/\/magnetarmagnets.com\/fi\/shop\/asiantuntijapaketti-1000-kg-terror-allround-360\/\" \/>\n<meta property=\"og:site_name\" content=\"Magnet fishing with a Magnetar fishing magnet\" \/>\n<meta property=\"article:publisher\" content=\"https:\/\/www.facebook.com\/fishingmagnets\/\" \/>\n<meta property=\"article:modified_time\" content=\"2026-05-15T21:39:22+00:00\" \/>\n<meta property=\"og:image\" content=\"https:\/\/magnetarmagnets.com\/wp-content\/uploads\/2021\/10\/MAGNETAR-EXPERT-KIT-GOOGLE.jpg\" \/>\n\t<meta property=\"og:image:width\" content=\"1500\" \/>\n\t<meta property=\"og:image:height\" content=\"1500\" \/>\n\t<meta property=\"og:image:type\" content=\"image\/jpeg\" \/>\n<meta name=\"twitter:card\" content=\"summary_large_image\" \/>\n<meta name=\"twitter:label1\" content=\"Arvioitu lukuaika\" \/>\n\t<meta name=\"twitter:data1\" content=\"5 minuuttia\" \/>\n<script type=\"application\/ld+json\" class=\"yoast-schema-graph\">{\"@context\":\"https:\\\/\\\/schema.org\",\"@graph\":[{\"@type\":[\"WebPage\",\"ItemPage\"],\"@id\":\"https:\\\/\\\/magnetarmagnets.com\\\/fi\\\/shop\\\/asiantuntijapaketti-1000-kg-terror-allround-360\\\/\",\"url\":\"https:\\\/\\\/magnetarmagnets.com\\\/fi\\\/shop\\\/asiantuntijapaketti-1000-kg-terror-allround-360\\\/\",\"name\":\"Asiantuntijapaketti - 2200 lb \\\/ 1000 kg - Terror - Allround 360\u00b0 - Magnet fishing with a Magnetar fishing magnet\",\"isPartOf\":{\"@id\":\"https:\\\/\\\/magnetarmagnets.com\\\/fi\\\/#website\"},\"primaryImageOfPage\":{\"@id\":\"https:\\\/\\\/magnetarmagnets.com\\\/fi\\\/shop\\\/asiantuntijapaketti-1000-kg-terror-allround-360\\\/#primaryimage\"},\"image\":{\"@id\":\"https:\\\/\\\/magnetarmagnets.com\\\/fi\\\/shop\\\/asiantuntijapaketti-1000-kg-terror-allround-360\\\/#primaryimage\"},\"thumbnailUrl\":\"https:\\\/\\\/magnetarmagnets.com\\\/wp-content\\\/uploads\\\/2021\\\/10\\\/MAGNETAR-EXPERT-KIT-GOOGLE.jpg\",\"datePublished\":\"2025-06-05T07:54:38+00:00\",\"dateModified\":\"2026-05-15T21:39:22+00:00\",\"description\":\"Asiantuntijapaketti - 2200 lb \\\/ 1000 Kg Terror - Magnetar\",\"breadcrumb\":{\"@id\":\"https:\\\/\\\/magnetarmagnets.com\\\/fi\\\/shop\\\/asiantuntijapaketti-1000-kg-terror-allround-360\\\/#breadcrumb\"},\"inLanguage\":\"fi\",\"potentialAction\":[{\"@type\":\"ReadAction\",\"target\":[\"https:\\\/\\\/magnetarmagnets.com\\\/fi\\\/shop\\\/asiantuntijapaketti-1000-kg-terror-allround-360\\\/\"]}]},{\"@type\":\"ImageObject\",\"inLanguage\":\"fi\",\"@id\":\"https:\\\/\\\/magnetarmagnets.com\\\/fi\\\/shop\\\/asiantuntijapaketti-1000-kg-terror-allround-360\\\/#primaryimage\",\"url\":\"https:\\\/\\\/magnetarmagnets.com\\\/wp-content\\\/uploads\\\/2021\\\/10\\\/MAGNETAR-EXPERT-KIT-GOOGLE.jpg\",\"contentUrl\":\"https:\\\/\\\/magnetarmagnets.com\\\/wp-content\\\/uploads\\\/2021\\\/10\\\/MAGNETAR-EXPERT-KIT-GOOGLE.jpg\",\"width\":1500,\"height\":1500,\"caption\":\"MAGNETAR-EXPERT-KIT\"},{\"@type\":\"BreadcrumbList\",\"@id\":\"https:\\\/\\\/magnetarmagnets.com\\\/fi\\\/shop\\\/asiantuntijapaketti-1000-kg-terror-allround-360\\\/#breadcrumb\",\"itemListElement\":[{\"@type\":\"ListItem\",\"position\":1,\"name\":\"Home\",\"item\":\"https:\\\/\\\/magnetarmagnets.com\\\/fi\\\/\"},{\"@type\":\"ListItem\",\"position\":2,\"name\":\"Verkkokauppa\",\"item\":\"https:\\\/\\\/magnetarmagnets.com\\\/verkkokauppa\\\/\"},{\"@type\":\"ListItem\",\"position\":3,\"name\":\"Kalastusmagneetit\",\"item\":\"https:\\\/\\\/magnetarmagnets.com\\\/fi\\\/collections\\\/kalastusmagneetit\\\/\"},{\"@type\":\"ListItem\",\"position\":4,\"name\":\"Allround 360\u00b0 kalastusmagneetit\",\"item\":\"https:\\\/\\\/magnetarmagnets.com\\\/fi\\\/collections\\\/kalastusmagneetit\\\/allround-360-kalastusmagneetit\\\/\"},{\"@type\":\"ListItem\",\"position\":5,\"name\":\"Asiantuntijapaketti &#8211; 2200 lb \\\/ 1000 kg &#8211; Terror &#8211; Allround 360\u00b0\"}]},{\"@type\":\"WebSite\",\"@id\":\"https:\\\/\\\/magnetarmagnets.com\\\/fi\\\/#website\",\"url\":\"https:\\\/\\\/magnetarmagnets.com\\\/fi\\\/\",\"name\":\"Magnet fishing with a Magnetar fishing magnet\",\"description\":\"Vahvat magneetit magneettikalastukseen\\n\\n\",\"publisher\":{\"@id\":\"https:\\\/\\\/magnetarmagnets.com\\\/fi\\\/#organization\"},\"potentialAction\":[{\"@type\":\"SearchAction\",\"target\":{\"@type\":\"EntryPoint\",\"urlTemplate\":\"https:\\\/\\\/magnetarmagnets.com\\\/fi\\\/?s={search_term_string}\"},\"query-input\":{\"@type\":\"PropertyValueSpecification\",\"valueRequired\":true,\"valueName\":\"search_term_string\"}}],\"inLanguage\":\"fi\"},{\"@type\":\"Organization\",\"@id\":\"https:\\\/\\\/magnetarmagnets.com\\\/fi\\\/#organization\",\"name\":\"Magnetar\",\"url\":\"https:\\\/\\\/magnetarmagnets.com\\\/fi\\\/\",\"logo\":{\"@type\":\"ImageObject\",\"inLanguage\":\"fi\",\"@id\":\"https:\\\/\\\/magnetarmagnets.com\\\/fi\\\/#\\\/schema\\\/logo\\\/image\\\/\",\"url\":\"https:\\\/\\\/magnetarmagnets.com\\\/wp-content\\\/uploads\\\/2025\\\/05\\\/Logo-03_PNG-Black-scaled.png\",\"contentUrl\":\"https:\\\/\\\/magnetarmagnets.com\\\/wp-content\\\/uploads\\\/2025\\\/05\\\/Logo-03_PNG-Black-scaled.png\",\"width\":2560,\"height\":1658,\"caption\":\"Magnetar\"},\"image\":{\"@id\":\"https:\\\/\\\/magnetarmagnets.com\\\/fi\\\/#\\\/schema\\\/logo\\\/image\\\/\"},\"sameAs\":[\"https:\\\/\\\/www.facebook.com\\\/fishingmagnets\\\/\",\"https:\\\/\\\/www.instagram.com\\\/magnetar_magnets\\\/\",\"https:\\\/\\\/www.linkedin.com\\\/company\\\/magnetarbv\\\/?originalSubdomain=nl\",\"https:\\\/\\\/www.youtube.com\\\/c\\\/MagnetarVismagneet\"]}]}<\/script>\n<!-- \/ Yoast SEO plugin. -->","yoast_head_json":{"title":"Asiantuntijapaketti - 2200 lb \/ 1000 kg - Terror - Allround 360\u00b0 - Magnet fishing with a Magnetar fishing magnet","description":"Asiantuntijapaketti - 2200 lb \/ 1000 Kg Terror - Magnetar","robots":{"index":"index","follow":"follow","max-snippet":"max-snippet:-1","max-image-preview":"max-image-preview:large","max-video-preview":"max-video-preview:-1"},"canonical":"https:\/\/magnetarmagnets.com\/fi\/shop\/asiantuntijapaketti-1000-kg-terror-allround-360\/","og_locale":"fi_FI","og_type":"article","og_title":"Asiantuntijapaketti - 2200 lb \/ 1000 kg - Terror - Allround 360\u00b0 - Magnet fishing with a Magnetar fishing magnet","og_description":"Asiantuntijapaketti - 2200 lb \/ 1000 Kg Terror - Magnetar","og_url":"https:\/\/magnetarmagnets.com\/fi\/shop\/asiantuntijapaketti-1000-kg-terror-allround-360\/","og_site_name":"Magnet fishing with a Magnetar fishing magnet","article_publisher":"https:\/\/www.facebook.com\/fishingmagnets\/","article_modified_time":"2026-05-15T21:39:22+00:00","og_image":[{"width":1500,"height":1500,"url":"https:\/\/magnetarmagnets.com\/wp-content\/uploads\/2021\/10\/MAGNETAR-EXPERT-KIT-GOOGLE.jpg","type":"image\/jpeg"}],"twitter_card":"summary_large_image","twitter_misc":{"Arvioitu lukuaika":"5 minuuttia"},"schema":{"@context":"https:\/\/schema.org","@graph":[{"@type":["WebPage","ItemPage"],"@id":"https:\/\/magnetarmagnets.com\/fi\/shop\/asiantuntijapaketti-1000-kg-terror-allround-360\/","url":"https:\/\/magnetarmagnets.com\/fi\/shop\/asiantuntijapaketti-1000-kg-terror-allround-360\/","name":"Asiantuntijapaketti - 2200 lb \/ 1000 kg - Terror - Allround 360\u00b0 - Magnet fishing with a Magnetar fishing magnet","isPartOf":{"@id":"https:\/\/magnetarmagnets.com\/fi\/#website"},"primaryImageOfPage":{"@id":"https:\/\/magnetarmagnets.com\/fi\/shop\/asiantuntijapaketti-1000-kg-terror-allround-360\/#primaryimage"},"image":{"@id":"https:\/\/magnetarmagnets.com\/fi\/shop\/asiantuntijapaketti-1000-kg-terror-allround-360\/#primaryimage"},"thumbnailUrl":"https:\/\/magnetarmagnets.com\/wp-content\/uploads\/2021\/10\/MAGNETAR-EXPERT-KIT-GOOGLE.jpg","datePublished":"2025-06-05T07:54:38+00:00","dateModified":"2026-05-15T21:39:22+00:00","description":"Asiantuntijapaketti - 2200 lb \/ 1000 Kg Terror - Magnetar","breadcrumb":{"@id":"https:\/\/magnetarmagnets.com\/fi\/shop\/asiantuntijapaketti-1000-kg-terror-allround-360\/#breadcrumb"},"inLanguage":"fi","potentialAction":[{"@type":"ReadAction","target":["https:\/\/magnetarmagnets.com\/fi\/shop\/asiantuntijapaketti-1000-kg-terror-allround-360\/"]}]},{"@type":"ImageObject","inLanguage":"fi","@id":"https:\/\/magnetarmagnets.com\/fi\/shop\/asiantuntijapaketti-1000-kg-terror-allround-360\/#primaryimage","url":"https:\/\/magnetarmagnets.com\/wp-content\/uploads\/2021\/10\/MAGNETAR-EXPERT-KIT-GOOGLE.jpg","contentUrl":"https:\/\/magnetarmagnets.com\/wp-content\/uploads\/2021\/10\/MAGNETAR-EXPERT-KIT-GOOGLE.jpg","width":1500,"height":1500,"caption":"MAGNETAR-EXPERT-KIT"},{"@type":"BreadcrumbList","@id":"https:\/\/magnetarmagnets.com\/fi\/shop\/asiantuntijapaketti-1000-kg-terror-allround-360\/#breadcrumb","itemListElement":[{"@type":"ListItem","position":1,"name":"Home","item":"https:\/\/magnetarmagnets.com\/fi\/"},{"@type":"ListItem","position":2,"name":"Verkkokauppa","item":"https:\/\/magnetarmagnets.com\/verkkokauppa\/"},{"@type":"ListItem","position":3,"name":"Kalastusmagneetit","item":"https:\/\/magnetarmagnets.com\/fi\/collections\/kalastusmagneetit\/"},{"@type":"ListItem","position":4,"name":"Allround 360\u00b0 kalastusmagneetit","item":"https:\/\/magnetarmagnets.com\/fi\/collections\/kalastusmagneetit\/allround-360-kalastusmagneetit\/"},{"@type":"ListItem","position":5,"name":"Asiantuntijapaketti &#8211; 2200 lb \/ 1000 kg &#8211; Terror &#8211; Allround 360\u00b0"}]},{"@type":"WebSite","@id":"https:\/\/magnetarmagnets.com\/fi\/#website","url":"https:\/\/magnetarmagnets.com\/fi\/","name":"Magnet fishing with a Magnetar fishing magnet","description":"Vahvat magneetit magneettikalastukseen\n\n","publisher":{"@id":"https:\/\/magnetarmagnets.com\/fi\/#organization"},"potentialAction":[{"@type":"SearchAction","target":{"@type":"EntryPoint","urlTemplate":"https:\/\/magnetarmagnets.com\/fi\/?s={search_term_string}"},"query-input":{"@type":"PropertyValueSpecification","valueRequired":true,"valueName":"search_term_string"}}],"inLanguage":"fi"},{"@type":"Organization","@id":"https:\/\/magnetarmagnets.com\/fi\/#organization","name":"Magnetar","url":"https:\/\/magnetarmagnets.com\/fi\/","logo":{"@type":"ImageObject","inLanguage":"fi","@id":"https:\/\/magnetarmagnets.com\/fi\/#\/schema\/logo\/image\/","url":"https:\/\/magnetarmagnets.com\/wp-content\/uploads\/2025\/05\/Logo-03_PNG-Black-scaled.png","contentUrl":"https:\/\/magnetarmagnets.com\/wp-content\/uploads\/2025\/05\/Logo-03_PNG-Black-scaled.png","width":2560,"height":1658,"caption":"Magnetar"},"image":{"@id":"https:\/\/magnetarmagnets.com\/fi\/#\/schema\/logo\/image\/"},"sameAs":["https:\/\/www.facebook.com\/fishingmagnets\/","https:\/\/www.instagram.com\/magnetar_magnets\/","https:\/\/www.linkedin.com\/company\/magnetarbv\/?originalSubdomain=nl","https:\/\/www.youtube.com\/c\/MagnetarVismagneet"]}]}},"_links":{"self":[{"href":"https:\/\/magnetarmagnets.com\/fi\/wp-json\/wp\/v2\/product\/85376","targetHints":{"allow":["GET"]}}],"collection":[{"href":"https:\/\/magnetarmagnets.com\/fi\/wp-json\/wp\/v2\/product"}],"about":[{"href":"https:\/\/magnetarmagnets.com\/fi\/wp-json\/wp\/v2\/types\/product"}],"replies":[{"embeddable":true,"href":"https:\/\/magnetarmagnets.com\/fi\/wp-json\/wp\/v2\/comments?post=85376"}],"version-history":[{"count":2,"href":"https:\/\/magnetarmagnets.com\/fi\/wp-json\/wp\/v2\/product\/85376\/revisions"}],"predecessor-version":[{"id":99042,"href":"https:\/\/magnetarmagnets.com\/fi\/wp-json\/wp\/v2\/product\/85376\/revisions\/99042"}],"wp:featuredmedia":[{"embeddable":true,"href":"https:\/\/magnetarmagnets.com\/fi\/wp-json\/wp\/v2\/media\/78886"}],"wp:attachment":[{"href":"https:\/\/magnetarmagnets.com\/fi\/wp-json\/wp\/v2\/media?parent=85376"}],"wp:term":[{"taxonomy":"product_brand","embeddable":true,"href":"https:\/\/magnetarmagnets.com\/fi\/wp-json\/wp\/v2\/product_brand?post=85376"},{"taxonomy":"product_cat","embeddable":true,"href":"https:\/\/magnetarmagnets.com\/fi\/wp-json\/wp\/v2\/product_cat?post=85376"},{"taxonomy":"product_tag","embeddable":true,"href":"https:\/\/magnetarmagnets.com\/fi\/wp-json\/wp\/v2\/product_tag?post=85376"}],"curies":[{"name":"wp","href":"https:\/\/api.w.org\/{rel}","templated":true}]}}