{"id":85375,"date":"2025-06-05T09:54:38","date_gmt":"2025-06-05T07:54:38","guid":{"rendered":"https:\/\/magnetarmagnets.com\/?post_type=product&#038;p=85375"},"modified":"2026-04-07T06:20:04","modified_gmt":"2026-04-07T04:20:04","slug":"pro-paketti-600-kg-hardcore-allround-360","status":"publish","type":"product","link":"https:\/\/magnetarmagnets.com\/fi\/shop\/pro-paketti-600-kg-hardcore-allround-360\/","title":{"rendered":"Pro-paketti &#8211; 600 kg &#8211; Hardcore &#8211; Allround 360\u00b0"},"content":{"rendered":"<b>Oletko ammattilainen magneettikalastaja?<\/b> Tai haluatko tulla ammattilaiseksi? Pro-pakettimme on oikea valinta, ja se sis\u00e4lt\u00e4\u00e4 kaiken tarvitsemasi aloittamiseen (ja pakettialennukset!). T\u00e4m\u00e4 paketti sis\u00e4lt\u00e4\u00e4 myydyimm\u00e4n Hardcore allround 360\u00b0 -magneettimme. Pakettiin sis\u00e4ltyy lis\u00e4ksi vahva 8 mm k\u00f6ysi karabiinihakalla, vedenpit\u00e4v\u00e4t hanskat, Hardcore-suojakansi, liimaa ja ylimittainen ruostumattomasta ter\u00e4ksest\u00e4 valmistettu <a href=\"https:\/\/magnetarmagnets.com\/shop\/stainless-steel-hook-for-magnet-fishing\/\" target=\"_blank\" rel=\"noopener\">kalastusmagneetin haulikoukkuihin<\/a>. Haluatko vied\u00e4 kalastuksesi seuraavalle tasolle? Tutustu <a href=\"https:\/\/magnetarmagnets.com\/shop\/expert-package\/\" target=\"_blank\" rel=\"noopener\">Asiantuntijapakettiimme!<\/a>\n\n<h2><b>Hardcore Neodyymimagneetti kalastukseen<\/b><\/h2>\n\n<span style=\"font-weight: 400;\">Allround 360\u00b0 neodyymimagneettimme tarjoaa valtavan magneettisen vetovoiman! Kyseess\u00e4 on yksi tehokkaimmista ja kilpailukykyisimmist\u00e4 kalastusmagneeteista markkinoilla. <\/span><b>Magnetin ymp\u00e4rill\u00e4 on 14 cm vetovoima<\/b><span style=\"font-weight: 400;\">, mik\u00e4 antaa pitk\u00e4n kantaman vetovoiman ja suuren mahdollisuuden l\u00f6yt\u00e4\u00e4 suurempia ja parempia aarteita. Monet magneettikalastajat ylist\u00e4v\u00e4t allround hardcore -magneetin tehokkaita saalissaalisvaikutuksia &#8211; katso mit\u00e4 ammattilaiset sanovat <\/span><a href=\"https:\/\/www.youtube.com\/watch?v=1izvqgYbtd8\" target=\"_blank\" rel=\"noopener\"><span style=\"font-weight: 400;\">YouTubessa<\/span><\/a><span style=\"font-weight: 400;\">! Allround Hardcore kalastusmagneetti sopii t\u00e4ydellisesti kalastajille, jotka haluavat p\u00e4ivitt\u00e4\u00e4 <a href=\"https:\/\/magnetarmagnets.com\/collections\/fishing-magnets\/single-sided-classic\/\" target=\"_blank\" rel=\"noopener\">yksipuolisen kalastusmagneetin<\/a> tai kaksipuolisen kalastusmagneetin viel\u00e4kin suuremmalla vetovoimalla.<\/span>\n\n<h2><b>Oletko valmis Hardcoreen?<\/b><\/h2>\n\n<span style=\"font-weight: 400;\">Tule Hardcore magneettikalastajaksi! Magneetin nimi kertoo kaiken; t\u00e4m\u00e4 magneetti on eritt\u00e4in vahva! Hardcore kalastusmagneetti tarttuu kaikkiin esineisiin mist\u00e4 tahansa suunnasta, my\u00f6s mutaan, eik\u00e4 takerru helposti kiviin. Se ei ole liian raskas eik\u00e4 liian kevyt, joten voit heitt\u00e4\u00e4 t\u00e4t\u00e4 magneettia tuntikaupalla ilman ongelmia.<\/span>\n\n<span style=\"font-weight: 400;\">Hardcore-magneetista on tullut yksi myydyimmist\u00e4mme ja se on suosituin kokeneiden magneettikalastajien keskuudessa. Magneetti on valmistettu 100 % puhtaasta neodyymist\u00e4 \u2013 voimakkaimmasta pysyv\u00e4st\u00e4 magneetista, joka pystyy nostamaan enemm\u00e4n kuin muut saman kokoiset magneettimateriaalit. T\u00e4m\u00e4 lis\u00e4\u00e4 magneetin vetovoimaa kaikista suunnista ja auttaa l\u00f6yt\u00e4m\u00e4\u00e4n suuremman kirjon erilaisia esineit\u00e4.<\/span>\n\n<h2><b>Magneettien kehitys<\/b><\/h2>\n\nMonilla <a href=\"https:\/\/magnetarmagnets.com\/\" target=\"_blank\" rel=\"noopener\">kalastusmagneeteilla<\/a> on vetovoima vain yhdell\u00e4 magneetin puolella. T\u00e4m\u00e4 yksipuolinen magneetti on klassinen kalastusmagneetti. Magnetar oli ensimm\u00e4inen yritys, joka kehitti t\u00e4m\u00e4n klassikon uudelleen kaksipuoliseksi kalastusmagneetiksi. Vuonna 2016 Magnetar kehitti allround kalastusmagneetin, jolla on 360\u00b0 magneettinen vetovoima. Euroopan unionin alueen magneettikalastajat ovat siit\u00e4 l\u00e4htien suosineet 100 % neodyymi-magneettejamme, tehden meist\u00e4 Euroopan suurimman toimittajan. Magneettimme on valmistettu korkeimmalla laadulla, suunnittelulla ja huolella pienen intohimoisen kalastusmagneettitiimin toimesta. Asiakkaamme palaavat uudestaan, koska he tiet\u00e4v\u00e4t, ett\u00e4 Magnetarista he saavat enemm\u00e4n kuin magneetin &#8211; he saavat aarteen.\n\n<h2><strong>Tehokas 360\u00b0 vetovoima<\/strong><\/h2>\n\n<span style=\"font-weight: 400;\">Hardcore-magneetti on yksi vahvimmista magneeteistamme. Yksipuolisen magneetin vetovoimaa ei voi verrata puhtaaseen neodyymi 360\u00b0 magneettiin kuten Hardcore-magneettiin. T\u00e4m\u00e4 johtuu siit\u00e4, ett\u00e4 yksipuolisen magneetin ter\u00e4skotelo vaikuttaa vetovoimaan, joka kohdistuu vain yhteen suuntaan. Yksipuoliset magneetit saavuttavat suuren vetovoiman tasaisilla metallilevyill\u00e4 vain toisella puolella, mutta eksklusiivinen Allround 360\u00b0 magneettimme vet\u00e4\u00e4 esineit\u00e4 ymp\u00e4rilt\u00e4 koko alueelta. Haluatko n\u00e4hd\u00e4 vetovoiman mittaamisen? <\/span><a href=\"https:\/\/www.youtube.com\/watch?v=2McW3RURDxs\" target=\"_blank\" rel=\"noopener\"><span style=\"font-weight: 400;\">Katso videomme vetovoiman mittaamisesta<\/span><\/a><span style=\"font-weight: 400\">.<\/span>","protected":false},"excerpt":{"rendered":"<p><span style=\"font-weight: 400;\">Aloita kokonaisvaltaisesti <strong>pakettialennuksella<\/strong> ja <strong>aidoilla 360\u00b0 Hardcore kalastusmagneeteilla<\/strong>.<\/span><\/p>\n","protected":false},"featured_media":80418,"comment_status":"open","ping_status":"closed","template":"","meta":{"_acf_changed":false,"inline_featured_image":false},"product_brand":[],"product_cat":[717,724,712,719,725],"product_tag":[],"class_list":{"0":"post-85375","1":"product","2":"type-product","3":"status-publish","4":"has-post-thumbnail","6":"product_cat-allround-360-kalastusmagneetit","7":"product_cat-aloittelijat-ja-lapset","8":"product_cat-kalastusmagneetit","9":"product_cat-kalastusmagneettipaketti","10":"product_cat-kokeneet-seikkailijat","12":"first","13":"instock","14":"sale","15":"taxable","16":"shipping-taxable","17":"purchasable","18":"product-type-simple"},"acf":[],"yoast_head":"<!-- This site is optimized with the Yoast SEO plugin v27.3 - https:\/\/yoast.com\/product\/yoast-seo-wordpress\/ -->\n<title>Pro-paketti - 600 kg - Hardcore - Allround 360\u00b0 - Magnet fishing with a Magnetar fishing magnet<\/title>\n<meta name=\"description\" content=\"Pro-paketti - 600 Kg Hardcore - Magnetar\" \/>\n<meta name=\"robots\" content=\"index, follow, max-snippet:-1, max-image-preview:large, max-video-preview:-1\" \/>\n<link rel=\"canonical\" href=\"https:\/\/magnetarmagnets.com\/fi\/shop\/pro-paketti-600-kg-hardcore-allround-360\/\" \/>\n<meta property=\"og:locale\" content=\"fi_FI\" \/>\n<meta property=\"og:type\" content=\"article\" \/>\n<meta property=\"og:title\" content=\"Pro-paketti - 600 kg - Hardcore - Allround 360\u00b0 - Magnet fishing with a Magnetar fishing magnet\" \/>\n<meta property=\"og:description\" content=\"Pro-paketti - 600 Kg Hardcore - Magnetar\" \/>\n<meta property=\"og:url\" content=\"https:\/\/magnetarmagnets.com\/fi\/shop\/pro-paketti-600-kg-hardcore-allround-360\/\" \/>\n<meta property=\"og:site_name\" content=\"Magnet fishing with a Magnetar fishing magnet\" \/>\n<meta property=\"article:publisher\" content=\"https:\/\/www.facebook.com\/fishingmagnets\/\" \/>\n<meta property=\"article:modified_time\" content=\"2026-04-07T04:20:04+00:00\" \/>\n<meta property=\"og:image\" content=\"https:\/\/magnetarmagnets.com\/wp-content\/uploads\/2019\/11\/pro-pakket.jpg\" \/>\n\t<meta property=\"og:image:width\" content=\"1500\" \/>\n\t<meta property=\"og:image:height\" content=\"1500\" \/>\n\t<meta property=\"og:image:type\" content=\"image\/jpeg\" \/>\n<meta name=\"twitter:card\" content=\"summary_large_image\" \/>\n<meta name=\"twitter:label1\" content=\"Arvioitu lukuaika\" \/>\n\t<meta name=\"twitter:data1\" content=\"5 minuuttia\" \/>\n<script type=\"application\/ld+json\" class=\"yoast-schema-graph\">{\"@context\":\"https:\\\/\\\/schema.org\",\"@graph\":[{\"@type\":[\"WebPage\",\"ItemPage\"],\"@id\":\"https:\\\/\\\/magnetarmagnets.com\\\/fi\\\/shop\\\/pro-paketti-600-kg-hardcore-allround-360\\\/\",\"url\":\"https:\\\/\\\/magnetarmagnets.com\\\/fi\\\/shop\\\/pro-paketti-600-kg-hardcore-allround-360\\\/\",\"name\":\"Pro-paketti - 600 kg - Hardcore - Allround 360\u00b0 - Magnet fishing with a Magnetar fishing magnet\",\"isPartOf\":{\"@id\":\"https:\\\/\\\/magnetarmagnets.com\\\/fi\\\/#website\"},\"primaryImageOfPage\":{\"@id\":\"https:\\\/\\\/magnetarmagnets.com\\\/fi\\\/shop\\\/pro-paketti-600-kg-hardcore-allround-360\\\/#primaryimage\"},\"image\":{\"@id\":\"https:\\\/\\\/magnetarmagnets.com\\\/fi\\\/shop\\\/pro-paketti-600-kg-hardcore-allround-360\\\/#primaryimage\"},\"thumbnailUrl\":\"https:\\\/\\\/magnetarmagnets.com\\\/wp-content\\\/uploads\\\/2019\\\/11\\\/pro-pakket.jpg\",\"datePublished\":\"2025-06-05T07:54:38+00:00\",\"dateModified\":\"2026-04-07T04:20:04+00:00\",\"description\":\"Pro-paketti - 600 Kg Hardcore - Magnetar\",\"breadcrumb\":{\"@id\":\"https:\\\/\\\/magnetarmagnets.com\\\/fi\\\/shop\\\/pro-paketti-600-kg-hardcore-allround-360\\\/#breadcrumb\"},\"inLanguage\":\"fi\",\"potentialAction\":[{\"@type\":\"ReadAction\",\"target\":[\"https:\\\/\\\/magnetarmagnets.com\\\/fi\\\/shop\\\/pro-paketti-600-kg-hardcore-allround-360\\\/\"]}]},{\"@type\":\"ImageObject\",\"inLanguage\":\"fi\",\"@id\":\"https:\\\/\\\/magnetarmagnets.com\\\/fi\\\/shop\\\/pro-paketti-600-kg-hardcore-allround-360\\\/#primaryimage\",\"url\":\"https:\\\/\\\/magnetarmagnets.com\\\/wp-content\\\/uploads\\\/2019\\\/11\\\/pro-pakket.jpg\",\"contentUrl\":\"https:\\\/\\\/magnetarmagnets.com\\\/wp-content\\\/uploads\\\/2019\\\/11\\\/pro-pakket.jpg\",\"width\":1500,\"height\":1500,\"caption\":\"Pro Package for magnet fishing\"},{\"@type\":\"BreadcrumbList\",\"@id\":\"https:\\\/\\\/magnetarmagnets.com\\\/fi\\\/shop\\\/pro-paketti-600-kg-hardcore-allround-360\\\/#breadcrumb\",\"itemListElement\":[{\"@type\":\"ListItem\",\"position\":1,\"name\":\"Home\",\"item\":\"https:\\\/\\\/magnetarmagnets.com\\\/fi\\\/\"},{\"@type\":\"ListItem\",\"position\":2,\"name\":\"Verkkokauppa\",\"item\":\"https:\\\/\\\/magnetarmagnets.com\\\/verkkokauppa\\\/\"},{\"@type\":\"ListItem\",\"position\":3,\"name\":\"All products\",\"item\":\"https:\\\/\\\/magnetarmagnets.com\\\/collections\\\/all-products\\\/\"},{\"@type\":\"ListItem\",\"position\":4,\"name\":\"Pro-paketti &#8211; 600 kg &#8211; Hardcore &#8211; Allround 360\u00b0\"}]},{\"@type\":\"WebSite\",\"@id\":\"https:\\\/\\\/magnetarmagnets.com\\\/fi\\\/#website\",\"url\":\"https:\\\/\\\/magnetarmagnets.com\\\/fi\\\/\",\"name\":\"Magnet fishing with a Magnetar fishing magnet\",\"description\":\"Vahvat magneetit magneettikalastukseen\\n\\n\",\"publisher\":{\"@id\":\"https:\\\/\\\/magnetarmagnets.com\\\/fi\\\/#organization\"},\"potentialAction\":[{\"@type\":\"SearchAction\",\"target\":{\"@type\":\"EntryPoint\",\"urlTemplate\":\"https:\\\/\\\/magnetarmagnets.com\\\/fi\\\/?s={search_term_string}\"},\"query-input\":{\"@type\":\"PropertyValueSpecification\",\"valueRequired\":true,\"valueName\":\"search_term_string\"}}],\"inLanguage\":\"fi\"},{\"@type\":\"Organization\",\"@id\":\"https:\\\/\\\/magnetarmagnets.com\\\/fi\\\/#organization\",\"name\":\"Magnetar\",\"url\":\"https:\\\/\\\/magnetarmagnets.com\\\/fi\\\/\",\"logo\":{\"@type\":\"ImageObject\",\"inLanguage\":\"fi\",\"@id\":\"https:\\\/\\\/magnetarmagnets.com\\\/fi\\\/#\\\/schema\\\/logo\\\/image\\\/\",\"url\":\"https:\\\/\\\/magnetarmagnets.com\\\/wp-content\\\/uploads\\\/2025\\\/05\\\/Logo-03_PNG-Black-scaled.png\",\"contentUrl\":\"https:\\\/\\\/magnetarmagnets.com\\\/wp-content\\\/uploads\\\/2025\\\/05\\\/Logo-03_PNG-Black-scaled.png\",\"width\":2560,\"height\":1658,\"caption\":\"Magnetar\"},\"image\":{\"@id\":\"https:\\\/\\\/magnetarmagnets.com\\\/fi\\\/#\\\/schema\\\/logo\\\/image\\\/\"},\"sameAs\":[\"https:\\\/\\\/www.facebook.com\\\/fishingmagnets\\\/\",\"https:\\\/\\\/www.instagram.com\\\/magnetar_magnets\\\/\",\"https:\\\/\\\/www.linkedin.com\\\/company\\\/magnetarbv\\\/?originalSubdomain=nl\",\"https:\\\/\\\/www.youtube.com\\\/c\\\/MagnetarVismagneet\"]}]}<\/script>\n<!-- \/ Yoast SEO plugin. -->","yoast_head_json":{"title":"Pro-paketti - 600 kg - Hardcore - Allround 360\u00b0 - Magnet fishing with a Magnetar fishing magnet","description":"Pro-paketti - 600 Kg Hardcore - Magnetar","robots":{"index":"index","follow":"follow","max-snippet":"max-snippet:-1","max-image-preview":"max-image-preview:large","max-video-preview":"max-video-preview:-1"},"canonical":"https:\/\/magnetarmagnets.com\/fi\/shop\/pro-paketti-600-kg-hardcore-allround-360\/","og_locale":"fi_FI","og_type":"article","og_title":"Pro-paketti - 600 kg - Hardcore - Allround 360\u00b0 - Magnet fishing with a Magnetar fishing magnet","og_description":"Pro-paketti - 600 Kg Hardcore - Magnetar","og_url":"https:\/\/magnetarmagnets.com\/fi\/shop\/pro-paketti-600-kg-hardcore-allround-360\/","og_site_name":"Magnet fishing with a Magnetar fishing magnet","article_publisher":"https:\/\/www.facebook.com\/fishingmagnets\/","article_modified_time":"2026-04-07T04:20:04+00:00","og_image":[{"width":1500,"height":1500,"url":"https:\/\/magnetarmagnets.com\/wp-content\/uploads\/2019\/11\/pro-pakket.jpg","type":"image\/jpeg"}],"twitter_card":"summary_large_image","twitter_misc":{"Arvioitu lukuaika":"5 minuuttia"},"schema":{"@context":"https:\/\/schema.org","@graph":[{"@type":["WebPage","ItemPage"],"@id":"https:\/\/magnetarmagnets.com\/fi\/shop\/pro-paketti-600-kg-hardcore-allround-360\/","url":"https:\/\/magnetarmagnets.com\/fi\/shop\/pro-paketti-600-kg-hardcore-allround-360\/","name":"Pro-paketti - 600 kg - Hardcore - Allround 360\u00b0 - Magnet fishing with a Magnetar fishing magnet","isPartOf":{"@id":"https:\/\/magnetarmagnets.com\/fi\/#website"},"primaryImageOfPage":{"@id":"https:\/\/magnetarmagnets.com\/fi\/shop\/pro-paketti-600-kg-hardcore-allround-360\/#primaryimage"},"image":{"@id":"https:\/\/magnetarmagnets.com\/fi\/shop\/pro-paketti-600-kg-hardcore-allround-360\/#primaryimage"},"thumbnailUrl":"https:\/\/magnetarmagnets.com\/wp-content\/uploads\/2019\/11\/pro-pakket.jpg","datePublished":"2025-06-05T07:54:38+00:00","dateModified":"2026-04-07T04:20:04+00:00","description":"Pro-paketti - 600 Kg Hardcore - Magnetar","breadcrumb":{"@id":"https:\/\/magnetarmagnets.com\/fi\/shop\/pro-paketti-600-kg-hardcore-allround-360\/#breadcrumb"},"inLanguage":"fi","potentialAction":[{"@type":"ReadAction","target":["https:\/\/magnetarmagnets.com\/fi\/shop\/pro-paketti-600-kg-hardcore-allround-360\/"]}]},{"@type":"ImageObject","inLanguage":"fi","@id":"https:\/\/magnetarmagnets.com\/fi\/shop\/pro-paketti-600-kg-hardcore-allround-360\/#primaryimage","url":"https:\/\/magnetarmagnets.com\/wp-content\/uploads\/2019\/11\/pro-pakket.jpg","contentUrl":"https:\/\/magnetarmagnets.com\/wp-content\/uploads\/2019\/11\/pro-pakket.jpg","width":1500,"height":1500,"caption":"Pro Package for magnet fishing"},{"@type":"BreadcrumbList","@id":"https:\/\/magnetarmagnets.com\/fi\/shop\/pro-paketti-600-kg-hardcore-allround-360\/#breadcrumb","itemListElement":[{"@type":"ListItem","position":1,"name":"Home","item":"https:\/\/magnetarmagnets.com\/fi\/"},{"@type":"ListItem","position":2,"name":"Verkkokauppa","item":"https:\/\/magnetarmagnets.com\/verkkokauppa\/"},{"@type":"ListItem","position":3,"name":"All products","item":"https:\/\/magnetarmagnets.com\/collections\/all-products\/"},{"@type":"ListItem","position":4,"name":"Pro-paketti &#8211; 600 kg &#8211; Hardcore &#8211; Allround 360\u00b0"}]},{"@type":"WebSite","@id":"https:\/\/magnetarmagnets.com\/fi\/#website","url":"https:\/\/magnetarmagnets.com\/fi\/","name":"Magnet fishing with a Magnetar fishing magnet","description":"Vahvat magneetit magneettikalastukseen\n\n","publisher":{"@id":"https:\/\/magnetarmagnets.com\/fi\/#organization"},"potentialAction":[{"@type":"SearchAction","target":{"@type":"EntryPoint","urlTemplate":"https:\/\/magnetarmagnets.com\/fi\/?s={search_term_string}"},"query-input":{"@type":"PropertyValueSpecification","valueRequired":true,"valueName":"search_term_string"}}],"inLanguage":"fi"},{"@type":"Organization","@id":"https:\/\/magnetarmagnets.com\/fi\/#organization","name":"Magnetar","url":"https:\/\/magnetarmagnets.com\/fi\/","logo":{"@type":"ImageObject","inLanguage":"fi","@id":"https:\/\/magnetarmagnets.com\/fi\/#\/schema\/logo\/image\/","url":"https:\/\/magnetarmagnets.com\/wp-content\/uploads\/2025\/05\/Logo-03_PNG-Black-scaled.png","contentUrl":"https:\/\/magnetarmagnets.com\/wp-content\/uploads\/2025\/05\/Logo-03_PNG-Black-scaled.png","width":2560,"height":1658,"caption":"Magnetar"},"image":{"@id":"https:\/\/magnetarmagnets.com\/fi\/#\/schema\/logo\/image\/"},"sameAs":["https:\/\/www.facebook.com\/fishingmagnets\/","https:\/\/www.instagram.com\/magnetar_magnets\/","https:\/\/www.linkedin.com\/company\/magnetarbv\/?originalSubdomain=nl","https:\/\/www.youtube.com\/c\/MagnetarVismagneet"]}]}},"_links":{"self":[{"href":"https:\/\/magnetarmagnets.com\/fi\/wp-json\/wp\/v2\/product\/85375","targetHints":{"allow":["GET"]}}],"collection":[{"href":"https:\/\/magnetarmagnets.com\/fi\/wp-json\/wp\/v2\/product"}],"about":[{"href":"https:\/\/magnetarmagnets.com\/fi\/wp-json\/wp\/v2\/types\/product"}],"replies":[{"embeddable":true,"href":"https:\/\/magnetarmagnets.com\/fi\/wp-json\/wp\/v2\/comments?post=85375"}],"version-history":[{"count":0,"href":"https:\/\/magnetarmagnets.com\/fi\/wp-json\/wp\/v2\/product\/85375\/revisions"}],"wp:featuredmedia":[{"embeddable":true,"href":"https:\/\/magnetarmagnets.com\/fi\/wp-json\/wp\/v2\/media\/80418"}],"wp:attachment":[{"href":"https:\/\/magnetarmagnets.com\/fi\/wp-json\/wp\/v2\/media?parent=85375"}],"wp:term":[{"taxonomy":"product_brand","embeddable":true,"href":"https:\/\/magnetarmagnets.com\/fi\/wp-json\/wp\/v2\/product_brand?post=85375"},{"taxonomy":"product_cat","embeddable":true,"href":"https:\/\/magnetarmagnets.com\/fi\/wp-json\/wp\/v2\/product_cat?post=85375"},{"taxonomy":"product_tag","embeddable":true,"href":"https:\/\/magnetarmagnets.com\/fi\/wp-json\/wp\/v2\/product_tag?post=85375"}],"curies":[{"name":"wp","href":"https:\/\/api.w.org\/{rel}","templated":true}]}}