{"id":85371,"date":"2025-06-05T09:54:16","date_gmt":"2025-06-05T07:54:16","guid":{"rendered":"https:\/\/magnetarmagnets.com\/?post_type=product&#038;p=85371"},"modified":"2026-04-03T20:47:37","modified_gmt":"2026-04-03T18:47:37","slug":"kalastussauvasetti-2-0-1000-kg-terror-allround-360","status":"publish","type":"product","link":"https:\/\/magnetarmagnets.com\/fi\/shop\/kalastussauvasetti-2-0-1000-kg-terror-allround-360\/","title":{"rendered":"Kalastussauvasetti 2.0 &#8211; 1000 kg &#8211; Terror &#8211; Allround 360\u00b0"},"content":{"rendered":"<ul>\n  \t<li style=\"font-weight: 400;\"><span style=\"font-weight: 400;\">Extra pitk\u00e4 kalastussauva: 3 metri\u00e4 (3&#215;1 metri\u00e4)<\/span><\/li>\n  \t<li style=\"font-weight: 400;\"><span style=\"font-weight: 400;\">Nopea koonti ja purku<\/span><\/li>\n  \t<li style=\"font-weight: 400;\"><span style=\"font-weight: 400;\">L\u00f6yt\u00e4\u00e4 syv\u00e4ll\u00e4 olevia esineit\u00e4<\/span><\/li>\n  \t<li style=\"font-weight: 400;\"><span style=\"font-weight: 400;\">T\u00e4ydellisesti valmisteltu magneettikalastukseen<\/span><\/li>\n  \t<li style=\"font-weight: 400;\"><span style=\"font-weight: 400;\">Alumiinisauva, ei ruostu ja on eritt\u00e4in kevyt<\/span><\/li>\n  \t<li style=\"font-weight: 400;\"><span style=\"font-weight: 400;\">T\u00e4ydellinen paino 1,3 kg \/ 2,9 lb<\/span><\/li>\n  \t<li style=\"font-weight: 400;\"><span style=\"font-weight: 400;\">Helppo kuljettaa<\/span><\/li>\n  \t<li style=\"font-weight: 400;\"><span style=\"font-weight: 400;\">Sis\u00e4lt\u00e4\u00e4 s\u00e4ilytyspussin<\/span><\/li>\n  \t<li style=\"font-weight: 400;\"><span style=\"font-weight: 400;\">Naru kiinnikkeet mukana<\/span><\/li>\n  \t<li style=\"font-weight: 400;\"><span style=\"font-weight: 400;\">Erikoispakettialennus!<\/span><\/li>\n<\/ul>\n<span style=\"font-weight: 400;\"><strong>Haluatko aloittaa magneettikalastuksen ja etsit oikeaa v\u00e4lineist\u00f6\u00e4?<\/strong> T\u00e4ll\u00f6in t\u00e4m\u00e4 kalastussauvasetti on t\u00e4ydellinen valinta! Paketti sis\u00e4lt\u00e4\u00e4 \u2018Lange Jan\u2019 -kalastussauvan, Terror kalastusmagneetin, vedenpit\u00e4v\u00e4t hanskat, lukitusliiman ja kalastussauvan s\u00e4ilytyspussin. K\u00e4ytt\u00e4m\u00e4ll\u00e4 \u2018Lange Jan\u2019 -sauvaa p\u00e4\u00e4set syvemm\u00e4lle mutaan kuin narulla, jolloin esineiden l\u00f6ytyminen mudan alta on todenn\u00e4k\u00f6isemp\u00e4\u00e4.<\/span>\n<h2><strong>Kalastussauva magneettikalastukseen?<\/strong><\/h2>\n<span style=\"font-weight: 400;\">Olet varmasti tutustunut narulla teht\u00e4v\u00e4\u00e4n magneettikalastukseen, mutta oletko kuullut kalastussauvalla teht\u00e4v\u00e4st\u00e4 magneettikalastuksesta? T\u00e4m\u00e4 on helpompi tapa tavoittaa esineit\u00e4, jotka ovat kaukana mudan alla tai kaislojen v\u00e4liss\u00e4. Kalastusmagneettia k\u00e4ytt\u00e4en narun kanssa et koskaan saa esineit\u00e4 metri\u00e4 syvemm\u00e4lle mutaan, mutta Magnetar kalastussauvalla voit. Haluatko n\u00e4iden aarteiden pysyv\u00e4n piilossa vai haluatko k\u00e4ytt\u00e4\u00e4 kalastussauvaa ja kalastusmagneettia saadaksesi kaikki aarteet? <\/span>\n\n<a href=\"https:\/\/www.youtube.com\/watch?v=zK9xbaohgCw\">Katso ohjevideomme t\u00e4\u00e4ll\u00e4.<\/a>\n<h2><b>Suojakuori<\/b><\/h2>\nPakettiin sis\u00e4ltyv\u00e4 suojakuori on t\u00e4ydellinen lis\u00e4varuste magneettikalastajille, jotka haluavat suojata neodyymimagneettejaan k\u00e4yt\u00f6n aikana. N\u00e4m\u00e4 kest\u00e4v\u00e4t kuoret on suunniteltu sopimaan t\u00e4ydellisesti magneettiin ja tarjoamaan ylim\u00e4\u00e4r\u00e4isen suojakerroksen naarmuja, halkeamia ja muita vaurioita vastaan. Suojakuoret on valmistettu ruostumattomasta ter\u00e4ksest\u00e4, mik\u00e4 varmistaa magneetin magneettisuuden 360\u00b0. N\u00e4iden kuorten avulla voit nauttia magneettikalastuksesta ilman huolta arvokkaan kalastusmagneettisi vaurioitumisesta.\n\n(Huomioithan, ett\u00e4 magneetin alaosa ei ole suojattu kuoren alla.)","protected":false},"excerpt":{"rendered":"<p>Haluatko l\u00e4hte\u00e4 magneettikalastamaan tarkkuudella? Se onnistuu Kalastussauvasetin 2.0 avulla! Yhdist\u00e4 monipuolinen 360\u00b0 Terror kalastusmagneetti magneettisauvaamme.<\/p>\n","protected":false},"featured_media":78882,"comment_status":"open","ping_status":"closed","template":"","meta":{"_acf_changed":false,"inline_featured_image":false},"product_brand":[],"product_cat":[717,726,1003,712,719,725],"product_tag":[],"class_list":{"0":"post-85371","1":"product","2":"type-product","3":"status-publish","4":"has-post-thumbnail","6":"product_cat-allround-360-kalastusmagneetit","7":"product_cat-ammattilaiset","8":"product_cat-kaikki-tuotteet","9":"product_cat-kalastusmagneetit","10":"product_cat-kalastusmagneettipaketti","11":"product_cat-kokeneet-seikkailijat","13":"first","14":"instock","15":"sale","16":"taxable","17":"shipping-taxable","18":"purchasable","19":"product-type-simple"},"acf":[],"yoast_head":"<!-- This site is optimized with the Yoast SEO plugin v27.5 - https:\/\/yoast.com\/product\/yoast-seo-wordpress\/ -->\n<title>Kalastussauvasetti 2.0 - 1000 kg - Terror - Allround 360\u00b0 - Magnet fishing with a Magnetar fishing magnet<\/title>\n<meta name=\"description\" content=\"Kalastussauvasetti - 1000 kg Terror - Magnetar\" \/>\n<meta name=\"robots\" content=\"index, follow, max-snippet:-1, max-image-preview:large, max-video-preview:-1\" \/>\n<link rel=\"canonical\" href=\"https:\/\/magnetarmagnets.com\/fi\/shop\/kalastussauvasetti-2-0-1000-kg-terror-allround-360\/\" \/>\n<meta property=\"og:locale\" content=\"fi_FI\" \/>\n<meta property=\"og:type\" content=\"article\" \/>\n<meta property=\"og:title\" content=\"Kalastussauvasetti 2.0 - 1000 kg - Terror - Allround 360\u00b0 - Magnet fishing with a Magnetar fishing magnet\" \/>\n<meta property=\"og:description\" content=\"Kalastussauvasetti - 1000 kg Terror - Magnetar\" \/>\n<meta property=\"og:url\" content=\"https:\/\/magnetarmagnets.com\/fi\/shop\/kalastussauvasetti-2-0-1000-kg-terror-allround-360\/\" \/>\n<meta property=\"og:site_name\" content=\"Magnet fishing with a Magnetar fishing magnet\" \/>\n<meta property=\"article:publisher\" content=\"https:\/\/www.facebook.com\/fishingmagnets\/\" \/>\n<meta property=\"article:modified_time\" content=\"2026-04-03T18:47:37+00:00\" \/>\n<meta property=\"og:image\" content=\"https:\/\/magnetarmagnets.com\/wp-content\/uploads\/2021\/10\/MAGNETAR-DEEP-SEEKER-2.0-KIT-GOOGLE.jpg\" \/>\n\t<meta property=\"og:image:width\" content=\"1500\" \/>\n\t<meta property=\"og:image:height\" content=\"1500\" \/>\n\t<meta property=\"og:image:type\" content=\"image\/jpeg\" \/>\n<meta name=\"twitter:card\" content=\"summary_large_image\" \/>\n<meta name=\"twitter:label1\" content=\"Arvioitu lukuaika\" \/>\n\t<meta name=\"twitter:data1\" content=\"2 minuuttia\" \/>\n<script type=\"application\/ld+json\" class=\"yoast-schema-graph\">{\"@context\":\"https:\\\/\\\/schema.org\",\"@graph\":[{\"@type\":[\"WebPage\",\"ItemPage\"],\"@id\":\"https:\\\/\\\/magnetarmagnets.com\\\/fi\\\/shop\\\/kalastussauvasetti-2-0-1000-kg-terror-allround-360\\\/\",\"url\":\"https:\\\/\\\/magnetarmagnets.com\\\/fi\\\/shop\\\/kalastussauvasetti-2-0-1000-kg-terror-allround-360\\\/\",\"name\":\"Kalastussauvasetti 2.0 - 1000 kg - Terror - Allround 360\u00b0 - Magnet fishing with a Magnetar fishing magnet\",\"isPartOf\":{\"@id\":\"https:\\\/\\\/magnetarmagnets.com\\\/fi\\\/#website\"},\"primaryImageOfPage\":{\"@id\":\"https:\\\/\\\/magnetarmagnets.com\\\/fi\\\/shop\\\/kalastussauvasetti-2-0-1000-kg-terror-allround-360\\\/#primaryimage\"},\"image\":{\"@id\":\"https:\\\/\\\/magnetarmagnets.com\\\/fi\\\/shop\\\/kalastussauvasetti-2-0-1000-kg-terror-allround-360\\\/#primaryimage\"},\"thumbnailUrl\":\"https:\\\/\\\/magnetarmagnets.com\\\/wp-content\\\/uploads\\\/2021\\\/10\\\/MAGNETAR-DEEP-SEEKER-2.0-KIT-GOOGLE.jpg\",\"datePublished\":\"2025-06-05T07:54:16+00:00\",\"dateModified\":\"2026-04-03T18:47:37+00:00\",\"description\":\"Kalastussauvasetti - 1000 kg Terror - Magnetar\",\"breadcrumb\":{\"@id\":\"https:\\\/\\\/magnetarmagnets.com\\\/fi\\\/shop\\\/kalastussauvasetti-2-0-1000-kg-terror-allround-360\\\/#breadcrumb\"},\"inLanguage\":\"fi\",\"potentialAction\":[{\"@type\":\"ReadAction\",\"target\":[\"https:\\\/\\\/magnetarmagnets.com\\\/fi\\\/shop\\\/kalastussauvasetti-2-0-1000-kg-terror-allround-360\\\/\"]}]},{\"@type\":\"ImageObject\",\"inLanguage\":\"fi\",\"@id\":\"https:\\\/\\\/magnetarmagnets.com\\\/fi\\\/shop\\\/kalastussauvasetti-2-0-1000-kg-terror-allround-360\\\/#primaryimage\",\"url\":\"https:\\\/\\\/magnetarmagnets.com\\\/wp-content\\\/uploads\\\/2021\\\/10\\\/MAGNETAR-DEEP-SEEKER-2.0-KIT-GOOGLE.jpg\",\"contentUrl\":\"https:\\\/\\\/magnetarmagnets.com\\\/wp-content\\\/uploads\\\/2021\\\/10\\\/MAGNETAR-DEEP-SEEKER-2.0-KIT-GOOGLE.jpg\",\"width\":1500,\"height\":1500,\"caption\":\"MAGNETAR-DEEP-SEEKER-2.0-KIT\"},{\"@type\":\"BreadcrumbList\",\"@id\":\"https:\\\/\\\/magnetarmagnets.com\\\/fi\\\/shop\\\/kalastussauvasetti-2-0-1000-kg-terror-allround-360\\\/#breadcrumb\",\"itemListElement\":[{\"@type\":\"ListItem\",\"position\":1,\"name\":\"Home\",\"item\":\"https:\\\/\\\/magnetarmagnets.com\\\/fi\\\/\"},{\"@type\":\"ListItem\",\"position\":2,\"name\":\"Verkkokauppa\",\"item\":\"https:\\\/\\\/magnetarmagnets.com\\\/verkkokauppa\\\/\"},{\"@type\":\"ListItem\",\"position\":3,\"name\":\"Kalastusmagneetit\",\"item\":\"https:\\\/\\\/magnetarmagnets.com\\\/fi\\\/collections\\\/kalastusmagneetit\\\/\"},{\"@type\":\"ListItem\",\"position\":4,\"name\":\"Allround 360\u00b0 kalastusmagneetit\",\"item\":\"https:\\\/\\\/magnetarmagnets.com\\\/fi\\\/collections\\\/kalastusmagneetit\\\/allround-360-kalastusmagneetit\\\/\"},{\"@type\":\"ListItem\",\"position\":5,\"name\":\"Kalastussauvasetti 2.0 &#8211; 1000 kg &#8211; Terror &#8211; Allround 360\u00b0\"}]},{\"@type\":\"WebSite\",\"@id\":\"https:\\\/\\\/magnetarmagnets.com\\\/fi\\\/#website\",\"url\":\"https:\\\/\\\/magnetarmagnets.com\\\/fi\\\/\",\"name\":\"Magnet fishing with a Magnetar fishing magnet\",\"description\":\"Vahvat magneetit magneettikalastukseen\\n\\n\",\"publisher\":{\"@id\":\"https:\\\/\\\/magnetarmagnets.com\\\/fi\\\/#organization\"},\"potentialAction\":[{\"@type\":\"SearchAction\",\"target\":{\"@type\":\"EntryPoint\",\"urlTemplate\":\"https:\\\/\\\/magnetarmagnets.com\\\/fi\\\/?s={search_term_string}\"},\"query-input\":{\"@type\":\"PropertyValueSpecification\",\"valueRequired\":true,\"valueName\":\"search_term_string\"}}],\"inLanguage\":\"fi\"},{\"@type\":\"Organization\",\"@id\":\"https:\\\/\\\/magnetarmagnets.com\\\/fi\\\/#organization\",\"name\":\"Magnetar\",\"url\":\"https:\\\/\\\/magnetarmagnets.com\\\/fi\\\/\",\"logo\":{\"@type\":\"ImageObject\",\"inLanguage\":\"fi\",\"@id\":\"https:\\\/\\\/magnetarmagnets.com\\\/fi\\\/#\\\/schema\\\/logo\\\/image\\\/\",\"url\":\"https:\\\/\\\/magnetarmagnets.com\\\/wp-content\\\/uploads\\\/2025\\\/05\\\/Logo-03_PNG-Black-scaled.png\",\"contentUrl\":\"https:\\\/\\\/magnetarmagnets.com\\\/wp-content\\\/uploads\\\/2025\\\/05\\\/Logo-03_PNG-Black-scaled.png\",\"width\":2560,\"height\":1658,\"caption\":\"Magnetar\"},\"image\":{\"@id\":\"https:\\\/\\\/magnetarmagnets.com\\\/fi\\\/#\\\/schema\\\/logo\\\/image\\\/\"},\"sameAs\":[\"https:\\\/\\\/www.facebook.com\\\/fishingmagnets\\\/\",\"https:\\\/\\\/www.instagram.com\\\/magnetar_magnets\\\/\",\"https:\\\/\\\/www.linkedin.com\\\/company\\\/magnetarbv\\\/?originalSubdomain=nl\",\"https:\\\/\\\/www.youtube.com\\\/c\\\/MagnetarVismagneet\"]}]}<\/script>\n<!-- \/ Yoast SEO plugin. -->","yoast_head_json":{"title":"Kalastussauvasetti 2.0 - 1000 kg - Terror - Allround 360\u00b0 - Magnet fishing with a Magnetar fishing magnet","description":"Kalastussauvasetti - 1000 kg Terror - Magnetar","robots":{"index":"index","follow":"follow","max-snippet":"max-snippet:-1","max-image-preview":"max-image-preview:large","max-video-preview":"max-video-preview:-1"},"canonical":"https:\/\/magnetarmagnets.com\/fi\/shop\/kalastussauvasetti-2-0-1000-kg-terror-allround-360\/","og_locale":"fi_FI","og_type":"article","og_title":"Kalastussauvasetti 2.0 - 1000 kg - Terror - Allround 360\u00b0 - Magnet fishing with a Magnetar fishing magnet","og_description":"Kalastussauvasetti - 1000 kg Terror - Magnetar","og_url":"https:\/\/magnetarmagnets.com\/fi\/shop\/kalastussauvasetti-2-0-1000-kg-terror-allround-360\/","og_site_name":"Magnet fishing with a Magnetar fishing magnet","article_publisher":"https:\/\/www.facebook.com\/fishingmagnets\/","article_modified_time":"2026-04-03T18:47:37+00:00","og_image":[{"width":1500,"height":1500,"url":"https:\/\/magnetarmagnets.com\/wp-content\/uploads\/2021\/10\/MAGNETAR-DEEP-SEEKER-2.0-KIT-GOOGLE.jpg","type":"image\/jpeg"}],"twitter_card":"summary_large_image","twitter_misc":{"Arvioitu lukuaika":"2 minuuttia"},"schema":{"@context":"https:\/\/schema.org","@graph":[{"@type":["WebPage","ItemPage"],"@id":"https:\/\/magnetarmagnets.com\/fi\/shop\/kalastussauvasetti-2-0-1000-kg-terror-allround-360\/","url":"https:\/\/magnetarmagnets.com\/fi\/shop\/kalastussauvasetti-2-0-1000-kg-terror-allround-360\/","name":"Kalastussauvasetti 2.0 - 1000 kg - Terror - Allround 360\u00b0 - Magnet fishing with a Magnetar fishing magnet","isPartOf":{"@id":"https:\/\/magnetarmagnets.com\/fi\/#website"},"primaryImageOfPage":{"@id":"https:\/\/magnetarmagnets.com\/fi\/shop\/kalastussauvasetti-2-0-1000-kg-terror-allround-360\/#primaryimage"},"image":{"@id":"https:\/\/magnetarmagnets.com\/fi\/shop\/kalastussauvasetti-2-0-1000-kg-terror-allround-360\/#primaryimage"},"thumbnailUrl":"https:\/\/magnetarmagnets.com\/wp-content\/uploads\/2021\/10\/MAGNETAR-DEEP-SEEKER-2.0-KIT-GOOGLE.jpg","datePublished":"2025-06-05T07:54:16+00:00","dateModified":"2026-04-03T18:47:37+00:00","description":"Kalastussauvasetti - 1000 kg Terror - Magnetar","breadcrumb":{"@id":"https:\/\/magnetarmagnets.com\/fi\/shop\/kalastussauvasetti-2-0-1000-kg-terror-allround-360\/#breadcrumb"},"inLanguage":"fi","potentialAction":[{"@type":"ReadAction","target":["https:\/\/magnetarmagnets.com\/fi\/shop\/kalastussauvasetti-2-0-1000-kg-terror-allround-360\/"]}]},{"@type":"ImageObject","inLanguage":"fi","@id":"https:\/\/magnetarmagnets.com\/fi\/shop\/kalastussauvasetti-2-0-1000-kg-terror-allround-360\/#primaryimage","url":"https:\/\/magnetarmagnets.com\/wp-content\/uploads\/2021\/10\/MAGNETAR-DEEP-SEEKER-2.0-KIT-GOOGLE.jpg","contentUrl":"https:\/\/magnetarmagnets.com\/wp-content\/uploads\/2021\/10\/MAGNETAR-DEEP-SEEKER-2.0-KIT-GOOGLE.jpg","width":1500,"height":1500,"caption":"MAGNETAR-DEEP-SEEKER-2.0-KIT"},{"@type":"BreadcrumbList","@id":"https:\/\/magnetarmagnets.com\/fi\/shop\/kalastussauvasetti-2-0-1000-kg-terror-allround-360\/#breadcrumb","itemListElement":[{"@type":"ListItem","position":1,"name":"Home","item":"https:\/\/magnetarmagnets.com\/fi\/"},{"@type":"ListItem","position":2,"name":"Verkkokauppa","item":"https:\/\/magnetarmagnets.com\/verkkokauppa\/"},{"@type":"ListItem","position":3,"name":"Kalastusmagneetit","item":"https:\/\/magnetarmagnets.com\/fi\/collections\/kalastusmagneetit\/"},{"@type":"ListItem","position":4,"name":"Allround 360\u00b0 kalastusmagneetit","item":"https:\/\/magnetarmagnets.com\/fi\/collections\/kalastusmagneetit\/allround-360-kalastusmagneetit\/"},{"@type":"ListItem","position":5,"name":"Kalastussauvasetti 2.0 &#8211; 1000 kg &#8211; Terror &#8211; Allround 360\u00b0"}]},{"@type":"WebSite","@id":"https:\/\/magnetarmagnets.com\/fi\/#website","url":"https:\/\/magnetarmagnets.com\/fi\/","name":"Magnet fishing with a Magnetar fishing magnet","description":"Vahvat magneetit magneettikalastukseen\n\n","publisher":{"@id":"https:\/\/magnetarmagnets.com\/fi\/#organization"},"potentialAction":[{"@type":"SearchAction","target":{"@type":"EntryPoint","urlTemplate":"https:\/\/magnetarmagnets.com\/fi\/?s={search_term_string}"},"query-input":{"@type":"PropertyValueSpecification","valueRequired":true,"valueName":"search_term_string"}}],"inLanguage":"fi"},{"@type":"Organization","@id":"https:\/\/magnetarmagnets.com\/fi\/#organization","name":"Magnetar","url":"https:\/\/magnetarmagnets.com\/fi\/","logo":{"@type":"ImageObject","inLanguage":"fi","@id":"https:\/\/magnetarmagnets.com\/fi\/#\/schema\/logo\/image\/","url":"https:\/\/magnetarmagnets.com\/wp-content\/uploads\/2025\/05\/Logo-03_PNG-Black-scaled.png","contentUrl":"https:\/\/magnetarmagnets.com\/wp-content\/uploads\/2025\/05\/Logo-03_PNG-Black-scaled.png","width":2560,"height":1658,"caption":"Magnetar"},"image":{"@id":"https:\/\/magnetarmagnets.com\/fi\/#\/schema\/logo\/image\/"},"sameAs":["https:\/\/www.facebook.com\/fishingmagnets\/","https:\/\/www.instagram.com\/magnetar_magnets\/","https:\/\/www.linkedin.com\/company\/magnetarbv\/?originalSubdomain=nl","https:\/\/www.youtube.com\/c\/MagnetarVismagneet"]}]}},"_links":{"self":[{"href":"https:\/\/magnetarmagnets.com\/fi\/wp-json\/wp\/v2\/product\/85371","targetHints":{"allow":["GET"]}}],"collection":[{"href":"https:\/\/magnetarmagnets.com\/fi\/wp-json\/wp\/v2\/product"}],"about":[{"href":"https:\/\/magnetarmagnets.com\/fi\/wp-json\/wp\/v2\/types\/product"}],"replies":[{"embeddable":true,"href":"https:\/\/magnetarmagnets.com\/fi\/wp-json\/wp\/v2\/comments?post=85371"}],"version-history":[{"count":1,"href":"https:\/\/magnetarmagnets.com\/fi\/wp-json\/wp\/v2\/product\/85371\/revisions"}],"predecessor-version":[{"id":95278,"href":"https:\/\/magnetarmagnets.com\/fi\/wp-json\/wp\/v2\/product\/85371\/revisions\/95278"}],"wp:featuredmedia":[{"embeddable":true,"href":"https:\/\/magnetarmagnets.com\/fi\/wp-json\/wp\/v2\/media\/78882"}],"wp:attachment":[{"href":"https:\/\/magnetarmagnets.com\/fi\/wp-json\/wp\/v2\/media?parent=85371"}],"wp:term":[{"taxonomy":"product_brand","embeddable":true,"href":"https:\/\/magnetarmagnets.com\/fi\/wp-json\/wp\/v2\/product_brand?post=85371"},{"taxonomy":"product_cat","embeddable":true,"href":"https:\/\/magnetarmagnets.com\/fi\/wp-json\/wp\/v2\/product_cat?post=85371"},{"taxonomy":"product_tag","embeddable":true,"href":"https:\/\/magnetarmagnets.com\/fi\/wp-json\/wp\/v2\/product_tag?post=85371"}],"curies":[{"name":"wp","href":"https:\/\/api.w.org\/{rel}","templated":true}]}}