{"id":85370,"date":"2025-06-05T09:54:15","date_gmt":"2025-06-05T07:54:15","guid":{"rendered":"https:\/\/magnetarmagnets.com\/?post_type=product&#038;p=85370"},"modified":"2026-04-04T09:01:22","modified_gmt":"2026-04-04T07:01:22","slug":"kalastussauvasetti-1-0-280-kg-helppo-monipuolinen-360","status":"publish","type":"product","link":"https:\/\/magnetarmagnets.com\/fi\/shop\/kalastussauvasetti-1-0-280-kg-helppo-monipuolinen-360\/","title":{"rendered":"Kalastussauvasetti 1.0 &#8211; 280 kg &#8211; Helppo &#8211; Monipuolinen 360\u00b0"},"content":{"rendered":"<ul>\n  \t<li style=\"font-weight: 400;\"><span style=\"font-weight: 400;\">Erityisen pitk\u00e4 kalastuskeppi: 3 metri\u00e4 (3&#215;1 metri\u00e4)<\/span><\/li>\n  \t<li style=\"font-weight: 400;\"><span style=\"font-weight: 400;\">Nopea kokoaminen ja purku<\/span><\/li>\n  \t<li style=\"font-weight: 400;\"><span style=\"font-weight: 400;\">T\u00e4ysin varusteltu magneettikalastukseen<\/span><\/li>\n  \t<li style=\"font-weight: 400;\"><span style=\"font-weight: 400;\">Alumiininen keppi, joka ei ruostu ja on erityisen kevyt<\/span><\/li>\n  \t<li style=\"font-weight: 400;\"><span style=\"font-weight: 400;\">T\u00e4ydellinen paino 1,3 kg \/ 2,9 lb<\/span><\/li>\n  \t<li style=\"font-weight: 400;\"><span style=\"font-weight: 400;\">Helppo kuljettaa mukana<\/span><\/li>\n  \t<li style=\"font-weight: 400;\"><span style=\"font-weight: 400;\">Mukana s\u00e4ilytyspussi<\/span><\/li>\n  \t<li style=\"font-weight: 400;\"><span style=\"font-weight: 400;\">Naru kiinnikkeet sis\u00e4ltyv\u00e4t<\/span><\/li>\n  \t<li style=\"font-weight: 400;\"><span style=\"font-weight: 400;\">Lis\u00e4alennus paketeista!<\/span><\/li>\n<\/ul>\n<strong>Haluatko k\u00e4ytt\u00e4\u00e4 tehokkaampaa magneettia kalastuskeppisi kanssa? Tutustu kalastuskeppipakettiimme 2!\u00a0<\/strong>\n\n<span style=\"font-weight: 400;\">Haluatko aloittaa magneettikalastuksen ja etsit oikeat varusteet? T\u00e4ss\u00e4 tapauksessa kalastuskeppipaketti on t\u00e4ydellinen valinta! Paketti sis\u00e4lt\u00e4\u00e4 &#8220;Lange Jan&#8221; -kalastuskepin, <a href=\"https:\/\/magnetarmagnets.com\/shop\/easy-magnet\/\">Helppo kalastusmagneetin<\/a>, <a href=\"https:\/\/magnetarmagnets.com\/shop\/gloves-waterproof\/\">Vedenpit\u00e4v\u00e4t hansikkaat<\/a>, <a href=\"https:\/\/magnetarmagnets.com\/shop\/lock-glue-metal\/\">lukitustiivisteen<\/a> ja kalastuskeppien s\u00e4ilytyspussin. &#8220;Lange Jan&#8221; -kepin k\u00e4yt\u00f6ll\u00e4 ulottuvuus mutaan on pidempi kuin narulla, joten syv\u00e4lt\u00e4 mudasta l\u00f6ytyvien esineiden l\u00f6yt\u00e4misen mahdollisuudet kasvavat. Haluatko kalastaa kaiken vedest\u00e4 tai etsit vaihtoehtoja magneettikalastukseen? T\u00e4m\u00e4 on oikea valinta.<\/span>\n\n<strong>Kalastuskeppi magneettikalastukseen?\u00a0<\/strong>\n\n<span style=\"font-weight: 400;\">Olet varmasti tutustunut magneettikalastukseen narun avulla, mutta oletko kuullut magneettikalastuksesta kalastuskeppien kanssa? T\u00e4m\u00e4 on helpompi tapa ulottua esineisiin, jotka ovat syv\u00e4ll\u00e4 mudassa tai ruohikon keskell\u00e4. Narulla kalastavalla magneettimagneetilla et voi koskaan saada esineit\u00e4 metrin syvyydelle mutaan, mutta Magnetar-kalastuskeppi mahdollistaa sen. Haluatko n\u00e4m\u00e4 aarteet pysyv\u00e4n piilossa? Vai haluatko k\u00e4ytt\u00e4\u00e4 kalastuskeppi\u00e4 ja kalastusmagnettia kaikkien aarteiden l\u00f6yt\u00e4miseen?<\/span>\n\nKatso k\u00e4tev\u00e4 <a href=\"https:\/\/www.youtube.com\/watch?v=zK9xbaohgCw\">kalastuskeppien kokoamisohjevideo<\/a>.\n<h2><b>Suojauskuori<\/b><\/h2>\nT\u00e4m\u00e4 pakettiin kuuluva suojauskuori on t\u00e4ydellinen lis\u00e4varuste magneettikalastajille, jotka haluavat suojata neodyymimagneettinsa k\u00e4yt\u00f6n aikana. Kest\u00e4v\u00e4t suojakuoret on suunniteltu sopimaan t\u00e4ydellisesti magneettiin ja tarjoavat ylim\u00e4\u00e4r\u00e4isen suojakerroksen naarmuja, murtumia ja muita vaurioita vastaan. Suojakuoret ovat kest\u00e4vi\u00e4 ja kest\u00e4v\u00e4t kovimmatkin olosuhteet. Takuu suojauskuorille tehd\u00e4\u00e4n ruostumattomasta ter\u00e4ksest\u00e4, joka varmistaa magneettisi pysyv\u00e4n magneettisena 360\u00b0. Suojakuorien avulla voit nauttia magneettikalastuksesta ilman huolta arvokkaan kalastusmagneettisi vahingoittumisesta.\n\n(Huomaa, ett\u00e4 magneetin pohja ei ole suojattu kuorella)","protected":false},"excerpt":{"rendered":"<p>Haluatko tehd\u00e4 magneettikalastusta <strong>tarkasti<\/strong>? Voit tehd\u00e4 sen <strong>Kalastussauvasetin 1.0<\/strong> avulla! <strong>Yhdist\u00e4<\/strong> monipuolinen 360\u00b0 Helppo kalastusmagneetti Magnetar Magneettisauvan kanssa.<\/p>\n","protected":false},"featured_media":80450,"comment_status":"open","ping_status":"closed","template":"","meta":{"_acf_changed":false,"inline_featured_image":false},"product_brand":[],"product_cat":[717,724,712,719,725],"product_tag":[],"class_list":{"0":"post-85370","1":"product","2":"type-product","3":"status-publish","4":"has-post-thumbnail","6":"product_cat-allround-360-kalastusmagneetit","7":"product_cat-aloittelijat-ja-lapset","8":"product_cat-kalastusmagneetit","9":"product_cat-kalastusmagneettipaketti","10":"product_cat-kokeneet-seikkailijat","12":"first","13":"instock","14":"sale","15":"taxable","16":"shipping-taxable","17":"purchasable","18":"product-type-simple"},"acf":[],"yoast_head":"<!-- This site is optimized with the Yoast SEO plugin v27.3 - https:\/\/yoast.com\/product\/yoast-seo-wordpress\/ -->\n<title>Kalastussauvasetti 1.0 - 280 kg - Helppo - Monipuolinen 360\u00b0 - Magnet fishing with a Magnetar fishing magnet<\/title>\n<meta name=\"description\" content=\"Kalastussauvasetti 1.0 - 280 Kg Helppo - Magnetar\" \/>\n<meta name=\"robots\" content=\"index, follow, max-snippet:-1, max-image-preview:large, max-video-preview:-1\" \/>\n<link rel=\"canonical\" href=\"https:\/\/magnetarmagnets.com\/fi\/shop\/kalastussauvasetti-1-0-280-kg-helppo-monipuolinen-360\/\" \/>\n<meta property=\"og:locale\" content=\"fi_FI\" \/>\n<meta property=\"og:type\" content=\"article\" \/>\n<meta property=\"og:title\" content=\"Kalastussauvasetti 1.0 - 280 kg - Helppo - Monipuolinen 360\u00b0 - Magnet fishing with a Magnetar fishing magnet\" \/>\n<meta property=\"og:description\" content=\"Kalastussauvasetti 1.0 - 280 Kg Helppo - Magnetar\" \/>\n<meta property=\"og:url\" content=\"https:\/\/magnetarmagnets.com\/fi\/shop\/kalastussauvasetti-1-0-280-kg-helppo-monipuolinen-360\/\" \/>\n<meta property=\"og:site_name\" content=\"Magnet fishing with a Magnetar fishing magnet\" \/>\n<meta property=\"article:publisher\" content=\"https:\/\/www.facebook.com\/fishingmagnets\/\" \/>\n<meta property=\"article:modified_time\" content=\"2026-04-04T07:01:22+00:00\" \/>\n<meta property=\"og:image\" content=\"https:\/\/magnetarmagnets.com\/wp-content\/uploads\/2019\/06\/deep-seeker-package-1.jpg\" \/>\n\t<meta property=\"og:image:width\" content=\"1500\" \/>\n\t<meta property=\"og:image:height\" content=\"1500\" \/>\n\t<meta property=\"og:image:type\" content=\"image\/jpeg\" \/>\n<meta name=\"twitter:card\" content=\"summary_large_image\" \/>\n<meta name=\"twitter:label1\" content=\"Arvioitu lukuaika\" \/>\n\t<meta name=\"twitter:data1\" content=\"2 minuuttia\" \/>\n<script type=\"application\/ld+json\" class=\"yoast-schema-graph\">{\"@context\":\"https:\\\/\\\/schema.org\",\"@graph\":[{\"@type\":[\"WebPage\",\"ItemPage\"],\"@id\":\"https:\\\/\\\/magnetarmagnets.com\\\/fi\\\/shop\\\/kalastussauvasetti-1-0-280-kg-helppo-monipuolinen-360\\\/\",\"url\":\"https:\\\/\\\/magnetarmagnets.com\\\/fi\\\/shop\\\/kalastussauvasetti-1-0-280-kg-helppo-monipuolinen-360\\\/\",\"name\":\"Kalastussauvasetti 1.0 - 280 kg - Helppo - Monipuolinen 360\u00b0 - Magnet fishing with a Magnetar fishing magnet\",\"isPartOf\":{\"@id\":\"https:\\\/\\\/magnetarmagnets.com\\\/fi\\\/#website\"},\"primaryImageOfPage\":{\"@id\":\"https:\\\/\\\/magnetarmagnets.com\\\/fi\\\/shop\\\/kalastussauvasetti-1-0-280-kg-helppo-monipuolinen-360\\\/#primaryimage\"},\"image\":{\"@id\":\"https:\\\/\\\/magnetarmagnets.com\\\/fi\\\/shop\\\/kalastussauvasetti-1-0-280-kg-helppo-monipuolinen-360\\\/#primaryimage\"},\"thumbnailUrl\":\"https:\\\/\\\/magnetarmagnets.com\\\/wp-content\\\/uploads\\\/2019\\\/06\\\/deep-seeker-package-1.jpg\",\"datePublished\":\"2025-06-05T07:54:15+00:00\",\"dateModified\":\"2026-04-04T07:01:22+00:00\",\"description\":\"Kalastussauvasetti 1.0 - 280 Kg Helppo - Magnetar\",\"breadcrumb\":{\"@id\":\"https:\\\/\\\/magnetarmagnets.com\\\/fi\\\/shop\\\/kalastussauvasetti-1-0-280-kg-helppo-monipuolinen-360\\\/#breadcrumb\"},\"inLanguage\":\"fi\",\"potentialAction\":[{\"@type\":\"ReadAction\",\"target\":[\"https:\\\/\\\/magnetarmagnets.com\\\/fi\\\/shop\\\/kalastussauvasetti-1-0-280-kg-helppo-monipuolinen-360\\\/\"]}]},{\"@type\":\"ImageObject\",\"inLanguage\":\"fi\",\"@id\":\"https:\\\/\\\/magnetarmagnets.com\\\/fi\\\/shop\\\/kalastussauvasetti-1-0-280-kg-helppo-monipuolinen-360\\\/#primaryimage\",\"url\":\"https:\\\/\\\/magnetarmagnets.com\\\/wp-content\\\/uploads\\\/2019\\\/06\\\/deep-seeker-package-1.jpg\",\"contentUrl\":\"https:\\\/\\\/magnetarmagnets.com\\\/wp-content\\\/uploads\\\/2019\\\/06\\\/deep-seeker-package-1.jpg\",\"width\":1500,\"height\":1500,\"caption\":\"The best fishing magnet set for precise magnet fishing.\"},{\"@type\":\"BreadcrumbList\",\"@id\":\"https:\\\/\\\/magnetarmagnets.com\\\/fi\\\/shop\\\/kalastussauvasetti-1-0-280-kg-helppo-monipuolinen-360\\\/#breadcrumb\",\"itemListElement\":[{\"@type\":\"ListItem\",\"position\":1,\"name\":\"Home\",\"item\":\"https:\\\/\\\/magnetarmagnets.com\\\/fi\\\/\"},{\"@type\":\"ListItem\",\"position\":2,\"name\":\"Verkkokauppa\",\"item\":\"https:\\\/\\\/magnetarmagnets.com\\\/verkkokauppa\\\/\"},{\"@type\":\"ListItem\",\"position\":3,\"name\":\"Kalastusmagneetit\",\"item\":\"https:\\\/\\\/magnetarmagnets.com\\\/fi\\\/collections\\\/kalastusmagneetit\\\/\"},{\"@type\":\"ListItem\",\"position\":4,\"name\":\"Allround 360\u00b0 kalastusmagneetit\",\"item\":\"https:\\\/\\\/magnetarmagnets.com\\\/fi\\\/collections\\\/kalastusmagneetit\\\/allround-360-kalastusmagneetit\\\/\"},{\"@type\":\"ListItem\",\"position\":5,\"name\":\"Kalastussauvasetti 1.0 &#8211; 280 kg &#8211; Helppo &#8211; Monipuolinen 360\u00b0\"}]},{\"@type\":\"WebSite\",\"@id\":\"https:\\\/\\\/magnetarmagnets.com\\\/fi\\\/#website\",\"url\":\"https:\\\/\\\/magnetarmagnets.com\\\/fi\\\/\",\"name\":\"Magnet fishing with a Magnetar fishing magnet\",\"description\":\"Vahvat magneetit magneettikalastukseen\\n\\n\",\"publisher\":{\"@id\":\"https:\\\/\\\/magnetarmagnets.com\\\/fi\\\/#organization\"},\"potentialAction\":[{\"@type\":\"SearchAction\",\"target\":{\"@type\":\"EntryPoint\",\"urlTemplate\":\"https:\\\/\\\/magnetarmagnets.com\\\/fi\\\/?s={search_term_string}\"},\"query-input\":{\"@type\":\"PropertyValueSpecification\",\"valueRequired\":true,\"valueName\":\"search_term_string\"}}],\"inLanguage\":\"fi\"},{\"@type\":\"Organization\",\"@id\":\"https:\\\/\\\/magnetarmagnets.com\\\/fi\\\/#organization\",\"name\":\"Magnetar\",\"url\":\"https:\\\/\\\/magnetarmagnets.com\\\/fi\\\/\",\"logo\":{\"@type\":\"ImageObject\",\"inLanguage\":\"fi\",\"@id\":\"https:\\\/\\\/magnetarmagnets.com\\\/fi\\\/#\\\/schema\\\/logo\\\/image\\\/\",\"url\":\"https:\\\/\\\/magnetarmagnets.com\\\/wp-content\\\/uploads\\\/2025\\\/05\\\/Logo-03_PNG-Black-scaled.png\",\"contentUrl\":\"https:\\\/\\\/magnetarmagnets.com\\\/wp-content\\\/uploads\\\/2025\\\/05\\\/Logo-03_PNG-Black-scaled.png\",\"width\":2560,\"height\":1658,\"caption\":\"Magnetar\"},\"image\":{\"@id\":\"https:\\\/\\\/magnetarmagnets.com\\\/fi\\\/#\\\/schema\\\/logo\\\/image\\\/\"},\"sameAs\":[\"https:\\\/\\\/www.facebook.com\\\/fishingmagnets\\\/\",\"https:\\\/\\\/www.instagram.com\\\/magnetar_magnets\\\/\",\"https:\\\/\\\/www.linkedin.com\\\/company\\\/magnetarbv\\\/?originalSubdomain=nl\",\"https:\\\/\\\/www.youtube.com\\\/c\\\/MagnetarVismagneet\"]}]}<\/script>\n<!-- \/ Yoast SEO plugin. -->","yoast_head_json":{"title":"Kalastussauvasetti 1.0 - 280 kg - Helppo - Monipuolinen 360\u00b0 - Magnet fishing with a Magnetar fishing magnet","description":"Kalastussauvasetti 1.0 - 280 Kg Helppo - Magnetar","robots":{"index":"index","follow":"follow","max-snippet":"max-snippet:-1","max-image-preview":"max-image-preview:large","max-video-preview":"max-video-preview:-1"},"canonical":"https:\/\/magnetarmagnets.com\/fi\/shop\/kalastussauvasetti-1-0-280-kg-helppo-monipuolinen-360\/","og_locale":"fi_FI","og_type":"article","og_title":"Kalastussauvasetti 1.0 - 280 kg - Helppo - Monipuolinen 360\u00b0 - Magnet fishing with a Magnetar fishing magnet","og_description":"Kalastussauvasetti 1.0 - 280 Kg Helppo - Magnetar","og_url":"https:\/\/magnetarmagnets.com\/fi\/shop\/kalastussauvasetti-1-0-280-kg-helppo-monipuolinen-360\/","og_site_name":"Magnet fishing with a Magnetar fishing magnet","article_publisher":"https:\/\/www.facebook.com\/fishingmagnets\/","article_modified_time":"2026-04-04T07:01:22+00:00","og_image":[{"width":1500,"height":1500,"url":"https:\/\/magnetarmagnets.com\/wp-content\/uploads\/2019\/06\/deep-seeker-package-1.jpg","type":"image\/jpeg"}],"twitter_card":"summary_large_image","twitter_misc":{"Arvioitu lukuaika":"2 minuuttia"},"schema":{"@context":"https:\/\/schema.org","@graph":[{"@type":["WebPage","ItemPage"],"@id":"https:\/\/magnetarmagnets.com\/fi\/shop\/kalastussauvasetti-1-0-280-kg-helppo-monipuolinen-360\/","url":"https:\/\/magnetarmagnets.com\/fi\/shop\/kalastussauvasetti-1-0-280-kg-helppo-monipuolinen-360\/","name":"Kalastussauvasetti 1.0 - 280 kg - Helppo - Monipuolinen 360\u00b0 - Magnet fishing with a Magnetar fishing magnet","isPartOf":{"@id":"https:\/\/magnetarmagnets.com\/fi\/#website"},"primaryImageOfPage":{"@id":"https:\/\/magnetarmagnets.com\/fi\/shop\/kalastussauvasetti-1-0-280-kg-helppo-monipuolinen-360\/#primaryimage"},"image":{"@id":"https:\/\/magnetarmagnets.com\/fi\/shop\/kalastussauvasetti-1-0-280-kg-helppo-monipuolinen-360\/#primaryimage"},"thumbnailUrl":"https:\/\/magnetarmagnets.com\/wp-content\/uploads\/2019\/06\/deep-seeker-package-1.jpg","datePublished":"2025-06-05T07:54:15+00:00","dateModified":"2026-04-04T07:01:22+00:00","description":"Kalastussauvasetti 1.0 - 280 Kg Helppo - Magnetar","breadcrumb":{"@id":"https:\/\/magnetarmagnets.com\/fi\/shop\/kalastussauvasetti-1-0-280-kg-helppo-monipuolinen-360\/#breadcrumb"},"inLanguage":"fi","potentialAction":[{"@type":"ReadAction","target":["https:\/\/magnetarmagnets.com\/fi\/shop\/kalastussauvasetti-1-0-280-kg-helppo-monipuolinen-360\/"]}]},{"@type":"ImageObject","inLanguage":"fi","@id":"https:\/\/magnetarmagnets.com\/fi\/shop\/kalastussauvasetti-1-0-280-kg-helppo-monipuolinen-360\/#primaryimage","url":"https:\/\/magnetarmagnets.com\/wp-content\/uploads\/2019\/06\/deep-seeker-package-1.jpg","contentUrl":"https:\/\/magnetarmagnets.com\/wp-content\/uploads\/2019\/06\/deep-seeker-package-1.jpg","width":1500,"height":1500,"caption":"The best fishing magnet set for precise magnet fishing."},{"@type":"BreadcrumbList","@id":"https:\/\/magnetarmagnets.com\/fi\/shop\/kalastussauvasetti-1-0-280-kg-helppo-monipuolinen-360\/#breadcrumb","itemListElement":[{"@type":"ListItem","position":1,"name":"Home","item":"https:\/\/magnetarmagnets.com\/fi\/"},{"@type":"ListItem","position":2,"name":"Verkkokauppa","item":"https:\/\/magnetarmagnets.com\/verkkokauppa\/"},{"@type":"ListItem","position":3,"name":"Kalastusmagneetit","item":"https:\/\/magnetarmagnets.com\/fi\/collections\/kalastusmagneetit\/"},{"@type":"ListItem","position":4,"name":"Allround 360\u00b0 kalastusmagneetit","item":"https:\/\/magnetarmagnets.com\/fi\/collections\/kalastusmagneetit\/allround-360-kalastusmagneetit\/"},{"@type":"ListItem","position":5,"name":"Kalastussauvasetti 1.0 &#8211; 280 kg &#8211; Helppo &#8211; Monipuolinen 360\u00b0"}]},{"@type":"WebSite","@id":"https:\/\/magnetarmagnets.com\/fi\/#website","url":"https:\/\/magnetarmagnets.com\/fi\/","name":"Magnet fishing with a Magnetar fishing magnet","description":"Vahvat magneetit magneettikalastukseen\n\n","publisher":{"@id":"https:\/\/magnetarmagnets.com\/fi\/#organization"},"potentialAction":[{"@type":"SearchAction","target":{"@type":"EntryPoint","urlTemplate":"https:\/\/magnetarmagnets.com\/fi\/?s={search_term_string}"},"query-input":{"@type":"PropertyValueSpecification","valueRequired":true,"valueName":"search_term_string"}}],"inLanguage":"fi"},{"@type":"Organization","@id":"https:\/\/magnetarmagnets.com\/fi\/#organization","name":"Magnetar","url":"https:\/\/magnetarmagnets.com\/fi\/","logo":{"@type":"ImageObject","inLanguage":"fi","@id":"https:\/\/magnetarmagnets.com\/fi\/#\/schema\/logo\/image\/","url":"https:\/\/magnetarmagnets.com\/wp-content\/uploads\/2025\/05\/Logo-03_PNG-Black-scaled.png","contentUrl":"https:\/\/magnetarmagnets.com\/wp-content\/uploads\/2025\/05\/Logo-03_PNG-Black-scaled.png","width":2560,"height":1658,"caption":"Magnetar"},"image":{"@id":"https:\/\/magnetarmagnets.com\/fi\/#\/schema\/logo\/image\/"},"sameAs":["https:\/\/www.facebook.com\/fishingmagnets\/","https:\/\/www.instagram.com\/magnetar_magnets\/","https:\/\/www.linkedin.com\/company\/magnetarbv\/?originalSubdomain=nl","https:\/\/www.youtube.com\/c\/MagnetarVismagneet"]}]}},"_links":{"self":[{"href":"https:\/\/magnetarmagnets.com\/fi\/wp-json\/wp\/v2\/product\/85370","targetHints":{"allow":["GET"]}}],"collection":[{"href":"https:\/\/magnetarmagnets.com\/fi\/wp-json\/wp\/v2\/product"}],"about":[{"href":"https:\/\/magnetarmagnets.com\/fi\/wp-json\/wp\/v2\/types\/product"}],"replies":[{"embeddable":true,"href":"https:\/\/magnetarmagnets.com\/fi\/wp-json\/wp\/v2\/comments?post=85370"}],"version-history":[{"count":0,"href":"https:\/\/magnetarmagnets.com\/fi\/wp-json\/wp\/v2\/product\/85370\/revisions"}],"wp:featuredmedia":[{"embeddable":true,"href":"https:\/\/magnetarmagnets.com\/fi\/wp-json\/wp\/v2\/media\/80450"}],"wp:attachment":[{"href":"https:\/\/magnetarmagnets.com\/fi\/wp-json\/wp\/v2\/media?parent=85370"}],"wp:term":[{"taxonomy":"product_brand","embeddable":true,"href":"https:\/\/magnetarmagnets.com\/fi\/wp-json\/wp\/v2\/product_brand?post=85370"},{"taxonomy":"product_cat","embeddable":true,"href":"https:\/\/magnetarmagnets.com\/fi\/wp-json\/wp\/v2\/product_cat?post=85370"},{"taxonomy":"product_tag","embeddable":true,"href":"https:\/\/magnetarmagnets.com\/fi\/wp-json\/wp\/v2\/product_tag?post=85370"}],"curies":[{"name":"wp","href":"https:\/\/api.w.org\/{rel}","templated":true}]}}