{"id":85365,"date":"2025-06-05T09:54:37","date_gmt":"2025-06-05T07:54:37","guid":{"rendered":"https:\/\/magnetarmagnets.com\/?post_type=product&#038;p=85365"},"modified":"2026-04-03T06:05:31","modified_gmt":"2026-04-03T04:05:31","slug":"warrior-paketti-kaksi-magneettia-terror-beast-allround-360","status":"publish","type":"product","link":"https:\/\/magnetarmagnets.com\/fi\/shop\/warrior-paketti-kaksi-magneettia-terror-beast-allround-360\/","title":{"rendered":"Warrior-paketti &#8211; Kaksi magneettia Terror + Beast &#8211; Allround 360\u00b0"},"content":{"rendered":"<b>VAROITUS!<\/b> T\u00e4m\u00e4 paketti sis\u00e4lt\u00e4\u00e4 eritt\u00e4in vahvoja magneetteja. On <b>eritt\u00e4in t\u00e4rke\u00e4\u00e4<\/b>, ett\u00e4 pid\u00e4t aina 1 metrin et\u00e4isyyden n\u00e4iden magneettien v\u00e4lill\u00e4. Muuten se voi aiheuttaa hyvin vaarallisia tilanteita.\n\n\n\n<span style=\"font-weight: 400;\">Warrior-paketti<\/span> on varustettu vahvimmilla magneeteilla, joita l\u00f6yd\u00e4t, <a href=\"https:\/\/magnetarmagnets.com\/shop\/exclusive-terror-magnet\/\" target=\"_blank\" rel=\"noopener\">Terror<\/a>&#8211; ja <a href=\"https:\/\/magnetarmagnets.com\/shop\/beast-magnet\/\" target=\"_blank\" rel=\"noopener\">Beast<\/a>-kalastusmagneeteilla! N\u00e4m\u00e4 kaksi tehopakettia vakuuttavat sinut niiden ymp\u00e4ris\u00e4teilev\u00e4ll\u00e4 magneettivetoisuudella. T\u00e4m\u00e4 paketti on suunnattu edistyneille magneettikalastajille, jotka haluavat kalastaa magneetilla mahdollisimman suurilla l\u00f6yd\u00f6ksill\u00e4. Paketti sis\u00e4lt\u00e4\u00e4 my\u00f6s lukitusliimaa, 2 kpl 10 mm k\u00f6ytt\u00e4, 2 paria vedenpit\u00e4vi\u00e4 hansikkaita sek\u00e4 suojakotelot molemmille magneeteille. Haluatko olla oikea soturi magneettikalastuksessa? Osta t\u00e4m\u00e4 paketti nopeasti ja saat ylim\u00e4\u00e4r\u00e4isen alennuksen.\n\n<h2><b>Oletko valmis kokeilemaan Beast- ja Terror-magneetteja?<\/b><\/h2>\n\nMagneettien nimi kertoo kaiken, n\u00e4m\u00e4 magneetit ovat \u00e4\u00e4rimm\u00e4isi\u00e4! Terror-magneetti tarjoaa eritt\u00e4in pitk\u00e4lle ulottuvan magneettivedon jopa 1000 kg. Beast-kalastusmagneetilla on 360\u00b0 magneettivetoisuus, joka on 1400 kg. Esineet tarttuvat n\u00e4ihin magneetteihin kaikilta puolilta vedess\u00e4 miss\u00e4 tahansa olosuhteissa (mutainen, lieju, virtaus, kivinen), eik\u00e4 se helposti tartu kiviin. Suunniteltu edistyneille magneettikalastajille, n\u00e4iden magneettien kanssa tulee olla erityisen varovainen.\n\n<h2><b>Magneetin evoluutio<\/b><\/h2>\n\nMonilla magneeteilla on vetovoima vain yhdell\u00e4 puolella. T\u00e4m\u00e4 yksipuolinen magneetti on klassinen kalastusmagneetti. Magnetar oli ensimm\u00e4inen yritys, joka kehitti t\u00e4m\u00e4n klassikon kaksipuoliseksi magneettiksi. Vuonna 2016 Magnetar kehitti monipuolisen 360\u00b0 kalastusmagneetin. EU:n magneettikalastajat ovat siit\u00e4 l\u00e4htien suosineet 100 % neodyymimagneettejamme, tehden meist\u00e4 Euroopan markkinajohtajan. Magneettimme ovat korkealaatuisia ja suunniteltu pieness\u00e4 tiimiss\u00e4 magneettikalastusintoilijoita. Asiakkaamme palaavat yh\u00e4 uudelleen tiet\u00e4en, ett\u00e4 Magnetarilta saa enemm\u00e4n kuin magneetin \u2013 he l\u00f6yt\u00e4v\u00e4t aarteita.\n\n<h2><strong>Voimakas 360\u00b0 vetovoima<\/strong><\/h2>\n\nBeast-magneetti on yksi vahvimmista magneeteista, joita tarjoamme, ja sen vetovoima on jopa 1400 kg. Beastin vetovoima on voimakas ja se houkuttelee esineit\u00e4 koko ymp\u00e4r\u00f6iv\u00e4lt\u00e4 alueelta, toisin kuin yksipuolinen magneetti, joka on ter\u00e4skotelossa ja vetovoima suuntautuu vain yhteen suuntaan. Kiinnostaako vetovoiman mittaaminen?\u00a0<a href=\"https:\/\/www.youtube.com\/watch?v=2McW3RURDxs\" target=\"_blank\" rel=\"noopener\">Katso videomme vetovoimamittauksista<\/a>.\n\n<h2><b>Korkea laatu<\/b><\/h2>\n\n<a href=\"https:\/\/magnetarmagnets.com\/\" target=\"_blank\" rel=\"noopener\">Kalastusmagneettimme<\/a> on valmistettu 100 % neodyymist\u00e4. Magnetar-magneetit s\u00e4ilytt\u00e4v\u00e4t magneettisen vetovoimansa vuosikymmeni\u00e4, menett\u00e4en vain 1 % joka 100 vuosi (oikealla s\u00e4ilytyksell\u00e4 ja huollolla).\n\n\n\nUseimmat muut magneettimyyj\u00e4t menett\u00e4v\u00e4t vetovoimansa jo muutamassa viikossa. Viime vuosina olemme huomanneet markkinoille tulleen yh\u00e4 enemm\u00e4n huonolaatuisia magneetteja: isompia magneetteja, joilla on heikompi vetovoima, huonolaatuista neodyymi\u00e4, v\u00e4\u00e4r\u00e4\u00e4 mainontaa. Kun ostat t\u00e4llaisen magneetin halvalla tai suuren yrityksen kautta, pettymykset ovat v\u00e4ist\u00e4m\u00e4tt\u00f6mi\u00e4, vaikka s\u00e4\u00e4st\u00e4isitkin hieman rahaa.\n\n\n\nMagnetar on pieni perheyritys, joka asettaa laadun etusijalle kaikessa tekemisess\u00e4\u00e4n. Olemme innokkaita magneettikalastajia, ja kaikki magneettimme on suunniteltu ja valmistettu tiimimme toimesta, jotta saat parhaan vastineen rahallesi (tai magneettisi aarteille). Jos haluat luotettavan, tehokkaan ja <a href=\"https:\/\/magnetarmagnets.com\/strong-fishing-magnets\/\" target=\"_blank\" rel=\"noopener\">vahvan kalastusmagneetin<\/a>, olet tullut oikeaan paikkaan. Otamme mielell\u00e4mme vastaan kysymyksi\u00e4, <a href=\"mailto:info@magnetarmagnets.com\">ota yhteytt\u00e4 t\u00e4st\u00e4<\/a>.\n\n<h2><b>Suojauskotelo<\/b><\/h2>\n\nT\u00e4h\u00e4n pakettiin sis\u00e4ltyv\u00e4 suojakotelo on t\u00e4ydellinen varuste magneettikalastajille, jotka haluavat suojata neodyymimagneettinsa k\u00e4yt\u00f6n aikana. N\u00e4m\u00e4 kest\u00e4v\u00e4t kotelot on suunniteltu sopimaan t\u00e4ydellisesti magneettiin ja tarjoamaan ylim\u00e4\u00e4r\u00e4isen suojakerroksen naarmuja, halkeamia ja muita vaurioita vastaan. Suojakotelomme ovat kest\u00e4vi\u00e4 ja kest\u00e4v\u00e4t kovimmatkin olosuhteet. Suojakotelo on valmistettu ruostumattomasta ter\u00e4ksest\u00e4. T\u00e4m\u00e4 takaa, ett\u00e4 magneettisi pysyy magneettisena 360\u00b0. Suojakoteloidemme avulla voit nauttia magneettikalastuksesta ilman huolta arvokkaan magneettisi vahingoittumisesta.\n\n\n\n(Huomaa, ett\u00e4 magneetin pohja ei ole suojattu kotelolla)\n\n<h2><b>K\u00e4yt\u00e4 varoen<\/b><\/h2>\n\nNeodyymimagneettimme ovat eritt\u00e4in voimakkaita ja ne voivat vet\u00e4yty\u00e4 rautaisiin esineisiin suurella nopeudella l\u00e4heisyydess\u00e4. Vahvempien magneettien, kuten 360\u00b0 monipuolisen magneetin, kanssa on mahdollista, ett\u00e4 sormesi j\u00e4\u00e4v\u00e4t v\u00e4liin magneetin ja muiden esineiden v\u00e4liin. K\u00e4sittele magneetteja varoen ja k\u00e4yt\u00e4 niit\u00e4 omalla vastuulla. Lue aina turvallisuusohjeemme ennen k\u00e4ytt\u00f6\u00e4.\n\n\n\n* Lapset saavat k\u00e4ytt\u00e4\u00e4 magneetteja vain vanhempien valvonnassa.\n\n\n\n\u00c4l\u00e4 unohda tutustua <a href=\"https:\/\/magnetarmagnets.com\/magnet-fishing-kit\/\" target=\"_blank\" rel=\"noopener\">magneettikalastussetteihimme<\/a> ja <a href=\"https:\/\/magnetarmagnets.com\/accessories\/\" target=\"_blank\" rel=\"noopener\">magneettikalastusvarusteisiin<\/a>.","protected":false},"excerpt":{"rendered":"<p><span style=\"font-weight: 400;\">Mene <strong>isosti<\/strong> ja <strong>voimakkaasti<\/strong> kahdella \u00e4\u00e4rimm\u00e4isen vahvalla, monipuolisella kalastusmagneetilla, <strong>Terror<\/strong> ja <strong>Beast<\/strong>, yhdess\u00e4 paketissa.<\/span><\/p>\n","protected":false},"featured_media":78914,"comment_status":"open","ping_status":"closed","template":"","meta":{"_acf_changed":false,"inline_featured_image":false},"product_brand":[],"product_cat":[717,726,712,719],"product_tag":[],"class_list":{"0":"post-85365","1":"product","2":"type-product","3":"status-publish","4":"has-post-thumbnail","6":"product_cat-allround-360-kalastusmagneetit","7":"product_cat-ammattilaiset","8":"product_cat-kalastusmagneetit","9":"product_cat-kalastusmagneettipaketti","11":"first","12":"instock","13":"sale","14":"taxable","15":"shipping-taxable","16":"purchasable","17":"product-type-simple"},"acf":[],"yoast_head":"<!-- This site is optimized with the Yoast SEO plugin v27.3 - https:\/\/yoast.com\/product\/yoast-seo-wordpress\/ -->\n<title>Warrior-paketti - Kaksi magneettia Terror + Beast - Allround 360\u00b0 - Magnet fishing with a Magnetar fishing magnet<\/title>\n<meta name=\"description\" content=\"Warrior-paketti - Kaksi magneettia: Terror + Beast - Magnetar\" \/>\n<meta name=\"robots\" content=\"index, follow, max-snippet:-1, max-image-preview:large, max-video-preview:-1\" \/>\n<link rel=\"canonical\" href=\"https:\/\/magnetarmagnets.com\/fi\/shop\/warrior-paketti-kaksi-magneettia-terror-beast-allround-360\/\" \/>\n<meta property=\"og:locale\" content=\"fi_FI\" \/>\n<meta property=\"og:type\" content=\"article\" \/>\n<meta property=\"og:title\" content=\"Warrior-paketti - Kaksi magneettia Terror + Beast - Allround 360\u00b0 - Magnet fishing with a Magnetar fishing magnet\" \/>\n<meta property=\"og:description\" content=\"Warrior-paketti - Kaksi magneettia: Terror + Beast - Magnetar\" \/>\n<meta property=\"og:url\" content=\"https:\/\/magnetarmagnets.com\/fi\/shop\/warrior-paketti-kaksi-magneettia-terror-beast-allround-360\/\" \/>\n<meta property=\"og:site_name\" content=\"Magnet fishing with a Magnetar fishing magnet\" \/>\n<meta property=\"article:publisher\" content=\"https:\/\/www.facebook.com\/fishingmagnets\/\" \/>\n<meta property=\"article:modified_time\" content=\"2026-04-03T04:05:31+00:00\" \/>\n<meta property=\"og:image\" content=\"https:\/\/magnetarmagnets.com\/wp-content\/uploads\/2021\/10\/MAGNETAR-WARRIOR-KIT-GOOGLE.jpg\" \/>\n\t<meta property=\"og:image:width\" content=\"1500\" \/>\n\t<meta property=\"og:image:height\" content=\"1500\" \/>\n\t<meta property=\"og:image:type\" content=\"image\/jpeg\" \/>\n<meta name=\"twitter:card\" content=\"summary_large_image\" \/>\n<meta name=\"twitter:label1\" content=\"Arvioitu lukuaika\" \/>\n\t<meta name=\"twitter:data1\" content=\"4 minuuttia\" \/>\n<script type=\"application\/ld+json\" class=\"yoast-schema-graph\">{\"@context\":\"https:\\\/\\\/schema.org\",\"@graph\":[{\"@type\":[\"WebPage\",\"ItemPage\"],\"@id\":\"https:\\\/\\\/magnetarmagnets.com\\\/fi\\\/shop\\\/warrior-paketti-kaksi-magneettia-terror-beast-allround-360\\\/\",\"url\":\"https:\\\/\\\/magnetarmagnets.com\\\/fi\\\/shop\\\/warrior-paketti-kaksi-magneettia-terror-beast-allround-360\\\/\",\"name\":\"Warrior-paketti - Kaksi magneettia Terror + Beast - Allround 360\u00b0 - Magnet fishing with a Magnetar fishing magnet\",\"isPartOf\":{\"@id\":\"https:\\\/\\\/magnetarmagnets.com\\\/fi\\\/#website\"},\"primaryImageOfPage\":{\"@id\":\"https:\\\/\\\/magnetarmagnets.com\\\/fi\\\/shop\\\/warrior-paketti-kaksi-magneettia-terror-beast-allround-360\\\/#primaryimage\"},\"image\":{\"@id\":\"https:\\\/\\\/magnetarmagnets.com\\\/fi\\\/shop\\\/warrior-paketti-kaksi-magneettia-terror-beast-allround-360\\\/#primaryimage\"},\"thumbnailUrl\":\"https:\\\/\\\/magnetarmagnets.com\\\/wp-content\\\/uploads\\\/2021\\\/10\\\/MAGNETAR-WARRIOR-KIT-GOOGLE.jpg\",\"datePublished\":\"2025-06-05T07:54:37+00:00\",\"dateModified\":\"2026-04-03T04:05:31+00:00\",\"description\":\"Warrior-paketti - Kaksi magneettia: Terror + Beast - Magnetar\",\"breadcrumb\":{\"@id\":\"https:\\\/\\\/magnetarmagnets.com\\\/fi\\\/shop\\\/warrior-paketti-kaksi-magneettia-terror-beast-allround-360\\\/#breadcrumb\"},\"inLanguage\":\"fi\",\"potentialAction\":[{\"@type\":\"ReadAction\",\"target\":[\"https:\\\/\\\/magnetarmagnets.com\\\/fi\\\/shop\\\/warrior-paketti-kaksi-magneettia-terror-beast-allround-360\\\/\"]}]},{\"@type\":\"ImageObject\",\"inLanguage\":\"fi\",\"@id\":\"https:\\\/\\\/magnetarmagnets.com\\\/fi\\\/shop\\\/warrior-paketti-kaksi-magneettia-terror-beast-allround-360\\\/#primaryimage\",\"url\":\"https:\\\/\\\/magnetarmagnets.com\\\/wp-content\\\/uploads\\\/2021\\\/10\\\/MAGNETAR-WARRIOR-KIT-GOOGLE.jpg\",\"contentUrl\":\"https:\\\/\\\/magnetarmagnets.com\\\/wp-content\\\/uploads\\\/2021\\\/10\\\/MAGNETAR-WARRIOR-KIT-GOOGLE.jpg\",\"width\":1500,\"height\":1500,\"caption\":\"MAGNETAR-WARRIOR-KIT\"},{\"@type\":\"BreadcrumbList\",\"@id\":\"https:\\\/\\\/magnetarmagnets.com\\\/fi\\\/shop\\\/warrior-paketti-kaksi-magneettia-terror-beast-allround-360\\\/#breadcrumb\",\"itemListElement\":[{\"@type\":\"ListItem\",\"position\":1,\"name\":\"Home\",\"item\":\"https:\\\/\\\/magnetarmagnets.com\\\/fi\\\/\"},{\"@type\":\"ListItem\",\"position\":2,\"name\":\"Verkkokauppa\",\"item\":\"https:\\\/\\\/magnetarmagnets.com\\\/verkkokauppa\\\/\"},{\"@type\":\"ListItem\",\"position\":3,\"name\":\"Kalastusmagneetit\",\"item\":\"https:\\\/\\\/magnetarmagnets.com\\\/fi\\\/collections\\\/kalastusmagneetit\\\/\"},{\"@type\":\"ListItem\",\"position\":4,\"name\":\"Allround 360\u00b0 kalastusmagneetit\",\"item\":\"https:\\\/\\\/magnetarmagnets.com\\\/fi\\\/collections\\\/kalastusmagneetit\\\/allround-360-kalastusmagneetit\\\/\"},{\"@type\":\"ListItem\",\"position\":5,\"name\":\"Warrior-paketti &#8211; Kaksi magneettia Terror + Beast &#8211; Allround 360\u00b0\"}]},{\"@type\":\"WebSite\",\"@id\":\"https:\\\/\\\/magnetarmagnets.com\\\/fi\\\/#website\",\"url\":\"https:\\\/\\\/magnetarmagnets.com\\\/fi\\\/\",\"name\":\"Magnet fishing with a Magnetar fishing magnet\",\"description\":\"Vahvat magneetit magneettikalastukseen\\n\\n\",\"publisher\":{\"@id\":\"https:\\\/\\\/magnetarmagnets.com\\\/fi\\\/#organization\"},\"potentialAction\":[{\"@type\":\"SearchAction\",\"target\":{\"@type\":\"EntryPoint\",\"urlTemplate\":\"https:\\\/\\\/magnetarmagnets.com\\\/fi\\\/?s={search_term_string}\"},\"query-input\":{\"@type\":\"PropertyValueSpecification\",\"valueRequired\":true,\"valueName\":\"search_term_string\"}}],\"inLanguage\":\"fi\"},{\"@type\":\"Organization\",\"@id\":\"https:\\\/\\\/magnetarmagnets.com\\\/fi\\\/#organization\",\"name\":\"Magnetar\",\"url\":\"https:\\\/\\\/magnetarmagnets.com\\\/fi\\\/\",\"logo\":{\"@type\":\"ImageObject\",\"inLanguage\":\"fi\",\"@id\":\"https:\\\/\\\/magnetarmagnets.com\\\/fi\\\/#\\\/schema\\\/logo\\\/image\\\/\",\"url\":\"https:\\\/\\\/magnetarmagnets.com\\\/wp-content\\\/uploads\\\/2025\\\/05\\\/Logo-03_PNG-Black-scaled.png\",\"contentUrl\":\"https:\\\/\\\/magnetarmagnets.com\\\/wp-content\\\/uploads\\\/2025\\\/05\\\/Logo-03_PNG-Black-scaled.png\",\"width\":2560,\"height\":1658,\"caption\":\"Magnetar\"},\"image\":{\"@id\":\"https:\\\/\\\/magnetarmagnets.com\\\/fi\\\/#\\\/schema\\\/logo\\\/image\\\/\"},\"sameAs\":[\"https:\\\/\\\/www.facebook.com\\\/fishingmagnets\\\/\",\"https:\\\/\\\/www.instagram.com\\\/magnetar_magnets\\\/\",\"https:\\\/\\\/www.linkedin.com\\\/company\\\/magnetarbv\\\/?originalSubdomain=nl\",\"https:\\\/\\\/www.youtube.com\\\/c\\\/MagnetarVismagneet\"]}]}<\/script>\n<!-- \/ Yoast SEO plugin. -->","yoast_head_json":{"title":"Warrior-paketti - Kaksi magneettia Terror + Beast - Allround 360\u00b0 - Magnet fishing with a Magnetar fishing magnet","description":"Warrior-paketti - Kaksi magneettia: Terror + Beast - Magnetar","robots":{"index":"index","follow":"follow","max-snippet":"max-snippet:-1","max-image-preview":"max-image-preview:large","max-video-preview":"max-video-preview:-1"},"canonical":"https:\/\/magnetarmagnets.com\/fi\/shop\/warrior-paketti-kaksi-magneettia-terror-beast-allround-360\/","og_locale":"fi_FI","og_type":"article","og_title":"Warrior-paketti - Kaksi magneettia Terror + Beast - Allround 360\u00b0 - Magnet fishing with a Magnetar fishing magnet","og_description":"Warrior-paketti - Kaksi magneettia: Terror + Beast - Magnetar","og_url":"https:\/\/magnetarmagnets.com\/fi\/shop\/warrior-paketti-kaksi-magneettia-terror-beast-allround-360\/","og_site_name":"Magnet fishing with a Magnetar fishing magnet","article_publisher":"https:\/\/www.facebook.com\/fishingmagnets\/","article_modified_time":"2026-04-03T04:05:31+00:00","og_image":[{"width":1500,"height":1500,"url":"https:\/\/magnetarmagnets.com\/wp-content\/uploads\/2021\/10\/MAGNETAR-WARRIOR-KIT-GOOGLE.jpg","type":"image\/jpeg"}],"twitter_card":"summary_large_image","twitter_misc":{"Arvioitu lukuaika":"4 minuuttia"},"schema":{"@context":"https:\/\/schema.org","@graph":[{"@type":["WebPage","ItemPage"],"@id":"https:\/\/magnetarmagnets.com\/fi\/shop\/warrior-paketti-kaksi-magneettia-terror-beast-allround-360\/","url":"https:\/\/magnetarmagnets.com\/fi\/shop\/warrior-paketti-kaksi-magneettia-terror-beast-allround-360\/","name":"Warrior-paketti - Kaksi magneettia Terror + Beast - Allround 360\u00b0 - Magnet fishing with a Magnetar fishing magnet","isPartOf":{"@id":"https:\/\/magnetarmagnets.com\/fi\/#website"},"primaryImageOfPage":{"@id":"https:\/\/magnetarmagnets.com\/fi\/shop\/warrior-paketti-kaksi-magneettia-terror-beast-allround-360\/#primaryimage"},"image":{"@id":"https:\/\/magnetarmagnets.com\/fi\/shop\/warrior-paketti-kaksi-magneettia-terror-beast-allround-360\/#primaryimage"},"thumbnailUrl":"https:\/\/magnetarmagnets.com\/wp-content\/uploads\/2021\/10\/MAGNETAR-WARRIOR-KIT-GOOGLE.jpg","datePublished":"2025-06-05T07:54:37+00:00","dateModified":"2026-04-03T04:05:31+00:00","description":"Warrior-paketti - Kaksi magneettia: Terror + Beast - Magnetar","breadcrumb":{"@id":"https:\/\/magnetarmagnets.com\/fi\/shop\/warrior-paketti-kaksi-magneettia-terror-beast-allround-360\/#breadcrumb"},"inLanguage":"fi","potentialAction":[{"@type":"ReadAction","target":["https:\/\/magnetarmagnets.com\/fi\/shop\/warrior-paketti-kaksi-magneettia-terror-beast-allround-360\/"]}]},{"@type":"ImageObject","inLanguage":"fi","@id":"https:\/\/magnetarmagnets.com\/fi\/shop\/warrior-paketti-kaksi-magneettia-terror-beast-allround-360\/#primaryimage","url":"https:\/\/magnetarmagnets.com\/wp-content\/uploads\/2021\/10\/MAGNETAR-WARRIOR-KIT-GOOGLE.jpg","contentUrl":"https:\/\/magnetarmagnets.com\/wp-content\/uploads\/2021\/10\/MAGNETAR-WARRIOR-KIT-GOOGLE.jpg","width":1500,"height":1500,"caption":"MAGNETAR-WARRIOR-KIT"},{"@type":"BreadcrumbList","@id":"https:\/\/magnetarmagnets.com\/fi\/shop\/warrior-paketti-kaksi-magneettia-terror-beast-allround-360\/#breadcrumb","itemListElement":[{"@type":"ListItem","position":1,"name":"Home","item":"https:\/\/magnetarmagnets.com\/fi\/"},{"@type":"ListItem","position":2,"name":"Verkkokauppa","item":"https:\/\/magnetarmagnets.com\/verkkokauppa\/"},{"@type":"ListItem","position":3,"name":"Kalastusmagneetit","item":"https:\/\/magnetarmagnets.com\/fi\/collections\/kalastusmagneetit\/"},{"@type":"ListItem","position":4,"name":"Allround 360\u00b0 kalastusmagneetit","item":"https:\/\/magnetarmagnets.com\/fi\/collections\/kalastusmagneetit\/allround-360-kalastusmagneetit\/"},{"@type":"ListItem","position":5,"name":"Warrior-paketti &#8211; Kaksi magneettia Terror + Beast &#8211; Allround 360\u00b0"}]},{"@type":"WebSite","@id":"https:\/\/magnetarmagnets.com\/fi\/#website","url":"https:\/\/magnetarmagnets.com\/fi\/","name":"Magnet fishing with a Magnetar fishing magnet","description":"Vahvat magneetit magneettikalastukseen\n\n","publisher":{"@id":"https:\/\/magnetarmagnets.com\/fi\/#organization"},"potentialAction":[{"@type":"SearchAction","target":{"@type":"EntryPoint","urlTemplate":"https:\/\/magnetarmagnets.com\/fi\/?s={search_term_string}"},"query-input":{"@type":"PropertyValueSpecification","valueRequired":true,"valueName":"search_term_string"}}],"inLanguage":"fi"},{"@type":"Organization","@id":"https:\/\/magnetarmagnets.com\/fi\/#organization","name":"Magnetar","url":"https:\/\/magnetarmagnets.com\/fi\/","logo":{"@type":"ImageObject","inLanguage":"fi","@id":"https:\/\/magnetarmagnets.com\/fi\/#\/schema\/logo\/image\/","url":"https:\/\/magnetarmagnets.com\/wp-content\/uploads\/2025\/05\/Logo-03_PNG-Black-scaled.png","contentUrl":"https:\/\/magnetarmagnets.com\/wp-content\/uploads\/2025\/05\/Logo-03_PNG-Black-scaled.png","width":2560,"height":1658,"caption":"Magnetar"},"image":{"@id":"https:\/\/magnetarmagnets.com\/fi\/#\/schema\/logo\/image\/"},"sameAs":["https:\/\/www.facebook.com\/fishingmagnets\/","https:\/\/www.instagram.com\/magnetar_magnets\/","https:\/\/www.linkedin.com\/company\/magnetarbv\/?originalSubdomain=nl","https:\/\/www.youtube.com\/c\/MagnetarVismagneet"]}]}},"_links":{"self":[{"href":"https:\/\/magnetarmagnets.com\/fi\/wp-json\/wp\/v2\/product\/85365","targetHints":{"allow":["GET"]}}],"collection":[{"href":"https:\/\/magnetarmagnets.com\/fi\/wp-json\/wp\/v2\/product"}],"about":[{"href":"https:\/\/magnetarmagnets.com\/fi\/wp-json\/wp\/v2\/types\/product"}],"replies":[{"embeddable":true,"href":"https:\/\/magnetarmagnets.com\/fi\/wp-json\/wp\/v2\/comments?post=85365"}],"version-history":[{"count":0,"href":"https:\/\/magnetarmagnets.com\/fi\/wp-json\/wp\/v2\/product\/85365\/revisions"}],"wp:featuredmedia":[{"embeddable":true,"href":"https:\/\/magnetarmagnets.com\/fi\/wp-json\/wp\/v2\/media\/78914"}],"wp:attachment":[{"href":"https:\/\/magnetarmagnets.com\/fi\/wp-json\/wp\/v2\/media?parent=85365"}],"wp:term":[{"taxonomy":"product_brand","embeddable":true,"href":"https:\/\/magnetarmagnets.com\/fi\/wp-json\/wp\/v2\/product_brand?post=85365"},{"taxonomy":"product_cat","embeddable":true,"href":"https:\/\/magnetarmagnets.com\/fi\/wp-json\/wp\/v2\/product_cat?post=85365"},{"taxonomy":"product_tag","embeddable":true,"href":"https:\/\/magnetarmagnets.com\/fi\/wp-json\/wp\/v2\/product_tag?post=85365"}],"curies":[{"name":"wp","href":"https:\/\/api.w.org\/{rel}","templated":true}]}}