{"id":85362,"date":"2025-06-05T09:54:40","date_gmt":"2025-06-05T07:54:40","guid":{"rendered":"https:\/\/magnetarmagnets.com\/shop\/hardcore-magnet-600-kg-monipuolinen-360\/"},"modified":"2026-04-03T11:44:35","modified_gmt":"2026-04-03T09:44:35","slug":"hardcore-magnet-600-kg-monipuolinen-360","status":"publish","type":"product","link":"https:\/\/magnetarmagnets.com\/fi\/shop\/hardcore-magnet-600-kg-monipuolinen-360\/","title":{"rendered":"Hardcore Magnet\u00ae &#8211; 600 kg &#8211; Monipuolinen 360\u00b0"},"content":{"rendered":"<span style=\"font-weight: 400;\">* Suojaa magneetti <a href=\"https:\/\/magnetarmagnets.com\/shop\/protection-cover-hardcore\/\" target=\"_blank\" rel=\"noopener\"><b>suojauskotelolla<\/b><\/a> kalastuksen aikana. Ilman suojauskoteloa magneetti voi vahingoittua osuessaan kovaan pintaan. Suojauskotelo ei sis\u00e4lly magneettiin.<\/span>\n\n<h2><b>Hardcore Neodyymikalastusmagneetti<\/b><\/h2>\n\n<span style=\"font-weight: 400;\">Monipuolinen 360\u00b0 neodyymimagneettimme tarjoaa valtavan magneettisen vetovoiman! T\u00e4m\u00e4 on yksi <a href=\"https:\/\/magnetarmagnets.com\/strong-fishing-magnets\/\" target=\"_blank\" rel=\"noopener\">vahvimmista kalastusmagneeteistamme<\/a> ja kilpailukykyisesti hinnoitelluista vaihtoehdoistamme. <\/span><b>Magneetin ymp\u00e4rill\u00e4 on vetovoima 14 cm \/ 5,5 tuumaa<\/b><span style=\"font-weight: 400;\">, mik\u00e4 antaa sinulle suuren mahdollisuuden l\u00f6yt\u00e4\u00e4 suurempia ja parempia aarteita. Monet magneettikalastajat ylist\u00e4v\u00e4t monipuolista hardcore-magneettia sen tehokkaista saaliista &#8211; katso ammattilaisten mielipiteet <a href=\"https:\/\/www.youtube.com\/watch?v=1izvqgYbtd8\" target=\"_blank\" rel=\"noopener\"><span style=\"font-weight: 400;\">YouTubessa<\/span><\/a>! Monipuolinen Hardcore kalastusmagneetti sopii t\u00e4ydellisesti magnetistikalastajille, jotka haluavat p\u00e4ivitt\u00e4\u00e4 yksipuolisen tai kaksipuolisen kalastusmagneettinsa entist\u00e4 suuremmalla kokonaisvetovoimalla.<\/span>\n\n<h2><b>Oletko valmis menem\u00e4\u00e4n Hardcoreen?<\/b><\/h2>\n\n<span style=\"font-weight: 400;\">Ryhdy Hardcore magneettikalastajaksi! Magneetin nimi kertoo kaiken, t\u00e4m\u00e4 magneetti on eritt\u00e4in vahva! Hardcore kalastusmagneetti tarttuu esineisiin kaikilta sivuilta mutkan l\u00e4pi eik\u00e4 j\u00e4\u00e4 helposti kiinni kiviin. Se ei ole liian painava eik\u00e4 liian kevyt, voit heitt\u00e4\u00e4 t\u00e4t\u00e4 magneettia tuntikausia ongelmitta.<\/span>\n\n<span style=\"font-weight: 400;\">Hardcore magneetti on yksi myydyimmist\u00e4mme ja suosituin kokeneempien magneettikalastajien keskuudessa. Magneetti on valmistettu 100% puhtaasta neodyymist\u00e4 \u2013 voimakkaimmasta pysyv\u00e4st\u00e4 magneetista, joka pystyy nostamaan enemm\u00e4n kuin muut samankokoiset magnetismateriaalit. T\u00e4m\u00e4 lis\u00e4\u00e4 vetovoimaa joka suunnasta, ja laajentaa l\u00f6ydett\u00e4vien esineiden kirjoa.<\/span>\n\n<h2><b>Magneetin kehitys<\/b><\/h2>\n\nMonilla magneeteilla on vetovoima vain yhdell\u00e4 puolella. T\u00e4m\u00e4 yksipuolinen magneetti on klassinen kalastusmagneetti. Magnetar oli ensimm\u00e4inen yritys, joka kehitti t\u00e4m\u00e4n klassikon kaksipuoliseksi magneetikseksi. Vuonna 2016 Magnetar kehitti monipuolisen 360\u00b0 kalastusmagneetin. Magneettikalastajat EU:ssa ovat siit\u00e4 l\u00e4htien valinneet 100% neodyymimagneettimme, mik\u00e4 tekee meist\u00e4 Euroopan johtavan toimittajan. Magneettimme valmistetaan korkeimmalla laadulla, suunnittelulla ja huolella pienen magneettikalastusfani-tiimin toimesta. Asiakkaamme palaavat, koska tiet\u00e4v\u00e4t saaneensa enemm\u00e4n kuin magneetin \u2013 he saavat aarteita.\n\n<h2><strong>Tehokas 360\u00b0 vetovoima<\/strong><\/h2>\n\n<span style=\"font-weight: 400;\">Hardcore magneetti on yksi vahvimmista tarjolla olevistamme. Yksipuolisen magneetin vetovoimaa ei voi verrata puhtaaseen neodyymimagneettiin, jossa on 360\u00b0 vetovoima kuten Hardcore magneetissa. T\u00e4m\u00e4 johtuu siit\u00e4, ett\u00e4 yksipuolisen magneetin ter\u00e4skuori vaikuttaa vetovoimaan, joka kohdistuu vain yhteen suuntaan. Yksipuoliset magneetit p\u00e4rj\u00e4\u00e4v\u00e4t hyvin tasaisilla metallilevyill\u00e4 yhdelt\u00e4 puolelta, mutta eksklusiivinen Allround 360\u00b0 magneettimme houkuttelee esineit\u00e4 \u201dkaikilta suunnilta\u201d ymp\u00e4r\u00f6iv\u00e4ll\u00e4 magneettikent\u00e4ll\u00e4\u00e4n. Haluatko n\u00e4hd\u00e4 vetovoiman mittauksen? <\/span><a href=\"https:\/\/www.youtube.com\/watch?v=2McW3RURDxs\" target=\"_blank\" rel=\"noopener\"><span style=\"font-weight: 400;\">Katso videomme t\u00e4st\u00e4<\/span><\/a><span style=\"font-weight: 400;\">.<\/span>","protected":false},"excerpt":{"rendered":"<p>Kokeile meid\u00e4n <strong>myydyint\u00e4 kalastusmagneettiamme<\/strong>, jossa on 360\u00b0 magneettikentt\u00e4. Suunniteltu Magnetarilla, t\u00e4m\u00e4 <strong>puhdas neodyymimagneetti<\/strong> on <strong>eritt\u00e4in voimakas<\/strong> ja vetovoima jopa 600 kg. Mene Hardcore-tyylill\u00e4 t\u00e4m\u00e4n magneetin kanssa!<\/p>\n","protected":false},"featured_media":80398,"comment_status":"open","ping_status":"closed","template":"","meta":{"_acf_changed":false,"inline_featured_image":false},"product_brand":[],"product_cat":[717,724,712,725],"product_tag":[],"class_list":{"0":"post-85362","1":"product","2":"type-product","3":"status-publish","4":"has-post-thumbnail","6":"product_cat-allround-360-kalastusmagneetit","7":"product_cat-aloittelijat-ja-lapset","8":"product_cat-kalastusmagneetit","9":"product_cat-kokeneet-seikkailijat","11":"first","12":"instock","13":"sale","14":"taxable","15":"shipping-taxable","16":"purchasable","17":"product-type-simple"},"acf":[],"yoast_head":"<!-- This site is optimized with the Yoast SEO plugin v27.4 - https:\/\/yoast.com\/product\/yoast-seo-wordpress\/ -->\n<title>Hardcore Magnet\u00ae - 600 kg - Monipuolinen 360\u00b0<\/title>\n<meta name=\"description\" content=\"Hardcore kalastusmagneetti on tunnetuin monipuolinen magneetti. Eritt\u00e4in vahva, erinomainen laatu, t\u00e4ydellinen heitett\u00e4v\u00e4ksi ja on 360\u00b0 magneettinen.\" \/>\n<meta name=\"robots\" content=\"index, follow, max-snippet:-1, max-image-preview:large, max-video-preview:-1\" \/>\n<link rel=\"canonical\" href=\"https:\/\/magnetarmagnets.com\/fi\/shop\/hardcore-magnet-600-kg-monipuolinen-360\/\" \/>\n<meta property=\"og:locale\" content=\"fi_FI\" \/>\n<meta property=\"og:type\" content=\"article\" \/>\n<meta property=\"og:title\" content=\"Hardcore Magnet\u00ae - 600 kg - Monipuolinen 360\u00b0\" \/>\n<meta property=\"og:description\" content=\"Hardcore kalastusmagneetti on tunnetuin monipuolinen magneetti. Eritt\u00e4in vahva, erinomainen laatu, t\u00e4ydellinen heitett\u00e4v\u00e4ksi ja on 360\u00b0 magneettinen.\" \/>\n<meta property=\"og:url\" content=\"https:\/\/magnetarmagnets.com\/fi\/shop\/hardcore-magnet-600-kg-monipuolinen-360\/\" \/>\n<meta property=\"og:site_name\" content=\"Magnet fishing with a Magnetar fishing magnet\" \/>\n<meta property=\"article:publisher\" content=\"https:\/\/www.facebook.com\/fishingmagnets\/\" \/>\n<meta property=\"article:modified_time\" content=\"2026-04-03T09:44:35+00:00\" \/>\n<meta property=\"og:image\" content=\"https:\/\/magnetarmagnets.com\/wp-content\/uploads\/2023\/12\/The_Hardcore_fishing_magnet_Triangle.jpeg.jpg\" \/>\n\t<meta property=\"og:image:width\" content=\"1000\" \/>\n\t<meta property=\"og:image:height\" content=\"1000\" \/>\n\t<meta property=\"og:image:type\" content=\"image\/jpeg\" \/>\n<meta name=\"twitter:card\" content=\"summary_large_image\" \/>\n<meta name=\"twitter:label1\" content=\"Arvioitu lukuaika\" \/>\n\t<meta name=\"twitter:data1\" content=\"5 minuuttia\" \/>\n<script type=\"application\/ld+json\" class=\"yoast-schema-graph\">{\"@context\":\"https:\\\/\\\/schema.org\",\"@graph\":[{\"@type\":[\"WebPage\",\"ItemPage\"],\"@id\":\"https:\\\/\\\/magnetarmagnets.com\\\/fi\\\/shop\\\/hardcore-magnet-600-kg-monipuolinen-360\\\/\",\"url\":\"https:\\\/\\\/magnetarmagnets.com\\\/fi\\\/shop\\\/hardcore-magnet-600-kg-monipuolinen-360\\\/\",\"name\":\"Hardcore Magnet\u00ae - 600 kg - Monipuolinen 360\u00b0\",\"isPartOf\":{\"@id\":\"https:\\\/\\\/magnetarmagnets.com\\\/fi\\\/#website\"},\"primaryImageOfPage\":{\"@id\":\"https:\\\/\\\/magnetarmagnets.com\\\/fi\\\/shop\\\/hardcore-magnet-600-kg-monipuolinen-360\\\/#primaryimage\"},\"image\":{\"@id\":\"https:\\\/\\\/magnetarmagnets.com\\\/fi\\\/shop\\\/hardcore-magnet-600-kg-monipuolinen-360\\\/#primaryimage\"},\"thumbnailUrl\":\"https:\\\/\\\/magnetarmagnets.com\\\/wp-content\\\/uploads\\\/2023\\\/12\\\/The_Hardcore_fishing_magnet_Triangle.jpeg.jpg\",\"datePublished\":\"2025-06-05T07:54:40+00:00\",\"dateModified\":\"2026-04-03T09:44:35+00:00\",\"description\":\"Hardcore kalastusmagneetti on tunnetuin monipuolinen magneetti. Eritt\u00e4in vahva, erinomainen laatu, t\u00e4ydellinen heitett\u00e4v\u00e4ksi ja on 360\u00b0 magneettinen.\",\"breadcrumb\":{\"@id\":\"https:\\\/\\\/magnetarmagnets.com\\\/fi\\\/shop\\\/hardcore-magnet-600-kg-monipuolinen-360\\\/#breadcrumb\"},\"inLanguage\":\"fi\",\"potentialAction\":[{\"@type\":\"ReadAction\",\"target\":[\"https:\\\/\\\/magnetarmagnets.com\\\/fi\\\/shop\\\/hardcore-magnet-600-kg-monipuolinen-360\\\/\"]}]},{\"@type\":\"ImageObject\",\"inLanguage\":\"fi\",\"@id\":\"https:\\\/\\\/magnetarmagnets.com\\\/fi\\\/shop\\\/hardcore-magnet-600-kg-monipuolinen-360\\\/#primaryimage\",\"url\":\"https:\\\/\\\/magnetarmagnets.com\\\/wp-content\\\/uploads\\\/2023\\\/12\\\/The_Hardcore_fishing_magnet_Triangle.jpeg.jpg\",\"contentUrl\":\"https:\\\/\\\/magnetarmagnets.com\\\/wp-content\\\/uploads\\\/2023\\\/12\\\/The_Hardcore_fishing_magnet_Triangle.jpeg.jpg\",\"width\":1000,\"height\":1000,\"caption\":\"The Hardcore fishing magnet for magnet fishing\"},{\"@type\":\"BreadcrumbList\",\"@id\":\"https:\\\/\\\/magnetarmagnets.com\\\/fi\\\/shop\\\/hardcore-magnet-600-kg-monipuolinen-360\\\/#breadcrumb\",\"itemListElement\":[{\"@type\":\"ListItem\",\"position\":1,\"name\":\"Home\",\"item\":\"https:\\\/\\\/magnetarmagnets.com\\\/fi\\\/\"},{\"@type\":\"ListItem\",\"position\":2,\"name\":\"Verkkokauppa\",\"item\":\"https:\\\/\\\/magnetarmagnets.com\\\/verkkokauppa\\\/\"},{\"@type\":\"ListItem\",\"position\":3,\"name\":\"Kalastusmagneetit\",\"item\":\"https:\\\/\\\/magnetarmagnets.com\\\/fi\\\/collections\\\/kalastusmagneetit\\\/\"},{\"@type\":\"ListItem\",\"position\":4,\"name\":\"Allround 360\u00b0 kalastusmagneetit\",\"item\":\"https:\\\/\\\/magnetarmagnets.com\\\/fi\\\/collections\\\/kalastusmagneetit\\\/allround-360-kalastusmagneetit\\\/\"},{\"@type\":\"ListItem\",\"position\":5,\"name\":\"Hardcore Magnet\u00ae &#8211; 600 kg &#8211; Monipuolinen 360\u00b0\"}]},{\"@type\":\"WebSite\",\"@id\":\"https:\\\/\\\/magnetarmagnets.com\\\/fi\\\/#website\",\"url\":\"https:\\\/\\\/magnetarmagnets.com\\\/fi\\\/\",\"name\":\"Magnet fishing with a Magnetar fishing magnet\",\"description\":\"Vahvat magneetit magneettikalastukseen\\n\\n\",\"publisher\":{\"@id\":\"https:\\\/\\\/magnetarmagnets.com\\\/fi\\\/#organization\"},\"potentialAction\":[{\"@type\":\"SearchAction\",\"target\":{\"@type\":\"EntryPoint\",\"urlTemplate\":\"https:\\\/\\\/magnetarmagnets.com\\\/fi\\\/?s={search_term_string}\"},\"query-input\":{\"@type\":\"PropertyValueSpecification\",\"valueRequired\":true,\"valueName\":\"search_term_string\"}}],\"inLanguage\":\"fi\"},{\"@type\":\"Organization\",\"@id\":\"https:\\\/\\\/magnetarmagnets.com\\\/fi\\\/#organization\",\"name\":\"Magnetar\",\"url\":\"https:\\\/\\\/magnetarmagnets.com\\\/fi\\\/\",\"logo\":{\"@type\":\"ImageObject\",\"inLanguage\":\"fi\",\"@id\":\"https:\\\/\\\/magnetarmagnets.com\\\/fi\\\/#\\\/schema\\\/logo\\\/image\\\/\",\"url\":\"https:\\\/\\\/magnetarmagnets.com\\\/wp-content\\\/uploads\\\/2025\\\/05\\\/Logo-03_PNG-Black-scaled.png\",\"contentUrl\":\"https:\\\/\\\/magnetarmagnets.com\\\/wp-content\\\/uploads\\\/2025\\\/05\\\/Logo-03_PNG-Black-scaled.png\",\"width\":2560,\"height\":1658,\"caption\":\"Magnetar\"},\"image\":{\"@id\":\"https:\\\/\\\/magnetarmagnets.com\\\/fi\\\/#\\\/schema\\\/logo\\\/image\\\/\"},\"sameAs\":[\"https:\\\/\\\/www.facebook.com\\\/fishingmagnets\\\/\",\"https:\\\/\\\/www.instagram.com\\\/magnetar_magnets\\\/\",\"https:\\\/\\\/www.linkedin.com\\\/company\\\/magnetarbv\\\/?originalSubdomain=nl\",\"https:\\\/\\\/www.youtube.com\\\/c\\\/MagnetarVismagneet\"]}]}<\/script>\n<!-- \/ Yoast SEO plugin. -->","yoast_head_json":{"title":"Hardcore Magnet\u00ae - 600 kg - Monipuolinen 360\u00b0","description":"Hardcore kalastusmagneetti on tunnetuin monipuolinen magneetti. Eritt\u00e4in vahva, erinomainen laatu, t\u00e4ydellinen heitett\u00e4v\u00e4ksi ja on 360\u00b0 magneettinen.","robots":{"index":"index","follow":"follow","max-snippet":"max-snippet:-1","max-image-preview":"max-image-preview:large","max-video-preview":"max-video-preview:-1"},"canonical":"https:\/\/magnetarmagnets.com\/fi\/shop\/hardcore-magnet-600-kg-monipuolinen-360\/","og_locale":"fi_FI","og_type":"article","og_title":"Hardcore Magnet\u00ae - 600 kg - Monipuolinen 360\u00b0","og_description":"Hardcore kalastusmagneetti on tunnetuin monipuolinen magneetti. Eritt\u00e4in vahva, erinomainen laatu, t\u00e4ydellinen heitett\u00e4v\u00e4ksi ja on 360\u00b0 magneettinen.","og_url":"https:\/\/magnetarmagnets.com\/fi\/shop\/hardcore-magnet-600-kg-monipuolinen-360\/","og_site_name":"Magnet fishing with a Magnetar fishing magnet","article_publisher":"https:\/\/www.facebook.com\/fishingmagnets\/","article_modified_time":"2026-04-03T09:44:35+00:00","og_image":[{"width":1000,"height":1000,"url":"https:\/\/magnetarmagnets.com\/wp-content\/uploads\/2023\/12\/The_Hardcore_fishing_magnet_Triangle.jpeg.jpg","type":"image\/jpeg"}],"twitter_card":"summary_large_image","twitter_misc":{"Arvioitu lukuaika":"5 minuuttia"},"schema":{"@context":"https:\/\/schema.org","@graph":[{"@type":["WebPage","ItemPage"],"@id":"https:\/\/magnetarmagnets.com\/fi\/shop\/hardcore-magnet-600-kg-monipuolinen-360\/","url":"https:\/\/magnetarmagnets.com\/fi\/shop\/hardcore-magnet-600-kg-monipuolinen-360\/","name":"Hardcore Magnet\u00ae - 600 kg - Monipuolinen 360\u00b0","isPartOf":{"@id":"https:\/\/magnetarmagnets.com\/fi\/#website"},"primaryImageOfPage":{"@id":"https:\/\/magnetarmagnets.com\/fi\/shop\/hardcore-magnet-600-kg-monipuolinen-360\/#primaryimage"},"image":{"@id":"https:\/\/magnetarmagnets.com\/fi\/shop\/hardcore-magnet-600-kg-monipuolinen-360\/#primaryimage"},"thumbnailUrl":"https:\/\/magnetarmagnets.com\/wp-content\/uploads\/2023\/12\/The_Hardcore_fishing_magnet_Triangle.jpeg.jpg","datePublished":"2025-06-05T07:54:40+00:00","dateModified":"2026-04-03T09:44:35+00:00","description":"Hardcore kalastusmagneetti on tunnetuin monipuolinen magneetti. Eritt\u00e4in vahva, erinomainen laatu, t\u00e4ydellinen heitett\u00e4v\u00e4ksi ja on 360\u00b0 magneettinen.","breadcrumb":{"@id":"https:\/\/magnetarmagnets.com\/fi\/shop\/hardcore-magnet-600-kg-monipuolinen-360\/#breadcrumb"},"inLanguage":"fi","potentialAction":[{"@type":"ReadAction","target":["https:\/\/magnetarmagnets.com\/fi\/shop\/hardcore-magnet-600-kg-monipuolinen-360\/"]}]},{"@type":"ImageObject","inLanguage":"fi","@id":"https:\/\/magnetarmagnets.com\/fi\/shop\/hardcore-magnet-600-kg-monipuolinen-360\/#primaryimage","url":"https:\/\/magnetarmagnets.com\/wp-content\/uploads\/2023\/12\/The_Hardcore_fishing_magnet_Triangle.jpeg.jpg","contentUrl":"https:\/\/magnetarmagnets.com\/wp-content\/uploads\/2023\/12\/The_Hardcore_fishing_magnet_Triangle.jpeg.jpg","width":1000,"height":1000,"caption":"The Hardcore fishing magnet for magnet fishing"},{"@type":"BreadcrumbList","@id":"https:\/\/magnetarmagnets.com\/fi\/shop\/hardcore-magnet-600-kg-monipuolinen-360\/#breadcrumb","itemListElement":[{"@type":"ListItem","position":1,"name":"Home","item":"https:\/\/magnetarmagnets.com\/fi\/"},{"@type":"ListItem","position":2,"name":"Verkkokauppa","item":"https:\/\/magnetarmagnets.com\/verkkokauppa\/"},{"@type":"ListItem","position":3,"name":"Kalastusmagneetit","item":"https:\/\/magnetarmagnets.com\/fi\/collections\/kalastusmagneetit\/"},{"@type":"ListItem","position":4,"name":"Allround 360\u00b0 kalastusmagneetit","item":"https:\/\/magnetarmagnets.com\/fi\/collections\/kalastusmagneetit\/allround-360-kalastusmagneetit\/"},{"@type":"ListItem","position":5,"name":"Hardcore Magnet\u00ae &#8211; 600 kg &#8211; Monipuolinen 360\u00b0"}]},{"@type":"WebSite","@id":"https:\/\/magnetarmagnets.com\/fi\/#website","url":"https:\/\/magnetarmagnets.com\/fi\/","name":"Magnet fishing with a Magnetar fishing magnet","description":"Vahvat magneetit magneettikalastukseen\n\n","publisher":{"@id":"https:\/\/magnetarmagnets.com\/fi\/#organization"},"potentialAction":[{"@type":"SearchAction","target":{"@type":"EntryPoint","urlTemplate":"https:\/\/magnetarmagnets.com\/fi\/?s={search_term_string}"},"query-input":{"@type":"PropertyValueSpecification","valueRequired":true,"valueName":"search_term_string"}}],"inLanguage":"fi"},{"@type":"Organization","@id":"https:\/\/magnetarmagnets.com\/fi\/#organization","name":"Magnetar","url":"https:\/\/magnetarmagnets.com\/fi\/","logo":{"@type":"ImageObject","inLanguage":"fi","@id":"https:\/\/magnetarmagnets.com\/fi\/#\/schema\/logo\/image\/","url":"https:\/\/magnetarmagnets.com\/wp-content\/uploads\/2025\/05\/Logo-03_PNG-Black-scaled.png","contentUrl":"https:\/\/magnetarmagnets.com\/wp-content\/uploads\/2025\/05\/Logo-03_PNG-Black-scaled.png","width":2560,"height":1658,"caption":"Magnetar"},"image":{"@id":"https:\/\/magnetarmagnets.com\/fi\/#\/schema\/logo\/image\/"},"sameAs":["https:\/\/www.facebook.com\/fishingmagnets\/","https:\/\/www.instagram.com\/magnetar_magnets\/","https:\/\/www.linkedin.com\/company\/magnetarbv\/?originalSubdomain=nl","https:\/\/www.youtube.com\/c\/MagnetarVismagneet"]}]}},"_links":{"self":[{"href":"https:\/\/magnetarmagnets.com\/fi\/wp-json\/wp\/v2\/product\/85362","targetHints":{"allow":["GET"]}}],"collection":[{"href":"https:\/\/magnetarmagnets.com\/fi\/wp-json\/wp\/v2\/product"}],"about":[{"href":"https:\/\/magnetarmagnets.com\/fi\/wp-json\/wp\/v2\/types\/product"}],"replies":[{"embeddable":true,"href":"https:\/\/magnetarmagnets.com\/fi\/wp-json\/wp\/v2\/comments?post=85362"}],"version-history":[{"count":1,"href":"https:\/\/magnetarmagnets.com\/fi\/wp-json\/wp\/v2\/product\/85362\/revisions"}],"predecessor-version":[{"id":94589,"href":"https:\/\/magnetarmagnets.com\/fi\/wp-json\/wp\/v2\/product\/85362\/revisions\/94589"}],"wp:featuredmedia":[{"embeddable":true,"href":"https:\/\/magnetarmagnets.com\/fi\/wp-json\/wp\/v2\/media\/80398"}],"wp:attachment":[{"href":"https:\/\/magnetarmagnets.com\/fi\/wp-json\/wp\/v2\/media?parent=85362"}],"wp:term":[{"taxonomy":"product_brand","embeddable":true,"href":"https:\/\/magnetarmagnets.com\/fi\/wp-json\/wp\/v2\/product_brand?post=85362"},{"taxonomy":"product_cat","embeddable":true,"href":"https:\/\/magnetarmagnets.com\/fi\/wp-json\/wp\/v2\/product_cat?post=85362"},{"taxonomy":"product_tag","embeddable":true,"href":"https:\/\/magnetarmagnets.com\/fi\/wp-json\/wp\/v2\/product_tag?post=85362"}],"curies":[{"name":"wp","href":"https:\/\/api.w.org\/{rel}","templated":true}]}}