{"id":85361,"date":"2025-06-05T09:54:39","date_gmt":"2025-06-05T07:54:39","guid":{"rendered":"https:\/\/magnetarmagnets.com\/shop\/terror-magnet-1000-kg-allround-360\/"},"modified":"2026-04-03T10:14:43","modified_gmt":"2026-04-03T08:14:43","slug":"terror-magnet-1000-kg-allround-360","status":"publish","type":"product","link":"https:\/\/magnetarmagnets.com\/fi\/shop\/terror-magnet-1000-kg-allround-360\/","title":{"rendered":"Terror Magnet \u00ae &#8211; 1000 kg &#8211; Allround 360\u00b0"},"content":{"rendered":"<span style=\"font-weight: 400;\">* Suojaa magneetti <a href=\"https:\/\/magnetarmagnets.com\/shop\/protection-cover-terror\/\" target=\"_blank\" rel=\"noopener\"><b>suojauskuorella<\/b><\/a> kalastuksen aikana. Ilman suojauskuorta magneetti voi vaurioitua osuessaan kovaan esineeseen. Suojauskuorta ei sis\u00e4lly toimitukseen.<\/span>\n\n<h2><b>Terror-neodyymimagneettikalastin<\/b><\/h2>\n\n<span style=\"font-weight: 400;\">Kehitimme Terror-magneetin Hardcore-kalastusmagneettimme menestyksen j\u00e4lkeen. Terror tarjoaa entist\u00e4 enemm\u00e4n mahdollisuuksia saaliin nostamiseen kuin Hardcore-magneettimme, ja sen vetovoima ulottuu jopa 2200 paunaan (1000 kg). T\u00e4m\u00e4 lis\u00e4\u00e4 huomattavasti mahdollisuutta l\u00f6yt\u00e4\u00e4 suurempia ja arvokkaampia aarteita. Magneetti on my\u00f6s painavampi, mik\u00e4 mahdollistaa syvemm\u00e4n uppoamisen mutaan ja piilossa olevien, uponneiden esineiden tavoittamisen. Kuten kaikki magneettikalastusmagneettimme, my\u00f6s Terror on 100 % neodyymimagneetti, jonka voimakas vetovoima ulottuu kaikille magneetin sivuille.<\/span>\n\n\n\n<span style=\"font-weight: 400;\">\u200b\u200b<\/span><b>Oletko kokenut magneettikalastaja? <\/b><span style=\"font-weight: 400;\">Vai haluatko tulla sellaiseksi? <\/span><a href=\"https:\/\/magnetarmagnets.com\/shop\/expert-package\/\" target=\"_blank\" rel=\"noopener\"><span style=\"font-weight: 400;\">Expert Package<\/span><\/a><span style=\"font-weight: 400;\"> on t\u00e4ydellinen aloituspaketti, joka sis\u00e4lt\u00e4\u00e4 kaiken tarvittavan ja tarjoaa s\u00e4\u00e4st\u00f6j\u00e4! Pakettiin sis\u00e4ltyy Terror allround 360\u00b0 magneetti. Mukana tulee my\u00f6s vahva 8 mm paksu naru karabiinihakaan, vesitiiviit k\u00e4sineet, Expert suojauskuori, liimaa ja ylimitoitettu ruostumattomasta ter\u00e4ksest\u00e4 valmistettu koukku. Haluatko seuraavan tason? Tutustu <\/span><a href=\"https:\/\/magnetarmagnets.com\/shop\/legend-package\/\" target=\"_blank\" rel=\"noopener\"><span style=\"font-weight: 400;\">Legend Package<\/span><\/a><span style=\"font-weight: 400\">!<\/span>\n\n<h2><b>Oletko valmis Terroriin?<\/b><\/h2>\n\n<span style=\"font-weight: 400;\">Nimi kertoo kaiken, t\u00e4m\u00e4 magneetti on eritt\u00e4in vahva! Terror-magneetti tarttuu esineisiin mist\u00e4 tahansa suunnasta, l\u00e4pi mudan, eik\u00e4 helposti j\u00e4\u00e4 kiinni kiviin. Se on tarpeeksi painava uppoamaan mutaan tai lietteeseen, mutta tarpeeksi kevyt heitett\u00e4v\u00e4ksi veteen &#8211; voit heitt\u00e4\u00e4 t\u00e4t\u00e4 magneettia tuntikausia ilman ongelmia. Keskipainoluokassa se on heitett\u00e4v\u00e4 ja saavuttaa mutaisten kanavien ja jokien pohjat virran virtauksesta huolimatta.<\/span>\n\n\n\n<span style=\"font-weight: 400;\">Terror on tarkoitettu kokeneille kalastajille, jotka haluavat saada kannattavan tuoton magneetti-investoinnilleen. Se on t\u00e4ydellinen kevyiden mutta my\u00f6s raskaan saaliin, kuten kirstujen, isompien aseiden, auton osien, skoottereiden ja s\u00e4hk\u00f6py\u00f6rien, nostamiseen.<\/span>\n\n<h2><b>Magneetin kehitys<\/b><\/h2>\n\n<span style=\"font-weight: 400;\">Monilla magneeteilla on vetovoima vain toisella puolella magneettia. Yksipuolinen magneetti on klassinen kalastusmagneetti. Magnetar oli ensimm\u00e4inen yritys, joka kehitti t\u00e4m\u00e4n klassisen magneetin kaksipuoliseksi. Vuonna 2016 Magnetar kehitti allround-kalastusmagneetin, jolla on 360\u00b0 magneettinen vetovoima. EU:n alueen magneettikalastajat ovat siit\u00e4 l\u00e4htien suosineet 100 % neodyymimagneettejamme, mink\u00e4 ansiosta olemme Euroopan ykk\u00f6stoimittaja. Magneettimme ovat laadukkaita, huippusuunniteltuja ja huolellisesti valmistettuja pienen magneettikalastusintoilijoiden tiimin toimesta. Asiakkaamme palaavat, koska he tiet\u00e4v\u00e4t, ett\u00e4 Magnetarilla he saavat enemm\u00e4n kuin pelk\u00e4n magneetin &#8211; he saavat aarteita.<\/span>\n\n<h2><b>Tehokas 360\u00b0 vetovoima<\/b><\/h2>\n\n<span style=\"font-weight: 400;\">Terror on yksi voimakkaimmista tarjoamistamme magneeteista, sen vetovoima on jopa 2200 paunaa (1000 kg). Terrorin vetovoima on voimakas ja se houkuttelee esineit\u00e4 koko ymp\u00e4rilt\u00e4, toisin kuin yhdensuuntainen ter\u00e4skuorinen magneetti, jonka vetovoima suuntautuu vain yhteen suuntaan. Oletko utelias vetovoimamme mittaamisesta? <\/span><a href=\"https:\/\/www.youtube.com\/watch?v=2McW3RURDxs\" target=\"_blank\" rel=\"noopener\"><span style=\"font-weight: 400;\">Katso videomme<\/span><\/a><span style=\"font-weight: 400\">.<\/span>\n\n<h2><b>Laadukas<\/b><\/h2>\n\n<span style=\"font-weight: 400;\">Kalastusmagneettimme on valmistettu 100 % neodyymist\u00e4. Magnetar-magneetit s\u00e4ilytt\u00e4v\u00e4t vetovoimansa vuosikymmenien ajan, menett\u00e4en vain 1 % tehostaan sadassa vuodessa (kun niit\u00e4 s\u00e4ilytet\u00e4\u00e4n ja huolletaan asianmukaisesti).<\/span>\n\n<span style=\"font-weight: 400;\">Useimmat muut magneettivalmistajat menett\u00e4v\u00e4t vetovoimaansa jo muutamassa viikossa. Viime vuosina olemme huomanneet markkinoille tulleen enemm\u00e4n ja enemm\u00e4n huonolaatuisia magneetteja: suurempia magneetteja, joissa on heikompi vetovoima, heikkolaatuista neodyymi\u00e4 ja harhaanjohtavaa mainontaa. Kun ostat t\u00e4llaisen magneetin halvemmalla tai suurelta konserniyritykselt\u00e4, joudut lopulta pettyneeksi vaikka s\u00e4\u00e4stitkin hieman rahaa.<\/span>\n\n<span style=\"font-weight: 400;\">Magnetar on pieni perheyritys, joka asettaa laadun etusijalle kaikessa toiminnassaan. Olemme magneettikalastuksen harrastajia ja kaikki magneettimme on suunniteltu, piirretty ja valmistettu tiimimme toimesta, jotta saisit parhaan vastineen (tai aarteita magneetistasi!). Jos etsit luotettavaa, tehokasta ja voimakasta kalastusmagneettia, olet tullut oikeaan paikkaan. Otamme mielell\u00e4mme yhteytt\u00e4, <a href=\"mailto:info@magnetarmagnets.com\">ota meihin yhteytt\u00e4 t\u00e4st\u00e4<\/a>.<\/span>\n\n<h2><b>Suojauskuori<\/b><\/h2>\n\nSuojauskuoret ovat t\u00e4ydellinen lis\u00e4varuste magneettikalastajille, jotka haluavat suojata neodyymi-magneettejaan k\u00e4yt\u00f6n aikana. N\u00e4m\u00e4 kest\u00e4v\u00e4t kuoret on suunniteltu sopimaan t\u00e4ydellisesti magneettiin ja tarjoamaan ylim\u00e4\u00e4r\u00e4isen suojakerroksen naarmuja, murtumia ja muita vaurioita vastaan. Suoja kuoret on valmistettu ruostumattomasta ter\u00e4ksest\u00e4, joka varmistaa, ett\u00e4 magneettisi s\u00e4ilytt\u00e4\u00e4 360\u00b0 magneettisuutensa. Suojauskuoren voi ostaa my\u00f6s erikseen t\u00e4lle magneetille.\n\n\n\n(Huomioithan, ett\u00e4 magneetin pohja ei ole suojattu kuorella)\n\n<h2><b>K\u00e4yt\u00e4 varoen<\/b><\/h2>\n\n<span style=\"font-weight: 400;\">Neodyymimagneettimme ovat eritt\u00e4in voimakkaita ja voivat vedota rautaisiin kohteisiin suurella nopeudella lyhyell\u00e4 et\u00e4isyydell\u00e4. Voimakkaampien magneettien, kuten 360\u00b0 allroundin, kohdalla sormesi voivat j\u00e4\u00e4d\u00e4 puristuksiin magneetin ja muiden esineiden v\u00e4liin. K\u00e4sittele magneetteja varoen ja k\u00e4yt\u00e4 niit\u00e4 omalla vastuullasi. Lue aina turvallisuusohjeemme ennen k\u00e4ytt\u00f6\u00e4.<\/span>\n\n\n\nMuuten, <a href=\"https:\/\/magnetarmagnets.com\/magnet-fishing-kit\/\" target=\"_blank\" rel=\"noopener\">magneettikalastussettimme<\/a> sis\u00e4lt\u00e4v\u00e4t kaiken, mit\u00e4 tarvitset!\n\n\n\n<span style=\"font-weight: 400;\">* Lapset saavat k\u00e4ytt\u00e4\u00e4 magneettia vain vanhempien valvonnassa.<\/span>","protected":false},"excerpt":{"rendered":"<p><span style=\"font-weight: 400;\">Terror-magneettimme on suunnattu edistyneille ja rohkeille magneettikalastajille, jotka haluavat saada saaliiksi jotain, mit\u00e4 mik\u00e4\u00e4n muu magneettikalastaja ei ole aiemmin saanut. 360\u00b0 magneettikent\u00e4n ansiosta t\u00e4m\u00e4 puhdas Neodyymimagneetti on \u00e4\u00e4rimm\u00e4isen voimakas ja sen vetovoima voi olla jopa 1000 kg. Varoitus: t\u00e4m\u00e4 magneetti ei sovi heikkohermoisille!<\/span><\/p>\n","protected":false},"featured_media":78490,"comment_status":"open","ping_status":"closed","template":"","meta":{"_acf_changed":false,"inline_featured_image":false},"product_brand":[],"product_cat":[717,712],"product_tag":[],"class_list":{"0":"post-85361","1":"product","2":"type-product","3":"status-publish","4":"has-post-thumbnail","6":"product_cat-allround-360-kalastusmagneetit","7":"product_cat-kalastusmagneetit","9":"first","10":"instock","11":"taxable","12":"shipping-taxable","13":"purchasable","14":"product-type-simple"},"acf":[],"yoast_head":"<!-- This site is optimized with the Yoast SEO plugin v27.3 - https:\/\/yoast.com\/product\/yoast-seo-wordpress\/ -->\n<title>Terror Magnet \u00ae - 1000 kg - Allround 360\u00b0<\/title>\n<meta name=\"description\" content=\"Magnetarin Terror-magneettikalastusmagneetti. 360 1000 kg vetovoima, n\u00e4hty YouTubessa! Tilaa ennen klo 23:00: toimitus huomenna!\" \/>\n<meta name=\"robots\" content=\"index, follow, max-snippet:-1, max-image-preview:large, max-video-preview:-1\" \/>\n<link rel=\"canonical\" href=\"https:\/\/magnetarmagnets.com\/fi\/shop\/terror-magnet-1000-kg-allround-360\/\" \/>\n<meta property=\"og:locale\" content=\"fi_FI\" \/>\n<meta property=\"og:type\" content=\"article\" \/>\n<meta property=\"og:title\" content=\"Terror Magnet \u00ae - 1000 kg - Allround 360\u00b0\" \/>\n<meta property=\"og:description\" content=\"Magnetarin Terror-magneettikalastusmagneetti. 360 1000 kg vetovoima, n\u00e4hty YouTubessa! Tilaa ennen klo 23:00: toimitus huomenna!\" \/>\n<meta property=\"og:url\" content=\"https:\/\/magnetarmagnets.com\/fi\/shop\/terror-magnet-1000-kg-allround-360\/\" \/>\n<meta property=\"og:site_name\" content=\"Magnet fishing with a Magnetar fishing magnet\" \/>\n<meta property=\"article:publisher\" content=\"https:\/\/www.facebook.com\/fishingmagnets\/\" \/>\n<meta property=\"article:modified_time\" content=\"2026-04-03T08:14:43+00:00\" \/>\n<meta property=\"og:image\" content=\"https:\/\/magnetarmagnets.com\/wp-content\/uploads\/2018\/08\/Terror-magnet-360-Degrees-Neodymium.jpeg\" \/>\n\t<meta property=\"og:image:width\" content=\"1000\" \/>\n\t<meta property=\"og:image:height\" content=\"1000\" \/>\n\t<meta property=\"og:image:type\" content=\"image\/jpeg\" \/>\n<meta name=\"twitter:card\" content=\"summary_large_image\" \/>\n<meta name=\"twitter:label1\" content=\"Arvioitu lukuaika\" \/>\n\t<meta name=\"twitter:data1\" content=\"5 minuuttia\" \/>\n<script type=\"application\/ld+json\" class=\"yoast-schema-graph\">{\"@context\":\"https:\\\/\\\/schema.org\",\"@graph\":[{\"@type\":[\"WebPage\",\"ItemPage\"],\"@id\":\"https:\\\/\\\/magnetarmagnets.com\\\/fi\\\/shop\\\/terror-magnet-1000-kg-allround-360\\\/\",\"url\":\"https:\\\/\\\/magnetarmagnets.com\\\/fi\\\/shop\\\/terror-magnet-1000-kg-allround-360\\\/\",\"name\":\"Terror Magnet \u00ae - 1000 kg - Allround 360\u00b0\",\"isPartOf\":{\"@id\":\"https:\\\/\\\/magnetarmagnets.com\\\/fi\\\/#website\"},\"primaryImageOfPage\":{\"@id\":\"https:\\\/\\\/magnetarmagnets.com\\\/fi\\\/shop\\\/terror-magnet-1000-kg-allround-360\\\/#primaryimage\"},\"image\":{\"@id\":\"https:\\\/\\\/magnetarmagnets.com\\\/fi\\\/shop\\\/terror-magnet-1000-kg-allround-360\\\/#primaryimage\"},\"thumbnailUrl\":\"https:\\\/\\\/magnetarmagnets.com\\\/wp-content\\\/uploads\\\/2018\\\/08\\\/Terror-magnet-360-Degrees-Neodymium.jpeg\",\"datePublished\":\"2025-06-05T07:54:39+00:00\",\"dateModified\":\"2026-04-03T08:14:43+00:00\",\"description\":\"Magnetarin Terror-magneettikalastusmagneetti. 360 1000 kg vetovoima, n\u00e4hty YouTubessa! Tilaa ennen klo 23:00: toimitus huomenna!\",\"breadcrumb\":{\"@id\":\"https:\\\/\\\/magnetarmagnets.com\\\/fi\\\/shop\\\/terror-magnet-1000-kg-allround-360\\\/#breadcrumb\"},\"inLanguage\":\"fi\",\"potentialAction\":[{\"@type\":\"ReadAction\",\"target\":[\"https:\\\/\\\/magnetarmagnets.com\\\/fi\\\/shop\\\/terror-magnet-1000-kg-allround-360\\\/\"]}]},{\"@type\":\"ImageObject\",\"inLanguage\":\"fi\",\"@id\":\"https:\\\/\\\/magnetarmagnets.com\\\/fi\\\/shop\\\/terror-magnet-1000-kg-allround-360\\\/#primaryimage\",\"url\":\"https:\\\/\\\/magnetarmagnets.com\\\/wp-content\\\/uploads\\\/2018\\\/08\\\/Terror-magnet-360-Degrees-Neodymium.jpeg\",\"contentUrl\":\"https:\\\/\\\/magnetarmagnets.com\\\/wp-content\\\/uploads\\\/2018\\\/08\\\/Terror-magnet-360-Degrees-Neodymium.jpeg\",\"width\":1000,\"height\":1000,\"caption\":\"Terror magnet for magnet fishing with 360 Degree Neodymium pull power\"},{\"@type\":\"BreadcrumbList\",\"@id\":\"https:\\\/\\\/magnetarmagnets.com\\\/fi\\\/shop\\\/terror-magnet-1000-kg-allround-360\\\/#breadcrumb\",\"itemListElement\":[{\"@type\":\"ListItem\",\"position\":1,\"name\":\"Home\",\"item\":\"https:\\\/\\\/magnetarmagnets.com\\\/fi\\\/\"},{\"@type\":\"ListItem\",\"position\":2,\"name\":\"Verkkokauppa\",\"item\":\"https:\\\/\\\/magnetarmagnets.com\\\/verkkokauppa\\\/\"},{\"@type\":\"ListItem\",\"position\":3,\"name\":\"Kalastusmagneetit\",\"item\":\"https:\\\/\\\/magnetarmagnets.com\\\/fi\\\/collections\\\/kalastusmagneetit\\\/\"},{\"@type\":\"ListItem\",\"position\":4,\"name\":\"Allround 360\u00b0 kalastusmagneetit\",\"item\":\"https:\\\/\\\/magnetarmagnets.com\\\/fi\\\/collections\\\/kalastusmagneetit\\\/allround-360-kalastusmagneetit\\\/\"},{\"@type\":\"ListItem\",\"position\":5,\"name\":\"Terror Magnet \u00ae &#8211; 1000 kg &#8211; Allround 360\u00b0\"}]},{\"@type\":\"WebSite\",\"@id\":\"https:\\\/\\\/magnetarmagnets.com\\\/fi\\\/#website\",\"url\":\"https:\\\/\\\/magnetarmagnets.com\\\/fi\\\/\",\"name\":\"Magnet fishing with a Magnetar fishing magnet\",\"description\":\"Vahvat magneetit magneettikalastukseen\\n\\n\",\"publisher\":{\"@id\":\"https:\\\/\\\/magnetarmagnets.com\\\/fi\\\/#organization\"},\"potentialAction\":[{\"@type\":\"SearchAction\",\"target\":{\"@type\":\"EntryPoint\",\"urlTemplate\":\"https:\\\/\\\/magnetarmagnets.com\\\/fi\\\/?s={search_term_string}\"},\"query-input\":{\"@type\":\"PropertyValueSpecification\",\"valueRequired\":true,\"valueName\":\"search_term_string\"}}],\"inLanguage\":\"fi\"},{\"@type\":\"Organization\",\"@id\":\"https:\\\/\\\/magnetarmagnets.com\\\/fi\\\/#organization\",\"name\":\"Magnetar\",\"url\":\"https:\\\/\\\/magnetarmagnets.com\\\/fi\\\/\",\"logo\":{\"@type\":\"ImageObject\",\"inLanguage\":\"fi\",\"@id\":\"https:\\\/\\\/magnetarmagnets.com\\\/fi\\\/#\\\/schema\\\/logo\\\/image\\\/\",\"url\":\"https:\\\/\\\/magnetarmagnets.com\\\/wp-content\\\/uploads\\\/2025\\\/05\\\/Logo-03_PNG-Black-scaled.png\",\"contentUrl\":\"https:\\\/\\\/magnetarmagnets.com\\\/wp-content\\\/uploads\\\/2025\\\/05\\\/Logo-03_PNG-Black-scaled.png\",\"width\":2560,\"height\":1658,\"caption\":\"Magnetar\"},\"image\":{\"@id\":\"https:\\\/\\\/magnetarmagnets.com\\\/fi\\\/#\\\/schema\\\/logo\\\/image\\\/\"},\"sameAs\":[\"https:\\\/\\\/www.facebook.com\\\/fishingmagnets\\\/\",\"https:\\\/\\\/www.instagram.com\\\/magnetar_magnets\\\/\",\"https:\\\/\\\/www.linkedin.com\\\/company\\\/magnetarbv\\\/?originalSubdomain=nl\",\"https:\\\/\\\/www.youtube.com\\\/c\\\/MagnetarVismagneet\"]}]}<\/script>\n<!-- \/ Yoast SEO plugin. -->","yoast_head_json":{"title":"Terror Magnet \u00ae - 1000 kg - Allround 360\u00b0","description":"Magnetarin Terror-magneettikalastusmagneetti. 360 1000 kg vetovoima, n\u00e4hty YouTubessa! Tilaa ennen klo 23:00: toimitus huomenna!","robots":{"index":"index","follow":"follow","max-snippet":"max-snippet:-1","max-image-preview":"max-image-preview:large","max-video-preview":"max-video-preview:-1"},"canonical":"https:\/\/magnetarmagnets.com\/fi\/shop\/terror-magnet-1000-kg-allround-360\/","og_locale":"fi_FI","og_type":"article","og_title":"Terror Magnet \u00ae - 1000 kg - Allround 360\u00b0","og_description":"Magnetarin Terror-magneettikalastusmagneetti. 360 1000 kg vetovoima, n\u00e4hty YouTubessa! Tilaa ennen klo 23:00: toimitus huomenna!","og_url":"https:\/\/magnetarmagnets.com\/fi\/shop\/terror-magnet-1000-kg-allround-360\/","og_site_name":"Magnet fishing with a Magnetar fishing magnet","article_publisher":"https:\/\/www.facebook.com\/fishingmagnets\/","article_modified_time":"2026-04-03T08:14:43+00:00","og_image":[{"width":1000,"height":1000,"url":"https:\/\/magnetarmagnets.com\/wp-content\/uploads\/2018\/08\/Terror-magnet-360-Degrees-Neodymium.jpeg","type":"image\/jpeg"}],"twitter_card":"summary_large_image","twitter_misc":{"Arvioitu lukuaika":"5 minuuttia"},"schema":{"@context":"https:\/\/schema.org","@graph":[{"@type":["WebPage","ItemPage"],"@id":"https:\/\/magnetarmagnets.com\/fi\/shop\/terror-magnet-1000-kg-allround-360\/","url":"https:\/\/magnetarmagnets.com\/fi\/shop\/terror-magnet-1000-kg-allround-360\/","name":"Terror Magnet \u00ae - 1000 kg - Allround 360\u00b0","isPartOf":{"@id":"https:\/\/magnetarmagnets.com\/fi\/#website"},"primaryImageOfPage":{"@id":"https:\/\/magnetarmagnets.com\/fi\/shop\/terror-magnet-1000-kg-allround-360\/#primaryimage"},"image":{"@id":"https:\/\/magnetarmagnets.com\/fi\/shop\/terror-magnet-1000-kg-allround-360\/#primaryimage"},"thumbnailUrl":"https:\/\/magnetarmagnets.com\/wp-content\/uploads\/2018\/08\/Terror-magnet-360-Degrees-Neodymium.jpeg","datePublished":"2025-06-05T07:54:39+00:00","dateModified":"2026-04-03T08:14:43+00:00","description":"Magnetarin Terror-magneettikalastusmagneetti. 360 1000 kg vetovoima, n\u00e4hty YouTubessa! Tilaa ennen klo 23:00: toimitus huomenna!","breadcrumb":{"@id":"https:\/\/magnetarmagnets.com\/fi\/shop\/terror-magnet-1000-kg-allround-360\/#breadcrumb"},"inLanguage":"fi","potentialAction":[{"@type":"ReadAction","target":["https:\/\/magnetarmagnets.com\/fi\/shop\/terror-magnet-1000-kg-allround-360\/"]}]},{"@type":"ImageObject","inLanguage":"fi","@id":"https:\/\/magnetarmagnets.com\/fi\/shop\/terror-magnet-1000-kg-allround-360\/#primaryimage","url":"https:\/\/magnetarmagnets.com\/wp-content\/uploads\/2018\/08\/Terror-magnet-360-Degrees-Neodymium.jpeg","contentUrl":"https:\/\/magnetarmagnets.com\/wp-content\/uploads\/2018\/08\/Terror-magnet-360-Degrees-Neodymium.jpeg","width":1000,"height":1000,"caption":"Terror magnet for magnet fishing with 360 Degree Neodymium pull power"},{"@type":"BreadcrumbList","@id":"https:\/\/magnetarmagnets.com\/fi\/shop\/terror-magnet-1000-kg-allround-360\/#breadcrumb","itemListElement":[{"@type":"ListItem","position":1,"name":"Home","item":"https:\/\/magnetarmagnets.com\/fi\/"},{"@type":"ListItem","position":2,"name":"Verkkokauppa","item":"https:\/\/magnetarmagnets.com\/verkkokauppa\/"},{"@type":"ListItem","position":3,"name":"Kalastusmagneetit","item":"https:\/\/magnetarmagnets.com\/fi\/collections\/kalastusmagneetit\/"},{"@type":"ListItem","position":4,"name":"Allround 360\u00b0 kalastusmagneetit","item":"https:\/\/magnetarmagnets.com\/fi\/collections\/kalastusmagneetit\/allround-360-kalastusmagneetit\/"},{"@type":"ListItem","position":5,"name":"Terror Magnet \u00ae &#8211; 1000 kg &#8211; Allround 360\u00b0"}]},{"@type":"WebSite","@id":"https:\/\/magnetarmagnets.com\/fi\/#website","url":"https:\/\/magnetarmagnets.com\/fi\/","name":"Magnet fishing with a Magnetar fishing magnet","description":"Vahvat magneetit magneettikalastukseen\n\n","publisher":{"@id":"https:\/\/magnetarmagnets.com\/fi\/#organization"},"potentialAction":[{"@type":"SearchAction","target":{"@type":"EntryPoint","urlTemplate":"https:\/\/magnetarmagnets.com\/fi\/?s={search_term_string}"},"query-input":{"@type":"PropertyValueSpecification","valueRequired":true,"valueName":"search_term_string"}}],"inLanguage":"fi"},{"@type":"Organization","@id":"https:\/\/magnetarmagnets.com\/fi\/#organization","name":"Magnetar","url":"https:\/\/magnetarmagnets.com\/fi\/","logo":{"@type":"ImageObject","inLanguage":"fi","@id":"https:\/\/magnetarmagnets.com\/fi\/#\/schema\/logo\/image\/","url":"https:\/\/magnetarmagnets.com\/wp-content\/uploads\/2025\/05\/Logo-03_PNG-Black-scaled.png","contentUrl":"https:\/\/magnetarmagnets.com\/wp-content\/uploads\/2025\/05\/Logo-03_PNG-Black-scaled.png","width":2560,"height":1658,"caption":"Magnetar"},"image":{"@id":"https:\/\/magnetarmagnets.com\/fi\/#\/schema\/logo\/image\/"},"sameAs":["https:\/\/www.facebook.com\/fishingmagnets\/","https:\/\/www.instagram.com\/magnetar_magnets\/","https:\/\/www.linkedin.com\/company\/magnetarbv\/?originalSubdomain=nl","https:\/\/www.youtube.com\/c\/MagnetarVismagneet"]}]}},"_links":{"self":[{"href":"https:\/\/magnetarmagnets.com\/fi\/wp-json\/wp\/v2\/product\/85361","targetHints":{"allow":["GET"]}}],"collection":[{"href":"https:\/\/magnetarmagnets.com\/fi\/wp-json\/wp\/v2\/product"}],"about":[{"href":"https:\/\/magnetarmagnets.com\/fi\/wp-json\/wp\/v2\/types\/product"}],"replies":[{"embeddable":true,"href":"https:\/\/magnetarmagnets.com\/fi\/wp-json\/wp\/v2\/comments?post=85361"}],"version-history":[{"count":0,"href":"https:\/\/magnetarmagnets.com\/fi\/wp-json\/wp\/v2\/product\/85361\/revisions"}],"wp:featuredmedia":[{"embeddable":true,"href":"https:\/\/magnetarmagnets.com\/fi\/wp-json\/wp\/v2\/media\/78490"}],"wp:attachment":[{"href":"https:\/\/magnetarmagnets.com\/fi\/wp-json\/wp\/v2\/media?parent=85361"}],"wp:term":[{"taxonomy":"product_brand","embeddable":true,"href":"https:\/\/magnetarmagnets.com\/fi\/wp-json\/wp\/v2\/product_brand?post=85361"},{"taxonomy":"product_cat","embeddable":true,"href":"https:\/\/magnetarmagnets.com\/fi\/wp-json\/wp\/v2\/product_cat?post=85361"},{"taxonomy":"product_tag","embeddable":true,"href":"https:\/\/magnetarmagnets.com\/fi\/wp-json\/wp\/v2\/product_tag?post=85361"}],"curies":[{"name":"wp","href":"https:\/\/api.w.org\/{rel}","templated":true}]}}