{"id":85360,"date":"2025-06-05T09:54:41","date_gmt":"2025-06-05T07:54:41","guid":{"rendered":"https:\/\/magnetarmagnets.com\/shop\/edistynyt-paketti-400-kg-yksipuolinen\/"},"modified":"2026-04-07T06:19:35","modified_gmt":"2026-04-07T04:19:35","slug":"edistynyt-paketti-400-kg-yksipuolinen","status":"publish","type":"product","link":"https:\/\/magnetarmagnets.com\/fi\/shop\/edistynyt-paketti-400-kg-yksipuolinen\/","title":{"rendered":"Edistynyt paketti &#8211; 400 kg &#8211; Yksipuolinen"},"content":{"rendered":"Etsitk\u00f6 kaiken kattavaa magneettikalastuspakkia? Edistynyt paketti 880 lb \/ 400 kg &#8211; yksipuolinen sis\u00e4lt\u00e4\u00e4 kaiken tarvitsemiesi varusteiden veden \u00e4\u00e4relle. T\u00e4m\u00e4 magneettikalastussetti koostuu Classic fishing magnet 400 -magneetista, parista magneettikalastushanskoja, uniikilla tavalla suunnitellusta narusta, koukusta sek\u00e4 magneetti-lakasta, jotka valmistavat sinut mihin tahansa haasteeseen.\n\n<h2>Edistynyt paketti 880 lb \/ 400 kg \u2013 sis\u00e4lt\u00f6<\/h2>\n\n<a href=\"https:\/\/magnetarmagnets.com\/shop\/classic-fishing-magnet-880lb-400kg\/\"><strong>Classic <\/strong><\/a><a href=\"https:\/\/magnetarmagnets.com\/shop\/classic-fishing-magnet-880lb-400kg\/\"><strong>Fishing Magnet <\/strong><\/a><a href=\"https:\/\/magnetarmagnets.com\/shop\/classic-fishing-magnet-880lb-400kg\/\"><strong>400 kg<\/strong><\/a> on yksi Magnetarin tehokkaimmista yksipuolisista kalastusmagneeteista. T\u00e4m\u00e4 tuote on suojattu peitteell\u00e4, joka ehk\u00e4isee vaurioita putoamisista tai iskusta. Lis\u00e4ksi magneetti keskitt\u00e4\u00e4 kaiken magneettisen voiman pohjalleen. Magneettisen vetovoiman keskitt\u00e4minen yhdelle puolelle tekee t\u00e4st\u00e4 magneetista eritt\u00e4in tehokkaan. Niin tehokkaan, ett\u00e4 voi olla haastavaa irrottaa esineit\u00e4 magneetista. T\u00e4ll\u00e4 magneetilla painavat ja tasapintaiset esineet, kuten holvit, auton osat ja metallipalkit, saadaan helposti vedest\u00e4 pintaan. Lis\u00e4ksi pienemm\u00e4t historialliset esineet eiv\u00e4t mahdu kilpailemaan t\u00e4m\u00e4n kalastusmagneetin kanssa.\n\n\n\nVetovoima 880 lb (400 kg) saavutetaan vain t\u00e4ydellisiss\u00e4 olosuhteissa, kun magneetti koskettaa 2 cm paksua ruostumatonta metallilevy\u00e4. T\u00e4llaisen tilanteen sattuminen magneettikalastuksessa ei kuitenkaan ole kovin yleist\u00e4. Haluatko tiet\u00e4\u00e4, miten kalastusmagneetin vetovoima m\u00e4\u00e4ritell\u00e4\u00e4n? Katso <a href=\"https:\/\/www.youtube.com\/watch?v=2McW3RURDxs&amp;t=14s\"><strong>magnetinen vetotesti<\/strong><\/a> -videomme.\n\n\n\nMukana tuleva naru on suunniteltu magneettikalastusta silm\u00e4ll\u00e4 pit\u00e4en. Narussa on sek\u00e4 valmiiksi kiinnitetty lenkki ett\u00e4 karabiinihaka, joten monimutkaisia solmuja ei tarvita. Lis\u00e4ksi paketissa on koukku, jolla saa vedetty\u00e4 vett\u00e4 painavia ja ei-magneettisia esineit\u00e4. Mukana on my\u00f6s magneetti-lakka, joka pit\u00e4\u00e4 silm\u00e4ruuvit turvallisesti kiinni magneetissa. K\u00e4yt\u00e4 aina mukana tulevia hanskoja suojataksesi k\u00e4si\u00e4si magneettikalastuksen aikana.\n\n\n\nEtsitk\u00f6 lapsiyst\u00e4v\u00e4llisemp\u00e4\u00e4 kaiken kattavaa magneettikalastuspakkia? Tutustu <a href=\"https:\/\/magnetarmagnets.com\/shop\/starterpackage\/\"><strong>Starter Packageen<\/strong><\/a>. Haluatko kokonaisvaltaisen 360\u00b0 magneetin? Pro Package yhdess\u00e4 <a href=\"https:\/\/magnetarmagnets.com\/shop\/hardcore-magnet-2\/\"><strong>Hardcore<\/strong><\/a> magneetin kanssa saattaa olla sopiva sinulle. \u00c4l\u00e4 unohda tutustua parhaisiin <a href=\"https:\/\/magnetarmagnets.com\/magnet-fishing-kit\/\" target=\"_blank\" rel=\"noopener\">magneettikalastuspakkauksiin<\/a> ja <a href=\"https:\/\/magnetarmagnets.com\/accessories\/\" target=\"_blank\" rel=\"noopener\">magneettikalastusvarusteisiin<\/a>.","protected":false},"excerpt":{"rendered":"<p>Sarja, joka sopii <strong>jokaiselle magneettikalastajalle<\/strong>. Aloita seikkailusi t\u00e4ll\u00e4 <strong>t\u00e4ydellisell\u00e4 paketilla<\/strong>, joka <strong>sis\u00e4lt\u00e4\u00e4 kaiken tarvittavan<\/strong>.<\/p>\n","protected":false},"featured_media":78866,"comment_status":"open","ping_status":"closed","template":"","meta":{"_acf_changed":false,"inline_featured_image":false},"product_brand":[],"product_cat":[712,719,725,715],"product_tag":[238],"class_list":{"0":"post-85360","1":"product","2":"type-product","3":"status-publish","4":"has-post-thumbnail","6":"product_cat-kalastusmagneetit","7":"product_cat-kalastusmagneettipaketti","8":"product_cat-kokeneet-seikkailijat","9":"product_cat-yksipuoliset-kalastusmagneetit","10":"product_tag-free-shipping-2","12":"first","13":"instock","14":"sale","15":"taxable","16":"shipping-taxable","17":"purchasable","18":"product-type-simple"},"acf":[],"yoast_head":"<!-- This site is optimized with the Yoast SEO plugin v27.3 - https:\/\/yoast.com\/product\/yoast-seo-wordpress\/ -->\n<title>Edistynyt paketti - 400 kg - Yksipuolinen - Magnet fishing with a Magnetar fishing magnet<\/title>\n<meta name=\"description\" content=\"Edistynyt paketti - 400 kg kalastusmagneetti - Magnetar\" \/>\n<meta name=\"robots\" content=\"index, follow, max-snippet:-1, max-image-preview:large, max-video-preview:-1\" \/>\n<link rel=\"canonical\" href=\"https:\/\/magnetarmagnets.com\/fi\/shop\/edistynyt-paketti-400-kg-yksipuolinen\/\" \/>\n<meta property=\"og:locale\" content=\"fi_FI\" \/>\n<meta property=\"og:type\" content=\"article\" \/>\n<meta property=\"og:title\" content=\"Edistynyt paketti - 400 kg - Yksipuolinen - Magnet fishing with a Magnetar fishing magnet\" \/>\n<meta property=\"og:description\" content=\"Edistynyt paketti - 400 kg kalastusmagneetti - Magnetar\" \/>\n<meta property=\"og:url\" content=\"https:\/\/magnetarmagnets.com\/fi\/shop\/edistynyt-paketti-400-kg-yksipuolinen\/\" \/>\n<meta property=\"og:site_name\" content=\"Magnet fishing with a Magnetar fishing magnet\" \/>\n<meta property=\"article:publisher\" content=\"https:\/\/www.facebook.com\/fishingmagnets\/\" \/>\n<meta property=\"article:modified_time\" content=\"2026-04-07T04:19:35+00:00\" \/>\n<meta property=\"og:image\" content=\"https:\/\/magnetarmagnets.com\/wp-content\/uploads\/2021\/10\/MAGNETAR-ADVANCED-KIT-GOOGLE.jpg\" \/>\n\t<meta property=\"og:image:width\" content=\"1500\" \/>\n\t<meta property=\"og:image:height\" content=\"1500\" \/>\n\t<meta property=\"og:image:type\" content=\"image\/jpeg\" \/>\n<meta name=\"twitter:card\" content=\"summary_large_image\" \/>\n<meta name=\"twitter:label1\" content=\"Arvioitu lukuaika\" \/>\n\t<meta name=\"twitter:data1\" content=\"3 minuuttia\" \/>\n<script type=\"application\/ld+json\" class=\"yoast-schema-graph\">{\"@context\":\"https:\\\/\\\/schema.org\",\"@graph\":[{\"@type\":[\"WebPage\",\"ItemPage\"],\"@id\":\"https:\\\/\\\/magnetarmagnets.com\\\/fi\\\/shop\\\/edistynyt-paketti-400-kg-yksipuolinen\\\/\",\"url\":\"https:\\\/\\\/magnetarmagnets.com\\\/fi\\\/shop\\\/edistynyt-paketti-400-kg-yksipuolinen\\\/\",\"name\":\"Edistynyt paketti - 400 kg - Yksipuolinen - Magnet fishing with a Magnetar fishing magnet\",\"isPartOf\":{\"@id\":\"https:\\\/\\\/magnetarmagnets.com\\\/fi\\\/#website\"},\"primaryImageOfPage\":{\"@id\":\"https:\\\/\\\/magnetarmagnets.com\\\/fi\\\/shop\\\/edistynyt-paketti-400-kg-yksipuolinen\\\/#primaryimage\"},\"image\":{\"@id\":\"https:\\\/\\\/magnetarmagnets.com\\\/fi\\\/shop\\\/edistynyt-paketti-400-kg-yksipuolinen\\\/#primaryimage\"},\"thumbnailUrl\":\"https:\\\/\\\/magnetarmagnets.com\\\/wp-content\\\/uploads\\\/2021\\\/10\\\/MAGNETAR-ADVANCED-KIT-GOOGLE.jpg\",\"datePublished\":\"2025-06-05T07:54:41+00:00\",\"dateModified\":\"2026-04-07T04:19:35+00:00\",\"description\":\"Edistynyt paketti - 400 kg kalastusmagneetti - Magnetar\",\"breadcrumb\":{\"@id\":\"https:\\\/\\\/magnetarmagnets.com\\\/fi\\\/shop\\\/edistynyt-paketti-400-kg-yksipuolinen\\\/#breadcrumb\"},\"inLanguage\":\"fi\",\"potentialAction\":[{\"@type\":\"ReadAction\",\"target\":[\"https:\\\/\\\/magnetarmagnets.com\\\/fi\\\/shop\\\/edistynyt-paketti-400-kg-yksipuolinen\\\/\"]}]},{\"@type\":\"ImageObject\",\"inLanguage\":\"fi\",\"@id\":\"https:\\\/\\\/magnetarmagnets.com\\\/fi\\\/shop\\\/edistynyt-paketti-400-kg-yksipuolinen\\\/#primaryimage\",\"url\":\"https:\\\/\\\/magnetarmagnets.com\\\/wp-content\\\/uploads\\\/2021\\\/10\\\/MAGNETAR-ADVANCED-KIT-GOOGLE.jpg\",\"contentUrl\":\"https:\\\/\\\/magnetarmagnets.com\\\/wp-content\\\/uploads\\\/2021\\\/10\\\/MAGNETAR-ADVANCED-KIT-GOOGLE.jpg\",\"width\":1500,\"height\":1500,\"caption\":\"MAGNETAR-ADVANCED-KIT\"},{\"@type\":\"BreadcrumbList\",\"@id\":\"https:\\\/\\\/magnetarmagnets.com\\\/fi\\\/shop\\\/edistynyt-paketti-400-kg-yksipuolinen\\\/#breadcrumb\",\"itemListElement\":[{\"@type\":\"ListItem\",\"position\":1,\"name\":\"Home\",\"item\":\"https:\\\/\\\/magnetarmagnets.com\\\/fi\\\/\"},{\"@type\":\"ListItem\",\"position\":2,\"name\":\"Verkkokauppa\",\"item\":\"https:\\\/\\\/magnetarmagnets.com\\\/verkkokauppa\\\/\"},{\"@type\":\"ListItem\",\"position\":3,\"name\":\"Kalastusmagneetit\",\"item\":\"https:\\\/\\\/magnetarmagnets.com\\\/fi\\\/collections\\\/kalastusmagneetit\\\/\"},{\"@type\":\"ListItem\",\"position\":4,\"name\":\"Yksipuoliset kalastusmagneetit\",\"item\":\"https:\\\/\\\/magnetarmagnets.com\\\/fi\\\/collections\\\/kalastusmagneetit\\\/yksipuoliset-kalastusmagneetit\\\/\"},{\"@type\":\"ListItem\",\"position\":5,\"name\":\"Edistynyt paketti &#8211; 400 kg &#8211; Yksipuolinen\"}]},{\"@type\":\"WebSite\",\"@id\":\"https:\\\/\\\/magnetarmagnets.com\\\/fi\\\/#website\",\"url\":\"https:\\\/\\\/magnetarmagnets.com\\\/fi\\\/\",\"name\":\"Magnet fishing with a Magnetar fishing magnet\",\"description\":\"Vahvat magneetit magneettikalastukseen\\n\\n\",\"publisher\":{\"@id\":\"https:\\\/\\\/magnetarmagnets.com\\\/fi\\\/#organization\"},\"potentialAction\":[{\"@type\":\"SearchAction\",\"target\":{\"@type\":\"EntryPoint\",\"urlTemplate\":\"https:\\\/\\\/magnetarmagnets.com\\\/fi\\\/?s={search_term_string}\"},\"query-input\":{\"@type\":\"PropertyValueSpecification\",\"valueRequired\":true,\"valueName\":\"search_term_string\"}}],\"inLanguage\":\"fi\"},{\"@type\":\"Organization\",\"@id\":\"https:\\\/\\\/magnetarmagnets.com\\\/fi\\\/#organization\",\"name\":\"Magnetar\",\"url\":\"https:\\\/\\\/magnetarmagnets.com\\\/fi\\\/\",\"logo\":{\"@type\":\"ImageObject\",\"inLanguage\":\"fi\",\"@id\":\"https:\\\/\\\/magnetarmagnets.com\\\/fi\\\/#\\\/schema\\\/logo\\\/image\\\/\",\"url\":\"https:\\\/\\\/magnetarmagnets.com\\\/wp-content\\\/uploads\\\/2025\\\/05\\\/Logo-03_PNG-Black-scaled.png\",\"contentUrl\":\"https:\\\/\\\/magnetarmagnets.com\\\/wp-content\\\/uploads\\\/2025\\\/05\\\/Logo-03_PNG-Black-scaled.png\",\"width\":2560,\"height\":1658,\"caption\":\"Magnetar\"},\"image\":{\"@id\":\"https:\\\/\\\/magnetarmagnets.com\\\/fi\\\/#\\\/schema\\\/logo\\\/image\\\/\"},\"sameAs\":[\"https:\\\/\\\/www.facebook.com\\\/fishingmagnets\\\/\",\"https:\\\/\\\/www.instagram.com\\\/magnetar_magnets\\\/\",\"https:\\\/\\\/www.linkedin.com\\\/company\\\/magnetarbv\\\/?originalSubdomain=nl\",\"https:\\\/\\\/www.youtube.com\\\/c\\\/MagnetarVismagneet\"]}]}<\/script>\n<!-- \/ Yoast SEO plugin. -->","yoast_head_json":{"title":"Edistynyt paketti - 400 kg - Yksipuolinen - Magnet fishing with a Magnetar fishing magnet","description":"Edistynyt paketti - 400 kg kalastusmagneetti - Magnetar","robots":{"index":"index","follow":"follow","max-snippet":"max-snippet:-1","max-image-preview":"max-image-preview:large","max-video-preview":"max-video-preview:-1"},"canonical":"https:\/\/magnetarmagnets.com\/fi\/shop\/edistynyt-paketti-400-kg-yksipuolinen\/","og_locale":"fi_FI","og_type":"article","og_title":"Edistynyt paketti - 400 kg - Yksipuolinen - Magnet fishing with a Magnetar fishing magnet","og_description":"Edistynyt paketti - 400 kg kalastusmagneetti - Magnetar","og_url":"https:\/\/magnetarmagnets.com\/fi\/shop\/edistynyt-paketti-400-kg-yksipuolinen\/","og_site_name":"Magnet fishing with a Magnetar fishing magnet","article_publisher":"https:\/\/www.facebook.com\/fishingmagnets\/","article_modified_time":"2026-04-07T04:19:35+00:00","og_image":[{"width":1500,"height":1500,"url":"https:\/\/magnetarmagnets.com\/wp-content\/uploads\/2021\/10\/MAGNETAR-ADVANCED-KIT-GOOGLE.jpg","type":"image\/jpeg"}],"twitter_card":"summary_large_image","twitter_misc":{"Arvioitu lukuaika":"3 minuuttia"},"schema":{"@context":"https:\/\/schema.org","@graph":[{"@type":["WebPage","ItemPage"],"@id":"https:\/\/magnetarmagnets.com\/fi\/shop\/edistynyt-paketti-400-kg-yksipuolinen\/","url":"https:\/\/magnetarmagnets.com\/fi\/shop\/edistynyt-paketti-400-kg-yksipuolinen\/","name":"Edistynyt paketti - 400 kg - Yksipuolinen - Magnet fishing with a Magnetar fishing magnet","isPartOf":{"@id":"https:\/\/magnetarmagnets.com\/fi\/#website"},"primaryImageOfPage":{"@id":"https:\/\/magnetarmagnets.com\/fi\/shop\/edistynyt-paketti-400-kg-yksipuolinen\/#primaryimage"},"image":{"@id":"https:\/\/magnetarmagnets.com\/fi\/shop\/edistynyt-paketti-400-kg-yksipuolinen\/#primaryimage"},"thumbnailUrl":"https:\/\/magnetarmagnets.com\/wp-content\/uploads\/2021\/10\/MAGNETAR-ADVANCED-KIT-GOOGLE.jpg","datePublished":"2025-06-05T07:54:41+00:00","dateModified":"2026-04-07T04:19:35+00:00","description":"Edistynyt paketti - 400 kg kalastusmagneetti - Magnetar","breadcrumb":{"@id":"https:\/\/magnetarmagnets.com\/fi\/shop\/edistynyt-paketti-400-kg-yksipuolinen\/#breadcrumb"},"inLanguage":"fi","potentialAction":[{"@type":"ReadAction","target":["https:\/\/magnetarmagnets.com\/fi\/shop\/edistynyt-paketti-400-kg-yksipuolinen\/"]}]},{"@type":"ImageObject","inLanguage":"fi","@id":"https:\/\/magnetarmagnets.com\/fi\/shop\/edistynyt-paketti-400-kg-yksipuolinen\/#primaryimage","url":"https:\/\/magnetarmagnets.com\/wp-content\/uploads\/2021\/10\/MAGNETAR-ADVANCED-KIT-GOOGLE.jpg","contentUrl":"https:\/\/magnetarmagnets.com\/wp-content\/uploads\/2021\/10\/MAGNETAR-ADVANCED-KIT-GOOGLE.jpg","width":1500,"height":1500,"caption":"MAGNETAR-ADVANCED-KIT"},{"@type":"BreadcrumbList","@id":"https:\/\/magnetarmagnets.com\/fi\/shop\/edistynyt-paketti-400-kg-yksipuolinen\/#breadcrumb","itemListElement":[{"@type":"ListItem","position":1,"name":"Home","item":"https:\/\/magnetarmagnets.com\/fi\/"},{"@type":"ListItem","position":2,"name":"Verkkokauppa","item":"https:\/\/magnetarmagnets.com\/verkkokauppa\/"},{"@type":"ListItem","position":3,"name":"Kalastusmagneetit","item":"https:\/\/magnetarmagnets.com\/fi\/collections\/kalastusmagneetit\/"},{"@type":"ListItem","position":4,"name":"Yksipuoliset kalastusmagneetit","item":"https:\/\/magnetarmagnets.com\/fi\/collections\/kalastusmagneetit\/yksipuoliset-kalastusmagneetit\/"},{"@type":"ListItem","position":5,"name":"Edistynyt paketti &#8211; 400 kg &#8211; Yksipuolinen"}]},{"@type":"WebSite","@id":"https:\/\/magnetarmagnets.com\/fi\/#website","url":"https:\/\/magnetarmagnets.com\/fi\/","name":"Magnet fishing with a Magnetar fishing magnet","description":"Vahvat magneetit magneettikalastukseen\n\n","publisher":{"@id":"https:\/\/magnetarmagnets.com\/fi\/#organization"},"potentialAction":[{"@type":"SearchAction","target":{"@type":"EntryPoint","urlTemplate":"https:\/\/magnetarmagnets.com\/fi\/?s={search_term_string}"},"query-input":{"@type":"PropertyValueSpecification","valueRequired":true,"valueName":"search_term_string"}}],"inLanguage":"fi"},{"@type":"Organization","@id":"https:\/\/magnetarmagnets.com\/fi\/#organization","name":"Magnetar","url":"https:\/\/magnetarmagnets.com\/fi\/","logo":{"@type":"ImageObject","inLanguage":"fi","@id":"https:\/\/magnetarmagnets.com\/fi\/#\/schema\/logo\/image\/","url":"https:\/\/magnetarmagnets.com\/wp-content\/uploads\/2025\/05\/Logo-03_PNG-Black-scaled.png","contentUrl":"https:\/\/magnetarmagnets.com\/wp-content\/uploads\/2025\/05\/Logo-03_PNG-Black-scaled.png","width":2560,"height":1658,"caption":"Magnetar"},"image":{"@id":"https:\/\/magnetarmagnets.com\/fi\/#\/schema\/logo\/image\/"},"sameAs":["https:\/\/www.facebook.com\/fishingmagnets\/","https:\/\/www.instagram.com\/magnetar_magnets\/","https:\/\/www.linkedin.com\/company\/magnetarbv\/?originalSubdomain=nl","https:\/\/www.youtube.com\/c\/MagnetarVismagneet"]}]}},"_links":{"self":[{"href":"https:\/\/magnetarmagnets.com\/fi\/wp-json\/wp\/v2\/product\/85360","targetHints":{"allow":["GET"]}}],"collection":[{"href":"https:\/\/magnetarmagnets.com\/fi\/wp-json\/wp\/v2\/product"}],"about":[{"href":"https:\/\/magnetarmagnets.com\/fi\/wp-json\/wp\/v2\/types\/product"}],"replies":[{"embeddable":true,"href":"https:\/\/magnetarmagnets.com\/fi\/wp-json\/wp\/v2\/comments?post=85360"}],"version-history":[{"count":0,"href":"https:\/\/magnetarmagnets.com\/fi\/wp-json\/wp\/v2\/product\/85360\/revisions"}],"wp:featuredmedia":[{"embeddable":true,"href":"https:\/\/magnetarmagnets.com\/fi\/wp-json\/wp\/v2\/media\/78866"}],"wp:attachment":[{"href":"https:\/\/magnetarmagnets.com\/fi\/wp-json\/wp\/v2\/media?parent=85360"}],"wp:term":[{"taxonomy":"product_brand","embeddable":true,"href":"https:\/\/magnetarmagnets.com\/fi\/wp-json\/wp\/v2\/product_brand?post=85360"},{"taxonomy":"product_cat","embeddable":true,"href":"https:\/\/magnetarmagnets.com\/fi\/wp-json\/wp\/v2\/product_cat?post=85360"},{"taxonomy":"product_tag","embeddable":true,"href":"https:\/\/magnetarmagnets.com\/fi\/wp-json\/wp\/v2\/product_tag?post=85360"}],"curies":[{"name":"wp","href":"https:\/\/api.w.org\/{rel}","templated":true}]}}