{"id":85359,"date":"2025-06-05T09:54:39","date_gmt":"2025-06-05T07:54:39","guid":{"rendered":"https:\/\/magnetarmagnets.com\/shop\/aloituspaketti-200-kg-yksipuolinen\/"},"modified":"2026-04-03T12:30:18","modified_gmt":"2026-04-03T10:30:18","slug":"aloituspaketti-200-kg-yksipuolinen","status":"publish","type":"product","link":"https:\/\/magnetarmagnets.com\/fi\/shop\/aloituspaketti-200-kg-yksipuolinen\/","title":{"rendered":"Aloituspaketti &#8211; 200 kg &#8211; Yksipuolinen"},"content":{"rendered":"Miten aloittaa magneettikalastus? Magnetarin aloituspaketin &#8211; 450 lb \/ 200 kg &#8211; yksipuolisen avulla saat parhaan mahdollisen alun. T\u00e4m\u00e4 paketti sis\u00e4lt\u00e4\u00e4 Classic 200 -kalastusmagneetin, yksipuolisen magneetin, sek\u00e4 lis\u00e4ksi tarttujakoukun, kalastusmagneettik\u00f6yden ja magneettiliiman t\u00e4ydent\u00e4m\u00e4\u00e4n setti\u00e4. N\u00e4in olet valmis kohtaamaan melkein kaiken, mit\u00e4 rantaviivalla voi l\u00f6yt\u00e4\u00e4.\n\n<h2>Aloituspaketti &#8211; 450 lb \/ 200 kg &#8211; yksipuolinen<\/h2>\n\n<a href=\"https:\/\/magnetarmagnets.com\/shop\/classic-fishing-magnet-440lb-200kg\/\"><strong>Classic Fishing Magnet 440 lb \/ 200 kg<\/strong><\/a> on t\u00e4ydellinen magneetti aloittelijoille ja lapsille. Ter\u00e4skotelo suojaa tuotetta putoamisen tai iskun aiheuttamilta vahingoilta. Varmuuden vuoksi. T\u00e4m\u00e4 yksipuolinen magneetti vet\u00e4\u00e4 magneettisesti vain toiselta puolelta. Koko magneettinen voima keskitet\u00e4\u00e4n yhteen suuntaan, mik\u00e4 tekee n\u00e4ist\u00e4 magneeteista eritt\u00e4in tehokkaita oikeissa olosuhteissa.\n\n\n\n450 lb \/ 200 kg vetovoima saavutetaan vain t\u00e4ydellisiss\u00e4 olosuhteissa. T\u00e4m\u00e4 tapahtuu, kun magneetti koskettaa 2 cm paksua hapettumatonta metallilevy\u00e4. Todenn\u00e4k\u00f6isyys, ett\u00e4 t\u00e4m\u00e4 tapahtuu magneettikalastuksen yhteydess\u00e4, ei yleens\u00e4 ole kovin korkea. Haluatko tiet\u00e4\u00e4, miten kalastusmagneetin vetovoima mitataan? Katso video magneettisesta vetotestist\u00e4mme <a href=\"https:\/\/www.youtube.com\/watch?v=2McW3RURDxs&amp;t=14s\"><strong>magnetic pull test<\/strong><\/a>.\n\n\n\nMukana tuleva k\u00f6ysi on suunniteltu magneettikalastukseen. K\u00f6ydess\u00e4 on valmiiksi tehty silmukka ja karabiinihaka, joten vaikeita solmuja ei tarvita. Ihanteellinen ratkaisu aloittelijoille ja lapsille! Lis\u00e4ksi paketissa on tarttujakoukku, jolla voi vet\u00e4\u00e4 ei-magneettisia ja raskaita, suuria esineit\u00e4 vedest\u00e4. Lopuksi mukana on pullo magneettiliimaa, jolla silmukkakierteet ja silmukkapultit kiinnitet\u00e4\u00e4n turvallisesti magneettiin.\n\n\n\nEtsitk\u00f6 oikeastaan t\u00e4ysin erilaista pakettia, jossa on voimakkaampi yksipuolinen magneetti? Tutustu <a href=\"https:\/\/magnetarmagnets.com\/shop\/advanced-package\/\"><strong>Advanced Package<\/strong><\/a> -pakettiimme. Tai halusitko 360\u00b0 monipuolisen magneetin? Meid\u00e4n <a href=\"https:\/\/magnetarmagnets.com\/shop\/fishmagnet-package-pro\/\"><strong>Pro Package<\/strong><\/a> Hardcore-magneetin kanssa voisi olla sinulle sopiva.\n\n<h2>Korkea laatu<\/h2>\n\nKaikki Magnetarin kalastusmagneetit on valmistettu neodyymista. T\u00e4m\u00e4 materiaali takaa pitk\u00e4kestoisen magneettivoiman. Asianmukaisella k\u00e4yt\u00f6ll\u00e4 ja s\u00e4ilytyksell\u00e4 magneetit menett\u00e4v\u00e4t vain yhden prosentin voimastaan sadassa vuodessa. Siksi olemme varmoja, ett\u00e4 tarjoamme markkinoiden korkealaatuisimmat <a href=\"https:\/\/magnetarmagnets.com\/collections\/fishing-magnets\/\"><strong>kalastusmagneetit<\/strong><\/a>.\n\n\n\nViime vuosina markkinoilla on ollut paljon heikkolaatuisia tuotteita. Monet muiden myyjien kalastusmagneeteista menett\u00e4v\u00e4t vetovoimansa viikkojen sis\u00e4ll\u00e4. Usein n\u00e4emme suurempia magneetteja, mutta ne on valmistettu huonolaatuisesta neodyymista ja markkinoidaan harhaanjohtavasti. T\u00e4llaiset tuotteet voivat vaikuttaa halvailta, mutta pitk\u00e4ll\u00e4 aikav\u00e4lill\u00e4 ne tuottavat pettymyksi\u00e4.\n\n\n\nMagnetar on pieni perheyritys, jonka perustajat ovat intohimoisia magneettikalastajia. Laatu on meille etusijalla, ja se n\u00e4kyy tuotteissamme. Kaikki kalastusmagneettimme on suunniteltu sis\u00e4isesti korkealaatuisten tuotteiden varmistamiseksi. Etsitk\u00f6 luotettavaa, tehokasta ja laadukasta kalastusmagneettia? Valitse Magnetar!\n\n<h2>Varoitus:<\/h2>\n\nNeodyymi-kalastusmagneetimme ovat eritt\u00e4in voimakkaita. Ne voivat vet\u00e4\u00e4 muita esineit\u00e4 magneettia kohti suurella nopeudella. T\u00e4m\u00e4 voi aiheuttaa vaaratilanteita, sill\u00e4 sormet saattavat j\u00e4\u00e4d\u00e4 magneetin ja esineen v\u00e4liin. Suosittelemme aina k\u00e4sittelem\u00e4\u00e4n magneetteja varoen ja korostamme, ett\u00e4 teet sen omalla vastuulla. Lue turvallisuusohjeemme ennen k\u00e4ytt\u00f6\u00e4.","protected":false},"excerpt":{"rendered":"<p><span style=\"font-weight: 400;\"><strong>Aloita t\u00e4ydellisesti<\/strong> rantaviivalla t\u00e4m\u00e4n <strong>edullisen<\/strong> kalastusmagneettisarjan kanssa <strong>aloittelijoille<\/strong>.<\/span><\/p>\n","protected":false},"featured_media":79486,"comment_status":"open","ping_status":"closed","template":"","meta":{"_acf_changed":false,"inline_featured_image":false},"product_brand":[],"product_cat":[724,712,719,715],"product_tag":[624,638],"class_list":{"0":"post-85359","1":"product","2":"type-product","3":"status-publish","4":"has-post-thumbnail","6":"product_cat-aloittelijat-ja-lapset","7":"product_cat-kalastusmagneetit","8":"product_cat-kalastusmagneettipaketti","9":"product_cat-yksipuoliset-kalastusmagneetit","10":"product_tag-ilmainen-toimitus","11":"product_tag-sisaltaa-kalastuslangan","13":"first","14":"instock","15":"sale","16":"taxable","17":"shipping-taxable","18":"purchasable","19":"product-type-simple"},"acf":[],"yoast_head":"<!-- This site is optimized with the Yoast SEO plugin v27.3 - https:\/\/yoast.com\/product\/yoast-seo-wordpress\/ -->\n<title>Aloituspaketti - 200 kg - Yksipuolinen - Magnet fishing with a Magnetar fishing magnet<\/title>\n<meta name=\"description\" content=\"Aloituspaketti - 200 kg yksipuolinen - Magnetar\" \/>\n<meta name=\"robots\" content=\"index, follow, max-snippet:-1, max-image-preview:large, max-video-preview:-1\" \/>\n<link rel=\"canonical\" href=\"https:\/\/magnetarmagnets.com\/fi\/shop\/aloituspaketti-200-kg-yksipuolinen\/\" \/>\n<meta property=\"og:locale\" content=\"fi_FI\" \/>\n<meta property=\"og:type\" content=\"article\" \/>\n<meta property=\"og:title\" content=\"Aloituspaketti - 200 kg - Yksipuolinen - Magnet fishing with a Magnetar fishing magnet\" \/>\n<meta property=\"og:description\" content=\"Aloituspaketti - 200 kg yksipuolinen - Magnetar\" \/>\n<meta property=\"og:url\" content=\"https:\/\/magnetarmagnets.com\/fi\/shop\/aloituspaketti-200-kg-yksipuolinen\/\" \/>\n<meta property=\"og:site_name\" content=\"Magnet fishing with a Magnetar fishing magnet\" \/>\n<meta property=\"article:publisher\" content=\"https:\/\/www.facebook.com\/fishingmagnets\/\" \/>\n<meta property=\"article:modified_time\" content=\"2026-04-03T10:30:18+00:00\" \/>\n<meta property=\"og:image\" content=\"https:\/\/magnetarmagnets.com\/wp-content\/uploads\/2018\/05\/MAGNETAR-STARTER-SET-GOOGLE.jpg\" \/>\n\t<meta property=\"og:image:width\" content=\"1500\" \/>\n\t<meta property=\"og:image:height\" content=\"1500\" \/>\n\t<meta property=\"og:image:type\" content=\"image\/jpeg\" \/>\n<meta name=\"twitter:card\" content=\"summary_large_image\" \/>\n<meta name=\"twitter:label1\" content=\"Arvioitu lukuaika\" \/>\n\t<meta name=\"twitter:data1\" content=\"3 minuuttia\" \/>\n<script type=\"application\/ld+json\" class=\"yoast-schema-graph\">{\"@context\":\"https:\\\/\\\/schema.org\",\"@graph\":[{\"@type\":[\"WebPage\",\"ItemPage\"],\"@id\":\"https:\\\/\\\/magnetarmagnets.com\\\/fi\\\/shop\\\/aloituspaketti-200-kg-yksipuolinen\\\/\",\"url\":\"https:\\\/\\\/magnetarmagnets.com\\\/fi\\\/shop\\\/aloituspaketti-200-kg-yksipuolinen\\\/\",\"name\":\"Aloituspaketti - 200 kg - Yksipuolinen - Magnet fishing with a Magnetar fishing magnet\",\"isPartOf\":{\"@id\":\"https:\\\/\\\/magnetarmagnets.com\\\/fi\\\/#website\"},\"primaryImageOfPage\":{\"@id\":\"https:\\\/\\\/magnetarmagnets.com\\\/fi\\\/shop\\\/aloituspaketti-200-kg-yksipuolinen\\\/#primaryimage\"},\"image\":{\"@id\":\"https:\\\/\\\/magnetarmagnets.com\\\/fi\\\/shop\\\/aloituspaketti-200-kg-yksipuolinen\\\/#primaryimage\"},\"thumbnailUrl\":\"https:\\\/\\\/magnetarmagnets.com\\\/wp-content\\\/uploads\\\/2018\\\/05\\\/MAGNETAR-STARTER-SET-GOOGLE.jpg\",\"datePublished\":\"2025-06-05T07:54:39+00:00\",\"dateModified\":\"2026-04-03T10:30:18+00:00\",\"description\":\"Aloituspaketti - 200 kg yksipuolinen - Magnetar\",\"breadcrumb\":{\"@id\":\"https:\\\/\\\/magnetarmagnets.com\\\/fi\\\/shop\\\/aloituspaketti-200-kg-yksipuolinen\\\/#breadcrumb\"},\"inLanguage\":\"fi\",\"potentialAction\":[{\"@type\":\"ReadAction\",\"target\":[\"https:\\\/\\\/magnetarmagnets.com\\\/fi\\\/shop\\\/aloituspaketti-200-kg-yksipuolinen\\\/\"]}]},{\"@type\":\"ImageObject\",\"inLanguage\":\"fi\",\"@id\":\"https:\\\/\\\/magnetarmagnets.com\\\/fi\\\/shop\\\/aloituspaketti-200-kg-yksipuolinen\\\/#primaryimage\",\"url\":\"https:\\\/\\\/magnetarmagnets.com\\\/wp-content\\\/uploads\\\/2018\\\/05\\\/MAGNETAR-STARTER-SET-GOOGLE.jpg\",\"contentUrl\":\"https:\\\/\\\/magnetarmagnets.com\\\/wp-content\\\/uploads\\\/2018\\\/05\\\/MAGNETAR-STARTER-SET-GOOGLE.jpg\",\"width\":1500,\"height\":1500},{\"@type\":\"BreadcrumbList\",\"@id\":\"https:\\\/\\\/magnetarmagnets.com\\\/fi\\\/shop\\\/aloituspaketti-200-kg-yksipuolinen\\\/#breadcrumb\",\"itemListElement\":[{\"@type\":\"ListItem\",\"position\":1,\"name\":\"Home\",\"item\":\"https:\\\/\\\/magnetarmagnets.com\\\/fi\\\/\"},{\"@type\":\"ListItem\",\"position\":2,\"name\":\"Verkkokauppa\",\"item\":\"https:\\\/\\\/magnetarmagnets.com\\\/verkkokauppa\\\/\"},{\"@type\":\"ListItem\",\"position\":3,\"name\":\"Kalastusmagneetit\",\"item\":\"https:\\\/\\\/magnetarmagnets.com\\\/fi\\\/collections\\\/kalastusmagneetit\\\/\"},{\"@type\":\"ListItem\",\"position\":4,\"name\":\"Yksipuoliset kalastusmagneetit\",\"item\":\"https:\\\/\\\/magnetarmagnets.com\\\/fi\\\/collections\\\/kalastusmagneetit\\\/yksipuoliset-kalastusmagneetit\\\/\"},{\"@type\":\"ListItem\",\"position\":5,\"name\":\"Aloituspaketti &#8211; 200 kg &#8211; Yksipuolinen\"}]},{\"@type\":\"WebSite\",\"@id\":\"https:\\\/\\\/magnetarmagnets.com\\\/fi\\\/#website\",\"url\":\"https:\\\/\\\/magnetarmagnets.com\\\/fi\\\/\",\"name\":\"Magnet fishing with a Magnetar fishing magnet\",\"description\":\"Vahvat magneetit magneettikalastukseen\\n\\n\",\"publisher\":{\"@id\":\"https:\\\/\\\/magnetarmagnets.com\\\/fi\\\/#organization\"},\"potentialAction\":[{\"@type\":\"SearchAction\",\"target\":{\"@type\":\"EntryPoint\",\"urlTemplate\":\"https:\\\/\\\/magnetarmagnets.com\\\/fi\\\/?s={search_term_string}\"},\"query-input\":{\"@type\":\"PropertyValueSpecification\",\"valueRequired\":true,\"valueName\":\"search_term_string\"}}],\"inLanguage\":\"fi\"},{\"@type\":\"Organization\",\"@id\":\"https:\\\/\\\/magnetarmagnets.com\\\/fi\\\/#organization\",\"name\":\"Magnetar\",\"url\":\"https:\\\/\\\/magnetarmagnets.com\\\/fi\\\/\",\"logo\":{\"@type\":\"ImageObject\",\"inLanguage\":\"fi\",\"@id\":\"https:\\\/\\\/magnetarmagnets.com\\\/fi\\\/#\\\/schema\\\/logo\\\/image\\\/\",\"url\":\"https:\\\/\\\/magnetarmagnets.com\\\/wp-content\\\/uploads\\\/2025\\\/05\\\/Logo-03_PNG-Black-scaled.png\",\"contentUrl\":\"https:\\\/\\\/magnetarmagnets.com\\\/wp-content\\\/uploads\\\/2025\\\/05\\\/Logo-03_PNG-Black-scaled.png\",\"width\":2560,\"height\":1658,\"caption\":\"Magnetar\"},\"image\":{\"@id\":\"https:\\\/\\\/magnetarmagnets.com\\\/fi\\\/#\\\/schema\\\/logo\\\/image\\\/\"},\"sameAs\":[\"https:\\\/\\\/www.facebook.com\\\/fishingmagnets\\\/\",\"https:\\\/\\\/www.instagram.com\\\/magnetar_magnets\\\/\",\"https:\\\/\\\/www.linkedin.com\\\/company\\\/magnetarbv\\\/?originalSubdomain=nl\",\"https:\\\/\\\/www.youtube.com\\\/c\\\/MagnetarVismagneet\"]}]}<\/script>\n<!-- \/ Yoast SEO plugin. -->","yoast_head_json":{"title":"Aloituspaketti - 200 kg - Yksipuolinen - Magnet fishing with a Magnetar fishing magnet","description":"Aloituspaketti - 200 kg yksipuolinen - Magnetar","robots":{"index":"index","follow":"follow","max-snippet":"max-snippet:-1","max-image-preview":"max-image-preview:large","max-video-preview":"max-video-preview:-1"},"canonical":"https:\/\/magnetarmagnets.com\/fi\/shop\/aloituspaketti-200-kg-yksipuolinen\/","og_locale":"fi_FI","og_type":"article","og_title":"Aloituspaketti - 200 kg - Yksipuolinen - Magnet fishing with a Magnetar fishing magnet","og_description":"Aloituspaketti - 200 kg yksipuolinen - Magnetar","og_url":"https:\/\/magnetarmagnets.com\/fi\/shop\/aloituspaketti-200-kg-yksipuolinen\/","og_site_name":"Magnet fishing with a Magnetar fishing magnet","article_publisher":"https:\/\/www.facebook.com\/fishingmagnets\/","article_modified_time":"2026-04-03T10:30:18+00:00","og_image":[{"width":1500,"height":1500,"url":"https:\/\/magnetarmagnets.com\/wp-content\/uploads\/2018\/05\/MAGNETAR-STARTER-SET-GOOGLE.jpg","type":"image\/jpeg"}],"twitter_card":"summary_large_image","twitter_misc":{"Arvioitu lukuaika":"3 minuuttia"},"schema":{"@context":"https:\/\/schema.org","@graph":[{"@type":["WebPage","ItemPage"],"@id":"https:\/\/magnetarmagnets.com\/fi\/shop\/aloituspaketti-200-kg-yksipuolinen\/","url":"https:\/\/magnetarmagnets.com\/fi\/shop\/aloituspaketti-200-kg-yksipuolinen\/","name":"Aloituspaketti - 200 kg - Yksipuolinen - Magnet fishing with a Magnetar fishing magnet","isPartOf":{"@id":"https:\/\/magnetarmagnets.com\/fi\/#website"},"primaryImageOfPage":{"@id":"https:\/\/magnetarmagnets.com\/fi\/shop\/aloituspaketti-200-kg-yksipuolinen\/#primaryimage"},"image":{"@id":"https:\/\/magnetarmagnets.com\/fi\/shop\/aloituspaketti-200-kg-yksipuolinen\/#primaryimage"},"thumbnailUrl":"https:\/\/magnetarmagnets.com\/wp-content\/uploads\/2018\/05\/MAGNETAR-STARTER-SET-GOOGLE.jpg","datePublished":"2025-06-05T07:54:39+00:00","dateModified":"2026-04-03T10:30:18+00:00","description":"Aloituspaketti - 200 kg yksipuolinen - Magnetar","breadcrumb":{"@id":"https:\/\/magnetarmagnets.com\/fi\/shop\/aloituspaketti-200-kg-yksipuolinen\/#breadcrumb"},"inLanguage":"fi","potentialAction":[{"@type":"ReadAction","target":["https:\/\/magnetarmagnets.com\/fi\/shop\/aloituspaketti-200-kg-yksipuolinen\/"]}]},{"@type":"ImageObject","inLanguage":"fi","@id":"https:\/\/magnetarmagnets.com\/fi\/shop\/aloituspaketti-200-kg-yksipuolinen\/#primaryimage","url":"https:\/\/magnetarmagnets.com\/wp-content\/uploads\/2018\/05\/MAGNETAR-STARTER-SET-GOOGLE.jpg","contentUrl":"https:\/\/magnetarmagnets.com\/wp-content\/uploads\/2018\/05\/MAGNETAR-STARTER-SET-GOOGLE.jpg","width":1500,"height":1500},{"@type":"BreadcrumbList","@id":"https:\/\/magnetarmagnets.com\/fi\/shop\/aloituspaketti-200-kg-yksipuolinen\/#breadcrumb","itemListElement":[{"@type":"ListItem","position":1,"name":"Home","item":"https:\/\/magnetarmagnets.com\/fi\/"},{"@type":"ListItem","position":2,"name":"Verkkokauppa","item":"https:\/\/magnetarmagnets.com\/verkkokauppa\/"},{"@type":"ListItem","position":3,"name":"Kalastusmagneetit","item":"https:\/\/magnetarmagnets.com\/fi\/collections\/kalastusmagneetit\/"},{"@type":"ListItem","position":4,"name":"Yksipuoliset kalastusmagneetit","item":"https:\/\/magnetarmagnets.com\/fi\/collections\/kalastusmagneetit\/yksipuoliset-kalastusmagneetit\/"},{"@type":"ListItem","position":5,"name":"Aloituspaketti &#8211; 200 kg &#8211; Yksipuolinen"}]},{"@type":"WebSite","@id":"https:\/\/magnetarmagnets.com\/fi\/#website","url":"https:\/\/magnetarmagnets.com\/fi\/","name":"Magnet fishing with a Magnetar fishing magnet","description":"Vahvat magneetit magneettikalastukseen\n\n","publisher":{"@id":"https:\/\/magnetarmagnets.com\/fi\/#organization"},"potentialAction":[{"@type":"SearchAction","target":{"@type":"EntryPoint","urlTemplate":"https:\/\/magnetarmagnets.com\/fi\/?s={search_term_string}"},"query-input":{"@type":"PropertyValueSpecification","valueRequired":true,"valueName":"search_term_string"}}],"inLanguage":"fi"},{"@type":"Organization","@id":"https:\/\/magnetarmagnets.com\/fi\/#organization","name":"Magnetar","url":"https:\/\/magnetarmagnets.com\/fi\/","logo":{"@type":"ImageObject","inLanguage":"fi","@id":"https:\/\/magnetarmagnets.com\/fi\/#\/schema\/logo\/image\/","url":"https:\/\/magnetarmagnets.com\/wp-content\/uploads\/2025\/05\/Logo-03_PNG-Black-scaled.png","contentUrl":"https:\/\/magnetarmagnets.com\/wp-content\/uploads\/2025\/05\/Logo-03_PNG-Black-scaled.png","width":2560,"height":1658,"caption":"Magnetar"},"image":{"@id":"https:\/\/magnetarmagnets.com\/fi\/#\/schema\/logo\/image\/"},"sameAs":["https:\/\/www.facebook.com\/fishingmagnets\/","https:\/\/www.instagram.com\/magnetar_magnets\/","https:\/\/www.linkedin.com\/company\/magnetarbv\/?originalSubdomain=nl","https:\/\/www.youtube.com\/c\/MagnetarVismagneet"]}]}},"_links":{"self":[{"href":"https:\/\/magnetarmagnets.com\/fi\/wp-json\/wp\/v2\/product\/85359","targetHints":{"allow":["GET"]}}],"collection":[{"href":"https:\/\/magnetarmagnets.com\/fi\/wp-json\/wp\/v2\/product"}],"about":[{"href":"https:\/\/magnetarmagnets.com\/fi\/wp-json\/wp\/v2\/types\/product"}],"replies":[{"embeddable":true,"href":"https:\/\/magnetarmagnets.com\/fi\/wp-json\/wp\/v2\/comments?post=85359"}],"version-history":[{"count":1,"href":"https:\/\/magnetarmagnets.com\/fi\/wp-json\/wp\/v2\/product\/85359\/revisions"}],"predecessor-version":[{"id":94624,"href":"https:\/\/magnetarmagnets.com\/fi\/wp-json\/wp\/v2\/product\/85359\/revisions\/94624"}],"wp:featuredmedia":[{"embeddable":true,"href":"https:\/\/magnetarmagnets.com\/fi\/wp-json\/wp\/v2\/media\/79486"}],"wp:attachment":[{"href":"https:\/\/magnetarmagnets.com\/fi\/wp-json\/wp\/v2\/media?parent=85359"}],"wp:term":[{"taxonomy":"product_brand","embeddable":true,"href":"https:\/\/magnetarmagnets.com\/fi\/wp-json\/wp\/v2\/product_brand?post=85359"},{"taxonomy":"product_cat","embeddable":true,"href":"https:\/\/magnetarmagnets.com\/fi\/wp-json\/wp\/v2\/product_cat?post=85359"},{"taxonomy":"product_tag","embeddable":true,"href":"https:\/\/magnetarmagnets.com\/fi\/wp-json\/wp\/v2\/product_tag?post=85359"}],"curies":[{"name":"wp","href":"https:\/\/api.w.org\/{rel}","templated":true}]}}