{"id":85358,"date":"2025-06-05T09:54:39","date_gmt":"2025-06-05T07:54:39","guid":{"rendered":"https:\/\/magnetarmagnets.com\/shop\/magneettinen-veitsiteline-ruostumaton-teras\/"},"modified":"2026-04-04T07:32:04","modified_gmt":"2026-04-04T05:32:04","slug":"magneettinen-veitsiteline-ruostumaton-teras","status":"publish","type":"product","link":"https:\/\/magnetarmagnets.com\/fi\/shop\/magneettinen-veitsiteline-ruostumaton-teras\/","title":{"rendered":"Magneettinen veitsiteline &#8211; ruostumaton ter\u00e4s"},"content":{"rendered":"<h2><strong>Eritt\u00e4in tyylik\u00e4s veitsiteline<\/strong><\/h2>\n\n<span style=\"font-weight: 400;\">\u00c4l\u00e4 piilota veitsi\u00e4si: ripusta ne hygieenisesti, yksinkertaisesti ja nopeasti magneettiseen veitsitelineeseen! <\/span><span style=\"font-weight: 400;\">Ripusta veitsesi helposti Magnetarin magneettisella veitsiraidalla. Veitset tarttuvat magneettiraidalle turvallisella ja eritt\u00e4in tyylikk\u00e4\u00e4ll\u00e4 tavalla. <strong>Saatavana puusta ja ruostumattomasta ter\u00e4ksest\u00e4 valmistettuna<\/strong>!<\/span>\n\n<h2><strong>Veitsitelineen edut<\/strong><\/h2>\n\n<span style=\"font-weight: 400;\">Voit s\u00e4ilytt\u00e4\u00e4 veitsi\u00e4si korkealla niin, etteiv\u00e4t lapset ylety niihin. Keitti\u00f6n laatikkojen tai kaappien vauriot ovat historiaa, ja veitsesi s\u00e4ilyv\u00e4t pidemp\u00e4\u00e4n. Veitset roikkuvat tyylikk\u00e4\u00e4sti keitti\u00f6ss\u00e4si. Voit olla ylpe\u00e4 veitsist\u00e4si etk\u00e4 en\u00e4\u00e4 piilota niit\u00e4 veitsitukkiin tai keitti\u00f6n laatikkoon!<\/span>\n\n<h2><span style=\"font-weight: 400;\">Tietoa ja asennus<\/span><\/h2>\n\n<span style=\"font-weight: 400;\">Magneettinen veitsiteline on valmistettu ruostumattomasta ter\u00e4ksest\u00e4, joka n\u00e4ytt\u00e4\u00e4 upealta keitti\u00f6ss\u00e4si. Tarjoamme veitsitelineen sek\u00e4 puu- ett\u00e4 ruostumattoman ter\u00e4ksen versiona. Telineen asentaminen on nopeaa ja eritt\u00e4in helppoa. Jokainen, joka osaa k\u00e4ytt\u00e4\u00e4 porakonetta, pystyy asentamaan t\u00e4m\u00e4n magneettisen veitsitelineen. Mukana tulee kaksi ruuvia ja kaksi sein\u00e4tulppaa, joten niiden ostaminen erikseen ei ole tarpeen.<\/span>\n\n<h2><strong>Tekniset tiedot<\/strong><\/h2>\n\n<span style=\"font-weight: 400;\">Veitsiraita on 4,7 cm leve\u00e4, mik\u00e4 tarkoittaa, ett\u00e4 sek\u00e4 pienet ett\u00e4 isot veitset tarttuvat hyvin. Voit ripustaa useita, enint\u00e4\u00e4n 36 cm pituisia veitsi\u00e4.<\/span>\n\n\n\n<img fetchpriority=\"high\" decoding=\"async\" class=\"alignleft size-medium wp-image-38098\" src=\"https:\/\/magnetarmagnets.com\/wp-content\/uploads\/2018\/03\/IMG_2101-300x200.jpg\" alt=\"magneettinen veitsiteline rst\" width=\"300\" height=\"200\" \/><img decoding=\"async\" class=\"alignright size-medium wp-image-38100\" src=\"https:\/\/magnetarmagnets.com\/wp-content\/uploads\/2018\/03\/IMG_2108-300x200.jpg\" alt=\"magneettinen veitsiteline rst takaa\" width=\"300\" height=\"200\" srcset=\"https:\/\/magnetarmagnets.com\/wp-content\/uploads\/2018\/03\/IMG_2108-300x200.jpg 300w, https:\/\/magnetarmagnets.com\/wp-content\/uploads\/2018\/03\/IMG_2108-scaled-800x533.jpg 800w, https:\/\/magnetarmagnets.com\/wp-content\/uploads\/2018\/03\/IMG_2108-768x512.jpg 768w, https:\/\/magnetarmagnets.com\/wp-content\/uploads\/2018\/03\/IMG_2108-1024x683.jpg 1024w, https:\/\/magnetarmagnets.com\/wp-content\/uploads\/2018\/03\/IMG_2108-scaled-600x400.jpg 600w\" sizes=\"(max-width: 300px) 100vw, 300px\" \/>","protected":false},"excerpt":{"rendered":"<p><span style=\"font-weight: 400;\">Magneettinen ty\u00f6kaluraita on valmistettu <strong>ruostumattomasta ter\u00e4ksest\u00e4<\/strong>, joka n\u00e4ytt\u00e4\u00e4 keitti\u00f6ss\u00e4si eritt\u00e4in <strong>tyylikk\u00e4\u00e4lt\u00e4<\/strong> ja on <strong>eritt\u00e4in helppo kiinnitt\u00e4\u00e4<\/strong>.<\/span><\/p>\n","protected":false},"featured_media":73699,"comment_status":"open","ping_status":"closed","template":"","meta":{"_acf_changed":false,"inline_featured_image":false},"product_brand":[],"product_cat":[485,474],"product_tag":[],"class_list":{"0":"post-85358","1":"product","2":"type-product","3":"status-publish","4":"has-post-thumbnail","6":"product_cat-accessori-magnetici","7":"product_cat-attrezzatura","9":"first","10":"instock","11":"taxable","12":"shipping-taxable","13":"purchasable","14":"product-type-simple"},"acf":[],"yoast_head":"<!-- This site is optimized with the Yoast SEO plugin v27.3 - https:\/\/yoast.com\/product\/yoast-seo-wordpress\/ -->\n<title>Magneettinen veitsiteline - ruostumaton ter\u00e4s - Magnet fishing with a Magnetar fishing magnet<\/title>\n<meta name=\"description\" content=\"Magnetar magneettinen veitsiteline - ruostumaton ter\u00e4s\" \/>\n<meta name=\"robots\" content=\"index, follow, max-snippet:-1, max-image-preview:large, max-video-preview:-1\" \/>\n<link rel=\"canonical\" href=\"https:\/\/magnetarmagnets.com\/fi\/shop\/magneettinen-veitsiteline-ruostumaton-teras\/\" \/>\n<meta property=\"og:locale\" content=\"fi_FI\" \/>\n<meta property=\"og:type\" content=\"article\" \/>\n<meta property=\"og:title\" content=\"Magneettinen veitsiteline - ruostumaton ter\u00e4s - Magnet fishing with a Magnetar fishing magnet\" \/>\n<meta property=\"og:description\" content=\"Magnetar magneettinen veitsiteline - ruostumaton ter\u00e4s\" \/>\n<meta property=\"og:url\" content=\"https:\/\/magnetarmagnets.com\/fi\/shop\/magneettinen-veitsiteline-ruostumaton-teras\/\" \/>\n<meta property=\"og:site_name\" content=\"Magnet fishing with a Magnetar fishing magnet\" \/>\n<meta property=\"article:publisher\" content=\"https:\/\/www.facebook.com\/fishingmagnets\/\" \/>\n<meta property=\"article:modified_time\" content=\"2026-04-04T05:32:04+00:00\" \/>\n<meta property=\"og:image\" content=\"https:\/\/magnetarmagnets.com\/wp-content\/uploads\/2018\/03\/550x506.jpg\" \/>\n\t<meta property=\"og:image:width\" content=\"550\" \/>\n\t<meta property=\"og:image:height\" content=\"506\" \/>\n\t<meta property=\"og:image:type\" content=\"image\/jpeg\" \/>\n<meta name=\"twitter:card\" content=\"summary_large_image\" \/>\n<meta name=\"twitter:label1\" content=\"Arvioitu lukuaika\" \/>\n\t<meta name=\"twitter:data1\" content=\"2 minuuttia\" \/>\n<script type=\"application\/ld+json\" class=\"yoast-schema-graph\">{\"@context\":\"https:\\\/\\\/schema.org\",\"@graph\":[{\"@type\":[\"WebPage\",\"ItemPage\"],\"@id\":\"https:\\\/\\\/magnetarmagnets.com\\\/fi\\\/shop\\\/magneettinen-veitsiteline-ruostumaton-teras\\\/\",\"url\":\"https:\\\/\\\/magnetarmagnets.com\\\/fi\\\/shop\\\/magneettinen-veitsiteline-ruostumaton-teras\\\/\",\"name\":\"Magneettinen veitsiteline - ruostumaton ter\u00e4s - Magnet fishing with a Magnetar fishing magnet\",\"isPartOf\":{\"@id\":\"https:\\\/\\\/magnetarmagnets.com\\\/fi\\\/#website\"},\"primaryImageOfPage\":{\"@id\":\"https:\\\/\\\/magnetarmagnets.com\\\/fi\\\/shop\\\/magneettinen-veitsiteline-ruostumaton-teras\\\/#primaryimage\"},\"image\":{\"@id\":\"https:\\\/\\\/magnetarmagnets.com\\\/fi\\\/shop\\\/magneettinen-veitsiteline-ruostumaton-teras\\\/#primaryimage\"},\"thumbnailUrl\":\"https:\\\/\\\/magnetarmagnets.com\\\/wp-content\\\/uploads\\\/2018\\\/03\\\/550x506.jpg\",\"datePublished\":\"2025-06-05T07:54:39+00:00\",\"dateModified\":\"2026-04-04T05:32:04+00:00\",\"description\":\"Magnetar magneettinen veitsiteline - ruostumaton ter\u00e4s\",\"breadcrumb\":{\"@id\":\"https:\\\/\\\/magnetarmagnets.com\\\/fi\\\/shop\\\/magneettinen-veitsiteline-ruostumaton-teras\\\/#breadcrumb\"},\"inLanguage\":\"fi\",\"potentialAction\":[{\"@type\":\"ReadAction\",\"target\":[\"https:\\\/\\\/magnetarmagnets.com\\\/fi\\\/shop\\\/magneettinen-veitsiteline-ruostumaton-teras\\\/\"]}]},{\"@type\":\"ImageObject\",\"inLanguage\":\"fi\",\"@id\":\"https:\\\/\\\/magnetarmagnets.com\\\/fi\\\/shop\\\/magneettinen-veitsiteline-ruostumaton-teras\\\/#primaryimage\",\"url\":\"https:\\\/\\\/magnetarmagnets.com\\\/wp-content\\\/uploads\\\/2018\\\/03\\\/550x506.jpg\",\"contentUrl\":\"https:\\\/\\\/magnetarmagnets.com\\\/wp-content\\\/uploads\\\/2018\\\/03\\\/550x506.jpg\",\"width\":550,\"height\":506,\"caption\":\"Stainless Steel knife holder\"},{\"@type\":\"BreadcrumbList\",\"@id\":\"https:\\\/\\\/magnetarmagnets.com\\\/fi\\\/shop\\\/magneettinen-veitsiteline-ruostumaton-teras\\\/#breadcrumb\",\"itemListElement\":[{\"@type\":\"ListItem\",\"position\":1,\"name\":\"Home\",\"item\":\"https:\\\/\\\/magnetarmagnets.com\\\/fi\\\/\"},{\"@type\":\"ListItem\",\"position\":2,\"name\":\"Verkkokauppa\",\"item\":\"https:\\\/\\\/magnetarmagnets.com\\\/verkkokauppa\\\/\"},{\"@type\":\"ListItem\",\"position\":3,\"name\":\"Varusteet\",\"item\":\"https:\\\/\\\/magnetarmagnets.com\\\/fi\\\/collections\\\/varusteet\\\/\"},{\"@type\":\"ListItem\",\"position\":4,\"name\":\"Magneettiset lis\u00e4varusteet\",\"item\":\"https:\\\/\\\/magnetarmagnets.com\\\/fi\\\/collections\\\/varusteet\\\/magneettiset-lisavarusteet\\\/\"},{\"@type\":\"ListItem\",\"position\":5,\"name\":\"Magneettinen veitsiteline &#8211; ruostumaton ter\u00e4s\"}]},{\"@type\":\"WebSite\",\"@id\":\"https:\\\/\\\/magnetarmagnets.com\\\/fi\\\/#website\",\"url\":\"https:\\\/\\\/magnetarmagnets.com\\\/fi\\\/\",\"name\":\"Magnet fishing with a Magnetar fishing magnet\",\"description\":\"Vahvat magneetit magneettikalastukseen\\n\\n\",\"publisher\":{\"@id\":\"https:\\\/\\\/magnetarmagnets.com\\\/fi\\\/#organization\"},\"potentialAction\":[{\"@type\":\"SearchAction\",\"target\":{\"@type\":\"EntryPoint\",\"urlTemplate\":\"https:\\\/\\\/magnetarmagnets.com\\\/fi\\\/?s={search_term_string}\"},\"query-input\":{\"@type\":\"PropertyValueSpecification\",\"valueRequired\":true,\"valueName\":\"search_term_string\"}}],\"inLanguage\":\"fi\"},{\"@type\":\"Organization\",\"@id\":\"https:\\\/\\\/magnetarmagnets.com\\\/fi\\\/#organization\",\"name\":\"Magnetar\",\"url\":\"https:\\\/\\\/magnetarmagnets.com\\\/fi\\\/\",\"logo\":{\"@type\":\"ImageObject\",\"inLanguage\":\"fi\",\"@id\":\"https:\\\/\\\/magnetarmagnets.com\\\/fi\\\/#\\\/schema\\\/logo\\\/image\\\/\",\"url\":\"https:\\\/\\\/magnetarmagnets.com\\\/wp-content\\\/uploads\\\/2025\\\/05\\\/Logo-03_PNG-Black-scaled.png\",\"contentUrl\":\"https:\\\/\\\/magnetarmagnets.com\\\/wp-content\\\/uploads\\\/2025\\\/05\\\/Logo-03_PNG-Black-scaled.png\",\"width\":2560,\"height\":1658,\"caption\":\"Magnetar\"},\"image\":{\"@id\":\"https:\\\/\\\/magnetarmagnets.com\\\/fi\\\/#\\\/schema\\\/logo\\\/image\\\/\"},\"sameAs\":[\"https:\\\/\\\/www.facebook.com\\\/fishingmagnets\\\/\",\"https:\\\/\\\/www.instagram.com\\\/magnetar_magnets\\\/\",\"https:\\\/\\\/www.linkedin.com\\\/company\\\/magnetarbv\\\/?originalSubdomain=nl\",\"https:\\\/\\\/www.youtube.com\\\/c\\\/MagnetarVismagneet\"]}]}<\/script>\n<!-- \/ Yoast SEO plugin. -->","yoast_head_json":{"title":"Magneettinen veitsiteline - ruostumaton ter\u00e4s - Magnet fishing with a Magnetar fishing magnet","description":"Magnetar magneettinen veitsiteline - ruostumaton ter\u00e4s","robots":{"index":"index","follow":"follow","max-snippet":"max-snippet:-1","max-image-preview":"max-image-preview:large","max-video-preview":"max-video-preview:-1"},"canonical":"https:\/\/magnetarmagnets.com\/fi\/shop\/magneettinen-veitsiteline-ruostumaton-teras\/","og_locale":"fi_FI","og_type":"article","og_title":"Magneettinen veitsiteline - ruostumaton ter\u00e4s - Magnet fishing with a Magnetar fishing magnet","og_description":"Magnetar magneettinen veitsiteline - ruostumaton ter\u00e4s","og_url":"https:\/\/magnetarmagnets.com\/fi\/shop\/magneettinen-veitsiteline-ruostumaton-teras\/","og_site_name":"Magnet fishing with a Magnetar fishing magnet","article_publisher":"https:\/\/www.facebook.com\/fishingmagnets\/","article_modified_time":"2026-04-04T05:32:04+00:00","og_image":[{"width":550,"height":506,"url":"https:\/\/magnetarmagnets.com\/wp-content\/uploads\/2018\/03\/550x506.jpg","type":"image\/jpeg"}],"twitter_card":"summary_large_image","twitter_misc":{"Arvioitu lukuaika":"2 minuuttia"},"schema":{"@context":"https:\/\/schema.org","@graph":[{"@type":["WebPage","ItemPage"],"@id":"https:\/\/magnetarmagnets.com\/fi\/shop\/magneettinen-veitsiteline-ruostumaton-teras\/","url":"https:\/\/magnetarmagnets.com\/fi\/shop\/magneettinen-veitsiteline-ruostumaton-teras\/","name":"Magneettinen veitsiteline - ruostumaton ter\u00e4s - Magnet fishing with a Magnetar fishing magnet","isPartOf":{"@id":"https:\/\/magnetarmagnets.com\/fi\/#website"},"primaryImageOfPage":{"@id":"https:\/\/magnetarmagnets.com\/fi\/shop\/magneettinen-veitsiteline-ruostumaton-teras\/#primaryimage"},"image":{"@id":"https:\/\/magnetarmagnets.com\/fi\/shop\/magneettinen-veitsiteline-ruostumaton-teras\/#primaryimage"},"thumbnailUrl":"https:\/\/magnetarmagnets.com\/wp-content\/uploads\/2018\/03\/550x506.jpg","datePublished":"2025-06-05T07:54:39+00:00","dateModified":"2026-04-04T05:32:04+00:00","description":"Magnetar magneettinen veitsiteline - ruostumaton ter\u00e4s","breadcrumb":{"@id":"https:\/\/magnetarmagnets.com\/fi\/shop\/magneettinen-veitsiteline-ruostumaton-teras\/#breadcrumb"},"inLanguage":"fi","potentialAction":[{"@type":"ReadAction","target":["https:\/\/magnetarmagnets.com\/fi\/shop\/magneettinen-veitsiteline-ruostumaton-teras\/"]}]},{"@type":"ImageObject","inLanguage":"fi","@id":"https:\/\/magnetarmagnets.com\/fi\/shop\/magneettinen-veitsiteline-ruostumaton-teras\/#primaryimage","url":"https:\/\/magnetarmagnets.com\/wp-content\/uploads\/2018\/03\/550x506.jpg","contentUrl":"https:\/\/magnetarmagnets.com\/wp-content\/uploads\/2018\/03\/550x506.jpg","width":550,"height":506,"caption":"Stainless Steel knife holder"},{"@type":"BreadcrumbList","@id":"https:\/\/magnetarmagnets.com\/fi\/shop\/magneettinen-veitsiteline-ruostumaton-teras\/#breadcrumb","itemListElement":[{"@type":"ListItem","position":1,"name":"Home","item":"https:\/\/magnetarmagnets.com\/fi\/"},{"@type":"ListItem","position":2,"name":"Verkkokauppa","item":"https:\/\/magnetarmagnets.com\/verkkokauppa\/"},{"@type":"ListItem","position":3,"name":"Varusteet","item":"https:\/\/magnetarmagnets.com\/fi\/collections\/varusteet\/"},{"@type":"ListItem","position":4,"name":"Magneettiset lis\u00e4varusteet","item":"https:\/\/magnetarmagnets.com\/fi\/collections\/varusteet\/magneettiset-lisavarusteet\/"},{"@type":"ListItem","position":5,"name":"Magneettinen veitsiteline &#8211; ruostumaton ter\u00e4s"}]},{"@type":"WebSite","@id":"https:\/\/magnetarmagnets.com\/fi\/#website","url":"https:\/\/magnetarmagnets.com\/fi\/","name":"Magnet fishing with a Magnetar fishing magnet","description":"Vahvat magneetit magneettikalastukseen\n\n","publisher":{"@id":"https:\/\/magnetarmagnets.com\/fi\/#organization"},"potentialAction":[{"@type":"SearchAction","target":{"@type":"EntryPoint","urlTemplate":"https:\/\/magnetarmagnets.com\/fi\/?s={search_term_string}"},"query-input":{"@type":"PropertyValueSpecification","valueRequired":true,"valueName":"search_term_string"}}],"inLanguage":"fi"},{"@type":"Organization","@id":"https:\/\/magnetarmagnets.com\/fi\/#organization","name":"Magnetar","url":"https:\/\/magnetarmagnets.com\/fi\/","logo":{"@type":"ImageObject","inLanguage":"fi","@id":"https:\/\/magnetarmagnets.com\/fi\/#\/schema\/logo\/image\/","url":"https:\/\/magnetarmagnets.com\/wp-content\/uploads\/2025\/05\/Logo-03_PNG-Black-scaled.png","contentUrl":"https:\/\/magnetarmagnets.com\/wp-content\/uploads\/2025\/05\/Logo-03_PNG-Black-scaled.png","width":2560,"height":1658,"caption":"Magnetar"},"image":{"@id":"https:\/\/magnetarmagnets.com\/fi\/#\/schema\/logo\/image\/"},"sameAs":["https:\/\/www.facebook.com\/fishingmagnets\/","https:\/\/www.instagram.com\/magnetar_magnets\/","https:\/\/www.linkedin.com\/company\/magnetarbv\/?originalSubdomain=nl","https:\/\/www.youtube.com\/c\/MagnetarVismagneet"]}]}},"_links":{"self":[{"href":"https:\/\/magnetarmagnets.com\/fi\/wp-json\/wp\/v2\/product\/85358","targetHints":{"allow":["GET"]}}],"collection":[{"href":"https:\/\/magnetarmagnets.com\/fi\/wp-json\/wp\/v2\/product"}],"about":[{"href":"https:\/\/magnetarmagnets.com\/fi\/wp-json\/wp\/v2\/types\/product"}],"replies":[{"embeddable":true,"href":"https:\/\/magnetarmagnets.com\/fi\/wp-json\/wp\/v2\/comments?post=85358"}],"version-history":[{"count":0,"href":"https:\/\/magnetarmagnets.com\/fi\/wp-json\/wp\/v2\/product\/85358\/revisions"}],"wp:featuredmedia":[{"embeddable":true,"href":"https:\/\/magnetarmagnets.com\/fi\/wp-json\/wp\/v2\/media\/73699"}],"wp:attachment":[{"href":"https:\/\/magnetarmagnets.com\/fi\/wp-json\/wp\/v2\/media?parent=85358"}],"wp:term":[{"taxonomy":"product_brand","embeddable":true,"href":"https:\/\/magnetarmagnets.com\/fi\/wp-json\/wp\/v2\/product_brand?post=85358"},{"taxonomy":"product_cat","embeddable":true,"href":"https:\/\/magnetarmagnets.com\/fi\/wp-json\/wp\/v2\/product_cat?post=85358"},{"taxonomy":"product_tag","embeddable":true,"href":"https:\/\/magnetarmagnets.com\/fi\/wp-json\/wp\/v2\/product_tag?post=85358"}],"curies":[{"name":"wp","href":"https:\/\/api.w.org\/{rel}","templated":true}]}}