{"id":85357,"date":"2025-06-05T09:54:39","date_gmt":"2025-06-05T07:54:39","guid":{"rendered":"https:\/\/magnetarmagnets.com\/shop\/magneettinen-veitsiteline\/"},"modified":"2026-04-09T16:22:31","modified_gmt":"2026-04-09T14:22:31","slug":"magneettinen-veitsiteline","status":"publish","type":"product","link":"https:\/\/magnetarmagnets.com\/fi\/shop\/magneettinen-veitsiteline\/","title":{"rendered":"Magneettinen veitsiteline"},"content":{"rendered":"<h2><strong>Veitsimagneetti<\/strong><\/h2>\n\n<ul>\n\n \t<li style=\"font-weight: 400;\"><span style=\"font-weight: 400;\">1 x puiset veitsiteline<\/span><\/li>\n\n \t<li style=\"font-weight: 400;\"><span style=\"font-weight: 400;\">2 x ruuvia <\/span><\/li>\n\n \t<li style=\"font-weight: 400;\"><span style=\"font-weight: 400;\">2 x sein\u00e4tulppaa<\/span><\/li>\n\n \t<li style=\"font-weight: 400;\"><span style=\"font-weight: 400;\">yksinkertainen ohjekirja <\/span><\/li>\n\n<\/ul>\n\n<span style=\"font-weight: 400;\">\u00c4l\u00e4 piilota veitsi\u00e4si: ripusta ne hygieenisesti, yksinkertaisesti ja nopeasti vahvaan magneettiin veitsitelineess\u00e4!<\/span>\n\n\n\n<span style=\"font-weight: 400;\">Ripusta veitsesi helposti Magnetar-magneettiveitsiraidan avulla. Veitset tarttuvat magneettinauhaan turvallisesti ja eritt\u00e4in tyylikk\u00e4\u00e4sti.<\/span>\n\n<h2><strong>Vahvan magneetin veitsitelineen edut<\/strong><\/h2>\n\n<span style=\"font-weight: 400;\">Voit s\u00e4ilytt\u00e4\u00e4 veitsesi korkealla, jotta lapset eiv\u00e4t yll\u00e4 niihin. Keitti\u00f6n laatikon tai kaapin vahingot v\u00e4henev\u00e4t, ja veitsesi kest\u00e4v\u00e4t pidemp\u00e4\u00e4n. Veitsesi roikkuvat tyylikk\u00e4\u00e4sti keitti\u00f6ss\u00e4si. Voit olla ylpe\u00e4 veitsist\u00e4si \u00e4l\u00e4k\u00e4 piilota niit\u00e4 en\u00e4\u00e4 veitsitelineeseen tai laatikkoon!<\/span>\n\n<h2><strong>Tiedot ja kokoaminen<\/strong><\/h2>\n\n<span style=\"font-weight: 400;\">Vahva magneetti veitsiteline on valmistettu luonnonpuusta, joka n\u00e4ytt\u00e4\u00e4 upealta keitti\u00f6ss\u00e4si. Tarjoamme my\u00f6s RVS-versiota. Vahvan magneetin veitsitelineen kokoaminen on nopeaa ja helppoa. Jokainen, joka osaa k\u00e4ytt\u00e4\u00e4 porakonetta, voi koota t\u00e4m\u00e4n veitsitelineen. Mukana tulevat 2 ruuvia ja 2 sein\u00e4tulppaa, joten sinun ei tarvitse ostaa niit\u00e4 erikseen.<\/span>\n\n<h2><strong>Veitsimagneetin tekniset tiedot<\/strong><\/h2>\n\n<span style=\"font-weight: 400;\">Veitsinauhan leveys on 6,3 cm, mik\u00e4 tarkoittaa, ett\u00e4 sek\u00e4 pienet ett\u00e4 suuret veitset pysyv\u00e4t hyvin kiinni. Voit ripustaa paljon veitsi\u00e4, joiden pituus on jopa 40 cm.<\/span>\n\n\n\n<img fetchpriority=\"high\" decoding=\"async\" class=\"size-medium wp-image-38093 alignleft\" src=\"https:\/\/magnetarmagnets.com\/wp-content\/uploads\/2018\/03\/IMG_2134-300x200.jpg\" alt=\"magnetische messenhouder van hout\" width=\"300\" height=\"200\" \/><img decoding=\"async\" class=\"size-medium wp-image-38094 alignright\" src=\"https:\/\/magnetarmagnets.com\/wp-content\/uploads\/2018\/03\/IMG_2133-300x200.jpg\" alt=\"magnetische messenhouder van hout\" width=\"300\" height=\"200\" \/>","protected":false},"excerpt":{"rendered":"<p><span style=\"font-weight: 400;\">Magneettity\u00f6kaluraita on tehty <strong> luonnonpuusta<\/strong>, joka n\u00e4ytt\u00e4\u00e4 eritt\u00e4in <strong>tyylikk\u00e4\u00e4lt\u00e4<\/strong> keitti\u00f6ss\u00e4si ja on eritt\u00e4in <strong>helppo kiinnitt\u00e4\u00e4<\/strong>.<\/span><\/p>\n","protected":false},"featured_media":80054,"comment_status":"open","ping_status":"closed","template":"","meta":{"_acf_changed":false,"inline_featured_image":false},"product_brand":[],"product_cat":[721,718],"product_tag":[],"class_list":{"0":"post-85357","1":"product","2":"type-product","3":"status-publish","4":"has-post-thumbnail","6":"product_cat-magneettiset-lisavarusteet","7":"product_cat-varusteet","9":"first","10":"instock","11":"taxable","12":"shipping-taxable","13":"purchasable","14":"product-type-simple"},"acf":[],"yoast_head":"<!-- This site is optimized with the Yoast SEO plugin v27.3 - https:\/\/yoast.com\/product\/yoast-seo-wordpress\/ -->\n<title>\u00c4l\u00e4 piilota veitsi\u00e4si: ripusta ne hygieenisesti, helposti ja nopeasti magneettiseen veitsitelineeseen!<\/title>\n<meta name=\"description\" content=\"Magnettinen veitsiteline - Yksinkertainen ja hygieeninen s\u00e4ilytysratkaisu\" \/>\n<meta name=\"robots\" content=\"index, follow, max-snippet:-1, max-image-preview:large, max-video-preview:-1\" \/>\n<link rel=\"canonical\" href=\"https:\/\/magnetarmagnets.com\/fi\/shop\/magneettinen-veitsiteline\/\" \/>\n<meta property=\"og:locale\" content=\"fi_FI\" \/>\n<meta property=\"og:type\" content=\"article\" \/>\n<meta property=\"og:title\" content=\"\u00c4l\u00e4 piilota veitsi\u00e4si: ripusta ne hygieenisesti, helposti ja nopeasti magneettiseen veitsitelineeseen!\" \/>\n<meta property=\"og:description\" content=\"Magnettinen veitsiteline - Yksinkertainen ja hygieeninen s\u00e4ilytysratkaisu\" \/>\n<meta property=\"og:url\" content=\"https:\/\/magnetarmagnets.com\/fi\/shop\/magneettinen-veitsiteline\/\" \/>\n<meta property=\"og:site_name\" content=\"Magnet fishing with a Magnetar fishing magnet\" \/>\n<meta property=\"article:publisher\" content=\"https:\/\/www.facebook.com\/fishingmagnets\/\" \/>\n<meta property=\"article:modified_time\" content=\"2026-04-09T14:22:31+00:00\" \/>\n<meta property=\"og:image\" content=\"https:\/\/magnetarmagnets.com\/wp-content\/uploads\/2018\/03\/1200x1155.jpg\" \/>\n\t<meta property=\"og:image:width\" content=\"1200\" \/>\n\t<meta property=\"og:image:height\" content=\"1155\" \/>\n\t<meta property=\"og:image:type\" content=\"image\/jpeg\" \/>\n<meta name=\"twitter:card\" content=\"summary_large_image\" \/>\n<meta name=\"twitter:label1\" content=\"Arvioitu lukuaika\" \/>\n\t<meta name=\"twitter:data1\" content=\"2 minuuttia\" \/>\n<script type=\"application\/ld+json\" class=\"yoast-schema-graph\">{\"@context\":\"https:\\\/\\\/schema.org\",\"@graph\":[{\"@type\":[\"WebPage\",\"ItemPage\"],\"@id\":\"https:\\\/\\\/magnetarmagnets.com\\\/fi\\\/shop\\\/magneettinen-veitsiteline\\\/\",\"url\":\"https:\\\/\\\/magnetarmagnets.com\\\/fi\\\/shop\\\/magneettinen-veitsiteline\\\/\",\"name\":\"\u00c4l\u00e4 piilota veitsi\u00e4si: ripusta ne hygieenisesti, helposti ja nopeasti magneettiseen veitsitelineeseen!\",\"isPartOf\":{\"@id\":\"https:\\\/\\\/magnetarmagnets.com\\\/fi\\\/#website\"},\"primaryImageOfPage\":{\"@id\":\"https:\\\/\\\/magnetarmagnets.com\\\/fi\\\/shop\\\/magneettinen-veitsiteline\\\/#primaryimage\"},\"image\":{\"@id\":\"https:\\\/\\\/magnetarmagnets.com\\\/fi\\\/shop\\\/magneettinen-veitsiteline\\\/#primaryimage\"},\"thumbnailUrl\":\"https:\\\/\\\/magnetarmagnets.com\\\/wp-content\\\/uploads\\\/2018\\\/03\\\/1200x1155.jpg\",\"datePublished\":\"2025-06-05T07:54:39+00:00\",\"dateModified\":\"2026-04-09T14:22:31+00:00\",\"description\":\"Magnettinen veitsiteline - Yksinkertainen ja hygieeninen s\u00e4ilytysratkaisu\",\"breadcrumb\":{\"@id\":\"https:\\\/\\\/magnetarmagnets.com\\\/fi\\\/shop\\\/magneettinen-veitsiteline\\\/#breadcrumb\"},\"inLanguage\":\"fi\",\"potentialAction\":[{\"@type\":\"ReadAction\",\"target\":[\"https:\\\/\\\/magnetarmagnets.com\\\/fi\\\/shop\\\/magneettinen-veitsiteline\\\/\"]}]},{\"@type\":\"ImageObject\",\"inLanguage\":\"fi\",\"@id\":\"https:\\\/\\\/magnetarmagnets.com\\\/fi\\\/shop\\\/magneettinen-veitsiteline\\\/#primaryimage\",\"url\":\"https:\\\/\\\/magnetarmagnets.com\\\/wp-content\\\/uploads\\\/2018\\\/03\\\/1200x1155.jpg\",\"contentUrl\":\"https:\\\/\\\/magnetarmagnets.com\\\/wp-content\\\/uploads\\\/2018\\\/03\\\/1200x1155.jpg\",\"width\":1200,\"height\":1155,\"caption\":\"Wood Knife Holder\"},{\"@type\":\"BreadcrumbList\",\"@id\":\"https:\\\/\\\/magnetarmagnets.com\\\/fi\\\/shop\\\/magneettinen-veitsiteline\\\/#breadcrumb\",\"itemListElement\":[{\"@type\":\"ListItem\",\"position\":1,\"name\":\"Home\",\"item\":\"https:\\\/\\\/magnetarmagnets.com\\\/fi\\\/\"},{\"@type\":\"ListItem\",\"position\":2,\"name\":\"Verkkokauppa\",\"item\":\"https:\\\/\\\/magnetarmagnets.com\\\/verkkokauppa\\\/\"},{\"@type\":\"ListItem\",\"position\":3,\"name\":\"Varusteet\",\"item\":\"https:\\\/\\\/magnetarmagnets.com\\\/fi\\\/collections\\\/varusteet\\\/\"},{\"@type\":\"ListItem\",\"position\":4,\"name\":\"Magneettiset lis\u00e4varusteet\",\"item\":\"https:\\\/\\\/magnetarmagnets.com\\\/fi\\\/collections\\\/varusteet\\\/magneettiset-lisavarusteet\\\/\"},{\"@type\":\"ListItem\",\"position\":5,\"name\":\"Magneettinen veitsiteline\"}]},{\"@type\":\"WebSite\",\"@id\":\"https:\\\/\\\/magnetarmagnets.com\\\/fi\\\/#website\",\"url\":\"https:\\\/\\\/magnetarmagnets.com\\\/fi\\\/\",\"name\":\"Magnet fishing with a Magnetar fishing magnet\",\"description\":\"Vahvat magneetit magneettikalastukseen\\n\\n\",\"publisher\":{\"@id\":\"https:\\\/\\\/magnetarmagnets.com\\\/fi\\\/#organization\"},\"potentialAction\":[{\"@type\":\"SearchAction\",\"target\":{\"@type\":\"EntryPoint\",\"urlTemplate\":\"https:\\\/\\\/magnetarmagnets.com\\\/fi\\\/?s={search_term_string}\"},\"query-input\":{\"@type\":\"PropertyValueSpecification\",\"valueRequired\":true,\"valueName\":\"search_term_string\"}}],\"inLanguage\":\"fi\"},{\"@type\":\"Organization\",\"@id\":\"https:\\\/\\\/magnetarmagnets.com\\\/fi\\\/#organization\",\"name\":\"Magnetar\",\"url\":\"https:\\\/\\\/magnetarmagnets.com\\\/fi\\\/\",\"logo\":{\"@type\":\"ImageObject\",\"inLanguage\":\"fi\",\"@id\":\"https:\\\/\\\/magnetarmagnets.com\\\/fi\\\/#\\\/schema\\\/logo\\\/image\\\/\",\"url\":\"https:\\\/\\\/magnetarmagnets.com\\\/wp-content\\\/uploads\\\/2025\\\/05\\\/Logo-03_PNG-Black-scaled.png\",\"contentUrl\":\"https:\\\/\\\/magnetarmagnets.com\\\/wp-content\\\/uploads\\\/2025\\\/05\\\/Logo-03_PNG-Black-scaled.png\",\"width\":2560,\"height\":1658,\"caption\":\"Magnetar\"},\"image\":{\"@id\":\"https:\\\/\\\/magnetarmagnets.com\\\/fi\\\/#\\\/schema\\\/logo\\\/image\\\/\"},\"sameAs\":[\"https:\\\/\\\/www.facebook.com\\\/fishingmagnets\\\/\",\"https:\\\/\\\/www.instagram.com\\\/magnetar_magnets\\\/\",\"https:\\\/\\\/www.linkedin.com\\\/company\\\/magnetarbv\\\/?originalSubdomain=nl\",\"https:\\\/\\\/www.youtube.com\\\/c\\\/MagnetarVismagneet\"]}]}<\/script>\n<!-- \/ Yoast SEO plugin. -->","yoast_head_json":{"title":"\u00c4l\u00e4 piilota veitsi\u00e4si: ripusta ne hygieenisesti, helposti ja nopeasti magneettiseen veitsitelineeseen!","description":"Magnettinen veitsiteline - Yksinkertainen ja hygieeninen s\u00e4ilytysratkaisu","robots":{"index":"index","follow":"follow","max-snippet":"max-snippet:-1","max-image-preview":"max-image-preview:large","max-video-preview":"max-video-preview:-1"},"canonical":"https:\/\/magnetarmagnets.com\/fi\/shop\/magneettinen-veitsiteline\/","og_locale":"fi_FI","og_type":"article","og_title":"\u00c4l\u00e4 piilota veitsi\u00e4si: ripusta ne hygieenisesti, helposti ja nopeasti magneettiseen veitsitelineeseen!","og_description":"Magnettinen veitsiteline - Yksinkertainen ja hygieeninen s\u00e4ilytysratkaisu","og_url":"https:\/\/magnetarmagnets.com\/fi\/shop\/magneettinen-veitsiteline\/","og_site_name":"Magnet fishing with a Magnetar fishing magnet","article_publisher":"https:\/\/www.facebook.com\/fishingmagnets\/","article_modified_time":"2026-04-09T14:22:31+00:00","og_image":[{"width":1200,"height":1155,"url":"https:\/\/magnetarmagnets.com\/wp-content\/uploads\/2018\/03\/1200x1155.jpg","type":"image\/jpeg"}],"twitter_card":"summary_large_image","twitter_misc":{"Arvioitu lukuaika":"2 minuuttia"},"schema":{"@context":"https:\/\/schema.org","@graph":[{"@type":["WebPage","ItemPage"],"@id":"https:\/\/magnetarmagnets.com\/fi\/shop\/magneettinen-veitsiteline\/","url":"https:\/\/magnetarmagnets.com\/fi\/shop\/magneettinen-veitsiteline\/","name":"\u00c4l\u00e4 piilota veitsi\u00e4si: ripusta ne hygieenisesti, helposti ja nopeasti magneettiseen veitsitelineeseen!","isPartOf":{"@id":"https:\/\/magnetarmagnets.com\/fi\/#website"},"primaryImageOfPage":{"@id":"https:\/\/magnetarmagnets.com\/fi\/shop\/magneettinen-veitsiteline\/#primaryimage"},"image":{"@id":"https:\/\/magnetarmagnets.com\/fi\/shop\/magneettinen-veitsiteline\/#primaryimage"},"thumbnailUrl":"https:\/\/magnetarmagnets.com\/wp-content\/uploads\/2018\/03\/1200x1155.jpg","datePublished":"2025-06-05T07:54:39+00:00","dateModified":"2026-04-09T14:22:31+00:00","description":"Magnettinen veitsiteline - Yksinkertainen ja hygieeninen s\u00e4ilytysratkaisu","breadcrumb":{"@id":"https:\/\/magnetarmagnets.com\/fi\/shop\/magneettinen-veitsiteline\/#breadcrumb"},"inLanguage":"fi","potentialAction":[{"@type":"ReadAction","target":["https:\/\/magnetarmagnets.com\/fi\/shop\/magneettinen-veitsiteline\/"]}]},{"@type":"ImageObject","inLanguage":"fi","@id":"https:\/\/magnetarmagnets.com\/fi\/shop\/magneettinen-veitsiteline\/#primaryimage","url":"https:\/\/magnetarmagnets.com\/wp-content\/uploads\/2018\/03\/1200x1155.jpg","contentUrl":"https:\/\/magnetarmagnets.com\/wp-content\/uploads\/2018\/03\/1200x1155.jpg","width":1200,"height":1155,"caption":"Wood Knife Holder"},{"@type":"BreadcrumbList","@id":"https:\/\/magnetarmagnets.com\/fi\/shop\/magneettinen-veitsiteline\/#breadcrumb","itemListElement":[{"@type":"ListItem","position":1,"name":"Home","item":"https:\/\/magnetarmagnets.com\/fi\/"},{"@type":"ListItem","position":2,"name":"Verkkokauppa","item":"https:\/\/magnetarmagnets.com\/verkkokauppa\/"},{"@type":"ListItem","position":3,"name":"Varusteet","item":"https:\/\/magnetarmagnets.com\/fi\/collections\/varusteet\/"},{"@type":"ListItem","position":4,"name":"Magneettiset lis\u00e4varusteet","item":"https:\/\/magnetarmagnets.com\/fi\/collections\/varusteet\/magneettiset-lisavarusteet\/"},{"@type":"ListItem","position":5,"name":"Magneettinen veitsiteline"}]},{"@type":"WebSite","@id":"https:\/\/magnetarmagnets.com\/fi\/#website","url":"https:\/\/magnetarmagnets.com\/fi\/","name":"Magnet fishing with a Magnetar fishing magnet","description":"Vahvat magneetit magneettikalastukseen\n\n","publisher":{"@id":"https:\/\/magnetarmagnets.com\/fi\/#organization"},"potentialAction":[{"@type":"SearchAction","target":{"@type":"EntryPoint","urlTemplate":"https:\/\/magnetarmagnets.com\/fi\/?s={search_term_string}"},"query-input":{"@type":"PropertyValueSpecification","valueRequired":true,"valueName":"search_term_string"}}],"inLanguage":"fi"},{"@type":"Organization","@id":"https:\/\/magnetarmagnets.com\/fi\/#organization","name":"Magnetar","url":"https:\/\/magnetarmagnets.com\/fi\/","logo":{"@type":"ImageObject","inLanguage":"fi","@id":"https:\/\/magnetarmagnets.com\/fi\/#\/schema\/logo\/image\/","url":"https:\/\/magnetarmagnets.com\/wp-content\/uploads\/2025\/05\/Logo-03_PNG-Black-scaled.png","contentUrl":"https:\/\/magnetarmagnets.com\/wp-content\/uploads\/2025\/05\/Logo-03_PNG-Black-scaled.png","width":2560,"height":1658,"caption":"Magnetar"},"image":{"@id":"https:\/\/magnetarmagnets.com\/fi\/#\/schema\/logo\/image\/"},"sameAs":["https:\/\/www.facebook.com\/fishingmagnets\/","https:\/\/www.instagram.com\/magnetar_magnets\/","https:\/\/www.linkedin.com\/company\/magnetarbv\/?originalSubdomain=nl","https:\/\/www.youtube.com\/c\/MagnetarVismagneet"]}]}},"_links":{"self":[{"href":"https:\/\/magnetarmagnets.com\/fi\/wp-json\/wp\/v2\/product\/85357","targetHints":{"allow":["GET"]}}],"collection":[{"href":"https:\/\/magnetarmagnets.com\/fi\/wp-json\/wp\/v2\/product"}],"about":[{"href":"https:\/\/magnetarmagnets.com\/fi\/wp-json\/wp\/v2\/types\/product"}],"replies":[{"embeddable":true,"href":"https:\/\/magnetarmagnets.com\/fi\/wp-json\/wp\/v2\/comments?post=85357"}],"version-history":[{"count":0,"href":"https:\/\/magnetarmagnets.com\/fi\/wp-json\/wp\/v2\/product\/85357\/revisions"}],"wp:featuredmedia":[{"embeddable":true,"href":"https:\/\/magnetarmagnets.com\/fi\/wp-json\/wp\/v2\/media\/80054"}],"wp:attachment":[{"href":"https:\/\/magnetarmagnets.com\/fi\/wp-json\/wp\/v2\/media?parent=85357"}],"wp:term":[{"taxonomy":"product_brand","embeddable":true,"href":"https:\/\/magnetarmagnets.com\/fi\/wp-json\/wp\/v2\/product_brand?post=85357"},{"taxonomy":"product_cat","embeddable":true,"href":"https:\/\/magnetarmagnets.com\/fi\/wp-json\/wp\/v2\/product_cat?post=85357"},{"taxonomy":"product_tag","embeddable":true,"href":"https:\/\/magnetarmagnets.com\/fi\/wp-json\/wp\/v2\/product_tag?post=85357"}],"curies":[{"name":"wp","href":"https:\/\/api.w.org\/{rel}","templated":true}]}}