{"id":85356,"date":"2025-06-05T09:54:40","date_gmt":"2025-06-05T07:54:40","guid":{"rendered":"https:\/\/magnetarmagnets.com\/shop\/classic-kalastusmagneetti-110kg-yksipuolinen\/"},"modified":"2026-04-17T00:29:06","modified_gmt":"2026-04-16T22:29:06","slug":"classic-kalastusmagneetti-110kg-yksipuolinen","status":"publish","type":"product","link":"https:\/\/magnetarmagnets.com\/fi\/shop\/classic-kalastusmagneetti-110kg-yksipuolinen\/","title":{"rendered":"Classic kalastusmagneetti 110KG \u2013 yksipuolinen"},"content":{"rendered":"Classic 110 kalastusmagneetti on yksipuolinen neodyymimagneetti, jonka maksimivetoisuus on 110 kg. Suosittelemme classic 110 -kalastusmagneettia lapsille tai henkil\u00f6ille, jotka tarvitsevat magneettia satunnaisesti esimerkiksi avainten nostamiseen vedest\u00e4. Tehokkaampaa magneettia suosittelemme niille, jotka haluavat todella paneutua magneettikalastukseen.\n\n<h2>Classic 110 kalastusmagneetti 110 kg<\/h2>\n\nEtsitk\u00f6 pient\u00e4 kalastusmagneettia lapsellesi tai pudotitko jotain veteen, jonka haluat saada takaisin? Classic 110 kalastusmagneetti on siihen t\u00e4ydellinen valinta! T\u00e4m\u00e4 magneetti on kooltaan lapsille sopiva, mutta silti vahva. 110 kg vetoisuus kuulostaa suurelta, mutta t\u00e4ysi veto saavutetaan vain t\u00e4ydellisiss\u00e4 olosuhteissa: tasainen metalli, 2 cm paksu, ei ruostetta eik\u00e4 esteit\u00e4 magneetin ja metallin v\u00e4lill\u00e4. N\u00e4iss\u00e4 olosuhteissa voit vet\u00e4\u00e4 110 kg pystysuoraan.\n\nErityisesti kolikoita, avaimia ja pieni\u00e4 aarteita voi l\u00f6yt\u00e4\u00e4 t\u00e4ll\u00e4 magneetilla. Raskaampia esineit\u00e4 ei pysty nostamaan vedest\u00e4 t\u00e4ll\u00e4 magneetilla. Uskomme, ett\u00e4 110 kg on liian kevyt vaativampaan magneettikalastukseen. Classic 110:n etuna on edullinen hinta ja se sopii hyvin lapsille, jotka haluavat kokeilla onko magneettikalastus heille mielek\u00e4st\u00e4. Jos haluat magneettikalastaa ilman, ett\u00e4 menet\u00e4t maanalaisia aarteita, suosittelemme tehokkaampia magneetteja.\n\nJos haluat ottaa magneettikalastuksen tosissasi, suosittelemme vahvempia magneettejamme. Classic 300 ja monipuoliset 360\u00b0 magneetit Easy ja Hardcore ovat erinomaisia valintoja aloittelijoille, jotka haluavat pysty\u00e4 nostamaan monenlaisia esineit\u00e4.\n\n<h2><span style=\"font-weight: 400;\">Korkea laatu<\/span><\/h2>\n\nMagneettimme on valmistettu parhaasta neodyymist\u00e4. T\u00e4m\u00e4 tarkoittaa, ett\u00e4 Magnetar-magneetit s\u00e4ilytt\u00e4v\u00e4t magneettiset vetovoimansa ja menett\u00e4v\u00e4t vain 1 % vetoisuudestaan 100 vuodessa! Useimmat muut myyj\u00e4t myyv\u00e4t magneetteja, jotka menett\u00e4v\u00e4t vastaavan osuuden jopa muutamassa viikossa. Nyky\u00e4\u00e4n on yh\u00e4 enemm\u00e4n t\u00e4llaisia heikkolaatuisia magneetteja, jotka sis\u00e4lt\u00e4v\u00e4t huonolaatuista neodyymi\u00e4. Niin hinnan alentamiseksi ja magneetin koko kuvaamiseksi isommaksi. T\u00e4llaisen magneetin ostaminen on rahan hukkaa.\n\nKaikki magneettimme on suunniteltu henkil\u00f6kohtaisesti ja niin, ett\u00e4 kalastuskokemus on paras mahdollinen. Testaamme magneettien vetovoiman ammattiv\u00e4lineill\u00e4, joten ilmoitettu vetoisuus on tarkka. Tied\u00e4mme kokemuksellamme, miten paras magneetti suunnitellaan. Voit kokea t\u00e4m\u00e4n itse laadukkailla, tehokkailla ja luotettavilla kalastusmagneeteillamme. Kiinnostunut magneettivetoisuuden testauksesta? <a href=\"https:\/\/www.youtube.com\/watch?v=2McW3RURDxs\">Katso videomme<\/a> <span style=\"font-weight: 400;\">t\u00e4st\u00e4.<\/span>\n\n<h2><span style=\"font-weight: 400;\">Varoitus!<\/span><\/h2>\n\nNeodyymimagneettimme ovat eritt\u00e4in voimakkaita ja voivat tarttua metalliesineisiin suurella nopeudella l\u00e4hell\u00e4 ollessaan. \u00c4l\u00e4 laita sormiasi magneetin ja metalliesineen v\u00e4liin. Voimakkaimmat magneettimme voivat aiheuttaa helposti vammoja, kuten murtumia, katkeamisia tai rakkuloita sormille. K\u00e4yt\u00e4 magneettejamme aina varoen. Varoitus: Magneettien k\u00e4ytt\u00f6 omalla vastuulla. Lue aina ennen k\u00e4ytt\u00f6\u00e4 <a href=\"https:\/\/magnetarmagnets.com\/how-do-you-use-fishing-magnets-in-a-safe-way\"><span style=\"font-weight: 400\">turvaohjeemme<\/span><\/a>.<\/span>","protected":false},"excerpt":{"rendered":"<p><span style=\"font-weight: 400;\"><strong>Lapsille turvallinen<\/strong>, v\u00e4ltt\u00e4m\u00e4t\u00f6n vesien harrastajille, jotka haluavat <strong>nostaa hukatut esineet pintaan<\/strong>.<\/span><\/p>\n","protected":false},"featured_media":76762,"comment_status":"open","ping_status":"closed","template":"","meta":{"_acf_changed":false,"inline_featured_image":false},"product_brand":[],"product_cat":[724,712,715],"product_tag":[],"class_list":{"0":"post-85356","1":"product","2":"type-product","3":"status-publish","4":"has-post-thumbnail","6":"product_cat-aloittelijat-ja-lapset","7":"product_cat-kalastusmagneetit","8":"product_cat-yksipuoliset-kalastusmagneetit","10":"first","11":"instock","12":"sale","13":"taxable","14":"shipping-taxable","15":"purchasable","16":"product-type-simple"},"acf":[],"yoast_head":"<!-- This site is optimized with the Yoast SEO plugin v27.4 - https:\/\/yoast.com\/product\/yoast-seo-wordpress\/ -->\n<title>Lapsille sopiva kalastusmagneetti \u2013 110 kg erityisesti lapsille<\/title>\n<meta name=\"description\" content=\"Kalastusmagneetti lapsille \u2013 110 kg \u2013 Magnetar\" \/>\n<meta name=\"robots\" content=\"index, follow, max-snippet:-1, max-image-preview:large, max-video-preview:-1\" \/>\n<link rel=\"canonical\" href=\"https:\/\/magnetarmagnets.com\/fi\/shop\/classic-kalastusmagneetti-110kg-yksipuolinen\/\" \/>\n<meta property=\"og:locale\" content=\"fi_FI\" \/>\n<meta property=\"og:type\" content=\"article\" \/>\n<meta property=\"og:title\" content=\"Lapsille sopiva kalastusmagneetti \u2013 110 kg erityisesti lapsille\" \/>\n<meta property=\"og:description\" content=\"Kalastusmagneetti lapsille \u2013 110 kg \u2013 Magnetar\" \/>\n<meta property=\"og:url\" content=\"https:\/\/magnetarmagnets.com\/fi\/shop\/classic-kalastusmagneetti-110kg-yksipuolinen\/\" \/>\n<meta property=\"og:site_name\" content=\"Magnet fishing with a Magnetar fishing magnet\" \/>\n<meta property=\"article:publisher\" content=\"https:\/\/www.facebook.com\/fishingmagnets\/\" \/>\n<meta property=\"article:modified_time\" content=\"2026-04-16T22:29:06+00:00\" \/>\n<meta property=\"og:image\" content=\"https:\/\/magnetarmagnets.com\/wp-content\/uploads\/2018\/02\/FOTO1499-1.jpg\" \/>\n\t<meta property=\"og:image:width\" content=\"1000\" \/>\n\t<meta property=\"og:image:height\" content=\"1000\" \/>\n\t<meta property=\"og:image:type\" content=\"image\/jpeg\" \/>\n<meta name=\"twitter:card\" content=\"summary_large_image\" \/>\n<meta name=\"twitter:label1\" content=\"Arvioitu lukuaika\" \/>\n\t<meta name=\"twitter:data1\" content=\"3 minuuttia\" \/>\n<script type=\"application\/ld+json\" class=\"yoast-schema-graph\">{\"@context\":\"https:\\\/\\\/schema.org\",\"@graph\":[{\"@type\":[\"WebPage\",\"ItemPage\"],\"@id\":\"https:\\\/\\\/magnetarmagnets.com\\\/fi\\\/shop\\\/classic-kalastusmagneetti-110kg-yksipuolinen\\\/\",\"url\":\"https:\\\/\\\/magnetarmagnets.com\\\/fi\\\/shop\\\/classic-kalastusmagneetti-110kg-yksipuolinen\\\/\",\"name\":\"Lapsille sopiva kalastusmagneetti \u2013 110 kg erityisesti lapsille\",\"isPartOf\":{\"@id\":\"https:\\\/\\\/magnetarmagnets.com\\\/fi\\\/#website\"},\"primaryImageOfPage\":{\"@id\":\"https:\\\/\\\/magnetarmagnets.com\\\/fi\\\/shop\\\/classic-kalastusmagneetti-110kg-yksipuolinen\\\/#primaryimage\"},\"image\":{\"@id\":\"https:\\\/\\\/magnetarmagnets.com\\\/fi\\\/shop\\\/classic-kalastusmagneetti-110kg-yksipuolinen\\\/#primaryimage\"},\"thumbnailUrl\":\"https:\\\/\\\/magnetarmagnets.com\\\/wp-content\\\/uploads\\\/2018\\\/02\\\/FOTO1499-1.jpg\",\"datePublished\":\"2025-06-05T07:54:40+00:00\",\"dateModified\":\"2026-04-16T22:29:06+00:00\",\"description\":\"Kalastusmagneetti lapsille \u2013 110 kg \u2013 Magnetar\",\"breadcrumb\":{\"@id\":\"https:\\\/\\\/magnetarmagnets.com\\\/fi\\\/shop\\\/classic-kalastusmagneetti-110kg-yksipuolinen\\\/#breadcrumb\"},\"inLanguage\":\"fi\",\"potentialAction\":[{\"@type\":\"ReadAction\",\"target\":[\"https:\\\/\\\/magnetarmagnets.com\\\/fi\\\/shop\\\/classic-kalastusmagneetti-110kg-yksipuolinen\\\/\"]}]},{\"@type\":\"ImageObject\",\"inLanguage\":\"fi\",\"@id\":\"https:\\\/\\\/magnetarmagnets.com\\\/fi\\\/shop\\\/classic-kalastusmagneetti-110kg-yksipuolinen\\\/#primaryimage\",\"url\":\"https:\\\/\\\/magnetarmagnets.com\\\/wp-content\\\/uploads\\\/2018\\\/02\\\/FOTO1499-1.jpg\",\"contentUrl\":\"https:\\\/\\\/magnetarmagnets.com\\\/wp-content\\\/uploads\\\/2018\\\/02\\\/FOTO1499-1.jpg\",\"width\":1000,\"height\":1000,\"caption\":\"Classic 80\"},{\"@type\":\"BreadcrumbList\",\"@id\":\"https:\\\/\\\/magnetarmagnets.com\\\/fi\\\/shop\\\/classic-kalastusmagneetti-110kg-yksipuolinen\\\/#breadcrumb\",\"itemListElement\":[{\"@type\":\"ListItem\",\"position\":1,\"name\":\"Home\",\"item\":\"https:\\\/\\\/magnetarmagnets.com\\\/fi\\\/\"},{\"@type\":\"ListItem\",\"position\":2,\"name\":\"Verkkokauppa\",\"item\":\"https:\\\/\\\/magnetarmagnets.com\\\/verkkokauppa\\\/\"},{\"@type\":\"ListItem\",\"position\":3,\"name\":\"Aloittelijat ja lapset\",\"item\":\"https:\\\/\\\/magnetarmagnets.com\\\/fi\\\/collections\\\/aloittelijat-ja-lapset\\\/\"},{\"@type\":\"ListItem\",\"position\":4,\"name\":\"Classic kalastusmagneetti 110KG \u2013 yksipuolinen\"}]},{\"@type\":\"WebSite\",\"@id\":\"https:\\\/\\\/magnetarmagnets.com\\\/fi\\\/#website\",\"url\":\"https:\\\/\\\/magnetarmagnets.com\\\/fi\\\/\",\"name\":\"Magnet fishing with a Magnetar fishing magnet\",\"description\":\"Vahvat magneetit magneettikalastukseen\\n\\n\",\"publisher\":{\"@id\":\"https:\\\/\\\/magnetarmagnets.com\\\/fi\\\/#organization\"},\"potentialAction\":[{\"@type\":\"SearchAction\",\"target\":{\"@type\":\"EntryPoint\",\"urlTemplate\":\"https:\\\/\\\/magnetarmagnets.com\\\/fi\\\/?s={search_term_string}\"},\"query-input\":{\"@type\":\"PropertyValueSpecification\",\"valueRequired\":true,\"valueName\":\"search_term_string\"}}],\"inLanguage\":\"fi\"},{\"@type\":\"Organization\",\"@id\":\"https:\\\/\\\/magnetarmagnets.com\\\/fi\\\/#organization\",\"name\":\"Magnetar\",\"url\":\"https:\\\/\\\/magnetarmagnets.com\\\/fi\\\/\",\"logo\":{\"@type\":\"ImageObject\",\"inLanguage\":\"fi\",\"@id\":\"https:\\\/\\\/magnetarmagnets.com\\\/fi\\\/#\\\/schema\\\/logo\\\/image\\\/\",\"url\":\"https:\\\/\\\/magnetarmagnets.com\\\/wp-content\\\/uploads\\\/2025\\\/05\\\/Logo-03_PNG-Black-scaled.png\",\"contentUrl\":\"https:\\\/\\\/magnetarmagnets.com\\\/wp-content\\\/uploads\\\/2025\\\/05\\\/Logo-03_PNG-Black-scaled.png\",\"width\":2560,\"height\":1658,\"caption\":\"Magnetar\"},\"image\":{\"@id\":\"https:\\\/\\\/magnetarmagnets.com\\\/fi\\\/#\\\/schema\\\/logo\\\/image\\\/\"},\"sameAs\":[\"https:\\\/\\\/www.facebook.com\\\/fishingmagnets\\\/\",\"https:\\\/\\\/www.instagram.com\\\/magnetar_magnets\\\/\",\"https:\\\/\\\/www.linkedin.com\\\/company\\\/magnetarbv\\\/?originalSubdomain=nl\",\"https:\\\/\\\/www.youtube.com\\\/c\\\/MagnetarVismagneet\"]}]}<\/script>\n<!-- \/ Yoast SEO plugin. -->","yoast_head_json":{"title":"Lapsille sopiva kalastusmagneetti \u2013 110 kg erityisesti lapsille","description":"Kalastusmagneetti lapsille \u2013 110 kg \u2013 Magnetar","robots":{"index":"index","follow":"follow","max-snippet":"max-snippet:-1","max-image-preview":"max-image-preview:large","max-video-preview":"max-video-preview:-1"},"canonical":"https:\/\/magnetarmagnets.com\/fi\/shop\/classic-kalastusmagneetti-110kg-yksipuolinen\/","og_locale":"fi_FI","og_type":"article","og_title":"Lapsille sopiva kalastusmagneetti \u2013 110 kg erityisesti lapsille","og_description":"Kalastusmagneetti lapsille \u2013 110 kg \u2013 Magnetar","og_url":"https:\/\/magnetarmagnets.com\/fi\/shop\/classic-kalastusmagneetti-110kg-yksipuolinen\/","og_site_name":"Magnet fishing with a Magnetar fishing magnet","article_publisher":"https:\/\/www.facebook.com\/fishingmagnets\/","article_modified_time":"2026-04-16T22:29:06+00:00","og_image":[{"width":1000,"height":1000,"url":"https:\/\/magnetarmagnets.com\/wp-content\/uploads\/2018\/02\/FOTO1499-1.jpg","type":"image\/jpeg"}],"twitter_card":"summary_large_image","twitter_misc":{"Arvioitu lukuaika":"3 minuuttia"},"schema":{"@context":"https:\/\/schema.org","@graph":[{"@type":["WebPage","ItemPage"],"@id":"https:\/\/magnetarmagnets.com\/fi\/shop\/classic-kalastusmagneetti-110kg-yksipuolinen\/","url":"https:\/\/magnetarmagnets.com\/fi\/shop\/classic-kalastusmagneetti-110kg-yksipuolinen\/","name":"Lapsille sopiva kalastusmagneetti \u2013 110 kg erityisesti lapsille","isPartOf":{"@id":"https:\/\/magnetarmagnets.com\/fi\/#website"},"primaryImageOfPage":{"@id":"https:\/\/magnetarmagnets.com\/fi\/shop\/classic-kalastusmagneetti-110kg-yksipuolinen\/#primaryimage"},"image":{"@id":"https:\/\/magnetarmagnets.com\/fi\/shop\/classic-kalastusmagneetti-110kg-yksipuolinen\/#primaryimage"},"thumbnailUrl":"https:\/\/magnetarmagnets.com\/wp-content\/uploads\/2018\/02\/FOTO1499-1.jpg","datePublished":"2025-06-05T07:54:40+00:00","dateModified":"2026-04-16T22:29:06+00:00","description":"Kalastusmagneetti lapsille \u2013 110 kg \u2013 Magnetar","breadcrumb":{"@id":"https:\/\/magnetarmagnets.com\/fi\/shop\/classic-kalastusmagneetti-110kg-yksipuolinen\/#breadcrumb"},"inLanguage":"fi","potentialAction":[{"@type":"ReadAction","target":["https:\/\/magnetarmagnets.com\/fi\/shop\/classic-kalastusmagneetti-110kg-yksipuolinen\/"]}]},{"@type":"ImageObject","inLanguage":"fi","@id":"https:\/\/magnetarmagnets.com\/fi\/shop\/classic-kalastusmagneetti-110kg-yksipuolinen\/#primaryimage","url":"https:\/\/magnetarmagnets.com\/wp-content\/uploads\/2018\/02\/FOTO1499-1.jpg","contentUrl":"https:\/\/magnetarmagnets.com\/wp-content\/uploads\/2018\/02\/FOTO1499-1.jpg","width":1000,"height":1000,"caption":"Classic 80"},{"@type":"BreadcrumbList","@id":"https:\/\/magnetarmagnets.com\/fi\/shop\/classic-kalastusmagneetti-110kg-yksipuolinen\/#breadcrumb","itemListElement":[{"@type":"ListItem","position":1,"name":"Home","item":"https:\/\/magnetarmagnets.com\/fi\/"},{"@type":"ListItem","position":2,"name":"Verkkokauppa","item":"https:\/\/magnetarmagnets.com\/verkkokauppa\/"},{"@type":"ListItem","position":3,"name":"Aloittelijat ja lapset","item":"https:\/\/magnetarmagnets.com\/fi\/collections\/aloittelijat-ja-lapset\/"},{"@type":"ListItem","position":4,"name":"Classic kalastusmagneetti 110KG \u2013 yksipuolinen"}]},{"@type":"WebSite","@id":"https:\/\/magnetarmagnets.com\/fi\/#website","url":"https:\/\/magnetarmagnets.com\/fi\/","name":"Magnet fishing with a Magnetar fishing magnet","description":"Vahvat magneetit magneettikalastukseen\n\n","publisher":{"@id":"https:\/\/magnetarmagnets.com\/fi\/#organization"},"potentialAction":[{"@type":"SearchAction","target":{"@type":"EntryPoint","urlTemplate":"https:\/\/magnetarmagnets.com\/fi\/?s={search_term_string}"},"query-input":{"@type":"PropertyValueSpecification","valueRequired":true,"valueName":"search_term_string"}}],"inLanguage":"fi"},{"@type":"Organization","@id":"https:\/\/magnetarmagnets.com\/fi\/#organization","name":"Magnetar","url":"https:\/\/magnetarmagnets.com\/fi\/","logo":{"@type":"ImageObject","inLanguage":"fi","@id":"https:\/\/magnetarmagnets.com\/fi\/#\/schema\/logo\/image\/","url":"https:\/\/magnetarmagnets.com\/wp-content\/uploads\/2025\/05\/Logo-03_PNG-Black-scaled.png","contentUrl":"https:\/\/magnetarmagnets.com\/wp-content\/uploads\/2025\/05\/Logo-03_PNG-Black-scaled.png","width":2560,"height":1658,"caption":"Magnetar"},"image":{"@id":"https:\/\/magnetarmagnets.com\/fi\/#\/schema\/logo\/image\/"},"sameAs":["https:\/\/www.facebook.com\/fishingmagnets\/","https:\/\/www.instagram.com\/magnetar_magnets\/","https:\/\/www.linkedin.com\/company\/magnetarbv\/?originalSubdomain=nl","https:\/\/www.youtube.com\/c\/MagnetarVismagneet"]}]}},"_links":{"self":[{"href":"https:\/\/magnetarmagnets.com\/fi\/wp-json\/wp\/v2\/product\/85356","targetHints":{"allow":["GET"]}}],"collection":[{"href":"https:\/\/magnetarmagnets.com\/fi\/wp-json\/wp\/v2\/product"}],"about":[{"href":"https:\/\/magnetarmagnets.com\/fi\/wp-json\/wp\/v2\/types\/product"}],"replies":[{"embeddable":true,"href":"https:\/\/magnetarmagnets.com\/fi\/wp-json\/wp\/v2\/comments?post=85356"}],"version-history":[{"count":1,"href":"https:\/\/magnetarmagnets.com\/fi\/wp-json\/wp\/v2\/product\/85356\/revisions"}],"predecessor-version":[{"id":95675,"href":"https:\/\/magnetarmagnets.com\/fi\/wp-json\/wp\/v2\/product\/85356\/revisions\/95675"}],"wp:featuredmedia":[{"embeddable":true,"href":"https:\/\/magnetarmagnets.com\/fi\/wp-json\/wp\/v2\/media\/76762"}],"wp:attachment":[{"href":"https:\/\/magnetarmagnets.com\/fi\/wp-json\/wp\/v2\/media?parent=85356"}],"wp:term":[{"taxonomy":"product_brand","embeddable":true,"href":"https:\/\/magnetarmagnets.com\/fi\/wp-json\/wp\/v2\/product_brand?post=85356"},{"taxonomy":"product_cat","embeddable":true,"href":"https:\/\/magnetarmagnets.com\/fi\/wp-json\/wp\/v2\/product_cat?post=85356"},{"taxonomy":"product_tag","embeddable":true,"href":"https:\/\/magnetarmagnets.com\/fi\/wp-json\/wp\/v2\/product_tag?post=85356"}],"curies":[{"name":"wp","href":"https:\/\/api.w.org\/{rel}","templated":true}]}}