{"id":85354,"date":"2025-06-05T09:54:42","date_gmt":"2025-06-05T07:54:42","guid":{"rendered":"https:\/\/magnetarmagnets.com\/shop\/paras-koukku-magneettikalastukseen\/"},"modified":"2026-04-18T00:43:55","modified_gmt":"2026-04-17T22:43:55","slug":"paras-koukku-magneettikalastukseen","status":"publish","type":"product","link":"https:\/\/magnetarmagnets.com\/fi\/shop\/paras-koukku-magneettikalastukseen\/","title":{"rendered":"Paras koukku magneettikalastukseen"},"content":{"rendered":"<h2><strong>Mit\u00e4 on koukut eli grappling-hookit?<\/strong><\/h2>\n\n<span style=\"font-weight: 400;\">Se on laite, joka kiinnitet\u00e4\u00e4n k\u00f6yteen ja heitet\u00e4\u00e4n tai upotetaan veteen tarttumaan, pit\u00e4m\u00e4\u00e4n, nappaamaan ja vet\u00e4m\u00e4\u00e4n esine vedest\u00e4. Erilaisia koukkuja k\u00e4ytet\u00e4\u00e4n puuhun kiipe\u00e4miseen, mutta suositamme t\u00e4t\u00e4 seikkailuty\u00f6kalua raskaaseen magneettikalastukseen.<\/span>\n\n\n\n<span style=\"font-weight: 400;\">Niit\u00e4 voi k\u00e4ytt\u00e4\u00e4 yhdess\u00e4 <\/span><span style=\"font-weight: 400;\">neodyymimagneetin<\/span><span style=\"font-weight: 400;\"> kanssa tai vaihtoehtoisesti aarteiden etsimiseen veden alta. Jos olet kiinnostunut saamaan isoja, ei-magneettisia, raskaita tai oudosti muotoiltuja esineit\u00e4, koukku auttaa nostamaan ne pintaan.\u00a0<\/span>\n\n<h2><strong>Minulla on jo magneetti, tarvitseeko minun koukkua?<\/strong><\/h2>\n\n<span style=\"font-weight: 400;\">Ei v\u00e4ltt\u00e4m\u00e4tt\u00e4, mutta se on vahvasti suositeltavaa.\u00a0<\/span>\n\n\n\n<span style=\"font-weight: 400;\">Useimmat magneettikalastajat sanovat, ett\u00e4 kalastusmagneetin koukku on olennainen. Neodyymimagneettimme ovat ihanteellisia erikokoisten, -muotoisten ja tiheyksisten magneettisten metalliesineiden saamiseen. Mutta joskus tarvitset koukun ter\u00e4vi\u00e4 reunoja saadaksesi esineen kiven alta tai nostamaan sen pinnalle.\u00a0<\/span>\n\n\n\n<span style=\"font-weight: 400;\">Kuten kaikessa \u2013 tarvitset oikeat ty\u00f6kalut teht\u00e4v\u00e4n suorittamiseksi erilaisissa olosuhteissa. Lis\u00e4ty\u00f6kalujen, kuten ruostumattomasta ter\u00e4ksest\u00e4 valmistetun koukkumme, k\u00e4ytt\u00e4minen auttaa sinua laajentamaan l\u00f6ydett\u00e4vien aarteiden valikoimaa ja monipuolisuutta. Sek\u00e4 koukku ett\u00e4 kalastusmagneetti toimivat erikseen, mutta ne ovat vahvempia yhdess\u00e4.\u00a0<\/span>\n\n<h2><strong>Mitk\u00e4 materiaalit ovat ei-magneettisia?<\/strong><\/h2>\n\n<span style=\"font-weight: 400;\">Magneetit auttavat sinua saamaan magneettisia materiaaleja. Vaikka kaikki magneettiset materiaalit ovat metallia, kaikki metalli ei ole magneettista. Seuraava taulukko tarjoaa yleiskatsauksen materiaaleista ja esineist\u00e4, joita voit houkutella magneetillasi tai saada koukullasi:<\/span>\n\n<table>\n\n<tbody>\n\n<tr>\n\n<td><b>Magneettiset<\/b><\/td>\n\n<td><b>Ei-magneettiset<\/b><\/td>\n\n<\/tr>\n\n<tr>\n\n<td><span style=\"font-weight: 400;\">Rauta (kattilat, pannut)<\/span><\/td>\n\n<td><span style=\"font-weight: 400;\">Alumiini (t\u00f6lkit, astiat)<\/span><\/td>\n\n<\/tr>\n\n<tr>\n\n<td><span style=\"font-weight: 400;\">Nikkeli (kolikot)<\/span><\/td>\n\n<td><span style=\"font-weight: 400;\">Kupari (kolikot)<\/span><\/td>\n\n<\/tr>\n\n<tr>\n\n<td><span style=\"font-weight: 400;\">Koboltti (ruuvit, pultit, ty\u00f6kalut)<\/span><\/td>\n\n<td><span style=\"font-weight: 400;\">Lyijy (paristot, painot)<\/span><\/td>\n\n<\/tr>\n\n<tr>\n\n<td><span style=\"font-weight: 400;\">Ter\u00e4s (putket, rautatie, autot)<\/span><\/td>\n\n<td><span style=\"font-weight: 400;\">Messinki (musiikki-instrumentit)<\/span><\/td>\n\n<\/tr>\n\n<\/tbody>\n\n<\/table>\n\n&nbsp;\n\n<h2><strong>Mit\u00e4 voi l\u00f6yt\u00e4\u00e4 koukku kalastuksessa?<\/strong><\/h2>\n\n<span style=\"font-weight: 400;\">Ylimitoitettuja tai raskaita l\u00f6yt\u00f6j\u00e4<\/span><span style=\"font-weight: 400;\"> &#8211; jos l\u00f6yd\u00e4t raskaan esineen kalastusmagneetillasi, koukun lis\u00e4k\u00e4ytt\u00f6 auttaa lis\u00e4\u00e4m\u00e4\u00e4n magneetin vetovoimaa ja nostamaan esineen vedest\u00e4. Saatat my\u00f6s saada paremman hallinnan, kun ved\u00e4t esinett\u00e4 helpommin vedest\u00e4.<\/span>\n\n<ul>\n\n  \t<li><strong>Ei-magneettiset esineet<\/strong><span style=\"font-weight: 400;\"> &#8211; sis\u00e4lt\u00e4v\u00e4t materiaaleja kuten kupari, alumiini ja kulta. N\u00e4it\u00e4 sis\u00e4lt\u00e4vi\u00e4 esineit\u00e4 ei v\u00e4ltt\u00e4m\u00e4tt\u00e4 saa talteen ilman koukkua. Se on verrattavissa kalankoukkuun, et tarvitse v\u00e4ltt\u00e4m\u00e4tt\u00e4 sy\u00f6tti\u00e4, mutta se auttaa l\u00f6yt\u00e4m\u00e4\u00e4n paljon enemm\u00e4n lajeja! <\/span><\/li>\n\n  \t<li><strong>Osittain magneettiset esineet<\/strong> &#8211; Jos esine on tehty magneettisista ja ei-magneettisista materiaaleista, magneetti auttaa l\u00f6yt\u00e4m\u00e4\u00e4n sen, mutta linjat eiv\u00e4t v\u00e4ltt\u00e4m\u00e4tt\u00e4 ole yht\u00e4 tiukat tai ote yht\u00e4 vahva.<\/li>\n\n  \t<li><strong>Erimuotoiset esineet<\/strong> &#8211; Olipa kyseess\u00e4 k\u00e4siasetit, r\u00e4j\u00e4ht\u00e4m\u00e4tt\u00f6m\u00e4t pommit, varusteet, ty\u00f6kalut ja muut suuret l\u00f6yd\u00f6t &#8211; tulet yll\u00e4ttyneeksi siit\u00e4, mit\u00e4 voit l\u00f6yt\u00e4\u00e4!<\/li>\n\n<\/ul>\n\n<span style=\"font-weight: 400;\">Ja paljon muuta!\u00a0<\/span>\n\n<h2><strong>Kuinka k\u00e4ytt\u00e4\u00e4 magneettikalastuskoukkuja?<\/strong><\/h2>\n\n<span style=\"font-weight: 400;\">Jos on jotain, mit\u00e4 magneettisi ei pysty vet\u00e4m\u00e4\u00e4n vedest\u00e4, oli se sitten liian raskas, k\u00f6mpel\u00f6 tai ei-magneettinen, on aika k\u00e4ytt\u00e4\u00e4 koukkuasi.\u00a0<\/span>\n\n\n\n<span style=\"font-weight: 400;\">Kuinka kiinnitt\u00e4\u00e4 koukku k\u00f6yteen:<\/span><span style=\"font-weight: 400;\"> Kiinnit\u00e4 k\u00f6ysi koukun p\u00e4\u00e4h\u00e4n karabiinihakasella (sis\u00e4ltyy oston yhteydess\u00e4 mukana tulevaan <\/span><a href=\"https:\/\/magnetarmagnets.com\/shop\/magnet-fishing-rope\/\" target=\"_blank\" rel=\"noopener\"><span style=\"font-weight: 400;\">kalastusmagneetin k\u00f6yteen<\/span><\/a><span style=\"font-weight: 400\">). Tai sido silmukka koukun l\u00e4pi Palomerin solmulla (katso <a href=\"https:\/\/magnetarmagnets.com\/how-to-make-the-perfect-knot\/\">Reinoutin opas<\/a><\/span><span style=\"font-weight: 400\">). Varmista, ett\u00e4 k\u00f6ysi pit\u00e4\u00e4 koukkua tiukasti.<\/span>\n\n\n\n<span style=\"font-weight: 400;\">Kuinka k\u00e4ytt\u00e4\u00e4 koukkua magneetin kanssa: <\/span><span style=\"font-weight: 400;\">Kalastusmagneetti voi l\u00f6yt\u00e4\u00e4 veden alta jotain, mit\u00e4 se ei pysty itse noutamaan. Jos n\u00e4in k\u00e4y, j\u00e4t\u00e4 magneetti ja siima veteen. Kiinnit\u00e4 koukku k\u00f6yteen (ohje yll\u00e4) ja heit\u00e4 se veteen samaan suuntaan kuin magneettisi. Kun koukku saa kiinni esineeseen, johon magneettisi on tarttunut, ved\u00e4 molempia k\u00f6ysi\u00e4 samanaikaisesti saadaksesi esineen takaisin rantaan.\u00a0<\/span>\n\n\n\n<span style=\"font-weight: 400;\">Kuinka k\u00e4ytt\u00e4\u00e4 koukkua yksin\u00e4\u00e4n: <\/span><span style=\"font-weight: 400;\">Jos k\u00e4yt\u00e4t koukkua yksin\u00e4\u00e4n, kiinnit\u00e4 se k\u00f6yteen (ohje yll\u00e4), heit\u00e4 koukku veteen ja anna sen upota. Ved\u00e4 koukkua pohjaa pitkin, kun ved\u00e4t k\u00f6ytt\u00e4 itseesi p\u00e4in. Jos sen kynnet tarttuvat johonkin reunaltaan, saat sen rantaan. Heit\u00e4 seuraavalla heitolla k\u00f6ysi noin metrin p\u00e4\u00e4h\u00e4n edellisest\u00e4 paikasta kattamaan riitt\u00e4v\u00e4sti aluetta.<\/span>\n\n\n\n<span style=\"font-weight: 400;\"><strong>Muista:<\/strong> ole k\u00e4rsiv\u00e4llinen ja ved\u00e4 koukku hitaasti vedest\u00e4, jotta esineet eiv\u00e4t lipsahda irti.\u00a0<\/span>\n\n<h2><strong>Mit\u00e4 koukulta tulee vaatia?<\/strong><\/h2>\n\n<span style=\"font-weight: 400;\">Kun ostat koukkua, ota huomioon kaksi asiaa:<\/span>\n\n<ol>\n\n  \t<li style=\"font-weight: 400;\"><b>Materiaali<\/b><span style=\"font-weight: 400;\"> &#8211; Etsi koukkuja, jotka on tehty korkealaatuisesta ruostumattomasta ter\u00e4ksest\u00e4, sill\u00e4 se on vahvaa, kevytt\u00e4, kest\u00e4v\u00e4\u00e4 ja ruostetta sek\u00e4 muuta vauriota kest\u00e4v\u00e4\u00e4.<\/span><\/li>\n\n  \t<li style=\"font-weight: 400;\"><b>Mitat<\/b><span style=\"font-weight: 400;\"> &#8211; Magnetar-koukku on 19 cm pitk\u00e4 ja 15,5 cm leve\u00e4. Vuoden testauksen j\u00e4lkeen tiimimme on yht\u00e4 mielt\u00e4 siit\u00e4, ett\u00e4 t\u00e4m\u00e4 on t\u00e4ydellinen koko matkustamiseen, heitt\u00e4miseen, kantamiseen ja suurten tai erimuotoisten esineiden nostamiseen vedest\u00e4. Jos koukku on paljon suurempi, se voi olla k\u00f6mpel\u00f6 tai liian raskas heitett\u00e4v\u00e4ksi. Jos se on t\u00e4t\u00e4 pienempi, koukku voi olla liian kapea veden alla oleville esineille.<\/span><\/li>\n\n<\/ol>","protected":false},"excerpt":{"rendered":"<p><span style=\"font-weight: 400;\">Huippuluokan koukkumme on t\u00e4ydellinen vedenalaisten esineiden nostamiseen, jotka ovat <strong>ei-magneettisia, ylimitoitettuja, raskaita, osittain magneettisia tai erimuotoisia<\/strong>. Olitpa sitten rannalla tai veneess\u00e4, se auttaa sinua l\u00f6yt\u00e4m\u00e4\u00e4n monia mielenkiintoisia esineit\u00e4. <\/span><\/p>\n<p><span style=\"font-weight: 400;\">Olemme todenneet, ett\u00e4 se on erityisen hy\u00f6dyllinen <strong>kalastusmagneettisi <\/strong><\/span><strong><a href=\"https:\/\/magnetarmagnets.com\/\" target=\"_blank\" rel=\"noopener\">lis\u00e4varusteena<\/a><\/strong><span style=\"font-weight: 400;\">. Ei ole mit\u00e4\u00e4n turhauttavampaa kuin se, ett\u00e4 magneettisi tarttuu omiin varusteisiisi etk\u00e4 saa esinett\u00e4 vedest\u00e4. Koukun k\u00e4ytt\u00e4minen <strong>lis\u00e4\u00e4 magneetin k\u00e4ytt\u00f6\u00e4 ja vetovoimaa<\/strong> <strong>l\u00f6yt\u00e4\u00e4ksesi viel\u00e4 suurempia, parempia ja mieleenpainuvampia aarteita<\/strong>.\u00a0<\/span><\/p>\n","protected":false},"featured_media":75946,"comment_status":"open","ping_status":"closed","template":"","meta":{"_acf_changed":false,"inline_featured_image":false},"product_brand":[],"product_cat":[720,1023,718],"product_tag":[],"class_list":{"0":"post-85354","1":"product","2":"type-product","3":"status-publish","4":"has-post-thumbnail","6":"product_cat-kalastusmagneettivarusteet","7":"product_cat-luokittelematon","8":"product_cat-varusteet","10":"first","11":"instock","12":"sale","13":"taxable","14":"shipping-taxable","15":"purchasable","16":"product-type-simple"},"acf":[],"yoast_head":"<!-- This site is optimized with the Yoast SEO plugin v27.4 - https:\/\/yoast.com\/product\/yoast-seo-wordpress\/ -->\n<title>Magneettikalastuksen koukku - Magnetar \u00ae [OSTA NYT]<\/title>\n<meta name=\"description\" content=\"Osta paras magneettikalastuksen koukku \u27a4 Magnetar \u00ae. Kauppa kaikille magneettikalastukseen tarvittaville tarvikkeille. Toimitus samana p\u00e4iv\u00e4n\u00e4!\" \/>\n<meta name=\"robots\" content=\"index, follow, max-snippet:-1, max-image-preview:large, max-video-preview:-1\" \/>\n<link rel=\"canonical\" href=\"https:\/\/magnetarmagnets.com\/fi\/shop\/paras-koukku-magneettikalastukseen\/\" \/>\n<meta property=\"og:locale\" content=\"fi_FI\" \/>\n<meta property=\"og:type\" content=\"article\" \/>\n<meta property=\"og:title\" content=\"Magneettikalastuksen koukku - Magnetar \u00ae [OSTA NYT]\" \/>\n<meta property=\"og:description\" content=\"Osta paras magneettikalastuksen koukku \u27a4 Magnetar \u00ae. Kauppa kaikille magneettikalastukseen tarvittaville tarvikkeille. Toimitus samana p\u00e4iv\u00e4n\u00e4!\" \/>\n<meta property=\"og:url\" content=\"https:\/\/magnetarmagnets.com\/fi\/shop\/paras-koukku-magneettikalastukseen\/\" \/>\n<meta property=\"og:site_name\" content=\"Magnet fishing with a Magnetar fishing magnet\" \/>\n<meta property=\"article:publisher\" content=\"https:\/\/www.facebook.com\/fishingmagnets\/\" \/>\n<meta property=\"article:modified_time\" content=\"2026-04-17T22:43:55+00:00\" \/>\n<meta property=\"og:image\" content=\"https:\/\/magnetarmagnets.com\/wp-content\/uploads\/2015\/09\/wurfanker.jpg\" \/>\n\t<meta property=\"og:image:width\" content=\"1570\" \/>\n\t<meta property=\"og:image:height\" content=\"1570\" \/>\n\t<meta property=\"og:image:type\" content=\"image\/jpeg\" \/>\n<meta name=\"twitter:card\" content=\"summary_large_image\" \/>\n<meta name=\"twitter:label1\" content=\"Arvioitu lukuaika\" \/>\n\t<meta name=\"twitter:data1\" content=\"6 minuuttia\" \/>\n<script type=\"application\/ld+json\" class=\"yoast-schema-graph\">{\"@context\":\"https:\\\/\\\/schema.org\",\"@graph\":[{\"@type\":[\"WebPage\",\"ItemPage\"],\"@id\":\"https:\\\/\\\/magnetarmagnets.com\\\/fi\\\/shop\\\/paras-koukku-magneettikalastukseen\\\/\",\"url\":\"https:\\\/\\\/magnetarmagnets.com\\\/fi\\\/shop\\\/paras-koukku-magneettikalastukseen\\\/\",\"name\":\"Magneettikalastuksen koukku - Magnetar \u00ae [OSTA NYT]\",\"isPartOf\":{\"@id\":\"https:\\\/\\\/magnetarmagnets.com\\\/fi\\\/#website\"},\"primaryImageOfPage\":{\"@id\":\"https:\\\/\\\/magnetarmagnets.com\\\/fi\\\/shop\\\/paras-koukku-magneettikalastukseen\\\/#primaryimage\"},\"image\":{\"@id\":\"https:\\\/\\\/magnetarmagnets.com\\\/fi\\\/shop\\\/paras-koukku-magneettikalastukseen\\\/#primaryimage\"},\"thumbnailUrl\":\"https:\\\/\\\/magnetarmagnets.com\\\/wp-content\\\/uploads\\\/2015\\\/09\\\/wurfanker.jpg\",\"datePublished\":\"2025-06-05T07:54:42+00:00\",\"dateModified\":\"2026-04-17T22:43:55+00:00\",\"description\":\"Osta paras magneettikalastuksen koukku \u27a4 Magnetar \u00ae. Kauppa kaikille magneettikalastukseen tarvittaville tarvikkeille. Toimitus samana p\u00e4iv\u00e4n\u00e4!\",\"breadcrumb\":{\"@id\":\"https:\\\/\\\/magnetarmagnets.com\\\/fi\\\/shop\\\/paras-koukku-magneettikalastukseen\\\/#breadcrumb\"},\"inLanguage\":\"fi\",\"potentialAction\":[{\"@type\":\"ReadAction\",\"target\":[\"https:\\\/\\\/magnetarmagnets.com\\\/fi\\\/shop\\\/paras-koukku-magneettikalastukseen\\\/\"]}]},{\"@type\":\"ImageObject\",\"inLanguage\":\"fi\",\"@id\":\"https:\\\/\\\/magnetarmagnets.com\\\/fi\\\/shop\\\/paras-koukku-magneettikalastukseen\\\/#primaryimage\",\"url\":\"https:\\\/\\\/magnetarmagnets.com\\\/wp-content\\\/uploads\\\/2015\\\/09\\\/wurfanker.jpg\",\"contentUrl\":\"https:\\\/\\\/magnetarmagnets.com\\\/wp-content\\\/uploads\\\/2015\\\/09\\\/wurfanker.jpg\",\"width\":1570,\"height\":1570,\"caption\":\"magnet-fishing-grappling-hook\"},{\"@type\":\"BreadcrumbList\",\"@id\":\"https:\\\/\\\/magnetarmagnets.com\\\/fi\\\/shop\\\/paras-koukku-magneettikalastukseen\\\/#breadcrumb\",\"itemListElement\":[{\"@type\":\"ListItem\",\"position\":1,\"name\":\"Home\",\"item\":\"https:\\\/\\\/magnetarmagnets.com\\\/fi\\\/\"},{\"@type\":\"ListItem\",\"position\":2,\"name\":\"Verkkokauppa\",\"item\":\"https:\\\/\\\/magnetarmagnets.com\\\/verkkokauppa\\\/\"},{\"@type\":\"ListItem\",\"position\":3,\"name\":\"Varusteet\",\"item\":\"https:\\\/\\\/magnetarmagnets.com\\\/fi\\\/collections\\\/varusteet\\\/\"},{\"@type\":\"ListItem\",\"position\":4,\"name\":\"Kalastusmagneettivarusteet\",\"item\":\"https:\\\/\\\/magnetarmagnets.com\\\/fi\\\/collections\\\/varusteet\\\/kalastusmagneettivarusteet\\\/\"},{\"@type\":\"ListItem\",\"position\":5,\"name\":\"Paras koukku magneettikalastukseen\"}]},{\"@type\":\"WebSite\",\"@id\":\"https:\\\/\\\/magnetarmagnets.com\\\/fi\\\/#website\",\"url\":\"https:\\\/\\\/magnetarmagnets.com\\\/fi\\\/\",\"name\":\"Magnet fishing with a Magnetar fishing magnet\",\"description\":\"Vahvat magneetit magneettikalastukseen\\n\\n\",\"publisher\":{\"@id\":\"https:\\\/\\\/magnetarmagnets.com\\\/fi\\\/#organization\"},\"potentialAction\":[{\"@type\":\"SearchAction\",\"target\":{\"@type\":\"EntryPoint\",\"urlTemplate\":\"https:\\\/\\\/magnetarmagnets.com\\\/fi\\\/?s={search_term_string}\"},\"query-input\":{\"@type\":\"PropertyValueSpecification\",\"valueRequired\":true,\"valueName\":\"search_term_string\"}}],\"inLanguage\":\"fi\"},{\"@type\":\"Organization\",\"@id\":\"https:\\\/\\\/magnetarmagnets.com\\\/fi\\\/#organization\",\"name\":\"Magnetar\",\"url\":\"https:\\\/\\\/magnetarmagnets.com\\\/fi\\\/\",\"logo\":{\"@type\":\"ImageObject\",\"inLanguage\":\"fi\",\"@id\":\"https:\\\/\\\/magnetarmagnets.com\\\/fi\\\/#\\\/schema\\\/logo\\\/image\\\/\",\"url\":\"https:\\\/\\\/magnetarmagnets.com\\\/wp-content\\\/uploads\\\/2025\\\/05\\\/Logo-03_PNG-Black-scaled.png\",\"contentUrl\":\"https:\\\/\\\/magnetarmagnets.com\\\/wp-content\\\/uploads\\\/2025\\\/05\\\/Logo-03_PNG-Black-scaled.png\",\"width\":2560,\"height\":1658,\"caption\":\"Magnetar\"},\"image\":{\"@id\":\"https:\\\/\\\/magnetarmagnets.com\\\/fi\\\/#\\\/schema\\\/logo\\\/image\\\/\"},\"sameAs\":[\"https:\\\/\\\/www.facebook.com\\\/fishingmagnets\\\/\",\"https:\\\/\\\/www.instagram.com\\\/magnetar_magnets\\\/\",\"https:\\\/\\\/www.linkedin.com\\\/company\\\/magnetarbv\\\/?originalSubdomain=nl\",\"https:\\\/\\\/www.youtube.com\\\/c\\\/MagnetarVismagneet\"]}]}<\/script>\n<!-- \/ Yoast SEO plugin. -->","yoast_head_json":{"title":"Magneettikalastuksen koukku - Magnetar \u00ae [OSTA NYT]","description":"Osta paras magneettikalastuksen koukku \u27a4 Magnetar \u00ae. Kauppa kaikille magneettikalastukseen tarvittaville tarvikkeille. Toimitus samana p\u00e4iv\u00e4n\u00e4!","robots":{"index":"index","follow":"follow","max-snippet":"max-snippet:-1","max-image-preview":"max-image-preview:large","max-video-preview":"max-video-preview:-1"},"canonical":"https:\/\/magnetarmagnets.com\/fi\/shop\/paras-koukku-magneettikalastukseen\/","og_locale":"fi_FI","og_type":"article","og_title":"Magneettikalastuksen koukku - Magnetar \u00ae [OSTA NYT]","og_description":"Osta paras magneettikalastuksen koukku \u27a4 Magnetar \u00ae. Kauppa kaikille magneettikalastukseen tarvittaville tarvikkeille. Toimitus samana p\u00e4iv\u00e4n\u00e4!","og_url":"https:\/\/magnetarmagnets.com\/fi\/shop\/paras-koukku-magneettikalastukseen\/","og_site_name":"Magnet fishing with a Magnetar fishing magnet","article_publisher":"https:\/\/www.facebook.com\/fishingmagnets\/","article_modified_time":"2026-04-17T22:43:55+00:00","og_image":[{"width":1570,"height":1570,"url":"https:\/\/magnetarmagnets.com\/wp-content\/uploads\/2015\/09\/wurfanker.jpg","type":"image\/jpeg"}],"twitter_card":"summary_large_image","twitter_misc":{"Arvioitu lukuaika":"6 minuuttia"},"schema":{"@context":"https:\/\/schema.org","@graph":[{"@type":["WebPage","ItemPage"],"@id":"https:\/\/magnetarmagnets.com\/fi\/shop\/paras-koukku-magneettikalastukseen\/","url":"https:\/\/magnetarmagnets.com\/fi\/shop\/paras-koukku-magneettikalastukseen\/","name":"Magneettikalastuksen koukku - Magnetar \u00ae [OSTA NYT]","isPartOf":{"@id":"https:\/\/magnetarmagnets.com\/fi\/#website"},"primaryImageOfPage":{"@id":"https:\/\/magnetarmagnets.com\/fi\/shop\/paras-koukku-magneettikalastukseen\/#primaryimage"},"image":{"@id":"https:\/\/magnetarmagnets.com\/fi\/shop\/paras-koukku-magneettikalastukseen\/#primaryimage"},"thumbnailUrl":"https:\/\/magnetarmagnets.com\/wp-content\/uploads\/2015\/09\/wurfanker.jpg","datePublished":"2025-06-05T07:54:42+00:00","dateModified":"2026-04-17T22:43:55+00:00","description":"Osta paras magneettikalastuksen koukku \u27a4 Magnetar \u00ae. Kauppa kaikille magneettikalastukseen tarvittaville tarvikkeille. Toimitus samana p\u00e4iv\u00e4n\u00e4!","breadcrumb":{"@id":"https:\/\/magnetarmagnets.com\/fi\/shop\/paras-koukku-magneettikalastukseen\/#breadcrumb"},"inLanguage":"fi","potentialAction":[{"@type":"ReadAction","target":["https:\/\/magnetarmagnets.com\/fi\/shop\/paras-koukku-magneettikalastukseen\/"]}]},{"@type":"ImageObject","inLanguage":"fi","@id":"https:\/\/magnetarmagnets.com\/fi\/shop\/paras-koukku-magneettikalastukseen\/#primaryimage","url":"https:\/\/magnetarmagnets.com\/wp-content\/uploads\/2015\/09\/wurfanker.jpg","contentUrl":"https:\/\/magnetarmagnets.com\/wp-content\/uploads\/2015\/09\/wurfanker.jpg","width":1570,"height":1570,"caption":"magnet-fishing-grappling-hook"},{"@type":"BreadcrumbList","@id":"https:\/\/magnetarmagnets.com\/fi\/shop\/paras-koukku-magneettikalastukseen\/#breadcrumb","itemListElement":[{"@type":"ListItem","position":1,"name":"Home","item":"https:\/\/magnetarmagnets.com\/fi\/"},{"@type":"ListItem","position":2,"name":"Verkkokauppa","item":"https:\/\/magnetarmagnets.com\/verkkokauppa\/"},{"@type":"ListItem","position":3,"name":"Varusteet","item":"https:\/\/magnetarmagnets.com\/fi\/collections\/varusteet\/"},{"@type":"ListItem","position":4,"name":"Kalastusmagneettivarusteet","item":"https:\/\/magnetarmagnets.com\/fi\/collections\/varusteet\/kalastusmagneettivarusteet\/"},{"@type":"ListItem","position":5,"name":"Paras koukku magneettikalastukseen"}]},{"@type":"WebSite","@id":"https:\/\/magnetarmagnets.com\/fi\/#website","url":"https:\/\/magnetarmagnets.com\/fi\/","name":"Magnet fishing with a Magnetar fishing magnet","description":"Vahvat magneetit magneettikalastukseen\n\n","publisher":{"@id":"https:\/\/magnetarmagnets.com\/fi\/#organization"},"potentialAction":[{"@type":"SearchAction","target":{"@type":"EntryPoint","urlTemplate":"https:\/\/magnetarmagnets.com\/fi\/?s={search_term_string}"},"query-input":{"@type":"PropertyValueSpecification","valueRequired":true,"valueName":"search_term_string"}}],"inLanguage":"fi"},{"@type":"Organization","@id":"https:\/\/magnetarmagnets.com\/fi\/#organization","name":"Magnetar","url":"https:\/\/magnetarmagnets.com\/fi\/","logo":{"@type":"ImageObject","inLanguage":"fi","@id":"https:\/\/magnetarmagnets.com\/fi\/#\/schema\/logo\/image\/","url":"https:\/\/magnetarmagnets.com\/wp-content\/uploads\/2025\/05\/Logo-03_PNG-Black-scaled.png","contentUrl":"https:\/\/magnetarmagnets.com\/wp-content\/uploads\/2025\/05\/Logo-03_PNG-Black-scaled.png","width":2560,"height":1658,"caption":"Magnetar"},"image":{"@id":"https:\/\/magnetarmagnets.com\/fi\/#\/schema\/logo\/image\/"},"sameAs":["https:\/\/www.facebook.com\/fishingmagnets\/","https:\/\/www.instagram.com\/magnetar_magnets\/","https:\/\/www.linkedin.com\/company\/magnetarbv\/?originalSubdomain=nl","https:\/\/www.youtube.com\/c\/MagnetarVismagneet"]}]}},"_links":{"self":[{"href":"https:\/\/magnetarmagnets.com\/fi\/wp-json\/wp\/v2\/product\/85354","targetHints":{"allow":["GET"]}}],"collection":[{"href":"https:\/\/magnetarmagnets.com\/fi\/wp-json\/wp\/v2\/product"}],"about":[{"href":"https:\/\/magnetarmagnets.com\/fi\/wp-json\/wp\/v2\/types\/product"}],"replies":[{"embeddable":true,"href":"https:\/\/magnetarmagnets.com\/fi\/wp-json\/wp\/v2\/comments?post=85354"}],"version-history":[{"count":0,"href":"https:\/\/magnetarmagnets.com\/fi\/wp-json\/wp\/v2\/product\/85354\/revisions"}],"wp:featuredmedia":[{"embeddable":true,"href":"https:\/\/magnetarmagnets.com\/fi\/wp-json\/wp\/v2\/media\/75946"}],"wp:attachment":[{"href":"https:\/\/magnetarmagnets.com\/fi\/wp-json\/wp\/v2\/media?parent=85354"}],"wp:term":[{"taxonomy":"product_brand","embeddable":true,"href":"https:\/\/magnetarmagnets.com\/fi\/wp-json\/wp\/v2\/product_brand?post=85354"},{"taxonomy":"product_cat","embeddable":true,"href":"https:\/\/magnetarmagnets.com\/fi\/wp-json\/wp\/v2\/product_cat?post=85354"},{"taxonomy":"product_tag","embeddable":true,"href":"https:\/\/magnetarmagnets.com\/fi\/wp-json\/wp\/v2\/product_tag?post=85354"}],"curies":[{"name":"wp","href":"https:\/\/api.w.org\/{rel}","templated":true}]}}