{"id":83039,"date":"2014-04-08T08:47:46","date_gmt":"2014-04-08T06:47:46","guid":{"rendered":"https:\/\/magnetarmagnets.com\/?page_id=83039"},"modified":"2025-07-17T14:24:26","modified_gmt":"2025-07-17T12:24:26","slug":"tietosuojaseloste","status":"publish","type":"page","link":"https:\/\/magnetarmagnets.com\/fi\/tietosuojaseloste\/","title":{"rendered":"Tietosuojaseloste"},"content":{"rendered":"\n<p>Viimeksi p\u00e4ivitetty: 19. marraskuuta 2021<\/p>\n\n\n\n<p>T\u00e4m\u00e4 on Magnetar US, Inc.:n (j\u00e4ljemp\u00e4n\u00e4: Magnetar) tietosuojaseloste. T\u00e4ss\u00e4 asiakirjassa selitet\u00e4\u00e4n, miten Magnetar k\u00e4sittelee henkil\u00f6tietojasi. Magnetar k\u00e4sittelee henkil\u00f6tietojasi mahdollisimman huolellisesti.<\/p>\n\n\n\n<h2 class=\"wp-block-heading\">Henkil\u00f6tietojen ker\u00e4\u00e4minen<\/h2>\n\n\n\n<p>Kun k\u00e4yt\u00e4t Magnetarin palveluita, annat itse joitakin henkil\u00f6tietoja Magnetarille tai tietosi ker\u00e4t\u00e4\u00e4n sopimuksen t\u00e4yt\u00e4nt\u00f6\u00f6npanon yhteydess\u00e4. Henkil\u00f6tiedoilla tarkoitetaan kaikkia tunnistettuun tai tunnistettavissa olevaan luonnolliseen henkil\u00f6\u00f6n liittyvi\u00e4 tietoja.<\/p>\n\n\n\n<h2 class=\"wp-block-heading\">K\u00e4sitelt\u00e4v\u00e4t henkil\u00f6tietojen kategoriat<\/h2>\n\n\n\n<p>Magnetar k\u00e4sittelee seuraavia henkil\u00f6tietojen kategorioita:<\/p>\n\n\n\n<ul class=\"wp-block-list\">\n<li>Yhteystiedot, mukaan lukien sijaintitiedot, puhelinnumero ja s\u00e4hk\u00f6postiosoite.<\/li>\n\n\n\n<li>Yritystiedot, mukaan lukien ALV-tunnus ja kaupparekisterinumero.<\/li>\n\n\n\n<li>Poikkeava toimitusosoite.<\/li>\n\n\n\n<li>Tilitiedot, kuten k\u00e4ytt\u00e4j\u00e4tunnus ja salasana.<\/li>\n\n\n\n<li>Muut antamasi henkil\u00f6tiedot.<\/li>\n<\/ul>\n\n\n\n<h2 class=\"wp-block-heading\">Tietojen k\u00e4sittelyn tarkoitus<\/h2>\n\n\n\n<p>Magnetar k\u00e4sittelee henkil\u00f6tietoja seuraaviin tarkoituksiin:<\/p>\n\n\n\n<ul class=\"wp-block-list\">\n<li>Ottaakseen sinuun yhteytt\u00e4 ja informoidakseen ostamistasi palveluista ja niiden suorittamisesta.<\/li>\n\n\n\n<li>Mahdollistaakseen palveluiden suorittamisen.<\/li>\n\n\n\n<li>Parantaakseen tarjoamiaan palveluita.<\/li>\n\n\n\n<li>Suorittaakseen maksuja.<\/li>\n\n\n\n<li>Noudattaakseen lakis\u00e4\u00e4teisi\u00e4 velvoitteita.<\/li>\n\n\n\n<li>Markkinointiin ja viestint\u00e4\u00e4n, mukaan lukien verkkosivuston parantaminen analysoimalla vierailijoiden k\u00e4ytt\u00e4ytymist\u00e4.<\/li>\n\n\n\n<li>Uutiskirjeiden l\u00e4hett\u00e4miseen.<\/li>\n\n\n\n<li>Vaihtaakseen tietoja kolmansien osapuolten kanssa palveluiden suorittamiseksi, silt\u00e4 osin kuin se on tarpeellista.<\/li>\n<\/ul>\n\n\n\n<h2 class=\"wp-block-heading\">K\u00e4sittelyn peruste<\/h2>\n\n\n\n<p>Henkil\u00f6tietoja saa k\u00e4sitell\u00e4 vain seuraavilla perusteilla: (i) lakis\u00e4\u00e4teinen velvoite, (ii) sopimuksen t\u00e4yt\u00e4nt\u00f6\u00f6npano, (iii) rekister\u00f6idyn antama (nimenomainen) suostumus ja (iv) oikeutettu etu. Magnetarin palvelujen tuottamisen yhteydess\u00e4 henkil\u00f6tietoja k\u00e4sitell\u00e4\u00e4n Magnetarin palveluiden tarjoamiseksi. Magnetar k\u00e4sittelee vain sellaisia tietoja, jotka se katsoo tarpeellisiksi palveluidensa (ja niiden parantamisen) kannalta, ja k\u00e4sittelee saamiaan (henkil\u00f6)tietoja huolellisesti. N\u00e4iden tietojen k\u00e4sittelyn perusteena on sinun ja Magnetarin v\u00e4linen sopimus. Henkil\u00f6tietoja voidaan k\u00e4sitell\u00e4 my\u00f6s verkkosivustolla <a class=\"\" href=\"https:\/\/magnetarmagnets.com\/fi\/\">https:\/\/magnetarmagnets.com\/<\/a> vierailun yhteydess\u00e4, jos olet antanut siihen suostumuksesi.<\/p>\n\n\n\n<h2 class=\"wp-block-heading\">K\u00e4sittelyn v\u00e4ltt\u00e4m\u00e4tt\u00f6myys<\/h2>\n\n\n\n<p>Henkil\u00f6tietojesi k\u00e4sittely on v\u00e4ltt\u00e4m\u00e4t\u00f6nt\u00e4 palveluidemme suorittamiseksi. Magnetarin tarjoamia palveluita ei voida toteuttaa t\u00e4ysim\u00e4\u00e4r\u00e4isesti ilman henkil\u00f6tietojesi k\u00e4sittely\u00e4. Mik\u00e4li henkil\u00f6tietojen k\u00e4sittely vaatii erillist\u00e4 nimenomaista suostumustasi tiettyyn tarkoitukseen, pyyd\u00e4mme sen erikseen.<\/p>\n\n\n\n<h2 class=\"wp-block-heading\">Automaattinen p\u00e4\u00e4t\u00f6ksenteko<\/h2>\n\n\n\n<p>Automaattista p\u00e4\u00e4t\u00f6ksentekoa ei suoriteta.<\/p>\n\n\n\n<h2 class=\"wp-block-heading\">S\u00e4ilytysaika<\/h2>\n\n\n\n<p>Magnetarin k\u00e4sittelem\u00e4t henkil\u00f6tiedot s\u00e4ilytet\u00e4\u00e4n voimassa olevan lains\u00e4\u00e4d\u00e4nn\u00f6n ja asetusten mukaisesti. Mik\u00e4li pidempi s\u00e4ilytysaika on lains\u00e4\u00e4d\u00e4nn\u00f6n tai asetusten perusteella tarpeen, s\u00e4ilytet\u00e4\u00e4n henkil\u00f6tietoja n\u00e4iden vaatimusten mukaisesti. Kaikkia ker\u00e4ttyj\u00e4 henkil\u00f6tietoja s\u00e4ilytet\u00e4\u00e4n vain niin kauan kuin on ehdottoman v\u00e4ltt\u00e4m\u00e4t\u00f6nt\u00e4.<\/p>\n\n\n\n<h2 class=\"wp-block-heading\">Tietojen k\u00e4sittely kolmansien osapuolten toimesta<\/h2>\n\n\n\n<p>Magnetar jakaa henkil\u00f6tietoja kolmansille osapuolille vain, jos se on ehdottoman v\u00e4ltt\u00e4m\u00e4t\u00f6nt\u00e4 sopimuksen t\u00e4ytt\u00e4miseksi tai lains\u00e4\u00e4d\u00e4nn\u00f6n noudattamiseksi. Henkil\u00f6tietoja ei myyd\u00e4. Magnetar voi olla lakis\u00e4\u00e4teinen velvollinen luovuttamaan henkil\u00f6tietoja kolmansille osapuolille. Mik\u00e4li henkil\u00f6tietoja jaetaan kolmansien osapuolten kanssa, laaditaan t\u00e4t\u00e4 varten k\u00e4sittelysopimus. Kolmannet osapuolet, joiden kanssa tietoja jaetaan, ovat:<\/p>\n\n\n\n<ul class=\"wp-block-list\">\n<li>Toimituspalvelut: sopimuksen toteuttamiseksi. K\u00e4sitelt\u00e4v\u00e4t henkil\u00f6tiedot: yhteystiedot, nimi ja osoitetiedot.<\/li>\n\n\n\n<li>Maksunv\u00e4litt\u00e4j\u00e4: sopimuksen toteuttamiseksi. K\u00e4sitelt\u00e4v\u00e4t henkil\u00f6tiedot: taloudelliset tiedot.<\/li>\n\n\n\n<li>Tilitoimisto: sopimuksen toteuttamiseksi. K\u00e4sitelt\u00e4v\u00e4t henkil\u00f6tiedot: yhteystiedot, nimi, osoitetiedot ja taloudelliset tiedot.<\/li>\n\n\n\n<li>Ohjelmistotoimittajat: sopimuksen toteuttamiseksi. K\u00e4sitelt\u00e4v\u00e4t henkil\u00f6tiedot: yhteystiedot, nimi ja osoitetiedot.<\/li>\n\n\n\n<li>Verkkosivuston yll\u00e4pit\u00e4j\u00e4: sopimuksen toteuttamiseksi. K\u00e4sitelt\u00e4v\u00e4t henkil\u00f6tiedot: yhteystiedot, nimi ja osoitetiedot.<\/li>\n\n\n\n<li>Muut k\u00e4ytetyt kolmannet osapuolet: sopimuksen toteuttamiseksi. K\u00e4sitelt\u00e4v\u00e4t henkil\u00f6tiedot: yhteystiedot, nimi ja osoitetiedot.<\/li>\n<\/ul>\n\n\n\n<h2 class=\"wp-block-heading\">Henkil\u00f6tietojen suojaus<\/h2>\n\n\n\n<p>Magnetar suhtautuu henkil\u00f6tietojesi suojaamiseen vakavasti ja toteuttaa tarvittavat toimenpiteet ottaen huomioon tekniikan kehitystason, toteuttamiskustannukset sek\u00e4 k\u00e4sittelyn luonteen, laajuuden, asiayhteyden ja tarkoitukset sek\u00e4 yksil\u00f6iden oikeuksille ja vapauksille aiheutuvat riskit, joiden todenn\u00e4k\u00f6isyys ja vakavuus vaihtelevat. Magnetar varmistaa asianmukaisen tietoturvan k\u00e4ytt\u00e4m\u00e4ll\u00e4 tarkoituksenmukaisia teknisi\u00e4 ja organisatorisia suojatoimia.<\/p>\n\n\n\n<h2 class=\"wp-block-heading\">Vastuuvapauslauseke<\/h2>\n\n\n\n<p>K\u00e4ytt\u00e4m\u00e4ll\u00e4 t\u00e4t\u00e4 verkkosivustoa hyv\u00e4ksyt vastuuvapauslausekkeen. Magnetar pid\u00e4tt\u00e4\u00e4 oikeuden muuttaa verkkosivustonsa sis\u00e4lt\u00f6\u00e4 ja\/tai t\u00e4t\u00e4 vastuuvapauslauseketta milloin tahansa ilman erillist\u00e4 ilmoitusta asiakkailleen ja\/tai verkkosivuston k\u00e4ytt\u00e4jille. Verkkosivuston sis\u00e4lt\u00f6 on laadittu huolellisesti, mutta siit\u00e4 huolimatta se saattaa sis\u00e4lt\u00e4\u00e4 ep\u00e4tarkkuuksia tai olla puutteellinen. Magnetar ei ota vastuuta mist\u00e4\u00e4n vahingoista, jotka johtuvat verkkosivuston k\u00e4yt\u00f6st\u00e4 tai siihen liittyv\u00e4t. Verkkosivuston k\u00e4ytt\u00f6 tapahtuu t\u00e4ysin k\u00e4ytt\u00e4j\u00e4n omalla vastuulla ja riskill\u00e4. Verkkosivuston sis\u00e4ll\u00f6st\u00e4 ei voida johtaa mit\u00e4\u00e4n oikeuksia. Kaikki sivuston tekstit ovat tekij\u00e4noikeuksien alaisia ja Magnetarin omaisuutta, elleiv\u00e4t ne kuulu kolmansille osapuolille.<\/p>\n\n\n\n<h2 class=\"wp-block-heading\">Ev\u00e4stek\u00e4yt\u00e4nt\u00f6<\/h2>\n\n\n\n<p>Magnetar k\u00e4ytt\u00e4\u00e4 teknisi\u00e4 ja toiminnallisia ev\u00e4steit\u00e4 optimoidakseen verkkosivustonsa. Ev\u00e4steet ovat pieni\u00e4 tekstitiedostoja, jotka tallennetaan laitteellesi verkkosivustolla vierailun yhteydess\u00e4, ja ne parantavat k\u00e4ytt\u00e4j\u00e4kokemusta. Magnetar voi lain mukaan tallentaa ev\u00e4steit\u00e4 laitteellesi, jos ne ovat verkkosivuston toiminnan kannalta ehdottoman v\u00e4ltt\u00e4m\u00e4tt\u00f6mi\u00e4. Muiden ev\u00e4steiden osalta vaaditaan suostumuksesi. Magnetar suosittelee ev\u00e4steiden hyv\u00e4ksymist\u00e4 verkkosivuston k\u00e4ytett\u00e4vyyden parantamiseksi. Sivuston k\u00e4ytt\u00e4jill\u00e4 on mahdollisuus hallita ev\u00e4steiden k\u00e4ytt\u00f6\u00e4.<\/p>\n\n\n\n<p>Magnetarin k\u00e4ytt\u00e4m\u00e4t ev\u00e4steet ovat toiminnallisia ev\u00e4steit\u00e4: ne varmistavat verkkosivuston asianmukaisen toiminnan. N\u00e4m\u00e4 ev\u00e4steet eiv\u00e4t vaikuta yksityisyyteesi, joten erillist\u00e4 lupaa niiden k\u00e4ytt\u00f6\u00f6n ei tarvita. Esimerkiksi selaimesi asetukset voidaan tallentaa, jotta verkkosivusto n\u00e4kyy optimaalisesti tai pysyy saavutettavana (kuormantasauksen ansiosta). K\u00e4yt\u00f6ss\u00e4 voi olla my\u00f6s ev\u00e4steit\u00e4, jotka est\u00e4v\u00e4t muiden ev\u00e4steiden asettamisen (no-follow-ev\u00e4steet).<\/p>\n\n\n\n<p>Suostumuksellasi Magnetar voi asettaa laitteellesi seurantaev\u00e4steit\u00e4. N\u00e4iden ev\u00e4steiden avulla seurataan, mill\u00e4 sivuilla vierailet, ja niist\u00e4 muodostetaan profiili verkonk\u00e4ytt\u00e4ytymisest\u00e4si. Profiilia ei liitet\u00e4 nimeesi, osoitteeseesi, s\u00e4hk\u00f6postiisi tai muihin tietoihisi, vaan sit\u00e4 k\u00e4ytet\u00e4\u00e4n n\u00e4ytt\u00e4m\u00e4\u00e4n sinulle mahdollisimman osuvia mainoksia. Magnetarin sivustolla k\u00e4ytet\u00e4\u00e4n my\u00f6s Googlen ev\u00e4steit\u00e4 Google Analytics -palvelua varten. T\u00e4m\u00e4 tarkoittaa, ett\u00e4 Magnetar ei voi yhdist\u00e4\u00e4 tietoja yksitt\u00e4iseen henkil\u00f6\u00f6n. Magnetar ei seuraa verkkok\u00e4ytt\u00e4ytymist\u00e4si sivuston ulkopuolella. Google Analytics voi olla velvoitettu luovuttamaan tietoja lains\u00e4\u00e4d\u00e4nn\u00f6n perusteella. Jos sinulla on kysytt\u00e4v\u00e4\u00e4, ota yhteytt\u00e4 osoitteeseen <a>info@magnetarmagnets.com<\/a>.<\/p>\n\n\n\n<h2 class=\"wp-block-heading\">Sosiaalisen median k\u00e4ytt\u00f6<\/h2>\n\n\n\n<p>Magnetar k\u00e4ytt\u00e4\u00e4 kolmansien osapuolten ev\u00e4steit\u00e4 verkkosivustonsa optimoimiseksi. Osa ev\u00e4steist\u00e4 asetetaan kolmansien osapuolten palveluiden kautta, jotka n\u00e4kyv\u00e4t verkkosivustolla. Kolmansilla osapuolilla tarkoitetaan esimerkiksi Google Analyticsia ja sosiaalisen median alustoja (Facebook, Instagram ja YouTube). N\u00e4iden muiden yritysten ev\u00e4steiden k\u00e4yt\u00f6ss\u00e4 sovelletaan kyseisten yritysten omaa tietosuoja- ja ev\u00e4stek\u00e4yt\u00e4nt\u00f6\u00e4. Klikatessasi sosiaalisen median painiketta verkkosivustolla, asetetaan kyseisen palvelun ev\u00e4ste, jonka avulla palvelu tunnistaa IP-osoitteesi ja mahdollistaa esimerkiksi artikkelin jakamisen. Magnetar viittaa sosiaalisen median palveluiden ev\u00e4steiden ja ker\u00e4\u00e4mien (henkil\u00f6)tietojen osalta kyseisten palveluiden tietosuojak\u00e4yt\u00e4nt\u00f6ihin.<\/p>\n\n\n\n<h2 class=\"wp-block-heading\">S\u00e4hk\u00f6postiuutiskirje ja muut markkinointiviestit<\/h2>\n\n\n\n<p>Voit tilata uutiskirjeen ja\/tai muita kaupallisia tarjouksia verkkosivustomme kautta. Rekister\u00f6ityess\u00e4si Magnetar pyyt\u00e4\u00e4 sinulta lupaa k\u00e4sitell\u00e4 s\u00e4hk\u00f6postiosoitettasi l\u00e4hett\u00e4\u00e4kseen sinulle markkinointiviestej\u00e4, jotka sis\u00e4lt\u00e4v\u00e4t ajankohtaista tietoa tuotteista ja palveluista, erikoistarjouksista ja markkinointikampanjoista. Saat markkinointis\u00e4hk\u00f6posteja vain, jos olet antanut siihen suostumuksesi. Suostumuksesi sis\u00e4lt\u00e4\u00e4 my\u00f6s hyv\u00e4ksynt\u00e4si sille, ett\u00e4 Magnetar voi personoida markkinointiviestins\u00e4 tarpeidesi ja kiinnostuksen kohteidesi mukaan luodun k\u00e4ytt\u00e4j\u00e4profiilin perusteella. Voit peruuttaa suostumuksesi markkinointiviestien vastaanottamiseen milloin tahansa klikkaamalla s\u00e4hk\u00f6postiviestin lopussa olevaa \u201cPeru tilaus\u201d -linkki\u00e4. Suostumuksen peruuttaminen ei vaikuta ennen suostumuksen peruuttamista suoritetun k\u00e4sittelyn laillisuuteen.<\/p>\n\n\n\n<h2 class=\"wp-block-heading\">Selainasetukset<\/h2>\n\n\n\n<p>Jos et halua verkkosivustojen tallentavan ev\u00e4steit\u00e4 laitteellesi, voit muuttaa selaimesi asetuksia. Ennen ev\u00e4steen tallentamista saat varoituksen ja sinun tulee hyv\u00e4ksy\u00e4 ev\u00e4steen asettaminen. Jos et hyv\u00e4ksy ev\u00e4steit\u00e4, verkkosivusto ei v\u00e4ltt\u00e4m\u00e4tt\u00e4 toimi kunnolla. Voit asettaa selaimesi est\u00e4m\u00e4\u00e4n kaikki ev\u00e4steet tai vain kolmansien osapuolien ev\u00e4steet. Voit my\u00f6s poistaa jo tallennetut ev\u00e4steet. T\u00e4m\u00e4 onnistuu selaimen asetusten kautta s\u00e4\u00e4t\u00e4m\u00e4ll\u00e4 tietosuoja-asetuksia. T\u00e4m\u00e4 tietosuojaseloste ei koske kolmansien osapuolien verkkosivustoja, joihin verkkosivustollamme on linkkej\u00e4. Magnetar ei voi taata, ett\u00e4 n\u00e4m\u00e4 kolmannet osapuolet k\u00e4sittelev\u00e4t henkil\u00f6tietojasi luotettavasti tai turvallisesti. Suosittelemme, ett\u00e4 luet kyseisten verkkosivustojen tietosuojak\u00e4yt\u00e4nn\u00f6t ennen niiden k\u00e4ytt\u00f6\u00e4.<\/p>\n\n\n\n<h2 class=\"wp-block-heading\">Rekister\u00f6idyn oikeudet<\/h2>\n\n\n\n<p>Rekister\u00f6ityn\u00e4 sinulla on seuraavat oikeudet:<\/p>\n\n\n\n<p>Vastustamisoikeus: Oikeus vastustaa milloin tahansa henkil\u00f6tietojesi k\u00e4sittely\u00e4, my\u00f6s profilointia, omiin erityistilanteeseesi liittyvill\u00e4 perusteilla. Magnetar lopettaa tietojesi k\u00e4sittelyn, ellei k\u00e4sittelyyn ole olemassa pakottavia oikeutettuja perusteita, jotka syrj\u00e4ytt\u00e4v\u00e4t rekister\u00f6idyn edut, oikeudet ja vapaudet, tai ellei k\u00e4sittely ole tarpeen oikeudellisen vaateen laatimiseksi, esitt\u00e4miseksi tai puolustamiseksi.<\/p>\n\n\n\n<p>Tarkastusoikeus: Oikeus saada tietoa siit\u00e4, k\u00e4sitell\u00e4\u00e4nk\u00f6 henkil\u00f6tietojasi, ja oikeus saada p\u00e4\u00e4sy kyseisiin tietoihin.<\/p>\n\n\n\n<p>Oikeus oikaista tiedot: Oikeus pyyt\u00e4\u00e4 virheellisten tietojen korjaamista tai t\u00e4ydent\u00e4mist\u00e4.<\/p>\n\n\n\n<p>Oikeus tietojen poistamiseen: Oikeus pyyt\u00e4\u00e4 henkil\u00f6tietojesi poistamista ilman aiheetonta viivytyst\u00e4.<\/p>\n\n\n\n<p>Oikeus k\u00e4sittelyn rajoittamiseen: Oikeus pyyt\u00e4\u00e4 henkil\u00f6tietojesi k\u00e4sittelyn rajoittamista. Ota t\u00e4t\u00e4 varten yhteytt\u00e4 Magnetariin.<\/p>\n\n\n\n<p>Oikeus siirt\u00e4\u00e4 tiedot j\u00e4rjestelm\u00e4st\u00e4 toiseen: Oikeus saada Magnetarille antamasi henkil\u00f6tiedot j\u00e4sennellyss\u00e4, yleisesti k\u00e4ytetyss\u00e4 ja koneellisesti luettavassa muodossa tai siirt\u00e4\u00e4 ne kolmannelle osapuolelle. Voit my\u00f6s pyyt\u00e4\u00e4 Magnetaria siirt\u00e4m\u00e4\u00e4n tietosi suoraan kolmannelle osapuolelle.<\/p>\n\n\n\n<h2 class=\"wp-block-heading\">Valitus<\/h2>\n\n\n\n<p>Jos sinulla on valitus siit\u00e4, miten Magnetar k\u00e4sittelee henkil\u00f6tietojasi, tai haluat k\u00e4ytt\u00e4\u00e4 yll\u00e4 mainittuja oikeuksiasi, ota meihin yhteytt\u00e4 verkkosivuston kautta tai s\u00e4hk\u00f6postitse osoitteeseen <a>info@magnetarmagnets.com<\/a>. Varmistaaksesi, ett\u00e4 olet oikeutettu esitt\u00e4m\u00e4\u00e4n pyynn\u00f6n, Magnetar pyyt\u00e4\u00e4 liitt\u00e4m\u00e4\u00e4n mukaan kopion henkil\u00f6llisyystodistuksestasi (voit peitt\u00e4\u00e4 passikuvasi ja MRZ-koodin yksityisyytesi suojaamiseksi). Saat vastauksen mahdollisimman pian, kuitenkin viimeist\u00e4\u00e4n 4 viikon kuluessa. Voit my\u00f6s tehd\u00e4 valituksen valvontaviranomaiselle, Alankomaiden tietosuojaviranomaiselle. Yhteystiedot l\u00f6yd\u00e4t t\u00e4\u00e4lt\u00e4: <a class=\"\" href=\"https:\/\/autoriteitpersoonsgegevens.nl\/nl\/contact-met-de-autoriteit-persoonsgegevens\/tip-ons\">https:\/\/autoriteitpersoonsgegevens.nl\/nl\/contact-met-de-autoriteit-persoonsgegevens\/tip-ons<\/a>.<\/p>\n\n\n\n<h2 class=\"wp-block-heading\">Tietosuojaselosteen muutokset<\/h2>\n\n\n\n<p>Magnetar voi muuttaa t\u00e4t\u00e4 tietosuojaselostetta milloin tahansa. Uusin versio julkaistaan verkkosivustolla. Tarkista siis aina verkkosivustoltamme ajantasainen versio. Jos uusi tietosuojaseloste vaikuttaa jo k\u00e4sittelemiimme tietoihisi, ilmoitamme siit\u00e4 sinulle s\u00e4hk\u00f6postitse.<\/p>\n","protected":false},"excerpt":{"rendered":"<p>Viimeksi p\u00e4ivitetty: 19. marraskuuta 2021 T\u00e4m\u00e4 on Magnetar US, Inc.:n (j\u00e4ljemp\u00e4n\u00e4: Magnetar) tietosuojaseloste. T\u00e4ss\u00e4 asiakirjassa selitet\u00e4\u00e4n, miten Magnetar k\u00e4sittelee henkil\u00f6tietojasi. Magnetar k\u00e4sittelee henkil\u00f6tietojasi mahdollisimman huolellisesti. Henkil\u00f6tietojen ker\u00e4\u00e4minen Kun k\u00e4yt\u00e4t Magnetarin palveluita, annat itse joitakin henkil\u00f6tietoja Magnetarille tai tietosi ker\u00e4t\u00e4\u00e4n sopimuksen t\u00e4yt\u00e4nt\u00f6\u00f6npanon yhteydess\u00e4. Henkil\u00f6tiedoilla tarkoitetaan kaikkia tunnistettuun tai tunnistettavissa olevaan luonnolliseen henkil\u00f6\u00f6n liittyvi\u00e4 tietoja. K\u00e4sitelt\u00e4v\u00e4t henkil\u00f6tietojen [&hellip;]<\/p>\n","protected":false},"author":1,"featured_media":0,"parent":0,"menu_order":0,"comment_status":"open","ping_status":"open","template":"","meta":{"_acf_changed":false,"inline_featured_image":false,"footnotes":""},"class_list":["post-83039","page","type-page","status-publish","hentry"],"acf":[],"yoast_head":"<!-- This site is optimized with the Yoast SEO plugin v27.3 - https:\/\/yoast.com\/product\/yoast-seo-wordpress\/ -->\n<title>Tietosuojaseloste - Magnet fishing with a Magnetar fishing magnet<\/title>\n<meta name=\"robots\" content=\"noindex, nofollow\" \/>\n<meta property=\"og:locale\" content=\"fi_FI\" \/>\n<meta property=\"og:type\" content=\"article\" \/>\n<meta property=\"og:title\" content=\"Tietosuojaseloste - Magnet fishing with a Magnetar fishing magnet\" \/>\n<meta property=\"og:description\" content=\"Viimeksi p\u00e4ivitetty: 19. marraskuuta 2021 T\u00e4m\u00e4 on Magnetar US, Inc.:n (j\u00e4ljemp\u00e4n\u00e4: Magnetar) tietosuojaseloste. T\u00e4ss\u00e4 asiakirjassa selitet\u00e4\u00e4n, miten Magnetar k\u00e4sittelee henkil\u00f6tietojasi. Magnetar k\u00e4sittelee henkil\u00f6tietojasi mahdollisimman huolellisesti. Henkil\u00f6tietojen ker\u00e4\u00e4minen Kun k\u00e4yt\u00e4t Magnetarin palveluita, annat itse joitakin henkil\u00f6tietoja Magnetarille tai tietosi ker\u00e4t\u00e4\u00e4n sopimuksen t\u00e4yt\u00e4nt\u00f6\u00f6npanon yhteydess\u00e4. Henkil\u00f6tiedoilla tarkoitetaan kaikkia tunnistettuun tai tunnistettavissa olevaan luonnolliseen henkil\u00f6\u00f6n liittyvi\u00e4 tietoja. K\u00e4sitelt\u00e4v\u00e4t henkil\u00f6tietojen [&hellip;]\" \/>\n<meta property=\"og:url\" content=\"https:\/\/magnetarmagnets.com\/fi\/tietosuojaseloste\/\" \/>\n<meta property=\"og:site_name\" content=\"Magnet fishing with a Magnetar fishing magnet\" \/>\n<meta property=\"article:publisher\" content=\"https:\/\/www.facebook.com\/fishingmagnets\/\" \/>\n<meta property=\"article:modified_time\" content=\"2025-07-17T12:24:26+00:00\" \/>\n<meta property=\"og:image\" content=\"https:\/\/magnetarmagnets.com\/wp-content\/uploads\/2025\/05\/Logo-03_PNG-Black-scaled.png\" \/>\n\t<meta property=\"og:image:width\" content=\"2560\" \/>\n\t<meta property=\"og:image:height\" content=\"1658\" \/>\n\t<meta property=\"og:image:type\" content=\"image\/png\" \/>\n<meta name=\"twitter:card\" content=\"summary_large_image\" \/>\n<meta name=\"twitter:label1\" content=\"Arvioitu lukuaika\" \/>\n\t<meta name=\"twitter:data1\" content=\"6 minuuttia\" \/>\n<script type=\"application\/ld+json\" class=\"yoast-schema-graph\">{\"@context\":\"https:\\\/\\\/schema.org\",\"@graph\":[{\"@type\":\"WebPage\",\"@id\":\"https:\\\/\\\/magnetarmagnets.com\\\/fi\\\/tietosuojaseloste\\\/\",\"url\":\"https:\\\/\\\/magnetarmagnets.com\\\/fi\\\/tietosuojaseloste\\\/\",\"name\":\"Tietosuojaseloste - Magnet fishing with a Magnetar fishing magnet\",\"isPartOf\":{\"@id\":\"https:\\\/\\\/magnetarmagnets.com\\\/fi\\\/#website\"},\"datePublished\":\"2014-04-08T06:47:46+00:00\",\"dateModified\":\"2025-07-17T12:24:26+00:00\",\"breadcrumb\":{\"@id\":\"https:\\\/\\\/magnetarmagnets.com\\\/fi\\\/tietosuojaseloste\\\/#breadcrumb\"},\"inLanguage\":\"fi\",\"potentialAction\":[{\"@type\":\"ReadAction\",\"target\":[\"https:\\\/\\\/magnetarmagnets.com\\\/fi\\\/tietosuojaseloste\\\/\"]}]},{\"@type\":\"BreadcrumbList\",\"@id\":\"https:\\\/\\\/magnetarmagnets.com\\\/fi\\\/tietosuojaseloste\\\/#breadcrumb\",\"itemListElement\":[{\"@type\":\"ListItem\",\"position\":1,\"name\":\"Home\",\"item\":\"https:\\\/\\\/magnetarmagnets.com\\\/fi\\\/\"},{\"@type\":\"ListItem\",\"position\":2,\"name\":\"Tietosuojaseloste\"}]},{\"@type\":\"WebSite\",\"@id\":\"https:\\\/\\\/magnetarmagnets.com\\\/fi\\\/#website\",\"url\":\"https:\\\/\\\/magnetarmagnets.com\\\/fi\\\/\",\"name\":\"Magnet fishing with a Magnetar fishing magnet\",\"description\":\"Vahvat magneetit magneettikalastukseen\\n\\n\",\"publisher\":{\"@id\":\"https:\\\/\\\/magnetarmagnets.com\\\/fi\\\/#organization\"},\"potentialAction\":[{\"@type\":\"SearchAction\",\"target\":{\"@type\":\"EntryPoint\",\"urlTemplate\":\"https:\\\/\\\/magnetarmagnets.com\\\/fi\\\/?s={search_term_string}\"},\"query-input\":{\"@type\":\"PropertyValueSpecification\",\"valueRequired\":true,\"valueName\":\"search_term_string\"}}],\"inLanguage\":\"fi\"},{\"@type\":\"Organization\",\"@id\":\"https:\\\/\\\/magnetarmagnets.com\\\/fi\\\/#organization\",\"name\":\"Magnetar\",\"url\":\"https:\\\/\\\/magnetarmagnets.com\\\/fi\\\/\",\"logo\":{\"@type\":\"ImageObject\",\"inLanguage\":\"fi\",\"@id\":\"https:\\\/\\\/magnetarmagnets.com\\\/fi\\\/#\\\/schema\\\/logo\\\/image\\\/\",\"url\":\"https:\\\/\\\/magnetarmagnets.com\\\/wp-content\\\/uploads\\\/2025\\\/05\\\/Logo-03_PNG-Black-scaled.png\",\"contentUrl\":\"https:\\\/\\\/magnetarmagnets.com\\\/wp-content\\\/uploads\\\/2025\\\/05\\\/Logo-03_PNG-Black-scaled.png\",\"width\":2560,\"height\":1658,\"caption\":\"Magnetar\"},\"image\":{\"@id\":\"https:\\\/\\\/magnetarmagnets.com\\\/fi\\\/#\\\/schema\\\/logo\\\/image\\\/\"},\"sameAs\":[\"https:\\\/\\\/www.facebook.com\\\/fishingmagnets\\\/\",\"https:\\\/\\\/www.instagram.com\\\/magnetar_magnets\\\/\",\"https:\\\/\\\/www.linkedin.com\\\/company\\\/magnetarbv\\\/?originalSubdomain=nl\",\"https:\\\/\\\/www.youtube.com\\\/c\\\/MagnetarVismagneet\"]}]}<\/script>\n<!-- \/ Yoast SEO plugin. -->","yoast_head_json":{"title":"Tietosuojaseloste - Magnet fishing with a Magnetar fishing magnet","robots":{"index":"noindex","follow":"nofollow"},"og_locale":"fi_FI","og_type":"article","og_title":"Tietosuojaseloste - Magnet fishing with a Magnetar fishing magnet","og_description":"Viimeksi p\u00e4ivitetty: 19. marraskuuta 2021 T\u00e4m\u00e4 on Magnetar US, Inc.:n (j\u00e4ljemp\u00e4n\u00e4: Magnetar) tietosuojaseloste. T\u00e4ss\u00e4 asiakirjassa selitet\u00e4\u00e4n, miten Magnetar k\u00e4sittelee henkil\u00f6tietojasi. Magnetar k\u00e4sittelee henkil\u00f6tietojasi mahdollisimman huolellisesti. Henkil\u00f6tietojen ker\u00e4\u00e4minen Kun k\u00e4yt\u00e4t Magnetarin palveluita, annat itse joitakin henkil\u00f6tietoja Magnetarille tai tietosi ker\u00e4t\u00e4\u00e4n sopimuksen t\u00e4yt\u00e4nt\u00f6\u00f6npanon yhteydess\u00e4. Henkil\u00f6tiedoilla tarkoitetaan kaikkia tunnistettuun tai tunnistettavissa olevaan luonnolliseen henkil\u00f6\u00f6n liittyvi\u00e4 tietoja. K\u00e4sitelt\u00e4v\u00e4t henkil\u00f6tietojen [&hellip;]","og_url":"https:\/\/magnetarmagnets.com\/fi\/tietosuojaseloste\/","og_site_name":"Magnet fishing with a Magnetar fishing magnet","article_publisher":"https:\/\/www.facebook.com\/fishingmagnets\/","article_modified_time":"2025-07-17T12:24:26+00:00","og_image":[{"width":2560,"height":1658,"url":"https:\/\/magnetarmagnets.com\/wp-content\/uploads\/2025\/05\/Logo-03_PNG-Black-scaled.png","type":"image\/png"}],"twitter_card":"summary_large_image","twitter_misc":{"Arvioitu lukuaika":"6 minuuttia"},"schema":{"@context":"https:\/\/schema.org","@graph":[{"@type":"WebPage","@id":"https:\/\/magnetarmagnets.com\/fi\/tietosuojaseloste\/","url":"https:\/\/magnetarmagnets.com\/fi\/tietosuojaseloste\/","name":"Tietosuojaseloste - Magnet fishing with a Magnetar fishing magnet","isPartOf":{"@id":"https:\/\/magnetarmagnets.com\/fi\/#website"},"datePublished":"2014-04-08T06:47:46+00:00","dateModified":"2025-07-17T12:24:26+00:00","breadcrumb":{"@id":"https:\/\/magnetarmagnets.com\/fi\/tietosuojaseloste\/#breadcrumb"},"inLanguage":"fi","potentialAction":[{"@type":"ReadAction","target":["https:\/\/magnetarmagnets.com\/fi\/tietosuojaseloste\/"]}]},{"@type":"BreadcrumbList","@id":"https:\/\/magnetarmagnets.com\/fi\/tietosuojaseloste\/#breadcrumb","itemListElement":[{"@type":"ListItem","position":1,"name":"Home","item":"https:\/\/magnetarmagnets.com\/fi\/"},{"@type":"ListItem","position":2,"name":"Tietosuojaseloste"}]},{"@type":"WebSite","@id":"https:\/\/magnetarmagnets.com\/fi\/#website","url":"https:\/\/magnetarmagnets.com\/fi\/","name":"Magnet fishing with a Magnetar fishing magnet","description":"Vahvat magneetit magneettikalastukseen\n\n","publisher":{"@id":"https:\/\/magnetarmagnets.com\/fi\/#organization"},"potentialAction":[{"@type":"SearchAction","target":{"@type":"EntryPoint","urlTemplate":"https:\/\/magnetarmagnets.com\/fi\/?s={search_term_string}"},"query-input":{"@type":"PropertyValueSpecification","valueRequired":true,"valueName":"search_term_string"}}],"inLanguage":"fi"},{"@type":"Organization","@id":"https:\/\/magnetarmagnets.com\/fi\/#organization","name":"Magnetar","url":"https:\/\/magnetarmagnets.com\/fi\/","logo":{"@type":"ImageObject","inLanguage":"fi","@id":"https:\/\/magnetarmagnets.com\/fi\/#\/schema\/logo\/image\/","url":"https:\/\/magnetarmagnets.com\/wp-content\/uploads\/2025\/05\/Logo-03_PNG-Black-scaled.png","contentUrl":"https:\/\/magnetarmagnets.com\/wp-content\/uploads\/2025\/05\/Logo-03_PNG-Black-scaled.png","width":2560,"height":1658,"caption":"Magnetar"},"image":{"@id":"https:\/\/magnetarmagnets.com\/fi\/#\/schema\/logo\/image\/"},"sameAs":["https:\/\/www.facebook.com\/fishingmagnets\/","https:\/\/www.instagram.com\/magnetar_magnets\/","https:\/\/www.linkedin.com\/company\/magnetarbv\/?originalSubdomain=nl","https:\/\/www.youtube.com\/c\/MagnetarVismagneet"]}]}},"_links":{"self":[{"href":"https:\/\/magnetarmagnets.com\/fi\/wp-json\/wp\/v2\/pages\/83039","targetHints":{"allow":["GET"]}}],"collection":[{"href":"https:\/\/magnetarmagnets.com\/fi\/wp-json\/wp\/v2\/pages"}],"about":[{"href":"https:\/\/magnetarmagnets.com\/fi\/wp-json\/wp\/v2\/types\/page"}],"author":[{"embeddable":true,"href":"https:\/\/magnetarmagnets.com\/fi\/wp-json\/wp\/v2\/users\/1"}],"replies":[{"embeddable":true,"href":"https:\/\/magnetarmagnets.com\/fi\/wp-json\/wp\/v2\/comments?post=83039"}],"version-history":[{"count":0,"href":"https:\/\/magnetarmagnets.com\/fi\/wp-json\/wp\/v2\/pages\/83039\/revisions"}],"wp:attachment":[{"href":"https:\/\/magnetarmagnets.com\/fi\/wp-json\/wp\/v2\/media?parent=83039"}],"curies":[{"name":"wp","href":"https:\/\/api.w.org\/{rel}","templated":true}]}}