{"id":83010,"date":"2014-04-08T08:07:37","date_gmt":"2014-04-08T06:07:37","guid":{"rendered":"https:\/\/magnetarmagnets.com\/palautusehdot\/"},"modified":"2025-07-17T10:42:35","modified_gmt":"2025-07-17T08:42:35","slug":"palautusehdot","status":"publish","type":"page","link":"https:\/\/magnetarmagnets.com\/fi\/palautusehdot\/","title":{"rendered":"Palautusehdot"},"content":{"rendered":"\n<p>Tilasitko tuotteen, mutta se ei vastannutkaan odotuksiasi? Tarjoamme mahdollisuuden palauttaa tuotteet 30 p\u00e4iv\u00e4n kuluessa vastaanottamisesta ilman syyt\u00e4. T\u00e4rke\u00e4n\u00e4 ehtona on, ett\u00e4 tuote on k\u00e4ytt\u00e4m\u00e4t\u00f6n.  <\/p>\n\n<p>Magnetar pyyt\u00e4\u00e4 liitt\u00e4m\u00e4\u00e4n palautettavan tuotteen mukaan tilausvahvistuksen tai sen kopion. Kun kaikki ehdot t\u00e4yttyv\u00e4t, koko ostosumma palautetaan tilillesi 10 arkip\u00e4iv\u00e4n kuluessa. <\/p>\n\n<p><strong>&#8211;<\/strong><\/p>\n\n<p>&#8211;<\/p>\n\n<p><strong>Euroopan palautukset voi l\u00e4hett\u00e4\u00e4 seuraavaan osoitteeseen:<\/strong><\/p>\n\n<p>Active Ants<br \/>Magnetar Retouren,<br \/>Borchwerf 5,<br \/>4704 RG Roosendaal,<br \/>The Netherlands<\/p>\n\n<h2 class=\"wp-block-heading\"><strong>Peruuttamisoikeus<\/strong><\/h2>\n\n<p>Sinulla on oikeus peruuttaa ostoksesi 30 p\u00e4iv\u00e4n kuluessa ilman syyt\u00e4. Peruuttamisaika p\u00e4\u00e4ttyy 14 p\u00e4iv\u00e4n kuluttua siit\u00e4, kun olet vastaanottanut tuotteet. <\/p>\n\n<p>Voit k\u00e4ytt\u00e4\u00e4 peruuttamisoikeuttasi ilmoittamalla p\u00e4\u00e4t\u00f6ksest\u00e4si peruuttaa ostos Magnetarille. T\u00e4m\u00e4 onnistuu s\u00e4hk\u00f6postitse tai verkkosivujemme yhteydenottolomakkeella. Voit k\u00e4ytt\u00e4\u00e4 my\u00f6s vakiolomaketta.  <\/p>\n\n<h2 class=\"wp-block-heading\"><strong>Peruutuksen seuraukset<\/strong><\/h2>\n\n<p>Oston peruutuksen j\u00e4lkeen Magnetar palauttaa kaikki maksusi, mukaan lukien toimituskulut. Lis\u00e4kustannuksia vaihtoehtoisista toimitustavoista ei palauteta. <\/p>\n\n<p>Palautus suoritetaan viimeist\u00e4\u00e4n 10 p\u00e4iv\u00e4n kuluessa oston peruuttamisesta. Hyvitys maksetaan samalla maksutavalla kuin osto on suoritettu. Hyvityksest\u00e4 ei perit\u00e4 erillisi\u00e4 maksuja. Magnetar pid\u00e4tt\u00e4\u00e4 oikeuden olla palauttamatta maksua ennen kuin tavarat on saatu takaisin tai kunnes olet osoittanut l\u00e4hett\u00e4neesi tuotteet palautettavaksi.   <\/p>\n\n<p>Peruutuksen j\u00e4lkeen tuotteet on toimitettava meille ilman aiheetonta viivytyst\u00e4 ja viimeist\u00e4\u00e4n 30 p\u00e4iv\u00e4n kuluessa ostop\u00e4iv\u00e4st\u00e4. T\u00e4m\u00e4 ehto t\u00e4yttyy, kun olet l\u00e4hett\u00e4nyt tuotteet 30 p\u00e4iv\u00e4n kuluessa. <\/p>\n\n<p>Palautuskulut ovat asiakkaan vastuulla. Mahdollinen tuotteiden arvon aleneminen, joka johtuu k\u00e4sittelyst\u00e4 pidemm\u00e4lle kuin tuotteen ominaisuuksien ja toimivuuden tarkistamiseksi on tarpeen, veloitetaan asiakkaalta. <a id=\"_msocom_1\"><\/a><\/p>\n\n<h2 class=\"wp-block-heading\"><strong>Erityisehdot<\/strong><\/h2>\n\n<p>Jos olet rahoittanut ostosi lainalla ja perut sen my\u00f6hemmin, et ole en\u00e4\u00e4 sidottu sopimukseen. T\u00e4m\u00e4 koskee tilanteita, joissa Magnetar toimii luotonantajana tai jossa luotonantaja k\u00e4ytt\u00e4\u00e4 Magnetarin apua rahoituksen j\u00e4rjest\u00e4miseen. <\/p>\n\n<p>Jos ostos on jo rahoitettu ennen peruutusta, vet\u00e4ydyt sopimuksesta automaattisesti.<\/p>\n\n<p>Jos sinulla on kysytt\u00e4v\u00e4\u00e4 tuotteiden palauttamisesta, ota yhteytt\u00e4 <strong><a href=\"https:\/\/magnetarmagnets.com\/contact\/\" target=\"_blank\" rel=\"noreferrer noopener nofollow\">yhteydenottolomakkeemme <\/a><\/strong>kautta.<\/p>\n\n<hr class=\"wp-block-separator has-alpha-channel-opacity\" \/>\n","protected":false},"excerpt":{"rendered":"<p>Tilasitko tuotteen, mutta se ei vastannutkaan odotuksiasi? Tarjoamme mahdollisuuden palauttaa tuotteet 30 p\u00e4iv\u00e4n kuluessa vastaanottamisesta ilman syyt\u00e4. T\u00e4rke\u00e4n\u00e4 ehtona on, ett\u00e4 tuote on k\u00e4ytt\u00e4m\u00e4t\u00f6n. Magnetar pyyt\u00e4\u00e4 liitt\u00e4m\u00e4\u00e4n palautettavan tuotteen mukaan tilausvahvistuksen tai sen kopion. Kun kaikki ehdot t\u00e4yttyv\u00e4t, koko ostosumma palautetaan tilillesi 10 arkip\u00e4iv\u00e4n kuluessa. &#8211; &#8211; Euroopan palautukset voi l\u00e4hett\u00e4\u00e4 seuraavaan osoitteeseen: Active AntsMagnetar [&hellip;]<\/p>\n","protected":false},"author":1,"featured_media":0,"parent":0,"menu_order":0,"comment_status":"open","ping_status":"open","template":"","meta":{"_acf_changed":false,"inline_featured_image":false,"footnotes":""},"class_list":["post-83010","page","type-page","status-publish","hentry"],"acf":[],"yoast_head":"<!-- This site is optimized with the Yoast SEO plugin v27.3 - https:\/\/yoast.com\/product\/yoast-seo-wordpress\/ -->\n<title>Palautusehdot - Magnet fishing with a Magnetar fishing magnet<\/title>\n<meta name=\"robots\" content=\"noindex, nofollow\" \/>\n<meta property=\"og:locale\" content=\"fi_FI\" \/>\n<meta property=\"og:type\" content=\"article\" \/>\n<meta property=\"og:title\" content=\"Palautusehdot - Magnet fishing with a Magnetar fishing magnet\" \/>\n<meta property=\"og:description\" content=\"Tilasitko tuotteen, mutta se ei vastannutkaan odotuksiasi? Tarjoamme mahdollisuuden palauttaa tuotteet 30 p\u00e4iv\u00e4n kuluessa vastaanottamisesta ilman syyt\u00e4. T\u00e4rke\u00e4n\u00e4 ehtona on, ett\u00e4 tuote on k\u00e4ytt\u00e4m\u00e4t\u00f6n. Magnetar pyyt\u00e4\u00e4 liitt\u00e4m\u00e4\u00e4n palautettavan tuotteen mukaan tilausvahvistuksen tai sen kopion. Kun kaikki ehdot t\u00e4yttyv\u00e4t, koko ostosumma palautetaan tilillesi 10 arkip\u00e4iv\u00e4n kuluessa. &#8211; &#8211; Euroopan palautukset voi l\u00e4hett\u00e4\u00e4 seuraavaan osoitteeseen: Active AntsMagnetar [&hellip;]\" \/>\n<meta property=\"og:url\" content=\"https:\/\/magnetarmagnets.com\/fi\/palautusehdot\/\" \/>\n<meta property=\"og:site_name\" content=\"Magnet fishing with a Magnetar fishing magnet\" \/>\n<meta property=\"article:publisher\" content=\"https:\/\/www.facebook.com\/fishingmagnets\/\" \/>\n<meta property=\"article:modified_time\" content=\"2025-07-17T08:42:35+00:00\" \/>\n<meta property=\"og:image\" content=\"https:\/\/magnetarmagnets.com\/wp-content\/uploads\/2025\/05\/Logo-03_PNG-Black-scaled.png\" \/>\n\t<meta property=\"og:image:width\" content=\"2560\" \/>\n\t<meta property=\"og:image:height\" content=\"1658\" \/>\n\t<meta property=\"og:image:type\" content=\"image\/png\" \/>\n<meta name=\"twitter:card\" content=\"summary_large_image\" \/>\n<meta name=\"twitter:label1\" content=\"Arvioitu lukuaika\" \/>\n\t<meta name=\"twitter:data1\" content=\"2 minuuttia\" \/>\n<script type=\"application\/ld+json\" class=\"yoast-schema-graph\">{\"@context\":\"https:\\\/\\\/schema.org\",\"@graph\":[{\"@type\":\"WebPage\",\"@id\":\"https:\\\/\\\/magnetarmagnets.com\\\/fi\\\/palautusehdot\\\/\",\"url\":\"https:\\\/\\\/magnetarmagnets.com\\\/fi\\\/palautusehdot\\\/\",\"name\":\"Palautusehdot - Magnet fishing with a Magnetar fishing magnet\",\"isPartOf\":{\"@id\":\"https:\\\/\\\/magnetarmagnets.com\\\/fi\\\/#website\"},\"datePublished\":\"2014-04-08T06:07:37+00:00\",\"dateModified\":\"2025-07-17T08:42:35+00:00\",\"breadcrumb\":{\"@id\":\"https:\\\/\\\/magnetarmagnets.com\\\/fi\\\/palautusehdot\\\/#breadcrumb\"},\"inLanguage\":\"fi\",\"potentialAction\":[{\"@type\":\"ReadAction\",\"target\":[\"https:\\\/\\\/magnetarmagnets.com\\\/fi\\\/palautusehdot\\\/\"]}]},{\"@type\":\"BreadcrumbList\",\"@id\":\"https:\\\/\\\/magnetarmagnets.com\\\/fi\\\/palautusehdot\\\/#breadcrumb\",\"itemListElement\":[{\"@type\":\"ListItem\",\"position\":1,\"name\":\"Home\",\"item\":\"https:\\\/\\\/magnetarmagnets.com\\\/fi\\\/\"},{\"@type\":\"ListItem\",\"position\":2,\"name\":\"Palautusehdot\"}]},{\"@type\":\"WebSite\",\"@id\":\"https:\\\/\\\/magnetarmagnets.com\\\/fi\\\/#website\",\"url\":\"https:\\\/\\\/magnetarmagnets.com\\\/fi\\\/\",\"name\":\"Magnet fishing with a Magnetar fishing magnet\",\"description\":\"Vahvat magneetit magneettikalastukseen\\n\\n\",\"publisher\":{\"@id\":\"https:\\\/\\\/magnetarmagnets.com\\\/fi\\\/#organization\"},\"potentialAction\":[{\"@type\":\"SearchAction\",\"target\":{\"@type\":\"EntryPoint\",\"urlTemplate\":\"https:\\\/\\\/magnetarmagnets.com\\\/fi\\\/?s={search_term_string}\"},\"query-input\":{\"@type\":\"PropertyValueSpecification\",\"valueRequired\":true,\"valueName\":\"search_term_string\"}}],\"inLanguage\":\"fi\"},{\"@type\":\"Organization\",\"@id\":\"https:\\\/\\\/magnetarmagnets.com\\\/fi\\\/#organization\",\"name\":\"Magnetar\",\"url\":\"https:\\\/\\\/magnetarmagnets.com\\\/fi\\\/\",\"logo\":{\"@type\":\"ImageObject\",\"inLanguage\":\"fi\",\"@id\":\"https:\\\/\\\/magnetarmagnets.com\\\/fi\\\/#\\\/schema\\\/logo\\\/image\\\/\",\"url\":\"https:\\\/\\\/magnetarmagnets.com\\\/wp-content\\\/uploads\\\/2025\\\/05\\\/Logo-03_PNG-Black-scaled.png\",\"contentUrl\":\"https:\\\/\\\/magnetarmagnets.com\\\/wp-content\\\/uploads\\\/2025\\\/05\\\/Logo-03_PNG-Black-scaled.png\",\"width\":2560,\"height\":1658,\"caption\":\"Magnetar\"},\"image\":{\"@id\":\"https:\\\/\\\/magnetarmagnets.com\\\/fi\\\/#\\\/schema\\\/logo\\\/image\\\/\"},\"sameAs\":[\"https:\\\/\\\/www.facebook.com\\\/fishingmagnets\\\/\",\"https:\\\/\\\/www.instagram.com\\\/magnetar_magnets\\\/\",\"https:\\\/\\\/www.linkedin.com\\\/company\\\/magnetarbv\\\/?originalSubdomain=nl\",\"https:\\\/\\\/www.youtube.com\\\/c\\\/MagnetarVismagneet\"]}]}<\/script>\n<!-- \/ Yoast SEO plugin. -->","yoast_head_json":{"title":"Palautusehdot - Magnet fishing with a Magnetar fishing magnet","robots":{"index":"noindex","follow":"nofollow"},"og_locale":"fi_FI","og_type":"article","og_title":"Palautusehdot - Magnet fishing with a Magnetar fishing magnet","og_description":"Tilasitko tuotteen, mutta se ei vastannutkaan odotuksiasi? Tarjoamme mahdollisuuden palauttaa tuotteet 30 p\u00e4iv\u00e4n kuluessa vastaanottamisesta ilman syyt\u00e4. T\u00e4rke\u00e4n\u00e4 ehtona on, ett\u00e4 tuote on k\u00e4ytt\u00e4m\u00e4t\u00f6n. Magnetar pyyt\u00e4\u00e4 liitt\u00e4m\u00e4\u00e4n palautettavan tuotteen mukaan tilausvahvistuksen tai sen kopion. Kun kaikki ehdot t\u00e4yttyv\u00e4t, koko ostosumma palautetaan tilillesi 10 arkip\u00e4iv\u00e4n kuluessa. &#8211; &#8211; Euroopan palautukset voi l\u00e4hett\u00e4\u00e4 seuraavaan osoitteeseen: Active AntsMagnetar [&hellip;]","og_url":"https:\/\/magnetarmagnets.com\/fi\/palautusehdot\/","og_site_name":"Magnet fishing with a Magnetar fishing magnet","article_publisher":"https:\/\/www.facebook.com\/fishingmagnets\/","article_modified_time":"2025-07-17T08:42:35+00:00","og_image":[{"width":2560,"height":1658,"url":"https:\/\/magnetarmagnets.com\/wp-content\/uploads\/2025\/05\/Logo-03_PNG-Black-scaled.png","type":"image\/png"}],"twitter_card":"summary_large_image","twitter_misc":{"Arvioitu lukuaika":"2 minuuttia"},"schema":{"@context":"https:\/\/schema.org","@graph":[{"@type":"WebPage","@id":"https:\/\/magnetarmagnets.com\/fi\/palautusehdot\/","url":"https:\/\/magnetarmagnets.com\/fi\/palautusehdot\/","name":"Palautusehdot - Magnet fishing with a Magnetar fishing magnet","isPartOf":{"@id":"https:\/\/magnetarmagnets.com\/fi\/#website"},"datePublished":"2014-04-08T06:07:37+00:00","dateModified":"2025-07-17T08:42:35+00:00","breadcrumb":{"@id":"https:\/\/magnetarmagnets.com\/fi\/palautusehdot\/#breadcrumb"},"inLanguage":"fi","potentialAction":[{"@type":"ReadAction","target":["https:\/\/magnetarmagnets.com\/fi\/palautusehdot\/"]}]},{"@type":"BreadcrumbList","@id":"https:\/\/magnetarmagnets.com\/fi\/palautusehdot\/#breadcrumb","itemListElement":[{"@type":"ListItem","position":1,"name":"Home","item":"https:\/\/magnetarmagnets.com\/fi\/"},{"@type":"ListItem","position":2,"name":"Palautusehdot"}]},{"@type":"WebSite","@id":"https:\/\/magnetarmagnets.com\/fi\/#website","url":"https:\/\/magnetarmagnets.com\/fi\/","name":"Magnet fishing with a Magnetar fishing magnet","description":"Vahvat magneetit magneettikalastukseen\n\n","publisher":{"@id":"https:\/\/magnetarmagnets.com\/fi\/#organization"},"potentialAction":[{"@type":"SearchAction","target":{"@type":"EntryPoint","urlTemplate":"https:\/\/magnetarmagnets.com\/fi\/?s={search_term_string}"},"query-input":{"@type":"PropertyValueSpecification","valueRequired":true,"valueName":"search_term_string"}}],"inLanguage":"fi"},{"@type":"Organization","@id":"https:\/\/magnetarmagnets.com\/fi\/#organization","name":"Magnetar","url":"https:\/\/magnetarmagnets.com\/fi\/","logo":{"@type":"ImageObject","inLanguage":"fi","@id":"https:\/\/magnetarmagnets.com\/fi\/#\/schema\/logo\/image\/","url":"https:\/\/magnetarmagnets.com\/wp-content\/uploads\/2025\/05\/Logo-03_PNG-Black-scaled.png","contentUrl":"https:\/\/magnetarmagnets.com\/wp-content\/uploads\/2025\/05\/Logo-03_PNG-Black-scaled.png","width":2560,"height":1658,"caption":"Magnetar"},"image":{"@id":"https:\/\/magnetarmagnets.com\/fi\/#\/schema\/logo\/image\/"},"sameAs":["https:\/\/www.facebook.com\/fishingmagnets\/","https:\/\/www.instagram.com\/magnetar_magnets\/","https:\/\/www.linkedin.com\/company\/magnetarbv\/?originalSubdomain=nl","https:\/\/www.youtube.com\/c\/MagnetarVismagneet"]}]}},"_links":{"self":[{"href":"https:\/\/magnetarmagnets.com\/fi\/wp-json\/wp\/v2\/pages\/83010","targetHints":{"allow":["GET"]}}],"collection":[{"href":"https:\/\/magnetarmagnets.com\/fi\/wp-json\/wp\/v2\/pages"}],"about":[{"href":"https:\/\/magnetarmagnets.com\/fi\/wp-json\/wp\/v2\/types\/page"}],"author":[{"embeddable":true,"href":"https:\/\/magnetarmagnets.com\/fi\/wp-json\/wp\/v2\/users\/1"}],"replies":[{"embeddable":true,"href":"https:\/\/magnetarmagnets.com\/fi\/wp-json\/wp\/v2\/comments?post=83010"}],"version-history":[{"count":0,"href":"https:\/\/magnetarmagnets.com\/fi\/wp-json\/wp\/v2\/pages\/83010\/revisions"}],"wp:attachment":[{"href":"https:\/\/magnetarmagnets.com\/fi\/wp-json\/wp\/v2\/media?parent=83010"}],"curies":[{"name":"wp","href":"https:\/\/api.w.org\/{rel}","templated":true}]}}