{"id":83007,"date":"2023-03-08T09:45:04","date_gmt":"2023-03-08T08:45:04","guid":{"rendered":"https:\/\/magnetarmagnets.com\/ohjeet\/"},"modified":"2025-07-17T10:28:03","modified_gmt":"2025-07-17T08:28:03","slug":"ohjeet","status":"publish","type":"page","link":"https:\/\/magnetarmagnets.com\/fi\/ohjeet\/","title":{"rendered":"Ohjeet"},"content":{"rendered":"\n<p>Kalastusmagneetin kokoaminen? Alla olevista k\u00e4ytt\u00f6ohjeista l\u00f6yd\u00e4t vaiheittaiset ohjeet Magnetar-kalastusmagneetin kokoamiseen. Toivomme, ett\u00e4 n\u00e4iden ohjeiden avulla p\u00e4\u00e4set aloittamaan t\u00e4m\u00e4n hienon harrastuksen mahdollisimman pian.  <\/p>\n\n<p><a href=\"https:\/\/magnetarmagnets.com\/wp-content\/uploads\/2023\/07\/Handleiding-allround-zonder-beschermhoes-ENG2.pdf\" target=\"_blank\" rel=\"noreferrer noopener\">Lataa ohje \u2013 Kaikkialle vet\u00e4v\u00e4t 360\u00b0 kalastusmagneetit<\/a><\/p>\n\n<p><a href=\"https:\/\/magnetarmagnets.com\/wp-content\/uploads\/2023\/07\/Handleiding-allround-inclusief-beschermhoes-ENG2.pdf\" target=\"_blank\" rel=\"noreferrer noopener\">Lataa ohje \u2013 Suojakuorella varustetut 360\u00b0 kalastusmagneetit<\/a><\/p>\n\n<p><a href=\"https:\/\/magnetarmagnets.com\/wp-content\/uploads\/2023\/07\/Handleiding-Classic-vismagneten-ENG2.pdf\" target=\"_blank\" rel=\"noreferrer noopener\">Lataa ohje \u2013 Yksipuoliset Classic kalastusmagneetit<\/a><\/p>\n\n<p><a href=\"https:\/\/magnetarmagnets.com\/wp-content\/uploads\/2023\/07\/Handleiding-dubbelzijdige-vismagneten-ENG2.pdf\" target=\"_blank\" rel=\"noreferrer noopener\">Lataa ohje \u2013 Kaksipuoliset Bulldog kalastusmagneetit<\/a><\/p>\n\n<p><a href=\"https:\/\/magnetarmagnets.com\/wp-content\/uploads\/2023\/07\/Handleiding-vismagneet-touw-ENG2.pdf\" target=\"_blank\" rel=\"noreferrer noopener\">Lataa ohje \u2013 Magnetar magneettikalastusk\u00f6ysi<\/a><\/p>\n","protected":false},"excerpt":{"rendered":"<p>Kalastusmagneetin kokoaminen? Alla olevista k\u00e4ytt\u00f6ohjeista l\u00f6yd\u00e4t vaiheittaiset ohjeet Magnetar-kalastusmagneetin kokoamiseen. Toivomme, ett\u00e4 n\u00e4iden ohjeiden avulla p\u00e4\u00e4set aloittamaan t\u00e4m\u00e4n hienon harrastuksen mahdollisimman pian. Lataa ohje \u2013 Kaikkialle vet\u00e4v\u00e4t 360\u00b0 kalastusmagneetit Lataa ohje \u2013 Suojakuorella varustetut 360\u00b0 kalastusmagneetit Lataa ohje \u2013 Yksipuoliset Classic kalastusmagneetit Lataa ohje \u2013 Kaksipuoliset Bulldog kalastusmagneetit Lataa ohje \u2013 Magnetar magneettikalastusk\u00f6ysi<\/p>\n","protected":false},"author":1,"featured_media":0,"parent":0,"menu_order":0,"comment_status":"closed","ping_status":"closed","template":"","meta":{"_acf_changed":false,"inline_featured_image":false,"footnotes":""},"class_list":["post-83007","page","type-page","status-publish","hentry"],"acf":[],"yoast_head":"<!-- This site is optimized with the Yoast SEO plugin v27.4 - https:\/\/yoast.com\/product\/yoast-seo-wordpress\/ -->\n<title>Ohjeet - Magnet fishing with a Magnetar fishing magnet<\/title>\n<meta name=\"robots\" content=\"index, follow, max-snippet:-1, max-image-preview:large, max-video-preview:-1\" \/>\n<link rel=\"canonical\" href=\"https:\/\/magnetarmagnets.com\/fi\/ohjeet\/\" \/>\n<meta property=\"og:locale\" content=\"fi_FI\" \/>\n<meta property=\"og:type\" content=\"article\" \/>\n<meta property=\"og:title\" content=\"Ohjeet - Magnet fishing with a Magnetar fishing magnet\" \/>\n<meta property=\"og:description\" content=\"Kalastusmagneetin kokoaminen? Alla olevista k\u00e4ytt\u00f6ohjeista l\u00f6yd\u00e4t vaiheittaiset ohjeet Magnetar-kalastusmagneetin kokoamiseen. Toivomme, ett\u00e4 n\u00e4iden ohjeiden avulla p\u00e4\u00e4set aloittamaan t\u00e4m\u00e4n hienon harrastuksen mahdollisimman pian. Lataa ohje \u2013 Kaikkialle vet\u00e4v\u00e4t 360\u00b0 kalastusmagneetit Lataa ohje \u2013 Suojakuorella varustetut 360\u00b0 kalastusmagneetit Lataa ohje \u2013 Yksipuoliset Classic kalastusmagneetit Lataa ohje \u2013 Kaksipuoliset Bulldog kalastusmagneetit Lataa ohje \u2013 Magnetar magneettikalastusk\u00f6ysi\" \/>\n<meta property=\"og:url\" content=\"https:\/\/magnetarmagnets.com\/fi\/ohjeet\/\" \/>\n<meta property=\"og:site_name\" content=\"Magnet fishing with a Magnetar fishing magnet\" \/>\n<meta property=\"article:publisher\" content=\"https:\/\/www.facebook.com\/fishingmagnets\/\" \/>\n<meta property=\"article:modified_time\" content=\"2025-07-17T08:28:03+00:00\" \/>\n<meta property=\"og:image\" content=\"https:\/\/magnetarmagnets.com\/wp-content\/uploads\/2025\/05\/Logo-03_PNG-Black-scaled.png\" \/>\n\t<meta property=\"og:image:width\" content=\"2560\" \/>\n\t<meta property=\"og:image:height\" content=\"1658\" \/>\n\t<meta property=\"og:image:type\" content=\"image\/png\" \/>\n<meta name=\"twitter:card\" content=\"summary_large_image\" \/>\n<script type=\"application\/ld+json\" class=\"yoast-schema-graph\">{\"@context\":\"https:\\\/\\\/schema.org\",\"@graph\":[{\"@type\":\"WebPage\",\"@id\":\"https:\\\/\\\/magnetarmagnets.com\\\/fi\\\/ohjeet\\\/\",\"url\":\"https:\\\/\\\/magnetarmagnets.com\\\/fi\\\/ohjeet\\\/\",\"name\":\"Ohjeet - Magnet fishing with a Magnetar fishing magnet\",\"isPartOf\":{\"@id\":\"https:\\\/\\\/magnetarmagnets.com\\\/fi\\\/#website\"},\"datePublished\":\"2023-03-08T08:45:04+00:00\",\"dateModified\":\"2025-07-17T08:28:03+00:00\",\"breadcrumb\":{\"@id\":\"https:\\\/\\\/magnetarmagnets.com\\\/fi\\\/ohjeet\\\/#breadcrumb\"},\"inLanguage\":\"fi\",\"potentialAction\":[{\"@type\":\"ReadAction\",\"target\":[\"https:\\\/\\\/magnetarmagnets.com\\\/fi\\\/ohjeet\\\/\"]}]},{\"@type\":\"BreadcrumbList\",\"@id\":\"https:\\\/\\\/magnetarmagnets.com\\\/fi\\\/ohjeet\\\/#breadcrumb\",\"itemListElement\":[{\"@type\":\"ListItem\",\"position\":1,\"name\":\"Home\",\"item\":\"https:\\\/\\\/magnetarmagnets.com\\\/fi\\\/\"},{\"@type\":\"ListItem\",\"position\":2,\"name\":\"Ohjeet\"}]},{\"@type\":\"WebSite\",\"@id\":\"https:\\\/\\\/magnetarmagnets.com\\\/fi\\\/#website\",\"url\":\"https:\\\/\\\/magnetarmagnets.com\\\/fi\\\/\",\"name\":\"Magnet fishing with a Magnetar fishing magnet\",\"description\":\"Vahvat magneetit magneettikalastukseen\\n\\n\",\"publisher\":{\"@id\":\"https:\\\/\\\/magnetarmagnets.com\\\/fi\\\/#organization\"},\"potentialAction\":[{\"@type\":\"SearchAction\",\"target\":{\"@type\":\"EntryPoint\",\"urlTemplate\":\"https:\\\/\\\/magnetarmagnets.com\\\/fi\\\/?s={search_term_string}\"},\"query-input\":{\"@type\":\"PropertyValueSpecification\",\"valueRequired\":true,\"valueName\":\"search_term_string\"}}],\"inLanguage\":\"fi\"},{\"@type\":\"Organization\",\"@id\":\"https:\\\/\\\/magnetarmagnets.com\\\/fi\\\/#organization\",\"name\":\"Magnetar\",\"url\":\"https:\\\/\\\/magnetarmagnets.com\\\/fi\\\/\",\"logo\":{\"@type\":\"ImageObject\",\"inLanguage\":\"fi\",\"@id\":\"https:\\\/\\\/magnetarmagnets.com\\\/fi\\\/#\\\/schema\\\/logo\\\/image\\\/\",\"url\":\"https:\\\/\\\/magnetarmagnets.com\\\/wp-content\\\/uploads\\\/2025\\\/05\\\/Logo-03_PNG-Black-scaled.png\",\"contentUrl\":\"https:\\\/\\\/magnetarmagnets.com\\\/wp-content\\\/uploads\\\/2025\\\/05\\\/Logo-03_PNG-Black-scaled.png\",\"width\":2560,\"height\":1658,\"caption\":\"Magnetar\"},\"image\":{\"@id\":\"https:\\\/\\\/magnetarmagnets.com\\\/fi\\\/#\\\/schema\\\/logo\\\/image\\\/\"},\"sameAs\":[\"https:\\\/\\\/www.facebook.com\\\/fishingmagnets\\\/\",\"https:\\\/\\\/www.instagram.com\\\/magnetar_magnets\\\/\",\"https:\\\/\\\/www.linkedin.com\\\/company\\\/magnetarbv\\\/?originalSubdomain=nl\",\"https:\\\/\\\/www.youtube.com\\\/c\\\/MagnetarVismagneet\"]}]}<\/script>\n<!-- \/ Yoast SEO plugin. -->","yoast_head_json":{"title":"Ohjeet - Magnet fishing with a Magnetar fishing magnet","robots":{"index":"index","follow":"follow","max-snippet":"max-snippet:-1","max-image-preview":"max-image-preview:large","max-video-preview":"max-video-preview:-1"},"canonical":"https:\/\/magnetarmagnets.com\/fi\/ohjeet\/","og_locale":"fi_FI","og_type":"article","og_title":"Ohjeet - Magnet fishing with a Magnetar fishing magnet","og_description":"Kalastusmagneetin kokoaminen? Alla olevista k\u00e4ytt\u00f6ohjeista l\u00f6yd\u00e4t vaiheittaiset ohjeet Magnetar-kalastusmagneetin kokoamiseen. Toivomme, ett\u00e4 n\u00e4iden ohjeiden avulla p\u00e4\u00e4set aloittamaan t\u00e4m\u00e4n hienon harrastuksen mahdollisimman pian. Lataa ohje \u2013 Kaikkialle vet\u00e4v\u00e4t 360\u00b0 kalastusmagneetit Lataa ohje \u2013 Suojakuorella varustetut 360\u00b0 kalastusmagneetit Lataa ohje \u2013 Yksipuoliset Classic kalastusmagneetit Lataa ohje \u2013 Kaksipuoliset Bulldog kalastusmagneetit Lataa ohje \u2013 Magnetar magneettikalastusk\u00f6ysi","og_url":"https:\/\/magnetarmagnets.com\/fi\/ohjeet\/","og_site_name":"Magnet fishing with a Magnetar fishing magnet","article_publisher":"https:\/\/www.facebook.com\/fishingmagnets\/","article_modified_time":"2025-07-17T08:28:03+00:00","og_image":[{"width":2560,"height":1658,"url":"https:\/\/magnetarmagnets.com\/wp-content\/uploads\/2025\/05\/Logo-03_PNG-Black-scaled.png","type":"image\/png"}],"twitter_card":"summary_large_image","schema":{"@context":"https:\/\/schema.org","@graph":[{"@type":"WebPage","@id":"https:\/\/magnetarmagnets.com\/fi\/ohjeet\/","url":"https:\/\/magnetarmagnets.com\/fi\/ohjeet\/","name":"Ohjeet - Magnet fishing with a Magnetar fishing magnet","isPartOf":{"@id":"https:\/\/magnetarmagnets.com\/fi\/#website"},"datePublished":"2023-03-08T08:45:04+00:00","dateModified":"2025-07-17T08:28:03+00:00","breadcrumb":{"@id":"https:\/\/magnetarmagnets.com\/fi\/ohjeet\/#breadcrumb"},"inLanguage":"fi","potentialAction":[{"@type":"ReadAction","target":["https:\/\/magnetarmagnets.com\/fi\/ohjeet\/"]}]},{"@type":"BreadcrumbList","@id":"https:\/\/magnetarmagnets.com\/fi\/ohjeet\/#breadcrumb","itemListElement":[{"@type":"ListItem","position":1,"name":"Home","item":"https:\/\/magnetarmagnets.com\/fi\/"},{"@type":"ListItem","position":2,"name":"Ohjeet"}]},{"@type":"WebSite","@id":"https:\/\/magnetarmagnets.com\/fi\/#website","url":"https:\/\/magnetarmagnets.com\/fi\/","name":"Magnet fishing with a Magnetar fishing magnet","description":"Vahvat magneetit magneettikalastukseen\n\n","publisher":{"@id":"https:\/\/magnetarmagnets.com\/fi\/#organization"},"potentialAction":[{"@type":"SearchAction","target":{"@type":"EntryPoint","urlTemplate":"https:\/\/magnetarmagnets.com\/fi\/?s={search_term_string}"},"query-input":{"@type":"PropertyValueSpecification","valueRequired":true,"valueName":"search_term_string"}}],"inLanguage":"fi"},{"@type":"Organization","@id":"https:\/\/magnetarmagnets.com\/fi\/#organization","name":"Magnetar","url":"https:\/\/magnetarmagnets.com\/fi\/","logo":{"@type":"ImageObject","inLanguage":"fi","@id":"https:\/\/magnetarmagnets.com\/fi\/#\/schema\/logo\/image\/","url":"https:\/\/magnetarmagnets.com\/wp-content\/uploads\/2025\/05\/Logo-03_PNG-Black-scaled.png","contentUrl":"https:\/\/magnetarmagnets.com\/wp-content\/uploads\/2025\/05\/Logo-03_PNG-Black-scaled.png","width":2560,"height":1658,"caption":"Magnetar"},"image":{"@id":"https:\/\/magnetarmagnets.com\/fi\/#\/schema\/logo\/image\/"},"sameAs":["https:\/\/www.facebook.com\/fishingmagnets\/","https:\/\/www.instagram.com\/magnetar_magnets\/","https:\/\/www.linkedin.com\/company\/magnetarbv\/?originalSubdomain=nl","https:\/\/www.youtube.com\/c\/MagnetarVismagneet"]}]}},"_links":{"self":[{"href":"https:\/\/magnetarmagnets.com\/fi\/wp-json\/wp\/v2\/pages\/83007","targetHints":{"allow":["GET"]}}],"collection":[{"href":"https:\/\/magnetarmagnets.com\/fi\/wp-json\/wp\/v2\/pages"}],"about":[{"href":"https:\/\/magnetarmagnets.com\/fi\/wp-json\/wp\/v2\/types\/page"}],"author":[{"embeddable":true,"href":"https:\/\/magnetarmagnets.com\/fi\/wp-json\/wp\/v2\/users\/1"}],"replies":[{"embeddable":true,"href":"https:\/\/magnetarmagnets.com\/fi\/wp-json\/wp\/v2\/comments?post=83007"}],"version-history":[{"count":0,"href":"https:\/\/magnetarmagnets.com\/fi\/wp-json\/wp\/v2\/pages\/83007\/revisions"}],"wp:attachment":[{"href":"https:\/\/magnetarmagnets.com\/fi\/wp-json\/wp\/v2\/media?parent=83007"}],"curies":[{"name":"wp","href":"https:\/\/api.w.org\/{rel}","templated":true}]}}