{"id":82973,"date":"2018-02-15T19:59:07","date_gmt":"2018-02-15T18:59:07","guid":{"rendered":"https:\/\/magnetarmagnets.com\/meista\/"},"modified":"2025-07-16T16:53:50","modified_gmt":"2025-07-16T14:53:50","slug":"meista","status":"publish","type":"page","link":"https:\/\/magnetarmagnets.com\/fi\/meista\/","title":{"rendered":"Meist\u00e4"},"content":{"rendered":"\n<p>Yli 10 vuoden ajan perheyrityksemme on myynyt kalastusmagneetteja ihmisille, jotka rakastavat t\u00e4t\u00e4 harrastusta yht\u00e4 paljon kuin me. <\/p>\n<div class=\"wp-block-image\">\n<figure class=\"aligncenter size-large\"><img fetchpriority=\"high\" decoding=\"async\" width=\"1024\" height=\"576\" src=\"https:\/\/magnetarmagnets.com\/wp-content\/uploads\/2023\/10\/magnetar-team-1024x576.jpg\" alt=\"\" class=\"wp-image-58869\" srcset=\"https:\/\/magnetarmagnets.com\/wp-content\/uploads\/2023\/10\/magnetar-team-1024x576.jpg 1024w, https:\/\/magnetarmagnets.com\/wp-content\/uploads\/2023\/10\/magnetar-team-300x169.jpg 300w, https:\/\/magnetarmagnets.com\/wp-content\/uploads\/2023\/10\/magnetar-team-768x432.jpg 768w, https:\/\/magnetarmagnets.com\/wp-content\/uploads\/2023\/10\/magnetar-team-800x450.jpg 800w, https:\/\/magnetarmagnets.com\/wp-content\/uploads\/2023\/10\/magnetar-team.jpg 1280w\" sizes=\"(max-width: 1024px) 100vw, 1024px\" \/><\/figure>\n<\/div>\n<p>Perustajamme Reinout Volkers on rakastanut kalastusmagneetteja jo 16-vuotiaasta l\u00e4htien. Opiskellessaan pienyritys- ja v\u00e4hitt\u00e4iskaupan johtamista h\u00e4n perusti Magnetarin vanhempiensa vajaan haaveenaan muuttaa intohimonsa ammatikseen. Tarjoamalla magneettikalastajille parhaita ja tehokkaimpia tuotteita markkinoilla, h\u00e4nen yrityksens\u00e4 on myynyt yli 20 000 magneettia yli 50 maahan paikallisten j\u00e4lleenmyyjien kautta ymp\u00e4ri maailmaa. Magnetar on Euroopan johtava kalastusmagneettien toimittaja ja toimittaa nyt my\u00f6s Pohjois-Amerikkaan!    <\/p>\n\n<p>Tied\u00e4mme, ett\u00e4 toimituksiin voi liitty\u00e4 odottamattomia kustannuksia. Tarjoamme ilmaisen toimituksen valittuihin maihin sek\u00e4 30 p\u00e4iv\u00e4n palautusoikeuden kaikille asiakkaillemme. Olipa sinulla kysytt\u00e4v\u00e4\u00e4 tuotteistamme, palvelustamme tai toimituksista, autamme sinua mielell\u00e4mme! Lis\u00e4tietoja tai l\u00f6yd\u00f6ksi\u00e4si jakaaksesi ota yhteytt\u00e4 osoitteeseen info@magnetarmagnets.com.   <\/p>\n\n<h2 class=\"wp-block-heading\">Tiimimme<\/h2>\n\n<p>Magnetar aloitti tavoitteena tarjota intohimoisille kalastajille korkealaatuisimpia kalastusmagneetteja, tarvikkeita ja palvelua. Haluamme, ett\u00e4 sinulla on paras mahdollinen kokemus tuotteistamme, mink\u00e4 vuoksi olemme vuosien ajan kehitt\u00e4neet, suunnitelleet ja valmistaneet tehokkaita ja vahvoja 360\u00ba neodyymimagneetteja. Olemme intohimoinen ja omistautunut viiden hengen tiimi, joka rakastaa magneettikalastusta \u2013 ja toivottavasti Reinoutin ja Anneliesin vastasyntynyt Jurrekin innostuu aikanaan! Olemme todella innoissamme kuulemaan asiakkaidemme l\u00f6yt\u00e4mist\u00e4 aarteista Magnetarin magneeteilla.   <\/p>\n\n<div id=\"text-image-block_a0025677e925afa60f31dcbe4019fdfe\" class=\"block text-image\">\n\t\t\n\n\t<section class=\"text_image align_left bgr_nobgr\" >\n\t\t<div class=\"container-fluid\">\n\t\t\t<div class=\"row\">\n\t\t\t\t<div class=\"col-md-6 col_content\">\n\t\t\t\t\t\t\t\t\t\t\t<div class=\"small_top_title\">\n\t\t\t\t\t\t\tMaurice\t\t\t\t\t\t<\/div>\n\t\t\t\t\t\t\t\t\t\t\t\t\t\t\t\t\t\t\t\t\t<div class=\"text\" style=\"color:#000000\">\n\t\t\t\t\t\t\t<p style=\"text-align: left\">Min\u00e4 pakkaan ja tarkistan tilauksesi. N\u00e4in varmistamme, ett\u00e4 saat juuri sen, mit\u00e4 tilasit \u2013 ja ajallaan. Kulissien takana olen aina valmiina auttamaan asiakkaita, ja teen t\u00e4m\u00e4n ylpeydell\u00e4! N\u00e4enk\u00f6 tilauksesi pian?   <\/p>\n\t\t\t\t\t\t<\/div>\n\t\t\t\t\t\t\n\t\t\t\t\t\t\t\t\t\n\t\t\t\t<\/div>\n\t\t\t\t\t\t\t\t\t\t\t\t\t\t\t<div class=\"col-md-6 col_image image_not_bgr\" >\n\t\t\t\t\t\t\t<div class=\"text_image_wrap\">\t\t\t\t\t\t\n\t\t\t\t\t\t\t\t<img decoding=\"async\" src=\"https:\/\/magnetarmagnets.com\/wp-content\/uploads\/2023\/10\/magnetar-team-maurice.jpg\" alt=\"\" \/>\n\t\t\t\t\t\t\t<\/div>\n\t\t\t\t\t\t<\/div>\n\t\t\t\t\t\t\t\t\t\t\t\t<\/div>\n\t\t<\/div>\n\t<\/section>\n<\/div>\n<div id=\"text-image-block_baa6e66bb24651a642caf721c8e25d60\" class=\"block text-image\">\n\t\t\n\n\t<section class=\"text_image align_right bgr_nobgr\" >\n\t\t<div class=\"container-fluid\">\n\t\t\t<div class=\"row\">\n\t\t\t\t<div class=\"col-md-6 col_content\">\n\t\t\t\t\t\t\t\t\t\t\t<div class=\"small_top_title\">\n\t\t\t\t\t\t\tDennis\t\t\t\t\t\t<\/div>\n\t\t\t\t\t\t\t\t\t\t\t\t\t\t\t\t\t\t\t\t\t<div class=\"text\" style=\"color:#000000\">\n\t\t\t\t\t\t\t<p style=\"text-align: left\">Magnetar myy tuotteitaan kaikkialle maailmaan, ja keskityn erityisesti Yhdysvaltoihin ja Kanadaan. Jos olet kiinnostunut edist\u00e4m\u00e4\u00e4n Magnetaria ammattilaisena Yhdysvalloissa, ota yhteytt\u00e4, niin keskustellaan mahdollisuuksista! Voit l\u00e4hett\u00e4\u00e4 s\u00e4hk\u00f6postia osoitteeseen <a href=\"mailto:dennis@magnetarmagnets.com\" target=\"_new\">dennis@magnetarmagnets.com<\/a>.  <\/p>\n\t\t\t\t\t\t<\/div>\n\t\t\t\t\t\t\n\t\t\t\t\t\t\t\t\t\n\t\t\t\t<\/div>\n\t\t\t\t\t\t\t\t\t\t\t\t\t\t\t<div class=\"col-md-6 col_image image_not_bgr\" >\n\t\t\t\t\t\t\t<div class=\"text_image_wrap\">\t\t\t\t\t\t\n\t\t\t\t\t\t\t\t<img decoding=\"async\" src=\"https:\/\/magnetarmagnets.com\/wp-content\/uploads\/2023\/10\/magnetar-team-dennis.jpg\" alt=\"\" \/>\n\t\t\t\t\t\t\t<\/div>\n\t\t\t\t\t\t<\/div>\n\t\t\t\t\t\t\t\t\t\t\t\t<\/div>\n\t\t<\/div>\n\t<\/section>\n<\/div>\n<div id=\"text-image-block_cc6281da08ea3301638f29f427c5f55a\" class=\"block text-image\">\n\t\t\n\n\t<section class=\"text_image align_left bgr_nobgr\" >\n\t\t<div class=\"container-fluid\">\n\t\t\t<div class=\"row\">\n\t\t\t\t<div class=\"col-md-6 col_content\">\n\t\t\t\t\t\t\t\t\t\t\t<div class=\"small_top_title\">\n\t\t\t\t\t\t\tAnnelies\t\t\t\t\t\t<\/div>\n\t\t\t\t\t\t\t\t\t\t\t\t\t\t\t\t\t\t\t\t\t<div class=\"text\" style=\"color:#000000\">\n\t\t\t\t\t\t\t<p>Olen ollut mukana Magnetarissa usean vuoden ajan. Jos saat informatiivisen s\u00e4hk\u00f6postin tai n\u00e4et hienon somejulkaisun, olen todenn\u00e4k\u00f6isesti sen takana. Oletko itse l\u00f6yt\u00e4nyt j\u00e4nnitt\u00e4v\u00e4n aarteen? Kerro siit\u00e4 ja l\u00e4het\u00e4 s\u00e4hk\u00f6postia osoitteeseen <a href=\"mailto:info@magnetar.com\" target=\"_new\">info@magnetarmagnets.com<\/a>.   <\/p>\n\t\t\t\t\t\t<\/div>\n\t\t\t\t\t\t\n\t\t\t\t\t\t\t\t\t\n\t\t\t\t<\/div>\n\t\t\t\t\t\t\t\t\t\t\t\t\t\t\t<div class=\"col-md-6 col_image image_not_bgr\" >\n\t\t\t\t\t\t\t<div class=\"text_image_wrap\">\t\t\t\t\t\t\n\t\t\t\t\t\t\t\t<img decoding=\"async\" src=\"https:\/\/magnetarmagnets.com\/wp-content\/uploads\/2023\/10\/magnetar-team-annelies.jpg\" alt=\"\" \/>\n\t\t\t\t\t\t\t<\/div>\n\t\t\t\t\t\t<\/div>\n\t\t\t\t\t\t\t\t\t\t\t\t<\/div>\n\t\t<\/div>\n\t<\/section>\n<\/div>\n<div id=\"text-image-block_c147105a3375af50705cd788f2b90e41\" class=\"block text-image\">\n\t\t\n\n\t<section class=\"text_image align_right bgr_nobgr\" >\n\t\t<div class=\"container-fluid\">\n\t\t\t<div class=\"row\">\n\t\t\t\t<div class=\"col-md-6 col_content\">\n\t\t\t\t\t\t\t\t\t\t\t<div class=\"small_top_title\">\n\t\t\t\t\t\t\tReinout\t\t\t\t\t\t<\/div>\n\t\t\t\t\t\t\t\t\t\t\t\t\t\t\t\t\t\t\t\t\t<div class=\"text\" style=\"color:#000000\">\n\t\t\t\t\t\t\t<p>Aloitin Magnetarin ylpe\u00e4n\u00e4 useita vuosia sitten. Her\u00e4\u00e4n yh\u00e4 joka aamu ilolla palvellakseni sinua ja tarjotakseni parhaat kalastusmagneetit ja tarvikkeet. Intohimona on sek\u00e4 magneettikalastus ett\u00e4 asiakaspalvelu! Onko sinulla kysytt\u00e4v\u00e4\u00e4 tai haluatko tehd\u00e4 yhteisty\u00f6t\u00e4? L\u00e4het\u00e4 s\u00e4hk\u00f6postia osoitteeseen <a href=\"reinout@magnetarmagnets.com\" target=\"_new\">reinout@magnetarmagnets.com<\/a>.    <\/p>\n\t\t\t\t\t\t<\/div>\n\t\t\t\t\t\t\n\t\t\t\t\t\t\t\t\t\n\t\t\t\t<\/div>\n\t\t\t\t\t\t\t\t\t\t\t\t\t\t\t<div class=\"col-md-6 col_image image_not_bgr\" >\n\t\t\t\t\t\t\t<div class=\"text_image_wrap\">\t\t\t\t\t\t\n\t\t\t\t\t\t\t\t<img decoding=\"async\" src=\"https:\/\/magnetarmagnets.com\/wp-content\/uploads\/2023\/10\/magnetar-team-reinout.jpg\" alt=\"\" \/>\n\t\t\t\t\t\t\t<\/div>\n\t\t\t\t\t\t<\/div>\n\t\t\t\t\t\t\t\t\t\t\t\t<\/div>\n\t\t<\/div>\n\t<\/section>\n<\/div>\n<p><\/p>\n\n<p>Onko sinulla kysytt\u00e4v\u00e4\u00e4 magneettikalastuksesta tai tilauksestasi? Kollegamme Peter on t\u00e4\u00e4ll\u00e4 auttamassa! Voit l\u00e4hett\u00e4\u00e4 kysymyksesi osoitteeseen <a href=\"mailto:info@magnetarmagnets.com\">info@magnetarmagnets.com<\/a>, ja h\u00e4n vastaa sinulle mahdollisimman pian.  <\/p>\n\n<h2 class=\"wp-block-heading\">Asiakkaamme<\/h2>\n\n<figure class=\"wp-block-pullquote\"><blockquote><p>Marc (36): \u201dOstin ensin halvemmat magneetit muualta. My\u00f6hemmin hankin Magnetar-magneetin&#8230; mik\u00e4 ero! Niin paljon enemm\u00e4n saaliita! Olen ansainnut magneetin hinnan takaisin useammin kuin kerran romuraudalla ja erikoisl\u00f6yd\u00f6ill\u00e4. Upea laatu!\u201d    <\/p><\/blockquote><\/figure>\n\n<figure class=\"wp-block-pullquote\"><blockquote><p>Fred: \u201dMahtavat tuotteet, nopea toimitus ja huippuluokan palvelu! Sanon vain: ilman hyvi\u00e4 varusteita et tee mit\u00e4\u00e4n!\u201d<\/p><\/blockquote><\/figure>\n\n<figure class=\"wp-block-pullquote\"><blockquote><p>Gerard: \u201dTodella loistava palvelu! Erinomaista apua ja selke\u00e4t ohjeet! Joku, joka suhtautuu ty\u00f6h\u00f6ns\u00e4\/harrastukseensa vakavasti. Palaamme varmasti uudelleen.\u201d<\/p><\/blockquote><\/figure>\n","protected":false},"excerpt":{"rendered":"<p>Yli 10 vuoden ajan perheyrityksemme on myynyt kalastusmagneetteja ihmisille, jotka rakastavat t\u00e4t\u00e4 harrastusta yht\u00e4 paljon kuin me. Perustajamme Reinout Volkers on rakastanut kalastusmagneetteja jo 16-vuotiaasta l\u00e4htien. Opiskellessaan pienyritys- ja v\u00e4hitt\u00e4iskaupan johtamista h\u00e4n perusti Magnetarin vanhempiensa vajaan haaveenaan muuttaa intohimonsa ammatikseen. Tarjoamalla magneettikalastajille parhaita ja tehokkaimpia tuotteita markkinoilla, h\u00e4nen yrityksens\u00e4 on myynyt yli 20 000 magneettia [&hellip;]<\/p>\n","protected":false},"author":1,"featured_media":0,"parent":0,"menu_order":0,"comment_status":"open","ping_status":"open","template":"","meta":{"_acf_changed":false,"inline_featured_image":false,"footnotes":""},"class_list":["post-82973","page","type-page","status-publish","hentry"],"acf":[],"yoast_head":"<!-- This site is optimized with the Yoast SEO plugin v27.4 - https:\/\/yoast.com\/product\/yoast-seo-wordpress\/ -->\n<title>Meist\u00e4 | Magnetar-perhe<\/title>\n<meta name=\"robots\" content=\"index, follow, max-snippet:-1, max-image-preview:large, max-video-preview:-1\" \/>\n<link rel=\"canonical\" href=\"https:\/\/magnetarmagnets.com\/fi\/meista\/\" \/>\n<meta property=\"og:locale\" content=\"fi_FI\" \/>\n<meta property=\"og:type\" content=\"article\" \/>\n<meta property=\"og:title\" content=\"Meist\u00e4 | Magnetar-perhe\" \/>\n<meta property=\"og:description\" content=\"Yli 10 vuoden ajan perheyrityksemme on myynyt kalastusmagneetteja ihmisille, jotka rakastavat t\u00e4t\u00e4 harrastusta yht\u00e4 paljon kuin me. Perustajamme Reinout Volkers on rakastanut kalastusmagneetteja jo 16-vuotiaasta l\u00e4htien. Opiskellessaan pienyritys- ja v\u00e4hitt\u00e4iskaupan johtamista h\u00e4n perusti Magnetarin vanhempiensa vajaan haaveenaan muuttaa intohimonsa ammatikseen. Tarjoamalla magneettikalastajille parhaita ja tehokkaimpia tuotteita markkinoilla, h\u00e4nen yrityksens\u00e4 on myynyt yli 20 000 magneettia [&hellip;]\" \/>\n<meta property=\"og:url\" content=\"https:\/\/magnetarmagnets.com\/fi\/meista\/\" \/>\n<meta property=\"og:site_name\" content=\"Magnet fishing with a Magnetar fishing magnet\" \/>\n<meta property=\"article:publisher\" content=\"https:\/\/www.facebook.com\/fishingmagnets\/\" \/>\n<meta property=\"article:modified_time\" content=\"2025-07-16T14:53:50+00:00\" \/>\n<meta property=\"og:image\" content=\"https:\/\/magnetarmagnets.com\/wp-content\/uploads\/2023\/10\/magnetar-team.jpg\" \/>\n\t<meta property=\"og:image:width\" content=\"1280\" \/>\n\t<meta property=\"og:image:height\" content=\"720\" \/>\n\t<meta property=\"og:image:type\" content=\"image\/jpeg\" \/>\n<meta name=\"twitter:card\" content=\"summary_large_image\" \/>\n<meta name=\"twitter:label1\" content=\"Arvioitu lukuaika\" \/>\n\t<meta name=\"twitter:data1\" content=\"1 minuutti\" \/>\n<script type=\"application\/ld+json\" class=\"yoast-schema-graph\">{\"@context\":\"https:\\\/\\\/schema.org\",\"@graph\":[{\"@type\":\"WebPage\",\"@id\":\"https:\\\/\\\/magnetarmagnets.com\\\/fi\\\/meista\\\/\",\"url\":\"https:\\\/\\\/magnetarmagnets.com\\\/fi\\\/meista\\\/\",\"name\":\"Meist\u00e4 | Magnetar-perhe\",\"isPartOf\":{\"@id\":\"https:\\\/\\\/magnetarmagnets.com\\\/fi\\\/#website\"},\"primaryImageOfPage\":{\"@id\":\"https:\\\/\\\/magnetarmagnets.com\\\/fi\\\/meista\\\/#primaryimage\"},\"image\":{\"@id\":\"https:\\\/\\\/magnetarmagnets.com\\\/fi\\\/meista\\\/#primaryimage\"},\"thumbnailUrl\":\"https:\\\/\\\/magnetarmagnets.com\\\/wp-content\\\/uploads\\\/2023\\\/10\\\/magnetar-team-1024x576.jpg\",\"datePublished\":\"2018-02-15T18:59:07+00:00\",\"dateModified\":\"2025-07-16T14:53:50+00:00\",\"breadcrumb\":{\"@id\":\"https:\\\/\\\/magnetarmagnets.com\\\/fi\\\/meista\\\/#breadcrumb\"},\"inLanguage\":\"fi\",\"potentialAction\":[{\"@type\":\"ReadAction\",\"target\":[\"https:\\\/\\\/magnetarmagnets.com\\\/fi\\\/meista\\\/\"]}]},{\"@type\":\"ImageObject\",\"inLanguage\":\"fi\",\"@id\":\"https:\\\/\\\/magnetarmagnets.com\\\/fi\\\/meista\\\/#primaryimage\",\"url\":\"https:\\\/\\\/magnetarmagnets.com\\\/wp-content\\\/uploads\\\/2023\\\/10\\\/magnetar-team-1024x576.jpg\",\"contentUrl\":\"https:\\\/\\\/magnetarmagnets.com\\\/wp-content\\\/uploads\\\/2023\\\/10\\\/magnetar-team-1024x576.jpg\"},{\"@type\":\"BreadcrumbList\",\"@id\":\"https:\\\/\\\/magnetarmagnets.com\\\/fi\\\/meista\\\/#breadcrumb\",\"itemListElement\":[{\"@type\":\"ListItem\",\"position\":1,\"name\":\"Home\",\"item\":\"https:\\\/\\\/magnetarmagnets.com\\\/fi\\\/\"},{\"@type\":\"ListItem\",\"position\":2,\"name\":\"Meist\u00e4\"}]},{\"@type\":\"WebSite\",\"@id\":\"https:\\\/\\\/magnetarmagnets.com\\\/fi\\\/#website\",\"url\":\"https:\\\/\\\/magnetarmagnets.com\\\/fi\\\/\",\"name\":\"Magnet fishing with a Magnetar fishing magnet\",\"description\":\"Vahvat magneetit magneettikalastukseen\\n\\n\",\"publisher\":{\"@id\":\"https:\\\/\\\/magnetarmagnets.com\\\/fi\\\/#organization\"},\"potentialAction\":[{\"@type\":\"SearchAction\",\"target\":{\"@type\":\"EntryPoint\",\"urlTemplate\":\"https:\\\/\\\/magnetarmagnets.com\\\/fi\\\/?s={search_term_string}\"},\"query-input\":{\"@type\":\"PropertyValueSpecification\",\"valueRequired\":true,\"valueName\":\"search_term_string\"}}],\"inLanguage\":\"fi\"},{\"@type\":\"Organization\",\"@id\":\"https:\\\/\\\/magnetarmagnets.com\\\/fi\\\/#organization\",\"name\":\"Magnetar\",\"url\":\"https:\\\/\\\/magnetarmagnets.com\\\/fi\\\/\",\"logo\":{\"@type\":\"ImageObject\",\"inLanguage\":\"fi\",\"@id\":\"https:\\\/\\\/magnetarmagnets.com\\\/fi\\\/#\\\/schema\\\/logo\\\/image\\\/\",\"url\":\"https:\\\/\\\/magnetarmagnets.com\\\/wp-content\\\/uploads\\\/2025\\\/05\\\/Logo-03_PNG-Black-scaled.png\",\"contentUrl\":\"https:\\\/\\\/magnetarmagnets.com\\\/wp-content\\\/uploads\\\/2025\\\/05\\\/Logo-03_PNG-Black-scaled.png\",\"width\":2560,\"height\":1658,\"caption\":\"Magnetar\"},\"image\":{\"@id\":\"https:\\\/\\\/magnetarmagnets.com\\\/fi\\\/#\\\/schema\\\/logo\\\/image\\\/\"},\"sameAs\":[\"https:\\\/\\\/www.facebook.com\\\/fishingmagnets\\\/\",\"https:\\\/\\\/www.instagram.com\\\/magnetar_magnets\\\/\",\"https:\\\/\\\/www.linkedin.com\\\/company\\\/magnetarbv\\\/?originalSubdomain=nl\",\"https:\\\/\\\/www.youtube.com\\\/c\\\/MagnetarVismagneet\"]}]}<\/script>\n<!-- \/ Yoast SEO plugin. -->","yoast_head_json":{"title":"Meist\u00e4 | Magnetar-perhe","robots":{"index":"index","follow":"follow","max-snippet":"max-snippet:-1","max-image-preview":"max-image-preview:large","max-video-preview":"max-video-preview:-1"},"canonical":"https:\/\/magnetarmagnets.com\/fi\/meista\/","og_locale":"fi_FI","og_type":"article","og_title":"Meist\u00e4 | Magnetar-perhe","og_description":"Yli 10 vuoden ajan perheyrityksemme on myynyt kalastusmagneetteja ihmisille, jotka rakastavat t\u00e4t\u00e4 harrastusta yht\u00e4 paljon kuin me. Perustajamme Reinout Volkers on rakastanut kalastusmagneetteja jo 16-vuotiaasta l\u00e4htien. Opiskellessaan pienyritys- ja v\u00e4hitt\u00e4iskaupan johtamista h\u00e4n perusti Magnetarin vanhempiensa vajaan haaveenaan muuttaa intohimonsa ammatikseen. Tarjoamalla magneettikalastajille parhaita ja tehokkaimpia tuotteita markkinoilla, h\u00e4nen yrityksens\u00e4 on myynyt yli 20 000 magneettia [&hellip;]","og_url":"https:\/\/magnetarmagnets.com\/fi\/meista\/","og_site_name":"Magnet fishing with a Magnetar fishing magnet","article_publisher":"https:\/\/www.facebook.com\/fishingmagnets\/","article_modified_time":"2025-07-16T14:53:50+00:00","og_image":[{"width":1280,"height":720,"url":"https:\/\/magnetarmagnets.com\/wp-content\/uploads\/2023\/10\/magnetar-team.jpg","type":"image\/jpeg"}],"twitter_card":"summary_large_image","twitter_misc":{"Arvioitu lukuaika":"1 minuutti"},"schema":{"@context":"https:\/\/schema.org","@graph":[{"@type":"WebPage","@id":"https:\/\/magnetarmagnets.com\/fi\/meista\/","url":"https:\/\/magnetarmagnets.com\/fi\/meista\/","name":"Meist\u00e4 | Magnetar-perhe","isPartOf":{"@id":"https:\/\/magnetarmagnets.com\/fi\/#website"},"primaryImageOfPage":{"@id":"https:\/\/magnetarmagnets.com\/fi\/meista\/#primaryimage"},"image":{"@id":"https:\/\/magnetarmagnets.com\/fi\/meista\/#primaryimage"},"thumbnailUrl":"https:\/\/magnetarmagnets.com\/wp-content\/uploads\/2023\/10\/magnetar-team-1024x576.jpg","datePublished":"2018-02-15T18:59:07+00:00","dateModified":"2025-07-16T14:53:50+00:00","breadcrumb":{"@id":"https:\/\/magnetarmagnets.com\/fi\/meista\/#breadcrumb"},"inLanguage":"fi","potentialAction":[{"@type":"ReadAction","target":["https:\/\/magnetarmagnets.com\/fi\/meista\/"]}]},{"@type":"ImageObject","inLanguage":"fi","@id":"https:\/\/magnetarmagnets.com\/fi\/meista\/#primaryimage","url":"https:\/\/magnetarmagnets.com\/wp-content\/uploads\/2023\/10\/magnetar-team-1024x576.jpg","contentUrl":"https:\/\/magnetarmagnets.com\/wp-content\/uploads\/2023\/10\/magnetar-team-1024x576.jpg"},{"@type":"BreadcrumbList","@id":"https:\/\/magnetarmagnets.com\/fi\/meista\/#breadcrumb","itemListElement":[{"@type":"ListItem","position":1,"name":"Home","item":"https:\/\/magnetarmagnets.com\/fi\/"},{"@type":"ListItem","position":2,"name":"Meist\u00e4"}]},{"@type":"WebSite","@id":"https:\/\/magnetarmagnets.com\/fi\/#website","url":"https:\/\/magnetarmagnets.com\/fi\/","name":"Magnet fishing with a Magnetar fishing magnet","description":"Vahvat magneetit magneettikalastukseen\n\n","publisher":{"@id":"https:\/\/magnetarmagnets.com\/fi\/#organization"},"potentialAction":[{"@type":"SearchAction","target":{"@type":"EntryPoint","urlTemplate":"https:\/\/magnetarmagnets.com\/fi\/?s={search_term_string}"},"query-input":{"@type":"PropertyValueSpecification","valueRequired":true,"valueName":"search_term_string"}}],"inLanguage":"fi"},{"@type":"Organization","@id":"https:\/\/magnetarmagnets.com\/fi\/#organization","name":"Magnetar","url":"https:\/\/magnetarmagnets.com\/fi\/","logo":{"@type":"ImageObject","inLanguage":"fi","@id":"https:\/\/magnetarmagnets.com\/fi\/#\/schema\/logo\/image\/","url":"https:\/\/magnetarmagnets.com\/wp-content\/uploads\/2025\/05\/Logo-03_PNG-Black-scaled.png","contentUrl":"https:\/\/magnetarmagnets.com\/wp-content\/uploads\/2025\/05\/Logo-03_PNG-Black-scaled.png","width":2560,"height":1658,"caption":"Magnetar"},"image":{"@id":"https:\/\/magnetarmagnets.com\/fi\/#\/schema\/logo\/image\/"},"sameAs":["https:\/\/www.facebook.com\/fishingmagnets\/","https:\/\/www.instagram.com\/magnetar_magnets\/","https:\/\/www.linkedin.com\/company\/magnetarbv\/?originalSubdomain=nl","https:\/\/www.youtube.com\/c\/MagnetarVismagneet"]}]}},"_links":{"self":[{"href":"https:\/\/magnetarmagnets.com\/fi\/wp-json\/wp\/v2\/pages\/82973","targetHints":{"allow":["GET"]}}],"collection":[{"href":"https:\/\/magnetarmagnets.com\/fi\/wp-json\/wp\/v2\/pages"}],"about":[{"href":"https:\/\/magnetarmagnets.com\/fi\/wp-json\/wp\/v2\/types\/page"}],"author":[{"embeddable":true,"href":"https:\/\/magnetarmagnets.com\/fi\/wp-json\/wp\/v2\/users\/1"}],"replies":[{"embeddable":true,"href":"https:\/\/magnetarmagnets.com\/fi\/wp-json\/wp\/v2\/comments?post=82973"}],"version-history":[{"count":0,"href":"https:\/\/magnetarmagnets.com\/fi\/wp-json\/wp\/v2\/pages\/82973\/revisions"}],"wp:attachment":[{"href":"https:\/\/magnetarmagnets.com\/fi\/wp-json\/wp\/v2\/media?parent=82973"}],"curies":[{"name":"wp","href":"https:\/\/api.w.org\/{rel}","templated":true}]}}