{"id":97385,"date":"2026-04-16T10:15:22","date_gmt":"2026-04-16T08:15:22","guid":{"rendered":"https:\/\/magnetarmagnets.com\/shop\/beast-x-komplekt-3100-lb-1400-kg-beast-x-universaalne-360\/"},"modified":"2026-04-16T14:46:59","modified_gmt":"2026-04-16T12:46:59","slug":"beast-x-komplekt-3100-lb-1400-kg-beast-x-universaalne-360","status":"publish","type":"product","link":"https:\/\/magnetarmagnets.com\/et\/shop\/beast-x-komplekt-3100-lb-1400-kg-beast-x-universaalne-360\/","title":{"rendered":"Beast X komplekt &#8211; 3100 lb \/ 1400 kg &#8211; Beast X &#8211; universaalne 360\u00b0"},"content":{"rendered":"","protected":false},"excerpt":{"rendered":"<p><strong>Beast X<\/strong> on v\u00f5imas universaalne <strong>360\u00b0 kalastusmagnet<\/strong>. Ideaalne kogenud magnetkalastajatele, kes otsivad j\u00f5udu, kvaliteeti ja <strong>t\u00e4ielikku komplekti konkurentsiv\u00f5imelise hinnaga.<\/strong><\/p>\n<p>Beast X kuulub <strong>Magnetar X Line<\/strong> sarja: tugev ja usaldusv\u00e4\u00e4rne magnetite valik, mis on loodud lihtsaks kasutamiseks. Kompaktne, vastupidav ja soodsa hinnaga neile, kes soovivad maksimaalset j\u00f5udlust ilma k\u00f5rget hinda maksmata.<\/p>\n","protected":false},"featured_media":97109,"comment_status":"open","ping_status":"closed","template":"","meta":{"_acf_changed":false,"inline_featured_image":false},"product_brand":[],"product_cat":[494,1021,414,497,493,416,1022],"product_tag":[],"class_list":{"0":"post-97385","1":"product","2":"type-product","3":"status-publish","4":"has-post-thumbnail","6":"product_cat-allround-360-otsingumagnetid","7":"product_cat-kategooriata","8":"product_cat-kogenud-seiklejatele","9":"product_cat-otsingumagneti-komplekt","10":"product_cat-otsingumagnetid","11":"product_cat-professionaalidele","12":"product_cat-x-line","14":"first","15":"instock","16":"taxable","17":"shipping-taxable","18":"purchasable","19":"product-type-simple"},"acf":[],"yoast_head":"<!-- This site is optimized with the Yoast SEO plugin v27.4 - https:\/\/yoast.com\/product\/yoast-seo-wordpress\/ -->\n<title>Beast X komplekt - 3100 lb \/ 1400 kg - Beast X - universaalne 360\u00b0 - Magnet fishing with a Magnetar fishing magnet<\/title>\n<meta name=\"description\" content=\"Beast X on v\u00f5imas 360\u00b0 kalastusmagnet t\u00f5mbej\u00f5uga 1400 kg. Komplekt sisaldab k\u00f6it, kindaid ja kandekotti. Ideaalne kogenud magnetkalastajatele.\" \/>\n<meta name=\"robots\" content=\"index, follow, max-snippet:-1, max-image-preview:large, max-video-preview:-1\" \/>\n<link rel=\"canonical\" href=\"https:\/\/magnetarmagnets.com\/et\/shop\/beast-x-komplekt-3100-lb-1400-kg-beast-x-universaalne-360\/\" \/>\n<meta property=\"og:locale\" content=\"et_EE\" \/>\n<meta property=\"og:type\" content=\"article\" \/>\n<meta property=\"og:title\" content=\"Beast X komplekt - 3100 lb \/ 1400 kg - Beast X - universaalne 360\u00b0 - Magnet fishing with a Magnetar fishing magnet\" \/>\n<meta property=\"og:description\" content=\"Beast X on v\u00f5imas 360\u00b0 kalastusmagnet t\u00f5mbej\u00f5uga 1400 kg. Komplekt sisaldab k\u00f6it, kindaid ja kandekotti. Ideaalne kogenud magnetkalastajatele.\" \/>\n<meta property=\"og:url\" content=\"https:\/\/magnetarmagnets.com\/et\/shop\/beast-x-komplekt-3100-lb-1400-kg-beast-x-universaalne-360\/\" \/>\n<meta property=\"og:site_name\" content=\"Magnet fishing with a Magnetar fishing magnet\" \/>\n<meta property=\"article:publisher\" content=\"https:\/\/www.facebook.com\/fishingmagnets\/\" \/>\n<meta property=\"article:modified_time\" content=\"2026-04-16T12:46:59+00:00\" \/>\n<meta property=\"og:image\" content=\"https:\/\/magnetarmagnets.com\/wp-content\/uploads\/2026\/04\/MagnetarMagnets_BEAST_X_listing-1-1024x1024.png\" \/>\n\t<meta property=\"og:image:width\" content=\"1024\" \/>\n\t<meta property=\"og:image:height\" content=\"1024\" \/>\n\t<meta property=\"og:image:type\" content=\"image\/png\" \/>\n<meta name=\"twitter:card\" content=\"summary_large_image\" \/>\n<meta name=\"twitter:label1\" content=\"Est. reading time\" \/>\n\t<meta name=\"twitter:data1\" content=\"1 minut\" \/>\n<script type=\"application\/ld+json\" class=\"yoast-schema-graph\">{\"@context\":\"https:\\\/\\\/schema.org\",\"@graph\":[{\"@type\":[\"WebPage\",\"ItemPage\"],\"@id\":\"https:\\\/\\\/magnetarmagnets.com\\\/et\\\/shop\\\/beast-x-komplekt-3100-lb-1400-kg-beast-x-universaalne-360\\\/\",\"url\":\"https:\\\/\\\/magnetarmagnets.com\\\/et\\\/shop\\\/beast-x-komplekt-3100-lb-1400-kg-beast-x-universaalne-360\\\/\",\"name\":\"Beast X komplekt - 3100 lb \\\/ 1400 kg - Beast X - universaalne 360\u00b0 - Magnet fishing with a Magnetar fishing magnet\",\"isPartOf\":{\"@id\":\"https:\\\/\\\/magnetarmagnets.com\\\/et\\\/#website\"},\"primaryImageOfPage\":{\"@id\":\"https:\\\/\\\/magnetarmagnets.com\\\/et\\\/shop\\\/beast-x-komplekt-3100-lb-1400-kg-beast-x-universaalne-360\\\/#primaryimage\"},\"image\":{\"@id\":\"https:\\\/\\\/magnetarmagnets.com\\\/et\\\/shop\\\/beast-x-komplekt-3100-lb-1400-kg-beast-x-universaalne-360\\\/#primaryimage\"},\"thumbnailUrl\":\"https:\\\/\\\/magnetarmagnets.com\\\/wp-content\\\/uploads\\\/2026\\\/04\\\/MagnetarMagnets_BEAST_X_listing-1.png\",\"datePublished\":\"2026-04-16T08:15:22+00:00\",\"dateModified\":\"2026-04-16T12:46:59+00:00\",\"description\":\"Beast X on v\u00f5imas 360\u00b0 kalastusmagnet t\u00f5mbej\u00f5uga 1400 kg. Komplekt sisaldab k\u00f6it, kindaid ja kandekotti. Ideaalne kogenud magnetkalastajatele.\",\"breadcrumb\":{\"@id\":\"https:\\\/\\\/magnetarmagnets.com\\\/et\\\/shop\\\/beast-x-komplekt-3100-lb-1400-kg-beast-x-universaalne-360\\\/#breadcrumb\"},\"inLanguage\":\"et\",\"potentialAction\":[{\"@type\":\"ReadAction\",\"target\":[\"https:\\\/\\\/magnetarmagnets.com\\\/et\\\/shop\\\/beast-x-komplekt-3100-lb-1400-kg-beast-x-universaalne-360\\\/\"]}]},{\"@type\":\"ImageObject\",\"inLanguage\":\"et\",\"@id\":\"https:\\\/\\\/magnetarmagnets.com\\\/et\\\/shop\\\/beast-x-komplekt-3100-lb-1400-kg-beast-x-universaalne-360\\\/#primaryimage\",\"url\":\"https:\\\/\\\/magnetarmagnets.com\\\/wp-content\\\/uploads\\\/2026\\\/04\\\/MagnetarMagnets_BEAST_X_listing-1.png\",\"contentUrl\":\"https:\\\/\\\/magnetarmagnets.com\\\/wp-content\\\/uploads\\\/2026\\\/04\\\/MagnetarMagnets_BEAST_X_listing-1.png\",\"width\":2000,\"height\":2000},{\"@type\":\"BreadcrumbList\",\"@id\":\"https:\\\/\\\/magnetarmagnets.com\\\/et\\\/shop\\\/beast-x-komplekt-3100-lb-1400-kg-beast-x-universaalne-360\\\/#breadcrumb\",\"itemListElement\":[{\"@type\":\"ListItem\",\"position\":1,\"name\":\"Home\",\"item\":\"https:\\\/\\\/magnetarmagnets.com\\\/et\\\/\"},{\"@type\":\"ListItem\",\"position\":2,\"name\":\"pood\",\"item\":\"https:\\\/\\\/magnetarmagnets.com\\\/et\\\/pood\\\/\"},{\"@type\":\"ListItem\",\"position\":3,\"name\":\"Otsingumagnetid\",\"item\":\"https:\\\/\\\/magnetarmagnets.com\\\/et\\\/collections\\\/otsingumagnetid\\\/\"},{\"@type\":\"ListItem\",\"position\":4,\"name\":\"Allround 360 otsingumagnetid\",\"item\":\"https:\\\/\\\/magnetarmagnets.com\\\/et\\\/collections\\\/otsingumagnetid\\\/allround-360-otsingumagnetid\\\/\"},{\"@type\":\"ListItem\",\"position\":5,\"name\":\"Beast X komplekt &#8211; 3100 lb \\\/ 1400 kg &#8211; Beast X &#8211; universaalne 360\u00b0\"}]},{\"@type\":\"WebSite\",\"@id\":\"https:\\\/\\\/magnetarmagnets.com\\\/et\\\/#website\",\"url\":\"https:\\\/\\\/magnetarmagnets.com\\\/et\\\/\",\"name\":\"Magnet fishing with a Magnetar fishing magnet\",\"description\":\"Tugevad magnetid magnetp\u00fc\u00fcgiks\",\"publisher\":{\"@id\":\"https:\\\/\\\/magnetarmagnets.com\\\/et\\\/#organization\"},\"potentialAction\":[{\"@type\":\"SearchAction\",\"target\":{\"@type\":\"EntryPoint\",\"urlTemplate\":\"https:\\\/\\\/magnetarmagnets.com\\\/et\\\/?s={search_term_string}\"},\"query-input\":{\"@type\":\"PropertyValueSpecification\",\"valueRequired\":true,\"valueName\":\"search_term_string\"}}],\"inLanguage\":\"et\"},{\"@type\":\"Organization\",\"@id\":\"https:\\\/\\\/magnetarmagnets.com\\\/et\\\/#organization\",\"name\":\"Magnetar\",\"url\":\"https:\\\/\\\/magnetarmagnets.com\\\/et\\\/\",\"logo\":{\"@type\":\"ImageObject\",\"inLanguage\":\"et\",\"@id\":\"https:\\\/\\\/magnetarmagnets.com\\\/et\\\/#\\\/schema\\\/logo\\\/image\\\/\",\"url\":\"https:\\\/\\\/magnetarmagnets.com\\\/wp-content\\\/uploads\\\/2025\\\/05\\\/Logo-03_PNG-Black-scaled.png\",\"contentUrl\":\"https:\\\/\\\/magnetarmagnets.com\\\/wp-content\\\/uploads\\\/2025\\\/05\\\/Logo-03_PNG-Black-scaled.png\",\"width\":2560,\"height\":1658,\"caption\":\"Magnetar\"},\"image\":{\"@id\":\"https:\\\/\\\/magnetarmagnets.com\\\/et\\\/#\\\/schema\\\/logo\\\/image\\\/\"},\"sameAs\":[\"https:\\\/\\\/www.facebook.com\\\/fishingmagnets\\\/\",\"https:\\\/\\\/www.instagram.com\\\/magnetar_magnets\\\/\",\"https:\\\/\\\/www.linkedin.com\\\/company\\\/magnetarbv\\\/?originalSubdomain=nl\",\"https:\\\/\\\/www.youtube.com\\\/c\\\/MagnetarVismagneet\"]}]}<\/script>\n<!-- \/ Yoast SEO plugin. -->","yoast_head_json":{"title":"Beast X komplekt - 3100 lb \/ 1400 kg - Beast X - universaalne 360\u00b0 - Magnet fishing with a Magnetar fishing magnet","description":"Beast X on v\u00f5imas 360\u00b0 kalastusmagnet t\u00f5mbej\u00f5uga 1400 kg. Komplekt sisaldab k\u00f6it, kindaid ja kandekotti. Ideaalne kogenud magnetkalastajatele.","robots":{"index":"index","follow":"follow","max-snippet":"max-snippet:-1","max-image-preview":"max-image-preview:large","max-video-preview":"max-video-preview:-1"},"canonical":"https:\/\/magnetarmagnets.com\/et\/shop\/beast-x-komplekt-3100-lb-1400-kg-beast-x-universaalne-360\/","og_locale":"et_EE","og_type":"article","og_title":"Beast X komplekt - 3100 lb \/ 1400 kg - Beast X - universaalne 360\u00b0 - Magnet fishing with a Magnetar fishing magnet","og_description":"Beast X on v\u00f5imas 360\u00b0 kalastusmagnet t\u00f5mbej\u00f5uga 1400 kg. Komplekt sisaldab k\u00f6it, kindaid ja kandekotti. Ideaalne kogenud magnetkalastajatele.","og_url":"https:\/\/magnetarmagnets.com\/et\/shop\/beast-x-komplekt-3100-lb-1400-kg-beast-x-universaalne-360\/","og_site_name":"Magnet fishing with a Magnetar fishing magnet","article_publisher":"https:\/\/www.facebook.com\/fishingmagnets\/","article_modified_time":"2026-04-16T12:46:59+00:00","og_image":[{"width":1024,"height":1024,"url":"https:\/\/magnetarmagnets.com\/wp-content\/uploads\/2026\/04\/MagnetarMagnets_BEAST_X_listing-1-1024x1024.png","type":"image\/png"}],"twitter_card":"summary_large_image","twitter_misc":{"Est. reading time":"1 minut"},"schema":{"@context":"https:\/\/schema.org","@graph":[{"@type":["WebPage","ItemPage"],"@id":"https:\/\/magnetarmagnets.com\/et\/shop\/beast-x-komplekt-3100-lb-1400-kg-beast-x-universaalne-360\/","url":"https:\/\/magnetarmagnets.com\/et\/shop\/beast-x-komplekt-3100-lb-1400-kg-beast-x-universaalne-360\/","name":"Beast X komplekt - 3100 lb \/ 1400 kg - Beast X - universaalne 360\u00b0 - Magnet fishing with a Magnetar fishing magnet","isPartOf":{"@id":"https:\/\/magnetarmagnets.com\/et\/#website"},"primaryImageOfPage":{"@id":"https:\/\/magnetarmagnets.com\/et\/shop\/beast-x-komplekt-3100-lb-1400-kg-beast-x-universaalne-360\/#primaryimage"},"image":{"@id":"https:\/\/magnetarmagnets.com\/et\/shop\/beast-x-komplekt-3100-lb-1400-kg-beast-x-universaalne-360\/#primaryimage"},"thumbnailUrl":"https:\/\/magnetarmagnets.com\/wp-content\/uploads\/2026\/04\/MagnetarMagnets_BEAST_X_listing-1.png","datePublished":"2026-04-16T08:15:22+00:00","dateModified":"2026-04-16T12:46:59+00:00","description":"Beast X on v\u00f5imas 360\u00b0 kalastusmagnet t\u00f5mbej\u00f5uga 1400 kg. Komplekt sisaldab k\u00f6it, kindaid ja kandekotti. Ideaalne kogenud magnetkalastajatele.","breadcrumb":{"@id":"https:\/\/magnetarmagnets.com\/et\/shop\/beast-x-komplekt-3100-lb-1400-kg-beast-x-universaalne-360\/#breadcrumb"},"inLanguage":"et","potentialAction":[{"@type":"ReadAction","target":["https:\/\/magnetarmagnets.com\/et\/shop\/beast-x-komplekt-3100-lb-1400-kg-beast-x-universaalne-360\/"]}]},{"@type":"ImageObject","inLanguage":"et","@id":"https:\/\/magnetarmagnets.com\/et\/shop\/beast-x-komplekt-3100-lb-1400-kg-beast-x-universaalne-360\/#primaryimage","url":"https:\/\/magnetarmagnets.com\/wp-content\/uploads\/2026\/04\/MagnetarMagnets_BEAST_X_listing-1.png","contentUrl":"https:\/\/magnetarmagnets.com\/wp-content\/uploads\/2026\/04\/MagnetarMagnets_BEAST_X_listing-1.png","width":2000,"height":2000},{"@type":"BreadcrumbList","@id":"https:\/\/magnetarmagnets.com\/et\/shop\/beast-x-komplekt-3100-lb-1400-kg-beast-x-universaalne-360\/#breadcrumb","itemListElement":[{"@type":"ListItem","position":1,"name":"Home","item":"https:\/\/magnetarmagnets.com\/et\/"},{"@type":"ListItem","position":2,"name":"pood","item":"https:\/\/magnetarmagnets.com\/et\/pood\/"},{"@type":"ListItem","position":3,"name":"Otsingumagnetid","item":"https:\/\/magnetarmagnets.com\/et\/collections\/otsingumagnetid\/"},{"@type":"ListItem","position":4,"name":"Allround 360 otsingumagnetid","item":"https:\/\/magnetarmagnets.com\/et\/collections\/otsingumagnetid\/allround-360-otsingumagnetid\/"},{"@type":"ListItem","position":5,"name":"Beast X komplekt &#8211; 3100 lb \/ 1400 kg &#8211; Beast X &#8211; universaalne 360\u00b0"}]},{"@type":"WebSite","@id":"https:\/\/magnetarmagnets.com\/et\/#website","url":"https:\/\/magnetarmagnets.com\/et\/","name":"Magnet fishing with a Magnetar fishing magnet","description":"Tugevad magnetid magnetp\u00fc\u00fcgiks","publisher":{"@id":"https:\/\/magnetarmagnets.com\/et\/#organization"},"potentialAction":[{"@type":"SearchAction","target":{"@type":"EntryPoint","urlTemplate":"https:\/\/magnetarmagnets.com\/et\/?s={search_term_string}"},"query-input":{"@type":"PropertyValueSpecification","valueRequired":true,"valueName":"search_term_string"}}],"inLanguage":"et"},{"@type":"Organization","@id":"https:\/\/magnetarmagnets.com\/et\/#organization","name":"Magnetar","url":"https:\/\/magnetarmagnets.com\/et\/","logo":{"@type":"ImageObject","inLanguage":"et","@id":"https:\/\/magnetarmagnets.com\/et\/#\/schema\/logo\/image\/","url":"https:\/\/magnetarmagnets.com\/wp-content\/uploads\/2025\/05\/Logo-03_PNG-Black-scaled.png","contentUrl":"https:\/\/magnetarmagnets.com\/wp-content\/uploads\/2025\/05\/Logo-03_PNG-Black-scaled.png","width":2560,"height":1658,"caption":"Magnetar"},"image":{"@id":"https:\/\/magnetarmagnets.com\/et\/#\/schema\/logo\/image\/"},"sameAs":["https:\/\/www.facebook.com\/fishingmagnets\/","https:\/\/www.instagram.com\/magnetar_magnets\/","https:\/\/www.linkedin.com\/company\/magnetarbv\/?originalSubdomain=nl","https:\/\/www.youtube.com\/c\/MagnetarVismagneet"]}]}},"_links":{"self":[{"href":"https:\/\/magnetarmagnets.com\/et\/wp-json\/wp\/v2\/product\/97385","targetHints":{"allow":["GET"]}}],"collection":[{"href":"https:\/\/magnetarmagnets.com\/et\/wp-json\/wp\/v2\/product"}],"about":[{"href":"https:\/\/magnetarmagnets.com\/et\/wp-json\/wp\/v2\/types\/product"}],"replies":[{"embeddable":true,"href":"https:\/\/magnetarmagnets.com\/et\/wp-json\/wp\/v2\/comments?post=97385"}],"version-history":[{"count":1,"href":"https:\/\/magnetarmagnets.com\/et\/wp-json\/wp\/v2\/product\/97385\/revisions"}],"predecessor-version":[{"id":97386,"href":"https:\/\/magnetarmagnets.com\/et\/wp-json\/wp\/v2\/product\/97385\/revisions\/97386"}],"wp:featuredmedia":[{"embeddable":true,"href":"https:\/\/magnetarmagnets.com\/et\/wp-json\/wp\/v2\/media\/97109"}],"wp:attachment":[{"href":"https:\/\/magnetarmagnets.com\/et\/wp-json\/wp\/v2\/media?parent=97385"}],"wp:term":[{"taxonomy":"product_brand","embeddable":true,"href":"https:\/\/magnetarmagnets.com\/et\/wp-json\/wp\/v2\/product_brand?post=97385"},{"taxonomy":"product_cat","embeddable":true,"href":"https:\/\/magnetarmagnets.com\/et\/wp-json\/wp\/v2\/product_cat?post=97385"},{"taxonomy":"product_tag","embeddable":true,"href":"https:\/\/magnetarmagnets.com\/et\/wp-json\/wp\/v2\/product_tag?post=97385"}],"curies":[{"name":"wp","href":"https:\/\/api.w.org\/{rel}","templated":true}]}}