{"id":81680,"date":"2025-06-05T09:53:03","date_gmt":"2025-06-05T07:53:03","guid":{"rendered":"https:\/\/magnetarmagnets.com\/?post_type=product&#038;p=81680"},"modified":"2026-04-04T07:25:27","modified_gmt":"2026-04-04T05:25:27","slug":"magnetkalapuugipulk-2-meetrit","status":"publish","type":"product","link":"https:\/\/magnetarmagnets.com\/et\/shop\/magnetkalapuugipulk-2-meetrit\/","title":{"rendered":"2-meetrine magnetp\u00fc\u00fcgivars"},"content":{"rendered":"Magnetp\u00fc\u00fcginael \u201cLange Jan\u201d abil saate k\u00e4tte esemeid, mida teie n\u00f6\u00f6r ei suuda \u00fcles t\u00f5sta. Magnetp\u00fc\u00fcginaela saab lahti v\u00f5tta, et seda h\u00f5lpsasti transportida (ka s\u00f5idukis).\n\n\n\n<strong>Magnetp\u00fc\u00fcginael \u201cLange Jan\u201d<\/strong>\n\n\n\nMagnetp\u00fc\u00fcginael \u201cLange Jan\u201d on ideaalne t\u00f6\u00f6riist s\u00fcgavalt peituvate esemete k\u00e4ttesaamiseks. Vana esemed, nagu kahurikuulid ja Teise maailmas\u00f5ja varustus, v\u00f5ivad aja jooksul vee alla vajuda v\u00f5i j\u00e4\u00e4da lehtede ja okste alla. Magnetp\u00fc\u00fcginaelaga saab k\u00e4tte esemeid, mida n\u00f6\u00f6r kohati ei t\u00f5sta.\n\n\n\n<strong>Kellele on magnetp\u00fc\u00fcginael Lange Jan sobilik?<\/strong>\n\n\n\nMagnetp\u00fc\u00fcginael Lange Jan on m\u00f5eldud neile, kes soovivad vette minna v\u00f5i kaldalt torgata. Torgates saate j\u00f5uda s\u00fcgavalt peituvate esemete l\u00e4hedale. Need objektid on sageli suurep\u00e4rases seisukorras, kuna neile satub v\u00e4hem hapnikku. Selle magnetp\u00fc\u00fcginaela kasutamiseks ei pea olema kogenud kalamees \u2013 see sobib k\u00f5igile.\n\n\n\n\u00c4rge unustage vaadata <a href=\"https:\/\/magnetarmagnets.com\/\" target=\"_blank\" rel=\"noopener\">parimaid magnetp\u00fc\u00fcgimagnete<\/a> v\u00f5i <a href=\"https:\/\/magnetarmagnets.com\/collections\/fishing-magnets\/magnet-fishing-kit\/\" target=\"_blank\" rel=\"noopener\">parimaid magnetp\u00fc\u00fcgikomplekte<\/a>.","protected":false},"excerpt":{"rendered":"<p>Magnetar\u00ae <strong>magnetp\u00fc\u00fcgivarraga<\/strong> suunate oma magneti <strong>t\u00e4psusega<\/strong> s\u00fcgaval peituvaid aardeid!<\/p>\n","protected":false},"featured_media":72352,"comment_status":"open","ping_status":"closed","template":"","meta":{"_acf_changed":false,"inline_featured_image":false},"product_brand":[],"product_cat":[1002,500,422],"product_tag":[],"class_list":{"0":"post-81680","1":"product","2":"type-product","3":"status-publish","4":"has-post-thumbnail","6":"product_cat-koik-tooted","7":"product_cat-otsingumagneti-varustus","8":"product_cat-varustus","10":"first","11":"instock","12":"sale","13":"taxable","14":"shipping-taxable","15":"purchasable","16":"product-type-simple"},"acf":[],"yoast_head":"<!-- This site is optimized with the Yoast SEO plugin v27.4 - https:\/\/yoast.com\/product\/yoast-seo-wordpress\/ -->\n<title>2-meetrine magnetp\u00fc\u00fcgivars - Magnet fishing with a Magnetar fishing magnet<\/title>\n<meta name=\"description\" content=\"Magnetp\u00fc\u00fcgivars &quot;Lange Jan&quot; v\u00f5imaldab k\u00e4tte saada esemeid, mida n\u00f6\u00f6r ei suuda t\u00f5sta. Varsi on v\u00f5imalik lahti v\u00f5tta.\" \/>\n<meta name=\"robots\" content=\"index, follow, max-snippet:-1, max-image-preview:large, max-video-preview:-1\" \/>\n<link rel=\"canonical\" href=\"https:\/\/magnetarmagnets.com\/et\/shop\/magnetkalapuugipulk-2-meetrit\/\" \/>\n<meta property=\"og:locale\" content=\"et_EE\" \/>\n<meta property=\"og:type\" content=\"article\" \/>\n<meta property=\"og:title\" content=\"2-meetrine magnetp\u00fc\u00fcgivars - Magnet fishing with a Magnetar fishing magnet\" \/>\n<meta property=\"og:description\" content=\"Magnetp\u00fc\u00fcgivars &quot;Lange Jan&quot; v\u00f5imaldab k\u00e4tte saada esemeid, mida n\u00f6\u00f6r ei suuda t\u00f5sta. Varsi on v\u00f5imalik lahti v\u00f5tta.\" \/>\n<meta property=\"og:url\" content=\"https:\/\/magnetarmagnets.com\/et\/shop\/magnetkalapuugipulk-2-meetrit\/\" \/>\n<meta property=\"og:site_name\" content=\"Magnet fishing with a Magnetar fishing magnet\" \/>\n<meta property=\"article:publisher\" content=\"https:\/\/www.facebook.com\/fishingmagnets\/\" \/>\n<meta property=\"article:modified_time\" content=\"2026-04-04T05:25:27+00:00\" \/>\n<meta property=\"og:image\" content=\"https:\/\/magnetarmagnets.com\/wp-content\/uploads\/2020\/12\/P1001679.jpg\" \/>\n\t<meta property=\"og:image:width\" content=\"1000\" \/>\n\t<meta property=\"og:image:height\" content=\"1000\" \/>\n\t<meta property=\"og:image:type\" content=\"image\/jpeg\" \/>\n<meta name=\"twitter:card\" content=\"summary_large_image\" \/>\n<meta name=\"twitter:label1\" content=\"Est. reading time\" \/>\n\t<meta name=\"twitter:data1\" content=\"1 minut\" \/>\n<script type=\"application\/ld+json\" class=\"yoast-schema-graph\">{\"@context\":\"https:\\\/\\\/schema.org\",\"@graph\":[{\"@type\":[\"WebPage\",\"ItemPage\"],\"@id\":\"https:\\\/\\\/magnetarmagnets.com\\\/et\\\/shop\\\/magnetkalapuugipulk-2-meetrit\\\/\",\"url\":\"https:\\\/\\\/magnetarmagnets.com\\\/et\\\/shop\\\/magnetkalapuugipulk-2-meetrit\\\/\",\"name\":\"2-meetrine magnetp\u00fc\u00fcgivars - Magnet fishing with a Magnetar fishing magnet\",\"isPartOf\":{\"@id\":\"https:\\\/\\\/magnetarmagnets.com\\\/et\\\/#website\"},\"primaryImageOfPage\":{\"@id\":\"https:\\\/\\\/magnetarmagnets.com\\\/et\\\/shop\\\/magnetkalapuugipulk-2-meetrit\\\/#primaryimage\"},\"image\":{\"@id\":\"https:\\\/\\\/magnetarmagnets.com\\\/et\\\/shop\\\/magnetkalapuugipulk-2-meetrit\\\/#primaryimage\"},\"thumbnailUrl\":\"https:\\\/\\\/magnetarmagnets.com\\\/wp-content\\\/uploads\\\/2020\\\/12\\\/P1001679.jpg\",\"datePublished\":\"2025-06-05T07:53:03+00:00\",\"dateModified\":\"2026-04-04T05:25:27+00:00\",\"description\":\"Magnetp\u00fc\u00fcgivars \\\"Lange Jan\\\" v\u00f5imaldab k\u00e4tte saada esemeid, mida n\u00f6\u00f6r ei suuda t\u00f5sta. Varsi on v\u00f5imalik lahti v\u00f5tta.\",\"breadcrumb\":{\"@id\":\"https:\\\/\\\/magnetarmagnets.com\\\/et\\\/shop\\\/magnetkalapuugipulk-2-meetrit\\\/#breadcrumb\"},\"inLanguage\":\"et\",\"potentialAction\":[{\"@type\":\"ReadAction\",\"target\":[\"https:\\\/\\\/magnetarmagnets.com\\\/et\\\/shop\\\/magnetkalapuugipulk-2-meetrit\\\/\"]}]},{\"@type\":\"ImageObject\",\"inLanguage\":\"et\",\"@id\":\"https:\\\/\\\/magnetarmagnets.com\\\/et\\\/shop\\\/magnetkalapuugipulk-2-meetrit\\\/#primaryimage\",\"url\":\"https:\\\/\\\/magnetarmagnets.com\\\/wp-content\\\/uploads\\\/2020\\\/12\\\/P1001679.jpg\",\"contentUrl\":\"https:\\\/\\\/magnetarmagnets.com\\\/wp-content\\\/uploads\\\/2020\\\/12\\\/P1001679.jpg\",\"width\":1000,\"height\":1000,\"caption\":\"Magnetic Fishing Spike, The magnetic spike Lange Jan, magnetic prick stick,\"},{\"@type\":\"BreadcrumbList\",\"@id\":\"https:\\\/\\\/magnetarmagnets.com\\\/et\\\/shop\\\/magnetkalapuugipulk-2-meetrit\\\/#breadcrumb\",\"itemListElement\":[{\"@type\":\"ListItem\",\"position\":1,\"name\":\"Home\",\"item\":\"https:\\\/\\\/magnetarmagnets.com\\\/et\\\/\"},{\"@type\":\"ListItem\",\"position\":2,\"name\":\"pood\",\"item\":\"https:\\\/\\\/magnetarmagnets.com\\\/et\\\/pood\\\/\"},{\"@type\":\"ListItem\",\"position\":3,\"name\":\"Varustus\",\"item\":\"https:\\\/\\\/magnetarmagnets.com\\\/et\\\/collections\\\/varustus\\\/\"},{\"@type\":\"ListItem\",\"position\":4,\"name\":\"Otsingumagneti varustus\",\"item\":\"https:\\\/\\\/magnetarmagnets.com\\\/et\\\/collections\\\/varustus\\\/otsingumagneti-varustus\\\/\"},{\"@type\":\"ListItem\",\"position\":5,\"name\":\"2-meetrine magnetp\u00fc\u00fcgivars\"}]},{\"@type\":\"WebSite\",\"@id\":\"https:\\\/\\\/magnetarmagnets.com\\\/et\\\/#website\",\"url\":\"https:\\\/\\\/magnetarmagnets.com\\\/et\\\/\",\"name\":\"Magnet fishing with a Magnetar fishing magnet\",\"description\":\"Tugevad magnetid magnetp\u00fc\u00fcgiks\",\"publisher\":{\"@id\":\"https:\\\/\\\/magnetarmagnets.com\\\/et\\\/#organization\"},\"potentialAction\":[{\"@type\":\"SearchAction\",\"target\":{\"@type\":\"EntryPoint\",\"urlTemplate\":\"https:\\\/\\\/magnetarmagnets.com\\\/et\\\/?s={search_term_string}\"},\"query-input\":{\"@type\":\"PropertyValueSpecification\",\"valueRequired\":true,\"valueName\":\"search_term_string\"}}],\"inLanguage\":\"et\"},{\"@type\":\"Organization\",\"@id\":\"https:\\\/\\\/magnetarmagnets.com\\\/et\\\/#organization\",\"name\":\"Magnetar\",\"url\":\"https:\\\/\\\/magnetarmagnets.com\\\/et\\\/\",\"logo\":{\"@type\":\"ImageObject\",\"inLanguage\":\"et\",\"@id\":\"https:\\\/\\\/magnetarmagnets.com\\\/et\\\/#\\\/schema\\\/logo\\\/image\\\/\",\"url\":\"https:\\\/\\\/magnetarmagnets.com\\\/wp-content\\\/uploads\\\/2025\\\/05\\\/Logo-03_PNG-Black-scaled.png\",\"contentUrl\":\"https:\\\/\\\/magnetarmagnets.com\\\/wp-content\\\/uploads\\\/2025\\\/05\\\/Logo-03_PNG-Black-scaled.png\",\"width\":2560,\"height\":1658,\"caption\":\"Magnetar\"},\"image\":{\"@id\":\"https:\\\/\\\/magnetarmagnets.com\\\/et\\\/#\\\/schema\\\/logo\\\/image\\\/\"},\"sameAs\":[\"https:\\\/\\\/www.facebook.com\\\/fishingmagnets\\\/\",\"https:\\\/\\\/www.instagram.com\\\/magnetar_magnets\\\/\",\"https:\\\/\\\/www.linkedin.com\\\/company\\\/magnetarbv\\\/?originalSubdomain=nl\",\"https:\\\/\\\/www.youtube.com\\\/c\\\/MagnetarVismagneet\"]}]}<\/script>\n<!-- \/ Yoast SEO plugin. -->","yoast_head_json":{"title":"2-meetrine magnetp\u00fc\u00fcgivars - Magnet fishing with a Magnetar fishing magnet","description":"Magnetp\u00fc\u00fcgivars \"Lange Jan\" v\u00f5imaldab k\u00e4tte saada esemeid, mida n\u00f6\u00f6r ei suuda t\u00f5sta. Varsi on v\u00f5imalik lahti v\u00f5tta.","robots":{"index":"index","follow":"follow","max-snippet":"max-snippet:-1","max-image-preview":"max-image-preview:large","max-video-preview":"max-video-preview:-1"},"canonical":"https:\/\/magnetarmagnets.com\/et\/shop\/magnetkalapuugipulk-2-meetrit\/","og_locale":"et_EE","og_type":"article","og_title":"2-meetrine magnetp\u00fc\u00fcgivars - Magnet fishing with a Magnetar fishing magnet","og_description":"Magnetp\u00fc\u00fcgivars \"Lange Jan\" v\u00f5imaldab k\u00e4tte saada esemeid, mida n\u00f6\u00f6r ei suuda t\u00f5sta. Varsi on v\u00f5imalik lahti v\u00f5tta.","og_url":"https:\/\/magnetarmagnets.com\/et\/shop\/magnetkalapuugipulk-2-meetrit\/","og_site_name":"Magnet fishing with a Magnetar fishing magnet","article_publisher":"https:\/\/www.facebook.com\/fishingmagnets\/","article_modified_time":"2026-04-04T05:25:27+00:00","og_image":[{"width":1000,"height":1000,"url":"https:\/\/magnetarmagnets.com\/wp-content\/uploads\/2020\/12\/P1001679.jpg","type":"image\/jpeg"}],"twitter_card":"summary_large_image","twitter_misc":{"Est. reading time":"1 minut"},"schema":{"@context":"https:\/\/schema.org","@graph":[{"@type":["WebPage","ItemPage"],"@id":"https:\/\/magnetarmagnets.com\/et\/shop\/magnetkalapuugipulk-2-meetrit\/","url":"https:\/\/magnetarmagnets.com\/et\/shop\/magnetkalapuugipulk-2-meetrit\/","name":"2-meetrine magnetp\u00fc\u00fcgivars - Magnet fishing with a Magnetar fishing magnet","isPartOf":{"@id":"https:\/\/magnetarmagnets.com\/et\/#website"},"primaryImageOfPage":{"@id":"https:\/\/magnetarmagnets.com\/et\/shop\/magnetkalapuugipulk-2-meetrit\/#primaryimage"},"image":{"@id":"https:\/\/magnetarmagnets.com\/et\/shop\/magnetkalapuugipulk-2-meetrit\/#primaryimage"},"thumbnailUrl":"https:\/\/magnetarmagnets.com\/wp-content\/uploads\/2020\/12\/P1001679.jpg","datePublished":"2025-06-05T07:53:03+00:00","dateModified":"2026-04-04T05:25:27+00:00","description":"Magnetp\u00fc\u00fcgivars \"Lange Jan\" v\u00f5imaldab k\u00e4tte saada esemeid, mida n\u00f6\u00f6r ei suuda t\u00f5sta. Varsi on v\u00f5imalik lahti v\u00f5tta.","breadcrumb":{"@id":"https:\/\/magnetarmagnets.com\/et\/shop\/magnetkalapuugipulk-2-meetrit\/#breadcrumb"},"inLanguage":"et","potentialAction":[{"@type":"ReadAction","target":["https:\/\/magnetarmagnets.com\/et\/shop\/magnetkalapuugipulk-2-meetrit\/"]}]},{"@type":"ImageObject","inLanguage":"et","@id":"https:\/\/magnetarmagnets.com\/et\/shop\/magnetkalapuugipulk-2-meetrit\/#primaryimage","url":"https:\/\/magnetarmagnets.com\/wp-content\/uploads\/2020\/12\/P1001679.jpg","contentUrl":"https:\/\/magnetarmagnets.com\/wp-content\/uploads\/2020\/12\/P1001679.jpg","width":1000,"height":1000,"caption":"Magnetic Fishing Spike, The magnetic spike Lange Jan, magnetic prick stick,"},{"@type":"BreadcrumbList","@id":"https:\/\/magnetarmagnets.com\/et\/shop\/magnetkalapuugipulk-2-meetrit\/#breadcrumb","itemListElement":[{"@type":"ListItem","position":1,"name":"Home","item":"https:\/\/magnetarmagnets.com\/et\/"},{"@type":"ListItem","position":2,"name":"pood","item":"https:\/\/magnetarmagnets.com\/et\/pood\/"},{"@type":"ListItem","position":3,"name":"Varustus","item":"https:\/\/magnetarmagnets.com\/et\/collections\/varustus\/"},{"@type":"ListItem","position":4,"name":"Otsingumagneti varustus","item":"https:\/\/magnetarmagnets.com\/et\/collections\/varustus\/otsingumagneti-varustus\/"},{"@type":"ListItem","position":5,"name":"2-meetrine magnetp\u00fc\u00fcgivars"}]},{"@type":"WebSite","@id":"https:\/\/magnetarmagnets.com\/et\/#website","url":"https:\/\/magnetarmagnets.com\/et\/","name":"Magnet fishing with a Magnetar fishing magnet","description":"Tugevad magnetid magnetp\u00fc\u00fcgiks","publisher":{"@id":"https:\/\/magnetarmagnets.com\/et\/#organization"},"potentialAction":[{"@type":"SearchAction","target":{"@type":"EntryPoint","urlTemplate":"https:\/\/magnetarmagnets.com\/et\/?s={search_term_string}"},"query-input":{"@type":"PropertyValueSpecification","valueRequired":true,"valueName":"search_term_string"}}],"inLanguage":"et"},{"@type":"Organization","@id":"https:\/\/magnetarmagnets.com\/et\/#organization","name":"Magnetar","url":"https:\/\/magnetarmagnets.com\/et\/","logo":{"@type":"ImageObject","inLanguage":"et","@id":"https:\/\/magnetarmagnets.com\/et\/#\/schema\/logo\/image\/","url":"https:\/\/magnetarmagnets.com\/wp-content\/uploads\/2025\/05\/Logo-03_PNG-Black-scaled.png","contentUrl":"https:\/\/magnetarmagnets.com\/wp-content\/uploads\/2025\/05\/Logo-03_PNG-Black-scaled.png","width":2560,"height":1658,"caption":"Magnetar"},"image":{"@id":"https:\/\/magnetarmagnets.com\/et\/#\/schema\/logo\/image\/"},"sameAs":["https:\/\/www.facebook.com\/fishingmagnets\/","https:\/\/www.instagram.com\/magnetar_magnets\/","https:\/\/www.linkedin.com\/company\/magnetarbv\/?originalSubdomain=nl","https:\/\/www.youtube.com\/c\/MagnetarVismagneet"]}]}},"_links":{"self":[{"href":"https:\/\/magnetarmagnets.com\/et\/wp-json\/wp\/v2\/product\/81680","targetHints":{"allow":["GET"]}}],"collection":[{"href":"https:\/\/magnetarmagnets.com\/et\/wp-json\/wp\/v2\/product"}],"about":[{"href":"https:\/\/magnetarmagnets.com\/et\/wp-json\/wp\/v2\/types\/product"}],"replies":[{"embeddable":true,"href":"https:\/\/magnetarmagnets.com\/et\/wp-json\/wp\/v2\/comments?post=81680"}],"version-history":[{"count":1,"href":"https:\/\/magnetarmagnets.com\/et\/wp-json\/wp\/v2\/product\/81680\/revisions"}],"predecessor-version":[{"id":95327,"href":"https:\/\/magnetarmagnets.com\/et\/wp-json\/wp\/v2\/product\/81680\/revisions\/95327"}],"wp:featuredmedia":[{"embeddable":true,"href":"https:\/\/magnetarmagnets.com\/et\/wp-json\/wp\/v2\/media\/72352"}],"wp:attachment":[{"href":"https:\/\/magnetarmagnets.com\/et\/wp-json\/wp\/v2\/media?parent=81680"}],"wp:term":[{"taxonomy":"product_brand","embeddable":true,"href":"https:\/\/magnetarmagnets.com\/et\/wp-json\/wp\/v2\/product_brand?post=81680"},{"taxonomy":"product_cat","embeddable":true,"href":"https:\/\/magnetarmagnets.com\/et\/wp-json\/wp\/v2\/product_cat?post=81680"},{"taxonomy":"product_tag","embeddable":true,"href":"https:\/\/magnetarmagnets.com\/et\/wp-json\/wp\/v2\/product_tag?post=81680"}],"curies":[{"name":"wp","href":"https:\/\/api.w.org\/{rel}","templated":true}]}}