{"id":81672,"date":"2025-06-05T09:53:04","date_gmt":"2025-06-05T07:53:04","guid":{"rendered":"https:\/\/magnetarmagnets.com\/?post_type=product&#038;p=81672"},"modified":"2026-04-03T16:39:31","modified_gmt":"2026-04-03T14:39:31","slug":"double-impact-komplekt","status":"publish","type":"product","link":"https:\/\/magnetarmagnets.com\/et\/shop\/double-impact-komplekt\/","title":{"rendered":"Double Impact otsingumagneti komplekt"},"content":{"rendered":"Kas kasutad magnetp\u00fc\u00fcgil mitte \u00fchte, vaid kahte magnetit? See v\u00f5ib tunduda ebatavaline, kuid p\u00e4rast Double Impacti kasutamist m\u00f5tled teisiti! See komplekt v\u00f5imaldab otsida vee alt kauneid aardeid kahe Magnetari neod\u00fc\u00fcmmagnetiga.\r\n<h2>Suurenda oma saagipotentsiaali Double Impact pakettidega<\/h2>\r\nKui kasutad Magnetari magnetp\u00fc\u00fcgimagnetit, tead, et enamiku veealuste esemete k\u00e4ttesaamine on lihtne. Otsime aga alati v\u00f5imalusi magnetp\u00fc\u00fcgihuviliste saagipotentsiaali suurendamiseks ning just siin astuvad m\u00e4ngu Double Impact paketid.\r\n\r\nDouble Impact on uus magnetp\u00fc\u00fcgivahend. See on ring, mis \u00fchendab kaks metallvarrast. Kahe komplekti kuuluva Magnetari neod\u00fc\u00fcmmagneti saab nendesse varrastesse kinnitada.\r\n\r\nDouble Impactiga on sul kahekordne saagipotentsiaal. Magnetp\u00fc\u00fcgimagnetite magnetv\u00e4ljad t\u00f5ukuvad \u00fcksteisest eemale, suurendades m\u00e4rkimisv\u00e4\u00e4rselt kogu magnetv\u00e4lja tugevust, mis avaldab positiivset m\u00f5ju saagipotentsiaalile. Lisaks laienevale magnetv\u00e4ljale t\u00f6\u00f6tavad kaks magnetit koos, v\u00f5imaldades vee alt leida veelgi suuremaid esemeid.\r\n<h2>Kuidas kasutada Double Impacti?<\/h2>\r\nMagnetp\u00fc\u00fcki saab teha mitmel moel, ja Double Impacti saab kasutada erinevalt. Kuid see t\u00f6\u00f6riist on k\u00f5ige t\u00f5husam, kui seda lohistada, mis v\u00f5imaldab h\u00f5lpsalt katta suuremat ala vees.\r\n<h2>Double Impact pakett 1 ja pakett 2<\/h2>\r\nSaadaval on kaks Double Impact paketti. Esimene pakett sisaldab j\u00e4rgmisi tooteid: kahte <a href=\"https:\/\/magnetarmagnets.com\/shop\/easy-magnet\">Easy<\/a> magnetp\u00fc\u00fcgimagnetit, kahte Easy kaitsvat \u00fcmbrist, \u00fcht liimitoru, \u00fcht paari kindaid ja \u00fcht 6mm n\u00f6\u00f6ri.\r\n\r\nTeine, tugevam pakett koosneb j\u00e4rgmistest toodetest: kahest <a href=\"https:\/\/magnetarmagnets.com\/shop\/hardcore-magnet-2\">Hardcore<\/a> magnetp\u00fc\u00fcgimagnetist, kahest Hardcore kaitsvast \u00fcmbrisest, \u00fchest liimitorust, \u00fchest paari kindaid ja \u00fchest 8mm n\u00f6\u00f6rist.\r\n<h2>Turvalisuse hoiatus<\/h2>\r\nMagnetaris on turvalisus \u00fclimalt oluline. Seet\u00f5ttu tahame enne Double Impacti kasutamist sind hoiatada. V\u00f5imsate magnetite l\u00e4hendamine v\u00f5ib p\u00f5hjustada ohtlikke olukordi. Ole teadlik riskidest toote kokkupanemisel. Magnetar ei vastuta hooletust kasutamisest tulenevate vigastuste eest.\r\n\r\nTeoreetiliselt on v\u00f5imalik kasutada Double Impacti koos <a href=\"https:\/\/magnetarmagnets.com\/shop\/exclusive-terror-magnet\">Terror<\/a>, <a href=\"https:\/\/magnetarmagnets.com\/shop\/beast-magnet\">Beast<\/a> ja <a href=\"https:\/\/magnetarmagnets.com\/shop\/barbarian-magnet\">Barbarian<\/a> magnetitega. Sel juhul ei vastuta Magnetar v\u00f5imalike \u00f5nnetuste eest.","protected":false},"excerpt":{"rendered":"<p><strong>Kahekordista oma saagiv\u00f5imalused<\/strong> magnetp\u00fc\u00fcgil Magnetari <strong>Double Impact pakettidega<\/strong>! Selle lisavarustusega saad <strong>\u00fchendada kaks magnetp\u00fc\u00fcgimagnetit<\/strong>.<\/p>\n","protected":false},"featured_media":73944,"comment_status":"open","ping_status":"closed","template":"","meta":{"_acf_changed":false,"inline_featured_image":false},"product_brand":[],"product_cat":[494,1002,497,493,416,498],"product_tag":[],"class_list":{"0":"post-81672","1":"product","2":"type-product","3":"status-publish","4":"has-post-thumbnail","6":"product_cat-allround-360-otsingumagnetid","7":"product_cat-koik-tooted","8":"product_cat-otsingumagneti-komplekt","9":"product_cat-otsingumagnetid","10":"product_cat-professionaalidele","11":"product_cat-tugevaimad-otsingumagneti","13":"first","14":"instock","15":"sale","16":"taxable","17":"shipping-taxable","18":"product-type-variable"},"acf":[],"yoast_head":"<!-- This site is optimized with the Yoast SEO plugin v27.4 - https:\/\/yoast.com\/product\/yoast-seo-wordpress\/ -->\n<title>Double Impact otsingumagneti komplekt - Magnet fishing with a Magnetar fishing magnet<\/title>\n<meta name=\"description\" content=\"Double Impact pakett \u2013 Magnetari magnetp\u00fc\u00fcgitarvikud\" \/>\n<meta name=\"robots\" content=\"index, follow, max-snippet:-1, max-image-preview:large, max-video-preview:-1\" \/>\n<link rel=\"canonical\" href=\"https:\/\/magnetarmagnets.com\/et\/shop\/double-impact-komplekt\/\" \/>\n<meta property=\"og:locale\" content=\"et_EE\" \/>\n<meta property=\"og:type\" content=\"article\" \/>\n<meta property=\"og:title\" content=\"Double Impact otsingumagneti komplekt - Magnet fishing with a Magnetar fishing magnet\" \/>\n<meta property=\"og:description\" content=\"Double Impact pakett \u2013 Magnetari magnetp\u00fc\u00fcgitarvikud\" \/>\n<meta property=\"og:url\" content=\"https:\/\/magnetarmagnets.com\/et\/shop\/double-impact-komplekt\/\" \/>\n<meta property=\"og:site_name\" content=\"Magnet fishing with a Magnetar fishing magnet\" \/>\n<meta property=\"article:publisher\" content=\"https:\/\/www.facebook.com\/fishingmagnets\/\" \/>\n<meta property=\"article:modified_time\" content=\"2026-04-03T14:39:31+00:00\" \/>\n<meta property=\"og:image\" content=\"https:\/\/magnetarmagnets.com\/wp-content\/uploads\/2023\/10\/DOUBLE-TROUBLE-HARDCORE.png\" \/>\n\t<meta property=\"og:image:width\" content=\"1500\" \/>\n\t<meta property=\"og:image:height\" content=\"1500\" \/>\n\t<meta property=\"og:image:type\" content=\"image\/png\" \/>\n<meta name=\"twitter:card\" content=\"summary_large_image\" \/>\n<meta name=\"twitter:label1\" content=\"Est. reading time\" \/>\n\t<meta name=\"twitter:data1\" content=\"2 minutit\" \/>\n<script type=\"application\/ld+json\" class=\"yoast-schema-graph\">{\"@context\":\"https:\\\/\\\/schema.org\",\"@graph\":[{\"@type\":[\"WebPage\",\"ItemPage\"],\"@id\":\"https:\\\/\\\/magnetarmagnets.com\\\/et\\\/shop\\\/double-impact-komplekt\\\/\",\"url\":\"https:\\\/\\\/magnetarmagnets.com\\\/et\\\/shop\\\/double-impact-komplekt\\\/\",\"name\":\"Double Impact otsingumagneti komplekt - Magnet fishing with a Magnetar fishing magnet\",\"isPartOf\":{\"@id\":\"https:\\\/\\\/magnetarmagnets.com\\\/et\\\/#website\"},\"primaryImageOfPage\":{\"@id\":\"https:\\\/\\\/magnetarmagnets.com\\\/et\\\/shop\\\/double-impact-komplekt\\\/#primaryimage\"},\"image\":{\"@id\":\"https:\\\/\\\/magnetarmagnets.com\\\/et\\\/shop\\\/double-impact-komplekt\\\/#primaryimage\"},\"thumbnailUrl\":\"https:\\\/\\\/magnetarmagnets.com\\\/wp-content\\\/uploads\\\/2023\\\/10\\\/DOUBLE-TROUBLE-HARDCORE.png\",\"datePublished\":\"2025-06-05T07:53:04+00:00\",\"dateModified\":\"2026-04-03T14:39:31+00:00\",\"description\":\"Double Impact pakett \u2013 Magnetari magnetp\u00fc\u00fcgitarvikud\",\"breadcrumb\":{\"@id\":\"https:\\\/\\\/magnetarmagnets.com\\\/et\\\/shop\\\/double-impact-komplekt\\\/#breadcrumb\"},\"inLanguage\":\"et\",\"potentialAction\":[{\"@type\":\"ReadAction\",\"target\":[\"https:\\\/\\\/magnetarmagnets.com\\\/et\\\/shop\\\/double-impact-komplekt\\\/\"]}]},{\"@type\":\"ImageObject\",\"inLanguage\":\"et\",\"@id\":\"https:\\\/\\\/magnetarmagnets.com\\\/et\\\/shop\\\/double-impact-komplekt\\\/#primaryimage\",\"url\":\"https:\\\/\\\/magnetarmagnets.com\\\/wp-content\\\/uploads\\\/2023\\\/10\\\/DOUBLE-TROUBLE-HARDCORE.png\",\"contentUrl\":\"https:\\\/\\\/magnetarmagnets.com\\\/wp-content\\\/uploads\\\/2023\\\/10\\\/DOUBLE-TROUBLE-HARDCORE.png\",\"width\":1500,\"height\":1500,\"caption\":\"Double package 360 magnet\"},{\"@type\":\"BreadcrumbList\",\"@id\":\"https:\\\/\\\/magnetarmagnets.com\\\/et\\\/shop\\\/double-impact-komplekt\\\/#breadcrumb\",\"itemListElement\":[{\"@type\":\"ListItem\",\"position\":1,\"name\":\"Home\",\"item\":\"https:\\\/\\\/magnetarmagnets.com\\\/et\\\/\"},{\"@type\":\"ListItem\",\"position\":2,\"name\":\"pood\",\"item\":\"https:\\\/\\\/magnetarmagnets.com\\\/et\\\/pood\\\/\"},{\"@type\":\"ListItem\",\"position\":3,\"name\":\"Otsingumagnetid\",\"item\":\"https:\\\/\\\/magnetarmagnets.com\\\/et\\\/collections\\\/otsingumagnetid\\\/\"},{\"@type\":\"ListItem\",\"position\":4,\"name\":\"Allround 360 otsingumagnetid\",\"item\":\"https:\\\/\\\/magnetarmagnets.com\\\/et\\\/collections\\\/otsingumagnetid\\\/allround-360-otsingumagnetid\\\/\"},{\"@type\":\"ListItem\",\"position\":5,\"name\":\"Double Impact otsingumagneti komplekt\"}]},{\"@type\":\"WebSite\",\"@id\":\"https:\\\/\\\/magnetarmagnets.com\\\/et\\\/#website\",\"url\":\"https:\\\/\\\/magnetarmagnets.com\\\/et\\\/\",\"name\":\"Magnet fishing with a Magnetar fishing magnet\",\"description\":\"Tugevad magnetid magnetp\u00fc\u00fcgiks\",\"publisher\":{\"@id\":\"https:\\\/\\\/magnetarmagnets.com\\\/et\\\/#organization\"},\"potentialAction\":[{\"@type\":\"SearchAction\",\"target\":{\"@type\":\"EntryPoint\",\"urlTemplate\":\"https:\\\/\\\/magnetarmagnets.com\\\/et\\\/?s={search_term_string}\"},\"query-input\":{\"@type\":\"PropertyValueSpecification\",\"valueRequired\":true,\"valueName\":\"search_term_string\"}}],\"inLanguage\":\"et\"},{\"@type\":\"Organization\",\"@id\":\"https:\\\/\\\/magnetarmagnets.com\\\/et\\\/#organization\",\"name\":\"Magnetar\",\"url\":\"https:\\\/\\\/magnetarmagnets.com\\\/et\\\/\",\"logo\":{\"@type\":\"ImageObject\",\"inLanguage\":\"et\",\"@id\":\"https:\\\/\\\/magnetarmagnets.com\\\/et\\\/#\\\/schema\\\/logo\\\/image\\\/\",\"url\":\"https:\\\/\\\/magnetarmagnets.com\\\/wp-content\\\/uploads\\\/2025\\\/05\\\/Logo-03_PNG-Black-scaled.png\",\"contentUrl\":\"https:\\\/\\\/magnetarmagnets.com\\\/wp-content\\\/uploads\\\/2025\\\/05\\\/Logo-03_PNG-Black-scaled.png\",\"width\":2560,\"height\":1658,\"caption\":\"Magnetar\"},\"image\":{\"@id\":\"https:\\\/\\\/magnetarmagnets.com\\\/et\\\/#\\\/schema\\\/logo\\\/image\\\/\"},\"sameAs\":[\"https:\\\/\\\/www.facebook.com\\\/fishingmagnets\\\/\",\"https:\\\/\\\/www.instagram.com\\\/magnetar_magnets\\\/\",\"https:\\\/\\\/www.linkedin.com\\\/company\\\/magnetarbv\\\/?originalSubdomain=nl\",\"https:\\\/\\\/www.youtube.com\\\/c\\\/MagnetarVismagneet\"]}]}<\/script>\n<!-- \/ Yoast SEO plugin. -->","yoast_head_json":{"title":"Double Impact otsingumagneti komplekt - Magnet fishing with a Magnetar fishing magnet","description":"Double Impact pakett \u2013 Magnetari magnetp\u00fc\u00fcgitarvikud","robots":{"index":"index","follow":"follow","max-snippet":"max-snippet:-1","max-image-preview":"max-image-preview:large","max-video-preview":"max-video-preview:-1"},"canonical":"https:\/\/magnetarmagnets.com\/et\/shop\/double-impact-komplekt\/","og_locale":"et_EE","og_type":"article","og_title":"Double Impact otsingumagneti komplekt - Magnet fishing with a Magnetar fishing magnet","og_description":"Double Impact pakett \u2013 Magnetari magnetp\u00fc\u00fcgitarvikud","og_url":"https:\/\/magnetarmagnets.com\/et\/shop\/double-impact-komplekt\/","og_site_name":"Magnet fishing with a Magnetar fishing magnet","article_publisher":"https:\/\/www.facebook.com\/fishingmagnets\/","article_modified_time":"2026-04-03T14:39:31+00:00","og_image":[{"width":1500,"height":1500,"url":"https:\/\/magnetarmagnets.com\/wp-content\/uploads\/2023\/10\/DOUBLE-TROUBLE-HARDCORE.png","type":"image\/png"}],"twitter_card":"summary_large_image","twitter_misc":{"Est. reading time":"2 minutit"},"schema":{"@context":"https:\/\/schema.org","@graph":[{"@type":["WebPage","ItemPage"],"@id":"https:\/\/magnetarmagnets.com\/et\/shop\/double-impact-komplekt\/","url":"https:\/\/magnetarmagnets.com\/et\/shop\/double-impact-komplekt\/","name":"Double Impact otsingumagneti komplekt - Magnet fishing with a Magnetar fishing magnet","isPartOf":{"@id":"https:\/\/magnetarmagnets.com\/et\/#website"},"primaryImageOfPage":{"@id":"https:\/\/magnetarmagnets.com\/et\/shop\/double-impact-komplekt\/#primaryimage"},"image":{"@id":"https:\/\/magnetarmagnets.com\/et\/shop\/double-impact-komplekt\/#primaryimage"},"thumbnailUrl":"https:\/\/magnetarmagnets.com\/wp-content\/uploads\/2023\/10\/DOUBLE-TROUBLE-HARDCORE.png","datePublished":"2025-06-05T07:53:04+00:00","dateModified":"2026-04-03T14:39:31+00:00","description":"Double Impact pakett \u2013 Magnetari magnetp\u00fc\u00fcgitarvikud","breadcrumb":{"@id":"https:\/\/magnetarmagnets.com\/et\/shop\/double-impact-komplekt\/#breadcrumb"},"inLanguage":"et","potentialAction":[{"@type":"ReadAction","target":["https:\/\/magnetarmagnets.com\/et\/shop\/double-impact-komplekt\/"]}]},{"@type":"ImageObject","inLanguage":"et","@id":"https:\/\/magnetarmagnets.com\/et\/shop\/double-impact-komplekt\/#primaryimage","url":"https:\/\/magnetarmagnets.com\/wp-content\/uploads\/2023\/10\/DOUBLE-TROUBLE-HARDCORE.png","contentUrl":"https:\/\/magnetarmagnets.com\/wp-content\/uploads\/2023\/10\/DOUBLE-TROUBLE-HARDCORE.png","width":1500,"height":1500,"caption":"Double package 360 magnet"},{"@type":"BreadcrumbList","@id":"https:\/\/magnetarmagnets.com\/et\/shop\/double-impact-komplekt\/#breadcrumb","itemListElement":[{"@type":"ListItem","position":1,"name":"Home","item":"https:\/\/magnetarmagnets.com\/et\/"},{"@type":"ListItem","position":2,"name":"pood","item":"https:\/\/magnetarmagnets.com\/et\/pood\/"},{"@type":"ListItem","position":3,"name":"Otsingumagnetid","item":"https:\/\/magnetarmagnets.com\/et\/collections\/otsingumagnetid\/"},{"@type":"ListItem","position":4,"name":"Allround 360 otsingumagnetid","item":"https:\/\/magnetarmagnets.com\/et\/collections\/otsingumagnetid\/allround-360-otsingumagnetid\/"},{"@type":"ListItem","position":5,"name":"Double Impact otsingumagneti komplekt"}]},{"@type":"WebSite","@id":"https:\/\/magnetarmagnets.com\/et\/#website","url":"https:\/\/magnetarmagnets.com\/et\/","name":"Magnet fishing with a Magnetar fishing magnet","description":"Tugevad magnetid magnetp\u00fc\u00fcgiks","publisher":{"@id":"https:\/\/magnetarmagnets.com\/et\/#organization"},"potentialAction":[{"@type":"SearchAction","target":{"@type":"EntryPoint","urlTemplate":"https:\/\/magnetarmagnets.com\/et\/?s={search_term_string}"},"query-input":{"@type":"PropertyValueSpecification","valueRequired":true,"valueName":"search_term_string"}}],"inLanguage":"et"},{"@type":"Organization","@id":"https:\/\/magnetarmagnets.com\/et\/#organization","name":"Magnetar","url":"https:\/\/magnetarmagnets.com\/et\/","logo":{"@type":"ImageObject","inLanguage":"et","@id":"https:\/\/magnetarmagnets.com\/et\/#\/schema\/logo\/image\/","url":"https:\/\/magnetarmagnets.com\/wp-content\/uploads\/2025\/05\/Logo-03_PNG-Black-scaled.png","contentUrl":"https:\/\/magnetarmagnets.com\/wp-content\/uploads\/2025\/05\/Logo-03_PNG-Black-scaled.png","width":2560,"height":1658,"caption":"Magnetar"},"image":{"@id":"https:\/\/magnetarmagnets.com\/et\/#\/schema\/logo\/image\/"},"sameAs":["https:\/\/www.facebook.com\/fishingmagnets\/","https:\/\/www.instagram.com\/magnetar_magnets\/","https:\/\/www.linkedin.com\/company\/magnetarbv\/?originalSubdomain=nl","https:\/\/www.youtube.com\/c\/MagnetarVismagneet"]}]}},"_links":{"self":[{"href":"https:\/\/magnetarmagnets.com\/et\/wp-json\/wp\/v2\/product\/81672","targetHints":{"allow":["GET"]}}],"collection":[{"href":"https:\/\/magnetarmagnets.com\/et\/wp-json\/wp\/v2\/product"}],"about":[{"href":"https:\/\/magnetarmagnets.com\/et\/wp-json\/wp\/v2\/types\/product"}],"replies":[{"embeddable":true,"href":"https:\/\/magnetarmagnets.com\/et\/wp-json\/wp\/v2\/comments?post=81672"}],"version-history":[{"count":1,"href":"https:\/\/magnetarmagnets.com\/et\/wp-json\/wp\/v2\/product\/81672\/revisions"}],"predecessor-version":[{"id":95154,"href":"https:\/\/magnetarmagnets.com\/et\/wp-json\/wp\/v2\/product\/81672\/revisions\/95154"}],"wp:featuredmedia":[{"embeddable":true,"href":"https:\/\/magnetarmagnets.com\/et\/wp-json\/wp\/v2\/media\/73944"}],"wp:attachment":[{"href":"https:\/\/magnetarmagnets.com\/et\/wp-json\/wp\/v2\/media?parent=81672"}],"wp:term":[{"taxonomy":"product_brand","embeddable":true,"href":"https:\/\/magnetarmagnets.com\/et\/wp-json\/wp\/v2\/product_brand?post=81672"},{"taxonomy":"product_cat","embeddable":true,"href":"https:\/\/magnetarmagnets.com\/et\/wp-json\/wp\/v2\/product_cat?post=81672"},{"taxonomy":"product_tag","embeddable":true,"href":"https:\/\/magnetarmagnets.com\/et\/wp-json\/wp\/v2\/product_tag?post=81672"}],"curies":[{"name":"wp","href":"https:\/\/api.w.org\/{rel}","templated":true}]}}