{"id":81671,"date":"2025-06-05T09:53:03","date_gmt":"2025-06-05T07:53:03","guid":{"rendered":"https:\/\/magnetarmagnets.com\/?post_type=product&#038;p=81671"},"modified":"2026-04-18T00:42:29","modified_gmt":"2026-04-17T22:42:29","slug":"megacube-kalapuugimagneti-komplekt-2700-kg-360-plokkmagnet","status":"publish","type":"product","link":"https:\/\/magnetarmagnets.com\/et\/shop\/megacube-kalapuugimagneti-komplekt-2700-kg-360-plokkmagnet\/","title":{"rendered":"MEGACUBE\u2122 otsingumagneti komplekt \u2013 2700 kg \u2013 360\u00b0 plokkmagnet"},"content":{"rendered":"MEGACUBE\u2122 on maailma <strong>tugevaim<\/strong> magnetp\u00fc\u00fcgimagnet! Kuue 1000 lb \/ 450 kg magnetkontaktpinnaga tagad <strong>parimad tabamisv\u00f5imalused<\/strong>. Meie kuubikujuline magnetp\u00fc\u00fcgimagnet on professionaalse magnetp\u00fc\u00fcdja parim valik.\r\n<h2>Miks valida MEGACUBE\u2122?<\/h2>\r\nTugevaid magnetp\u00fc\u00fcgimagneteid leidub palju. Miks siis valida Magnetari MEGACUBE\u2122 <a href=\"https:\/\/magnetarmagnets.com\/collections\/fishing-magnets\/single-sided-classic\/\">\u00fchepoolse<\/a>, <a href=\"https:\/\/magnetarmagnets.com\/double-sided-fishing-magnet\/\">kahepoolse<\/a> v\u00f5i <a href=\"https:\/\/magnetarmagnets.com\/collections\/fishing-magnets\/allround-magnets-360\/\">360\u00b0 k\u00f5iksuunalise<\/a> magnetp\u00fc\u00fcgimagneti asemel?\r\n<ul>\r\n \t<li><strong>Suurem tabamisv\u00f5imalus<\/strong>: MEGACUBE\u2122 on magnetiline kuuel k\u00fcljel. See \u00fcletab ringikujulise magnetp\u00fc\u00fcgimagneti ja tekitab oluliselt suurema magnetv\u00e4lja;<\/li>\r\n \t<li><strong>Disain<\/strong>: kuus sirget pinda tagavad parema haarduvuse kui \u00fcmarad magnetid. See suurendab v\u00f5imalust vee seest esemeid, n\u00e4iteks seifide, k\u00e4tte saada;<\/li>\r\n \t<li><strong>Vastupidav<\/strong>: erinevalt teistest neod\u00fc\u00fcmmagnetidest on see plokkmagnet 100% kaitstud. Lisaks s\u00e4ilitab see magnet 100% oma t\u00f5mbej\u00f5ust;<\/li>\r\n \t<li><strong>Suurem t\u00f5mbeulatuse kaugus<\/strong>: t\u00f5mbeulatuse kaugus on muljetavaldav 22,5 cm, oluliselt suurem kui teistel magnetp\u00fc\u00fcgimagnetitel;<\/li>\r\n \t<li><strong>Valmis tegutsema<\/strong>: t\u00e4ielikult kokku pandud, liimitud ja kinnitatud. MEGACUBE\u2122 on kohe kasutusvalmis;<\/li>\r\n \t<li><strong>T\u00e4ielik komplekt<\/strong>: MEGACUBE\u2122 komplekt sisaldab robustset kohvrit, <a href=\"https:\/\/magnetarmagnets.com\/et\/shop\/magnetkalapuugi-kois-20-meetrit-65-jalga\/\">10 mm n\u00f6\u00f6ri<\/a> ja <a href=\"https:\/\/magnetarmagnets.com\/et\/shop\/magneetkalapuugikindad\/\">kinnaste<\/a> komplekti.<\/li>\r\n<\/ul>\r\n<h2>Magnetp\u00fc\u00fcgi maailmas revolutsioon<\/h2>\r\nMEGACUBE\u2122 on ainulaadne. \u00dckski teine magnetp\u00fc\u00fcgimagnet ei \u00fcleta seda. Selle m\u00e4\u00e4ravad omadused on 360\u00b0 t\u00f5mme, kuus magnetkontaktpinda, vastupidavus ja meie kuubi tohutu t\u00f5mbeulatuse kaugus. See j\u00f5udluskeskus m\u00f5\u00f5tudega 3\u00d73\u00d73 tolli \/ 74\u00d774\u00d774 mm on m\u00e4rkimisv\u00e4\u00e4rse suurusega. 9 tolli \/ 22,5 cm t\u00f5mbeulatuse ja 6000 lb \/ 2700 kg kogu t\u00f5mbej\u00f5uga saad vee p\u00f5hjast iga aarde k\u00e4tte.\r\n<h2>T\u00c4HELEPANU!<\/h2>\r\nMeie neod\u00fc\u00fcmmagnetid on \u00e4\u00e4rmiselt v\u00f5imsad. Selle t\u00f5ttu v\u00f5ivad l\u00e4hedal asuvad rauaesemed suure kiirusega magneti poole t\u00f5mbuda. M\u00f5nes olukorras v\u00f5ib s\u00f5rm j\u00e4\u00e4da magneti ja eseme vahele l\u00f5ksu. Seet\u00f5ttu k\u00e4sitle magneteid alati ettevaatlikult ja kasuta neid oma vastutusel. Lugege enne kasutamist meie ohutusjuhiseid.\r\n\r\n*See toode ei sobi lastele.\r\n\r\n&nbsp;\r\n<p class=\"x_elementToProof\" data-ogsb=\"rgb(255, 255, 255)\"><em>Kaitstud Euroopa Liidu registreeritud malli\u00f5igusega (015054920-0001 \/ -0004)<\/em><\/p>","protected":false},"excerpt":{"rendered":"<p>MEGACUBE\u2122 magnetp\u00fc\u00fcgimagnet. <strong>Magnetp\u00fc\u00fck<\/strong> 6\u00d7 suurema j\u00f5uga. Tulemus? L\u00f5bu!<\/p>\n<p><strong>Maailma tugevaim magnet<\/strong> tarnitakse <strong>t\u00e4ielikult<\/strong> professionaalses kohvris koos n\u00f6\u00f6ri ja kinnastega.<\/p>\n","protected":false},"featured_media":74199,"comment_status":"open","ping_status":"closed","template":"","meta":{"_acf_changed":false,"inline_featured_image":false},"product_brand":[],"product_cat":[495,497,493,416,498],"product_tag":[],"class_list":{"0":"post-81671","1":"product","2":"type-product","3":"status-publish","4":"has-post-thumbnail","6":"product_cat-blokk-360-otsingumagnetid","7":"product_cat-otsingumagneti-komplekt","8":"product_cat-otsingumagnetid","9":"product_cat-professionaalidele","10":"product_cat-tugevaimad-otsingumagneti","12":"first","13":"instock","14":"taxable","15":"shipping-taxable","16":"purchasable","17":"product-type-simple"},"acf":[],"yoast_head":"<!-- This site is optimized with the Yoast SEO plugin v27.4 - https:\/\/yoast.com\/product\/yoast-seo-wordpress\/ -->\n<title>MEGACUBE\u2122 komplekt - 6000 lb \/ 2700 kg - 360\u00b0 plokkmagnet - Magnet fishing with a Magnetar fishing magnet<\/title>\n<meta name=\"description\" content=\"MEGACUBE\u2122 on maailma tugevaim magnetp\u00fc\u00fcgimagnet. See kuubik on pakendatud valmis komplektiks. Parim valik magnetp\u00fc\u00fcgiks.\" \/>\n<meta name=\"robots\" content=\"index, follow, max-snippet:-1, max-image-preview:large, max-video-preview:-1\" \/>\n<link rel=\"canonical\" href=\"https:\/\/magnetarmagnets.com\/et\/shop\/megacube-kalapuugimagneti-komplekt-2700-kg-360-plokkmagnet\/\" \/>\n<meta property=\"og:locale\" content=\"et_EE\" \/>\n<meta property=\"og:type\" content=\"article\" \/>\n<meta property=\"og:title\" content=\"MEGACUBE\u2122 komplekt - 6000 lb \/ 2700 kg - 360\u00b0 plokkmagnet - Magnet fishing with a Magnetar fishing magnet\" \/>\n<meta property=\"og:description\" content=\"MEGACUBE\u2122 on maailma tugevaim magnetp\u00fc\u00fcgimagnet. See kuubik on pakendatud valmis komplektiks. Parim valik magnetp\u00fc\u00fcgiks.\" \/>\n<meta property=\"og:url\" content=\"https:\/\/magnetarmagnets.com\/et\/shop\/megacube-kalapuugimagneti-komplekt-2700-kg-360-plokkmagnet\/\" \/>\n<meta property=\"og:site_name\" content=\"Magnet fishing with a Magnetar fishing magnet\" \/>\n<meta property=\"article:publisher\" content=\"https:\/\/www.facebook.com\/fishingmagnets\/\" \/>\n<meta property=\"article:modified_time\" content=\"2026-04-17T22:42:29+00:00\" \/>\n<meta property=\"og:image\" content=\"https:\/\/magnetarmagnets.com\/wp-content\/uploads\/2024\/04\/3.png\" \/>\n\t<meta property=\"og:image:width\" content=\"1500\" \/>\n\t<meta property=\"og:image:height\" content=\"1500\" \/>\n\t<meta property=\"og:image:type\" content=\"image\/png\" \/>\n<meta name=\"twitter:card\" content=\"summary_large_image\" \/>\n<meta name=\"twitter:label1\" content=\"Est. reading time\" \/>\n\t<meta name=\"twitter:data1\" content=\"2 minutit\" \/>\n<script type=\"application\/ld+json\" class=\"yoast-schema-graph\">{\"@context\":\"https:\\\/\\\/schema.org\",\"@graph\":[{\"@type\":[\"WebPage\",\"ItemPage\"],\"@id\":\"https:\\\/\\\/magnetarmagnets.com\\\/et\\\/shop\\\/megacube-kalapuugimagneti-komplekt-2700-kg-360-plokkmagnet\\\/\",\"url\":\"https:\\\/\\\/magnetarmagnets.com\\\/et\\\/shop\\\/megacube-kalapuugimagneti-komplekt-2700-kg-360-plokkmagnet\\\/\",\"name\":\"MEGACUBE\u2122 komplekt - 6000 lb \\\/ 2700 kg - 360\u00b0 plokkmagnet - Magnet fishing with a Magnetar fishing magnet\",\"isPartOf\":{\"@id\":\"https:\\\/\\\/magnetarmagnets.com\\\/et\\\/#website\"},\"primaryImageOfPage\":{\"@id\":\"https:\\\/\\\/magnetarmagnets.com\\\/et\\\/shop\\\/megacube-kalapuugimagneti-komplekt-2700-kg-360-plokkmagnet\\\/#primaryimage\"},\"image\":{\"@id\":\"https:\\\/\\\/magnetarmagnets.com\\\/et\\\/shop\\\/megacube-kalapuugimagneti-komplekt-2700-kg-360-plokkmagnet\\\/#primaryimage\"},\"thumbnailUrl\":\"https:\\\/\\\/magnetarmagnets.com\\\/wp-content\\\/uploads\\\/2024\\\/04\\\/3.png\",\"datePublished\":\"2025-06-05T07:53:03+00:00\",\"dateModified\":\"2026-04-17T22:42:29+00:00\",\"description\":\"MEGACUBE\u2122 on maailma tugevaim magnetp\u00fc\u00fcgimagnet. See kuubik on pakendatud valmis komplektiks. Parim valik magnetp\u00fc\u00fcgiks.\",\"breadcrumb\":{\"@id\":\"https:\\\/\\\/magnetarmagnets.com\\\/et\\\/shop\\\/megacube-kalapuugimagneti-komplekt-2700-kg-360-plokkmagnet\\\/#breadcrumb\"},\"inLanguage\":\"et\",\"potentialAction\":[{\"@type\":\"ReadAction\",\"target\":[\"https:\\\/\\\/magnetarmagnets.com\\\/et\\\/shop\\\/megacube-kalapuugimagneti-komplekt-2700-kg-360-plokkmagnet\\\/\"]}]},{\"@type\":\"ImageObject\",\"inLanguage\":\"et\",\"@id\":\"https:\\\/\\\/magnetarmagnets.com\\\/et\\\/shop\\\/megacube-kalapuugimagneti-komplekt-2700-kg-360-plokkmagnet\\\/#primaryimage\",\"url\":\"https:\\\/\\\/magnetarmagnets.com\\\/wp-content\\\/uploads\\\/2024\\\/04\\\/3.png\",\"contentUrl\":\"https:\\\/\\\/magnetarmagnets.com\\\/wp-content\\\/uploads\\\/2024\\\/04\\\/3.png\",\"width\":1500,\"height\":1500,\"caption\":\"MEGACUBE KIT\"},{\"@type\":\"BreadcrumbList\",\"@id\":\"https:\\\/\\\/magnetarmagnets.com\\\/et\\\/shop\\\/megacube-kalapuugimagneti-komplekt-2700-kg-360-plokkmagnet\\\/#breadcrumb\",\"itemListElement\":[{\"@type\":\"ListItem\",\"position\":1,\"name\":\"Home\",\"item\":\"https:\\\/\\\/magnetarmagnets.com\\\/et\\\/\"},{\"@type\":\"ListItem\",\"position\":2,\"name\":\"pood\",\"item\":\"https:\\\/\\\/magnetarmagnets.com\\\/et\\\/pood\\\/\"},{\"@type\":\"ListItem\",\"position\":3,\"name\":\"Otsingumagnetid\",\"item\":\"https:\\\/\\\/magnetarmagnets.com\\\/et\\\/collections\\\/otsingumagnetid\\\/\"},{\"@type\":\"ListItem\",\"position\":4,\"name\":\"Blokk 360 otsingumagnetid\",\"item\":\"https:\\\/\\\/magnetarmagnets.com\\\/et\\\/collections\\\/otsingumagnetid\\\/blokk-360-otsingumagnetid\\\/\"},{\"@type\":\"ListItem\",\"position\":5,\"name\":\"MEGACUBE\u2122 otsingumagneti komplekt \u2013 2700 kg \u2013 360\u00b0 plokkmagnet\"}]},{\"@type\":\"WebSite\",\"@id\":\"https:\\\/\\\/magnetarmagnets.com\\\/et\\\/#website\",\"url\":\"https:\\\/\\\/magnetarmagnets.com\\\/et\\\/\",\"name\":\"Magnet fishing with a Magnetar fishing magnet\",\"description\":\"Tugevad magnetid magnetp\u00fc\u00fcgiks\",\"publisher\":{\"@id\":\"https:\\\/\\\/magnetarmagnets.com\\\/et\\\/#organization\"},\"potentialAction\":[{\"@type\":\"SearchAction\",\"target\":{\"@type\":\"EntryPoint\",\"urlTemplate\":\"https:\\\/\\\/magnetarmagnets.com\\\/et\\\/?s={search_term_string}\"},\"query-input\":{\"@type\":\"PropertyValueSpecification\",\"valueRequired\":true,\"valueName\":\"search_term_string\"}}],\"inLanguage\":\"et\"},{\"@type\":\"Organization\",\"@id\":\"https:\\\/\\\/magnetarmagnets.com\\\/et\\\/#organization\",\"name\":\"Magnetar\",\"url\":\"https:\\\/\\\/magnetarmagnets.com\\\/et\\\/\",\"logo\":{\"@type\":\"ImageObject\",\"inLanguage\":\"et\",\"@id\":\"https:\\\/\\\/magnetarmagnets.com\\\/et\\\/#\\\/schema\\\/logo\\\/image\\\/\",\"url\":\"https:\\\/\\\/magnetarmagnets.com\\\/wp-content\\\/uploads\\\/2025\\\/05\\\/Logo-03_PNG-Black-scaled.png\",\"contentUrl\":\"https:\\\/\\\/magnetarmagnets.com\\\/wp-content\\\/uploads\\\/2025\\\/05\\\/Logo-03_PNG-Black-scaled.png\",\"width\":2560,\"height\":1658,\"caption\":\"Magnetar\"},\"image\":{\"@id\":\"https:\\\/\\\/magnetarmagnets.com\\\/et\\\/#\\\/schema\\\/logo\\\/image\\\/\"},\"sameAs\":[\"https:\\\/\\\/www.facebook.com\\\/fishingmagnets\\\/\",\"https:\\\/\\\/www.instagram.com\\\/magnetar_magnets\\\/\",\"https:\\\/\\\/www.linkedin.com\\\/company\\\/magnetarbv\\\/?originalSubdomain=nl\",\"https:\\\/\\\/www.youtube.com\\\/c\\\/MagnetarVismagneet\"]}]}<\/script>\n<!-- \/ Yoast SEO plugin. -->","yoast_head_json":{"title":"MEGACUBE\u2122 komplekt - 6000 lb \/ 2700 kg - 360\u00b0 plokkmagnet - Magnet fishing with a Magnetar fishing magnet","description":"MEGACUBE\u2122 on maailma tugevaim magnetp\u00fc\u00fcgimagnet. See kuubik on pakendatud valmis komplektiks. Parim valik magnetp\u00fc\u00fcgiks.","robots":{"index":"index","follow":"follow","max-snippet":"max-snippet:-1","max-image-preview":"max-image-preview:large","max-video-preview":"max-video-preview:-1"},"canonical":"https:\/\/magnetarmagnets.com\/et\/shop\/megacube-kalapuugimagneti-komplekt-2700-kg-360-plokkmagnet\/","og_locale":"et_EE","og_type":"article","og_title":"MEGACUBE\u2122 komplekt - 6000 lb \/ 2700 kg - 360\u00b0 plokkmagnet - Magnet fishing with a Magnetar fishing magnet","og_description":"MEGACUBE\u2122 on maailma tugevaim magnetp\u00fc\u00fcgimagnet. See kuubik on pakendatud valmis komplektiks. Parim valik magnetp\u00fc\u00fcgiks.","og_url":"https:\/\/magnetarmagnets.com\/et\/shop\/megacube-kalapuugimagneti-komplekt-2700-kg-360-plokkmagnet\/","og_site_name":"Magnet fishing with a Magnetar fishing magnet","article_publisher":"https:\/\/www.facebook.com\/fishingmagnets\/","article_modified_time":"2026-04-17T22:42:29+00:00","og_image":[{"width":1500,"height":1500,"url":"https:\/\/magnetarmagnets.com\/wp-content\/uploads\/2024\/04\/3.png","type":"image\/png"}],"twitter_card":"summary_large_image","twitter_misc":{"Est. reading time":"2 minutit"},"schema":{"@context":"https:\/\/schema.org","@graph":[{"@type":["WebPage","ItemPage"],"@id":"https:\/\/magnetarmagnets.com\/et\/shop\/megacube-kalapuugimagneti-komplekt-2700-kg-360-plokkmagnet\/","url":"https:\/\/magnetarmagnets.com\/et\/shop\/megacube-kalapuugimagneti-komplekt-2700-kg-360-plokkmagnet\/","name":"MEGACUBE\u2122 komplekt - 6000 lb \/ 2700 kg - 360\u00b0 plokkmagnet - Magnet fishing with a Magnetar fishing magnet","isPartOf":{"@id":"https:\/\/magnetarmagnets.com\/et\/#website"},"primaryImageOfPage":{"@id":"https:\/\/magnetarmagnets.com\/et\/shop\/megacube-kalapuugimagneti-komplekt-2700-kg-360-plokkmagnet\/#primaryimage"},"image":{"@id":"https:\/\/magnetarmagnets.com\/et\/shop\/megacube-kalapuugimagneti-komplekt-2700-kg-360-plokkmagnet\/#primaryimage"},"thumbnailUrl":"https:\/\/magnetarmagnets.com\/wp-content\/uploads\/2024\/04\/3.png","datePublished":"2025-06-05T07:53:03+00:00","dateModified":"2026-04-17T22:42:29+00:00","description":"MEGACUBE\u2122 on maailma tugevaim magnetp\u00fc\u00fcgimagnet. See kuubik on pakendatud valmis komplektiks. Parim valik magnetp\u00fc\u00fcgiks.","breadcrumb":{"@id":"https:\/\/magnetarmagnets.com\/et\/shop\/megacube-kalapuugimagneti-komplekt-2700-kg-360-plokkmagnet\/#breadcrumb"},"inLanguage":"et","potentialAction":[{"@type":"ReadAction","target":["https:\/\/magnetarmagnets.com\/et\/shop\/megacube-kalapuugimagneti-komplekt-2700-kg-360-plokkmagnet\/"]}]},{"@type":"ImageObject","inLanguage":"et","@id":"https:\/\/magnetarmagnets.com\/et\/shop\/megacube-kalapuugimagneti-komplekt-2700-kg-360-plokkmagnet\/#primaryimage","url":"https:\/\/magnetarmagnets.com\/wp-content\/uploads\/2024\/04\/3.png","contentUrl":"https:\/\/magnetarmagnets.com\/wp-content\/uploads\/2024\/04\/3.png","width":1500,"height":1500,"caption":"MEGACUBE KIT"},{"@type":"BreadcrumbList","@id":"https:\/\/magnetarmagnets.com\/et\/shop\/megacube-kalapuugimagneti-komplekt-2700-kg-360-plokkmagnet\/#breadcrumb","itemListElement":[{"@type":"ListItem","position":1,"name":"Home","item":"https:\/\/magnetarmagnets.com\/et\/"},{"@type":"ListItem","position":2,"name":"pood","item":"https:\/\/magnetarmagnets.com\/et\/pood\/"},{"@type":"ListItem","position":3,"name":"Otsingumagnetid","item":"https:\/\/magnetarmagnets.com\/et\/collections\/otsingumagnetid\/"},{"@type":"ListItem","position":4,"name":"Blokk 360 otsingumagnetid","item":"https:\/\/magnetarmagnets.com\/et\/collections\/otsingumagnetid\/blokk-360-otsingumagnetid\/"},{"@type":"ListItem","position":5,"name":"MEGACUBE\u2122 otsingumagneti komplekt \u2013 2700 kg \u2013 360\u00b0 plokkmagnet"}]},{"@type":"WebSite","@id":"https:\/\/magnetarmagnets.com\/et\/#website","url":"https:\/\/magnetarmagnets.com\/et\/","name":"Magnet fishing with a Magnetar fishing magnet","description":"Tugevad magnetid magnetp\u00fc\u00fcgiks","publisher":{"@id":"https:\/\/magnetarmagnets.com\/et\/#organization"},"potentialAction":[{"@type":"SearchAction","target":{"@type":"EntryPoint","urlTemplate":"https:\/\/magnetarmagnets.com\/et\/?s={search_term_string}"},"query-input":{"@type":"PropertyValueSpecification","valueRequired":true,"valueName":"search_term_string"}}],"inLanguage":"et"},{"@type":"Organization","@id":"https:\/\/magnetarmagnets.com\/et\/#organization","name":"Magnetar","url":"https:\/\/magnetarmagnets.com\/et\/","logo":{"@type":"ImageObject","inLanguage":"et","@id":"https:\/\/magnetarmagnets.com\/et\/#\/schema\/logo\/image\/","url":"https:\/\/magnetarmagnets.com\/wp-content\/uploads\/2025\/05\/Logo-03_PNG-Black-scaled.png","contentUrl":"https:\/\/magnetarmagnets.com\/wp-content\/uploads\/2025\/05\/Logo-03_PNG-Black-scaled.png","width":2560,"height":1658,"caption":"Magnetar"},"image":{"@id":"https:\/\/magnetarmagnets.com\/et\/#\/schema\/logo\/image\/"},"sameAs":["https:\/\/www.facebook.com\/fishingmagnets\/","https:\/\/www.instagram.com\/magnetar_magnets\/","https:\/\/www.linkedin.com\/company\/magnetarbv\/?originalSubdomain=nl","https:\/\/www.youtube.com\/c\/MagnetarVismagneet"]}]}},"_links":{"self":[{"href":"https:\/\/magnetarmagnets.com\/et\/wp-json\/wp\/v2\/product\/81671","targetHints":{"allow":["GET"]}}],"collection":[{"href":"https:\/\/magnetarmagnets.com\/et\/wp-json\/wp\/v2\/product"}],"about":[{"href":"https:\/\/magnetarmagnets.com\/et\/wp-json\/wp\/v2\/types\/product"}],"replies":[{"embeddable":true,"href":"https:\/\/magnetarmagnets.com\/et\/wp-json\/wp\/v2\/comments?post=81671"}],"version-history":[{"count":0,"href":"https:\/\/magnetarmagnets.com\/et\/wp-json\/wp\/v2\/product\/81671\/revisions"}],"wp:featuredmedia":[{"embeddable":true,"href":"https:\/\/magnetarmagnets.com\/et\/wp-json\/wp\/v2\/media\/74199"}],"wp:attachment":[{"href":"https:\/\/magnetarmagnets.com\/et\/wp-json\/wp\/v2\/media?parent=81671"}],"wp:term":[{"taxonomy":"product_brand","embeddable":true,"href":"https:\/\/magnetarmagnets.com\/et\/wp-json\/wp\/v2\/product_brand?post=81671"},{"taxonomy":"product_cat","embeddable":true,"href":"https:\/\/magnetarmagnets.com\/et\/wp-json\/wp\/v2\/product_cat?post=81671"},{"taxonomy":"product_tag","embeddable":true,"href":"https:\/\/magnetarmagnets.com\/et\/wp-json\/wp\/v2\/product_tag?post=81671"}],"curies":[{"name":"wp","href":"https:\/\/api.w.org\/{rel}","templated":true}]}}