{"id":81670,"date":"2025-06-05T09:53:03","date_gmt":"2025-06-05T07:53:03","guid":{"rendered":"https:\/\/magnetarmagnets.com\/?post_type=product&#038;p=81670"},"modified":"2026-04-22T06:18:32","modified_gmt":"2026-04-22T04:18:32","slug":"cube-komplekt-1350-kg-360-plokkmagnet","status":"publish","type":"product","link":"https:\/\/magnetarmagnets.com\/et\/shop\/cube-komplekt-1350-kg-360-plokkmagnet\/","title":{"rendered":"CUBE\u2122 neod\u00fc\u00fcmmagneti magnetp\u00fc\u00fcgikomplekt &#8211; 1350 kg &#8211; 360\u00b0 plokkmagnet"},"content":{"rendered":"The CUBE\u2122 on \u00fcks maailma <strong>tugevamaid magnetp\u00fc\u00fcgimagneteid<\/strong>. T\u00e4nu kuuele v\u00f5imsale magnetkontaktpinnale on sul <strong>suurimad v\u00f5imalused saagiks<\/strong>. Meie plokkmagnet on suurep\u00e4rane valik professionaalsele magnetp\u00fc\u00fcdjale. Tahad veelgi rohkem j\u00f5udu? Vaata siis <a href=\"https:\/\/magnetarmagnets.com\/et\/shop\/megacube-kalapuugimagneti-komplekt-2700-kg-360-plokkmagnet\/\">MEGACUBE\u2122<\/a>.\r\n<h2>Miks valida CUBE\u2122?<\/h2>\r\nTurul on rohkelt tugevaid magnetp\u00fc\u00fcgimagneteid. Miks valida CUBE\u2122 \u00fchepoolse, kahepoolsese v\u00f5i \u00fcmara magnetp\u00fc\u00fcgimagneti asemel?\r\n<ul>\r\n \t<li><strong>Suurimad v\u00f5imalused saagiks<\/strong>: CUBE\u2122 on magnetiline k\u00f5igil kuuel k\u00fcljel, tagades m\u00e4rkimisv\u00e4\u00e4rselt suurema magnetv\u00e4lja kui tavaline \u00fcmarmagnet;<\/li>\r\n \t<li><strong>Disain<\/strong>: kuus sirget pinda pakuvad paremat haaret kui \u00fcmardatud magnetid, suurendades t\u00f5en\u00e4osust vee alt esemeid nagu seifid k\u00e4tte saada;<\/li>\r\n \t<li><strong>Kulumiskindel<\/strong>: erinevalt teistest neod\u00fc\u00fcmmagnetitest on see plokkmagnet 100% kaitstud ja s\u00e4ilitab t\u00e4ieliku t\u00f5mbej\u00f5u;<\/li>\r\n \t<li><strong>Suur t\u00f5mbeaeg<\/strong>: t\u00f5mbeulatus on muljetavaldavad 17 cm, oluliselt rohkem kui teistel magnetp\u00fc\u00fcgimagnetitel;<\/li>\r\n \t<li><strong>Kasutusvalmis<\/strong>: t\u00e4ielikult monteeritud, liimitud ja kinnitatud; CUBE\u2122 on koheselt kasutamiseks valmis;<\/li>\r\n \t<li><strong>T\u00e4iskomplekt<\/strong>: CUBE\u2122 tarnitakse tugevas kohvris koos 8 mm k\u00f6ie ja kindastega.<\/li>\r\n<\/ul>","protected":false},"excerpt":{"rendered":"<p>Avasta revolutsiooniline CUBE\u2122. See <strong>plokkmagnet<\/strong> on \u00fcks maailma <strong>tugevamaid magnetp\u00fc\u00fcgimagneteid<\/strong> ja tarnitakse <strong>t\u00e4ispaketis<\/strong> professionaalse kohvri, k\u00f6ie ja kinnastega.<\/p>\n","protected":false},"featured_media":74203,"comment_status":"open","ping_status":"closed","template":"","meta":{"_acf_changed":false,"inline_featured_image":false},"product_brand":[],"product_cat":[702,94,706,698,93,701],"product_tag":[],"class_list":{"0":"post-81670","1":"product","2":"type-product","3":"status-publish","4":"has-post-thumbnail","6":"product_cat-block-magnets","7":"product_cat-beginners","8":"product_cat-magnet-fishing-kit","9":"product_cat-fishing-magnets","10":"product_cat-advanced","11":"product_cat-strongest-fishing-magnets","13":"first","14":"instock","15":"taxable","16":"shipping-taxable","17":"purchasable","18":"product-type-simple"},"acf":[],"yoast_head":"<!-- This site is optimized with the Yoast SEO plugin v27.4 - https:\/\/yoast.com\/product\/yoast-seo-wordpress\/ -->\n<title>CUBE\u2122 neod\u00fc\u00fcmmagneti magnetp\u00fc\u00fcgikomplekt - 1350 kg - 360\u00b0 plokkmagnet - Magnet fishing with a Magnetar fishing magnet<\/title>\n<meta name=\"description\" content=\"CUBE\u2122 on \u00fcks maailma tugevamaid magnetp\u00fc\u00fcgimagneteid. See plokkmagnet tarnitakse komplektina. Parim valik magnetp\u00fc\u00fcgiks.\" \/>\n<meta name=\"robots\" content=\"index, follow, max-snippet:-1, max-image-preview:large, max-video-preview:-1\" \/>\n<link rel=\"canonical\" href=\"https:\/\/magnetarmagnets.com\/et\/shop\/cube-komplekt-1350-kg-360-plokkmagnet\/\" \/>\n<meta property=\"og:locale\" content=\"et_EE\" \/>\n<meta property=\"og:type\" content=\"article\" \/>\n<meta property=\"og:title\" content=\"CUBE\u2122 neod\u00fc\u00fcmmagneti magnetp\u00fc\u00fcgikomplekt - 1350 kg - 360\u00b0 plokkmagnet - Magnet fishing with a Magnetar fishing magnet\" \/>\n<meta property=\"og:description\" content=\"CUBE\u2122 on \u00fcks maailma tugevamaid magnetp\u00fc\u00fcgimagneteid. See plokkmagnet tarnitakse komplektina. Parim valik magnetp\u00fc\u00fcgiks.\" \/>\n<meta property=\"og:url\" content=\"https:\/\/magnetarmagnets.com\/et\/shop\/cube-komplekt-1350-kg-360-plokkmagnet\/\" \/>\n<meta property=\"og:site_name\" content=\"Magnet fishing with a Magnetar fishing magnet\" \/>\n<meta property=\"article:publisher\" content=\"https:\/\/www.facebook.com\/fishingmagnets\/\" \/>\n<meta property=\"article:modified_time\" content=\"2026-04-22T04:18:32+00:00\" \/>\n<meta property=\"og:image\" content=\"https:\/\/magnetarmagnets.com\/wp-content\/uploads\/2024\/04\/4.png\" \/>\n\t<meta property=\"og:image:width\" content=\"1500\" \/>\n\t<meta property=\"og:image:height\" content=\"1500\" \/>\n\t<meta property=\"og:image:type\" content=\"image\/png\" \/>\n<meta name=\"twitter:card\" content=\"summary_large_image\" \/>\n<meta name=\"twitter:label1\" content=\"Est. reading time\" \/>\n\t<meta name=\"twitter:data1\" content=\"1 minut\" \/>\n<script type=\"application\/ld+json\" class=\"yoast-schema-graph\">{\"@context\":\"https:\\\/\\\/schema.org\",\"@graph\":[{\"@type\":[\"WebPage\",\"ItemPage\"],\"@id\":\"https:\\\/\\\/magnetarmagnets.com\\\/et\\\/shop\\\/cube-komplekt-1350-kg-360-plokkmagnet\\\/\",\"url\":\"https:\\\/\\\/magnetarmagnets.com\\\/et\\\/shop\\\/cube-komplekt-1350-kg-360-plokkmagnet\\\/\",\"name\":\"CUBE\u2122 neod\u00fc\u00fcmmagneti magnetp\u00fc\u00fcgikomplekt - 1350 kg - 360\u00b0 plokkmagnet - Magnet fishing with a Magnetar fishing magnet\",\"isPartOf\":{\"@id\":\"https:\\\/\\\/magnetarmagnets.com\\\/et\\\/#website\"},\"primaryImageOfPage\":{\"@id\":\"https:\\\/\\\/magnetarmagnets.com\\\/et\\\/shop\\\/cube-komplekt-1350-kg-360-plokkmagnet\\\/#primaryimage\"},\"image\":{\"@id\":\"https:\\\/\\\/magnetarmagnets.com\\\/et\\\/shop\\\/cube-komplekt-1350-kg-360-plokkmagnet\\\/#primaryimage\"},\"thumbnailUrl\":\"https:\\\/\\\/magnetarmagnets.com\\\/wp-content\\\/uploads\\\/2024\\\/04\\\/4.png\",\"datePublished\":\"2025-06-05T07:53:03+00:00\",\"dateModified\":\"2026-04-22T04:18:32+00:00\",\"description\":\"CUBE\u2122 on \u00fcks maailma tugevamaid magnetp\u00fc\u00fcgimagneteid. See plokkmagnet tarnitakse komplektina. Parim valik magnetp\u00fc\u00fcgiks.\",\"breadcrumb\":{\"@id\":\"https:\\\/\\\/magnetarmagnets.com\\\/et\\\/shop\\\/cube-komplekt-1350-kg-360-plokkmagnet\\\/#breadcrumb\"},\"inLanguage\":\"et\",\"potentialAction\":[{\"@type\":\"ReadAction\",\"target\":[\"https:\\\/\\\/magnetarmagnets.com\\\/et\\\/shop\\\/cube-komplekt-1350-kg-360-plokkmagnet\\\/\"]}]},{\"@type\":\"ImageObject\",\"inLanguage\":\"et\",\"@id\":\"https:\\\/\\\/magnetarmagnets.com\\\/et\\\/shop\\\/cube-komplekt-1350-kg-360-plokkmagnet\\\/#primaryimage\",\"url\":\"https:\\\/\\\/magnetarmagnets.com\\\/wp-content\\\/uploads\\\/2024\\\/04\\\/4.png\",\"contentUrl\":\"https:\\\/\\\/magnetarmagnets.com\\\/wp-content\\\/uploads\\\/2024\\\/04\\\/4.png\",\"width\":1500,\"height\":1500,\"caption\":\"CUBE KIT\"},{\"@type\":\"BreadcrumbList\",\"@id\":\"https:\\\/\\\/magnetarmagnets.com\\\/et\\\/shop\\\/cube-komplekt-1350-kg-360-plokkmagnet\\\/#breadcrumb\",\"itemListElement\":[{\"@type\":\"ListItem\",\"position\":1,\"name\":\"Home\",\"item\":\"https:\\\/\\\/magnetarmagnets.com\\\/et\\\/\"},{\"@type\":\"ListItem\",\"position\":2,\"name\":\"pood\",\"item\":\"https:\\\/\\\/magnetarmagnets.com\\\/et\\\/pood\\\/\"},{\"@type\":\"ListItem\",\"position\":3,\"name\":\"Otsingumagnetid\",\"item\":\"https:\\\/\\\/magnetarmagnets.com\\\/et\\\/collections\\\/otsingumagnetid\\\/\"},{\"@type\":\"ListItem\",\"position\":4,\"name\":\"Blokk 360 otsingumagnetid\",\"item\":\"https:\\\/\\\/magnetarmagnets.com\\\/et\\\/collections\\\/otsingumagnetid\\\/blokk-360-otsingumagnetid\\\/\"},{\"@type\":\"ListItem\",\"position\":5,\"name\":\"CUBE\u2122 neod\u00fc\u00fcmmagneti magnetp\u00fc\u00fcgikomplekt &#8211; 1350 kg &#8211; 360\u00b0 plokkmagnet\"}]},{\"@type\":\"WebSite\",\"@id\":\"https:\\\/\\\/magnetarmagnets.com\\\/et\\\/#website\",\"url\":\"https:\\\/\\\/magnetarmagnets.com\\\/et\\\/\",\"name\":\"Magnet fishing with a Magnetar fishing magnet\",\"description\":\"Tugevad magnetid magnetp\u00fc\u00fcgiks\",\"publisher\":{\"@id\":\"https:\\\/\\\/magnetarmagnets.com\\\/et\\\/#organization\"},\"potentialAction\":[{\"@type\":\"SearchAction\",\"target\":{\"@type\":\"EntryPoint\",\"urlTemplate\":\"https:\\\/\\\/magnetarmagnets.com\\\/et\\\/?s={search_term_string}\"},\"query-input\":{\"@type\":\"PropertyValueSpecification\",\"valueRequired\":true,\"valueName\":\"search_term_string\"}}],\"inLanguage\":\"et\"},{\"@type\":\"Organization\",\"@id\":\"https:\\\/\\\/magnetarmagnets.com\\\/et\\\/#organization\",\"name\":\"Magnetar\",\"url\":\"https:\\\/\\\/magnetarmagnets.com\\\/et\\\/\",\"logo\":{\"@type\":\"ImageObject\",\"inLanguage\":\"et\",\"@id\":\"https:\\\/\\\/magnetarmagnets.com\\\/et\\\/#\\\/schema\\\/logo\\\/image\\\/\",\"url\":\"https:\\\/\\\/magnetarmagnets.com\\\/wp-content\\\/uploads\\\/2025\\\/05\\\/Logo-03_PNG-Black-scaled.png\",\"contentUrl\":\"https:\\\/\\\/magnetarmagnets.com\\\/wp-content\\\/uploads\\\/2025\\\/05\\\/Logo-03_PNG-Black-scaled.png\",\"width\":2560,\"height\":1658,\"caption\":\"Magnetar\"},\"image\":{\"@id\":\"https:\\\/\\\/magnetarmagnets.com\\\/et\\\/#\\\/schema\\\/logo\\\/image\\\/\"},\"sameAs\":[\"https:\\\/\\\/www.facebook.com\\\/fishingmagnets\\\/\",\"https:\\\/\\\/www.instagram.com\\\/magnetar_magnets\\\/\",\"https:\\\/\\\/www.linkedin.com\\\/company\\\/magnetarbv\\\/?originalSubdomain=nl\",\"https:\\\/\\\/www.youtube.com\\\/c\\\/MagnetarVismagneet\"]}]}<\/script>\n<!-- \/ Yoast SEO plugin. -->","yoast_head_json":{"title":"CUBE\u2122 neod\u00fc\u00fcmmagneti magnetp\u00fc\u00fcgikomplekt - 1350 kg - 360\u00b0 plokkmagnet - Magnet fishing with a Magnetar fishing magnet","description":"CUBE\u2122 on \u00fcks maailma tugevamaid magnetp\u00fc\u00fcgimagneteid. See plokkmagnet tarnitakse komplektina. Parim valik magnetp\u00fc\u00fcgiks.","robots":{"index":"index","follow":"follow","max-snippet":"max-snippet:-1","max-image-preview":"max-image-preview:large","max-video-preview":"max-video-preview:-1"},"canonical":"https:\/\/magnetarmagnets.com\/et\/shop\/cube-komplekt-1350-kg-360-plokkmagnet\/","og_locale":"et_EE","og_type":"article","og_title":"CUBE\u2122 neod\u00fc\u00fcmmagneti magnetp\u00fc\u00fcgikomplekt - 1350 kg - 360\u00b0 plokkmagnet - Magnet fishing with a Magnetar fishing magnet","og_description":"CUBE\u2122 on \u00fcks maailma tugevamaid magnetp\u00fc\u00fcgimagneteid. See plokkmagnet tarnitakse komplektina. Parim valik magnetp\u00fc\u00fcgiks.","og_url":"https:\/\/magnetarmagnets.com\/et\/shop\/cube-komplekt-1350-kg-360-plokkmagnet\/","og_site_name":"Magnet fishing with a Magnetar fishing magnet","article_publisher":"https:\/\/www.facebook.com\/fishingmagnets\/","article_modified_time":"2026-04-22T04:18:32+00:00","og_image":[{"width":1500,"height":1500,"url":"https:\/\/magnetarmagnets.com\/wp-content\/uploads\/2024\/04\/4.png","type":"image\/png"}],"twitter_card":"summary_large_image","twitter_misc":{"Est. reading time":"1 minut"},"schema":{"@context":"https:\/\/schema.org","@graph":[{"@type":["WebPage","ItemPage"],"@id":"https:\/\/magnetarmagnets.com\/et\/shop\/cube-komplekt-1350-kg-360-plokkmagnet\/","url":"https:\/\/magnetarmagnets.com\/et\/shop\/cube-komplekt-1350-kg-360-plokkmagnet\/","name":"CUBE\u2122 neod\u00fc\u00fcmmagneti magnetp\u00fc\u00fcgikomplekt - 1350 kg - 360\u00b0 plokkmagnet - Magnet fishing with a Magnetar fishing magnet","isPartOf":{"@id":"https:\/\/magnetarmagnets.com\/et\/#website"},"primaryImageOfPage":{"@id":"https:\/\/magnetarmagnets.com\/et\/shop\/cube-komplekt-1350-kg-360-plokkmagnet\/#primaryimage"},"image":{"@id":"https:\/\/magnetarmagnets.com\/et\/shop\/cube-komplekt-1350-kg-360-plokkmagnet\/#primaryimage"},"thumbnailUrl":"https:\/\/magnetarmagnets.com\/wp-content\/uploads\/2024\/04\/4.png","datePublished":"2025-06-05T07:53:03+00:00","dateModified":"2026-04-22T04:18:32+00:00","description":"CUBE\u2122 on \u00fcks maailma tugevamaid magnetp\u00fc\u00fcgimagneteid. See plokkmagnet tarnitakse komplektina. Parim valik magnetp\u00fc\u00fcgiks.","breadcrumb":{"@id":"https:\/\/magnetarmagnets.com\/et\/shop\/cube-komplekt-1350-kg-360-plokkmagnet\/#breadcrumb"},"inLanguage":"et","potentialAction":[{"@type":"ReadAction","target":["https:\/\/magnetarmagnets.com\/et\/shop\/cube-komplekt-1350-kg-360-plokkmagnet\/"]}]},{"@type":"ImageObject","inLanguage":"et","@id":"https:\/\/magnetarmagnets.com\/et\/shop\/cube-komplekt-1350-kg-360-plokkmagnet\/#primaryimage","url":"https:\/\/magnetarmagnets.com\/wp-content\/uploads\/2024\/04\/4.png","contentUrl":"https:\/\/magnetarmagnets.com\/wp-content\/uploads\/2024\/04\/4.png","width":1500,"height":1500,"caption":"CUBE KIT"},{"@type":"BreadcrumbList","@id":"https:\/\/magnetarmagnets.com\/et\/shop\/cube-komplekt-1350-kg-360-plokkmagnet\/#breadcrumb","itemListElement":[{"@type":"ListItem","position":1,"name":"Home","item":"https:\/\/magnetarmagnets.com\/et\/"},{"@type":"ListItem","position":2,"name":"pood","item":"https:\/\/magnetarmagnets.com\/et\/pood\/"},{"@type":"ListItem","position":3,"name":"Otsingumagnetid","item":"https:\/\/magnetarmagnets.com\/et\/collections\/otsingumagnetid\/"},{"@type":"ListItem","position":4,"name":"Blokk 360 otsingumagnetid","item":"https:\/\/magnetarmagnets.com\/et\/collections\/otsingumagnetid\/blokk-360-otsingumagnetid\/"},{"@type":"ListItem","position":5,"name":"CUBE\u2122 neod\u00fc\u00fcmmagneti magnetp\u00fc\u00fcgikomplekt &#8211; 1350 kg &#8211; 360\u00b0 plokkmagnet"}]},{"@type":"WebSite","@id":"https:\/\/magnetarmagnets.com\/et\/#website","url":"https:\/\/magnetarmagnets.com\/et\/","name":"Magnet fishing with a Magnetar fishing magnet","description":"Tugevad magnetid magnetp\u00fc\u00fcgiks","publisher":{"@id":"https:\/\/magnetarmagnets.com\/et\/#organization"},"potentialAction":[{"@type":"SearchAction","target":{"@type":"EntryPoint","urlTemplate":"https:\/\/magnetarmagnets.com\/et\/?s={search_term_string}"},"query-input":{"@type":"PropertyValueSpecification","valueRequired":true,"valueName":"search_term_string"}}],"inLanguage":"et"},{"@type":"Organization","@id":"https:\/\/magnetarmagnets.com\/et\/#organization","name":"Magnetar","url":"https:\/\/magnetarmagnets.com\/et\/","logo":{"@type":"ImageObject","inLanguage":"et","@id":"https:\/\/magnetarmagnets.com\/et\/#\/schema\/logo\/image\/","url":"https:\/\/magnetarmagnets.com\/wp-content\/uploads\/2025\/05\/Logo-03_PNG-Black-scaled.png","contentUrl":"https:\/\/magnetarmagnets.com\/wp-content\/uploads\/2025\/05\/Logo-03_PNG-Black-scaled.png","width":2560,"height":1658,"caption":"Magnetar"},"image":{"@id":"https:\/\/magnetarmagnets.com\/et\/#\/schema\/logo\/image\/"},"sameAs":["https:\/\/www.facebook.com\/fishingmagnets\/","https:\/\/www.instagram.com\/magnetar_magnets\/","https:\/\/www.linkedin.com\/company\/magnetarbv\/?originalSubdomain=nl","https:\/\/www.youtube.com\/c\/MagnetarVismagneet"]}]}},"_links":{"self":[{"href":"https:\/\/magnetarmagnets.com\/et\/wp-json\/wp\/v2\/product\/81670","targetHints":{"allow":["GET"]}}],"collection":[{"href":"https:\/\/magnetarmagnets.com\/et\/wp-json\/wp\/v2\/product"}],"about":[{"href":"https:\/\/magnetarmagnets.com\/et\/wp-json\/wp\/v2\/types\/product"}],"replies":[{"embeddable":true,"href":"https:\/\/magnetarmagnets.com\/et\/wp-json\/wp\/v2\/comments?post=81670"}],"version-history":[{"count":1,"href":"https:\/\/magnetarmagnets.com\/et\/wp-json\/wp\/v2\/product\/81670\/revisions"}],"predecessor-version":[{"id":95178,"href":"https:\/\/magnetarmagnets.com\/et\/wp-json\/wp\/v2\/product\/81670\/revisions\/95178"}],"wp:featuredmedia":[{"embeddable":true,"href":"https:\/\/magnetarmagnets.com\/et\/wp-json\/wp\/v2\/media\/74203"}],"wp:attachment":[{"href":"https:\/\/magnetarmagnets.com\/et\/wp-json\/wp\/v2\/media?parent=81670"}],"wp:term":[{"taxonomy":"product_brand","embeddable":true,"href":"https:\/\/magnetarmagnets.com\/et\/wp-json\/wp\/v2\/product_brand?post=81670"},{"taxonomy":"product_cat","embeddable":true,"href":"https:\/\/magnetarmagnets.com\/et\/wp-json\/wp\/v2\/product_cat?post=81670"},{"taxonomy":"product_tag","embeddable":true,"href":"https:\/\/magnetarmagnets.com\/et\/wp-json\/wp\/v2\/product_tag?post=81670"}],"curies":[{"name":"wp","href":"https:\/\/api.w.org\/{rel}","templated":true}]}}