{"id":81653,"date":"2025-06-05T09:53:04","date_gmt":"2025-06-05T07:53:04","guid":{"rendered":"https:\/\/magnetarmagnets.com\/?post_type=product&#038;p=81653"},"modified":"2026-04-03T06:01:15","modified_gmt":"2026-04-03T04:01:15","slug":"keevitusmagnetite-komplekt","status":"publish","type":"product","link":"https:\/\/magnetarmagnets.com\/et\/shop\/keevitusmagnetite-komplekt\/","title":{"rendered":"Keevitusmagneetide komplekt \u2013 tugevad p\u00fcsimagnetid"},"content":{"rendered":"Kas oled keevitaja, kes otsib t\u00f6\u00f6riistu? Siis oled Magnetaris \u00f5iges kohas. Keevitusnurga komplekt sisaldab kuut tugevat p\u00fcsimagnetit, mis aitavad hoida metallist esemeid paigal. See muudab sinu t\u00f6\u00f6 palju lihtsamaks, nii et saad keskenduda sellele, milles oled t\u00f5eliselt osav \u2013 keevitamisele!\n\n<h2>T\u00e4ielik keevitusmagneetide komplekt<\/h2>\n\nKeevitamisel v\u00f5ib olla v\u00e4ljakutseks metallist esemeid paigal hoida. \u00d5nneks on selleks lahendus. Magnetari keevitusnurga komplekt sisaldab kuut magnetit erinevates kujudes, mis v\u00f5imaldavad t\u00f5husalt erinevaid \u00fclesandeid t\u00e4ita. Mugav, eks?\n\n\n\nKomplekti kuuluvad keevitusmagneedid hoiavad metallist esemeid erinevatel nurkadel. T\u00e4nu tugedatele p\u00fcsimagnetitele saad keevitada metalli 30\u00b0, 45\u00b0, 60\u00b0, 75\u00b0, 90\u00b0 ja 135\u00b0 nurkadel probleemideta.","protected":false},"excerpt":{"rendered":"<p>See keevitusmagneetide komplekt muudab keevitaja t\u00f6\u00f6 palju lihtsamaks. Komplektis on kuus p\u00fcsimagnetit, mis v\u00f5imaldavad keevitada erinevatel nurkadel.<\/p>\n","protected":false},"featured_media":73451,"comment_status":"open","ping_status":"closed","template":"","meta":{"_acf_changed":false,"inline_featured_image":false},"product_brand":[],"product_cat":[418,420,422],"product_tag":[],"class_list":{"0":"post-81653","1":"product","2":"type-product","3":"status-publish","4":"has-post-thumbnail","6":"product_cat-magnetilised-tarvikud","7":"product_cat-muu","8":"product_cat-varustus","10":"first","11":"instock","12":"taxable","13":"shipping-taxable","14":"purchasable","15":"product-type-simple"},"acf":[],"yoast_head":"<!-- This site is optimized with the Yoast SEO plugin v27.4 - https:\/\/yoast.com\/product\/yoast-seo-wordpress\/ -->\n<title>Keevitusmagneetide komplekt \u2013 tugevad p\u00fcsimagnetid - Magnet fishing with a Magnetar fishing magnet<\/title>\n<meta name=\"description\" content=\"Keevitusmagneetide komplekt \u2013 praktilised t\u00f6\u00f6riistad Magnetarilt\" \/>\n<meta name=\"robots\" content=\"index, follow, max-snippet:-1, max-image-preview:large, max-video-preview:-1\" \/>\n<link rel=\"canonical\" href=\"https:\/\/magnetarmagnets.com\/et\/shop\/keevitusmagnetite-komplekt\/\" \/>\n<meta property=\"og:locale\" content=\"et_EE\" \/>\n<meta property=\"og:type\" content=\"article\" \/>\n<meta property=\"og:title\" content=\"Keevitusmagneetide komplekt \u2013 tugevad p\u00fcsimagnetid - Magnet fishing with a Magnetar fishing magnet\" \/>\n<meta property=\"og:description\" content=\"Keevitusmagneetide komplekt \u2013 praktilised t\u00f6\u00f6riistad Magnetarilt\" \/>\n<meta property=\"og:url\" content=\"https:\/\/magnetarmagnets.com\/et\/shop\/keevitusmagnetite-komplekt\/\" \/>\n<meta property=\"og:site_name\" content=\"Magnet fishing with a Magnetar fishing magnet\" \/>\n<meta property=\"article:publisher\" content=\"https:\/\/www.facebook.com\/fishingmagnets\/\" \/>\n<meta property=\"article:modified_time\" content=\"2026-04-03T04:01:15+00:00\" \/>\n<meta property=\"og:image\" content=\"https:\/\/magnetarmagnets.com\/wp-content\/uploads\/2023\/09\/JNF-Magnetar-Bedrijfsfotografie-01-09-2023-Foto-0279.jpg\" \/>\n\t<meta property=\"og:image:width\" content=\"1000\" \/>\n\t<meta property=\"og:image:height\" content=\"1000\" \/>\n\t<meta property=\"og:image:type\" content=\"image\/jpeg\" \/>\n<meta name=\"twitter:card\" content=\"summary_large_image\" \/>\n<meta name=\"twitter:label1\" content=\"Est. reading time\" \/>\n\t<meta name=\"twitter:data1\" content=\"1 minut\" \/>\n<script type=\"application\/ld+json\" class=\"yoast-schema-graph\">{\"@context\":\"https:\\\/\\\/schema.org\",\"@graph\":[{\"@type\":[\"WebPage\",\"ItemPage\"],\"@id\":\"https:\\\/\\\/magnetarmagnets.com\\\/et\\\/shop\\\/keevitusmagnetite-komplekt\\\/\",\"url\":\"https:\\\/\\\/magnetarmagnets.com\\\/et\\\/shop\\\/keevitusmagnetite-komplekt\\\/\",\"name\":\"Keevitusmagneetide komplekt \u2013 tugevad p\u00fcsimagnetid - Magnet fishing with a Magnetar fishing magnet\",\"isPartOf\":{\"@id\":\"https:\\\/\\\/magnetarmagnets.com\\\/et\\\/#website\"},\"primaryImageOfPage\":{\"@id\":\"https:\\\/\\\/magnetarmagnets.com\\\/et\\\/shop\\\/keevitusmagnetite-komplekt\\\/#primaryimage\"},\"image\":{\"@id\":\"https:\\\/\\\/magnetarmagnets.com\\\/et\\\/shop\\\/keevitusmagnetite-komplekt\\\/#primaryimage\"},\"thumbnailUrl\":\"https:\\\/\\\/magnetarmagnets.com\\\/wp-content\\\/uploads\\\/2023\\\/09\\\/JNF-Magnetar-Bedrijfsfotografie-01-09-2023-Foto-0279.jpg\",\"datePublished\":\"2025-06-05T07:53:04+00:00\",\"dateModified\":\"2026-04-03T04:01:15+00:00\",\"description\":\"Keevitusmagneetide komplekt \u2013 praktilised t\u00f6\u00f6riistad Magnetarilt\",\"breadcrumb\":{\"@id\":\"https:\\\/\\\/magnetarmagnets.com\\\/et\\\/shop\\\/keevitusmagnetite-komplekt\\\/#breadcrumb\"},\"inLanguage\":\"et\",\"potentialAction\":[{\"@type\":\"ReadAction\",\"target\":[\"https:\\\/\\\/magnetarmagnets.com\\\/et\\\/shop\\\/keevitusmagnetite-komplekt\\\/\"]}]},{\"@type\":\"ImageObject\",\"inLanguage\":\"et\",\"@id\":\"https:\\\/\\\/magnetarmagnets.com\\\/et\\\/shop\\\/keevitusmagnetite-komplekt\\\/#primaryimage\",\"url\":\"https:\\\/\\\/magnetarmagnets.com\\\/wp-content\\\/uploads\\\/2023\\\/09\\\/JNF-Magnetar-Bedrijfsfotografie-01-09-2023-Foto-0279.jpg\",\"contentUrl\":\"https:\\\/\\\/magnetarmagnets.com\\\/wp-content\\\/uploads\\\/2023\\\/09\\\/JNF-Magnetar-Bedrijfsfotografie-01-09-2023-Foto-0279.jpg\",\"width\":1000,\"height\":1000,\"caption\":\"This welding angle set from Magnetar helps you with welding.\"},{\"@type\":\"BreadcrumbList\",\"@id\":\"https:\\\/\\\/magnetarmagnets.com\\\/et\\\/shop\\\/keevitusmagnetite-komplekt\\\/#breadcrumb\",\"itemListElement\":[{\"@type\":\"ListItem\",\"position\":1,\"name\":\"Home\",\"item\":\"https:\\\/\\\/magnetarmagnets.com\\\/et\\\/\"},{\"@type\":\"ListItem\",\"position\":2,\"name\":\"pood\",\"item\":\"https:\\\/\\\/magnetarmagnets.com\\\/et\\\/pood\\\/\"},{\"@type\":\"ListItem\",\"position\":3,\"name\":\"Varustus\",\"item\":\"https:\\\/\\\/magnetarmagnets.com\\\/et\\\/collections\\\/varustus\\\/\"},{\"@type\":\"ListItem\",\"position\":4,\"name\":\"Magnetilised tarvikud\",\"item\":\"https:\\\/\\\/magnetarmagnets.com\\\/et\\\/collections\\\/varustus\\\/magnetilised-tarvikud\\\/\"},{\"@type\":\"ListItem\",\"position\":5,\"name\":\"Keevitusmagneetide komplekt \u2013 tugevad p\u00fcsimagnetid\"}]},{\"@type\":\"WebSite\",\"@id\":\"https:\\\/\\\/magnetarmagnets.com\\\/et\\\/#website\",\"url\":\"https:\\\/\\\/magnetarmagnets.com\\\/et\\\/\",\"name\":\"Magnet fishing with a Magnetar fishing magnet\",\"description\":\"Tugevad magnetid magnetp\u00fc\u00fcgiks\",\"publisher\":{\"@id\":\"https:\\\/\\\/magnetarmagnets.com\\\/et\\\/#organization\"},\"potentialAction\":[{\"@type\":\"SearchAction\",\"target\":{\"@type\":\"EntryPoint\",\"urlTemplate\":\"https:\\\/\\\/magnetarmagnets.com\\\/et\\\/?s={search_term_string}\"},\"query-input\":{\"@type\":\"PropertyValueSpecification\",\"valueRequired\":true,\"valueName\":\"search_term_string\"}}],\"inLanguage\":\"et\"},{\"@type\":\"Organization\",\"@id\":\"https:\\\/\\\/magnetarmagnets.com\\\/et\\\/#organization\",\"name\":\"Magnetar\",\"url\":\"https:\\\/\\\/magnetarmagnets.com\\\/et\\\/\",\"logo\":{\"@type\":\"ImageObject\",\"inLanguage\":\"et\",\"@id\":\"https:\\\/\\\/magnetarmagnets.com\\\/et\\\/#\\\/schema\\\/logo\\\/image\\\/\",\"url\":\"https:\\\/\\\/magnetarmagnets.com\\\/wp-content\\\/uploads\\\/2025\\\/05\\\/Logo-03_PNG-Black-scaled.png\",\"contentUrl\":\"https:\\\/\\\/magnetarmagnets.com\\\/wp-content\\\/uploads\\\/2025\\\/05\\\/Logo-03_PNG-Black-scaled.png\",\"width\":2560,\"height\":1658,\"caption\":\"Magnetar\"},\"image\":{\"@id\":\"https:\\\/\\\/magnetarmagnets.com\\\/et\\\/#\\\/schema\\\/logo\\\/image\\\/\"},\"sameAs\":[\"https:\\\/\\\/www.facebook.com\\\/fishingmagnets\\\/\",\"https:\\\/\\\/www.instagram.com\\\/magnetar_magnets\\\/\",\"https:\\\/\\\/www.linkedin.com\\\/company\\\/magnetarbv\\\/?originalSubdomain=nl\",\"https:\\\/\\\/www.youtube.com\\\/c\\\/MagnetarVismagneet\"]}]}<\/script>\n<!-- \/ Yoast SEO plugin. -->","yoast_head_json":{"title":"Keevitusmagneetide komplekt \u2013 tugevad p\u00fcsimagnetid - Magnet fishing with a Magnetar fishing magnet","description":"Keevitusmagneetide komplekt \u2013 praktilised t\u00f6\u00f6riistad Magnetarilt","robots":{"index":"index","follow":"follow","max-snippet":"max-snippet:-1","max-image-preview":"max-image-preview:large","max-video-preview":"max-video-preview:-1"},"canonical":"https:\/\/magnetarmagnets.com\/et\/shop\/keevitusmagnetite-komplekt\/","og_locale":"et_EE","og_type":"article","og_title":"Keevitusmagneetide komplekt \u2013 tugevad p\u00fcsimagnetid - Magnet fishing with a Magnetar fishing magnet","og_description":"Keevitusmagneetide komplekt \u2013 praktilised t\u00f6\u00f6riistad Magnetarilt","og_url":"https:\/\/magnetarmagnets.com\/et\/shop\/keevitusmagnetite-komplekt\/","og_site_name":"Magnet fishing with a Magnetar fishing magnet","article_publisher":"https:\/\/www.facebook.com\/fishingmagnets\/","article_modified_time":"2026-04-03T04:01:15+00:00","og_image":[{"width":1000,"height":1000,"url":"https:\/\/magnetarmagnets.com\/wp-content\/uploads\/2023\/09\/JNF-Magnetar-Bedrijfsfotografie-01-09-2023-Foto-0279.jpg","type":"image\/jpeg"}],"twitter_card":"summary_large_image","twitter_misc":{"Est. reading time":"1 minut"},"schema":{"@context":"https:\/\/schema.org","@graph":[{"@type":["WebPage","ItemPage"],"@id":"https:\/\/magnetarmagnets.com\/et\/shop\/keevitusmagnetite-komplekt\/","url":"https:\/\/magnetarmagnets.com\/et\/shop\/keevitusmagnetite-komplekt\/","name":"Keevitusmagneetide komplekt \u2013 tugevad p\u00fcsimagnetid - Magnet fishing with a Magnetar fishing magnet","isPartOf":{"@id":"https:\/\/magnetarmagnets.com\/et\/#website"},"primaryImageOfPage":{"@id":"https:\/\/magnetarmagnets.com\/et\/shop\/keevitusmagnetite-komplekt\/#primaryimage"},"image":{"@id":"https:\/\/magnetarmagnets.com\/et\/shop\/keevitusmagnetite-komplekt\/#primaryimage"},"thumbnailUrl":"https:\/\/magnetarmagnets.com\/wp-content\/uploads\/2023\/09\/JNF-Magnetar-Bedrijfsfotografie-01-09-2023-Foto-0279.jpg","datePublished":"2025-06-05T07:53:04+00:00","dateModified":"2026-04-03T04:01:15+00:00","description":"Keevitusmagneetide komplekt \u2013 praktilised t\u00f6\u00f6riistad Magnetarilt","breadcrumb":{"@id":"https:\/\/magnetarmagnets.com\/et\/shop\/keevitusmagnetite-komplekt\/#breadcrumb"},"inLanguage":"et","potentialAction":[{"@type":"ReadAction","target":["https:\/\/magnetarmagnets.com\/et\/shop\/keevitusmagnetite-komplekt\/"]}]},{"@type":"ImageObject","inLanguage":"et","@id":"https:\/\/magnetarmagnets.com\/et\/shop\/keevitusmagnetite-komplekt\/#primaryimage","url":"https:\/\/magnetarmagnets.com\/wp-content\/uploads\/2023\/09\/JNF-Magnetar-Bedrijfsfotografie-01-09-2023-Foto-0279.jpg","contentUrl":"https:\/\/magnetarmagnets.com\/wp-content\/uploads\/2023\/09\/JNF-Magnetar-Bedrijfsfotografie-01-09-2023-Foto-0279.jpg","width":1000,"height":1000,"caption":"This welding angle set from Magnetar helps you with welding."},{"@type":"BreadcrumbList","@id":"https:\/\/magnetarmagnets.com\/et\/shop\/keevitusmagnetite-komplekt\/#breadcrumb","itemListElement":[{"@type":"ListItem","position":1,"name":"Home","item":"https:\/\/magnetarmagnets.com\/et\/"},{"@type":"ListItem","position":2,"name":"pood","item":"https:\/\/magnetarmagnets.com\/et\/pood\/"},{"@type":"ListItem","position":3,"name":"Varustus","item":"https:\/\/magnetarmagnets.com\/et\/collections\/varustus\/"},{"@type":"ListItem","position":4,"name":"Magnetilised tarvikud","item":"https:\/\/magnetarmagnets.com\/et\/collections\/varustus\/magnetilised-tarvikud\/"},{"@type":"ListItem","position":5,"name":"Keevitusmagneetide komplekt \u2013 tugevad p\u00fcsimagnetid"}]},{"@type":"WebSite","@id":"https:\/\/magnetarmagnets.com\/et\/#website","url":"https:\/\/magnetarmagnets.com\/et\/","name":"Magnet fishing with a Magnetar fishing magnet","description":"Tugevad magnetid magnetp\u00fc\u00fcgiks","publisher":{"@id":"https:\/\/magnetarmagnets.com\/et\/#organization"},"potentialAction":[{"@type":"SearchAction","target":{"@type":"EntryPoint","urlTemplate":"https:\/\/magnetarmagnets.com\/et\/?s={search_term_string}"},"query-input":{"@type":"PropertyValueSpecification","valueRequired":true,"valueName":"search_term_string"}}],"inLanguage":"et"},{"@type":"Organization","@id":"https:\/\/magnetarmagnets.com\/et\/#organization","name":"Magnetar","url":"https:\/\/magnetarmagnets.com\/et\/","logo":{"@type":"ImageObject","inLanguage":"et","@id":"https:\/\/magnetarmagnets.com\/et\/#\/schema\/logo\/image\/","url":"https:\/\/magnetarmagnets.com\/wp-content\/uploads\/2025\/05\/Logo-03_PNG-Black-scaled.png","contentUrl":"https:\/\/magnetarmagnets.com\/wp-content\/uploads\/2025\/05\/Logo-03_PNG-Black-scaled.png","width":2560,"height":1658,"caption":"Magnetar"},"image":{"@id":"https:\/\/magnetarmagnets.com\/et\/#\/schema\/logo\/image\/"},"sameAs":["https:\/\/www.facebook.com\/fishingmagnets\/","https:\/\/www.instagram.com\/magnetar_magnets\/","https:\/\/www.linkedin.com\/company\/magnetarbv\/?originalSubdomain=nl","https:\/\/www.youtube.com\/c\/MagnetarVismagneet"]}]}},"_links":{"self":[{"href":"https:\/\/magnetarmagnets.com\/et\/wp-json\/wp\/v2\/product\/81653","targetHints":{"allow":["GET"]}}],"collection":[{"href":"https:\/\/magnetarmagnets.com\/et\/wp-json\/wp\/v2\/product"}],"about":[{"href":"https:\/\/magnetarmagnets.com\/et\/wp-json\/wp\/v2\/types\/product"}],"replies":[{"embeddable":true,"href":"https:\/\/magnetarmagnets.com\/et\/wp-json\/wp\/v2\/comments?post=81653"}],"version-history":[{"count":1,"href":"https:\/\/magnetarmagnets.com\/et\/wp-json\/wp\/v2\/product\/81653\/revisions"}],"predecessor-version":[{"id":94503,"href":"https:\/\/magnetarmagnets.com\/et\/wp-json\/wp\/v2\/product\/81653\/revisions\/94503"}],"wp:featuredmedia":[{"embeddable":true,"href":"https:\/\/magnetarmagnets.com\/et\/wp-json\/wp\/v2\/media\/73451"}],"wp:attachment":[{"href":"https:\/\/magnetarmagnets.com\/et\/wp-json\/wp\/v2\/media?parent=81653"}],"wp:term":[{"taxonomy":"product_brand","embeddable":true,"href":"https:\/\/magnetarmagnets.com\/et\/wp-json\/wp\/v2\/product_brand?post=81653"},{"taxonomy":"product_cat","embeddable":true,"href":"https:\/\/magnetarmagnets.com\/et\/wp-json\/wp\/v2\/product_cat?post=81653"},{"taxonomy":"product_tag","embeddable":true,"href":"https:\/\/magnetarmagnets.com\/et\/wp-json\/wp\/v2\/product_tag?post=81653"}],"curies":[{"name":"wp","href":"https:\/\/api.w.org\/{rel}","templated":true}]}}