{"id":81652,"date":"2025-06-05T09:53:05","date_gmt":"2025-06-05T07:53:05","guid":{"rendered":"https:\/\/magnetarmagnets.com\/?post_type=product&#038;p=81652"},"modified":"2026-04-04T07:17:14","modified_gmt":"2026-04-04T05:17:14","slug":"grappling-hook-xxl","status":"publish","type":"product","link":"https:\/\/magnetarmagnets.com\/et\/shop\/grappling-hook-xxl\/","title":{"rendered":"Haak XXL magnetp\u00fc\u00fcgiks"},"content":{"rendered":"<h2><strong>Kas mul on magnetp\u00fc\u00fcgiks t\u00f5esti vaja haaki XXL?<\/strong><\/h2>\n\nMagnetp\u00fc\u00fcgiga v\u00f5ib teoreetiliselt hakkama saada ainult magneti ja usaldusv\u00e4\u00e4rse k\u00f6iega. Haaki XXL kasutamine ei ole kohustuslik, kuid soovitame seda p\u00fchendunud magnetp\u00fc\u00fcdjatele. Et t\u00f5sta k\u00f5ige p\u00f5nevamaid leide, vajab see sageli rohkem kui pelgalt magnetit. Kivid ja teised mittemagnetilised esemed v\u00f5ivad takistada soovitud eseme k\u00e4tte saamist. Sellistel juhtudel aitab haak olukorda lahendada.\n\n<h2><strong>Suurem haak<\/strong><\/h2>\n\nMagnetar paneb r\u00f5hku suurep\u00e4rasele kvaliteedile. Mitte ainult meie magnetp\u00fc\u00fcgimagnetid, vaid ka k\u00f5ik meie lisatarvikud, sh haagid, on tipptasemel. Haak XXL on eriti suur ja raske, tagades optimaalse t\u00f5hususe. Toode on 24 cm k\u00f5rge ja ligi 20 cm lai. Rohkem kui 600 g kaal tagab, et haak vajub kiirelt vee alla ja saavutab kindla haarde veealuste esemete vastu.\n\nHaak XXL on t\u00e4ielikult valmistatud roostevabast terasest, mis parandab vastupidavust. Lisaks tagab roostevaba teras, et haak ei ole ise magnetiline ja t\u00f6\u00f6tab laitmatult koos magnetp\u00fc\u00fcgimagnetiga. Tugevdatud otsad suurendavad haakimist\u00f5husust.\n\n<h2><strong>Kuidas kasutada haaki XXL?<\/strong><\/h2>\n\nHaaki XXL kasutatakse koos k\u00f6iega. Sobib igasugune k\u00f6is, kuid soovitame meie unikaalselt disainitud magnetp\u00fc\u00fcgik\u00f6it, millel on silmus lihtsaks sidumiseks. Haak on varustatud pealmise silmusega, kuhu k\u00f6is kinnitub.\n\nKui haak on esemele kinnitunud, visake tarvik magnetiga samas suunas ja t\u00f5mmake magneti ning haagi k\u00f6ied samaaegselt. T\u00f5mmake siiski ettevaatlikult, et haak haardest lahti ei libiseks.\n\nHaaki saab kasutada ka mittemagnetiliste esemete t\u00f5stmiseks. Laske haak p\u00f5hja vajuda ja kerige k\u00f6it ettevaatlikult sisse. Kasutage kindaid, et kaitsta k\u00e4si k\u00f6ie h\u00f5\u00f5rdumise eest.","protected":false},"excerpt":{"rendered":"<p>Kas juhtub vahel, et satute objektidega, mida pole v\u00f5imalik t\u00f5sta ainult magnetp\u00fc\u00fcgimagnetiga? <strong>Haak XXL magnetp\u00fc\u00fcgiks<\/strong> on <strong>h\u00e4davajalik<\/strong> magnetp\u00fc\u00fcgitarvik. See t\u00f6\u00f6riist v\u00f5imaldab <strong>vesi all peituvad mittemagnetilised esemed<\/strong> k\u00e4tte saada. Haak on t\u00e4ielikult valmistatud <strong>roostevabast terasest<\/strong>, tagamaks <strong>lihtsa kasutuse<\/strong> koos Magnetar magnetp\u00fc\u00fcgimagnetiga.<\/p>\n","protected":false},"featured_media":69646,"comment_status":"open","ping_status":"closed","template":"","meta":{"_acf_changed":false,"inline_featured_image":false},"product_brand":[],"product_cat":[474,484],"product_tag":[],"class_list":{"0":"post-81652","1":"product","2":"type-product","3":"status-publish","4":"has-post-thumbnail","6":"product_cat-attrezzatura","7":"product_cat-attrezzatura-per-la-pesca-magnetica","9":"first","10":"instock","11":"sale","12":"taxable","13":"shipping-taxable","14":"purchasable","15":"product-type-simple"},"acf":[],"yoast_head":"<!-- This site is optimized with the Yoast SEO plugin v27.3 - https:\/\/yoast.com\/product\/yoast-seo-wordpress\/ -->\n<title>Haak XXL magnetp\u00fc\u00fcgiks - Magnet fishing with a Magnetar fishing magnet<\/title>\n<meta name=\"description\" content=\"Haak XXL \u2013 suuremahuline magnetp\u00fc\u00fck Magnetariga\" \/>\n<meta name=\"robots\" content=\"index, follow, max-snippet:-1, max-image-preview:large, max-video-preview:-1\" \/>\n<link rel=\"canonical\" href=\"https:\/\/magnetarmagnets.com\/et\/shop\/grappling-hook-xxl\/\" \/>\n<meta property=\"og:locale\" content=\"et_EE\" \/>\n<meta property=\"og:type\" content=\"article\" \/>\n<meta property=\"og:title\" content=\"Haak XXL magnetp\u00fc\u00fcgiks - Magnet fishing with a Magnetar fishing magnet\" \/>\n<meta property=\"og:description\" content=\"Haak XXL \u2013 suuremahuline magnetp\u00fc\u00fck Magnetariga\" \/>\n<meta property=\"og:url\" content=\"https:\/\/magnetarmagnets.com\/et\/shop\/grappling-hook-xxl\/\" \/>\n<meta property=\"og:site_name\" content=\"Magnet fishing with a Magnetar fishing magnet\" \/>\n<meta property=\"article:publisher\" content=\"https:\/\/www.facebook.com\/fishingmagnets\/\" \/>\n<meta property=\"article:modified_time\" content=\"2026-04-04T05:17:14+00:00\" \/>\n<meta property=\"og:image\" content=\"https:\/\/magnetarmagnets.com\/wp-content\/uploads\/2015\/09\/werphaak-3.jpg\" \/>\n\t<meta property=\"og:image:width\" content=\"800\" \/>\n\t<meta property=\"og:image:height\" content=\"800\" \/>\n\t<meta property=\"og:image:type\" content=\"image\/jpeg\" \/>\n<meta name=\"twitter:card\" content=\"summary_large_image\" \/>\n<meta name=\"twitter:label1\" content=\"Est. reading time\" \/>\n\t<meta name=\"twitter:data1\" content=\"3 minutit\" \/>\n<script type=\"application\/ld+json\" class=\"yoast-schema-graph\">{\"@context\":\"https:\\\/\\\/schema.org\",\"@graph\":[{\"@type\":[\"WebPage\",\"ItemPage\"],\"@id\":\"https:\\\/\\\/magnetarmagnets.com\\\/et\\\/shop\\\/grappling-hook-xxl\\\/\",\"url\":\"https:\\\/\\\/magnetarmagnets.com\\\/et\\\/shop\\\/grappling-hook-xxl\\\/\",\"name\":\"Haak XXL magnetp\u00fc\u00fcgiks - Magnet fishing with a Magnetar fishing magnet\",\"isPartOf\":{\"@id\":\"https:\\\/\\\/magnetarmagnets.com\\\/et\\\/#website\"},\"primaryImageOfPage\":{\"@id\":\"https:\\\/\\\/magnetarmagnets.com\\\/et\\\/shop\\\/grappling-hook-xxl\\\/#primaryimage\"},\"image\":{\"@id\":\"https:\\\/\\\/magnetarmagnets.com\\\/et\\\/shop\\\/grappling-hook-xxl\\\/#primaryimage\"},\"thumbnailUrl\":\"https:\\\/\\\/magnetarmagnets.com\\\/wp-content\\\/uploads\\\/2015\\\/09\\\/werphaak-3.jpg\",\"datePublished\":\"2025-06-05T07:53:05+00:00\",\"dateModified\":\"2026-04-04T05:17:14+00:00\",\"description\":\"Haak XXL \u2013 suuremahuline magnetp\u00fc\u00fck Magnetariga\",\"breadcrumb\":{\"@id\":\"https:\\\/\\\/magnetarmagnets.com\\\/et\\\/shop\\\/grappling-hook-xxl\\\/#breadcrumb\"},\"inLanguage\":\"et\",\"potentialAction\":[{\"@type\":\"ReadAction\",\"target\":[\"https:\\\/\\\/magnetarmagnets.com\\\/et\\\/shop\\\/grappling-hook-xxl\\\/\"]}]},{\"@type\":\"ImageObject\",\"inLanguage\":\"et\",\"@id\":\"https:\\\/\\\/magnetarmagnets.com\\\/et\\\/shop\\\/grappling-hook-xxl\\\/#primaryimage\",\"url\":\"https:\\\/\\\/magnetarmagnets.com\\\/wp-content\\\/uploads\\\/2015\\\/09\\\/werphaak-3.jpg\",\"contentUrl\":\"https:\\\/\\\/magnetarmagnets.com\\\/wp-content\\\/uploads\\\/2015\\\/09\\\/werphaak-3.jpg\",\"width\":800,\"height\":800,\"caption\":\"Dreghaak\"},{\"@type\":\"BreadcrumbList\",\"@id\":\"https:\\\/\\\/magnetarmagnets.com\\\/et\\\/shop\\\/grappling-hook-xxl\\\/#breadcrumb\",\"itemListElement\":[{\"@type\":\"ListItem\",\"position\":1,\"name\":\"Home\",\"item\":\"https:\\\/\\\/magnetarmagnets.com\\\/et\\\/\"},{\"@type\":\"ListItem\",\"position\":2,\"name\":\"pood\",\"item\":\"https:\\\/\\\/magnetarmagnets.com\\\/et\\\/pood\\\/\"},{\"@type\":\"ListItem\",\"position\":3,\"name\":\"Varustus\",\"item\":\"https:\\\/\\\/magnetarmagnets.com\\\/et\\\/collections\\\/varustus\\\/\"},{\"@type\":\"ListItem\",\"position\":4,\"name\":\"Otsingumagneti varustus\",\"item\":\"https:\\\/\\\/magnetarmagnets.com\\\/et\\\/collections\\\/varustus\\\/otsingumagneti-varustus\\\/\"},{\"@type\":\"ListItem\",\"position\":5,\"name\":\"Haak XXL magnetp\u00fc\u00fcgiks\"}]},{\"@type\":\"WebSite\",\"@id\":\"https:\\\/\\\/magnetarmagnets.com\\\/et\\\/#website\",\"url\":\"https:\\\/\\\/magnetarmagnets.com\\\/et\\\/\",\"name\":\"Magnet fishing with a Magnetar fishing magnet\",\"description\":\"Tugevad magnetid magnetp\u00fc\u00fcgiks\",\"publisher\":{\"@id\":\"https:\\\/\\\/magnetarmagnets.com\\\/et\\\/#organization\"},\"potentialAction\":[{\"@type\":\"SearchAction\",\"target\":{\"@type\":\"EntryPoint\",\"urlTemplate\":\"https:\\\/\\\/magnetarmagnets.com\\\/et\\\/?s={search_term_string}\"},\"query-input\":{\"@type\":\"PropertyValueSpecification\",\"valueRequired\":true,\"valueName\":\"search_term_string\"}}],\"inLanguage\":\"et\"},{\"@type\":\"Organization\",\"@id\":\"https:\\\/\\\/magnetarmagnets.com\\\/et\\\/#organization\",\"name\":\"Magnetar\",\"url\":\"https:\\\/\\\/magnetarmagnets.com\\\/et\\\/\",\"logo\":{\"@type\":\"ImageObject\",\"inLanguage\":\"et\",\"@id\":\"https:\\\/\\\/magnetarmagnets.com\\\/et\\\/#\\\/schema\\\/logo\\\/image\\\/\",\"url\":\"https:\\\/\\\/magnetarmagnets.com\\\/wp-content\\\/uploads\\\/2025\\\/05\\\/Logo-03_PNG-Black-scaled.png\",\"contentUrl\":\"https:\\\/\\\/magnetarmagnets.com\\\/wp-content\\\/uploads\\\/2025\\\/05\\\/Logo-03_PNG-Black-scaled.png\",\"width\":2560,\"height\":1658,\"caption\":\"Magnetar\"},\"image\":{\"@id\":\"https:\\\/\\\/magnetarmagnets.com\\\/et\\\/#\\\/schema\\\/logo\\\/image\\\/\"},\"sameAs\":[\"https:\\\/\\\/www.facebook.com\\\/fishingmagnets\\\/\",\"https:\\\/\\\/www.instagram.com\\\/magnetar_magnets\\\/\",\"https:\\\/\\\/www.linkedin.com\\\/company\\\/magnetarbv\\\/?originalSubdomain=nl\",\"https:\\\/\\\/www.youtube.com\\\/c\\\/MagnetarVismagneet\"]}]}<\/script>\n<!-- \/ Yoast SEO plugin. -->","yoast_head_json":{"title":"Haak XXL magnetp\u00fc\u00fcgiks - Magnet fishing with a Magnetar fishing magnet","description":"Haak XXL \u2013 suuremahuline magnetp\u00fc\u00fck Magnetariga","robots":{"index":"index","follow":"follow","max-snippet":"max-snippet:-1","max-image-preview":"max-image-preview:large","max-video-preview":"max-video-preview:-1"},"canonical":"https:\/\/magnetarmagnets.com\/et\/shop\/grappling-hook-xxl\/","og_locale":"et_EE","og_type":"article","og_title":"Haak XXL magnetp\u00fc\u00fcgiks - Magnet fishing with a Magnetar fishing magnet","og_description":"Haak XXL \u2013 suuremahuline magnetp\u00fc\u00fck Magnetariga","og_url":"https:\/\/magnetarmagnets.com\/et\/shop\/grappling-hook-xxl\/","og_site_name":"Magnet fishing with a Magnetar fishing magnet","article_publisher":"https:\/\/www.facebook.com\/fishingmagnets\/","article_modified_time":"2026-04-04T05:17:14+00:00","og_image":[{"width":800,"height":800,"url":"https:\/\/magnetarmagnets.com\/wp-content\/uploads\/2015\/09\/werphaak-3.jpg","type":"image\/jpeg"}],"twitter_card":"summary_large_image","twitter_misc":{"Est. reading time":"3 minutit"},"schema":{"@context":"https:\/\/schema.org","@graph":[{"@type":["WebPage","ItemPage"],"@id":"https:\/\/magnetarmagnets.com\/et\/shop\/grappling-hook-xxl\/","url":"https:\/\/magnetarmagnets.com\/et\/shop\/grappling-hook-xxl\/","name":"Haak XXL magnetp\u00fc\u00fcgiks - Magnet fishing with a Magnetar fishing magnet","isPartOf":{"@id":"https:\/\/magnetarmagnets.com\/et\/#website"},"primaryImageOfPage":{"@id":"https:\/\/magnetarmagnets.com\/et\/shop\/grappling-hook-xxl\/#primaryimage"},"image":{"@id":"https:\/\/magnetarmagnets.com\/et\/shop\/grappling-hook-xxl\/#primaryimage"},"thumbnailUrl":"https:\/\/magnetarmagnets.com\/wp-content\/uploads\/2015\/09\/werphaak-3.jpg","datePublished":"2025-06-05T07:53:05+00:00","dateModified":"2026-04-04T05:17:14+00:00","description":"Haak XXL \u2013 suuremahuline magnetp\u00fc\u00fck Magnetariga","breadcrumb":{"@id":"https:\/\/magnetarmagnets.com\/et\/shop\/grappling-hook-xxl\/#breadcrumb"},"inLanguage":"et","potentialAction":[{"@type":"ReadAction","target":["https:\/\/magnetarmagnets.com\/et\/shop\/grappling-hook-xxl\/"]}]},{"@type":"ImageObject","inLanguage":"et","@id":"https:\/\/magnetarmagnets.com\/et\/shop\/grappling-hook-xxl\/#primaryimage","url":"https:\/\/magnetarmagnets.com\/wp-content\/uploads\/2015\/09\/werphaak-3.jpg","contentUrl":"https:\/\/magnetarmagnets.com\/wp-content\/uploads\/2015\/09\/werphaak-3.jpg","width":800,"height":800,"caption":"Dreghaak"},{"@type":"BreadcrumbList","@id":"https:\/\/magnetarmagnets.com\/et\/shop\/grappling-hook-xxl\/#breadcrumb","itemListElement":[{"@type":"ListItem","position":1,"name":"Home","item":"https:\/\/magnetarmagnets.com\/et\/"},{"@type":"ListItem","position":2,"name":"pood","item":"https:\/\/magnetarmagnets.com\/et\/pood\/"},{"@type":"ListItem","position":3,"name":"Varustus","item":"https:\/\/magnetarmagnets.com\/et\/collections\/varustus\/"},{"@type":"ListItem","position":4,"name":"Otsingumagneti varustus","item":"https:\/\/magnetarmagnets.com\/et\/collections\/varustus\/otsingumagneti-varustus\/"},{"@type":"ListItem","position":5,"name":"Haak XXL magnetp\u00fc\u00fcgiks"}]},{"@type":"WebSite","@id":"https:\/\/magnetarmagnets.com\/et\/#website","url":"https:\/\/magnetarmagnets.com\/et\/","name":"Magnet fishing with a Magnetar fishing magnet","description":"Tugevad magnetid magnetp\u00fc\u00fcgiks","publisher":{"@id":"https:\/\/magnetarmagnets.com\/et\/#organization"},"potentialAction":[{"@type":"SearchAction","target":{"@type":"EntryPoint","urlTemplate":"https:\/\/magnetarmagnets.com\/et\/?s={search_term_string}"},"query-input":{"@type":"PropertyValueSpecification","valueRequired":true,"valueName":"search_term_string"}}],"inLanguage":"et"},{"@type":"Organization","@id":"https:\/\/magnetarmagnets.com\/et\/#organization","name":"Magnetar","url":"https:\/\/magnetarmagnets.com\/et\/","logo":{"@type":"ImageObject","inLanguage":"et","@id":"https:\/\/magnetarmagnets.com\/et\/#\/schema\/logo\/image\/","url":"https:\/\/magnetarmagnets.com\/wp-content\/uploads\/2025\/05\/Logo-03_PNG-Black-scaled.png","contentUrl":"https:\/\/magnetarmagnets.com\/wp-content\/uploads\/2025\/05\/Logo-03_PNG-Black-scaled.png","width":2560,"height":1658,"caption":"Magnetar"},"image":{"@id":"https:\/\/magnetarmagnets.com\/et\/#\/schema\/logo\/image\/"},"sameAs":["https:\/\/www.facebook.com\/fishingmagnets\/","https:\/\/www.instagram.com\/magnetar_magnets\/","https:\/\/www.linkedin.com\/company\/magnetarbv\/?originalSubdomain=nl","https:\/\/www.youtube.com\/c\/MagnetarVismagneet"]}]}},"_links":{"self":[{"href":"https:\/\/magnetarmagnets.com\/et\/wp-json\/wp\/v2\/product\/81652","targetHints":{"allow":["GET"]}}],"collection":[{"href":"https:\/\/magnetarmagnets.com\/et\/wp-json\/wp\/v2\/product"}],"about":[{"href":"https:\/\/magnetarmagnets.com\/et\/wp-json\/wp\/v2\/types\/product"}],"replies":[{"embeddable":true,"href":"https:\/\/magnetarmagnets.com\/et\/wp-json\/wp\/v2\/comments?post=81652"}],"version-history":[{"count":1,"href":"https:\/\/magnetarmagnets.com\/et\/wp-json\/wp\/v2\/product\/81652\/revisions"}],"predecessor-version":[{"id":95319,"href":"https:\/\/magnetarmagnets.com\/et\/wp-json\/wp\/v2\/product\/81652\/revisions\/95319"}],"wp:featuredmedia":[{"embeddable":true,"href":"https:\/\/magnetarmagnets.com\/et\/wp-json\/wp\/v2\/media\/69646"}],"wp:attachment":[{"href":"https:\/\/magnetarmagnets.com\/et\/wp-json\/wp\/v2\/media?parent=81652"}],"wp:term":[{"taxonomy":"product_brand","embeddable":true,"href":"https:\/\/magnetarmagnets.com\/et\/wp-json\/wp\/v2\/product_brand?post=81652"},{"taxonomy":"product_cat","embeddable":true,"href":"https:\/\/magnetarmagnets.com\/et\/wp-json\/wp\/v2\/product_cat?post=81652"},{"taxonomy":"product_tag","embeddable":true,"href":"https:\/\/magnetarmagnets.com\/et\/wp-json\/wp\/v2\/product_tag?post=81652"}],"curies":[{"name":"wp","href":"https:\/\/api.w.org\/{rel}","templated":true}]}}