{"id":81651,"date":"2025-06-05T09:53:05","date_gmt":"2025-06-05T07:53:05","guid":{"rendered":"https:\/\/magnetarmagnets.com\/?post_type=product&#038;p=81651"},"modified":"2026-04-04T07:21:05","modified_gmt":"2026-04-04T05:21:05","slug":"magnethari-2-0-tugev-magnet-intensiivseks-kasutamiseks","status":"publish","type":"product","link":"https:\/\/magnetarmagnets.com\/et\/shop\/magnethari-2-0-tugev-magnet-intensiivseks-kasutamiseks\/","title":{"rendered":"Magnethari 2.0 \u2013 intensiivseks kasutamiseks"},"content":{"rendered":"Kas koristusele kulub sul liiga palju aega? Investeeri Magnetar Magnethari 2.0! See t\u00f6\u00f6riist aitab sul t\u00f5husalt eemaldada metallesemeid p\u00f5randalt. Kas su korratu t\u00f6\u00f6koda h\u00e4irib? Kas laoruumi on liiga palju kolakaid esemeid? Uuendatud magnethari on just see, mida vajad!\n\nL\u00f5putu hulk professionaale usaldab igap\u00e4evaselt Magnetar Magnethari 2.0. Metalltreialid kasutavad seda harja keeriste ja metallipr\u00fcgi kogumiseks ning puidut\u00f6\u00f6tlejad korjavad t\u00f6\u00f6koja p\u00f5randalt naelu, kruvisid ja klambreid. Seda toodet kasutatakse ka parkimisplatside ja s\u00fcndmuste alade puhastamiseks.\n\n<h2>Magnethari 2.0 eelised<\/h2>\nMagnethari 2.0 eristub just oma lihtsuse t\u00f5ttu. Metallesemeid on lihtne \u00fcles korjata Magnetari tugevate magnetitega. T\u00e4itus su magnethari? Magnetismi v\u00e4ljal\u00fclitamine on t\u00e4nu k\u00e4epidemesse integreeritud mehhanismile n\u00fc\u00fcd imelihtne. See s\u00e4\u00e4stab aega ja v\u00e4hendab seljapingeid.\n\nLisaks on Magnethari 2.0 v\u00e4ga mobiilne. Magnetvarda m\u00f5lemal k\u00fcljel paiknevad rattad v\u00f5imaldavad p\u00f5randat v\u00f5imalikult efektiivselt katta. Tugev magnet t\u00f6\u00f6tab sama h\u00e4sti ebatasasel maastikul kui betoonp\u00f5randal.","protected":false},"excerpt":{"rendered":"<p>Magnethari 2.0 on ideaalne abivahend <strong>t\u00f6\u00f6kojade, spordiv\u00e4ljakute, laoalade v\u00f5i parkimisplatside<\/strong> puhastamiseks soovimatust metallimaterjalist.&nbsp;<\/p>\n","protected":false},"featured_media":74334,"comment_status":"open","ping_status":"closed","template":"","meta":{"_acf_changed":false,"inline_featured_image":false},"product_brand":[],"product_cat":[485,474,487],"product_tag":[],"class_list":{"0":"post-81651","1":"product","2":"type-product","3":"status-publish","4":"has-post-thumbnail","6":"product_cat-accessori-magnetici","7":"product_cat-attrezzatura","8":"product_cat-varie","10":"first","11":"instock","12":"sale","13":"taxable","14":"shipping-taxable","15":"purchasable","16":"product-type-simple"},"acf":[],"yoast_head":"<!-- This site is optimized with the Yoast SEO plugin v27.3 - https:\/\/yoast.com\/product\/yoast-seo-wordpress\/ -->\n<title>Magnethari 2.0 \u2013 intensiivseks kasutamiseks - Magnet fishing with a Magnetar fishing magnet<\/title>\n<meta name=\"description\" content=\"Magnethari 2.0 on ideaalne abivahend t\u00f6\u00f6kohtade, spordiv\u00e4ljakute, laoalade v\u00f5i parkimisplatside puhastamiseks soovimatust metallimaterjalist.\" \/>\n<meta name=\"robots\" content=\"index, follow, max-snippet:-1, max-image-preview:large, max-video-preview:-1\" \/>\n<link rel=\"canonical\" href=\"https:\/\/magnetarmagnets.com\/et\/shop\/magnethari-2-0-tugev-magnet-intensiivseks-kasutamiseks\/\" \/>\n<meta property=\"og:locale\" content=\"et_EE\" \/>\n<meta property=\"og:type\" content=\"article\" \/>\n<meta property=\"og:title\" content=\"Magnethari 2.0 \u2013 intensiivseks kasutamiseks - Magnet fishing with a Magnetar fishing magnet\" \/>\n<meta property=\"og:description\" content=\"Magnethari 2.0 on ideaalne abivahend t\u00f6\u00f6kohtade, spordiv\u00e4ljakute, laoalade v\u00f5i parkimisplatside puhastamiseks soovimatust metallimaterjalist.\" \/>\n<meta property=\"og:url\" content=\"https:\/\/magnetarmagnets.com\/et\/shop\/magnethari-2-0-tugev-magnet-intensiivseks-kasutamiseks\/\" \/>\n<meta property=\"og:site_name\" content=\"Magnet fishing with a Magnetar fishing magnet\" \/>\n<meta property=\"article:publisher\" content=\"https:\/\/www.facebook.com\/fishingmagnets\/\" \/>\n<meta property=\"article:modified_time\" content=\"2026-04-04T05:21:05+00:00\" \/>\n<meta property=\"og:image\" content=\"https:\/\/magnetarmagnets.com\/wp-content\/uploads\/2023\/08\/B0CMDF9D4B.MAIN_.jpg\" \/>\n\t<meta property=\"og:image:width\" content=\"1500\" \/>\n\t<meta property=\"og:image:height\" content=\"1500\" \/>\n\t<meta property=\"og:image:type\" content=\"image\/jpeg\" \/>\n<meta name=\"twitter:card\" content=\"summary_large_image\" \/>\n<meta name=\"twitter:label1\" content=\"Est. reading time\" \/>\n\t<meta name=\"twitter:data1\" content=\"2 minutit\" \/>\n<script type=\"application\/ld+json\" class=\"yoast-schema-graph\">{\"@context\":\"https:\\\/\\\/schema.org\",\"@graph\":[{\"@type\":[\"WebPage\",\"ItemPage\"],\"@id\":\"https:\\\/\\\/magnetarmagnets.com\\\/et\\\/shop\\\/magnethari-2-0-tugev-magnet-intensiivseks-kasutamiseks\\\/\",\"url\":\"https:\\\/\\\/magnetarmagnets.com\\\/et\\\/shop\\\/magnethari-2-0-tugev-magnet-intensiivseks-kasutamiseks\\\/\",\"name\":\"Magnethari 2.0 \u2013 intensiivseks kasutamiseks - Magnet fishing with a Magnetar fishing magnet\",\"isPartOf\":{\"@id\":\"https:\\\/\\\/magnetarmagnets.com\\\/et\\\/#website\"},\"primaryImageOfPage\":{\"@id\":\"https:\\\/\\\/magnetarmagnets.com\\\/et\\\/shop\\\/magnethari-2-0-tugev-magnet-intensiivseks-kasutamiseks\\\/#primaryimage\"},\"image\":{\"@id\":\"https:\\\/\\\/magnetarmagnets.com\\\/et\\\/shop\\\/magnethari-2-0-tugev-magnet-intensiivseks-kasutamiseks\\\/#primaryimage\"},\"thumbnailUrl\":\"https:\\\/\\\/magnetarmagnets.com\\\/wp-content\\\/uploads\\\/2023\\\/08\\\/B0CMDF9D4B.MAIN_.jpg\",\"datePublished\":\"2025-06-05T07:53:05+00:00\",\"dateModified\":\"2026-04-04T05:21:05+00:00\",\"description\":\"Magnethari 2.0 on ideaalne abivahend t\u00f6\u00f6kohtade, spordiv\u00e4ljakute, laoalade v\u00f5i parkimisplatside puhastamiseks soovimatust metallimaterjalist.\",\"breadcrumb\":{\"@id\":\"https:\\\/\\\/magnetarmagnets.com\\\/et\\\/shop\\\/magnethari-2-0-tugev-magnet-intensiivseks-kasutamiseks\\\/#breadcrumb\"},\"inLanguage\":\"et\",\"potentialAction\":[{\"@type\":\"ReadAction\",\"target\":[\"https:\\\/\\\/magnetarmagnets.com\\\/et\\\/shop\\\/magnethari-2-0-tugev-magnet-intensiivseks-kasutamiseks\\\/\"]}]},{\"@type\":\"ImageObject\",\"inLanguage\":\"et\",\"@id\":\"https:\\\/\\\/magnetarmagnets.com\\\/et\\\/shop\\\/magnethari-2-0-tugev-magnet-intensiivseks-kasutamiseks\\\/#primaryimage\",\"url\":\"https:\\\/\\\/magnetarmagnets.com\\\/wp-content\\\/uploads\\\/2023\\\/08\\\/B0CMDF9D4B.MAIN_.jpg\",\"contentUrl\":\"https:\\\/\\\/magnetarmagnets.com\\\/wp-content\\\/uploads\\\/2023\\\/08\\\/B0CMDF9D4B.MAIN_.jpg\",\"width\":1500,\"height\":1500,\"caption\":\"Magnet Broom 2.0\"},{\"@type\":\"BreadcrumbList\",\"@id\":\"https:\\\/\\\/magnetarmagnets.com\\\/et\\\/shop\\\/magnethari-2-0-tugev-magnet-intensiivseks-kasutamiseks\\\/#breadcrumb\",\"itemListElement\":[{\"@type\":\"ListItem\",\"position\":1,\"name\":\"Home\",\"item\":\"https:\\\/\\\/magnetarmagnets.com\\\/et\\\/\"},{\"@type\":\"ListItem\",\"position\":2,\"name\":\"pood\",\"item\":\"https:\\\/\\\/magnetarmagnets.com\\\/et\\\/pood\\\/\"},{\"@type\":\"ListItem\",\"position\":3,\"name\":\"Varustus\",\"item\":\"https:\\\/\\\/magnetarmagnets.com\\\/et\\\/collections\\\/varustus\\\/\"},{\"@type\":\"ListItem\",\"position\":4,\"name\":\"Magnetilised tarvikud\",\"item\":\"https:\\\/\\\/magnetarmagnets.com\\\/et\\\/collections\\\/varustus\\\/magnetilised-tarvikud\\\/\"},{\"@type\":\"ListItem\",\"position\":5,\"name\":\"Magnethari 2.0 \u2013 intensiivseks kasutamiseks\"}]},{\"@type\":\"WebSite\",\"@id\":\"https:\\\/\\\/magnetarmagnets.com\\\/et\\\/#website\",\"url\":\"https:\\\/\\\/magnetarmagnets.com\\\/et\\\/\",\"name\":\"Magnet fishing with a Magnetar fishing magnet\",\"description\":\"Tugevad magnetid magnetp\u00fc\u00fcgiks\",\"publisher\":{\"@id\":\"https:\\\/\\\/magnetarmagnets.com\\\/et\\\/#organization\"},\"potentialAction\":[{\"@type\":\"SearchAction\",\"target\":{\"@type\":\"EntryPoint\",\"urlTemplate\":\"https:\\\/\\\/magnetarmagnets.com\\\/et\\\/?s={search_term_string}\"},\"query-input\":{\"@type\":\"PropertyValueSpecification\",\"valueRequired\":true,\"valueName\":\"search_term_string\"}}],\"inLanguage\":\"et\"},{\"@type\":\"Organization\",\"@id\":\"https:\\\/\\\/magnetarmagnets.com\\\/et\\\/#organization\",\"name\":\"Magnetar\",\"url\":\"https:\\\/\\\/magnetarmagnets.com\\\/et\\\/\",\"logo\":{\"@type\":\"ImageObject\",\"inLanguage\":\"et\",\"@id\":\"https:\\\/\\\/magnetarmagnets.com\\\/et\\\/#\\\/schema\\\/logo\\\/image\\\/\",\"url\":\"https:\\\/\\\/magnetarmagnets.com\\\/wp-content\\\/uploads\\\/2025\\\/05\\\/Logo-03_PNG-Black-scaled.png\",\"contentUrl\":\"https:\\\/\\\/magnetarmagnets.com\\\/wp-content\\\/uploads\\\/2025\\\/05\\\/Logo-03_PNG-Black-scaled.png\",\"width\":2560,\"height\":1658,\"caption\":\"Magnetar\"},\"image\":{\"@id\":\"https:\\\/\\\/magnetarmagnets.com\\\/et\\\/#\\\/schema\\\/logo\\\/image\\\/\"},\"sameAs\":[\"https:\\\/\\\/www.facebook.com\\\/fishingmagnets\\\/\",\"https:\\\/\\\/www.instagram.com\\\/magnetar_magnets\\\/\",\"https:\\\/\\\/www.linkedin.com\\\/company\\\/magnetarbv\\\/?originalSubdomain=nl\",\"https:\\\/\\\/www.youtube.com\\\/c\\\/MagnetarVismagneet\"]}]}<\/script>\n<!-- \/ Yoast SEO plugin. -->","yoast_head_json":{"title":"Magnethari 2.0 \u2013 intensiivseks kasutamiseks - Magnet fishing with a Magnetar fishing magnet","description":"Magnethari 2.0 on ideaalne abivahend t\u00f6\u00f6kohtade, spordiv\u00e4ljakute, laoalade v\u00f5i parkimisplatside puhastamiseks soovimatust metallimaterjalist.","robots":{"index":"index","follow":"follow","max-snippet":"max-snippet:-1","max-image-preview":"max-image-preview:large","max-video-preview":"max-video-preview:-1"},"canonical":"https:\/\/magnetarmagnets.com\/et\/shop\/magnethari-2-0-tugev-magnet-intensiivseks-kasutamiseks\/","og_locale":"et_EE","og_type":"article","og_title":"Magnethari 2.0 \u2013 intensiivseks kasutamiseks - Magnet fishing with a Magnetar fishing magnet","og_description":"Magnethari 2.0 on ideaalne abivahend t\u00f6\u00f6kohtade, spordiv\u00e4ljakute, laoalade v\u00f5i parkimisplatside puhastamiseks soovimatust metallimaterjalist.","og_url":"https:\/\/magnetarmagnets.com\/et\/shop\/magnethari-2-0-tugev-magnet-intensiivseks-kasutamiseks\/","og_site_name":"Magnet fishing with a Magnetar fishing magnet","article_publisher":"https:\/\/www.facebook.com\/fishingmagnets\/","article_modified_time":"2026-04-04T05:21:05+00:00","og_image":[{"width":1500,"height":1500,"url":"https:\/\/magnetarmagnets.com\/wp-content\/uploads\/2023\/08\/B0CMDF9D4B.MAIN_.jpg","type":"image\/jpeg"}],"twitter_card":"summary_large_image","twitter_misc":{"Est. reading time":"2 minutit"},"schema":{"@context":"https:\/\/schema.org","@graph":[{"@type":["WebPage","ItemPage"],"@id":"https:\/\/magnetarmagnets.com\/et\/shop\/magnethari-2-0-tugev-magnet-intensiivseks-kasutamiseks\/","url":"https:\/\/magnetarmagnets.com\/et\/shop\/magnethari-2-0-tugev-magnet-intensiivseks-kasutamiseks\/","name":"Magnethari 2.0 \u2013 intensiivseks kasutamiseks - Magnet fishing with a Magnetar fishing magnet","isPartOf":{"@id":"https:\/\/magnetarmagnets.com\/et\/#website"},"primaryImageOfPage":{"@id":"https:\/\/magnetarmagnets.com\/et\/shop\/magnethari-2-0-tugev-magnet-intensiivseks-kasutamiseks\/#primaryimage"},"image":{"@id":"https:\/\/magnetarmagnets.com\/et\/shop\/magnethari-2-0-tugev-magnet-intensiivseks-kasutamiseks\/#primaryimage"},"thumbnailUrl":"https:\/\/magnetarmagnets.com\/wp-content\/uploads\/2023\/08\/B0CMDF9D4B.MAIN_.jpg","datePublished":"2025-06-05T07:53:05+00:00","dateModified":"2026-04-04T05:21:05+00:00","description":"Magnethari 2.0 on ideaalne abivahend t\u00f6\u00f6kohtade, spordiv\u00e4ljakute, laoalade v\u00f5i parkimisplatside puhastamiseks soovimatust metallimaterjalist.","breadcrumb":{"@id":"https:\/\/magnetarmagnets.com\/et\/shop\/magnethari-2-0-tugev-magnet-intensiivseks-kasutamiseks\/#breadcrumb"},"inLanguage":"et","potentialAction":[{"@type":"ReadAction","target":["https:\/\/magnetarmagnets.com\/et\/shop\/magnethari-2-0-tugev-magnet-intensiivseks-kasutamiseks\/"]}]},{"@type":"ImageObject","inLanguage":"et","@id":"https:\/\/magnetarmagnets.com\/et\/shop\/magnethari-2-0-tugev-magnet-intensiivseks-kasutamiseks\/#primaryimage","url":"https:\/\/magnetarmagnets.com\/wp-content\/uploads\/2023\/08\/B0CMDF9D4B.MAIN_.jpg","contentUrl":"https:\/\/magnetarmagnets.com\/wp-content\/uploads\/2023\/08\/B0CMDF9D4B.MAIN_.jpg","width":1500,"height":1500,"caption":"Magnet Broom 2.0"},{"@type":"BreadcrumbList","@id":"https:\/\/magnetarmagnets.com\/et\/shop\/magnethari-2-0-tugev-magnet-intensiivseks-kasutamiseks\/#breadcrumb","itemListElement":[{"@type":"ListItem","position":1,"name":"Home","item":"https:\/\/magnetarmagnets.com\/et\/"},{"@type":"ListItem","position":2,"name":"pood","item":"https:\/\/magnetarmagnets.com\/et\/pood\/"},{"@type":"ListItem","position":3,"name":"Varustus","item":"https:\/\/magnetarmagnets.com\/et\/collections\/varustus\/"},{"@type":"ListItem","position":4,"name":"Magnetilised tarvikud","item":"https:\/\/magnetarmagnets.com\/et\/collections\/varustus\/magnetilised-tarvikud\/"},{"@type":"ListItem","position":5,"name":"Magnethari 2.0 \u2013 intensiivseks kasutamiseks"}]},{"@type":"WebSite","@id":"https:\/\/magnetarmagnets.com\/et\/#website","url":"https:\/\/magnetarmagnets.com\/et\/","name":"Magnet fishing with a Magnetar fishing magnet","description":"Tugevad magnetid magnetp\u00fc\u00fcgiks","publisher":{"@id":"https:\/\/magnetarmagnets.com\/et\/#organization"},"potentialAction":[{"@type":"SearchAction","target":{"@type":"EntryPoint","urlTemplate":"https:\/\/magnetarmagnets.com\/et\/?s={search_term_string}"},"query-input":{"@type":"PropertyValueSpecification","valueRequired":true,"valueName":"search_term_string"}}],"inLanguage":"et"},{"@type":"Organization","@id":"https:\/\/magnetarmagnets.com\/et\/#organization","name":"Magnetar","url":"https:\/\/magnetarmagnets.com\/et\/","logo":{"@type":"ImageObject","inLanguage":"et","@id":"https:\/\/magnetarmagnets.com\/et\/#\/schema\/logo\/image\/","url":"https:\/\/magnetarmagnets.com\/wp-content\/uploads\/2025\/05\/Logo-03_PNG-Black-scaled.png","contentUrl":"https:\/\/magnetarmagnets.com\/wp-content\/uploads\/2025\/05\/Logo-03_PNG-Black-scaled.png","width":2560,"height":1658,"caption":"Magnetar"},"image":{"@id":"https:\/\/magnetarmagnets.com\/et\/#\/schema\/logo\/image\/"},"sameAs":["https:\/\/www.facebook.com\/fishingmagnets\/","https:\/\/www.instagram.com\/magnetar_magnets\/","https:\/\/www.linkedin.com\/company\/magnetarbv\/?originalSubdomain=nl","https:\/\/www.youtube.com\/c\/MagnetarVismagneet"]}]}},"_links":{"self":[{"href":"https:\/\/magnetarmagnets.com\/et\/wp-json\/wp\/v2\/product\/81651","targetHints":{"allow":["GET"]}}],"collection":[{"href":"https:\/\/magnetarmagnets.com\/et\/wp-json\/wp\/v2\/product"}],"about":[{"href":"https:\/\/magnetarmagnets.com\/et\/wp-json\/wp\/v2\/types\/product"}],"replies":[{"embeddable":true,"href":"https:\/\/magnetarmagnets.com\/et\/wp-json\/wp\/v2\/comments?post=81651"}],"version-history":[{"count":1,"href":"https:\/\/magnetarmagnets.com\/et\/wp-json\/wp\/v2\/product\/81651\/revisions"}],"predecessor-version":[{"id":95323,"href":"https:\/\/magnetarmagnets.com\/et\/wp-json\/wp\/v2\/product\/81651\/revisions\/95323"}],"wp:featuredmedia":[{"embeddable":true,"href":"https:\/\/magnetarmagnets.com\/et\/wp-json\/wp\/v2\/media\/74334"}],"wp:attachment":[{"href":"https:\/\/magnetarmagnets.com\/et\/wp-json\/wp\/v2\/media?parent=81651"}],"wp:term":[{"taxonomy":"product_brand","embeddable":true,"href":"https:\/\/magnetarmagnets.com\/et\/wp-json\/wp\/v2\/product_brand?post=81651"},{"taxonomy":"product_cat","embeddable":true,"href":"https:\/\/magnetarmagnets.com\/et\/wp-json\/wp\/v2\/product_cat?post=81651"},{"taxonomy":"product_tag","embeddable":true,"href":"https:\/\/magnetarmagnets.com\/et\/wp-json\/wp\/v2\/product_tag?post=81651"}],"curies":[{"name":"wp","href":"https:\/\/api.w.org\/{rel}","templated":true}]}}