{"id":81643,"date":"2025-06-05T09:53:06","date_gmt":"2025-06-05T07:53:06","guid":{"rendered":"https:\/\/magnetarmagnets.com\/?post_type=product&#038;p=81643"},"modified":"2026-04-22T06:19:16","modified_gmt":"2026-04-22T04:19:16","slug":"savage-komplekt-1600-kg-allround-360-kalapuugimagnet","status":"publish","type":"product","link":"https:\/\/magnetarmagnets.com\/et\/shop\/savage-komplekt-1600-kg-allround-360-kalapuugimagnet\/","title":{"rendered":"Savage otsingumagneti komplekt \u2013 1600 kg \u2013 360\u00b0 Allround"},"content":{"rendered":"Oled kogenud magnetp\u00fc\u00fcdja, kes otsib parimaid materjale? Meie Savage komplekt on loodud just sulle! See magnetp\u00fc\u00fcgikomplekt sisaldab k\u00f5ike, mida veepiiril vajad: tuumaks on Barbarian, Euroopa tugevaim neod\u00fc\u00fcmmagnet. Lisaks on kaasas haarangukonks, kaitsekindad, 10 mm n\u00f6\u00f6r, magnetlukuliim ja kaitse\u00fcmbris.\r\n\r\nKui soovid veidi n\u00f5rgemat magneti, sobivad sulle <a href=\"https:\/\/magnetarmagnets.com\/shop\/legend-package\">Legend-pakett<\/a> ja <a href=\"https:\/\/magnetarmagnets.com\/shop\/expert-package\">Expert-pakett<\/a>.\r\n<h2>Barbarian neod\u00fc\u00fcmmagnet magnetp\u00fc\u00fcgiks<\/h2>\r\nBarbarian on 360\u00b0 mitmepoolne magnetp\u00fc\u00fcgimagnet. Iga k\u00fclje t\u00f5mbej\u00f5ud on 400 kg, kokku 1600 kg. See on \u00fcks tugevamaid magnetp\u00fc\u00fcgimagnete turul. Loomulikult on toode valmistatud 100% neod\u00fc\u00fcmist, et tagada pikaajaline kvaliteet.\r\n<h2>Kas oled valmis Barbariani jaoks?<\/h2>\r\nBarbarian on meie k\u00f5ige raskem ja v\u00f5imsam magnet. Magnet kaalub 2400 g ja t\u00f5mbub s\u00fcgavale vette ja isegi mudasse, v\u00f5imaldades k\u00e4tte saada vee alla mattunud vanimaid ja erilisemaid esemeid. Kuid \u00e4\u00e4rmusliku kaalu t\u00f5ttu ei sobi see magnet k\u00f5igile.\r\n\r\nKas otsid v\u00e4iksemat mitmepoolset magneti? Tutvu Easy, Hardcore, Terror v\u00f5i Beast mudeliga. Need magnetp\u00fc\u00fcgimagnetid on omadustelt sarnased Barbarianiga, kuid pisut v\u00e4iksemad ja ohutumad kasutada.\r\n<h2>Magneti areng<\/h2>\r\nPaljud magnetid avaldavad t\u00f5mbej\u00f5udu vaid \u00fchest k\u00fcljest \u2013 \u00fchepoolne magnet on klassikaline magnetp\u00fc\u00fcgimagnet. Magnetar oli esimene ettev\u00f5te, kes arendas selle klassikalise magneti kahepoolseks. 2016. aastal tutvustas Magnetar 360\u00b0 mitmepoolset magnetp\u00fc\u00fcgimagnetit. Magnetp\u00fc\u00fcdjad \u00fcle Euroopa on sellest ajast peale valinud meie 100% neod\u00fc\u00fcmimagneste k\u00f5rge kvaliteedi, mist\u00f5ttu oleme Euroopa number \u00fcks tarnija. Meie magnetid on loodud, disainitud ja toodetud v\u00e4ikese magnetp\u00fc\u00fcgientusiastide meeskonna poolt. Kliendid tulevad tagasi, sest teavad, et Magnetariga saavad nad rohkem kui lihtsalt magneti \u2013 nad toovad esile aarded.\r\n<h2><strong>V\u00f5imas 360\u00b0 t\u00f5mbej\u00f5ud<\/strong><\/h2>\r\nBeast magnet on \u00fcks meie tugevamaid, t\u00f5mbej\u00f5ud kuni 1400 kg. Beast t\u00f5mbej\u00f5ud on j\u00f5uline ja suudab t\u00f5mmata esemeid kogu \u00fcmbruskonnast, erinevalt \u00fchepoolsetest magnetitest teraskattes, mis suunavad t\u00f5mbej\u00f5u \u00fches suunas. Uudishimulik t\u00f5mbej\u00f5u m\u00f5\u00f5tmise kohta? <a href=\"https:\/\/www.youtube.com\/watch?v=2McW3RURDxs\" target=\"_blank\" rel=\"noopener\">Vaata videot t\u00f5mbej\u00f5u m\u00f5\u00f5tmisest<\/a>.\r\n<h2>K\u00f5rge kvaliteet<\/h2>\r\nMeie magnetp\u00fc\u00fcgimagnetid on valmistatud 100% neod\u00fc\u00fcmist. Magnetar magnetid s\u00e4ilitavad t\u00f5mbej\u00f5u aastak\u00fcmneid, kaotades vaid 1% iga 100 aasta j\u00e4rel (\u00f5ige s\u00e4ilituse, hoolduse ja kaitse korral).\r\n\r\nEnamik teisi magnetitarnijaid n\u00e4itab t\u00f5mbej\u00f5u kadu juba m\u00f5ne n\u00e4dala m\u00f6\u00f6dudes. Viimastel aastatel on turule ilmunud j\u00e4rjest rohkem madala kvaliteediga magneteid: suuremad magnetid madalama t\u00f5mbej\u00f5uga, kehva neod\u00fc\u00fcmi kvaliteediga, eksitav reklaam. Kui ostad sellise magneti odavamalt v\u00f5i suurelt kontsernilt, j\u00e4\u00e4d l\u00f5puks pettuma, kuigi s\u00e4\u00e4stsid natuke raha.\r\n\r\nMagnetar on v\u00e4ike pereettev\u00f5te, mis seab k\u00f5ikjal kvaliteedi esikohale. Oleme magnetp\u00fc\u00fcgientusiastid ja k\u00f5ik meie magnetid on meie meeskonna poolt disainitud ja toodetud, et tagada maksimaalne tulemus sinu investeeringust (v\u00f5i magneti abil leitud aaretest!). Kui soovid usaldusv\u00e4\u00e4rset, t\u00f5husat ja v\u00f5imsat magnetp\u00fc\u00fcgimagnetit, oled \u00f5iges kohas. Meie meeskond ootab sinu s\u00f5numit, <a href=\"info@magnetarmagnets.com\">v\u00f5ta meiega \u00fchendust<\/a>.\r\n<h2>Kaitse\u00fcmbris<\/h2>\r\nKomplekti kuuluv kaitse\u00fcmbris on ideaalne aksessuaar magnetp\u00fc\u00fcdjatele, kes soovivad kaitsta oma neod\u00fc\u00fcmmagnetit kasutamise ajal. Need vastupidavad \u00fcmbrised on spetsiaalselt kujundatud, et sobituda t\u00e4pselt magneti peale ja pakkuda lisakaitset kriimustuste, pragude ning muude kahjustuste eest. Meie kaitse\u00fcmbrised on valmistatud roostevabast terasest ning taluvad k\u00f5ige karmimaid tingimusi. Kaitse\u00fcmbris tagab, et magnet s\u00e4ilitab 360\u00b0 magnetilisuse. T\u00e4nu meie kaitse\u00fcmbristele saad nautida magnetp\u00fc\u00fcki muretult.\r\n\r\n(Pange t\u00e4hele, et magneti alumine k\u00fclg ei ole \u00fcmbrise poolt kaitstud)\r\n<h2><b>Kasutage ettevaatlikult<\/b><\/h2>\r\nMeie neod\u00fc\u00fcmmagnetid on <a href=\"https:\/\/magnetarmagnets.com\/strong-fishing-magnets\/?v=796834e7a283\" target=\"_blank\" rel=\"noopener\">tugevaimad magnetp\u00fc\u00fcgimagnetid<\/a> ning l\u00e4heduses asuvaid rauaesemeid v\u00f5ivad need kiirelt ligi t\u00f5mmata. V\u00f5imsamate magnetide, nagu 360\u00b0 Allround, korral v\u00f5ivad su s\u00f5rmed magneti ja eseme vahele j\u00e4\u00e4da. K\u00e4itle magneteid ettevaatlikult ja kasuta omal vastutusel. Alati loe enne kasutamist meie ohutusjuhiseid.\r\n\r\n* Lapsi peab magneti kasutamisel vanem j\u00e4relevalve all hoidma.\r\n\r\n\u00c4ra unusta vaadata ka meie <a href=\"https:\/\/magnetarmagnets.com\/collections\/fishing-magnets\/magnet-fishing-kit\/?v=796834e7a283\" target=\"_blank\" rel=\"noopener\">magnetp\u00fc\u00fcgikomplekte<\/a> v\u00f5i <a href=\"https:\/\/magnetarmagnets.com\/accessories\/?v=796834e7a283\" target=\"_blank\" rel=\"noopener\">magnetp\u00fc\u00fcgivahendeid<\/a>.","protected":false},"excerpt":{"rendered":"<p>Terve <strong>Savage otsingumagneti komplekt<\/strong> sisaldab k\u00f5ike, mida vajad magnetp\u00fc\u00fcgiks, sealhulgas meie populaarset <strong>360\u00b0 Allround Barbarian neod\u00fc\u00fcmmagneti<\/strong>.<\/p>\n","protected":false},"featured_media":72580,"comment_status":"open","ping_status":"closed","template":"","meta":{"_acf_changed":false,"inline_featured_image":false},"product_brand":[],"product_cat":[703,64,706,698,93,701],"product_tag":[],"class_list":{"0":"post-81643","1":"product","2":"type-product","3":"status-publish","4":"has-post-thumbnail","6":"product_cat-allround-magnets-360","7":"product_cat-all-products","8":"product_cat-magnet-fishing-kit","9":"product_cat-fishing-magnets","10":"product_cat-advanced","11":"product_cat-strongest-fishing-magnets","13":"first","14":"instock","15":"sale","16":"taxable","17":"shipping-taxable","18":"purchasable","19":"product-type-simple"},"acf":[],"yoast_head":"<!-- This site is optimized with the Yoast SEO plugin v27.4 - https:\/\/yoast.com\/product\/yoast-seo-wordpress\/ -->\n<title>Savage otsingumagneti komplekt \u2013 1600 kg \u2013 360\u00b0 Allround - Magnetar<\/title>\n<meta name=\"description\" content=\"Savage komplekt \u2013 1800 kg \u2013 360\u00b0 magnet Magnetar\" \/>\n<meta name=\"robots\" content=\"index, follow, max-snippet:-1, max-image-preview:large, max-video-preview:-1\" \/>\n<link rel=\"canonical\" href=\"https:\/\/magnetarmagnets.com\/et\/shop\/savage-komplekt-1600-kg-allround-360-kalapuugimagnet\/\" \/>\n<meta property=\"og:locale\" content=\"et_EE\" \/>\n<meta property=\"og:type\" content=\"article\" \/>\n<meta property=\"og:title\" content=\"Savage otsingumagneti komplekt \u2013 1600 kg \u2013 360\u00b0 Allround - Magnetar\" \/>\n<meta property=\"og:description\" content=\"Savage komplekt \u2013 1800 kg \u2013 360\u00b0 magnet Magnetar\" \/>\n<meta property=\"og:url\" content=\"https:\/\/magnetarmagnets.com\/et\/shop\/savage-komplekt-1600-kg-allround-360-kalapuugimagnet\/\" \/>\n<meta property=\"og:site_name\" content=\"Magnet fishing with a Magnetar fishing magnet\" \/>\n<meta property=\"article:publisher\" content=\"https:\/\/www.facebook.com\/fishingmagnets\/\" \/>\n<meta property=\"article:modified_time\" content=\"2026-04-22T04:19:16+00:00\" \/>\n<meta property=\"og:image\" content=\"https:\/\/magnetarmagnets.com\/wp-content\/uploads\/2021\/10\/MAGNETAR-SAVAGE-KIT-GOOGLE.jpg\" \/>\n\t<meta property=\"og:image:width\" content=\"1500\" \/>\n\t<meta property=\"og:image:height\" content=\"1500\" \/>\n\t<meta property=\"og:image:type\" content=\"image\/jpeg\" \/>\n<meta name=\"twitter:card\" content=\"summary_large_image\" \/>\n<meta name=\"twitter:label1\" content=\"Est. reading time\" \/>\n\t<meta name=\"twitter:data1\" content=\"4 minutit\" \/>\n<script type=\"application\/ld+json\" class=\"yoast-schema-graph\">{\"@context\":\"https:\\\/\\\/schema.org\",\"@graph\":[{\"@type\":[\"WebPage\",\"ItemPage\"],\"@id\":\"https:\\\/\\\/magnetarmagnets.com\\\/et\\\/shop\\\/savage-komplekt-1600-kg-allround-360-kalapuugimagnet\\\/\",\"url\":\"https:\\\/\\\/magnetarmagnets.com\\\/et\\\/shop\\\/savage-komplekt-1600-kg-allround-360-kalapuugimagnet\\\/\",\"name\":\"Savage otsingumagneti komplekt \u2013 1600 kg \u2013 360\u00b0 Allround - Magnetar\",\"isPartOf\":{\"@id\":\"https:\\\/\\\/magnetarmagnets.com\\\/et\\\/#website\"},\"primaryImageOfPage\":{\"@id\":\"https:\\\/\\\/magnetarmagnets.com\\\/et\\\/shop\\\/savage-komplekt-1600-kg-allround-360-kalapuugimagnet\\\/#primaryimage\"},\"image\":{\"@id\":\"https:\\\/\\\/magnetarmagnets.com\\\/et\\\/shop\\\/savage-komplekt-1600-kg-allround-360-kalapuugimagnet\\\/#primaryimage\"},\"thumbnailUrl\":\"https:\\\/\\\/magnetarmagnets.com\\\/wp-content\\\/uploads\\\/2021\\\/10\\\/MAGNETAR-SAVAGE-KIT-GOOGLE.jpg\",\"datePublished\":\"2025-06-05T07:53:06+00:00\",\"dateModified\":\"2026-04-22T04:19:16+00:00\",\"description\":\"Savage komplekt \u2013 1800 kg \u2013 360\u00b0 magnet Magnetar\",\"breadcrumb\":{\"@id\":\"https:\\\/\\\/magnetarmagnets.com\\\/et\\\/shop\\\/savage-komplekt-1600-kg-allround-360-kalapuugimagnet\\\/#breadcrumb\"},\"inLanguage\":\"et\",\"potentialAction\":[{\"@type\":\"ReadAction\",\"target\":[\"https:\\\/\\\/magnetarmagnets.com\\\/et\\\/shop\\\/savage-komplekt-1600-kg-allround-360-kalapuugimagnet\\\/\"]}]},{\"@type\":\"ImageObject\",\"inLanguage\":\"et\",\"@id\":\"https:\\\/\\\/magnetarmagnets.com\\\/et\\\/shop\\\/savage-komplekt-1600-kg-allround-360-kalapuugimagnet\\\/#primaryimage\",\"url\":\"https:\\\/\\\/magnetarmagnets.com\\\/wp-content\\\/uploads\\\/2021\\\/10\\\/MAGNETAR-SAVAGE-KIT-GOOGLE.jpg\",\"contentUrl\":\"https:\\\/\\\/magnetarmagnets.com\\\/wp-content\\\/uploads\\\/2021\\\/10\\\/MAGNETAR-SAVAGE-KIT-GOOGLE.jpg\",\"width\":1500,\"height\":1500,\"caption\":\"magnetar-savage-kit-magneetvissen\"},{\"@type\":\"BreadcrumbList\",\"@id\":\"https:\\\/\\\/magnetarmagnets.com\\\/et\\\/shop\\\/savage-komplekt-1600-kg-allround-360-kalapuugimagnet\\\/#breadcrumb\",\"itemListElement\":[{\"@type\":\"ListItem\",\"position\":1,\"name\":\"Home\",\"item\":\"https:\\\/\\\/magnetarmagnets.com\\\/et\\\/\"},{\"@type\":\"ListItem\",\"position\":2,\"name\":\"pood\",\"item\":\"https:\\\/\\\/magnetarmagnets.com\\\/et\\\/pood\\\/\"},{\"@type\":\"ListItem\",\"position\":3,\"name\":\"Otsingumagnetid\",\"item\":\"https:\\\/\\\/magnetarmagnets.com\\\/et\\\/collections\\\/otsingumagnetid\\\/\"},{\"@type\":\"ListItem\",\"position\":4,\"name\":\"Allround 360 otsingumagnetid\",\"item\":\"https:\\\/\\\/magnetarmagnets.com\\\/et\\\/collections\\\/otsingumagnetid\\\/allround-360-otsingumagnetid\\\/\"},{\"@type\":\"ListItem\",\"position\":5,\"name\":\"Savage otsingumagneti komplekt \u2013 1600 kg \u2013 360\u00b0 Allround\"}]},{\"@type\":\"WebSite\",\"@id\":\"https:\\\/\\\/magnetarmagnets.com\\\/et\\\/#website\",\"url\":\"https:\\\/\\\/magnetarmagnets.com\\\/et\\\/\",\"name\":\"Magnet fishing with a Magnetar fishing magnet\",\"description\":\"Tugevad magnetid magnetp\u00fc\u00fcgiks\",\"publisher\":{\"@id\":\"https:\\\/\\\/magnetarmagnets.com\\\/et\\\/#organization\"},\"potentialAction\":[{\"@type\":\"SearchAction\",\"target\":{\"@type\":\"EntryPoint\",\"urlTemplate\":\"https:\\\/\\\/magnetarmagnets.com\\\/et\\\/?s={search_term_string}\"},\"query-input\":{\"@type\":\"PropertyValueSpecification\",\"valueRequired\":true,\"valueName\":\"search_term_string\"}}],\"inLanguage\":\"et\"},{\"@type\":\"Organization\",\"@id\":\"https:\\\/\\\/magnetarmagnets.com\\\/et\\\/#organization\",\"name\":\"Magnetar\",\"url\":\"https:\\\/\\\/magnetarmagnets.com\\\/et\\\/\",\"logo\":{\"@type\":\"ImageObject\",\"inLanguage\":\"et\",\"@id\":\"https:\\\/\\\/magnetarmagnets.com\\\/et\\\/#\\\/schema\\\/logo\\\/image\\\/\",\"url\":\"https:\\\/\\\/magnetarmagnets.com\\\/wp-content\\\/uploads\\\/2025\\\/05\\\/Logo-03_PNG-Black-scaled.png\",\"contentUrl\":\"https:\\\/\\\/magnetarmagnets.com\\\/wp-content\\\/uploads\\\/2025\\\/05\\\/Logo-03_PNG-Black-scaled.png\",\"width\":2560,\"height\":1658,\"caption\":\"Magnetar\"},\"image\":{\"@id\":\"https:\\\/\\\/magnetarmagnets.com\\\/et\\\/#\\\/schema\\\/logo\\\/image\\\/\"},\"sameAs\":[\"https:\\\/\\\/www.facebook.com\\\/fishingmagnets\\\/\",\"https:\\\/\\\/www.instagram.com\\\/magnetar_magnets\\\/\",\"https:\\\/\\\/www.linkedin.com\\\/company\\\/magnetarbv\\\/?originalSubdomain=nl\",\"https:\\\/\\\/www.youtube.com\\\/c\\\/MagnetarVismagneet\"]}]}<\/script>\n<!-- \/ Yoast SEO plugin. -->","yoast_head_json":{"title":"Savage otsingumagneti komplekt \u2013 1600 kg \u2013 360\u00b0 Allround - Magnetar","description":"Savage komplekt \u2013 1800 kg \u2013 360\u00b0 magnet Magnetar","robots":{"index":"index","follow":"follow","max-snippet":"max-snippet:-1","max-image-preview":"max-image-preview:large","max-video-preview":"max-video-preview:-1"},"canonical":"https:\/\/magnetarmagnets.com\/et\/shop\/savage-komplekt-1600-kg-allround-360-kalapuugimagnet\/","og_locale":"et_EE","og_type":"article","og_title":"Savage otsingumagneti komplekt \u2013 1600 kg \u2013 360\u00b0 Allround - Magnetar","og_description":"Savage komplekt \u2013 1800 kg \u2013 360\u00b0 magnet Magnetar","og_url":"https:\/\/magnetarmagnets.com\/et\/shop\/savage-komplekt-1600-kg-allround-360-kalapuugimagnet\/","og_site_name":"Magnet fishing with a Magnetar fishing magnet","article_publisher":"https:\/\/www.facebook.com\/fishingmagnets\/","article_modified_time":"2026-04-22T04:19:16+00:00","og_image":[{"width":1500,"height":1500,"url":"https:\/\/magnetarmagnets.com\/wp-content\/uploads\/2021\/10\/MAGNETAR-SAVAGE-KIT-GOOGLE.jpg","type":"image\/jpeg"}],"twitter_card":"summary_large_image","twitter_misc":{"Est. reading time":"4 minutit"},"schema":{"@context":"https:\/\/schema.org","@graph":[{"@type":["WebPage","ItemPage"],"@id":"https:\/\/magnetarmagnets.com\/et\/shop\/savage-komplekt-1600-kg-allround-360-kalapuugimagnet\/","url":"https:\/\/magnetarmagnets.com\/et\/shop\/savage-komplekt-1600-kg-allround-360-kalapuugimagnet\/","name":"Savage otsingumagneti komplekt \u2013 1600 kg \u2013 360\u00b0 Allround - Magnetar","isPartOf":{"@id":"https:\/\/magnetarmagnets.com\/et\/#website"},"primaryImageOfPage":{"@id":"https:\/\/magnetarmagnets.com\/et\/shop\/savage-komplekt-1600-kg-allround-360-kalapuugimagnet\/#primaryimage"},"image":{"@id":"https:\/\/magnetarmagnets.com\/et\/shop\/savage-komplekt-1600-kg-allround-360-kalapuugimagnet\/#primaryimage"},"thumbnailUrl":"https:\/\/magnetarmagnets.com\/wp-content\/uploads\/2021\/10\/MAGNETAR-SAVAGE-KIT-GOOGLE.jpg","datePublished":"2025-06-05T07:53:06+00:00","dateModified":"2026-04-22T04:19:16+00:00","description":"Savage komplekt \u2013 1800 kg \u2013 360\u00b0 magnet Magnetar","breadcrumb":{"@id":"https:\/\/magnetarmagnets.com\/et\/shop\/savage-komplekt-1600-kg-allround-360-kalapuugimagnet\/#breadcrumb"},"inLanguage":"et","potentialAction":[{"@type":"ReadAction","target":["https:\/\/magnetarmagnets.com\/et\/shop\/savage-komplekt-1600-kg-allround-360-kalapuugimagnet\/"]}]},{"@type":"ImageObject","inLanguage":"et","@id":"https:\/\/magnetarmagnets.com\/et\/shop\/savage-komplekt-1600-kg-allround-360-kalapuugimagnet\/#primaryimage","url":"https:\/\/magnetarmagnets.com\/wp-content\/uploads\/2021\/10\/MAGNETAR-SAVAGE-KIT-GOOGLE.jpg","contentUrl":"https:\/\/magnetarmagnets.com\/wp-content\/uploads\/2021\/10\/MAGNETAR-SAVAGE-KIT-GOOGLE.jpg","width":1500,"height":1500,"caption":"magnetar-savage-kit-magneetvissen"},{"@type":"BreadcrumbList","@id":"https:\/\/magnetarmagnets.com\/et\/shop\/savage-komplekt-1600-kg-allround-360-kalapuugimagnet\/#breadcrumb","itemListElement":[{"@type":"ListItem","position":1,"name":"Home","item":"https:\/\/magnetarmagnets.com\/et\/"},{"@type":"ListItem","position":2,"name":"pood","item":"https:\/\/magnetarmagnets.com\/et\/pood\/"},{"@type":"ListItem","position":3,"name":"Otsingumagnetid","item":"https:\/\/magnetarmagnets.com\/et\/collections\/otsingumagnetid\/"},{"@type":"ListItem","position":4,"name":"Allround 360 otsingumagnetid","item":"https:\/\/magnetarmagnets.com\/et\/collections\/otsingumagnetid\/allround-360-otsingumagnetid\/"},{"@type":"ListItem","position":5,"name":"Savage otsingumagneti komplekt \u2013 1600 kg \u2013 360\u00b0 Allround"}]},{"@type":"WebSite","@id":"https:\/\/magnetarmagnets.com\/et\/#website","url":"https:\/\/magnetarmagnets.com\/et\/","name":"Magnet fishing with a Magnetar fishing magnet","description":"Tugevad magnetid magnetp\u00fc\u00fcgiks","publisher":{"@id":"https:\/\/magnetarmagnets.com\/et\/#organization"},"potentialAction":[{"@type":"SearchAction","target":{"@type":"EntryPoint","urlTemplate":"https:\/\/magnetarmagnets.com\/et\/?s={search_term_string}"},"query-input":{"@type":"PropertyValueSpecification","valueRequired":true,"valueName":"search_term_string"}}],"inLanguage":"et"},{"@type":"Organization","@id":"https:\/\/magnetarmagnets.com\/et\/#organization","name":"Magnetar","url":"https:\/\/magnetarmagnets.com\/et\/","logo":{"@type":"ImageObject","inLanguage":"et","@id":"https:\/\/magnetarmagnets.com\/et\/#\/schema\/logo\/image\/","url":"https:\/\/magnetarmagnets.com\/wp-content\/uploads\/2025\/05\/Logo-03_PNG-Black-scaled.png","contentUrl":"https:\/\/magnetarmagnets.com\/wp-content\/uploads\/2025\/05\/Logo-03_PNG-Black-scaled.png","width":2560,"height":1658,"caption":"Magnetar"},"image":{"@id":"https:\/\/magnetarmagnets.com\/et\/#\/schema\/logo\/image\/"},"sameAs":["https:\/\/www.facebook.com\/fishingmagnets\/","https:\/\/www.instagram.com\/magnetar_magnets\/","https:\/\/www.linkedin.com\/company\/magnetarbv\/?originalSubdomain=nl","https:\/\/www.youtube.com\/c\/MagnetarVismagneet"]}]}},"_links":{"self":[{"href":"https:\/\/magnetarmagnets.com\/et\/wp-json\/wp\/v2\/product\/81643","targetHints":{"allow":["GET"]}}],"collection":[{"href":"https:\/\/magnetarmagnets.com\/et\/wp-json\/wp\/v2\/product"}],"about":[{"href":"https:\/\/magnetarmagnets.com\/et\/wp-json\/wp\/v2\/types\/product"}],"replies":[{"embeddable":true,"href":"https:\/\/magnetarmagnets.com\/et\/wp-json\/wp\/v2\/comments?post=81643"}],"version-history":[{"count":0,"href":"https:\/\/magnetarmagnets.com\/et\/wp-json\/wp\/v2\/product\/81643\/revisions"}],"wp:featuredmedia":[{"embeddable":true,"href":"https:\/\/magnetarmagnets.com\/et\/wp-json\/wp\/v2\/media\/72580"}],"wp:attachment":[{"href":"https:\/\/magnetarmagnets.com\/et\/wp-json\/wp\/v2\/media?parent=81643"}],"wp:term":[{"taxonomy":"product_brand","embeddable":true,"href":"https:\/\/magnetarmagnets.com\/et\/wp-json\/wp\/v2\/product_brand?post=81643"},{"taxonomy":"product_cat","embeddable":true,"href":"https:\/\/magnetarmagnets.com\/et\/wp-json\/wp\/v2\/product_cat?post=81643"},{"taxonomy":"product_tag","embeddable":true,"href":"https:\/\/magnetarmagnets.com\/et\/wp-json\/wp\/v2\/product_tag?post=81643"}],"curies":[{"name":"wp","href":"https:\/\/api.w.org\/{rel}","templated":true}]}}