{"id":81615,"date":"2025-06-05T09:53:46","date_gmt":"2025-06-05T07:53:46","guid":{"rendered":"https:\/\/magnetarmagnets.com\/?post_type=product&#038;p=81615"},"modified":"2026-04-08T20:34:43","modified_gmt":"2026-04-08T18:34:43","slug":"vulcan-s-soojendusega-jope","status":"publish","type":"product","link":"https:\/\/magnetarmagnets.com\/et\/shop\/vulcan-s-soojendusega-jope\/","title":{"rendered":"Vulcan S soojendusega jope"},"content":{"rendered":"<img fetchpriority=\"high\" decoding=\"async\" class=\"aligncenter size-full wp-image-51844\" src=\"https:\/\/magnetarmagnets.com\/wp-content\/uploads\/2021\/02\/Softshell-engels.png\" alt=\"soojendusega jope, soe jope, Magnetar Heat, softshell, soojendus, t\u00f6\u00f6jope\" width=\"764\" height=\"436\" srcset=\"https:\/\/magnetarmagnets.com\/wp-content\/uploads\/2021\/02\/Softshell-engels.png 764w, https:\/\/magnetarmagnets.com\/wp-content\/uploads\/2021\/02\/Softshell-engels-600x342.png 600w, https:\/\/magnetarmagnets.com\/wp-content\/uploads\/2021\/02\/Softshell-engels-300x171.png 300w\" sizes=\"(max-width: 764px) 100vw, 764px\" \/>\r\n\r\n<h2>Parimad soojendusega joped<\/h2>\r\n\r\n<strong>Soojendusega jope?<\/strong> Meie soojendusega joped hoiavad sind soojas ka k\u00fclmematel p\u00e4evadel. Ideaalne seiklusteks, n\u00e4iteks <a href=\"https:\/\/magnetarmagnets.com\/et\/\" target=\"_blank\" rel=\"noopener\">magnetp\u00fc\u00fcgil<\/a>. Selle patareiga soojendataval jopel on kolm soojusre\u017eiimi, et saaksid alati valida mugava temperatuuri. Kas t\u00f6\u00f6tad v\u00e4litingimustes k\u00fclmal p\u00e4eval v\u00f5i naudid jahedat suve\u00f5htut? See mugav, tuule- ja veekindel soojendusega jope hoiab sind soojas.\r\n\r\n<h2>Tooteinfo soojendusega jope<\/h2>\r\n\r\nKaasas olev aku on mobiiltelefoni suurune ja hoiab sind soojas kuni <strong>10 tundi<\/strong>, s\u00f5ltuvalt soojusre\u017eiimist. Jopel on kaasas <strong>aku ja laadija<\/strong>. Jakk on valmistatud tuule- ja veekindlast kangast ning sellel on pehme polarflisivooder sisemisel poolel, mis tagab t\u00e4ieliku liikumisvabaduse \u00f5ues tegutsedes. Selle jopoga ei pea riidekihtide alla kuhjama, n\u00e4iteks jalutades, aiat\u00f6id tehes, kalu p\u00fc\u00fces v\u00f5i jalgrattaga s\u00f5ites.\r\n\r\nK\u00fcttetsoonid pakuvad t\u00e4pselt sinu \u00fclakehale vajalikku sooja, nii rinnal kui ka seljal. Madal, keskmine ja k\u00f5rge re\u017eiim v\u00f5imaldavad seada \u00f5ige temperatuuri vastavalt tingimustele ja p\u00fcsida soojas kogu p\u00e4eva. Seej\u00e4rel lae aku 3\u20134 tunniga t\u00e4is ja oled taas valmis tegutsema.\r\n\r\nMeie jakid on valmistatud vastupidavast ja kvaliteetsest materjalist, mis hoiab sind soojas igas ilmastikus.\r\n\r\n<h2>CE-sertifitseeritud soojendusega joped<\/h2>\r\n\r\nSoojendusega joped on CE-sertifitseeritud. Me seisu t\u00e4ismahus oma toote taga ning pakume seet\u00f5ttu <strong>1-aastast garantiid<\/strong>.","protected":false},"excerpt":{"rendered":"<p><span style=\"font-weight: 400;\">See on soojendatav jope k\u00fcttekehaga ja kolme temperatuurire\u017eiimiga. Hoiab sind soojas, kui seda vajad.<\/span><\/p>\n","protected":false},"featured_media":71561,"comment_status":"open","ping_status":"closed","template":"","meta":{"_acf_changed":false,"inline_featured_image":false},"product_brand":[],"product_cat":[1002],"product_tag":[],"class_list":{"0":"post-81615","1":"product","2":"type-product","3":"status-publish","4":"has-post-thumbnail","6":"product_cat-koik-tooted","8":"first","9":"instock","10":"sale","11":"taxable","12":"shipping-taxable","13":"purchasable","14":"product-type-simple"},"acf":[],"yoast_head":"<!-- This site is optimized with the Yoast SEO plugin v27.4 - https:\/\/yoast.com\/product\/yoast-seo-wordpress\/ -->\n<title>Vulcan S soojendusega jope - Magnet fishing with a Magnetar fishing magnet<\/title>\n<meta name=\"description\" content=\"Kas t\u00f6\u00f6tad v\u00e4litingimustes k\u00fclmal p\u00e4eval v\u00f5i naudid jahedat suve\u00f5htut? See mugav, tuule- ja veekindel soojendusega jope hoiab sind soojas.\" \/>\n<meta name=\"robots\" content=\"index, follow, max-snippet:-1, max-image-preview:large, max-video-preview:-1\" \/>\n<link rel=\"canonical\" href=\"https:\/\/magnetarmagnets.com\/et\/shop\/vulcan-s-soojendusega-jope\/\" \/>\n<meta property=\"og:locale\" content=\"et_EE\" \/>\n<meta property=\"og:type\" content=\"article\" \/>\n<meta property=\"og:title\" content=\"Vulcan S soojendusega jope - Magnet fishing with a Magnetar fishing magnet\" \/>\n<meta property=\"og:description\" content=\"Kas t\u00f6\u00f6tad v\u00e4litingimustes k\u00fclmal p\u00e4eval v\u00f5i naudid jahedat suve\u00f5htut? See mugav, tuule- ja veekindel soojendusega jope hoiab sind soojas.\" \/>\n<meta property=\"og:url\" content=\"https:\/\/magnetarmagnets.com\/et\/shop\/vulcan-s-soojendusega-jope\/\" \/>\n<meta property=\"og:site_name\" content=\"Magnet fishing with a Magnetar fishing magnet\" \/>\n<meta property=\"article:publisher\" content=\"https:\/\/www.facebook.com\/fishingmagnets\/\" \/>\n<meta property=\"article:modified_time\" content=\"2026-04-08T18:34:43+00:00\" \/>\n<meta property=\"og:image\" content=\"https:\/\/magnetarmagnets.com\/wp-content\/uploads\/2021\/02\/heated-jacket-scaled.jpg\" \/>\n\t<meta property=\"og:image:width\" content=\"2560\" \/>\n\t<meta property=\"og:image:height\" content=\"2560\" \/>\n\t<meta property=\"og:image:type\" content=\"image\/jpeg\" \/>\n<meta name=\"twitter:card\" content=\"summary_large_image\" \/>\n<meta name=\"twitter:label1\" content=\"Est. reading time\" \/>\n\t<meta name=\"twitter:data1\" content=\"2 minutit\" \/>\n<script type=\"application\/ld+json\" class=\"yoast-schema-graph\">{\"@context\":\"https:\\\/\\\/schema.org\",\"@graph\":[{\"@type\":[\"WebPage\",\"ItemPage\"],\"@id\":\"https:\\\/\\\/magnetarmagnets.com\\\/et\\\/shop\\\/vulcan-s-soojendusega-jope\\\/\",\"url\":\"https:\\\/\\\/magnetarmagnets.com\\\/et\\\/shop\\\/vulcan-s-soojendusega-jope\\\/\",\"name\":\"Vulcan S soojendusega jope - Magnet fishing with a Magnetar fishing magnet\",\"isPartOf\":{\"@id\":\"https:\\\/\\\/magnetarmagnets.com\\\/et\\\/#website\"},\"primaryImageOfPage\":{\"@id\":\"https:\\\/\\\/magnetarmagnets.com\\\/et\\\/shop\\\/vulcan-s-soojendusega-jope\\\/#primaryimage\"},\"image\":{\"@id\":\"https:\\\/\\\/magnetarmagnets.com\\\/et\\\/shop\\\/vulcan-s-soojendusega-jope\\\/#primaryimage\"},\"thumbnailUrl\":\"https:\\\/\\\/magnetarmagnets.com\\\/wp-content\\\/uploads\\\/2021\\\/02\\\/heated-jacket-scaled.jpg\",\"datePublished\":\"2025-06-05T07:53:46+00:00\",\"dateModified\":\"2026-04-08T18:34:43+00:00\",\"description\":\"Kas t\u00f6\u00f6tad v\u00e4litingimustes k\u00fclmal p\u00e4eval v\u00f5i naudid jahedat suve\u00f5htut? See mugav, tuule- ja veekindel soojendusega jope hoiab sind soojas.\",\"breadcrumb\":{\"@id\":\"https:\\\/\\\/magnetarmagnets.com\\\/et\\\/shop\\\/vulcan-s-soojendusega-jope\\\/#breadcrumb\"},\"inLanguage\":\"et\",\"potentialAction\":[{\"@type\":\"ReadAction\",\"target\":[\"https:\\\/\\\/magnetarmagnets.com\\\/et\\\/shop\\\/vulcan-s-soojendusega-jope\\\/\"]}]},{\"@type\":\"ImageObject\",\"inLanguage\":\"et\",\"@id\":\"https:\\\/\\\/magnetarmagnets.com\\\/et\\\/shop\\\/vulcan-s-soojendusega-jope\\\/#primaryimage\",\"url\":\"https:\\\/\\\/magnetarmagnets.com\\\/wp-content\\\/uploads\\\/2021\\\/02\\\/heated-jacket-scaled.jpg\",\"contentUrl\":\"https:\\\/\\\/magnetarmagnets.com\\\/wp-content\\\/uploads\\\/2021\\\/02\\\/heated-jacket-scaled.jpg\",\"width\":2560,\"height\":2560,\"caption\":\"heated jacket\"},{\"@type\":\"BreadcrumbList\",\"@id\":\"https:\\\/\\\/magnetarmagnets.com\\\/et\\\/shop\\\/vulcan-s-soojendusega-jope\\\/#breadcrumb\",\"itemListElement\":[{\"@type\":\"ListItem\",\"position\":1,\"name\":\"Home\",\"item\":\"https:\\\/\\\/magnetarmagnets.com\\\/et\\\/\"},{\"@type\":\"ListItem\",\"position\":2,\"name\":\"pood\",\"item\":\"https:\\\/\\\/magnetarmagnets.com\\\/et\\\/pood\\\/\"},{\"@type\":\"ListItem\",\"position\":3,\"name\":\"K\u00f5ik tooted\",\"item\":\"https:\\\/\\\/magnetarmagnets.com\\\/et\\\/collections\\\/koik-tooted\\\/\"},{\"@type\":\"ListItem\",\"position\":4,\"name\":\"Vulcan S soojendusega jope\"}]},{\"@type\":\"WebSite\",\"@id\":\"https:\\\/\\\/magnetarmagnets.com\\\/et\\\/#website\",\"url\":\"https:\\\/\\\/magnetarmagnets.com\\\/et\\\/\",\"name\":\"Magnet fishing with a Magnetar fishing magnet\",\"description\":\"Tugevad magnetid magnetp\u00fc\u00fcgiks\",\"publisher\":{\"@id\":\"https:\\\/\\\/magnetarmagnets.com\\\/et\\\/#organization\"},\"potentialAction\":[{\"@type\":\"SearchAction\",\"target\":{\"@type\":\"EntryPoint\",\"urlTemplate\":\"https:\\\/\\\/magnetarmagnets.com\\\/et\\\/?s={search_term_string}\"},\"query-input\":{\"@type\":\"PropertyValueSpecification\",\"valueRequired\":true,\"valueName\":\"search_term_string\"}}],\"inLanguage\":\"et\"},{\"@type\":\"Organization\",\"@id\":\"https:\\\/\\\/magnetarmagnets.com\\\/et\\\/#organization\",\"name\":\"Magnetar\",\"url\":\"https:\\\/\\\/magnetarmagnets.com\\\/et\\\/\",\"logo\":{\"@type\":\"ImageObject\",\"inLanguage\":\"et\",\"@id\":\"https:\\\/\\\/magnetarmagnets.com\\\/et\\\/#\\\/schema\\\/logo\\\/image\\\/\",\"url\":\"https:\\\/\\\/magnetarmagnets.com\\\/wp-content\\\/uploads\\\/2025\\\/05\\\/Logo-03_PNG-Black-scaled.png\",\"contentUrl\":\"https:\\\/\\\/magnetarmagnets.com\\\/wp-content\\\/uploads\\\/2025\\\/05\\\/Logo-03_PNG-Black-scaled.png\",\"width\":2560,\"height\":1658,\"caption\":\"Magnetar\"},\"image\":{\"@id\":\"https:\\\/\\\/magnetarmagnets.com\\\/et\\\/#\\\/schema\\\/logo\\\/image\\\/\"},\"sameAs\":[\"https:\\\/\\\/www.facebook.com\\\/fishingmagnets\\\/\",\"https:\\\/\\\/www.instagram.com\\\/magnetar_magnets\\\/\",\"https:\\\/\\\/www.linkedin.com\\\/company\\\/magnetarbv\\\/?originalSubdomain=nl\",\"https:\\\/\\\/www.youtube.com\\\/c\\\/MagnetarVismagneet\"]}]}<\/script>\n<!-- \/ Yoast SEO plugin. -->","yoast_head_json":{"title":"Vulcan S soojendusega jope - Magnet fishing with a Magnetar fishing magnet","description":"Kas t\u00f6\u00f6tad v\u00e4litingimustes k\u00fclmal p\u00e4eval v\u00f5i naudid jahedat suve\u00f5htut? See mugav, tuule- ja veekindel soojendusega jope hoiab sind soojas.","robots":{"index":"index","follow":"follow","max-snippet":"max-snippet:-1","max-image-preview":"max-image-preview:large","max-video-preview":"max-video-preview:-1"},"canonical":"https:\/\/magnetarmagnets.com\/et\/shop\/vulcan-s-soojendusega-jope\/","og_locale":"et_EE","og_type":"article","og_title":"Vulcan S soojendusega jope - Magnet fishing with a Magnetar fishing magnet","og_description":"Kas t\u00f6\u00f6tad v\u00e4litingimustes k\u00fclmal p\u00e4eval v\u00f5i naudid jahedat suve\u00f5htut? See mugav, tuule- ja veekindel soojendusega jope hoiab sind soojas.","og_url":"https:\/\/magnetarmagnets.com\/et\/shop\/vulcan-s-soojendusega-jope\/","og_site_name":"Magnet fishing with a Magnetar fishing magnet","article_publisher":"https:\/\/www.facebook.com\/fishingmagnets\/","article_modified_time":"2026-04-08T18:34:43+00:00","og_image":[{"width":2560,"height":2560,"url":"https:\/\/magnetarmagnets.com\/wp-content\/uploads\/2021\/02\/heated-jacket-scaled.jpg","type":"image\/jpeg"}],"twitter_card":"summary_large_image","twitter_misc":{"Est. reading time":"2 minutit"},"schema":{"@context":"https:\/\/schema.org","@graph":[{"@type":["WebPage","ItemPage"],"@id":"https:\/\/magnetarmagnets.com\/et\/shop\/vulcan-s-soojendusega-jope\/","url":"https:\/\/magnetarmagnets.com\/et\/shop\/vulcan-s-soojendusega-jope\/","name":"Vulcan S soojendusega jope - Magnet fishing with a Magnetar fishing magnet","isPartOf":{"@id":"https:\/\/magnetarmagnets.com\/et\/#website"},"primaryImageOfPage":{"@id":"https:\/\/magnetarmagnets.com\/et\/shop\/vulcan-s-soojendusega-jope\/#primaryimage"},"image":{"@id":"https:\/\/magnetarmagnets.com\/et\/shop\/vulcan-s-soojendusega-jope\/#primaryimage"},"thumbnailUrl":"https:\/\/magnetarmagnets.com\/wp-content\/uploads\/2021\/02\/heated-jacket-scaled.jpg","datePublished":"2025-06-05T07:53:46+00:00","dateModified":"2026-04-08T18:34:43+00:00","description":"Kas t\u00f6\u00f6tad v\u00e4litingimustes k\u00fclmal p\u00e4eval v\u00f5i naudid jahedat suve\u00f5htut? See mugav, tuule- ja veekindel soojendusega jope hoiab sind soojas.","breadcrumb":{"@id":"https:\/\/magnetarmagnets.com\/et\/shop\/vulcan-s-soojendusega-jope\/#breadcrumb"},"inLanguage":"et","potentialAction":[{"@type":"ReadAction","target":["https:\/\/magnetarmagnets.com\/et\/shop\/vulcan-s-soojendusega-jope\/"]}]},{"@type":"ImageObject","inLanguage":"et","@id":"https:\/\/magnetarmagnets.com\/et\/shop\/vulcan-s-soojendusega-jope\/#primaryimage","url":"https:\/\/magnetarmagnets.com\/wp-content\/uploads\/2021\/02\/heated-jacket-scaled.jpg","contentUrl":"https:\/\/magnetarmagnets.com\/wp-content\/uploads\/2021\/02\/heated-jacket-scaled.jpg","width":2560,"height":2560,"caption":"heated jacket"},{"@type":"BreadcrumbList","@id":"https:\/\/magnetarmagnets.com\/et\/shop\/vulcan-s-soojendusega-jope\/#breadcrumb","itemListElement":[{"@type":"ListItem","position":1,"name":"Home","item":"https:\/\/magnetarmagnets.com\/et\/"},{"@type":"ListItem","position":2,"name":"pood","item":"https:\/\/magnetarmagnets.com\/et\/pood\/"},{"@type":"ListItem","position":3,"name":"K\u00f5ik tooted","item":"https:\/\/magnetarmagnets.com\/et\/collections\/koik-tooted\/"},{"@type":"ListItem","position":4,"name":"Vulcan S soojendusega jope"}]},{"@type":"WebSite","@id":"https:\/\/magnetarmagnets.com\/et\/#website","url":"https:\/\/magnetarmagnets.com\/et\/","name":"Magnet fishing with a Magnetar fishing magnet","description":"Tugevad magnetid magnetp\u00fc\u00fcgiks","publisher":{"@id":"https:\/\/magnetarmagnets.com\/et\/#organization"},"potentialAction":[{"@type":"SearchAction","target":{"@type":"EntryPoint","urlTemplate":"https:\/\/magnetarmagnets.com\/et\/?s={search_term_string}"},"query-input":{"@type":"PropertyValueSpecification","valueRequired":true,"valueName":"search_term_string"}}],"inLanguage":"et"},{"@type":"Organization","@id":"https:\/\/magnetarmagnets.com\/et\/#organization","name":"Magnetar","url":"https:\/\/magnetarmagnets.com\/et\/","logo":{"@type":"ImageObject","inLanguage":"et","@id":"https:\/\/magnetarmagnets.com\/et\/#\/schema\/logo\/image\/","url":"https:\/\/magnetarmagnets.com\/wp-content\/uploads\/2025\/05\/Logo-03_PNG-Black-scaled.png","contentUrl":"https:\/\/magnetarmagnets.com\/wp-content\/uploads\/2025\/05\/Logo-03_PNG-Black-scaled.png","width":2560,"height":1658,"caption":"Magnetar"},"image":{"@id":"https:\/\/magnetarmagnets.com\/et\/#\/schema\/logo\/image\/"},"sameAs":["https:\/\/www.facebook.com\/fishingmagnets\/","https:\/\/www.instagram.com\/magnetar_magnets\/","https:\/\/www.linkedin.com\/company\/magnetarbv\/?originalSubdomain=nl","https:\/\/www.youtube.com\/c\/MagnetarVismagneet"]}]}},"_links":{"self":[{"href":"https:\/\/magnetarmagnets.com\/et\/wp-json\/wp\/v2\/product\/81615","targetHints":{"allow":["GET"]}}],"collection":[{"href":"https:\/\/magnetarmagnets.com\/et\/wp-json\/wp\/v2\/product"}],"about":[{"href":"https:\/\/magnetarmagnets.com\/et\/wp-json\/wp\/v2\/types\/product"}],"replies":[{"embeddable":true,"href":"https:\/\/magnetarmagnets.com\/et\/wp-json\/wp\/v2\/comments?post=81615"}],"version-history":[{"count":2,"href":"https:\/\/magnetarmagnets.com\/et\/wp-json\/wp\/v2\/product\/81615\/revisions"}],"predecessor-version":[{"id":96157,"href":"https:\/\/magnetarmagnets.com\/et\/wp-json\/wp\/v2\/product\/81615\/revisions\/96157"}],"wp:featuredmedia":[{"embeddable":true,"href":"https:\/\/magnetarmagnets.com\/et\/wp-json\/wp\/v2\/media\/71561"}],"wp:attachment":[{"href":"https:\/\/magnetarmagnets.com\/et\/wp-json\/wp\/v2\/media?parent=81615"}],"wp:term":[{"taxonomy":"product_brand","embeddable":true,"href":"https:\/\/magnetarmagnets.com\/et\/wp-json\/wp\/v2\/product_brand?post=81615"},{"taxonomy":"product_cat","embeddable":true,"href":"https:\/\/magnetarmagnets.com\/et\/wp-json\/wp\/v2\/product_cat?post=81615"},{"taxonomy":"product_tag","embeddable":true,"href":"https:\/\/magnetarmagnets.com\/et\/wp-json\/wp\/v2\/product_tag?post=81615"}],"curies":[{"name":"wp","href":"https:\/\/api.w.org\/{rel}","templated":true}]}}