{"id":81613,"date":"2025-07-07T10:06:08","date_gmt":"2025-07-07T08:06:08","guid":{"rendered":"https:\/\/magnetarmagnets.com\/?post_type=product&#038;p=81613"},"modified":"2025-07-15T14:58:36","modified_gmt":"2025-07-15T12:58:36","slug":"magma-soojendusega-toovest","status":"publish","type":"product","link":"https:\/\/magnetarmagnets.com\/et\/shop\/magma-soojendusega-toovest\/","title":{"rendered":"Magma k\u00fcttega t\u00f6\u00f6vest"},"content":{"rendered":"<h2><img fetchpriority=\"high\" decoding=\"async\" class=\"aligncenter size-full wp-image-51853\" src=\"https:\/\/magnetarmagnets.com\/wp-content\/uploads\/2021\/02\/work-vest-engels.png\" alt=\"t\u00f6\u00f6vest, k\u00fcttevest, Magnetar Heat, soojad riided, kapuuts, vest, k\u00fctte riided\" width=\"765\" height=\"455\" srcset=\"https:\/\/magnetarmagnets.com\/wp-content\/uploads\/2021\/02\/work-vest-engels.png 765w, https:\/\/magnetarmagnets.com\/wp-content\/uploads\/2021\/02\/work-vest-engels-600x357.png 600w, https:\/\/magnetarmagnets.com\/wp-content\/uploads\/2021\/02\/work-vest-engels-300x178.png 300w\" sizes=\"(max-width: 765px) 100vw, 765px\" \/><\/h2>\n\n<h2>Parim k\u00fcttega t\u00f6\u00f6vest<\/h2>\n\n<strong>K\u00fcttega t\u00f6\u00f6vest?<\/strong> Meie t\u00f6\u00f6vestid hoiavad sind soojas ka k\u00fclmematel p\u00e4evadel. Sellel patareitoitel t\u00f6\u00f6vestil on kolm temperatuuriseadet, nii et saad alati sobiva mugava temperatuuri. T\u00f6\u00f6 v\u00e4litingimustes k\u00fclmal p\u00e4eval? Jahedal suve\u00f5htul? T\u00f6\u00f6 tuule k\u00e4es v\u00f5i hilis\u00f5htul? See mugav, tuule- ja veekindel k\u00fcttega t\u00f6\u00f6vest hoiab sind soojas. <strong>Magnetar Heat t\u00f6\u00f6vest on suuruselt avaram, seega telli v\u00e4iksem!<\/strong>\n\n<h2>Tooteinfo: k\u00fcttega t\u00f6\u00f6vest<\/h2>\n\nKomplektis olev aku on mobiiltelefoni m\u00f5\u00f5tu ning suudab hoida sind soojas kuni <strong>9 tundi<\/strong>, s\u00f5ltuvalt soojusastmest. T\u00f6\u00f6vest <strong>toimetatakse koos akuga ja laadijaga.<\/strong> T\u00f6\u00f6vest on valmistatud tuule- ja veekindlast puuvillast ning vooder on kergesti puhastatav nailonist, mis tagab t\u00e4ieliku liikumisvabaduse t\u00f6\u00f6 ajal. Selle k\u00fcttega t\u00f6\u00f6vestiga ei pea end kihiti riietama, n\u00e4iteks p\u00f5llul, teedeehituses, ehitust\u00f6\u00f6l, maalrit\u00f6\u00f6del, hobuste karj\u00e4\u00e4ris, jahil, aednikuna jne. See on t\u00f6\u00f6vest, mis pakub head mugavust ja t\u00e4ielikku liikumisvabadust.\n\nSoojenduspiirkonnad pakuvad mugavat soojust t\u00e4pselt \u00fclakeha osades, kus seda k\u00f5ige enam vajad, rinnal ja seljal. Madal, keskmine ja k\u00f5rge seade v\u00f5imaldavad sul kohanduda oludega ja hoida end soojas kogu p\u00e4eva. Seej\u00e4rel lae aku 3\u20134 tunniga t\u00e4is ja oled taas valmis t\u00f6\u00f6le asuma.\n\nMeie t\u00f6\u00f6vestid on valmistatud vastupidavast ja kvaliteetsest materjalist, mis hoiab sind soojas igas ilmastikus.\n\n<h2>CE-ga heaks kiidetud k\u00fcttevest<\/h2>\n\nK\u00fcttega t\u00f6\u00f6vestid on CE-ga heaks kiidetud. Toetame oma toodet t\u00e4ielikult ja pakume seet\u00f5ttu <strong>1-aastast garantiid<\/strong>.\n\n<strong>Magnetar Heat t\u00f6\u00f6vest on suuruselt avaram, seega telli v\u00e4iksem!<\/strong>","protected":false},"excerpt":{"rendered":"<p><span style=\"font-weight: 400;\">See on k\u00fcttega t\u00f6\u00f6vest kolmes temperatuuriseadistuses. Hoiab sind soojas siis, kui vajad. Eriti vastupidav kulumisele.<\/span><\/p>\n","protected":false},"featured_media":81050,"comment_status":"open","ping_status":"closed","template":"","meta":{"_acf_changed":false,"inline_featured_image":false},"product_brand":[],"product_cat":[423,422],"product_tag":[],"class_list":{"0":"post-81613","1":"product","2":"type-product","3":"status-publish","4":"has-post-thumbnail","6":"product_cat-soojariided","7":"product_cat-varustus","9":"first","10":"instock","11":"taxable","12":"shipping-taxable","13":"product-type-grouped"},"acf":[],"yoast_head":"<!-- This site is optimized with the Yoast SEO plugin v27.3 - https:\/\/yoast.com\/product\/yoast-seo-wordpress\/ -->\n<title>Magma k\u00fcttega t\u00f6\u00f6vest - Magnet fishing with a Magnetar fishing magnet<\/title>\n<meta name=\"description\" content=\"K\u00fcttega t\u00f6\u00f6vest Magma - P\u00fcsi soojas koos Magnetariga\" \/>\n<meta name=\"robots\" content=\"index, follow, max-snippet:-1, max-image-preview:large, max-video-preview:-1\" \/>\n<link rel=\"canonical\" href=\"https:\/\/magnetarmagnets.com\/et\/shop\/magma-soojendusega-toovest\/\" \/>\n<meta property=\"og:locale\" content=\"et_EE\" \/>\n<meta property=\"og:type\" content=\"article\" \/>\n<meta property=\"og:title\" content=\"Magma k\u00fcttega t\u00f6\u00f6vest - Magnet fishing with a Magnetar fishing magnet\" \/>\n<meta property=\"og:description\" content=\"K\u00fcttega t\u00f6\u00f6vest Magma - P\u00fcsi soojas koos Magnetariga\" \/>\n<meta property=\"og:url\" content=\"https:\/\/magnetarmagnets.com\/et\/shop\/magma-soojendusega-toovest\/\" \/>\n<meta property=\"og:site_name\" content=\"Magnet fishing with a Magnetar fishing magnet\" \/>\n<meta property=\"article:publisher\" content=\"https:\/\/www.facebook.com\/fishingmagnets\/\" \/>\n<meta property=\"article:modified_time\" content=\"2025-07-15T12:58:36+00:00\" \/>\n<meta property=\"og:image\" content=\"https:\/\/magnetarmagnets.com\/wp-content\/uploads\/2023\/09\/1-2.jpg\" \/>\n\t<meta property=\"og:image:width\" content=\"1500\" \/>\n\t<meta property=\"og:image:height\" content=\"1500\" \/>\n\t<meta property=\"og:image:type\" content=\"image\/jpeg\" \/>\n<meta name=\"twitter:card\" content=\"summary_large_image\" \/>\n<meta name=\"twitter:label1\" content=\"Est. reading time\" \/>\n\t<meta name=\"twitter:data1\" content=\"2 minutit\" \/>\n<script type=\"application\/ld+json\" class=\"yoast-schema-graph\">{\"@context\":\"https:\\\/\\\/schema.org\",\"@graph\":[{\"@type\":[\"WebPage\",\"ItemPage\"],\"@id\":\"https:\\\/\\\/magnetarmagnets.com\\\/et\\\/shop\\\/magma-soojendusega-toovest\\\/\",\"url\":\"https:\\\/\\\/magnetarmagnets.com\\\/et\\\/shop\\\/magma-soojendusega-toovest\\\/\",\"name\":\"Magma k\u00fcttega t\u00f6\u00f6vest - Magnet fishing with a Magnetar fishing magnet\",\"isPartOf\":{\"@id\":\"https:\\\/\\\/magnetarmagnets.com\\\/et\\\/#website\"},\"primaryImageOfPage\":{\"@id\":\"https:\\\/\\\/magnetarmagnets.com\\\/et\\\/shop\\\/magma-soojendusega-toovest\\\/#primaryimage\"},\"image\":{\"@id\":\"https:\\\/\\\/magnetarmagnets.com\\\/et\\\/shop\\\/magma-soojendusega-toovest\\\/#primaryimage\"},\"thumbnailUrl\":\"https:\\\/\\\/magnetarmagnets.com\\\/wp-content\\\/uploads\\\/2023\\\/09\\\/1-2.jpg\",\"datePublished\":\"2025-07-07T08:06:08+00:00\",\"dateModified\":\"2025-07-15T12:58:36+00:00\",\"description\":\"K\u00fcttega t\u00f6\u00f6vest Magma - P\u00fcsi soojas koos Magnetariga\",\"breadcrumb\":{\"@id\":\"https:\\\/\\\/magnetarmagnets.com\\\/et\\\/shop\\\/magma-soojendusega-toovest\\\/#breadcrumb\"},\"inLanguage\":\"et\",\"potentialAction\":[{\"@type\":\"ReadAction\",\"target\":[\"https:\\\/\\\/magnetarmagnets.com\\\/et\\\/shop\\\/magma-soojendusega-toovest\\\/\"]}]},{\"@type\":\"ImageObject\",\"inLanguage\":\"et\",\"@id\":\"https:\\\/\\\/magnetarmagnets.com\\\/et\\\/shop\\\/magma-soojendusega-toovest\\\/#primaryimage\",\"url\":\"https:\\\/\\\/magnetarmagnets.com\\\/wp-content\\\/uploads\\\/2023\\\/09\\\/1-2.jpg\",\"contentUrl\":\"https:\\\/\\\/magnetarmagnets.com\\\/wp-content\\\/uploads\\\/2023\\\/09\\\/1-2.jpg\",\"width\":1500,\"height\":1500,\"caption\":\"MAGMA Heated work vest Magnetar Heat Front\"},{\"@type\":\"BreadcrumbList\",\"@id\":\"https:\\\/\\\/magnetarmagnets.com\\\/et\\\/shop\\\/magma-soojendusega-toovest\\\/#breadcrumb\",\"itemListElement\":[{\"@type\":\"ListItem\",\"position\":1,\"name\":\"Home\",\"item\":\"https:\\\/\\\/magnetarmagnets.com\\\/et\\\/\"},{\"@type\":\"ListItem\",\"position\":2,\"name\":\"pood\",\"item\":\"https:\\\/\\\/magnetarmagnets.com\\\/et\\\/pood\\\/\"},{\"@type\":\"ListItem\",\"position\":3,\"name\":\"Varustus\",\"item\":\"https:\\\/\\\/magnetarmagnets.com\\\/et\\\/collections\\\/varustus\\\/\"},{\"@type\":\"ListItem\",\"position\":4,\"name\":\"Soojariided\",\"item\":\"https:\\\/\\\/magnetarmagnets.com\\\/et\\\/collections\\\/varustus\\\/soojariided\\\/\"},{\"@type\":\"ListItem\",\"position\":5,\"name\":\"Magma k\u00fcttega t\u00f6\u00f6vest\"}]},{\"@type\":\"WebSite\",\"@id\":\"https:\\\/\\\/magnetarmagnets.com\\\/et\\\/#website\",\"url\":\"https:\\\/\\\/magnetarmagnets.com\\\/et\\\/\",\"name\":\"Magnet fishing with a Magnetar fishing magnet\",\"description\":\"Tugevad magnetid magnetp\u00fc\u00fcgiks\",\"publisher\":{\"@id\":\"https:\\\/\\\/magnetarmagnets.com\\\/et\\\/#organization\"},\"potentialAction\":[{\"@type\":\"SearchAction\",\"target\":{\"@type\":\"EntryPoint\",\"urlTemplate\":\"https:\\\/\\\/magnetarmagnets.com\\\/et\\\/?s={search_term_string}\"},\"query-input\":{\"@type\":\"PropertyValueSpecification\",\"valueRequired\":true,\"valueName\":\"search_term_string\"}}],\"inLanguage\":\"et\"},{\"@type\":\"Organization\",\"@id\":\"https:\\\/\\\/magnetarmagnets.com\\\/et\\\/#organization\",\"name\":\"Magnetar\",\"url\":\"https:\\\/\\\/magnetarmagnets.com\\\/et\\\/\",\"logo\":{\"@type\":\"ImageObject\",\"inLanguage\":\"et\",\"@id\":\"https:\\\/\\\/magnetarmagnets.com\\\/et\\\/#\\\/schema\\\/logo\\\/image\\\/\",\"url\":\"https:\\\/\\\/magnetarmagnets.com\\\/wp-content\\\/uploads\\\/2025\\\/05\\\/Logo-03_PNG-Black-scaled.png\",\"contentUrl\":\"https:\\\/\\\/magnetarmagnets.com\\\/wp-content\\\/uploads\\\/2025\\\/05\\\/Logo-03_PNG-Black-scaled.png\",\"width\":2560,\"height\":1658,\"caption\":\"Magnetar\"},\"image\":{\"@id\":\"https:\\\/\\\/magnetarmagnets.com\\\/et\\\/#\\\/schema\\\/logo\\\/image\\\/\"},\"sameAs\":[\"https:\\\/\\\/www.facebook.com\\\/fishingmagnets\\\/\",\"https:\\\/\\\/www.instagram.com\\\/magnetar_magnets\\\/\",\"https:\\\/\\\/www.linkedin.com\\\/company\\\/magnetarbv\\\/?originalSubdomain=nl\",\"https:\\\/\\\/www.youtube.com\\\/c\\\/MagnetarVismagneet\"]}]}<\/script>\n<!-- \/ Yoast SEO plugin. -->","yoast_head_json":{"title":"Magma k\u00fcttega t\u00f6\u00f6vest - Magnet fishing with a Magnetar fishing magnet","description":"K\u00fcttega t\u00f6\u00f6vest Magma - P\u00fcsi soojas koos Magnetariga","robots":{"index":"index","follow":"follow","max-snippet":"max-snippet:-1","max-image-preview":"max-image-preview:large","max-video-preview":"max-video-preview:-1"},"canonical":"https:\/\/magnetarmagnets.com\/et\/shop\/magma-soojendusega-toovest\/","og_locale":"et_EE","og_type":"article","og_title":"Magma k\u00fcttega t\u00f6\u00f6vest - Magnet fishing with a Magnetar fishing magnet","og_description":"K\u00fcttega t\u00f6\u00f6vest Magma - P\u00fcsi soojas koos Magnetariga","og_url":"https:\/\/magnetarmagnets.com\/et\/shop\/magma-soojendusega-toovest\/","og_site_name":"Magnet fishing with a Magnetar fishing magnet","article_publisher":"https:\/\/www.facebook.com\/fishingmagnets\/","article_modified_time":"2025-07-15T12:58:36+00:00","og_image":[{"width":1500,"height":1500,"url":"https:\/\/magnetarmagnets.com\/wp-content\/uploads\/2023\/09\/1-2.jpg","type":"image\/jpeg"}],"twitter_card":"summary_large_image","twitter_misc":{"Est. reading time":"2 minutit"},"schema":{"@context":"https:\/\/schema.org","@graph":[{"@type":["WebPage","ItemPage"],"@id":"https:\/\/magnetarmagnets.com\/et\/shop\/magma-soojendusega-toovest\/","url":"https:\/\/magnetarmagnets.com\/et\/shop\/magma-soojendusega-toovest\/","name":"Magma k\u00fcttega t\u00f6\u00f6vest - Magnet fishing with a Magnetar fishing magnet","isPartOf":{"@id":"https:\/\/magnetarmagnets.com\/et\/#website"},"primaryImageOfPage":{"@id":"https:\/\/magnetarmagnets.com\/et\/shop\/magma-soojendusega-toovest\/#primaryimage"},"image":{"@id":"https:\/\/magnetarmagnets.com\/et\/shop\/magma-soojendusega-toovest\/#primaryimage"},"thumbnailUrl":"https:\/\/magnetarmagnets.com\/wp-content\/uploads\/2023\/09\/1-2.jpg","datePublished":"2025-07-07T08:06:08+00:00","dateModified":"2025-07-15T12:58:36+00:00","description":"K\u00fcttega t\u00f6\u00f6vest Magma - P\u00fcsi soojas koos Magnetariga","breadcrumb":{"@id":"https:\/\/magnetarmagnets.com\/et\/shop\/magma-soojendusega-toovest\/#breadcrumb"},"inLanguage":"et","potentialAction":[{"@type":"ReadAction","target":["https:\/\/magnetarmagnets.com\/et\/shop\/magma-soojendusega-toovest\/"]}]},{"@type":"ImageObject","inLanguage":"et","@id":"https:\/\/magnetarmagnets.com\/et\/shop\/magma-soojendusega-toovest\/#primaryimage","url":"https:\/\/magnetarmagnets.com\/wp-content\/uploads\/2023\/09\/1-2.jpg","contentUrl":"https:\/\/magnetarmagnets.com\/wp-content\/uploads\/2023\/09\/1-2.jpg","width":1500,"height":1500,"caption":"MAGMA Heated work vest Magnetar Heat Front"},{"@type":"BreadcrumbList","@id":"https:\/\/magnetarmagnets.com\/et\/shop\/magma-soojendusega-toovest\/#breadcrumb","itemListElement":[{"@type":"ListItem","position":1,"name":"Home","item":"https:\/\/magnetarmagnets.com\/et\/"},{"@type":"ListItem","position":2,"name":"pood","item":"https:\/\/magnetarmagnets.com\/et\/pood\/"},{"@type":"ListItem","position":3,"name":"Varustus","item":"https:\/\/magnetarmagnets.com\/et\/collections\/varustus\/"},{"@type":"ListItem","position":4,"name":"Soojariided","item":"https:\/\/magnetarmagnets.com\/et\/collections\/varustus\/soojariided\/"},{"@type":"ListItem","position":5,"name":"Magma k\u00fcttega t\u00f6\u00f6vest"}]},{"@type":"WebSite","@id":"https:\/\/magnetarmagnets.com\/et\/#website","url":"https:\/\/magnetarmagnets.com\/et\/","name":"Magnet fishing with a Magnetar fishing magnet","description":"Tugevad magnetid magnetp\u00fc\u00fcgiks","publisher":{"@id":"https:\/\/magnetarmagnets.com\/et\/#organization"},"potentialAction":[{"@type":"SearchAction","target":{"@type":"EntryPoint","urlTemplate":"https:\/\/magnetarmagnets.com\/et\/?s={search_term_string}"},"query-input":{"@type":"PropertyValueSpecification","valueRequired":true,"valueName":"search_term_string"}}],"inLanguage":"et"},{"@type":"Organization","@id":"https:\/\/magnetarmagnets.com\/et\/#organization","name":"Magnetar","url":"https:\/\/magnetarmagnets.com\/et\/","logo":{"@type":"ImageObject","inLanguage":"et","@id":"https:\/\/magnetarmagnets.com\/et\/#\/schema\/logo\/image\/","url":"https:\/\/magnetarmagnets.com\/wp-content\/uploads\/2025\/05\/Logo-03_PNG-Black-scaled.png","contentUrl":"https:\/\/magnetarmagnets.com\/wp-content\/uploads\/2025\/05\/Logo-03_PNG-Black-scaled.png","width":2560,"height":1658,"caption":"Magnetar"},"image":{"@id":"https:\/\/magnetarmagnets.com\/et\/#\/schema\/logo\/image\/"},"sameAs":["https:\/\/www.facebook.com\/fishingmagnets\/","https:\/\/www.instagram.com\/magnetar_magnets\/","https:\/\/www.linkedin.com\/company\/magnetarbv\/?originalSubdomain=nl","https:\/\/www.youtube.com\/c\/MagnetarVismagneet"]}]}},"_links":{"self":[{"href":"https:\/\/magnetarmagnets.com\/et\/wp-json\/wp\/v2\/product\/81613","targetHints":{"allow":["GET"]}}],"collection":[{"href":"https:\/\/magnetarmagnets.com\/et\/wp-json\/wp\/v2\/product"}],"about":[{"href":"https:\/\/magnetarmagnets.com\/et\/wp-json\/wp\/v2\/types\/product"}],"replies":[{"embeddable":true,"href":"https:\/\/magnetarmagnets.com\/et\/wp-json\/wp\/v2\/comments?post=81613"}],"version-history":[{"count":0,"href":"https:\/\/magnetarmagnets.com\/et\/wp-json\/wp\/v2\/product\/81613\/revisions"}],"wp:featuredmedia":[{"embeddable":true,"href":"https:\/\/magnetarmagnets.com\/et\/wp-json\/wp\/v2\/media\/81050"}],"wp:attachment":[{"href":"https:\/\/magnetarmagnets.com\/et\/wp-json\/wp\/v2\/media?parent=81613"}],"wp:term":[{"taxonomy":"product_brand","embeddable":true,"href":"https:\/\/magnetarmagnets.com\/et\/wp-json\/wp\/v2\/product_brand?post=81613"},{"taxonomy":"product_cat","embeddable":true,"href":"https:\/\/magnetarmagnets.com\/et\/wp-json\/wp\/v2\/product_cat?post=81613"},{"taxonomy":"product_tag","embeddable":true,"href":"https:\/\/magnetarmagnets.com\/et\/wp-json\/wp\/v2\/product_tag?post=81613"}],"curies":[{"name":"wp","href":"https:\/\/api.w.org\/{rel}","templated":true}]}}