{"id":81606,"date":"2025-06-05T09:53:47","date_gmt":"2025-06-05T07:53:47","guid":{"rendered":"https:\/\/magnetarmagnets.com\/?post_type=product&#038;p=81606"},"modified":"2026-04-22T06:18:48","modified_gmt":"2026-04-22T04:18:48","slug":"lastekomplekt-110-kg-uhepoolne","status":"publish","type":"product","link":"https:\/\/magnetarmagnets.com\/et\/shop\/lastekomplekt-110-kg-uhepoolne\/","title":{"rendered":"Laste magnetp\u00fc\u00fcgikomplekt \u2013 110 kg \u2013 \u00fchepoolne neod\u00fc\u00fcmmagnet"},"content":{"rendered":"Kas su laps soovib alustada magnetp\u00fc\u00fcgiga? See lastepakett on selle jaoks ideaalne. Meie lastekomplekt sisaldab kuni 10-aastastele sobivat magnetit. L\u00f5bu on l\u00f5putu koos meie <a href=\"https:\/\/magnetarmagnets.com\/shop\/classic-fishing-magnet-240lb-110kg\/\"><strong>Classic Fishing Magnet 240 lb \/ 110 kg<\/strong><\/a>\u2019ga. Selle magneti standardvarustusse kuulub kaitseplekkidest korpus, muutes selle noorematele lastele praktiliseks. T\u00e4iuslik kaal v\u00f5imaldab enamikel kuueaastastel ja vanematel lastel magneti loopida. T\u00e4nu komplektis sisalduvale k\u00f6iele ja metalliliimile on need soodushinnaga.\n\n<h2>Lastepakett 240 lb \/ 110 kg \u2013 \u00fchepoolse magneti sisu<\/h2>\nClassic Fishing Magnet 240 lb \/ 110 kg on suhteliselt soodne valik magnetp\u00fc\u00fcgiga alustamiseks. \u00dchepoolsel magnetil on t\u00f5mbej\u00f5ud ainult altpoolt. Kuna kogu magnetj\u00f5ud kontsentreerub \u00fches suunas, v\u00f5ib see magnet olla \u00f5iges olukorras \u00fcsna v\u00f5imas.\n\n240 lb \/ 110 kg t\u00f5mbej\u00f5ud saavutatakse vaid siis, kui tingimused on ideaalsed. See juhtub siis, kui magnet puutub kokku 2 cm paksuse, mittekorrodeerunud metallplaadiga. V\u00f5imalus, et see juhtum magnetp\u00fc\u00fcgiseansil aset leiab, pole tavaliselt v\u00e4ga suur. Kas soovid teada, kuidas magneti t\u00f5mbej\u00f5udu m\u00e4\u00e4ratakse? Vaata meie videot <a href=\"https:\/\/www.youtube.com\/watch?v=2McW3RURDxs&amp;t=14s\"><strong>magnett\u00f5mbe testi<\/strong><\/a>.\n\nEnamasti ei ole Classic Fishing Magnet 240 lb \/ 110 kg sama v\u00f5imas kui enamik meie teisi mudeleid. Seet\u00f5ttu sobib see magnet ideaalselt lastele v\u00e4iksemate esemetega, nagu kaotatud v\u00f5tmed ja m\u00fcndid, p\u00fc\u00fcdmiseks. Kas sul on teismelisi ja soovid oma lastele veidi v\u00f5imsamat magnetit? Kaalu meie <a href=\"https:\/\/magnetarmagnets.com\/shop\/starterpackage\/\"><strong>alustajapaketti<\/strong><\/a>!\n\n<h2>K\u00f5rge kvaliteet<\/h2>\nK\u00f5ik Magnetari magnetp\u00fc\u00fcgimagnetid on valmistatud neod\u00fc\u00fcmmagnetist. See materjal tagab pikaajalise magnetj\u00f5u. \u00d5ige kasutuse ja ladustamise korral kaotavad need magnetid 100 aasta jooksul vaid 1% oma j\u00f5ust. Seet\u00f5ttu oleme kindlad, et pakume turu parima kvaliteediga <a href=\"https:\/\/magnetarmagnets.com\/collections\/fishing-magnets\/\"><strong>magnetp\u00fc\u00fcgimagneteid<\/strong><\/a>.\n\nViimastel aastatel on turg \u00fcle ujutatud madala kvaliteediga toodetega. Paljud konkurentide magnetp\u00fc\u00fcgimagnetid kaotavad j\u00f5u juba n\u00e4dalate jooksul. Tavaliselt on need k\u00fcll suurema suurusega, kuid valmistatud kehvema kvaliteediga neod\u00fc\u00fcmmagnetist ning turundatud eksitavate reklaamidega. Sellised tooted v\u00f5ivad esmapilgul tunduda odavad, kuid pikemas perspektiivis j\u00e4tavad nad pettumuse.\n\nMagnetar on v\u00e4ike pererahva juhitud ettev\u00f5te, mille moodustavad t\u00f5elised magnetp\u00fc\u00fcgi entusiastid. Meie jaoks on kvaliteet esmat\u00e4htis ning see peegeldub meie toodetes. K\u00f5ik meie magnetp\u00fc\u00fcgimagnetid on majasiselt disainitud, et tagada tipptasemel kvaliteet. Otsid usaldusv\u00e4\u00e4rset, t\u00f5husat ja kvaliteetset magnetp\u00fc\u00fcgimagnetit? Vali Magnetar!\n\n<h2>Hoiatus:<\/h2>\nMeie neod\u00fc\u00fcmmagnetist magnetp\u00fc\u00fcgimagnetid on v\u00e4ga v\u00f5imsad. See v\u00f5ib p\u00f5hjustada, et teised esemed t\u00f5mmatatakse magneti poole suure kiirusega. Loomulikult v\u00f5ib see tekitada ohtlikke olukordi, kuna s\u00f5rmed v\u00f5ivad j\u00e4\u00e4da magneti ja objekti vahele. Soovitame k\u00e4sitleda neid magneteid alati ettevaatlikult ning r\u00f5hutame, et teed seda omal vastutusel. Enne kasutamist tutvu meie ohutusjuhistega.\n\n\u00c4ra unusta vaadata meie <a href=\"https:\/\/magnetarmagnets.com\/\" target=\"_blank\" rel=\"noopener\">magnetp\u00fc\u00fcgimagneteid m\u00fc\u00fcgil<\/a> ja meie <a href=\"https:\/\/magnetarmagnets.com\/collections\/fishing-magnets\/magnet-fishing-kit\/\" target=\"_blank\" rel=\"noopener\">magnetp\u00fc\u00fcgikomplekte<\/a>.","protected":false},"excerpt":{"rendered":"<p>Magnetp\u00fc\u00fck <strong>lastele<\/strong>? See on v\u00f5imalik koos <strong>110 kg laste otsingumagneti komplektiga<\/strong>. T\u00e4nu <strong>\u00fchepoolsele magnetile, k\u00f6iele ja lukustavale liimile<\/strong> saavad kuueaastased lapsed vanemate j\u00e4relevalve all alustada.<\/p>\n","protected":false},"featured_media":72568,"comment_status":"open","ping_status":"closed","template":"","meta":{"_acf_changed":false,"inline_featured_image":false},"product_brand":[],"product_cat":[95,64,706,698,704],"product_tag":[],"class_list":{"0":"post-81606","1":"product","2":"type-product","3":"status-publish","4":"has-post-thumbnail","6":"product_cat-kids","7":"product_cat-all-products","8":"product_cat-magnet-fishing-kit","9":"product_cat-fishing-magnets","10":"product_cat-single-sided-classic","12":"first","13":"instock","14":"sale","15":"taxable","16":"shipping-taxable","17":"purchasable","18":"product-type-simple"},"acf":[],"yoast_head":"<!-- This site is optimized with the Yoast SEO plugin v27.4 - https:\/\/yoast.com\/product\/yoast-seo-wordpress\/ -->\n<title>Laste magnetp\u00fc\u00fcgikomplekt \u2013 110 kg \u2013 \u00fchepoolne neod\u00fc\u00fcmmagnet - Magnet fishing with a Magnetar fishing magnet<\/title>\n<meta name=\"description\" content=\"Laste magnetp\u00fc\u00fcgikomplekt \u2013 110 kg \u00fchepoolne \u2013 Magnetar\" \/>\n<meta name=\"robots\" content=\"index, follow, max-snippet:-1, max-image-preview:large, max-video-preview:-1\" \/>\n<link rel=\"canonical\" href=\"https:\/\/magnetarmagnets.com\/et\/shop\/lastekomplekt-110-kg-uhepoolne\/\" \/>\n<meta property=\"og:locale\" content=\"et_EE\" \/>\n<meta property=\"og:type\" content=\"article\" \/>\n<meta property=\"og:title\" content=\"Laste magnetp\u00fc\u00fcgikomplekt \u2013 110 kg \u2013 \u00fchepoolne neod\u00fc\u00fcmmagnet - Magnet fishing with a Magnetar fishing magnet\" \/>\n<meta property=\"og:description\" content=\"Laste magnetp\u00fc\u00fcgikomplekt \u2013 110 kg \u00fchepoolne \u2013 Magnetar\" \/>\n<meta property=\"og:url\" content=\"https:\/\/magnetarmagnets.com\/et\/shop\/lastekomplekt-110-kg-uhepoolne\/\" \/>\n<meta property=\"og:site_name\" content=\"Magnet fishing with a Magnetar fishing magnet\" \/>\n<meta property=\"article:publisher\" content=\"https:\/\/www.facebook.com\/fishingmagnets\/\" \/>\n<meta property=\"article:modified_time\" content=\"2026-04-22T04:18:48+00:00\" \/>\n<meta property=\"og:image\" content=\"https:\/\/magnetarmagnets.com\/wp-content\/uploads\/2021\/10\/MAGNETAR-KINDER-SET-GOOGLE.jpg\" \/>\n\t<meta property=\"og:image:width\" content=\"1500\" \/>\n\t<meta property=\"og:image:height\" content=\"1500\" \/>\n\t<meta property=\"og:image:type\" content=\"image\/jpeg\" \/>\n<meta name=\"twitter:card\" content=\"summary_large_image\" \/>\n<meta name=\"twitter:label1\" content=\"Est. reading time\" \/>\n\t<meta name=\"twitter:data1\" content=\"3 minutit\" \/>\n<script type=\"application\/ld+json\" class=\"yoast-schema-graph\">{\"@context\":\"https:\\\/\\\/schema.org\",\"@graph\":[{\"@type\":[\"WebPage\",\"ItemPage\"],\"@id\":\"https:\\\/\\\/magnetarmagnets.com\\\/et\\\/shop\\\/lastekomplekt-110-kg-uhepoolne\\\/\",\"url\":\"https:\\\/\\\/magnetarmagnets.com\\\/et\\\/shop\\\/lastekomplekt-110-kg-uhepoolne\\\/\",\"name\":\"Laste magnetp\u00fc\u00fcgikomplekt \u2013 110 kg \u2013 \u00fchepoolne neod\u00fc\u00fcmmagnet - Magnet fishing with a Magnetar fishing magnet\",\"isPartOf\":{\"@id\":\"https:\\\/\\\/magnetarmagnets.com\\\/et\\\/#website\"},\"primaryImageOfPage\":{\"@id\":\"https:\\\/\\\/magnetarmagnets.com\\\/et\\\/shop\\\/lastekomplekt-110-kg-uhepoolne\\\/#primaryimage\"},\"image\":{\"@id\":\"https:\\\/\\\/magnetarmagnets.com\\\/et\\\/shop\\\/lastekomplekt-110-kg-uhepoolne\\\/#primaryimage\"},\"thumbnailUrl\":\"https:\\\/\\\/magnetarmagnets.com\\\/wp-content\\\/uploads\\\/2021\\\/10\\\/MAGNETAR-KINDER-SET-GOOGLE.jpg\",\"datePublished\":\"2025-06-05T07:53:47+00:00\",\"dateModified\":\"2026-04-22T04:18:48+00:00\",\"description\":\"Laste magnetp\u00fc\u00fcgikomplekt \u2013 110 kg \u00fchepoolne \u2013 Magnetar\",\"breadcrumb\":{\"@id\":\"https:\\\/\\\/magnetarmagnets.com\\\/et\\\/shop\\\/lastekomplekt-110-kg-uhepoolne\\\/#breadcrumb\"},\"inLanguage\":\"et\",\"potentialAction\":[{\"@type\":\"ReadAction\",\"target\":[\"https:\\\/\\\/magnetarmagnets.com\\\/et\\\/shop\\\/lastekomplekt-110-kg-uhepoolne\\\/\"]}]},{\"@type\":\"ImageObject\",\"inLanguage\":\"et\",\"@id\":\"https:\\\/\\\/magnetarmagnets.com\\\/et\\\/shop\\\/lastekomplekt-110-kg-uhepoolne\\\/#primaryimage\",\"url\":\"https:\\\/\\\/magnetarmagnets.com\\\/wp-content\\\/uploads\\\/2021\\\/10\\\/MAGNETAR-KINDER-SET-GOOGLE.jpg\",\"contentUrl\":\"https:\\\/\\\/magnetarmagnets.com\\\/wp-content\\\/uploads\\\/2021\\\/10\\\/MAGNETAR-KINDER-SET-GOOGLE.jpg\",\"width\":1500,\"height\":1500,\"caption\":\"MAGNETAR-KINDER-SET\"},{\"@type\":\"BreadcrumbList\",\"@id\":\"https:\\\/\\\/magnetarmagnets.com\\\/et\\\/shop\\\/lastekomplekt-110-kg-uhepoolne\\\/#breadcrumb\",\"itemListElement\":[{\"@type\":\"ListItem\",\"position\":1,\"name\":\"Home\",\"item\":\"https:\\\/\\\/magnetarmagnets.com\\\/et\\\/\"},{\"@type\":\"ListItem\",\"position\":2,\"name\":\"pood\",\"item\":\"https:\\\/\\\/magnetarmagnets.com\\\/et\\\/pood\\\/\"},{\"@type\":\"ListItem\",\"position\":3,\"name\":\"Otsingumagnetid\",\"item\":\"https:\\\/\\\/magnetarmagnets.com\\\/et\\\/collections\\\/otsingumagnetid\\\/\"},{\"@type\":\"ListItem\",\"position\":4,\"name\":\"Otsingumagneti komplekt\",\"item\":\"https:\\\/\\\/magnetarmagnets.com\\\/et\\\/collections\\\/otsingumagnetid\\\/otsingumagneti-komplekt\\\/\"},{\"@type\":\"ListItem\",\"position\":5,\"name\":\"Laste magnetp\u00fc\u00fcgikomplekt \u2013 110 kg \u2013 \u00fchepoolne neod\u00fc\u00fcmmagnet\"}]},{\"@type\":\"WebSite\",\"@id\":\"https:\\\/\\\/magnetarmagnets.com\\\/et\\\/#website\",\"url\":\"https:\\\/\\\/magnetarmagnets.com\\\/et\\\/\",\"name\":\"Magnet fishing with a Magnetar fishing magnet\",\"description\":\"Tugevad magnetid magnetp\u00fc\u00fcgiks\",\"publisher\":{\"@id\":\"https:\\\/\\\/magnetarmagnets.com\\\/et\\\/#organization\"},\"potentialAction\":[{\"@type\":\"SearchAction\",\"target\":{\"@type\":\"EntryPoint\",\"urlTemplate\":\"https:\\\/\\\/magnetarmagnets.com\\\/et\\\/?s={search_term_string}\"},\"query-input\":{\"@type\":\"PropertyValueSpecification\",\"valueRequired\":true,\"valueName\":\"search_term_string\"}}],\"inLanguage\":\"et\"},{\"@type\":\"Organization\",\"@id\":\"https:\\\/\\\/magnetarmagnets.com\\\/et\\\/#organization\",\"name\":\"Magnetar\",\"url\":\"https:\\\/\\\/magnetarmagnets.com\\\/et\\\/\",\"logo\":{\"@type\":\"ImageObject\",\"inLanguage\":\"et\",\"@id\":\"https:\\\/\\\/magnetarmagnets.com\\\/et\\\/#\\\/schema\\\/logo\\\/image\\\/\",\"url\":\"https:\\\/\\\/magnetarmagnets.com\\\/wp-content\\\/uploads\\\/2025\\\/05\\\/Logo-03_PNG-Black-scaled.png\",\"contentUrl\":\"https:\\\/\\\/magnetarmagnets.com\\\/wp-content\\\/uploads\\\/2025\\\/05\\\/Logo-03_PNG-Black-scaled.png\",\"width\":2560,\"height\":1658,\"caption\":\"Magnetar\"},\"image\":{\"@id\":\"https:\\\/\\\/magnetarmagnets.com\\\/et\\\/#\\\/schema\\\/logo\\\/image\\\/\"},\"sameAs\":[\"https:\\\/\\\/www.facebook.com\\\/fishingmagnets\\\/\",\"https:\\\/\\\/www.instagram.com\\\/magnetar_magnets\\\/\",\"https:\\\/\\\/www.linkedin.com\\\/company\\\/magnetarbv\\\/?originalSubdomain=nl\",\"https:\\\/\\\/www.youtube.com\\\/c\\\/MagnetarVismagneet\"]}]}<\/script>\n<!-- \/ Yoast SEO plugin. -->","yoast_head_json":{"title":"Laste magnetp\u00fc\u00fcgikomplekt \u2013 110 kg \u2013 \u00fchepoolne neod\u00fc\u00fcmmagnet - Magnet fishing with a Magnetar fishing magnet","description":"Laste magnetp\u00fc\u00fcgikomplekt \u2013 110 kg \u00fchepoolne \u2013 Magnetar","robots":{"index":"index","follow":"follow","max-snippet":"max-snippet:-1","max-image-preview":"max-image-preview:large","max-video-preview":"max-video-preview:-1"},"canonical":"https:\/\/magnetarmagnets.com\/et\/shop\/lastekomplekt-110-kg-uhepoolne\/","og_locale":"et_EE","og_type":"article","og_title":"Laste magnetp\u00fc\u00fcgikomplekt \u2013 110 kg \u2013 \u00fchepoolne neod\u00fc\u00fcmmagnet - Magnet fishing with a Magnetar fishing magnet","og_description":"Laste magnetp\u00fc\u00fcgikomplekt \u2013 110 kg \u00fchepoolne \u2013 Magnetar","og_url":"https:\/\/magnetarmagnets.com\/et\/shop\/lastekomplekt-110-kg-uhepoolne\/","og_site_name":"Magnet fishing with a Magnetar fishing magnet","article_publisher":"https:\/\/www.facebook.com\/fishingmagnets\/","article_modified_time":"2026-04-22T04:18:48+00:00","og_image":[{"width":1500,"height":1500,"url":"https:\/\/magnetarmagnets.com\/wp-content\/uploads\/2021\/10\/MAGNETAR-KINDER-SET-GOOGLE.jpg","type":"image\/jpeg"}],"twitter_card":"summary_large_image","twitter_misc":{"Est. reading time":"3 minutit"},"schema":{"@context":"https:\/\/schema.org","@graph":[{"@type":["WebPage","ItemPage"],"@id":"https:\/\/magnetarmagnets.com\/et\/shop\/lastekomplekt-110-kg-uhepoolne\/","url":"https:\/\/magnetarmagnets.com\/et\/shop\/lastekomplekt-110-kg-uhepoolne\/","name":"Laste magnetp\u00fc\u00fcgikomplekt \u2013 110 kg \u2013 \u00fchepoolne neod\u00fc\u00fcmmagnet - Magnet fishing with a Magnetar fishing magnet","isPartOf":{"@id":"https:\/\/magnetarmagnets.com\/et\/#website"},"primaryImageOfPage":{"@id":"https:\/\/magnetarmagnets.com\/et\/shop\/lastekomplekt-110-kg-uhepoolne\/#primaryimage"},"image":{"@id":"https:\/\/magnetarmagnets.com\/et\/shop\/lastekomplekt-110-kg-uhepoolne\/#primaryimage"},"thumbnailUrl":"https:\/\/magnetarmagnets.com\/wp-content\/uploads\/2021\/10\/MAGNETAR-KINDER-SET-GOOGLE.jpg","datePublished":"2025-06-05T07:53:47+00:00","dateModified":"2026-04-22T04:18:48+00:00","description":"Laste magnetp\u00fc\u00fcgikomplekt \u2013 110 kg \u00fchepoolne \u2013 Magnetar","breadcrumb":{"@id":"https:\/\/magnetarmagnets.com\/et\/shop\/lastekomplekt-110-kg-uhepoolne\/#breadcrumb"},"inLanguage":"et","potentialAction":[{"@type":"ReadAction","target":["https:\/\/magnetarmagnets.com\/et\/shop\/lastekomplekt-110-kg-uhepoolne\/"]}]},{"@type":"ImageObject","inLanguage":"et","@id":"https:\/\/magnetarmagnets.com\/et\/shop\/lastekomplekt-110-kg-uhepoolne\/#primaryimage","url":"https:\/\/magnetarmagnets.com\/wp-content\/uploads\/2021\/10\/MAGNETAR-KINDER-SET-GOOGLE.jpg","contentUrl":"https:\/\/magnetarmagnets.com\/wp-content\/uploads\/2021\/10\/MAGNETAR-KINDER-SET-GOOGLE.jpg","width":1500,"height":1500,"caption":"MAGNETAR-KINDER-SET"},{"@type":"BreadcrumbList","@id":"https:\/\/magnetarmagnets.com\/et\/shop\/lastekomplekt-110-kg-uhepoolne\/#breadcrumb","itemListElement":[{"@type":"ListItem","position":1,"name":"Home","item":"https:\/\/magnetarmagnets.com\/et\/"},{"@type":"ListItem","position":2,"name":"pood","item":"https:\/\/magnetarmagnets.com\/et\/pood\/"},{"@type":"ListItem","position":3,"name":"Otsingumagnetid","item":"https:\/\/magnetarmagnets.com\/et\/collections\/otsingumagnetid\/"},{"@type":"ListItem","position":4,"name":"Otsingumagneti komplekt","item":"https:\/\/magnetarmagnets.com\/et\/collections\/otsingumagnetid\/otsingumagneti-komplekt\/"},{"@type":"ListItem","position":5,"name":"Laste magnetp\u00fc\u00fcgikomplekt \u2013 110 kg \u2013 \u00fchepoolne neod\u00fc\u00fcmmagnet"}]},{"@type":"WebSite","@id":"https:\/\/magnetarmagnets.com\/et\/#website","url":"https:\/\/magnetarmagnets.com\/et\/","name":"Magnet fishing with a Magnetar fishing magnet","description":"Tugevad magnetid magnetp\u00fc\u00fcgiks","publisher":{"@id":"https:\/\/magnetarmagnets.com\/et\/#organization"},"potentialAction":[{"@type":"SearchAction","target":{"@type":"EntryPoint","urlTemplate":"https:\/\/magnetarmagnets.com\/et\/?s={search_term_string}"},"query-input":{"@type":"PropertyValueSpecification","valueRequired":true,"valueName":"search_term_string"}}],"inLanguage":"et"},{"@type":"Organization","@id":"https:\/\/magnetarmagnets.com\/et\/#organization","name":"Magnetar","url":"https:\/\/magnetarmagnets.com\/et\/","logo":{"@type":"ImageObject","inLanguage":"et","@id":"https:\/\/magnetarmagnets.com\/et\/#\/schema\/logo\/image\/","url":"https:\/\/magnetarmagnets.com\/wp-content\/uploads\/2025\/05\/Logo-03_PNG-Black-scaled.png","contentUrl":"https:\/\/magnetarmagnets.com\/wp-content\/uploads\/2025\/05\/Logo-03_PNG-Black-scaled.png","width":2560,"height":1658,"caption":"Magnetar"},"image":{"@id":"https:\/\/magnetarmagnets.com\/et\/#\/schema\/logo\/image\/"},"sameAs":["https:\/\/www.facebook.com\/fishingmagnets\/","https:\/\/www.instagram.com\/magnetar_magnets\/","https:\/\/www.linkedin.com\/company\/magnetarbv\/?originalSubdomain=nl","https:\/\/www.youtube.com\/c\/MagnetarVismagneet"]}]}},"_links":{"self":[{"href":"https:\/\/magnetarmagnets.com\/et\/wp-json\/wp\/v2\/product\/81606","targetHints":{"allow":["GET"]}}],"collection":[{"href":"https:\/\/magnetarmagnets.com\/et\/wp-json\/wp\/v2\/product"}],"about":[{"href":"https:\/\/magnetarmagnets.com\/et\/wp-json\/wp\/v2\/types\/product"}],"replies":[{"embeddable":true,"href":"https:\/\/magnetarmagnets.com\/et\/wp-json\/wp\/v2\/comments?post=81606"}],"version-history":[{"count":1,"href":"https:\/\/magnetarmagnets.com\/et\/wp-json\/wp\/v2\/product\/81606\/revisions"}],"predecessor-version":[{"id":95338,"href":"https:\/\/magnetarmagnets.com\/et\/wp-json\/wp\/v2\/product\/81606\/revisions\/95338"}],"wp:featuredmedia":[{"embeddable":true,"href":"https:\/\/magnetarmagnets.com\/et\/wp-json\/wp\/v2\/media\/72568"}],"wp:attachment":[{"href":"https:\/\/magnetarmagnets.com\/et\/wp-json\/wp\/v2\/media?parent=81606"}],"wp:term":[{"taxonomy":"product_brand","embeddable":true,"href":"https:\/\/magnetarmagnets.com\/et\/wp-json\/wp\/v2\/product_brand?post=81606"},{"taxonomy":"product_cat","embeddable":true,"href":"https:\/\/magnetarmagnets.com\/et\/wp-json\/wp\/v2\/product_cat?post=81606"},{"taxonomy":"product_tag","embeddable":true,"href":"https:\/\/magnetarmagnets.com\/et\/wp-json\/wp\/v2\/product_tag?post=81606"}],"curies":[{"name":"wp","href":"https:\/\/api.w.org\/{rel}","templated":true}]}}