{"id":81605,"date":"2025-06-05T09:53:47","date_gmt":"2025-06-05T07:53:47","guid":{"rendered":"https:\/\/magnetarmagnets.com\/?post_type=product&#038;p=81605"},"modified":"2026-04-04T09:06:43","modified_gmt":"2026-04-04T07:06:43","slug":"lastepakett-360-280-kg-easy-allround-360","status":"publish","type":"product","link":"https:\/\/magnetarmagnets.com\/et\/shop\/lastepakett-360-280-kg-easy-allround-360\/","title":{"rendered":"Lastepakett 360\u00b0 \u2013 280 kg \u2013 Easy \u2013 Allround 360\u00b0"},"content":{"rendered":"Magnetp\u00fc\u00fck lastele? See unistus saab teoks Magnetari Easy paketiga. See t\u00e4ielik magnetp\u00fc\u00fcgikomplekt sisaldab k\u00f5ike, mida vajad parimate leidude v\u00e4lja t\u00f5mbamiseks. Meie Easy magnet omab kogut\u00f5mbej\u00f5udu 280 kg (600 lb) t\u00e4ies 360\u00b0 ulatuses. Lisaks magnetile saad kaasa kaitsekorpuse, paari kindaid ja spetsiaalselt magnetp\u00fc\u00fcgiks m\u00f5eldud k\u00f6ie.\r\n<h2>Easy neod\u00fc\u00fcmmagnet magnetp\u00fc\u00fcgiks<\/h2>\r\nThe <a href=\"https:\/\/magnetarmagnets.com\/shop\/easy-magnet\">Easy neod\u00fc\u00fcmmagnet<\/a> on tuntud oma v\u00e4hese viskekaalu poolest. Samal ajal avaldab toode tugevat t\u00f5mbej\u00f5udu, muutes Easy ideaalseks valikuks algajatele ja lastele, kes v\u00f5tavad oma hobi t\u00f5siselt. Iga k\u00fclg selle magnetp\u00fc\u00fcgimagnaadi \u00fcmber on magnetiline, mis suurendab v\u00f5imalust veest v\u00e4lja tuua k\u00f5ige p\u00f5nevamaid esemeid.\r\n<h2>Oled sa Easy jaoks valmis?<\/h2>\r\nSee magnet on meie algmudel k\u00f5ikeh\u00f5lmavate 360\u00b0 magnetite sarjas. Igal k\u00fcljel on eraldi 70 kg (150 lb) t\u00f5mbej\u00f5ud, mis kokku teeb 280 kg (600 lb) kogu magneti kohta. V\u00e4iksemad esemed t\u00f5mbuvad magneti poole kuni 10 cm (4 tolli) kauguselt, mis optimeerib sinu v\u00f5imalusi leida aardeid.\r\n\r\nEasyga saavad lapsed alates kuueaastasest vanemliku j\u00e4relevalve all magnetp\u00fc\u00fcgiga alustada. Kas eelistaksid magnetit suurema t\u00f5mbej\u00f5uga? Tutvu Hardcore\u2019i v\u00f5i Terroriga. M\u00f5lemad kuuluvad meie k\u00f5ikeh\u00f5lmava 360\u00b0 mudelisarja ja on magnetp\u00fc\u00fcdjate seas \u00fcle maailma v\u00e4ga populaarsed.\r\n<h2>Magneti evolutsioon<\/h2>\r\nPaljud <a href=\"https:\/\/magnetarmagnets.com\/et\/\" target=\"_blank\" rel=\"noopener\">magnetp\u00fc\u00fcgimagnaadid<\/a> avaldavad t\u00f5mbej\u00f5udu vaid \u00fchelt k\u00fcljelt. See \u00fchepoolne magnet on klassikaline p\u00fc\u00fcgimagnet. Magnetar oli esimene ettev\u00f5te, mis arendas selle klassikalise magneti \u00fcmber <a href=\"https:\/\/magnetarmagnets.com\/double-sided-fishing-magnet\/\" target=\"_blank\" rel=\"noopener\">kahepoolsesse p\u00fc\u00fcgimagnetisse<\/a>. 2016. aastal l\u00f5i Magnetar aga Allround 360\u00b0 p\u00fc\u00fcgimagneti, mis on t\u00e4nini eelistatuim EL-i magnetp\u00fc\u00fcdjate seas. Meie magnetid on valmistatud k\u00f5rgeima kvaliteedi, disaini ja hoolega v\u00e4ikese entusiastide meeskonna poolt.\r\n<h2><strong>V\u00f5imas 360\u00b0 t\u00f5mbej\u00f5ud<\/strong><\/h2>\r\nHardcore magnet on \u00fcks meie tugevamaid magneteid. \u00dchepoolse magneti t\u00f5mbej\u00f5udu ei saa v\u00f5rrelda puhta neod\u00fc\u00fcmmagnetiga, nagu Hardcore Allround 360\u00b0 magnet. Selle p\u00f5hjuseks on teraskest, mis suunab t\u00f5mbej\u00f5u \u00fches suunas. Meie eksklusiivne Allround 360\u00b0 magnet t\u00f5mbab esemeid k\u00f5igist suundadest. <a href=\"https:\/\/www.youtube.com\/watch?v=2McW3RURDxs\" target=\"_blank\" rel=\"noopener\">Vaata t\u00f5mbej\u00f5u m\u00f5\u00f5tmise videot<\/a>.\r\n<h2><b>K\u00f5rge kvaliteet<\/b><\/h2>\r\nMeie magnetp\u00fc\u00fcgimagnaadid on valmistatud neod\u00fc\u00fcmmagnetist. Magnetar magnets s\u00e4ilitavad oma v\u00f5imsuse aastak\u00fcmneteks, kaotades vaid 1% iga 100 aasta j\u00e4rel (\u00f5ige hoolduse ja kaitse korral).\r\n\r\nEnamik teisi tarnijaid n\u00e4itab tugevuse kadu juba m\u00f5ne n\u00e4dala p\u00e4rast. Paljud turul olevad magnetid on suured, kuid n\u00f5rga t\u00f5mbej\u00f5uga, valmistatud kehvast neod\u00fc\u00fcmmagnetist ja eksitava reklaamiga. Odavamad magnetid v\u00f5ivad l\u00f5puks pettumuse p\u00f5hjustada, kuigi on odavamad.\r\n\r\nMagnetar on v\u00e4ike pereettev\u00f5te, kes paneb kvaliteeti k\u00f5iges esikohale. K\u00f5ik meie magnetid on meie meeskonna disainitud ja valmistatud, et tagada maksimaalne v\u00e4\u00e4rtus. Kui otsid usaldusv\u00e4\u00e4rset, t\u00f5husat ja v\u00f5imsat magnetp\u00fc\u00fcgimagnetit, oled \u00f5iges kohas. V\u00f5ta meiega \u00fchendust: <a href=\"mailto:info@magnetarmagnets.nl\">info@magnetarmagnets.nl<\/a>.\r\n<h2><b>Kaitsekork<\/b><\/h2>\r\nKomplekti kuuluv kaitsekork on ideaalne kaitse neod\u00fc\u00fcmmagnetile kriimustuste ja purunemiste eest. Vastupidav roostevabast terasest kork sobib t\u00e4pselt magnetile ning s\u00e4ilitab 360\u00b0 magnetilisuse.\r\n\r\n(Pange t\u00e4hele, et kaitsekork ei kaitse magneti p\u00f5hja)\r\n<h2><b>Kasutage ettevaatlikult<\/b><\/h2>\r\nMeie neod\u00fc\u00fcmmagnetid on v\u00e4ga <a href=\"https:\/\/magnetarmagnets.com\/et\/tugevad-otsingumagnetid\/\" target=\"_blank\" rel=\"noopener\">v\u00f5imsad magnetp\u00fc\u00fcgimagnetid<\/a> ja v\u00f5ivad l\u00e4heduses raudobjektide poole suure hooga t\u00f5mbuda. Olge ettevaatlik, et s\u00f5rmed ei j\u00e4\u00e4ks magneti ja teiste objektide vahele. Kasutage omal vastutusel ja lugege enne kasutamist ohutusjuhiseid.\r\n\r\n* Lapsed peavad magnetit kasutama vanemliku j\u00e4relevalve all.\r\n\r\n\u00c4ra unusta tutvuda ka meie teiste <a href=\"https:\/\/magnetarmagnets.com\/et\/otsingumagneti-komplekt\/\" target=\"_blank\" rel=\"noopener\">magnetp\u00fc\u00fcgikomplektidega<\/a> ja <a href=\"https:\/\/magnetarmagnets.com\/et\/otsingumagneti-varustus\/\" target=\"_blank\" rel=\"noopener\">tarvikutega<\/a>.","protected":false},"excerpt":{"rendered":"<p>Alustage selle <strong>taskukohase<\/strong> 360\u00b0 laste otsingumagneti komplektiga, mis sisaldab <strong>Easy magneti<\/strong>, kaitsekorki, k\u00f6it, liimi ja kindaid.<\/p>\n","protected":false},"featured_media":74899,"comment_status":"open","ping_status":"closed","template":"","meta":{"_acf_changed":false,"inline_featured_image":false},"product_brand":[],"product_cat":[480,473,476,482],"product_tag":[],"class_list":{"0":"post-81605","1":"product","2":"type-product","3":"status-publish","4":"has-post-thumbnail","6":"product_cat-kit-per-la-pesca-magnetica","7":"product_cat-magneti-da-pesca","8":"product_cat-magneti-da-pesca-360-allround","9":"product_cat-per-principianti-e-bambini","11":"first","12":"instock","13":"sale","14":"taxable","15":"shipping-taxable","16":"purchasable","17":"product-type-simple"},"acf":[],"yoast_head":"<!-- This site is optimized with the Yoast SEO plugin v27.3 - https:\/\/yoast.com\/product\/yoast-seo-wordpress\/ -->\n<title>Lastepakett 360\u00b0 \u2013 280 kg \u2013 Easy \u2013 Allround 360\u00b0 -<\/title>\n<meta name=\"description\" content=\"Magnetp\u00fc\u00fck lastele? See unistus saab teoks Magnetari Easy paketiga. See t\u00e4ielik magnetp\u00fc\u00fcgikomplekt sisaldab k\u00f5ike, mida vajad.\" \/>\n<meta name=\"robots\" content=\"index, follow, max-snippet:-1, max-image-preview:large, max-video-preview:-1\" \/>\n<link rel=\"canonical\" href=\"https:\/\/magnetarmagnets.com\/et\/shop\/lastepakett-360-280-kg-easy-allround-360\/\" \/>\n<meta property=\"og:locale\" content=\"et_EE\" \/>\n<meta property=\"og:type\" content=\"article\" \/>\n<meta property=\"og:title\" content=\"Lastepakett 360\u00b0 \u2013 280 kg \u2013 Easy \u2013 Allround 360\u00b0 -\" \/>\n<meta property=\"og:description\" content=\"Magnetp\u00fc\u00fck lastele? See unistus saab teoks Magnetari Easy paketiga. See t\u00e4ielik magnetp\u00fc\u00fcgikomplekt sisaldab k\u00f5ike, mida vajad.\" \/>\n<meta property=\"og:url\" content=\"https:\/\/magnetarmagnets.com\/et\/shop\/lastepakett-360-280-kg-easy-allround-360\/\" \/>\n<meta property=\"og:site_name\" content=\"Magnet fishing with a Magnetar fishing magnet\" \/>\n<meta property=\"article:publisher\" content=\"https:\/\/www.facebook.com\/fishingmagnets\/\" \/>\n<meta property=\"article:modified_time\" content=\"2026-04-04T07:06:43+00:00\" \/>\n<meta property=\"og:image\" content=\"https:\/\/magnetarmagnets.com\/wp-content\/uploads\/2025\/06\/easy-360-magnetar-pakket.png\" \/>\n\t<meta property=\"og:image:width\" content=\"1000\" \/>\n\t<meta property=\"og:image:height\" content=\"1000\" \/>\n\t<meta property=\"og:image:type\" content=\"image\/png\" \/>\n<meta name=\"twitter:card\" content=\"summary_large_image\" \/>\n<meta name=\"twitter:label1\" content=\"Est. reading time\" \/>\n\t<meta name=\"twitter:data1\" content=\"3 minutit\" \/>\n<script type=\"application\/ld+json\" class=\"yoast-schema-graph\">{\"@context\":\"https:\\\/\\\/schema.org\",\"@graph\":[{\"@type\":[\"WebPage\",\"ItemPage\"],\"@id\":\"https:\\\/\\\/magnetarmagnets.com\\\/et\\\/shop\\\/lastepakett-360-280-kg-easy-allround-360\\\/\",\"url\":\"https:\\\/\\\/magnetarmagnets.com\\\/et\\\/shop\\\/lastepakett-360-280-kg-easy-allround-360\\\/\",\"name\":\"Lastepakett 360\u00b0 \u2013 280 kg \u2013 Easy \u2013 Allround 360\u00b0 -\",\"isPartOf\":{\"@id\":\"https:\\\/\\\/magnetarmagnets.com\\\/et\\\/#website\"},\"primaryImageOfPage\":{\"@id\":\"https:\\\/\\\/magnetarmagnets.com\\\/et\\\/shop\\\/lastepakett-360-280-kg-easy-allround-360\\\/#primaryimage\"},\"image\":{\"@id\":\"https:\\\/\\\/magnetarmagnets.com\\\/et\\\/shop\\\/lastepakett-360-280-kg-easy-allround-360\\\/#primaryimage\"},\"thumbnailUrl\":\"https:\\\/\\\/magnetarmagnets.com\\\/wp-content\\\/uploads\\\/2025\\\/06\\\/easy-360-magnetar-pakket.png\",\"datePublished\":\"2025-06-05T07:53:47+00:00\",\"dateModified\":\"2026-04-04T07:06:43+00:00\",\"description\":\"Magnetp\u00fc\u00fck lastele? See unistus saab teoks Magnetari Easy paketiga. See t\u00e4ielik magnetp\u00fc\u00fcgikomplekt sisaldab k\u00f5ike, mida vajad.\",\"breadcrumb\":{\"@id\":\"https:\\\/\\\/magnetarmagnets.com\\\/et\\\/shop\\\/lastepakett-360-280-kg-easy-allround-360\\\/#breadcrumb\"},\"inLanguage\":\"et\",\"potentialAction\":[{\"@type\":\"ReadAction\",\"target\":[\"https:\\\/\\\/magnetarmagnets.com\\\/et\\\/shop\\\/lastepakett-360-280-kg-easy-allround-360\\\/\"]}]},{\"@type\":\"ImageObject\",\"inLanguage\":\"et\",\"@id\":\"https:\\\/\\\/magnetarmagnets.com\\\/et\\\/shop\\\/lastepakett-360-280-kg-easy-allround-360\\\/#primaryimage\",\"url\":\"https:\\\/\\\/magnetarmagnets.com\\\/wp-content\\\/uploads\\\/2025\\\/06\\\/easy-360-magnetar-pakket.png\",\"contentUrl\":\"https:\\\/\\\/magnetarmagnets.com\\\/wp-content\\\/uploads\\\/2025\\\/06\\\/easy-360-magnetar-pakket.png\",\"width\":1000,\"height\":1000},{\"@type\":\"BreadcrumbList\",\"@id\":\"https:\\\/\\\/magnetarmagnets.com\\\/et\\\/shop\\\/lastepakett-360-280-kg-easy-allround-360\\\/#breadcrumb\",\"itemListElement\":[{\"@type\":\"ListItem\",\"position\":1,\"name\":\"Home\",\"item\":\"https:\\\/\\\/magnetarmagnets.com\\\/et\\\/\"},{\"@type\":\"ListItem\",\"position\":2,\"name\":\"pood\",\"item\":\"https:\\\/\\\/magnetarmagnets.com\\\/et\\\/pood\\\/\"},{\"@type\":\"ListItem\",\"position\":3,\"name\":\"All products\",\"item\":\"https:\\\/\\\/magnetarmagnets.com\\\/collections\\\/all-products\\\/\"},{\"@type\":\"ListItem\",\"position\":4,\"name\":\"Lastepakett 360\u00b0 \u2013 280 kg \u2013 Easy \u2013 Allround 360\u00b0\"}]},{\"@type\":\"WebSite\",\"@id\":\"https:\\\/\\\/magnetarmagnets.com\\\/et\\\/#website\",\"url\":\"https:\\\/\\\/magnetarmagnets.com\\\/et\\\/\",\"name\":\"Magnet fishing with a Magnetar fishing magnet\",\"description\":\"Tugevad magnetid magnetp\u00fc\u00fcgiks\",\"publisher\":{\"@id\":\"https:\\\/\\\/magnetarmagnets.com\\\/et\\\/#organization\"},\"potentialAction\":[{\"@type\":\"SearchAction\",\"target\":{\"@type\":\"EntryPoint\",\"urlTemplate\":\"https:\\\/\\\/magnetarmagnets.com\\\/et\\\/?s={search_term_string}\"},\"query-input\":{\"@type\":\"PropertyValueSpecification\",\"valueRequired\":true,\"valueName\":\"search_term_string\"}}],\"inLanguage\":\"et\"},{\"@type\":\"Organization\",\"@id\":\"https:\\\/\\\/magnetarmagnets.com\\\/et\\\/#organization\",\"name\":\"Magnetar\",\"url\":\"https:\\\/\\\/magnetarmagnets.com\\\/et\\\/\",\"logo\":{\"@type\":\"ImageObject\",\"inLanguage\":\"et\",\"@id\":\"https:\\\/\\\/magnetarmagnets.com\\\/et\\\/#\\\/schema\\\/logo\\\/image\\\/\",\"url\":\"https:\\\/\\\/magnetarmagnets.com\\\/wp-content\\\/uploads\\\/2025\\\/05\\\/Logo-03_PNG-Black-scaled.png\",\"contentUrl\":\"https:\\\/\\\/magnetarmagnets.com\\\/wp-content\\\/uploads\\\/2025\\\/05\\\/Logo-03_PNG-Black-scaled.png\",\"width\":2560,\"height\":1658,\"caption\":\"Magnetar\"},\"image\":{\"@id\":\"https:\\\/\\\/magnetarmagnets.com\\\/et\\\/#\\\/schema\\\/logo\\\/image\\\/\"},\"sameAs\":[\"https:\\\/\\\/www.facebook.com\\\/fishingmagnets\\\/\",\"https:\\\/\\\/www.instagram.com\\\/magnetar_magnets\\\/\",\"https:\\\/\\\/www.linkedin.com\\\/company\\\/magnetarbv\\\/?originalSubdomain=nl\",\"https:\\\/\\\/www.youtube.com\\\/c\\\/MagnetarVismagneet\"]}]}<\/script>\n<!-- \/ Yoast SEO plugin. -->","yoast_head_json":{"title":"Lastepakett 360\u00b0 \u2013 280 kg \u2013 Easy \u2013 Allround 360\u00b0 -","description":"Magnetp\u00fc\u00fck lastele? See unistus saab teoks Magnetari Easy paketiga. See t\u00e4ielik magnetp\u00fc\u00fcgikomplekt sisaldab k\u00f5ike, mida vajad.","robots":{"index":"index","follow":"follow","max-snippet":"max-snippet:-1","max-image-preview":"max-image-preview:large","max-video-preview":"max-video-preview:-1"},"canonical":"https:\/\/magnetarmagnets.com\/et\/shop\/lastepakett-360-280-kg-easy-allround-360\/","og_locale":"et_EE","og_type":"article","og_title":"Lastepakett 360\u00b0 \u2013 280 kg \u2013 Easy \u2013 Allround 360\u00b0 -","og_description":"Magnetp\u00fc\u00fck lastele? See unistus saab teoks Magnetari Easy paketiga. See t\u00e4ielik magnetp\u00fc\u00fcgikomplekt sisaldab k\u00f5ike, mida vajad.","og_url":"https:\/\/magnetarmagnets.com\/et\/shop\/lastepakett-360-280-kg-easy-allround-360\/","og_site_name":"Magnet fishing with a Magnetar fishing magnet","article_publisher":"https:\/\/www.facebook.com\/fishingmagnets\/","article_modified_time":"2026-04-04T07:06:43+00:00","og_image":[{"width":1000,"height":1000,"url":"https:\/\/magnetarmagnets.com\/wp-content\/uploads\/2025\/06\/easy-360-magnetar-pakket.png","type":"image\/png"}],"twitter_card":"summary_large_image","twitter_misc":{"Est. reading time":"3 minutit"},"schema":{"@context":"https:\/\/schema.org","@graph":[{"@type":["WebPage","ItemPage"],"@id":"https:\/\/magnetarmagnets.com\/et\/shop\/lastepakett-360-280-kg-easy-allround-360\/","url":"https:\/\/magnetarmagnets.com\/et\/shop\/lastepakett-360-280-kg-easy-allround-360\/","name":"Lastepakett 360\u00b0 \u2013 280 kg \u2013 Easy \u2013 Allround 360\u00b0 -","isPartOf":{"@id":"https:\/\/magnetarmagnets.com\/et\/#website"},"primaryImageOfPage":{"@id":"https:\/\/magnetarmagnets.com\/et\/shop\/lastepakett-360-280-kg-easy-allround-360\/#primaryimage"},"image":{"@id":"https:\/\/magnetarmagnets.com\/et\/shop\/lastepakett-360-280-kg-easy-allround-360\/#primaryimage"},"thumbnailUrl":"https:\/\/magnetarmagnets.com\/wp-content\/uploads\/2025\/06\/easy-360-magnetar-pakket.png","datePublished":"2025-06-05T07:53:47+00:00","dateModified":"2026-04-04T07:06:43+00:00","description":"Magnetp\u00fc\u00fck lastele? See unistus saab teoks Magnetari Easy paketiga. See t\u00e4ielik magnetp\u00fc\u00fcgikomplekt sisaldab k\u00f5ike, mida vajad.","breadcrumb":{"@id":"https:\/\/magnetarmagnets.com\/et\/shop\/lastepakett-360-280-kg-easy-allround-360\/#breadcrumb"},"inLanguage":"et","potentialAction":[{"@type":"ReadAction","target":["https:\/\/magnetarmagnets.com\/et\/shop\/lastepakett-360-280-kg-easy-allround-360\/"]}]},{"@type":"ImageObject","inLanguage":"et","@id":"https:\/\/magnetarmagnets.com\/et\/shop\/lastepakett-360-280-kg-easy-allround-360\/#primaryimage","url":"https:\/\/magnetarmagnets.com\/wp-content\/uploads\/2025\/06\/easy-360-magnetar-pakket.png","contentUrl":"https:\/\/magnetarmagnets.com\/wp-content\/uploads\/2025\/06\/easy-360-magnetar-pakket.png","width":1000,"height":1000},{"@type":"BreadcrumbList","@id":"https:\/\/magnetarmagnets.com\/et\/shop\/lastepakett-360-280-kg-easy-allround-360\/#breadcrumb","itemListElement":[{"@type":"ListItem","position":1,"name":"Home","item":"https:\/\/magnetarmagnets.com\/et\/"},{"@type":"ListItem","position":2,"name":"pood","item":"https:\/\/magnetarmagnets.com\/et\/pood\/"},{"@type":"ListItem","position":3,"name":"All products","item":"https:\/\/magnetarmagnets.com\/collections\/all-products\/"},{"@type":"ListItem","position":4,"name":"Lastepakett 360\u00b0 \u2013 280 kg \u2013 Easy \u2013 Allround 360\u00b0"}]},{"@type":"WebSite","@id":"https:\/\/magnetarmagnets.com\/et\/#website","url":"https:\/\/magnetarmagnets.com\/et\/","name":"Magnet fishing with a Magnetar fishing magnet","description":"Tugevad magnetid magnetp\u00fc\u00fcgiks","publisher":{"@id":"https:\/\/magnetarmagnets.com\/et\/#organization"},"potentialAction":[{"@type":"SearchAction","target":{"@type":"EntryPoint","urlTemplate":"https:\/\/magnetarmagnets.com\/et\/?s={search_term_string}"},"query-input":{"@type":"PropertyValueSpecification","valueRequired":true,"valueName":"search_term_string"}}],"inLanguage":"et"},{"@type":"Organization","@id":"https:\/\/magnetarmagnets.com\/et\/#organization","name":"Magnetar","url":"https:\/\/magnetarmagnets.com\/et\/","logo":{"@type":"ImageObject","inLanguage":"et","@id":"https:\/\/magnetarmagnets.com\/et\/#\/schema\/logo\/image\/","url":"https:\/\/magnetarmagnets.com\/wp-content\/uploads\/2025\/05\/Logo-03_PNG-Black-scaled.png","contentUrl":"https:\/\/magnetarmagnets.com\/wp-content\/uploads\/2025\/05\/Logo-03_PNG-Black-scaled.png","width":2560,"height":1658,"caption":"Magnetar"},"image":{"@id":"https:\/\/magnetarmagnets.com\/et\/#\/schema\/logo\/image\/"},"sameAs":["https:\/\/www.facebook.com\/fishingmagnets\/","https:\/\/www.instagram.com\/magnetar_magnets\/","https:\/\/www.linkedin.com\/company\/magnetarbv\/?originalSubdomain=nl","https:\/\/www.youtube.com\/c\/MagnetarVismagneet"]}]}},"_links":{"self":[{"href":"https:\/\/magnetarmagnets.com\/et\/wp-json\/wp\/v2\/product\/81605","targetHints":{"allow":["GET"]}}],"collection":[{"href":"https:\/\/magnetarmagnets.com\/et\/wp-json\/wp\/v2\/product"}],"about":[{"href":"https:\/\/magnetarmagnets.com\/et\/wp-json\/wp\/v2\/types\/product"}],"replies":[{"embeddable":true,"href":"https:\/\/magnetarmagnets.com\/et\/wp-json\/wp\/v2\/comments?post=81605"}],"version-history":[{"count":1,"href":"https:\/\/magnetarmagnets.com\/et\/wp-json\/wp\/v2\/product\/81605\/revisions"}],"predecessor-version":[{"id":95358,"href":"https:\/\/magnetarmagnets.com\/et\/wp-json\/wp\/v2\/product\/81605\/revisions\/95358"}],"wp:featuredmedia":[{"embeddable":true,"href":"https:\/\/magnetarmagnets.com\/et\/wp-json\/wp\/v2\/media\/74899"}],"wp:attachment":[{"href":"https:\/\/magnetarmagnets.com\/et\/wp-json\/wp\/v2\/media?parent=81605"}],"wp:term":[{"taxonomy":"product_brand","embeddable":true,"href":"https:\/\/magnetarmagnets.com\/et\/wp-json\/wp\/v2\/product_brand?post=81605"},{"taxonomy":"product_cat","embeddable":true,"href":"https:\/\/magnetarmagnets.com\/et\/wp-json\/wp\/v2\/product_cat?post=81605"},{"taxonomy":"product_tag","embeddable":true,"href":"https:\/\/magnetarmagnets.com\/et\/wp-json\/wp\/v2\/product_tag?post=81605"}],"curies":[{"name":"wp","href":"https:\/\/api.w.org\/{rel}","templated":true}]}}