{"id":81603,"date":"2025-06-05T09:53:48","date_gmt":"2025-06-05T07:53:48","guid":{"rendered":"https:\/\/magnetarmagnets.com\/?post_type=product&#038;p=81603"},"modified":"2026-04-03T19:30:15","modified_gmt":"2026-04-03T17:30:15","slug":"nupukujulised-magnetid-10-tk","status":"publish","type":"product","link":"https:\/\/magnetarmagnets.com\/et\/shop\/nupukujulised-magnetid-10-tk\/","title":{"rendered":"Nupp-kujulised neod\u00fc\u00fcmmagnetid \u2013 10 tk"},"content":{"rendered":"<strong>Magnetar N50 nupp-kujulised magnetid \u2013 v\u00f5imsad ja kompaktsed<\/strong>\n\n\n\nMagnetar N50 nupp-kujulised neod\u00fc\u00fcmmagnetid on oma klassi \u00fche <strong>tugevama<\/strong> seis, pakkudes muljetavaldavat j\u00f5udlust. Need v\u00e4ikesed, kuid <strong>tugevad magnetid<\/strong> sobivad ideaalselt raskemate dokumentide, jooniste v\u00f5i m\u00e4rkmete riputamiseks. T\u00f5mbej\u00f5uduga suudavad nad hoida kuni 16 A4-lehte (80 g\/m\u00b2) 5 mm paksusel terasel. Ideaalne kasutada valgete tahvlite, k\u00fclmikutega v\u00f5i metallt\u00f6\u00f6laudade korral.\n\n\n\nNuppkuju mitte ainult ei anna stiilset v\u00e4limust, vaid tagab ka praktilise haarde, muutes magneti asetamise ja eemaldamise lihtsaks. Nikkelkattega pinnaviimistlus loob elegantse, k\u00f5rgl\u00e4ikiva h\u00f5bedase v\u00e4rvitooni ning kaitseb magnetit korrosiooni eest, tagades pikaajalise kasutusea.\n\n\n\n<strong>P\u00f5hijooned:<\/strong>\n\n<ul>\n\n    <li><strong>N50 magnetiseerimisaste<\/strong>: erakordne j\u00f5ud kompaktse kuju juures.<\/li>\n\n    <li><strong>Kvaliteetne disain<\/strong>: nikkelkattega premium-v\u00e4lisilme ja kaitse.<\/li>\n\n    <li><strong>Suurus<\/strong>: l\u00e4bim\u00f5\u00f5t 12 mm, k\u00f5rgus 16 mm \u2013 v\u00e4ike, kuid v\u00f5imas.<\/li>\n\n    <li><strong>T\u00e4pne teostus<\/strong>: tolerants +\/- 0,05 mm t\u00e4pseks rakenduseks.<\/li>\n\n    <li><strong>Komplekt 10 tk<\/strong>: tarnitakse mugavas plastikkarbis.<\/li>\n\n<\/ul>\n\n<strong>M\u00e4rkus<\/strong>: ei sobi alla 14-aastastele lastele. Magnetide neelamine v\u00f5ib p\u00f5hjustada t\u00f5siseid vigastusi. Hoida laste k\u00e4eulatusest v\u00e4ljas.\n\n\n\nNende v\u00f5imsate Magnetar nupp-kujuliste magnetitega saad k\u00f5ik kindlalt paika fikseerida, s\u00e4ilitades samal ajal stiili ja mugavuse.","protected":false},"excerpt":{"rendered":"<p><span style=\"font-weight: 400;\">Need Magnetar-i magnetid on valmistatud <strong>neod\u00fc\u00fcmmagnetist<\/strong>, \u00fchest <strong>tugevamast materjalist<\/strong> magnetide tootmiseks, mis teeb need oma suuruse kohta eriti <strong>tugevaks<\/strong>! Magnetid on kaetud nikkeliga, mis annab neile <strong>l\u00e4ike<\/strong>. V\u00e4ga mugavad magnetid suure hulga paberilehtede riputamiseks.<\/span><\/p>\n","protected":false},"featured_media":71365,"comment_status":"open","ping_status":"closed","template":"","meta":{"_acf_changed":false,"inline_featured_image":false},"product_brand":[],"product_cat":[485,474],"product_tag":[],"class_list":{"0":"post-81603","1":"product","2":"type-product","3":"status-publish","4":"has-post-thumbnail","6":"product_cat-accessori-magnetici","7":"product_cat-attrezzatura","9":"first","10":"instock","11":"taxable","12":"shipping-taxable","13":"purchasable","14":"product-type-simple"},"acf":[],"yoast_head":"<!-- This site is optimized with the Yoast SEO plugin v27.3 - https:\/\/yoast.com\/product\/yoast-seo-wordpress\/ -->\n<title>Nupp-kujulised neod\u00fc\u00fcmmagnetid \u2013 10 tk - Magnet fishing with a Magnetar fishing magnet<\/title>\n<meta name=\"description\" content=\"Nupp-kujulised neod\u00fc\u00fcmmagnetid \u2013 10 tk Nende v\u00f5imsate Magnetar nupp-kujuliste magnetidega hoiad k\u00f5ik kindlalt paigal, ilma et peaksid ohverdama stiili v\u00f5i mugavust.\" \/>\n<meta name=\"robots\" content=\"index, follow, max-snippet:-1, max-image-preview:large, max-video-preview:-1\" \/>\n<link rel=\"canonical\" href=\"https:\/\/magnetarmagnets.com\/et\/shop\/nupukujulised-magnetid-10-tk\/\" \/>\n<meta property=\"og:locale\" content=\"et_EE\" \/>\n<meta property=\"og:type\" content=\"article\" \/>\n<meta property=\"og:title\" content=\"Nupp-kujulised neod\u00fc\u00fcmmagnetid \u2013 10 tk - Magnet fishing with a Magnetar fishing magnet\" \/>\n<meta property=\"og:description\" content=\"Nupp-kujulised neod\u00fc\u00fcmmagnetid \u2013 10 tk Nende v\u00f5imsate Magnetar nupp-kujuliste magnetidega hoiad k\u00f5ik kindlalt paigal, ilma et peaksid ohverdama stiili v\u00f5i mugavust.\" \/>\n<meta property=\"og:url\" content=\"https:\/\/magnetarmagnets.com\/et\/shop\/nupukujulised-magnetid-10-tk\/\" \/>\n<meta property=\"og:site_name\" content=\"Magnet fishing with a Magnetar fishing magnet\" \/>\n<meta property=\"article:publisher\" content=\"https:\/\/www.facebook.com\/fishingmagnets\/\" \/>\n<meta property=\"article:modified_time\" content=\"2026-04-03T17:30:15+00:00\" \/>\n<meta property=\"og:image\" content=\"https:\/\/magnetarmagnets.com\/wp-content\/uploads\/2020\/10\/Pion-magneet.jpg\" \/>\n\t<meta property=\"og:image:width\" content=\"1000\" \/>\n\t<meta property=\"og:image:height\" content=\"1000\" \/>\n\t<meta property=\"og:image:type\" content=\"image\/jpeg\" \/>\n<meta name=\"twitter:card\" content=\"summary_large_image\" \/>\n<meta name=\"twitter:label1\" content=\"Est. reading time\" \/>\n\t<meta name=\"twitter:data1\" content=\"2 minutit\" \/>\n<script type=\"application\/ld+json\" class=\"yoast-schema-graph\">{\"@context\":\"https:\\\/\\\/schema.org\",\"@graph\":[{\"@type\":[\"WebPage\",\"ItemPage\"],\"@id\":\"https:\\\/\\\/magnetarmagnets.com\\\/et\\\/shop\\\/nupukujulised-magnetid-10-tk\\\/\",\"url\":\"https:\\\/\\\/magnetarmagnets.com\\\/et\\\/shop\\\/nupukujulised-magnetid-10-tk\\\/\",\"name\":\"Nupp-kujulised neod\u00fc\u00fcmmagnetid \u2013 10 tk - Magnet fishing with a Magnetar fishing magnet\",\"isPartOf\":{\"@id\":\"https:\\\/\\\/magnetarmagnets.com\\\/et\\\/#website\"},\"primaryImageOfPage\":{\"@id\":\"https:\\\/\\\/magnetarmagnets.com\\\/et\\\/shop\\\/nupukujulised-magnetid-10-tk\\\/#primaryimage\"},\"image\":{\"@id\":\"https:\\\/\\\/magnetarmagnets.com\\\/et\\\/shop\\\/nupukujulised-magnetid-10-tk\\\/#primaryimage\"},\"thumbnailUrl\":\"https:\\\/\\\/magnetarmagnets.com\\\/wp-content\\\/uploads\\\/2020\\\/10\\\/Pion-magneet.jpg\",\"datePublished\":\"2025-06-05T07:53:48+00:00\",\"dateModified\":\"2026-04-03T17:30:15+00:00\",\"description\":\"Nupp-kujulised neod\u00fc\u00fcmmagnetid \u2013 10 tk Nende v\u00f5imsate Magnetar nupp-kujuliste magnetidega hoiad k\u00f5ik kindlalt paigal, ilma et peaksid ohverdama stiili v\u00f5i mugavust.\",\"breadcrumb\":{\"@id\":\"https:\\\/\\\/magnetarmagnets.com\\\/et\\\/shop\\\/nupukujulised-magnetid-10-tk\\\/#breadcrumb\"},\"inLanguage\":\"et\",\"potentialAction\":[{\"@type\":\"ReadAction\",\"target\":[\"https:\\\/\\\/magnetarmagnets.com\\\/et\\\/shop\\\/nupukujulised-magnetid-10-tk\\\/\"]}]},{\"@type\":\"ImageObject\",\"inLanguage\":\"et\",\"@id\":\"https:\\\/\\\/magnetarmagnets.com\\\/et\\\/shop\\\/nupukujulised-magnetid-10-tk\\\/#primaryimage\",\"url\":\"https:\\\/\\\/magnetarmagnets.com\\\/wp-content\\\/uploads\\\/2020\\\/10\\\/Pion-magneet.jpg\",\"contentUrl\":\"https:\\\/\\\/magnetarmagnets.com\\\/wp-content\\\/uploads\\\/2020\\\/10\\\/Pion-magneet.jpg\",\"width\":1000,\"height\":1000,\"caption\":\"Pawn magnet\"},{\"@type\":\"BreadcrumbList\",\"@id\":\"https:\\\/\\\/magnetarmagnets.com\\\/et\\\/shop\\\/nupukujulised-magnetid-10-tk\\\/#breadcrumb\",\"itemListElement\":[{\"@type\":\"ListItem\",\"position\":1,\"name\":\"Home\",\"item\":\"https:\\\/\\\/magnetarmagnets.com\\\/et\\\/\"},{\"@type\":\"ListItem\",\"position\":2,\"name\":\"pood\",\"item\":\"https:\\\/\\\/magnetarmagnets.com\\\/et\\\/pood\\\/\"},{\"@type\":\"ListItem\",\"position\":3,\"name\":\"Varustus\",\"item\":\"https:\\\/\\\/magnetarmagnets.com\\\/et\\\/collections\\\/varustus\\\/\"},{\"@type\":\"ListItem\",\"position\":4,\"name\":\"Magnetilised tarvikud\",\"item\":\"https:\\\/\\\/magnetarmagnets.com\\\/et\\\/collections\\\/varustus\\\/magnetilised-tarvikud\\\/\"},{\"@type\":\"ListItem\",\"position\":5,\"name\":\"Nupp-kujulised neod\u00fc\u00fcmmagnetid \u2013 10 tk\"}]},{\"@type\":\"WebSite\",\"@id\":\"https:\\\/\\\/magnetarmagnets.com\\\/et\\\/#website\",\"url\":\"https:\\\/\\\/magnetarmagnets.com\\\/et\\\/\",\"name\":\"Magnet fishing with a Magnetar fishing magnet\",\"description\":\"Tugevad magnetid magnetp\u00fc\u00fcgiks\",\"publisher\":{\"@id\":\"https:\\\/\\\/magnetarmagnets.com\\\/et\\\/#organization\"},\"potentialAction\":[{\"@type\":\"SearchAction\",\"target\":{\"@type\":\"EntryPoint\",\"urlTemplate\":\"https:\\\/\\\/magnetarmagnets.com\\\/et\\\/?s={search_term_string}\"},\"query-input\":{\"@type\":\"PropertyValueSpecification\",\"valueRequired\":true,\"valueName\":\"search_term_string\"}}],\"inLanguage\":\"et\"},{\"@type\":\"Organization\",\"@id\":\"https:\\\/\\\/magnetarmagnets.com\\\/et\\\/#organization\",\"name\":\"Magnetar\",\"url\":\"https:\\\/\\\/magnetarmagnets.com\\\/et\\\/\",\"logo\":{\"@type\":\"ImageObject\",\"inLanguage\":\"et\",\"@id\":\"https:\\\/\\\/magnetarmagnets.com\\\/et\\\/#\\\/schema\\\/logo\\\/image\\\/\",\"url\":\"https:\\\/\\\/magnetarmagnets.com\\\/wp-content\\\/uploads\\\/2025\\\/05\\\/Logo-03_PNG-Black-scaled.png\",\"contentUrl\":\"https:\\\/\\\/magnetarmagnets.com\\\/wp-content\\\/uploads\\\/2025\\\/05\\\/Logo-03_PNG-Black-scaled.png\",\"width\":2560,\"height\":1658,\"caption\":\"Magnetar\"},\"image\":{\"@id\":\"https:\\\/\\\/magnetarmagnets.com\\\/et\\\/#\\\/schema\\\/logo\\\/image\\\/\"},\"sameAs\":[\"https:\\\/\\\/www.facebook.com\\\/fishingmagnets\\\/\",\"https:\\\/\\\/www.instagram.com\\\/magnetar_magnets\\\/\",\"https:\\\/\\\/www.linkedin.com\\\/company\\\/magnetarbv\\\/?originalSubdomain=nl\",\"https:\\\/\\\/www.youtube.com\\\/c\\\/MagnetarVismagneet\"]}]}<\/script>\n<!-- \/ Yoast SEO plugin. -->","yoast_head_json":{"title":"Nupp-kujulised neod\u00fc\u00fcmmagnetid \u2013 10 tk - Magnet fishing with a Magnetar fishing magnet","description":"Nupp-kujulised neod\u00fc\u00fcmmagnetid \u2013 10 tk Nende v\u00f5imsate Magnetar nupp-kujuliste magnetidega hoiad k\u00f5ik kindlalt paigal, ilma et peaksid ohverdama stiili v\u00f5i mugavust.","robots":{"index":"index","follow":"follow","max-snippet":"max-snippet:-1","max-image-preview":"max-image-preview:large","max-video-preview":"max-video-preview:-1"},"canonical":"https:\/\/magnetarmagnets.com\/et\/shop\/nupukujulised-magnetid-10-tk\/","og_locale":"et_EE","og_type":"article","og_title":"Nupp-kujulised neod\u00fc\u00fcmmagnetid \u2013 10 tk - Magnet fishing with a Magnetar fishing magnet","og_description":"Nupp-kujulised neod\u00fc\u00fcmmagnetid \u2013 10 tk Nende v\u00f5imsate Magnetar nupp-kujuliste magnetidega hoiad k\u00f5ik kindlalt paigal, ilma et peaksid ohverdama stiili v\u00f5i mugavust.","og_url":"https:\/\/magnetarmagnets.com\/et\/shop\/nupukujulised-magnetid-10-tk\/","og_site_name":"Magnet fishing with a Magnetar fishing magnet","article_publisher":"https:\/\/www.facebook.com\/fishingmagnets\/","article_modified_time":"2026-04-03T17:30:15+00:00","og_image":[{"width":1000,"height":1000,"url":"https:\/\/magnetarmagnets.com\/wp-content\/uploads\/2020\/10\/Pion-magneet.jpg","type":"image\/jpeg"}],"twitter_card":"summary_large_image","twitter_misc":{"Est. reading time":"2 minutit"},"schema":{"@context":"https:\/\/schema.org","@graph":[{"@type":["WebPage","ItemPage"],"@id":"https:\/\/magnetarmagnets.com\/et\/shop\/nupukujulised-magnetid-10-tk\/","url":"https:\/\/magnetarmagnets.com\/et\/shop\/nupukujulised-magnetid-10-tk\/","name":"Nupp-kujulised neod\u00fc\u00fcmmagnetid \u2013 10 tk - Magnet fishing with a Magnetar fishing magnet","isPartOf":{"@id":"https:\/\/magnetarmagnets.com\/et\/#website"},"primaryImageOfPage":{"@id":"https:\/\/magnetarmagnets.com\/et\/shop\/nupukujulised-magnetid-10-tk\/#primaryimage"},"image":{"@id":"https:\/\/magnetarmagnets.com\/et\/shop\/nupukujulised-magnetid-10-tk\/#primaryimage"},"thumbnailUrl":"https:\/\/magnetarmagnets.com\/wp-content\/uploads\/2020\/10\/Pion-magneet.jpg","datePublished":"2025-06-05T07:53:48+00:00","dateModified":"2026-04-03T17:30:15+00:00","description":"Nupp-kujulised neod\u00fc\u00fcmmagnetid \u2013 10 tk Nende v\u00f5imsate Magnetar nupp-kujuliste magnetidega hoiad k\u00f5ik kindlalt paigal, ilma et peaksid ohverdama stiili v\u00f5i mugavust.","breadcrumb":{"@id":"https:\/\/magnetarmagnets.com\/et\/shop\/nupukujulised-magnetid-10-tk\/#breadcrumb"},"inLanguage":"et","potentialAction":[{"@type":"ReadAction","target":["https:\/\/magnetarmagnets.com\/et\/shop\/nupukujulised-magnetid-10-tk\/"]}]},{"@type":"ImageObject","inLanguage":"et","@id":"https:\/\/magnetarmagnets.com\/et\/shop\/nupukujulised-magnetid-10-tk\/#primaryimage","url":"https:\/\/magnetarmagnets.com\/wp-content\/uploads\/2020\/10\/Pion-magneet.jpg","contentUrl":"https:\/\/magnetarmagnets.com\/wp-content\/uploads\/2020\/10\/Pion-magneet.jpg","width":1000,"height":1000,"caption":"Pawn magnet"},{"@type":"BreadcrumbList","@id":"https:\/\/magnetarmagnets.com\/et\/shop\/nupukujulised-magnetid-10-tk\/#breadcrumb","itemListElement":[{"@type":"ListItem","position":1,"name":"Home","item":"https:\/\/magnetarmagnets.com\/et\/"},{"@type":"ListItem","position":2,"name":"pood","item":"https:\/\/magnetarmagnets.com\/et\/pood\/"},{"@type":"ListItem","position":3,"name":"Varustus","item":"https:\/\/magnetarmagnets.com\/et\/collections\/varustus\/"},{"@type":"ListItem","position":4,"name":"Magnetilised tarvikud","item":"https:\/\/magnetarmagnets.com\/et\/collections\/varustus\/magnetilised-tarvikud\/"},{"@type":"ListItem","position":5,"name":"Nupp-kujulised neod\u00fc\u00fcmmagnetid \u2013 10 tk"}]},{"@type":"WebSite","@id":"https:\/\/magnetarmagnets.com\/et\/#website","url":"https:\/\/magnetarmagnets.com\/et\/","name":"Magnet fishing with a Magnetar fishing magnet","description":"Tugevad magnetid magnetp\u00fc\u00fcgiks","publisher":{"@id":"https:\/\/magnetarmagnets.com\/et\/#organization"},"potentialAction":[{"@type":"SearchAction","target":{"@type":"EntryPoint","urlTemplate":"https:\/\/magnetarmagnets.com\/et\/?s={search_term_string}"},"query-input":{"@type":"PropertyValueSpecification","valueRequired":true,"valueName":"search_term_string"}}],"inLanguage":"et"},{"@type":"Organization","@id":"https:\/\/magnetarmagnets.com\/et\/#organization","name":"Magnetar","url":"https:\/\/magnetarmagnets.com\/et\/","logo":{"@type":"ImageObject","inLanguage":"et","@id":"https:\/\/magnetarmagnets.com\/et\/#\/schema\/logo\/image\/","url":"https:\/\/magnetarmagnets.com\/wp-content\/uploads\/2025\/05\/Logo-03_PNG-Black-scaled.png","contentUrl":"https:\/\/magnetarmagnets.com\/wp-content\/uploads\/2025\/05\/Logo-03_PNG-Black-scaled.png","width":2560,"height":1658,"caption":"Magnetar"},"image":{"@id":"https:\/\/magnetarmagnets.com\/et\/#\/schema\/logo\/image\/"},"sameAs":["https:\/\/www.facebook.com\/fishingmagnets\/","https:\/\/www.instagram.com\/magnetar_magnets\/","https:\/\/www.linkedin.com\/company\/magnetarbv\/?originalSubdomain=nl","https:\/\/www.youtube.com\/c\/MagnetarVismagneet"]}]}},"_links":{"self":[{"href":"https:\/\/magnetarmagnets.com\/et\/wp-json\/wp\/v2\/product\/81603","targetHints":{"allow":["GET"]}}],"collection":[{"href":"https:\/\/magnetarmagnets.com\/et\/wp-json\/wp\/v2\/product"}],"about":[{"href":"https:\/\/magnetarmagnets.com\/et\/wp-json\/wp\/v2\/types\/product"}],"replies":[{"embeddable":true,"href":"https:\/\/magnetarmagnets.com\/et\/wp-json\/wp\/v2\/comments?post=81603"}],"version-history":[{"count":1,"href":"https:\/\/magnetarmagnets.com\/et\/wp-json\/wp\/v2\/product\/81603\/revisions"}],"predecessor-version":[{"id":95249,"href":"https:\/\/magnetarmagnets.com\/et\/wp-json\/wp\/v2\/product\/81603\/revisions\/95249"}],"wp:featuredmedia":[{"embeddable":true,"href":"https:\/\/magnetarmagnets.com\/et\/wp-json\/wp\/v2\/media\/71365"}],"wp:attachment":[{"href":"https:\/\/magnetarmagnets.com\/et\/wp-json\/wp\/v2\/media?parent=81603"}],"wp:term":[{"taxonomy":"product_brand","embeddable":true,"href":"https:\/\/magnetarmagnets.com\/et\/wp-json\/wp\/v2\/product_brand?post=81603"},{"taxonomy":"product_cat","embeddable":true,"href":"https:\/\/magnetarmagnets.com\/et\/wp-json\/wp\/v2\/product_cat?post=81603"},{"taxonomy":"product_tag","embeddable":true,"href":"https:\/\/magnetarmagnets.com\/et\/wp-json\/wp\/v2\/product_tag?post=81603"}],"curies":[{"name":"wp","href":"https:\/\/api.w.org\/{rel}","templated":true}]}}