{"id":81602,"date":"2025-07-07T10:06:04","date_gmt":"2025-07-07T08:06:04","guid":{"rendered":"https:\/\/magnetarmagnets.com\/?post_type=product&#038;p=81602"},"modified":"2026-01-31T19:33:58","modified_gmt":"2026-01-31T18:33:58","slug":"magnetkalapuugi-kleebiste-komplekt","status":"publish","type":"product","link":"https:\/\/magnetarmagnets.com\/et\/shop\/magnetkalapuugi-kleebiste-komplekt\/","title":{"rendered":"Magnetp\u00fc\u00fcgi kleepsukomplekt"},"content":{"rendered":"<h2>Kleepsukomplekt Magnetarilt<\/h2>\n\nSee komplekt sisaldab kahte eraldi kleepsulehte, millel on kujutatud magnetp\u00fc\u00fcdja ja Magnetar-logo.\n\nNeed kleepsud on varustatud kaitsekihiga, mist\u00f5ttu sobivad nii siseruumidesse kui v\u00e4litingimustesse. M\u00f5lemad lehed on veekindlad ja kinnitatavad paljudele erinevatele siledatele ja puhastele pindadele.\n\n<strong>Tehnilised andmed:<\/strong>\n\n&#8211; 1 Magnetar-logo kleeps 25 cm \u00d7 16,5 cm (eriti suur!)\n\n&#8211; 1 Magnetar magnetp\u00fc\u00fcdja kleeps 25 cm \u00d7 12,5 cm\n\n&#8211; Lihtne kinnitada\n\n&#8211; \u00dclekandekleeps\n\n&#8211; Veekindel\n\n&#8211; V\u00e4rvus: valge\n\n<h2>Muuda oma s\u00f5iduk pilkup\u00fc\u00fcdvaks!<\/h2>\n\nMuuda oma auto eriliseks \u2013 lisa originaalsust ja isikup\u00e4ra, et k\u00f5ik m\u00e4rkaksid, kes on roolis, kasutades Magnetari kleepsusid!\n\nNeed kleepsud sobivad suurep\u00e4raselt auto kleepsudeks. N\u00e4iteks v\u00f5id Magnetari kleepsusid kasutada ka mootorrattal, motorolleril v\u00f5i haagisel. Meie auto kleepsud on vastupidavad k\u00f5ikidele ilmastikutingimustele ja erakordselt kvaliteetsed.\n\n<h2>T\u00f5mba t\u00e4helepanu aknakleebise v\u00f5i pr\u00fcgikasti kleebisega \u2026<\/h2>\n\nAuto k\u00f5rval on palju teisi toredaid kohti, kuhu need Magnetari kleepsud h\u00e4sti sobivad. M\u00f5tle n\u00e4iteks oma maja, kuuri v\u00f5i ukse aknale. Veel \u00fcks koht, kus meie kleepsud on sageli kasutusel, on pr\u00fcgikastid ja j\u00e4\u00e4tmekonteinerid. Tuvasta kiiresti oma pr\u00fcgikast kena kleepsuga oma hobist: <a href=\"https:\/\/magnetarmagnets.com\/\" target=\"_blank\" rel=\"noopener\">magnetp\u00fc\u00fck<\/a>! Need ilmastikukindlad kleepsud on lihtne paigaldada igale siledale pinnale. Tore ka siseruumides uste v\u00f5i kappide peal.\n\n<h2>Aluspind ja paigaldusnipid<\/h2>\n\n<ol>\n  <li>Alati vali \u00fchtlane\/sile pind;<\/li>\n  <li>Puhasta pind tolmu ja rasva j\u00e4\u00e4kidest;<\/li>\n  <li>Kuivata pind;<\/li>\n  <li>Kleebi kleeps puhtale pinnale;<\/li>\n  <li>Siledustamiseks silu kleeps eelnevalt kaardiga (nt tugev papp v\u00f5i pangakaart);<\/li>\n  <li>Korda seda m\u00f5ne korra ja kontrolli \u00f5humullide tekkimist; kui leiad mulli, suru need v\u00e4lja;<\/li>\n  <li>T\u00f5mba kleepsu alus diagonaalselt vasakust \u00fclanurgast paremasse alanurka;<\/li>\n  <li>Naudi tulemust!<\/li>\n<\/ol>","protected":false},"excerpt":{"rendered":"<p>See komplekt sisaldab <strong>kaht eraldi kleepsulehte<\/strong>. Magnetar\u00ae kala logo ja magnetp\u00fc\u00fcdja kujutis n\u00e4itavad k\u00f5igile, et sa oled t\u00f5eline magnetp\u00fc\u00fcdja! <strong>Suurep\u00e4rane lisa<\/strong> sinu s\u00f5idukile, jahutuskasti, koju v\u00f5i t\u00f6\u00f6kohta \u2013 see Magnetari kleeps on tr\u00fckitud vin\u00fc\u00fcli sisse UV-kindlate tintidega, tagades <strong>kauakestva ilusa v\u00e4limuse<\/strong>. Lisaks <strong>p\u00fcsiv liimikiht<\/strong> hoiab kleepsu paigas.<\/p>\n","protected":false},"featured_media":52989,"comment_status":"open","ping_status":"closed","template":"","meta":{"_acf_changed":false,"inline_featured_image":false},"product_brand":[],"product_cat":[419,422],"product_tag":[],"class_list":{"0":"post-81602","1":"product","2":"type-product","3":"status-publish","4":"has-post-thumbnail","6":"product_cat-merchandise-et","7":"product_cat-varustus","9":"first","10":"outofstock","11":"sale","12":"taxable","13":"shipping-taxable","14":"purchasable","15":"product-type-simple"},"acf":[],"yoast_head":"<!-- This site is optimized with the Yoast SEO plugin v27.3 - https:\/\/yoast.com\/product\/yoast-seo-wordpress\/ -->\n<title>Magnetp\u00fc\u00fcgi kleepsukomplekt - Magnet fishing with a Magnetar fishing magnet<\/title>\n<meta name=\"description\" content=\"Magnetp\u00fc\u00fcgi kleepsukomplekt \u2013 kohanda Magnetariga\" \/>\n<meta name=\"robots\" content=\"index, follow, max-snippet:-1, max-image-preview:large, max-video-preview:-1\" \/>\n<link rel=\"canonical\" href=\"https:\/\/magnetarmagnets.com\/et\/shop\/magnetkalapuugi-kleebiste-komplekt\/\" \/>\n<meta property=\"og:locale\" content=\"et_EE\" \/>\n<meta property=\"og:type\" content=\"article\" \/>\n<meta property=\"og:title\" content=\"Magnetp\u00fc\u00fcgi kleepsukomplekt - Magnet fishing with a Magnetar fishing magnet\" \/>\n<meta property=\"og:description\" content=\"Magnetp\u00fc\u00fcgi kleepsukomplekt \u2013 kohanda Magnetariga\" \/>\n<meta property=\"og:url\" content=\"https:\/\/magnetarmagnets.com\/et\/shop\/magnetkalapuugi-kleebiste-komplekt\/\" \/>\n<meta property=\"og:site_name\" content=\"Magnet fishing with a Magnetar fishing magnet\" \/>\n<meta property=\"article:publisher\" content=\"https:\/\/www.facebook.com\/fishingmagnets\/\" \/>\n<meta property=\"article:modified_time\" content=\"2026-01-31T18:33:58+00:00\" \/>\n<meta property=\"og:image\" content=\"https:\/\/magnetarmagnets.com\/wp-content\/uploads\/2021\/04\/magnetar-car-sticker.jpg\" \/>\n\t<meta property=\"og:image:width\" content=\"1000\" \/>\n\t<meta property=\"og:image:height\" content=\"1000\" \/>\n\t<meta property=\"og:image:type\" content=\"image\/jpeg\" \/>\n<meta name=\"twitter:card\" content=\"summary_large_image\" \/>\n<meta name=\"twitter:label1\" content=\"Est. reading time\" \/>\n\t<meta name=\"twitter:data1\" content=\"2 minutit\" \/>\n<script type=\"application\/ld+json\" class=\"yoast-schema-graph\">{\"@context\":\"https:\\\/\\\/schema.org\",\"@graph\":[{\"@type\":[\"WebPage\",\"ItemPage\"],\"@id\":\"https:\\\/\\\/magnetarmagnets.com\\\/et\\\/shop\\\/magnetkalapuugi-kleebiste-komplekt\\\/\",\"url\":\"https:\\\/\\\/magnetarmagnets.com\\\/et\\\/shop\\\/magnetkalapuugi-kleebiste-komplekt\\\/\",\"name\":\"Magnetp\u00fc\u00fcgi kleepsukomplekt - Magnet fishing with a Magnetar fishing magnet\",\"isPartOf\":{\"@id\":\"https:\\\/\\\/magnetarmagnets.com\\\/et\\\/#website\"},\"primaryImageOfPage\":{\"@id\":\"https:\\\/\\\/magnetarmagnets.com\\\/et\\\/shop\\\/magnetkalapuugi-kleebiste-komplekt\\\/#primaryimage\"},\"image\":{\"@id\":\"https:\\\/\\\/magnetarmagnets.com\\\/et\\\/shop\\\/magnetkalapuugi-kleebiste-komplekt\\\/#primaryimage\"},\"thumbnailUrl\":\"https:\\\/\\\/magnetarmagnets.com\\\/wp-content\\\/uploads\\\/2021\\\/04\\\/magnetar-car-sticker.jpg\",\"datePublished\":\"2025-07-07T08:06:04+00:00\",\"dateModified\":\"2026-01-31T18:33:58+00:00\",\"description\":\"Magnetp\u00fc\u00fcgi kleepsukomplekt \u2013 kohanda Magnetariga\",\"breadcrumb\":{\"@id\":\"https:\\\/\\\/magnetarmagnets.com\\\/et\\\/shop\\\/magnetkalapuugi-kleebiste-komplekt\\\/#breadcrumb\"},\"inLanguage\":\"et\",\"potentialAction\":[{\"@type\":\"ReadAction\",\"target\":[\"https:\\\/\\\/magnetarmagnets.com\\\/et\\\/shop\\\/magnetkalapuugi-kleebiste-komplekt\\\/\"]}]},{\"@type\":\"ImageObject\",\"inLanguage\":\"et\",\"@id\":\"https:\\\/\\\/magnetarmagnets.com\\\/et\\\/shop\\\/magnetkalapuugi-kleebiste-komplekt\\\/#primaryimage\",\"url\":\"https:\\\/\\\/magnetarmagnets.com\\\/wp-content\\\/uploads\\\/2021\\\/04\\\/magnetar-car-sticker.jpg\",\"contentUrl\":\"https:\\\/\\\/magnetarmagnets.com\\\/wp-content\\\/uploads\\\/2021\\\/04\\\/magnetar-car-sticker.jpg\",\"width\":1000,\"height\":1000,\"caption\":\"magnetar car sticker\"},{\"@type\":\"BreadcrumbList\",\"@id\":\"https:\\\/\\\/magnetarmagnets.com\\\/et\\\/shop\\\/magnetkalapuugi-kleebiste-komplekt\\\/#breadcrumb\",\"itemListElement\":[{\"@type\":\"ListItem\",\"position\":1,\"name\":\"Home\",\"item\":\"https:\\\/\\\/magnetarmagnets.com\\\/et\\\/\"},{\"@type\":\"ListItem\",\"position\":2,\"name\":\"pood\",\"item\":\"https:\\\/\\\/magnetarmagnets.com\\\/et\\\/pood\\\/\"},{\"@type\":\"ListItem\",\"position\":3,\"name\":\"Varustus\",\"item\":\"https:\\\/\\\/magnetarmagnets.com\\\/et\\\/collections\\\/varustus\\\/\"},{\"@type\":\"ListItem\",\"position\":4,\"name\":\"Merchandise\",\"item\":\"https:\\\/\\\/magnetarmagnets.com\\\/et\\\/collections\\\/varustus\\\/merchandise-et\\\/\"},{\"@type\":\"ListItem\",\"position\":5,\"name\":\"Magnetp\u00fc\u00fcgi kleepsukomplekt\"}]},{\"@type\":\"WebSite\",\"@id\":\"https:\\\/\\\/magnetarmagnets.com\\\/et\\\/#website\",\"url\":\"https:\\\/\\\/magnetarmagnets.com\\\/et\\\/\",\"name\":\"Magnet fishing with a Magnetar fishing magnet\",\"description\":\"Tugevad magnetid magnetp\u00fc\u00fcgiks\",\"publisher\":{\"@id\":\"https:\\\/\\\/magnetarmagnets.com\\\/et\\\/#organization\"},\"potentialAction\":[{\"@type\":\"SearchAction\",\"target\":{\"@type\":\"EntryPoint\",\"urlTemplate\":\"https:\\\/\\\/magnetarmagnets.com\\\/et\\\/?s={search_term_string}\"},\"query-input\":{\"@type\":\"PropertyValueSpecification\",\"valueRequired\":true,\"valueName\":\"search_term_string\"}}],\"inLanguage\":\"et\"},{\"@type\":\"Organization\",\"@id\":\"https:\\\/\\\/magnetarmagnets.com\\\/et\\\/#organization\",\"name\":\"Magnetar\",\"url\":\"https:\\\/\\\/magnetarmagnets.com\\\/et\\\/\",\"logo\":{\"@type\":\"ImageObject\",\"inLanguage\":\"et\",\"@id\":\"https:\\\/\\\/magnetarmagnets.com\\\/et\\\/#\\\/schema\\\/logo\\\/image\\\/\",\"url\":\"https:\\\/\\\/magnetarmagnets.com\\\/wp-content\\\/uploads\\\/2025\\\/05\\\/Logo-03_PNG-Black-scaled.png\",\"contentUrl\":\"https:\\\/\\\/magnetarmagnets.com\\\/wp-content\\\/uploads\\\/2025\\\/05\\\/Logo-03_PNG-Black-scaled.png\",\"width\":2560,\"height\":1658,\"caption\":\"Magnetar\"},\"image\":{\"@id\":\"https:\\\/\\\/magnetarmagnets.com\\\/et\\\/#\\\/schema\\\/logo\\\/image\\\/\"},\"sameAs\":[\"https:\\\/\\\/www.facebook.com\\\/fishingmagnets\\\/\",\"https:\\\/\\\/www.instagram.com\\\/magnetar_magnets\\\/\",\"https:\\\/\\\/www.linkedin.com\\\/company\\\/magnetarbv\\\/?originalSubdomain=nl\",\"https:\\\/\\\/www.youtube.com\\\/c\\\/MagnetarVismagneet\"]}]}<\/script>\n<!-- \/ Yoast SEO plugin. -->","yoast_head_json":{"title":"Magnetp\u00fc\u00fcgi kleepsukomplekt - Magnet fishing with a Magnetar fishing magnet","description":"Magnetp\u00fc\u00fcgi kleepsukomplekt \u2013 kohanda Magnetariga","robots":{"index":"index","follow":"follow","max-snippet":"max-snippet:-1","max-image-preview":"max-image-preview:large","max-video-preview":"max-video-preview:-1"},"canonical":"https:\/\/magnetarmagnets.com\/et\/shop\/magnetkalapuugi-kleebiste-komplekt\/","og_locale":"et_EE","og_type":"article","og_title":"Magnetp\u00fc\u00fcgi kleepsukomplekt - Magnet fishing with a Magnetar fishing magnet","og_description":"Magnetp\u00fc\u00fcgi kleepsukomplekt \u2013 kohanda Magnetariga","og_url":"https:\/\/magnetarmagnets.com\/et\/shop\/magnetkalapuugi-kleebiste-komplekt\/","og_site_name":"Magnet fishing with a Magnetar fishing magnet","article_publisher":"https:\/\/www.facebook.com\/fishingmagnets\/","article_modified_time":"2026-01-31T18:33:58+00:00","og_image":[{"width":1000,"height":1000,"url":"https:\/\/magnetarmagnets.com\/wp-content\/uploads\/2021\/04\/magnetar-car-sticker.jpg","type":"image\/jpeg"}],"twitter_card":"summary_large_image","twitter_misc":{"Est. reading time":"2 minutit"},"schema":{"@context":"https:\/\/schema.org","@graph":[{"@type":["WebPage","ItemPage"],"@id":"https:\/\/magnetarmagnets.com\/et\/shop\/magnetkalapuugi-kleebiste-komplekt\/","url":"https:\/\/magnetarmagnets.com\/et\/shop\/magnetkalapuugi-kleebiste-komplekt\/","name":"Magnetp\u00fc\u00fcgi kleepsukomplekt - Magnet fishing with a Magnetar fishing magnet","isPartOf":{"@id":"https:\/\/magnetarmagnets.com\/et\/#website"},"primaryImageOfPage":{"@id":"https:\/\/magnetarmagnets.com\/et\/shop\/magnetkalapuugi-kleebiste-komplekt\/#primaryimage"},"image":{"@id":"https:\/\/magnetarmagnets.com\/et\/shop\/magnetkalapuugi-kleebiste-komplekt\/#primaryimage"},"thumbnailUrl":"https:\/\/magnetarmagnets.com\/wp-content\/uploads\/2021\/04\/magnetar-car-sticker.jpg","datePublished":"2025-07-07T08:06:04+00:00","dateModified":"2026-01-31T18:33:58+00:00","description":"Magnetp\u00fc\u00fcgi kleepsukomplekt \u2013 kohanda Magnetariga","breadcrumb":{"@id":"https:\/\/magnetarmagnets.com\/et\/shop\/magnetkalapuugi-kleebiste-komplekt\/#breadcrumb"},"inLanguage":"et","potentialAction":[{"@type":"ReadAction","target":["https:\/\/magnetarmagnets.com\/et\/shop\/magnetkalapuugi-kleebiste-komplekt\/"]}]},{"@type":"ImageObject","inLanguage":"et","@id":"https:\/\/magnetarmagnets.com\/et\/shop\/magnetkalapuugi-kleebiste-komplekt\/#primaryimage","url":"https:\/\/magnetarmagnets.com\/wp-content\/uploads\/2021\/04\/magnetar-car-sticker.jpg","contentUrl":"https:\/\/magnetarmagnets.com\/wp-content\/uploads\/2021\/04\/magnetar-car-sticker.jpg","width":1000,"height":1000,"caption":"magnetar car sticker"},{"@type":"BreadcrumbList","@id":"https:\/\/magnetarmagnets.com\/et\/shop\/magnetkalapuugi-kleebiste-komplekt\/#breadcrumb","itemListElement":[{"@type":"ListItem","position":1,"name":"Home","item":"https:\/\/magnetarmagnets.com\/et\/"},{"@type":"ListItem","position":2,"name":"pood","item":"https:\/\/magnetarmagnets.com\/et\/pood\/"},{"@type":"ListItem","position":3,"name":"Varustus","item":"https:\/\/magnetarmagnets.com\/et\/collections\/varustus\/"},{"@type":"ListItem","position":4,"name":"Merchandise","item":"https:\/\/magnetarmagnets.com\/et\/collections\/varustus\/merchandise-et\/"},{"@type":"ListItem","position":5,"name":"Magnetp\u00fc\u00fcgi kleepsukomplekt"}]},{"@type":"WebSite","@id":"https:\/\/magnetarmagnets.com\/et\/#website","url":"https:\/\/magnetarmagnets.com\/et\/","name":"Magnet fishing with a Magnetar fishing magnet","description":"Tugevad magnetid magnetp\u00fc\u00fcgiks","publisher":{"@id":"https:\/\/magnetarmagnets.com\/et\/#organization"},"potentialAction":[{"@type":"SearchAction","target":{"@type":"EntryPoint","urlTemplate":"https:\/\/magnetarmagnets.com\/et\/?s={search_term_string}"},"query-input":{"@type":"PropertyValueSpecification","valueRequired":true,"valueName":"search_term_string"}}],"inLanguage":"et"},{"@type":"Organization","@id":"https:\/\/magnetarmagnets.com\/et\/#organization","name":"Magnetar","url":"https:\/\/magnetarmagnets.com\/et\/","logo":{"@type":"ImageObject","inLanguage":"et","@id":"https:\/\/magnetarmagnets.com\/et\/#\/schema\/logo\/image\/","url":"https:\/\/magnetarmagnets.com\/wp-content\/uploads\/2025\/05\/Logo-03_PNG-Black-scaled.png","contentUrl":"https:\/\/magnetarmagnets.com\/wp-content\/uploads\/2025\/05\/Logo-03_PNG-Black-scaled.png","width":2560,"height":1658,"caption":"Magnetar"},"image":{"@id":"https:\/\/magnetarmagnets.com\/et\/#\/schema\/logo\/image\/"},"sameAs":["https:\/\/www.facebook.com\/fishingmagnets\/","https:\/\/www.instagram.com\/magnetar_magnets\/","https:\/\/www.linkedin.com\/company\/magnetarbv\/?originalSubdomain=nl","https:\/\/www.youtube.com\/c\/MagnetarVismagneet"]}]}},"_links":{"self":[{"href":"https:\/\/magnetarmagnets.com\/et\/wp-json\/wp\/v2\/product\/81602","targetHints":{"allow":["GET"]}}],"collection":[{"href":"https:\/\/magnetarmagnets.com\/et\/wp-json\/wp\/v2\/product"}],"about":[{"href":"https:\/\/magnetarmagnets.com\/et\/wp-json\/wp\/v2\/types\/product"}],"replies":[{"embeddable":true,"href":"https:\/\/magnetarmagnets.com\/et\/wp-json\/wp\/v2\/comments?post=81602"}],"version-history":[{"count":0,"href":"https:\/\/magnetarmagnets.com\/et\/wp-json\/wp\/v2\/product\/81602\/revisions"}],"wp:featuredmedia":[{"embeddable":true,"href":"https:\/\/magnetarmagnets.com\/et\/wp-json\/wp\/v2\/media\/52989"}],"wp:attachment":[{"href":"https:\/\/magnetarmagnets.com\/et\/wp-json\/wp\/v2\/media?parent=81602"}],"wp:term":[{"taxonomy":"product_brand","embeddable":true,"href":"https:\/\/magnetarmagnets.com\/et\/wp-json\/wp\/v2\/product_brand?post=81602"},{"taxonomy":"product_cat","embeddable":true,"href":"https:\/\/magnetarmagnets.com\/et\/wp-json\/wp\/v2\/product_cat?post=81602"},{"taxonomy":"product_tag","embeddable":true,"href":"https:\/\/magnetarmagnets.com\/et\/wp-json\/wp\/v2\/product_tag?post=81602"}],"curies":[{"name":"wp","href":"https:\/\/api.w.org\/{rel}","templated":true}]}}