{"id":81596,"date":"2025-06-05T09:54:13","date_gmt":"2025-06-05T07:54:13","guid":{"rendered":"https:\/\/magnetarmagnets.com\/?post_type=product&#038;p=81596"},"modified":"2026-04-04T20:19:24","modified_gmt":"2026-04-04T18:19:24","slug":"bulldog-500-kahepoolne-kalapuugimagnet-500-kg","status":"publish","type":"product","link":"https:\/\/magnetarmagnets.com\/et\/shop\/bulldog-500-kahepoolne-kalapuugimagnet-500-kg\/","title":{"rendered":"Bulldog 500 \u2013 kahepoolne neod\u00fc\u00fcmmagnet (500 kg)"},"content":{"rendered":"<span style=\"font-weight: 400;\">Magnetari <\/span>Bulldog 500<span style=\"font-weight: 400;\"> on Magnetari Bulldog 800 kahepoolse magnetp\u00fc\u00fcgimagneti v\u00e4iksem vend. Meie Bulldog neod\u00fc\u00fcmmagnet meelitab vees olevaid esemeid t\u00e4nu kombineeritud 500 kg t\u00f5mbej\u00f5ule. T\u00f5mbej\u00f5ud on jaotatud kahe magneti vahel, kummagi t\u00f5mbej\u00f5ud on 550 lb\/250 kg: nii p\u00fc\u00fcdled alati 550 lb\/250 kg t\u00f5mbej\u00f5uga kummalgi k\u00fcljel. See suurendab leidmisv\u00f5imalust t\u00e4nu tugevamale magnetv\u00e4ljale. Bulldogil on kahepoolne t\u00f5mme ja terasest r\u00f5ngaskate, mis kaitseb magneti. Kas otsid v\u00f5imsamat kahepoolset magnetit? Tutvu meie <\/span><a href=\"https:\/\/magnetarmagnets.com\/shop\/bulldog-800-double-sided\/\" target=\"_blank\" rel=\"noopener noreferrer\"><span style=\"font-weight: 400;\">Bulldog 800<\/span><\/a><span style=\"font-weight: 400;\">ga siin.<\/span>\n\n<h2><strong>Kahepoolne Bulldog 500<\/strong><\/h2>\n\n<span style=\"font-weight: 400;\">Meie Bulldog magnet meelitab vees olevaid esemeid t\u00e4nu kombineeritud 500 kg t\u00f5mbej\u00f5ule. T\u00f5mbej\u00f5ud on jaotatud kahe magneti vahel, kummagi t\u00f5mbej\u00f5ud on 550 lb\/250 kg. Lubatud 250 kg t\u00f5mbej\u00f5ud saavutatakse vaid ideaalsetes tingimustes: 2 cm paksuse sileda metallpinnaga, ilma rooste ja takistusteta magneti ning metalli vahel. Nendes tingimustes suudad magnetiga otse \u00fcles t\u00f5mmata 250 kg.<\/span>\n\n<span style=\"font-weight: 400;\">Peamine erinevus <a href=\"https:\/\/magnetarmagnets.com\/double-sided-fishing-magnet\/\" target=\"_blank\" rel=\"noopener\">kahepoolse magneti<\/a> ja \u00fchepoolsete magnetide vahel seisneb selles, et saad magnetp\u00fc\u00fcgil tegutseda kahes suunas, mitte ainult \u00fches. Komplektis olevad silmuskruvid saab kinnitada just nii, nagu ise soovid. Kui soovid magneti vees horisontaalselt vedada (mis suurendab leidmisv\u00f5imalust), kinnita silmuskruvi magneti k\u00fcljele. T\u00e4nu kahe magneti olemasolule suunub magnet alati v\u00f5imalike aarete poole.<\/span>\n\n<span style=\"font-weight: 400;\">Horisontaalse magnetp\u00fc\u00fcgi negatiivne m\u00f5ju on see, et magnet avaldab objektile v\u00e4iksemat t\u00f5mbej\u00f5udu. T\u00f5mbej\u00f5ud on k\u00f5ige efektiivsem vertikaalsel p\u00fc\u00fcgiviisil. Kui soovid lisat\u00f5mbej\u00f5udu, kinnita silmuskruvi vertikaalselt magneti pinnale. Nii saad k\u00e4tte raskemaid esemeid, nagu meie <span style=\"font-weight: 400;\">klassikaliste magnetide<\/span> puhul. Magneti erinevad kasutusviisid muudavad selle mitmek\u00fclgseks.<\/span>\n\n\u00c4ra unusta vaadata meie <a href=\"https:\/\/magnetarmagnets.com\/accessories\/\" target=\"_blank\" rel=\"noopener\">magnetp\u00fc\u00fcgivarustust<\/a> v\u00f5i valida <a href=\"https:\/\/magnetarmagnets.com\/magnet-fishing-kit\/\" target=\"_blank\" rel=\"noopener\">parim magnetp\u00fc\u00fcgikomplekt<\/a>.","protected":false},"excerpt":{"rendered":"<p><span style=\"font-weight: 400;\">Kahekordne t\u00f5mme 2 x 250 kg t\u00f5mbej\u00f5uga. <strong>Suurendab sinu saagiv\u00f5imalust kahekordselt<\/strong>!<\/span><\/p>\n","protected":false},"featured_media":74131,"comment_status":"open","ping_status":"closed","template":"","meta":{"_acf_changed":false,"inline_featured_image":false},"product_brand":[],"product_cat":[415,496,414,1002,493],"product_tag":[],"class_list":{"0":"post-81596","1":"product","2":"type-product","3":"status-publish","4":"has-post-thumbnail","6":"product_cat-algajatele-ja-lastele","7":"product_cat-kahepoolse-tombega-otsingumagnetid","8":"product_cat-kogenud-seiklejatele","9":"product_cat-koik-tooted","10":"product_cat-otsingumagnetid","12":"first","13":"instock","14":"taxable","15":"shipping-taxable","16":"purchasable","17":"product-type-simple"},"acf":[],"yoast_head":"<!-- This site is optimized with the Yoast SEO plugin v27.4 - https:\/\/yoast.com\/product\/yoast-seo-wordpress\/ -->\n<title>Magnetari kahepoolne Bulldog 400 magnet<\/title>\n<meta name=\"description\" content=\"See t\u00f5mbej\u00f5ud on jaotatud kahe magneti vahel, kummagi t\u00f5mbej\u00f5ud on 250 kg: nii p\u00fc\u00fcdled alati 250 kg t\u00f5mbej\u00f5uga kummalgi k\u00fcljel.\" \/>\n<meta name=\"robots\" content=\"index, follow, max-snippet:-1, max-image-preview:large, max-video-preview:-1\" \/>\n<link rel=\"canonical\" href=\"https:\/\/magnetarmagnets.com\/et\/shop\/bulldog-500-kahepoolne-kalapuugimagnet-500-kg\/\" \/>\n<meta property=\"og:locale\" content=\"et_EE\" \/>\n<meta property=\"og:type\" content=\"article\" \/>\n<meta property=\"og:title\" content=\"Magnetari kahepoolne Bulldog 400 magnet\" \/>\n<meta property=\"og:description\" content=\"See t\u00f5mbej\u00f5ud on jaotatud kahe magneti vahel, kummagi t\u00f5mbej\u00f5ud on 250 kg: nii p\u00fc\u00fcdled alati 250 kg t\u00f5mbej\u00f5uga kummalgi k\u00fcljel.\" \/>\n<meta property=\"og:url\" content=\"https:\/\/magnetarmagnets.com\/et\/shop\/bulldog-500-kahepoolne-kalapuugimagnet-500-kg\/\" \/>\n<meta property=\"og:site_name\" content=\"Magnet fishing with a Magnetar fishing magnet\" \/>\n<meta property=\"article:publisher\" content=\"https:\/\/www.facebook.com\/fishingmagnets\/\" \/>\n<meta property=\"article:modified_time\" content=\"2026-04-04T18:19:24+00:00\" \/>\n<meta property=\"og:image\" content=\"https:\/\/magnetarmagnets.com\/wp-content\/uploads\/2020\/05\/FOTO1491.jpg\" \/>\n\t<meta property=\"og:image:width\" content=\"1000\" \/>\n\t<meta property=\"og:image:height\" content=\"1000\" \/>\n\t<meta property=\"og:image:type\" content=\"image\/jpeg\" \/>\n<meta name=\"twitter:card\" content=\"summary_large_image\" \/>\n<meta name=\"twitter:label1\" content=\"Est. reading time\" \/>\n\t<meta name=\"twitter:data1\" content=\"4 minutit\" \/>\n<script type=\"application\/ld+json\" class=\"yoast-schema-graph\">{\"@context\":\"https:\\\/\\\/schema.org\",\"@graph\":[{\"@type\":[\"WebPage\",\"ItemPage\"],\"@id\":\"https:\\\/\\\/magnetarmagnets.com\\\/et\\\/shop\\\/bulldog-500-kahepoolne-kalapuugimagnet-500-kg\\\/\",\"url\":\"https:\\\/\\\/magnetarmagnets.com\\\/et\\\/shop\\\/bulldog-500-kahepoolne-kalapuugimagnet-500-kg\\\/\",\"name\":\"Magnetari kahepoolne Bulldog 400 magnet\",\"isPartOf\":{\"@id\":\"https:\\\/\\\/magnetarmagnets.com\\\/et\\\/#website\"},\"primaryImageOfPage\":{\"@id\":\"https:\\\/\\\/magnetarmagnets.com\\\/et\\\/shop\\\/bulldog-500-kahepoolne-kalapuugimagnet-500-kg\\\/#primaryimage\"},\"image\":{\"@id\":\"https:\\\/\\\/magnetarmagnets.com\\\/et\\\/shop\\\/bulldog-500-kahepoolne-kalapuugimagnet-500-kg\\\/#primaryimage\"},\"thumbnailUrl\":\"https:\\\/\\\/magnetarmagnets.com\\\/wp-content\\\/uploads\\\/2020\\\/05\\\/FOTO1491.jpg\",\"datePublished\":\"2025-06-05T07:54:13+00:00\",\"dateModified\":\"2026-04-04T18:19:24+00:00\",\"description\":\"See t\u00f5mbej\u00f5ud on jaotatud kahe magneti vahel, kummagi t\u00f5mbej\u00f5ud on 250 kg: nii p\u00fc\u00fcdled alati 250 kg t\u00f5mbej\u00f5uga kummalgi k\u00fcljel.\",\"breadcrumb\":{\"@id\":\"https:\\\/\\\/magnetarmagnets.com\\\/et\\\/shop\\\/bulldog-500-kahepoolne-kalapuugimagnet-500-kg\\\/#breadcrumb\"},\"inLanguage\":\"et\",\"potentialAction\":[{\"@type\":\"ReadAction\",\"target\":[\"https:\\\/\\\/magnetarmagnets.com\\\/et\\\/shop\\\/bulldog-500-kahepoolne-kalapuugimagnet-500-kg\\\/\"]}]},{\"@type\":\"ImageObject\",\"inLanguage\":\"et\",\"@id\":\"https:\\\/\\\/magnetarmagnets.com\\\/et\\\/shop\\\/bulldog-500-kahepoolne-kalapuugimagnet-500-kg\\\/#primaryimage\",\"url\":\"https:\\\/\\\/magnetarmagnets.com\\\/wp-content\\\/uploads\\\/2020\\\/05\\\/FOTO1491.jpg\",\"contentUrl\":\"https:\\\/\\\/magnetarmagnets.com\\\/wp-content\\\/uploads\\\/2020\\\/05\\\/FOTO1491.jpg\",\"width\":1000,\"height\":1000,\"caption\":\"BULLDOG 500 fishing magnet\"},{\"@type\":\"BreadcrumbList\",\"@id\":\"https:\\\/\\\/magnetarmagnets.com\\\/et\\\/shop\\\/bulldog-500-kahepoolne-kalapuugimagnet-500-kg\\\/#breadcrumb\",\"itemListElement\":[{\"@type\":\"ListItem\",\"position\":1,\"name\":\"Home\",\"item\":\"https:\\\/\\\/magnetarmagnets.com\\\/et\\\/\"},{\"@type\":\"ListItem\",\"position\":2,\"name\":\"pood\",\"item\":\"https:\\\/\\\/magnetarmagnets.com\\\/et\\\/pood\\\/\"},{\"@type\":\"ListItem\",\"position\":3,\"name\":\"Otsingumagnetid\",\"item\":\"https:\\\/\\\/magnetarmagnets.com\\\/et\\\/collections\\\/otsingumagnetid\\\/\"},{\"@type\":\"ListItem\",\"position\":4,\"name\":\"Kahepoolse t\u00f5mbega otsingumagnetid\",\"item\":\"https:\\\/\\\/magnetarmagnets.com\\\/et\\\/collections\\\/otsingumagnetid\\\/kahepoolse-tombega-otsingumagnetid\\\/\"},{\"@type\":\"ListItem\",\"position\":5,\"name\":\"Bulldog 500 \u2013 kahepoolne neod\u00fc\u00fcmmagnet (500 kg)\"}]},{\"@type\":\"WebSite\",\"@id\":\"https:\\\/\\\/magnetarmagnets.com\\\/et\\\/#website\",\"url\":\"https:\\\/\\\/magnetarmagnets.com\\\/et\\\/\",\"name\":\"Magnet fishing with a Magnetar fishing magnet\",\"description\":\"Tugevad magnetid magnetp\u00fc\u00fcgiks\",\"publisher\":{\"@id\":\"https:\\\/\\\/magnetarmagnets.com\\\/et\\\/#organization\"},\"potentialAction\":[{\"@type\":\"SearchAction\",\"target\":{\"@type\":\"EntryPoint\",\"urlTemplate\":\"https:\\\/\\\/magnetarmagnets.com\\\/et\\\/?s={search_term_string}\"},\"query-input\":{\"@type\":\"PropertyValueSpecification\",\"valueRequired\":true,\"valueName\":\"search_term_string\"}}],\"inLanguage\":\"et\"},{\"@type\":\"Organization\",\"@id\":\"https:\\\/\\\/magnetarmagnets.com\\\/et\\\/#organization\",\"name\":\"Magnetar\",\"url\":\"https:\\\/\\\/magnetarmagnets.com\\\/et\\\/\",\"logo\":{\"@type\":\"ImageObject\",\"inLanguage\":\"et\",\"@id\":\"https:\\\/\\\/magnetarmagnets.com\\\/et\\\/#\\\/schema\\\/logo\\\/image\\\/\",\"url\":\"https:\\\/\\\/magnetarmagnets.com\\\/wp-content\\\/uploads\\\/2025\\\/05\\\/Logo-03_PNG-Black-scaled.png\",\"contentUrl\":\"https:\\\/\\\/magnetarmagnets.com\\\/wp-content\\\/uploads\\\/2025\\\/05\\\/Logo-03_PNG-Black-scaled.png\",\"width\":2560,\"height\":1658,\"caption\":\"Magnetar\"},\"image\":{\"@id\":\"https:\\\/\\\/magnetarmagnets.com\\\/et\\\/#\\\/schema\\\/logo\\\/image\\\/\"},\"sameAs\":[\"https:\\\/\\\/www.facebook.com\\\/fishingmagnets\\\/\",\"https:\\\/\\\/www.instagram.com\\\/magnetar_magnets\\\/\",\"https:\\\/\\\/www.linkedin.com\\\/company\\\/magnetarbv\\\/?originalSubdomain=nl\",\"https:\\\/\\\/www.youtube.com\\\/c\\\/MagnetarVismagneet\"]}]}<\/script>\n<!-- \/ Yoast SEO plugin. -->","yoast_head_json":{"title":"Magnetari kahepoolne Bulldog 400 magnet","description":"See t\u00f5mbej\u00f5ud on jaotatud kahe magneti vahel, kummagi t\u00f5mbej\u00f5ud on 250 kg: nii p\u00fc\u00fcdled alati 250 kg t\u00f5mbej\u00f5uga kummalgi k\u00fcljel.","robots":{"index":"index","follow":"follow","max-snippet":"max-snippet:-1","max-image-preview":"max-image-preview:large","max-video-preview":"max-video-preview:-1"},"canonical":"https:\/\/magnetarmagnets.com\/et\/shop\/bulldog-500-kahepoolne-kalapuugimagnet-500-kg\/","og_locale":"et_EE","og_type":"article","og_title":"Magnetari kahepoolne Bulldog 400 magnet","og_description":"See t\u00f5mbej\u00f5ud on jaotatud kahe magneti vahel, kummagi t\u00f5mbej\u00f5ud on 250 kg: nii p\u00fc\u00fcdled alati 250 kg t\u00f5mbej\u00f5uga kummalgi k\u00fcljel.","og_url":"https:\/\/magnetarmagnets.com\/et\/shop\/bulldog-500-kahepoolne-kalapuugimagnet-500-kg\/","og_site_name":"Magnet fishing with a Magnetar fishing magnet","article_publisher":"https:\/\/www.facebook.com\/fishingmagnets\/","article_modified_time":"2026-04-04T18:19:24+00:00","og_image":[{"width":1000,"height":1000,"url":"https:\/\/magnetarmagnets.com\/wp-content\/uploads\/2020\/05\/FOTO1491.jpg","type":"image\/jpeg"}],"twitter_card":"summary_large_image","twitter_misc":{"Est. reading time":"4 minutit"},"schema":{"@context":"https:\/\/schema.org","@graph":[{"@type":["WebPage","ItemPage"],"@id":"https:\/\/magnetarmagnets.com\/et\/shop\/bulldog-500-kahepoolne-kalapuugimagnet-500-kg\/","url":"https:\/\/magnetarmagnets.com\/et\/shop\/bulldog-500-kahepoolne-kalapuugimagnet-500-kg\/","name":"Magnetari kahepoolne Bulldog 400 magnet","isPartOf":{"@id":"https:\/\/magnetarmagnets.com\/et\/#website"},"primaryImageOfPage":{"@id":"https:\/\/magnetarmagnets.com\/et\/shop\/bulldog-500-kahepoolne-kalapuugimagnet-500-kg\/#primaryimage"},"image":{"@id":"https:\/\/magnetarmagnets.com\/et\/shop\/bulldog-500-kahepoolne-kalapuugimagnet-500-kg\/#primaryimage"},"thumbnailUrl":"https:\/\/magnetarmagnets.com\/wp-content\/uploads\/2020\/05\/FOTO1491.jpg","datePublished":"2025-06-05T07:54:13+00:00","dateModified":"2026-04-04T18:19:24+00:00","description":"See t\u00f5mbej\u00f5ud on jaotatud kahe magneti vahel, kummagi t\u00f5mbej\u00f5ud on 250 kg: nii p\u00fc\u00fcdled alati 250 kg t\u00f5mbej\u00f5uga kummalgi k\u00fcljel.","breadcrumb":{"@id":"https:\/\/magnetarmagnets.com\/et\/shop\/bulldog-500-kahepoolne-kalapuugimagnet-500-kg\/#breadcrumb"},"inLanguage":"et","potentialAction":[{"@type":"ReadAction","target":["https:\/\/magnetarmagnets.com\/et\/shop\/bulldog-500-kahepoolne-kalapuugimagnet-500-kg\/"]}]},{"@type":"ImageObject","inLanguage":"et","@id":"https:\/\/magnetarmagnets.com\/et\/shop\/bulldog-500-kahepoolne-kalapuugimagnet-500-kg\/#primaryimage","url":"https:\/\/magnetarmagnets.com\/wp-content\/uploads\/2020\/05\/FOTO1491.jpg","contentUrl":"https:\/\/magnetarmagnets.com\/wp-content\/uploads\/2020\/05\/FOTO1491.jpg","width":1000,"height":1000,"caption":"BULLDOG 500 fishing magnet"},{"@type":"BreadcrumbList","@id":"https:\/\/magnetarmagnets.com\/et\/shop\/bulldog-500-kahepoolne-kalapuugimagnet-500-kg\/#breadcrumb","itemListElement":[{"@type":"ListItem","position":1,"name":"Home","item":"https:\/\/magnetarmagnets.com\/et\/"},{"@type":"ListItem","position":2,"name":"pood","item":"https:\/\/magnetarmagnets.com\/et\/pood\/"},{"@type":"ListItem","position":3,"name":"Otsingumagnetid","item":"https:\/\/magnetarmagnets.com\/et\/collections\/otsingumagnetid\/"},{"@type":"ListItem","position":4,"name":"Kahepoolse t\u00f5mbega otsingumagnetid","item":"https:\/\/magnetarmagnets.com\/et\/collections\/otsingumagnetid\/kahepoolse-tombega-otsingumagnetid\/"},{"@type":"ListItem","position":5,"name":"Bulldog 500 \u2013 kahepoolne neod\u00fc\u00fcmmagnet (500 kg)"}]},{"@type":"WebSite","@id":"https:\/\/magnetarmagnets.com\/et\/#website","url":"https:\/\/magnetarmagnets.com\/et\/","name":"Magnet fishing with a Magnetar fishing magnet","description":"Tugevad magnetid magnetp\u00fc\u00fcgiks","publisher":{"@id":"https:\/\/magnetarmagnets.com\/et\/#organization"},"potentialAction":[{"@type":"SearchAction","target":{"@type":"EntryPoint","urlTemplate":"https:\/\/magnetarmagnets.com\/et\/?s={search_term_string}"},"query-input":{"@type":"PropertyValueSpecification","valueRequired":true,"valueName":"search_term_string"}}],"inLanguage":"et"},{"@type":"Organization","@id":"https:\/\/magnetarmagnets.com\/et\/#organization","name":"Magnetar","url":"https:\/\/magnetarmagnets.com\/et\/","logo":{"@type":"ImageObject","inLanguage":"et","@id":"https:\/\/magnetarmagnets.com\/et\/#\/schema\/logo\/image\/","url":"https:\/\/magnetarmagnets.com\/wp-content\/uploads\/2025\/05\/Logo-03_PNG-Black-scaled.png","contentUrl":"https:\/\/magnetarmagnets.com\/wp-content\/uploads\/2025\/05\/Logo-03_PNG-Black-scaled.png","width":2560,"height":1658,"caption":"Magnetar"},"image":{"@id":"https:\/\/magnetarmagnets.com\/et\/#\/schema\/logo\/image\/"},"sameAs":["https:\/\/www.facebook.com\/fishingmagnets\/","https:\/\/www.instagram.com\/magnetar_magnets\/","https:\/\/www.linkedin.com\/company\/magnetarbv\/?originalSubdomain=nl","https:\/\/www.youtube.com\/c\/MagnetarVismagneet"]}]}},"_links":{"self":[{"href":"https:\/\/magnetarmagnets.com\/et\/wp-json\/wp\/v2\/product\/81596","targetHints":{"allow":["GET"]}}],"collection":[{"href":"https:\/\/magnetarmagnets.com\/et\/wp-json\/wp\/v2\/product"}],"about":[{"href":"https:\/\/magnetarmagnets.com\/et\/wp-json\/wp\/v2\/types\/product"}],"replies":[{"embeddable":true,"href":"https:\/\/magnetarmagnets.com\/et\/wp-json\/wp\/v2\/comments?post=81596"}],"version-history":[{"count":1,"href":"https:\/\/magnetarmagnets.com\/et\/wp-json\/wp\/v2\/product\/81596\/revisions"}],"predecessor-version":[{"id":95385,"href":"https:\/\/magnetarmagnets.com\/et\/wp-json\/wp\/v2\/product\/81596\/revisions\/95385"}],"wp:featuredmedia":[{"embeddable":true,"href":"https:\/\/magnetarmagnets.com\/et\/wp-json\/wp\/v2\/media\/74131"}],"wp:attachment":[{"href":"https:\/\/magnetarmagnets.com\/et\/wp-json\/wp\/v2\/media?parent=81596"}],"wp:term":[{"taxonomy":"product_brand","embeddable":true,"href":"https:\/\/magnetarmagnets.com\/et\/wp-json\/wp\/v2\/product_brand?post=81596"},{"taxonomy":"product_cat","embeddable":true,"href":"https:\/\/magnetarmagnets.com\/et\/wp-json\/wp\/v2\/product_cat?post=81596"},{"taxonomy":"product_tag","embeddable":true,"href":"https:\/\/magnetarmagnets.com\/et\/wp-json\/wp\/v2\/product_tag?post=81596"}],"curies":[{"name":"wp","href":"https:\/\/api.w.org\/{rel}","templated":true}]}}