{"id":81594,"date":"2025-06-05T09:54:13","date_gmt":"2025-06-05T07:54:13","guid":{"rendered":"https:\/\/magnetarmagnets.com\/?post_type=product&#038;p=81594"},"modified":"2026-04-04T19:54:57","modified_gmt":"2026-04-04T17:54:57","slug":"kahepoolsed-kalapuugimagnetikomplekt-880-kg-bulldog","status":"publish","type":"product","link":"https:\/\/magnetarmagnets.com\/et\/shop\/kahepoolsed-kalapuugimagnetikomplekt-880-kg-bulldog\/","title":{"rendered":"Bulldog kahepoolne magnetp\u00fc\u00fcgikomplekt \u2013 880 kg"},"content":{"rendered":"Bulldog 800 abil hakkad kindlasti leidma k\u00f5ige unikaalsemaid veealuseid aardeid. See k\u00f5ik-\u00fches komplekt sisaldab k\u00f5ike, mida vajad soovimatute \u00fcllatuste v\u00e4ltimiseks veepiiril. Meie kahepoolne Bulldog 800 neod\u00fc\u00fcmmagnet, <a href=\"https:\/\/magnetarmagnets.com\/shop\/magnet-fishing-glove\/?v=796834e7a283\">kindad<\/a>, <a href=\"https:\/\/magnetarmagnets.com\/shop\/magnet-fishing-rope\/?v=796834e7a283\">magnetp\u00fc\u00fcginar<\/a> ja metalliliim on k\u00f5ik selle komplekti osad. Otsid 360\u00b0 k\u00f5ikeh\u00f5lmavat otsingumagnetit? Vaata meie <a href=\"https:\/\/magnetarmagnets.com\/shop\/fishmagnet-package-pro\/\"><strong>Pro Package<\/strong><\/a>.\r\n<h2>Bulldog 800 kahepoolne magnetp\u00fc\u00fcgimagnet<\/h2>\r\nK\u00f5igil meie Bulldog-seeria magnetp\u00fc\u00fcgimagnetitel on kaks magnetpoolt. Bulldog 800 kogut\u00f5mbej\u00f5ud on 1940 lbf \/ 880 kg, mis teeb 970 lbf \/ 440 kg \u00fche poole kohta. Rasked esemed nagu seifid, autoremondiosad ja liiklusm\u00e4rgid pole selle v\u00f5imsuse jaoks probleem. V\u00f5rreldes \u00fchepoolsusega suurendab kahe magnetpooliga disain m\u00e4rgatavalt aarde leidmise v\u00f5imalust.\r\n\r\nKahepoolseid magneteid saab kasutada mitmel viisil. Kas soovid magnetit vee all horisontaalselt l\u00e4bi t\u00f5mmata? Keera silmapolt magneti k\u00fclge. Tavaliselt annab see tehnika suurema t\u00f5en\u00e4osuse aarde k\u00fclge kinnituda. Magneti kaks magnetpoolt suunavad magnetj\u00f5u alati veealuse aarde poole. Puuduseks on, et horisontaalne liikumine rakendab esemetelt v\u00e4hem t\u00f5mbej\u00f5udu. Vertikaalne p\u00fc\u00fck tagab seevastu alati optimaalset magnetj\u00f5u.\r\n\r\nKui oled millegi peal ja soovid rakendada suuremat j\u00f5udu, v\u00f5ib silmapoldi paigaldada vertikaalselt. See v\u00f5imaldab tugevamat vertikaalset t\u00f5mbej\u00f5udu raskemate esemete \u00fclespoole t\u00f5stmiseks. Kahepoolsete magnetite mitmek\u00fclgne kasutus, mille k\u00fclge saab kinnitada magnetp\u00fc\u00fcginar, teeb neist meie k\u00f5ige multifunktsionaalsemad magnetid.\r\n\r\nKas oled algaja ja hindad selle magneti paindlikkust, kuid sooviksid veidi v\u00e4hem ekstreemset j\u00f5udu? Vaata <a href=\"https:\/\/magnetarmagnets.com\/shop\/bulldog-500-kit\/\"><strong>Bulldog 500<\/strong><\/a>, kahepoolne magnetp\u00fc\u00fcgimagnet kogut\u00f5mbej\u00f5uga 1100 lbf \/ 500 kg. Kas oled kuulnud meie 360-kraadisest k\u00f5ikeh\u00f5lmavast magnetist? <a href=\"https:\/\/magnetarmagnets.com\/shop\/exclusive-terror-magnet\/\"><strong>Terror<\/strong><\/a> on suurep\u00e4rane alternatiiv.\r\n<h2>K\u00f5rge kvaliteet<\/h2>\r\nK\u00f5ik Magnetari magnetp\u00fc\u00fcgimagnetid on valmistatud neod\u00fc\u00fcmmagnetist. See materjal tagab pikaajalise magnetj\u00f5u. \u00d5ige kasutuse ja hoiustamise korral kaotavad need magnetid oma j\u00f5ust vaid \u00fche protsendi 100 aasta jooksul. Just seet\u00f5ttu oleme kindlad, et pakume turu parimaid <a href=\"https:\/\/magnetarmagnets.com\/collections\/fishing-magnets\/\"><strong>magnetp\u00fc\u00fcgimagneteid<\/strong><\/a>.\r\n\r\nViimastel aastatel on turg \u00fcle ujutatud madala kvaliteediga toodetega. Paljud teiste m\u00fc\u00fcjate magnetp\u00fc\u00fcgimagnetid kaotavad j\u00f5u n\u00e4dalate jooksul. Sageli on need suurema m\u00f5\u00f5tmega, kuid madalama kvaliteediga neod\u00fc\u00fcmmagnetitest, mida turundatakse eksitavate reklaamidega. Tunduvad k\u00fcll odavad, kuid pikas perspektiivis j\u00e4tavad pettumuse.\r\n\r\nMagnetar on v\u00e4ike pereettev\u00f5te, mida ajendab t\u00f5eline magnetp\u00fc\u00fcgis\u00f5ltuvus. Kvaliteet on meie jaoks esmat\u00e4htis ja see peegeldub meie toodetes. K\u00f5ik meie magnetp\u00fc\u00fcgimagnetid on disainitud meie enda laboris, et tagada tipptasemel tooted. Otsid usaldusv\u00e4\u00e4rset, t\u00f5husat ja kvaliteetset magnetp\u00fc\u00fcgimagnetit? Vali Magnetar! Oleme p\u00fchendunud pakkuma Sulle <a href=\"https:\/\/magnetarmagnets.com\/\" target=\"_blank\" rel=\"noopener\">parimaid magnetp\u00fc\u00fcgimagneteid<\/a>.\r\n<h2>Hoiatus:<\/h2>\r\nMeie neod\u00fc\u00fcmmagnetp\u00fc\u00fcgimagnetid on v\u00e4ga v\u00f5imsad. See v\u00f5ib meelitada teisi esemeid suurel kiirusel magneti poole, mis v\u00f5ib p\u00f5hjustada potentsiaalselt ohtlikke olukordi, kus s\u00f5rmed v\u00f5ivad j\u00e4\u00e4da magneti ja eseme vahele. Soovitame k\u00e4sitleda neid magneteid alati ettevaatlikult ja r\u00f5hutame, et teed seda omal vastutusel. Loe enne kasutamist meie juhiseid.","protected":false},"excerpt":{"rendered":"<p>Vabasta oma aardealuste aardete otsimise potentsiaal Bulldog 800 abil \u2013 see v\u00f5imas kahtepoolselt t\u00f5mbav viskemagnetikomplekt omab kogut\u00f5mbej\u00f5udu kuni 880 kg. Kas oled valmis sukelduma? Telli kohe ja alusta oma magnetp\u00fc\u00fcgi seiklust juba t\u00e4na!<\/p>\n","protected":false},"featured_media":72548,"comment_status":"open","ping_status":"closed","template":"","meta":{"_acf_changed":false,"inline_featured_image":false},"product_brand":[],"product_cat":[496,414,497,493,416,498],"product_tag":[],"class_list":{"0":"post-81594","1":"product","2":"type-product","3":"status-publish","4":"has-post-thumbnail","6":"product_cat-kahepoolse-tombega-otsingumagnetid","7":"product_cat-kogenud-seiklejatele","8":"product_cat-otsingumagneti-komplekt","9":"product_cat-otsingumagnetid","10":"product_cat-professionaalidele","11":"product_cat-tugevaimad-otsingumagneti","13":"first","14":"instock","15":"sale","16":"taxable","17":"shipping-taxable","18":"purchasable","19":"product-type-simple"},"acf":[],"yoast_head":"<!-- This site is optimized with the Yoast SEO plugin v27.4 - https:\/\/yoast.com\/product\/yoast-seo-wordpress\/ -->\n<title>Bulldog kahepoolne magnetp\u00fc\u00fcgikomplekt \u2013 880 kg - Magnet fishing with a Magnetar fishing magnet<\/title>\n<meta name=\"description\" content=\"Kahepoolne magnetp\u00fc\u00fcgikomplekt \u2013 880 kg \u2013 Bulldog \u2013 Magnetar\" \/>\n<meta name=\"robots\" content=\"index, follow, max-snippet:-1, max-image-preview:large, max-video-preview:-1\" \/>\n<link rel=\"canonical\" href=\"https:\/\/magnetarmagnets.com\/et\/shop\/kahepoolsed-kalapuugimagnetikomplekt-880-kg-bulldog\/\" \/>\n<meta property=\"og:locale\" content=\"et_EE\" \/>\n<meta property=\"og:type\" content=\"article\" \/>\n<meta property=\"og:title\" content=\"Bulldog kahepoolne magnetp\u00fc\u00fcgikomplekt \u2013 880 kg - Magnet fishing with a Magnetar fishing magnet\" \/>\n<meta property=\"og:description\" content=\"Kahepoolne magnetp\u00fc\u00fcgikomplekt \u2013 880 kg \u2013 Bulldog \u2013 Magnetar\" \/>\n<meta property=\"og:url\" content=\"https:\/\/magnetarmagnets.com\/et\/shop\/kahepoolsed-kalapuugimagnetikomplekt-880-kg-bulldog\/\" \/>\n<meta property=\"og:site_name\" content=\"Magnet fishing with a Magnetar fishing magnet\" \/>\n<meta property=\"article:publisher\" content=\"https:\/\/www.facebook.com\/fishingmagnets\/\" \/>\n<meta property=\"article:modified_time\" content=\"2026-04-04T17:54:57+00:00\" \/>\n<meta property=\"og:image\" content=\"https:\/\/magnetarmagnets.com\/wp-content\/uploads\/2021\/10\/MAGNETAR-BULLDOG-800-KIT-GOOGLE.jpg\" \/>\n\t<meta property=\"og:image:width\" content=\"1500\" \/>\n\t<meta property=\"og:image:height\" content=\"1500\" \/>\n\t<meta property=\"og:image:type\" content=\"image\/jpeg\" \/>\n<meta name=\"twitter:card\" content=\"summary_large_image\" \/>\n<meta name=\"twitter:label1\" content=\"Est. reading time\" \/>\n\t<meta name=\"twitter:data1\" content=\"3 minutit\" \/>\n<script type=\"application\/ld+json\" class=\"yoast-schema-graph\">{\"@context\":\"https:\\\/\\\/schema.org\",\"@graph\":[{\"@type\":[\"WebPage\",\"ItemPage\"],\"@id\":\"https:\\\/\\\/magnetarmagnets.com\\\/et\\\/shop\\\/kahepoolsed-kalapuugimagnetikomplekt-880-kg-bulldog\\\/\",\"url\":\"https:\\\/\\\/magnetarmagnets.com\\\/et\\\/shop\\\/kahepoolsed-kalapuugimagnetikomplekt-880-kg-bulldog\\\/\",\"name\":\"Bulldog kahepoolne magnetp\u00fc\u00fcgikomplekt \u2013 880 kg - Magnet fishing with a Magnetar fishing magnet\",\"isPartOf\":{\"@id\":\"https:\\\/\\\/magnetarmagnets.com\\\/et\\\/#website\"},\"primaryImageOfPage\":{\"@id\":\"https:\\\/\\\/magnetarmagnets.com\\\/et\\\/shop\\\/kahepoolsed-kalapuugimagnetikomplekt-880-kg-bulldog\\\/#primaryimage\"},\"image\":{\"@id\":\"https:\\\/\\\/magnetarmagnets.com\\\/et\\\/shop\\\/kahepoolsed-kalapuugimagnetikomplekt-880-kg-bulldog\\\/#primaryimage\"},\"thumbnailUrl\":\"https:\\\/\\\/magnetarmagnets.com\\\/wp-content\\\/uploads\\\/2021\\\/10\\\/MAGNETAR-BULLDOG-800-KIT-GOOGLE.jpg\",\"datePublished\":\"2025-06-05T07:54:13+00:00\",\"dateModified\":\"2026-04-04T17:54:57+00:00\",\"description\":\"Kahepoolne magnetp\u00fc\u00fcgikomplekt \u2013 880 kg \u2013 Bulldog \u2013 Magnetar\",\"breadcrumb\":{\"@id\":\"https:\\\/\\\/magnetarmagnets.com\\\/et\\\/shop\\\/kahepoolsed-kalapuugimagnetikomplekt-880-kg-bulldog\\\/#breadcrumb\"},\"inLanguage\":\"et\",\"potentialAction\":[{\"@type\":\"ReadAction\",\"target\":[\"https:\\\/\\\/magnetarmagnets.com\\\/et\\\/shop\\\/kahepoolsed-kalapuugimagnetikomplekt-880-kg-bulldog\\\/\"]}]},{\"@type\":\"ImageObject\",\"inLanguage\":\"et\",\"@id\":\"https:\\\/\\\/magnetarmagnets.com\\\/et\\\/shop\\\/kahepoolsed-kalapuugimagnetikomplekt-880-kg-bulldog\\\/#primaryimage\",\"url\":\"https:\\\/\\\/magnetarmagnets.com\\\/wp-content\\\/uploads\\\/2021\\\/10\\\/MAGNETAR-BULLDOG-800-KIT-GOOGLE.jpg\",\"contentUrl\":\"https:\\\/\\\/magnetarmagnets.com\\\/wp-content\\\/uploads\\\/2021\\\/10\\\/MAGNETAR-BULLDOG-800-KIT-GOOGLE.jpg\",\"width\":1500,\"height\":1500,\"caption\":\"MAGNETAR-BULLDOG-800-KIT\"},{\"@type\":\"BreadcrumbList\",\"@id\":\"https:\\\/\\\/magnetarmagnets.com\\\/et\\\/shop\\\/kahepoolsed-kalapuugimagnetikomplekt-880-kg-bulldog\\\/#breadcrumb\",\"itemListElement\":[{\"@type\":\"ListItem\",\"position\":1,\"name\":\"Home\",\"item\":\"https:\\\/\\\/magnetarmagnets.com\\\/et\\\/\"},{\"@type\":\"ListItem\",\"position\":2,\"name\":\"pood\",\"item\":\"https:\\\/\\\/magnetarmagnets.com\\\/et\\\/pood\\\/\"},{\"@type\":\"ListItem\",\"position\":3,\"name\":\"Otsingumagnetid\",\"item\":\"https:\\\/\\\/magnetarmagnets.com\\\/et\\\/collections\\\/otsingumagnetid\\\/\"},{\"@type\":\"ListItem\",\"position\":4,\"name\":\"Kahepoolse t\u00f5mbega otsingumagnetid\",\"item\":\"https:\\\/\\\/magnetarmagnets.com\\\/et\\\/collections\\\/otsingumagnetid\\\/kahepoolse-tombega-otsingumagnetid\\\/\"},{\"@type\":\"ListItem\",\"position\":5,\"name\":\"Bulldog kahepoolne magnetp\u00fc\u00fcgikomplekt \u2013 880 kg\"}]},{\"@type\":\"WebSite\",\"@id\":\"https:\\\/\\\/magnetarmagnets.com\\\/et\\\/#website\",\"url\":\"https:\\\/\\\/magnetarmagnets.com\\\/et\\\/\",\"name\":\"Magnet fishing with a Magnetar fishing magnet\",\"description\":\"Tugevad magnetid magnetp\u00fc\u00fcgiks\",\"publisher\":{\"@id\":\"https:\\\/\\\/magnetarmagnets.com\\\/et\\\/#organization\"},\"potentialAction\":[{\"@type\":\"SearchAction\",\"target\":{\"@type\":\"EntryPoint\",\"urlTemplate\":\"https:\\\/\\\/magnetarmagnets.com\\\/et\\\/?s={search_term_string}\"},\"query-input\":{\"@type\":\"PropertyValueSpecification\",\"valueRequired\":true,\"valueName\":\"search_term_string\"}}],\"inLanguage\":\"et\"},{\"@type\":\"Organization\",\"@id\":\"https:\\\/\\\/magnetarmagnets.com\\\/et\\\/#organization\",\"name\":\"Magnetar\",\"url\":\"https:\\\/\\\/magnetarmagnets.com\\\/et\\\/\",\"logo\":{\"@type\":\"ImageObject\",\"inLanguage\":\"et\",\"@id\":\"https:\\\/\\\/magnetarmagnets.com\\\/et\\\/#\\\/schema\\\/logo\\\/image\\\/\",\"url\":\"https:\\\/\\\/magnetarmagnets.com\\\/wp-content\\\/uploads\\\/2025\\\/05\\\/Logo-03_PNG-Black-scaled.png\",\"contentUrl\":\"https:\\\/\\\/magnetarmagnets.com\\\/wp-content\\\/uploads\\\/2025\\\/05\\\/Logo-03_PNG-Black-scaled.png\",\"width\":2560,\"height\":1658,\"caption\":\"Magnetar\"},\"image\":{\"@id\":\"https:\\\/\\\/magnetarmagnets.com\\\/et\\\/#\\\/schema\\\/logo\\\/image\\\/\"},\"sameAs\":[\"https:\\\/\\\/www.facebook.com\\\/fishingmagnets\\\/\",\"https:\\\/\\\/www.instagram.com\\\/magnetar_magnets\\\/\",\"https:\\\/\\\/www.linkedin.com\\\/company\\\/magnetarbv\\\/?originalSubdomain=nl\",\"https:\\\/\\\/www.youtube.com\\\/c\\\/MagnetarVismagneet\"]}]}<\/script>\n<!-- \/ Yoast SEO plugin. -->","yoast_head_json":{"title":"Bulldog kahepoolne magnetp\u00fc\u00fcgikomplekt \u2013 880 kg - Magnet fishing with a Magnetar fishing magnet","description":"Kahepoolne magnetp\u00fc\u00fcgikomplekt \u2013 880 kg \u2013 Bulldog \u2013 Magnetar","robots":{"index":"index","follow":"follow","max-snippet":"max-snippet:-1","max-image-preview":"max-image-preview:large","max-video-preview":"max-video-preview:-1"},"canonical":"https:\/\/magnetarmagnets.com\/et\/shop\/kahepoolsed-kalapuugimagnetikomplekt-880-kg-bulldog\/","og_locale":"et_EE","og_type":"article","og_title":"Bulldog kahepoolne magnetp\u00fc\u00fcgikomplekt \u2013 880 kg - Magnet fishing with a Magnetar fishing magnet","og_description":"Kahepoolne magnetp\u00fc\u00fcgikomplekt \u2013 880 kg \u2013 Bulldog \u2013 Magnetar","og_url":"https:\/\/magnetarmagnets.com\/et\/shop\/kahepoolsed-kalapuugimagnetikomplekt-880-kg-bulldog\/","og_site_name":"Magnet fishing with a Magnetar fishing magnet","article_publisher":"https:\/\/www.facebook.com\/fishingmagnets\/","article_modified_time":"2026-04-04T17:54:57+00:00","og_image":[{"width":1500,"height":1500,"url":"https:\/\/magnetarmagnets.com\/wp-content\/uploads\/2021\/10\/MAGNETAR-BULLDOG-800-KIT-GOOGLE.jpg","type":"image\/jpeg"}],"twitter_card":"summary_large_image","twitter_misc":{"Est. reading time":"3 minutit"},"schema":{"@context":"https:\/\/schema.org","@graph":[{"@type":["WebPage","ItemPage"],"@id":"https:\/\/magnetarmagnets.com\/et\/shop\/kahepoolsed-kalapuugimagnetikomplekt-880-kg-bulldog\/","url":"https:\/\/magnetarmagnets.com\/et\/shop\/kahepoolsed-kalapuugimagnetikomplekt-880-kg-bulldog\/","name":"Bulldog kahepoolne magnetp\u00fc\u00fcgikomplekt \u2013 880 kg - Magnet fishing with a Magnetar fishing magnet","isPartOf":{"@id":"https:\/\/magnetarmagnets.com\/et\/#website"},"primaryImageOfPage":{"@id":"https:\/\/magnetarmagnets.com\/et\/shop\/kahepoolsed-kalapuugimagnetikomplekt-880-kg-bulldog\/#primaryimage"},"image":{"@id":"https:\/\/magnetarmagnets.com\/et\/shop\/kahepoolsed-kalapuugimagnetikomplekt-880-kg-bulldog\/#primaryimage"},"thumbnailUrl":"https:\/\/magnetarmagnets.com\/wp-content\/uploads\/2021\/10\/MAGNETAR-BULLDOG-800-KIT-GOOGLE.jpg","datePublished":"2025-06-05T07:54:13+00:00","dateModified":"2026-04-04T17:54:57+00:00","description":"Kahepoolne magnetp\u00fc\u00fcgikomplekt \u2013 880 kg \u2013 Bulldog \u2013 Magnetar","breadcrumb":{"@id":"https:\/\/magnetarmagnets.com\/et\/shop\/kahepoolsed-kalapuugimagnetikomplekt-880-kg-bulldog\/#breadcrumb"},"inLanguage":"et","potentialAction":[{"@type":"ReadAction","target":["https:\/\/magnetarmagnets.com\/et\/shop\/kahepoolsed-kalapuugimagnetikomplekt-880-kg-bulldog\/"]}]},{"@type":"ImageObject","inLanguage":"et","@id":"https:\/\/magnetarmagnets.com\/et\/shop\/kahepoolsed-kalapuugimagnetikomplekt-880-kg-bulldog\/#primaryimage","url":"https:\/\/magnetarmagnets.com\/wp-content\/uploads\/2021\/10\/MAGNETAR-BULLDOG-800-KIT-GOOGLE.jpg","contentUrl":"https:\/\/magnetarmagnets.com\/wp-content\/uploads\/2021\/10\/MAGNETAR-BULLDOG-800-KIT-GOOGLE.jpg","width":1500,"height":1500,"caption":"MAGNETAR-BULLDOG-800-KIT"},{"@type":"BreadcrumbList","@id":"https:\/\/magnetarmagnets.com\/et\/shop\/kahepoolsed-kalapuugimagnetikomplekt-880-kg-bulldog\/#breadcrumb","itemListElement":[{"@type":"ListItem","position":1,"name":"Home","item":"https:\/\/magnetarmagnets.com\/et\/"},{"@type":"ListItem","position":2,"name":"pood","item":"https:\/\/magnetarmagnets.com\/et\/pood\/"},{"@type":"ListItem","position":3,"name":"Otsingumagnetid","item":"https:\/\/magnetarmagnets.com\/et\/collections\/otsingumagnetid\/"},{"@type":"ListItem","position":4,"name":"Kahepoolse t\u00f5mbega otsingumagnetid","item":"https:\/\/magnetarmagnets.com\/et\/collections\/otsingumagnetid\/kahepoolse-tombega-otsingumagnetid\/"},{"@type":"ListItem","position":5,"name":"Bulldog kahepoolne magnetp\u00fc\u00fcgikomplekt \u2013 880 kg"}]},{"@type":"WebSite","@id":"https:\/\/magnetarmagnets.com\/et\/#website","url":"https:\/\/magnetarmagnets.com\/et\/","name":"Magnet fishing with a Magnetar fishing magnet","description":"Tugevad magnetid magnetp\u00fc\u00fcgiks","publisher":{"@id":"https:\/\/magnetarmagnets.com\/et\/#organization"},"potentialAction":[{"@type":"SearchAction","target":{"@type":"EntryPoint","urlTemplate":"https:\/\/magnetarmagnets.com\/et\/?s={search_term_string}"},"query-input":{"@type":"PropertyValueSpecification","valueRequired":true,"valueName":"search_term_string"}}],"inLanguage":"et"},{"@type":"Organization","@id":"https:\/\/magnetarmagnets.com\/et\/#organization","name":"Magnetar","url":"https:\/\/magnetarmagnets.com\/et\/","logo":{"@type":"ImageObject","inLanguage":"et","@id":"https:\/\/magnetarmagnets.com\/et\/#\/schema\/logo\/image\/","url":"https:\/\/magnetarmagnets.com\/wp-content\/uploads\/2025\/05\/Logo-03_PNG-Black-scaled.png","contentUrl":"https:\/\/magnetarmagnets.com\/wp-content\/uploads\/2025\/05\/Logo-03_PNG-Black-scaled.png","width":2560,"height":1658,"caption":"Magnetar"},"image":{"@id":"https:\/\/magnetarmagnets.com\/et\/#\/schema\/logo\/image\/"},"sameAs":["https:\/\/www.facebook.com\/fishingmagnets\/","https:\/\/www.instagram.com\/magnetar_magnets\/","https:\/\/www.linkedin.com\/company\/magnetarbv\/?originalSubdomain=nl","https:\/\/www.youtube.com\/c\/MagnetarVismagneet"]}]}},"_links":{"self":[{"href":"https:\/\/magnetarmagnets.com\/et\/wp-json\/wp\/v2\/product\/81594","targetHints":{"allow":["GET"]}}],"collection":[{"href":"https:\/\/magnetarmagnets.com\/et\/wp-json\/wp\/v2\/product"}],"about":[{"href":"https:\/\/magnetarmagnets.com\/et\/wp-json\/wp\/v2\/types\/product"}],"replies":[{"embeddable":true,"href":"https:\/\/magnetarmagnets.com\/et\/wp-json\/wp\/v2\/comments?post=81594"}],"version-history":[{"count":0,"href":"https:\/\/magnetarmagnets.com\/et\/wp-json\/wp\/v2\/product\/81594\/revisions"}],"wp:featuredmedia":[{"embeddable":true,"href":"https:\/\/magnetarmagnets.com\/et\/wp-json\/wp\/v2\/media\/72548"}],"wp:attachment":[{"href":"https:\/\/magnetarmagnets.com\/et\/wp-json\/wp\/v2\/media?parent=81594"}],"wp:term":[{"taxonomy":"product_brand","embeddable":true,"href":"https:\/\/magnetarmagnets.com\/et\/wp-json\/wp\/v2\/product_brand?post=81594"},{"taxonomy":"product_cat","embeddable":true,"href":"https:\/\/magnetarmagnets.com\/et\/wp-json\/wp\/v2\/product_cat?post=81594"},{"taxonomy":"product_tag","embeddable":true,"href":"https:\/\/magnetarmagnets.com\/et\/wp-json\/wp\/v2\/product_tag?post=81594"}],"curies":[{"name":"wp","href":"https:\/\/api.w.org\/{rel}","templated":true}]}}