{"id":81589,"date":"2025-06-05T09:54:15","date_gmt":"2025-06-05T07:54:15","guid":{"rendered":"https:\/\/magnetarmagnets.com\/?post_type=product&#038;p=81589"},"modified":"2026-05-16T20:49:28","modified_gmt":"2026-05-16T18:49:28","slug":"magnetkalapuugi-ong-3-meetrit","status":"publish","type":"product","link":"https:\/\/magnetarmagnets.com\/et\/shop\/magnetkalapuugi-ong-3-meetrit\/","title":{"rendered":"Magnetiline kalap\u00fc\u00fcgivarda &#8211; 3 meetrit \/ 10 Ft"},"content":{"rendered":"\t\t<div data-elementor-type=\"product-post\" data-elementor-id=\"81589\" class=\"elementor elementor-81589 elementor-66936\" data-elementor-post-type=\"product\">\n\t\t\t\t<div class=\"elementor-element elementor-element-4850acb7 e-con-full e-flex e-con e-parent\" data-id=\"4850acb7\" data-element_type=\"container\" data-e-type=\"container\" data-settings=\"{&quot;background_background&quot;:&quot;classic&quot;,&quot;animation_mobile&quot;:&quot;fadeInUp&quot;}\">\n\t\t\t\t<\/div>\n\t\t<div class=\"elementor-element elementor-element-10fd1d8d e-con-full e-flex e-con e-parent\" data-id=\"10fd1d8d\" data-element_type=\"container\" data-e-type=\"container\" data-settings=\"{&quot;background_background&quot;:&quot;classic&quot;,&quot;animation_mobile&quot;:&quot;fadeInUp&quot;}\">\n\t\t\t\t<div class=\"elementor-element elementor-element-76e1c9e2 elementor-hidden-desktop elementor-widget elementor-widget-spacer\" data-id=\"76e1c9e2\" data-element_type=\"widget\" data-e-type=\"widget\" data-widget_type=\"spacer.default\">\n\t\t\t\t\t\t\t<div class=\"elementor-spacer\">\n\t\t\t<div class=\"elementor-spacer-inner\"><\/div>\n\t\t<\/div>\n\t\t\t\t\t\t<\/div>\n\t\t\t\t<div class=\"elementor-element elementor-element-1b4ae00f elementor-widget elementor-widget-text-editor\" data-id=\"1b4ae00f\" data-element_type=\"widget\" data-e-type=\"widget\" data-settings=\"{&quot;_animation_mobile&quot;:&quot;slideInLeft&quot;}\" data-widget_type=\"text-editor.default\">\n\t\t\t\t\t\t\t\t\t<p data-start=\"0\" data-end=\"410\">Magnetar\u00ae Magnetic Fishing Pole &#8220;Lange Jan&#8221; aitab teil j\u00f5uda leidudele, mis on tavalise viske jaoks liiga s\u00fcgaval. Sa suunad oma magnetit suurema kontrolliga ja sihite objektid, mis on peidetud muda, lehtede v\u00f5i okste alla. Mast jaguneb eraldi osadeks, nii et saate seda h\u00f5lpsasti kaasas kanda ja transportida. Praktiline t\u00f6\u00f6riist magnetkalastajatele, kes otsivad kaldalt v\u00f5i astuvad madalasse vette.<\/p>\t\t\t\t\t\t\t\t<\/div>\n\t\t\t\t<\/div>\n\t\t<div class=\"elementor-element elementor-element-2728d1f9 e-flex e-con-boxed e-con e-parent\" data-id=\"2728d1f9\" data-element_type=\"container\" data-e-type=\"container\">\n\t\t\t\t\t<div class=\"e-con-inner\">\n\t\t\t\t<div class=\"elementor-element elementor-element-527fdd7b elementor-widget elementor-widget-spacer\" data-id=\"527fdd7b\" data-element_type=\"widget\" data-e-type=\"widget\" data-widget_type=\"spacer.default\">\n\t\t\t\t\t\t\t<div class=\"elementor-spacer\">\n\t\t\t<div class=\"elementor-spacer-inner\"><\/div>\n\t\t<\/div>\n\t\t\t\t\t\t<\/div>\n\t\t\t\t\t<\/div>\n\t\t\t\t<\/div>\n\t\t<div class=\"elementor-element elementor-element-7e18ce87 e-con-full e-flex e-con e-parent\" data-id=\"7e18ce87\" data-element_type=\"container\" data-e-type=\"container\" data-settings=\"{&quot;background_background&quot;:&quot;classic&quot;,&quot;animation_mobile&quot;:&quot;fadeInUp&quot;}\">\n\t\t\t\t<\/div>\n\t\t<div class=\"elementor-element elementor-element-26770d73 e-flex e-con-boxed e-con e-parent\" data-id=\"26770d73\" data-element_type=\"container\" data-e-type=\"container\" data-settings=\"{&quot;background_background&quot;:&quot;classic&quot;,&quot;animation_mobile&quot;:&quot;fadeInUp&quot;}\">\n\t\t\t\t\t<div class=\"e-con-inner\">\n\t\t\t\t<div class=\"elementor-element elementor-element-4efeaacc elementor-widget elementor-widget-text-editor\" data-id=\"4efeaacc\" data-element_type=\"widget\" data-e-type=\"widget\" data-settings=\"{&quot;_animation_mobile&quot;:&quot;none&quot;}\" data-widget_type=\"text-editor.default\">\n\t\t\t\t\t\t\t\t\t<p data-start=\"461\" data-end=\"749\">Kasutage Lange Jani, kui teie magnetk\u00f6iest ei piisa. Poolus annab teile parema kontrolli selle \u00fcle, kuhu teie magnet maandub, ja aitab teil t\u00f6\u00f6tada \u00fcmber p\u00f5hjas olevate takistuste. Ideaalne s\u00fcgavamates kohtades, kus metallesemed on maetud v\u00f5i neid on raske otse t\u00f5sta.<br><br>Kalastusvarda saab kasutada koos enamiku Magnetari otsingumagnetitega. <a href=\"https:\/\/magnetarmagnets.com\/shop\/classic-fishing-magnet-880lb-400kg\/\">Classic Otsingumagnet 400,<\/a> <a href=\"https:\/\/magnetarmagnets.com\/shop\/classic-fishing-magnet-1100lb-500kg\/\">Classic Otsingumagnet 500, Bulldog<\/a> <a href=\"https:\/\/magnetarmagnets.com\/shop\/bulldog-500-double-sided\/\">500, Bulldog 800,<\/a> <a href=\"https:\/\/magnetarmagnets.com\/shop\/bulldog-800-double-sided\/\">CUBE ja<\/a> <a href=\"https:\/\/magnetarmagnets.com\/shop\/cube\/\">MEGACUBE \u00fchendused ei<\/a> <a href=\"https:\/\/magnetarmagnets.com\/it\/shop\/kit-megacube-2700-kg-magnete-da-pesca-360-a-blocco\/\">vasta varda \u00fchendusele<\/a>. Seet\u00f5ttu ei saa neid otsingumagnete kasutada koos masti.<\/p>\t\t\t\t\t\t\t\t<\/div>\n\t\t\t\t<div class=\"elementor-element elementor-element-527b4bfc elementor-widget elementor-widget-spacer\" data-id=\"527b4bfc\" data-element_type=\"widget\" data-e-type=\"widget\" data-widget_type=\"spacer.default\">\n\t\t\t\t\t\t\t<div class=\"elementor-spacer\">\n\t\t\t<div class=\"elementor-spacer-inner\"><\/div>\n\t\t<\/div>\n\t\t\t\t\t\t<\/div>\n\t\t\t\t\t<\/div>\n\t\t\t\t<\/div>\n\t\t<div class=\"elementor-element elementor-element-22c4c52f e-flex e-con-boxed e-con e-parent\" data-id=\"22c4c52f\" data-element_type=\"container\" data-e-type=\"container\" data-settings=\"{&quot;animation_mobile&quot;:&quot;fadeInUp&quot;}\">\n\t\t\t\t\t<div class=\"e-con-inner\">\n\t\t<div class=\"elementor-element elementor-element-5827e670 e-con-full e-flex e-con e-child\" data-id=\"5827e670\" data-element_type=\"container\" data-e-type=\"container\" data-settings=\"{&quot;background_background&quot;:&quot;classic&quot;}\">\n\t\t\t\t<\/div>\n\t\t<div class=\"elementor-element elementor-element-61532025 e-con-full e-flex e-con e-child\" data-id=\"61532025\" data-element_type=\"container\" data-e-type=\"container\">\n\t\t\t\t<div class=\"elementor-element elementor-element-7bb48f11 elementor-widget elementor-widget-text-editor\" data-id=\"7bb48f11\" data-element_type=\"widget\" data-e-type=\"widget\" data-settings=\"{&quot;_animation_mobile&quot;:&quot;slideInLeft&quot;}\" data-widget_type=\"text-editor.default\">\n\t\t\t\t\t\t\t\t\t<p data-start=\"751\" data-end=\"970\">See varras on m\u00f5eldud magnetkalastajatele, kes soovivad otsida t\u00e4psemalt. Saate sondeerida kaldalt v\u00f5i veest ja j\u00f5uda sinna, kuhu tavaline viskamine ei j\u00f5ua.<\/p>\t\t\t\t\t\t\t\t<\/div>\n\t\t\t\t<div class=\"elementor-element elementor-element-8993d31 elementor-widget elementor-widget-text-editor\" data-id=\"8993d31\" data-element_type=\"widget\" data-e-type=\"widget\" data-widget_type=\"text-editor.default\">\n\t\t\t\t\t\t\t\t\t<p data-start=\"972\" data-end=\"1105\">Sektsiooniline konstruktsioon muudab transportimise lihtsaks. V\u00f5tke see lahti, hoidke seda kompaktselt ja viige see h\u00f5lpsasti autos j\u00e4rgmisesse kohta.<\/p>\t\t\t\t\t\t\t\t<\/div>\n\t\t\t\t<div class=\"elementor-element elementor-element-5f8a8493 elementor-widget elementor-widget-spacer\" data-id=\"5f8a8493\" data-element_type=\"widget\" data-e-type=\"widget\" data-widget_type=\"spacer.default\">\n\t\t\t\t\t\t\t<div class=\"elementor-spacer\">\n\t\t\t<div class=\"elementor-spacer-inner\"><\/div>\n\t\t<\/div>\n\t\t\t\t\t\t<\/div>\n\t\t\t\t<\/div>\n\t\t\t\t\t<\/div>\n\t\t\t\t<\/div>\n\t\t<div class=\"elementor-element elementor-element-1f4bc329 e-flex e-con-boxed e-con e-parent\" data-id=\"1f4bc329\" data-element_type=\"container\" data-e-type=\"container\" data-settings=\"{&quot;animation_mobile&quot;:&quot;fadeInUp&quot;}\">\n\t\t\t\t\t<div class=\"e-con-inner\">\n\t\t\t\t<div class=\"elementor-element elementor-element-5f8a09d0 elementor-widget elementor-widget-heading\" data-id=\"5f8a09d0\" data-element_type=\"widget\" data-e-type=\"widget\" data-settings=\"{&quot;_animation_mobile&quot;:&quot;slideInLeft&quot;}\" data-widget_type=\"heading.default\">\n\t\t\t\t\t<h2 class=\"elementor-heading-title elementor-size-default\">Miks valida?<\/h2>\t\t\t\t<\/div>\n\t\t\t\t\t<\/div>\n\t\t\t\t<\/div>\n\t\t<div class=\"elementor-element elementor-element-6272d976 e-flex e-con-boxed e-con e-parent\" data-id=\"6272d976\" data-element_type=\"container\" data-e-type=\"container\" data-settings=\"{&quot;background_background&quot;:&quot;classic&quot;,&quot;animation_mobile&quot;:&quot;fadeInUp&quot;}\">\n\t\t\t\t\t<div class=\"e-con-inner\">\n\t\t\t\t\t<\/div>\n\t\t\t\t<\/div>\n\t\t<div class=\"elementor-element elementor-element-fd8ddae e-flex e-con-boxed e-con e-parent\" data-id=\"fd8ddae\" data-element_type=\"container\" data-e-type=\"container\" data-settings=\"{&quot;animation_mobile&quot;:&quot;fadeInUp&quot;}\">\n\t\t\t\t\t<div class=\"e-con-inner\">\n\t\t\t\t<div class=\"elementor-element elementor-element-16dc3630 elementor-widget elementor-widget-spacer\" data-id=\"16dc3630\" data-element_type=\"widget\" data-e-type=\"widget\" data-widget_type=\"spacer.default\">\n\t\t\t\t\t\t\t<div class=\"elementor-spacer\">\n\t\t\t<div class=\"elementor-spacer-inner\"><\/div>\n\t\t<\/div>\n\t\t\t\t\t\t<\/div>\n\t\t\t\t<div class=\"elementor-element elementor-element-4491b9ac elementor-widget elementor-widget-text-editor\" data-id=\"4491b9ac\" data-element_type=\"widget\" data-e-type=\"widget\" data-settings=\"{&quot;_animation_mobile&quot;:&quot;slideInLeft&quot;}\" data-widget_type=\"text-editor.default\">\n\t\t\t\t\t\t\t\t\t<p><svg fill=\"none\" viewbox=\"0 0 24 24\" stroke-width=\"1.5\" stroke=\"currentColor\" style=\"width:18px;height:18px;vertical-align:middle;margin-right:6px;\"> <path stroke-linecap=\"round\" stroke-linejoin=\"round\" d=\"M9 12.75 11.25 15 15 9.75M21 12a9 9 0 1 1-18 0 9 9 0 0 1 18 0Z\"><\/path> <\/svg><strong>3 meetri pikkune<\/strong><br>T\u00e4iendav ulatus s\u00fcgavamate ja raskemini tabatavate kohtade jaoks.<\/p> <p><svg fill=\"none\" viewbox=\"0 0 24 24\" stroke-width=\"1.5\" stroke=\"currentColor\" style=\"width:18px;height:18px;vertical-align:middle;margin-right:6px;\"> <path stroke-linecap=\"round\" stroke-linejoin=\"round\" d=\"M9 12.75 11.25 15 15 9.75M21 12a9 9 0 1 1-18 0 9 9 0 0 1 18 0Z\"><\/path> <\/svg><strong>T\u00e4pne kontroll<\/strong><br>Suunake oma magnet t\u00e4psemalt peidetud leidudele.<\/p> <p><svg fill=\"none\" viewbox=\"0 0 24 24\" stroke-width=\"1.5\" stroke=\"currentColor\" style=\"width:18px;height:18px;vertical-align:middle;margin-right:6px;\"> <path stroke-linecap=\"round\" stroke-linejoin=\"round\" d=\"M9 12.75 11.25 15 15 9.75M21 12a9 9 0 1 1-18 0 9 9 0 0 1 18 0Z\"><\/path> <\/svg><strong>S\u00fcgavate objektide puhul<\/strong><br>Kasulik leidude puhul, mis on kaetud muda, lehtede v\u00f5i okstega.<\/p> <p><svg fill=\"none\" viewbox=\"0 0 24 24\" stroke-width=\"1.5\" stroke=\"currentColor\" style=\"width:18px;height:18px;vertical-align:middle;margin-right:6px;\"> <path stroke-linecap=\"round\" stroke-linejoin=\"round\" d=\"M9 12.75 11.25 15 15 9.75M21 12a9 9 0 1 1-18 0 9 9 0 0 1 18 0Z\"><\/path> <\/svg><strong>Kalda v\u00f5i vesi<\/strong><br>T\u00f6\u00f6tab h\u00e4sti kaldalt v\u00f5i madalas vees.<\/p> <p><svg fill=\"none\" viewbox=\"0 0 24 24\" stroke-width=\"1.5\" stroke=\"currentColor\" style=\"width:18px;height:18px;vertical-align:middle;margin-right:6px;\"> <path stroke-linecap=\"round\" stroke-linejoin=\"round\" d=\"M9 12.75 11.25 15 15 9.75M21 12a9 9 0 1 1-18 0 9 9 0 0 1 18 0Z\"><\/path> <\/svg><strong>Easy transport<\/strong><br>Lahtiv\u00f5etav osadeks, et seda saaks kompaktselt hoiustada ja reisida.<\/p> <p><svg fill=\"none\" viewbox=\"0 0 24 24\" stroke-width=\"1.5\" stroke=\"currentColor\" style=\"width:18px;height:18px;vertical-align:middle;margin-right:6px;\"> <path stroke-linecap=\"round\" stroke-linejoin=\"round\" d=\"M9 12.75 11.25 15 15 9.75M21 12a9 9 0 1 1-18 0 9 9 0 0 1 18 0Z\"><\/path> <\/svg><strong>Algaja s\u00f5bralik<\/strong><br>Lihtne kasutada, ka v\u00e4hem kogenud magnetkalastajatele.<\/p> <p><svg fill=\"none\" viewbox=\"0 0 24 24\" stroke-width=\"1.5\" stroke=\"currentColor\" style=\"width:18px;height:18px;vertical-align:middle;margin-right:6px;\"> <path stroke-linecap=\"round\" stroke-linejoin=\"round\" d=\"M9 12.75 11.25 15 15 9.75M21 12a9 9 0 1 1-18 0 9 9 0 0 1 18 0Z\"><\/path> <\/svg><strong>Lisaseadmete uuendamine<\/strong><br>Lisab uusi otsinguv\u00f5imalusi lisaks tavap\u00e4rasele k\u00f6iep\u00fc\u00fcgile.<\/p>\t\t\t\t\t\t\t\t<\/div>\n\t\t\t\t\t<\/div>\n\t\t\t\t<\/div>\n\t\t\t\t<\/div>\n\t\t","protected":false},"excerpt":{"rendered":"<p>Magnetar\u00ae <strong>magnetilise kalap\u00fc\u00fcgivarda<\/strong> abil <strong>suunad<\/strong> oma magnetiga <strong>t\u00e4pselt<\/strong> s\u00fcgavale <strong>peituvaid<\/strong> aardeid!<\/p>\n","protected":false},"featured_media":72352,"comment_status":"open","ping_status":"closed","template":"","meta":{"_acf_changed":false,"inline_featured_image":false},"product_brand":[],"product_cat":[64,709,707],"product_tag":[],"class_list":{"0":"post-81589","1":"product","2":"type-product","3":"status-publish","4":"has-post-thumbnail","6":"product_cat-all-products","7":"product_cat-magnet-fishing-gear","8":"product_cat-gear","10":"first","11":"instock","12":"sale","13":"taxable","14":"shipping-taxable","15":"purchasable","16":"product-type-simple"},"acf":[],"yoast_head":"<!-- This site is optimized with the Yoast SEO plugin v27.6 - https:\/\/yoast.com\/product\/yoast-seo-wordpress\/ -->\n<title>Magnetiline kalap\u00fc\u00fcgivarda - 3 meetrit \/ 10 Ft - Magnet fishing with a Magnetar fishing magnet<\/title>\n<meta name=\"description\" content=\"Magnetic Fishing Pole - Essential gear by Magnetar\" \/>\n<meta name=\"robots\" content=\"index, follow, max-snippet:-1, max-image-preview:large, max-video-preview:-1\" \/>\n<link rel=\"canonical\" href=\"https:\/\/magnetarmagnets.com\/et\/shop\/magnetkalapuugi-ong-3-meetrit\/\" \/>\n<meta property=\"og:locale\" content=\"et_EE\" \/>\n<meta property=\"og:type\" content=\"article\" \/>\n<meta property=\"og:title\" content=\"Magnetiline kalap\u00fc\u00fcgivarda - 3 meetrit \/ 10 Ft - Magnet fishing with a Magnetar fishing magnet\" \/>\n<meta property=\"og:description\" content=\"Magnetic Fishing Pole - Essential gear by Magnetar\" \/>\n<meta property=\"og:url\" content=\"https:\/\/magnetarmagnets.com\/et\/shop\/magnetkalapuugi-ong-3-meetrit\/\" \/>\n<meta property=\"og:site_name\" content=\"Magnet fishing with a Magnetar fishing magnet\" \/>\n<meta property=\"article:publisher\" content=\"https:\/\/www.facebook.com\/fishingmagnets\/\" \/>\n<meta property=\"article:modified_time\" content=\"2026-05-16T18:49:28+00:00\" \/>\n<meta property=\"og:image\" content=\"https:\/\/magnetarmagnets.com\/wp-content\/uploads\/2020\/12\/P1001679.jpg\" \/>\n\t<meta property=\"og:image:width\" content=\"1000\" \/>\n\t<meta property=\"og:image:height\" content=\"1000\" \/>\n\t<meta property=\"og:image:type\" content=\"image\/jpeg\" \/>\n<meta name=\"twitter:card\" content=\"summary_large_image\" \/>\n<meta name=\"twitter:label1\" content=\"Est. reading time\" \/>\n\t<meta name=\"twitter:data1\" content=\"2 minutit\" \/>\n<script type=\"application\/ld+json\" class=\"yoast-schema-graph\">{\"@context\":\"https:\\\/\\\/schema.org\",\"@graph\":[{\"@type\":[\"WebPage\",\"ItemPage\"],\"@id\":\"https:\\\/\\\/magnetarmagnets.com\\\/et\\\/shop\\\/magnetkalapuugi-ong-3-meetrit\\\/\",\"url\":\"https:\\\/\\\/magnetarmagnets.com\\\/et\\\/shop\\\/magnetkalapuugi-ong-3-meetrit\\\/\",\"name\":\"Magnetiline kalap\u00fc\u00fcgivarda - 3 meetrit \\\/ 10 Ft - Magnet fishing with a Magnetar fishing magnet\",\"isPartOf\":{\"@id\":\"https:\\\/\\\/magnetarmagnets.com\\\/et\\\/#website\"},\"primaryImageOfPage\":{\"@id\":\"https:\\\/\\\/magnetarmagnets.com\\\/et\\\/shop\\\/magnetkalapuugi-ong-3-meetrit\\\/#primaryimage\"},\"image\":{\"@id\":\"https:\\\/\\\/magnetarmagnets.com\\\/et\\\/shop\\\/magnetkalapuugi-ong-3-meetrit\\\/#primaryimage\"},\"thumbnailUrl\":\"https:\\\/\\\/magnetarmagnets.com\\\/wp-content\\\/uploads\\\/2020\\\/12\\\/P1001679.jpg\",\"datePublished\":\"2025-06-05T07:54:15+00:00\",\"dateModified\":\"2026-05-16T18:49:28+00:00\",\"description\":\"Magnetic Fishing Pole - Essential gear by Magnetar\",\"breadcrumb\":{\"@id\":\"https:\\\/\\\/magnetarmagnets.com\\\/et\\\/shop\\\/magnetkalapuugi-ong-3-meetrit\\\/#breadcrumb\"},\"inLanguage\":\"et\",\"potentialAction\":[{\"@type\":\"ReadAction\",\"target\":[\"https:\\\/\\\/magnetarmagnets.com\\\/et\\\/shop\\\/magnetkalapuugi-ong-3-meetrit\\\/\"]}]},{\"@type\":\"ImageObject\",\"inLanguage\":\"et\",\"@id\":\"https:\\\/\\\/magnetarmagnets.com\\\/et\\\/shop\\\/magnetkalapuugi-ong-3-meetrit\\\/#primaryimage\",\"url\":\"https:\\\/\\\/magnetarmagnets.com\\\/wp-content\\\/uploads\\\/2020\\\/12\\\/P1001679.jpg\",\"contentUrl\":\"https:\\\/\\\/magnetarmagnets.com\\\/wp-content\\\/uploads\\\/2020\\\/12\\\/P1001679.jpg\",\"width\":1000,\"height\":1000,\"caption\":\"Magnetic Fishing Spike, Magnetiline spike Lange Jan, magnetiline pulk,\"},{\"@type\":\"BreadcrumbList\",\"@id\":\"https:\\\/\\\/magnetarmagnets.com\\\/et\\\/shop\\\/magnetkalapuugi-ong-3-meetrit\\\/#breadcrumb\",\"itemListElement\":[{\"@type\":\"ListItem\",\"position\":1,\"name\":\"Home\",\"item\":\"https:\\\/\\\/magnetarmagnets.com\\\/et\\\/\"},{\"@type\":\"ListItem\",\"position\":2,\"name\":\"pood\",\"item\":\"https:\\\/\\\/magnetarmagnets.com\\\/et\\\/pood\\\/\"},{\"@type\":\"ListItem\",\"position\":3,\"name\":\"K\u00f5ik tooted\",\"item\":\"https:\\\/\\\/magnetarmagnets.com\\\/et\\\/collections\\\/koik-tooted\\\/\"},{\"@type\":\"ListItem\",\"position\":4,\"name\":\"Magnetiline kalap\u00fc\u00fcgivarda &#8211; 3 meetrit \\\/ 10 Ft\"}]},{\"@type\":\"WebSite\",\"@id\":\"https:\\\/\\\/magnetarmagnets.com\\\/et\\\/#website\",\"url\":\"https:\\\/\\\/magnetarmagnets.com\\\/et\\\/\",\"name\":\"Magnet fishing with a Magnetar fishing magnet\",\"description\":\"Tugevad magnetid magnetp\u00fc\u00fcgiks\",\"publisher\":{\"@id\":\"https:\\\/\\\/magnetarmagnets.com\\\/et\\\/#organization\"},\"potentialAction\":[{\"@type\":\"SearchAction\",\"target\":{\"@type\":\"EntryPoint\",\"urlTemplate\":\"https:\\\/\\\/magnetarmagnets.com\\\/et\\\/?s={search_term_string}\"},\"query-input\":{\"@type\":\"PropertyValueSpecification\",\"valueRequired\":true,\"valueName\":\"search_term_string\"}}],\"inLanguage\":\"et\"},{\"@type\":\"Organization\",\"@id\":\"https:\\\/\\\/magnetarmagnets.com\\\/et\\\/#organization\",\"name\":\"Magnetar\",\"url\":\"https:\\\/\\\/magnetarmagnets.com\\\/et\\\/\",\"logo\":{\"@type\":\"ImageObject\",\"inLanguage\":\"et\",\"@id\":\"https:\\\/\\\/magnetarmagnets.com\\\/et\\\/#\\\/schema\\\/logo\\\/image\\\/\",\"url\":\"https:\\\/\\\/magnetarmagnets.com\\\/wp-content\\\/uploads\\\/2025\\\/05\\\/Logo-03_PNG-Black-scaled.png\",\"contentUrl\":\"https:\\\/\\\/magnetarmagnets.com\\\/wp-content\\\/uploads\\\/2025\\\/05\\\/Logo-03_PNG-Black-scaled.png\",\"width\":2560,\"height\":1658,\"caption\":\"Magnetar\"},\"image\":{\"@id\":\"https:\\\/\\\/magnetarmagnets.com\\\/et\\\/#\\\/schema\\\/logo\\\/image\\\/\"},\"sameAs\":[\"https:\\\/\\\/www.facebook.com\\\/fishingmagnets\\\/\",\"https:\\\/\\\/www.instagram.com\\\/magnetar_magnets\\\/\",\"https:\\\/\\\/www.linkedin.com\\\/company\\\/magnetarbv\\\/?originalSubdomain=nl\",\"https:\\\/\\\/www.youtube.com\\\/c\\\/MagnetarVismagneet\"]}]}<\/script>\n<!-- \/ Yoast SEO plugin. -->","yoast_head_json":{"title":"Magnetiline kalap\u00fc\u00fcgivarda - 3 meetrit \/ 10 Ft - Magnet fishing with a Magnetar fishing magnet","description":"Magnetic Fishing Pole - Essential gear by Magnetar","robots":{"index":"index","follow":"follow","max-snippet":"max-snippet:-1","max-image-preview":"max-image-preview:large","max-video-preview":"max-video-preview:-1"},"canonical":"https:\/\/magnetarmagnets.com\/et\/shop\/magnetkalapuugi-ong-3-meetrit\/","og_locale":"et_EE","og_type":"article","og_title":"Magnetiline kalap\u00fc\u00fcgivarda - 3 meetrit \/ 10 Ft - Magnet fishing with a Magnetar fishing magnet","og_description":"Magnetic Fishing Pole - Essential gear by Magnetar","og_url":"https:\/\/magnetarmagnets.com\/et\/shop\/magnetkalapuugi-ong-3-meetrit\/","og_site_name":"Magnet fishing with a Magnetar fishing magnet","article_publisher":"https:\/\/www.facebook.com\/fishingmagnets\/","article_modified_time":"2026-05-16T18:49:28+00:00","og_image":[{"width":1000,"height":1000,"url":"https:\/\/magnetarmagnets.com\/wp-content\/uploads\/2020\/12\/P1001679.jpg","type":"image\/jpeg"}],"twitter_card":"summary_large_image","twitter_misc":{"Est. reading time":"2 minutit"},"schema":{"@context":"https:\/\/schema.org","@graph":[{"@type":["WebPage","ItemPage"],"@id":"https:\/\/magnetarmagnets.com\/et\/shop\/magnetkalapuugi-ong-3-meetrit\/","url":"https:\/\/magnetarmagnets.com\/et\/shop\/magnetkalapuugi-ong-3-meetrit\/","name":"Magnetiline kalap\u00fc\u00fcgivarda - 3 meetrit \/ 10 Ft - Magnet fishing with a Magnetar fishing magnet","isPartOf":{"@id":"https:\/\/magnetarmagnets.com\/et\/#website"},"primaryImageOfPage":{"@id":"https:\/\/magnetarmagnets.com\/et\/shop\/magnetkalapuugi-ong-3-meetrit\/#primaryimage"},"image":{"@id":"https:\/\/magnetarmagnets.com\/et\/shop\/magnetkalapuugi-ong-3-meetrit\/#primaryimage"},"thumbnailUrl":"https:\/\/magnetarmagnets.com\/wp-content\/uploads\/2020\/12\/P1001679.jpg","datePublished":"2025-06-05T07:54:15+00:00","dateModified":"2026-05-16T18:49:28+00:00","description":"Magnetic Fishing Pole - Essential gear by Magnetar","breadcrumb":{"@id":"https:\/\/magnetarmagnets.com\/et\/shop\/magnetkalapuugi-ong-3-meetrit\/#breadcrumb"},"inLanguage":"et","potentialAction":[{"@type":"ReadAction","target":["https:\/\/magnetarmagnets.com\/et\/shop\/magnetkalapuugi-ong-3-meetrit\/"]}]},{"@type":"ImageObject","inLanguage":"et","@id":"https:\/\/magnetarmagnets.com\/et\/shop\/magnetkalapuugi-ong-3-meetrit\/#primaryimage","url":"https:\/\/magnetarmagnets.com\/wp-content\/uploads\/2020\/12\/P1001679.jpg","contentUrl":"https:\/\/magnetarmagnets.com\/wp-content\/uploads\/2020\/12\/P1001679.jpg","width":1000,"height":1000,"caption":"Magnetic Fishing Spike, Magnetiline spike Lange Jan, magnetiline pulk,"},{"@type":"BreadcrumbList","@id":"https:\/\/magnetarmagnets.com\/et\/shop\/magnetkalapuugi-ong-3-meetrit\/#breadcrumb","itemListElement":[{"@type":"ListItem","position":1,"name":"Home","item":"https:\/\/magnetarmagnets.com\/et\/"},{"@type":"ListItem","position":2,"name":"pood","item":"https:\/\/magnetarmagnets.com\/et\/pood\/"},{"@type":"ListItem","position":3,"name":"K\u00f5ik tooted","item":"https:\/\/magnetarmagnets.com\/et\/collections\/koik-tooted\/"},{"@type":"ListItem","position":4,"name":"Magnetiline kalap\u00fc\u00fcgivarda &#8211; 3 meetrit \/ 10 Ft"}]},{"@type":"WebSite","@id":"https:\/\/magnetarmagnets.com\/et\/#website","url":"https:\/\/magnetarmagnets.com\/et\/","name":"Magnet fishing with a Magnetar fishing magnet","description":"Tugevad magnetid magnetp\u00fc\u00fcgiks","publisher":{"@id":"https:\/\/magnetarmagnets.com\/et\/#organization"},"potentialAction":[{"@type":"SearchAction","target":{"@type":"EntryPoint","urlTemplate":"https:\/\/magnetarmagnets.com\/et\/?s={search_term_string}"},"query-input":{"@type":"PropertyValueSpecification","valueRequired":true,"valueName":"search_term_string"}}],"inLanguage":"et"},{"@type":"Organization","@id":"https:\/\/magnetarmagnets.com\/et\/#organization","name":"Magnetar","url":"https:\/\/magnetarmagnets.com\/et\/","logo":{"@type":"ImageObject","inLanguage":"et","@id":"https:\/\/magnetarmagnets.com\/et\/#\/schema\/logo\/image\/","url":"https:\/\/magnetarmagnets.com\/wp-content\/uploads\/2025\/05\/Logo-03_PNG-Black-scaled.png","contentUrl":"https:\/\/magnetarmagnets.com\/wp-content\/uploads\/2025\/05\/Logo-03_PNG-Black-scaled.png","width":2560,"height":1658,"caption":"Magnetar"},"image":{"@id":"https:\/\/magnetarmagnets.com\/et\/#\/schema\/logo\/image\/"},"sameAs":["https:\/\/www.facebook.com\/fishingmagnets\/","https:\/\/www.instagram.com\/magnetar_magnets\/","https:\/\/www.linkedin.com\/company\/magnetarbv\/?originalSubdomain=nl","https:\/\/www.youtube.com\/c\/MagnetarVismagneet"]}]}},"_links":{"self":[{"href":"https:\/\/magnetarmagnets.com\/et\/wp-json\/wp\/v2\/product\/81589","targetHints":{"allow":["GET"]}}],"collection":[{"href":"https:\/\/magnetarmagnets.com\/et\/wp-json\/wp\/v2\/product"}],"about":[{"href":"https:\/\/magnetarmagnets.com\/et\/wp-json\/wp\/v2\/types\/product"}],"replies":[{"embeddable":true,"href":"https:\/\/magnetarmagnets.com\/et\/wp-json\/wp\/v2\/comments?post=81589"}],"version-history":[{"count":2,"href":"https:\/\/magnetarmagnets.com\/et\/wp-json\/wp\/v2\/product\/81589\/revisions"}],"predecessor-version":[{"id":99431,"href":"https:\/\/magnetarmagnets.com\/et\/wp-json\/wp\/v2\/product\/81589\/revisions\/99431"}],"wp:featuredmedia":[{"embeddable":true,"href":"https:\/\/magnetarmagnets.com\/et\/wp-json\/wp\/v2\/media\/72352"}],"wp:attachment":[{"href":"https:\/\/magnetarmagnets.com\/et\/wp-json\/wp\/v2\/media?parent=81589"}],"wp:term":[{"taxonomy":"product_brand","embeddable":true,"href":"https:\/\/magnetarmagnets.com\/et\/wp-json\/wp\/v2\/product_brand?post=81589"},{"taxonomy":"product_cat","embeddable":true,"href":"https:\/\/magnetarmagnets.com\/et\/wp-json\/wp\/v2\/product_cat?post=81589"},{"taxonomy":"product_tag","embeddable":true,"href":"https:\/\/magnetarmagnets.com\/et\/wp-json\/wp\/v2\/product_tag?post=81589"}],"curies":[{"name":"wp","href":"https:\/\/api.w.org\/{rel}","templated":true}]}}